{"id":1833,"date":"2024-09-23T21:42:26","date_gmt":"2024-09-23T14:42:26","guid":{"rendered":"https:\/\/omanivietnam.com\/?post_type=product&#038;p=1833"},"modified":"2024-09-23T21:44:09","modified_gmt":"2024-09-23T14:44:09","slug":"carel-pjezs0g000","status":"publish","type":"product","link":"https:\/\/sipin.com.vn\/index.php\/product\/carel-pjezs0g000\/","title":{"rendered":"CAREL PJEZS0G000"},"content":{"rendered":"<p>CAREL PJEZS0G000<\/p>\n<p id=\"tab-label-product.info.description\" class=\"data item title\" role=\"tab\" data-role=\"title\" aria-controls=\"product.info.description\" aria-expanded=\"true\"><span id=\"tab-label-product.info.description-title\" class=\"data switch\" data-toggle=\"switch\">Overview<\/span><\/p>\n<div id=\"product.info.description\" class=\"data item content\" role=\"tabpanel\" data-role=\"content\" aria-labelledby=\"tab-label-product.info.description\" aria-hidden=\"false\">\n<div class=\"product attribute description\">\n<div class=\"value\">\n<p>PJEZ 230VAC 2HP 8A IND. AUX 2NTC 1DI BUZ REMOVABLE TERM. RED DISPL.<\/p>\n<h3 class=\"mb24 product-detail--h3\">Description<\/h3>\n<div class=\"wysiwyg\" data-toggle-item=\"group-ContentDescription\">\n<p><strong>easy<\/strong>\u00a0is a range of electronic microprocessor controllers with LED display for controlling cooling equipment, refrigerated display cabinets and refrigeration units. The device can be turned on and off via the digital input and directly via the keyboard. The touch keyboard is fully flat and therefore easy to clean. This ensures maximum hygiene that is HACCP compliant.<\/p>\n<p><strong>easy model S:<\/strong><br \/>\nIdeal solution for controlling refrigeration equipment with static compressors and without evaporator fans at operating temperatures in the plus range (above 0 \u00b0C). This model handles the functions of temperature display thermometer and an electronic thermostat that activates a compressor (or electronic valve for power rack systems) in order to maintain the desired<br \/>\ntemperature. It also features compressor protection algorithms and automatic defrosting using forced deactivation of the compressor.<\/p>\n<\/div>\n<hr \/>\n<h3 class=\"mb24 product-detail--h3\">Features<\/h3>\n<div class=\"wysiwyg\">\n<ul>\n<li>Ergonomic keyboard with 3 polycarbonate keys<\/li>\n<li>Key lock to prevent unauthorised usage<\/li>\n<li>Password protected access to configuration parameters<\/li>\n<li>Number display: -199 to 999<\/li>\n<li>Decimal point<\/li>\n<li>Display units in \u00b0C or \u00b0F<\/li>\n<li>LED display colour: red<\/li>\n<li>In-built or removable terminals<\/li>\n<li>Rear or front panel installation<\/li>\n<\/ul>\n<\/div>\n<h2 id=\"tab-label-product.attributes\" class=\"data item title\" role=\"tab\" data-role=\"title\" aria-controls=\"product.attributes\" aria-expanded=\"true\"><span id=\"tab-label-product.attributes-title\" class=\"data switch\" data-toggle=\"switch\">Specifications<\/span><\/h2>\n<div id=\"product.attributes\" class=\"data item content\" role=\"tabpanel\" data-role=\"content\" aria-labelledby=\"tab-label-product.attributes\" aria-hidden=\"false\">\n<div class=\"additional-attributes-wrapper table-wrapper\">\n<table id=\"product-attribute-specs-table\" class=\"data table additional-attributes\">\n<caption class=\"table-caption\">More Information<\/caption>\n<tbody>\n<tr>\n<th class=\"col label\" scope=\"row\">Manufacturer<\/th>\n<td class=\"col data\" data-th=\"Manufacturer\">Carel<\/td>\n<\/tr>\n<tr>\n<th class=\"col label\" scope=\"row\">Product Type<\/th>\n<td class=\"col data\" data-th=\"Product Type\">Refrigeration<\/td>\n<\/tr>\n<tr>\n<th class=\"col label\" scope=\"row\">Product Length<\/th>\n<td class=\"col data\" data-th=\"Product Length\">3.05 inches (7.747 cm)<\/td>\n<\/tr>\n<tr>\n<th class=\"col label\" scope=\"row\">Product Width<\/th>\n<td class=\"col data\" data-th=\"Product Width\">2.7 inches (6.858 cm)<\/td>\n<\/tr>\n<tr>\n<th class=\"col label\" scope=\"row\">Product Height<\/th>\n<td class=\"col data\" data-th=\"Product Height\">1.35 inches (3.429 cm)<\/td>\n<\/tr>\n<tr>\n<th class=\"col label\" scope=\"row\">Product Weight<\/th>\n<td class=\"col data\" data-th=\"Product Weight\">0.33 lbs (0.150 kg)<\/td>\n<\/tr>\n<tr>\n<th class=\"col label\" scope=\"row\">Material<\/th>\n<td class=\"col data\" data-th=\"Material\">Plastic<\/td>\n<\/tr>\n<tr>\n<th class=\"col label\" scope=\"row\">Color<\/th>\n<td class=\"col data\" data-th=\"Color\">Black<\/td>\n<\/tr>\n<tr>\n<th class=\"col label\" scope=\"row\">Electrical Input<\/th>\n<td class=\"col data\" data-th=\"Electrical Input\">240 VAC<\/td>\n<\/tr>\n<tr>\n<th class=\"col label\" scope=\"row\">Country of Manufacture<\/th>\n<td class=\"col data\" data-th=\"Country of Manufacture\">Brazil<\/td>\n<\/tr>\n<tr>\n<th class=\"col label\" scope=\"row\">Shipping Length<\/th>\n<td class=\"col data\" data-th=\"Shipping Length\">4.95 inches (12.573 cm)<\/td>\n<\/tr>\n<tr>\n<th class=\"col label\" scope=\"row\">Shipping Width<\/th>\n<td class=\"col data\" data-th=\"Shipping Width\">4.75 inches (12.065 cm)<\/td>\n<\/tr>\n<tr>\n<th class=\"col label\" scope=\"row\">Shipping Height<\/th>\n<td class=\"col data\" data-th=\"Shipping Height\">2.55 inches (6.477 cm)<\/td>\n<\/tr>\n<\/tbody>\n<\/table>\n<\/div>\n<div id=\"product.attributes\" class=\"data item content\" role=\"tabpanel\" data-role=\"content\" aria-labelledby=\"tab-label-product.attributes\" aria-hidden=\"false\">\n<p>C\u00e1c s\u1ea3n ph\u1ea9m t\u01b0\u01a1ng t\u1ef1<\/p>\n<p><span class=\"base\" data-ui-id=\"page-title-wrapper\">Carel SPKT0021C0 Pressure Transducer<\/span><\/p>\n<p class=\"page-title\"><span class=\"base\" data-ui-id=\"page-title-wrapper\">Carel SPKT0011C0 Pressure Transducer<\/span><\/p>\n<p class=\"page-title\"><span class=\"base\" data-ui-id=\"page-title-wrapper\">Carel SPKT0041C0 Pressure Transducer<\/span><\/p>\n<p class=\"page-title\"><span class=\"base\" data-ui-id=\"page-title-wrapper\">Carel SPKT0031C0 Pressure Transducer<\/span><\/p>\n<p class=\"page-title\"><span class=\"base\" data-ui-id=\"page-title-wrapper\">Carel SPKT00B1C0 Pressure Transducer<\/span><\/p>\n<p class=\"page-title\"><span class=\"base\" data-ui-id=\"page-title-wrapper\">Carel SPKT00G1C0 Pressure Transducer<\/span><\/p>\n<\/div>\n<p>SPKT0021CO. SPKTOOF1S0. SPKTOOB6P0. SPKT0051S0. SPKT0033RO. SPKT0021C3. SPKTOOF3PO. SPKT00B6RO. SPKT0053PO. SPKT0033R1. SPKT0021DO. SPKTOOF3RO<\/p>\n<p>\u0110\u1ea1i l\u00fd CAREL vietnam, CAREL viet nam, CAREL vietnam distributor, Ph\u00e2n ph\u1ed1i CAREL t\u1ea1i vi\u1ec7t nam<\/p>\n<p>\u0110\u1ea1i l\u00fd CAREL vietnam, CAREL viet nam, CAREL vietnam distributor, Ph\u00e2n ph\u1ed1i CAREL t\u1ea1i vi\u1ec7t nam<\/p>\n<p>\u0110\u1ea1i l\u00fd CAREL vietnam, CAREL viet nam, CAREL vietnam distributor, Ph\u00e2n ph\u1ed1i CAREL t\u1ea1i vi\u1ec7t nam<\/p>\n<p>\u0110\u1ea1i l\u00fd CAREL vietnam, CAREL viet nam, CAREL vietnam distributor, Ph\u00e2n ph\u1ed1i CAREL t\u1ea1i vi\u1ec7t nam<\/p>\n<p>\u0110\u1ea1i l\u00fd CAREL vietnam, CAREL viet nam, CAREL vietnam distributor, Ph\u00e2n ph\u1ed1i CAREL t\u1ea1i vi\u1ec7t nam<\/p>\n<\/div>\n<\/div>\n<\/div>\n<\/div>\n","protected":false},"excerpt":{"rendered":"<p>CAREL PJEZS0G000 Overview PJEZ 230VAC 2HP 8A IND. AUX 2NTC 1DI BUZ REMOVABLE TERM. RED DISPL. Description easy\u00a0is a range of electronic microprocessor controllers with LED display for controlling cooling equipment, refrigerated display cabinets and refrigeration units. The device can be turned on and off via the digital input and&hellip; <\/p>\n","protected":false},"featured_media":1834,"comment_status":"open","ping_status":"closed","template":"","meta":{"om_disable_all_campaigns":false,"_monsterinsights_skip_tracking":false,"_monsterinsights_sitenote_active":false,"_monsterinsights_sitenote_note":"","_monsterinsights_sitenote_category":0},"product_cat":[15],"product_tag":[475,383,384],"class_list":{"0":"post-1833","1":"product","2":"type-product","3":"status-publish","4":"has-post-thumbnail","6":"product_cat-apex","7":"product_tag-bo-on-nhiet","8":"product_tag-carel-viet-nam","9":"product_tag-dai-ly-carel-viet-nam","11":"first","12":"instock","13":"shipping-taxable","14":"product-type-simple"},"aioseo_notices":[],"yoast_head":"<!-- This site is optimized with the Yoast SEO plugin v22.8 - https:\/\/yoast.com\/wordpress\/plugins\/seo\/ -->\n<title>CAREL PJEZS0G000 - OMANI VI\u1ec6T NAM<\/title>\n<meta name=\"robots\" content=\"index, follow, max-snippet:-1, max-image-preview:large, max-video-preview:-1\" \/>\n<link rel=\"canonical\" href=\"https:\/\/sipin.com.vn\/index.php\/product\/carel-pjezs0g000\/\" \/>\n<meta property=\"og:locale\" content=\"vi_VN\" \/>\n<meta property=\"og:type\" content=\"article\" \/>\n<meta property=\"og:title\" content=\"CAREL PJEZS0G000 - OMANI VI\u1ec6T NAM\" \/>\n<meta property=\"og:description\" content=\"CAREL PJEZS0G000 Overview PJEZ 230VAC 2HP 8A IND. AUX 2NTC 1DI BUZ REMOVABLE TERM. RED DISPL. Description easy\u00a0is a range of electronic microprocessor controllers with LED display for controlling cooling equipment, refrigerated display cabinets and refrigeration units. The device can be turned on and off via the digital input and&hellip;\" \/>\n<meta property=\"og:url\" content=\"https:\/\/sipin.com.vn\/index.php\/product\/carel-pjezs0g000\/\" \/>\n<meta property=\"og:site_name\" content=\"OMANI VI\u1ec6T NAM\" \/>\n<meta property=\"article:modified_time\" content=\"2024-09-23T14:44:09+00:00\" \/>\n<meta property=\"og:image\" content=\"https:\/\/sipin.com.vn\/wp-content\/uploads\/2024\/09\/PJEZS0G000.png\" \/>\n\t<meta property=\"og:image:width\" content=\"565\" \/>\n\t<meta property=\"og:image:height\" content=\"483\" \/>\n\t<meta property=\"og:image:type\" content=\"image\/png\" \/>\n<meta name=\"twitter:card\" content=\"summary_large_image\" \/>\n<meta name=\"twitter:label1\" content=\"\u01af\u1edbc t\u00ednh th\u1eddi gian \u0111\u1ecdc\" \/>\n\t<meta name=\"twitter:data1\" content=\"3 ph\u00fat\" \/>\n<script type=\"application\/ld+json\" class=\"yoast-schema-graph\">{\"@context\":\"https:\/\/schema.org\",\"@graph\":[{\"@type\":\"WebPage\",\"@id\":\"https:\/\/sipin.com.vn\/index.php\/product\/carel-pjezs0g000\/\",\"url\":\"https:\/\/sipin.com.vn\/index.php\/product\/carel-pjezs0g000\/\",\"name\":\"CAREL PJEZS0G000 - OMANI VI\u1ec6T NAM\",\"isPartOf\":{\"@id\":\"https:\/\/sipin.com.vn\/#website\"},\"primaryImageOfPage\":{\"@id\":\"https:\/\/sipin.com.vn\/index.php\/product\/carel-pjezs0g000\/#primaryimage\"},\"image\":{\"@id\":\"https:\/\/sipin.com.vn\/index.php\/product\/carel-pjezs0g000\/#primaryimage\"},\"thumbnailUrl\":\"https:\/\/sipin.com.vn\/wp-content\/uploads\/2024\/09\/PJEZS0G000.png\",\"datePublished\":\"2024-09-23T14:42:26+00:00\",\"dateModified\":\"2024-09-23T14:44:09+00:00\",\"breadcrumb\":{\"@id\":\"https:\/\/sipin.com.vn\/index.php\/product\/carel-pjezs0g000\/#breadcrumb\"},\"inLanguage\":\"vi\",\"potentialAction\":[{\"@type\":\"ReadAction\",\"target\":[\"https:\/\/sipin.com.vn\/index.php\/product\/carel-pjezs0g000\/\"]}]},{\"@type\":\"ImageObject\",\"inLanguage\":\"vi\",\"@id\":\"https:\/\/sipin.com.vn\/index.php\/product\/carel-pjezs0g000\/#primaryimage\",\"url\":\"https:\/\/sipin.com.vn\/wp-content\/uploads\/2024\/09\/PJEZS0G000.png\",\"contentUrl\":\"https:\/\/sipin.com.vn\/wp-content\/uploads\/2024\/09\/PJEZS0G000.png\",\"width\":565,\"height\":483},{\"@type\":\"BreadcrumbList\",\"@id\":\"https:\/\/sipin.com.vn\/index.php\/product\/carel-pjezs0g000\/#breadcrumb\",\"itemListElement\":[{\"@type\":\"ListItem\",\"position\":1,\"name\":\"Home\",\"item\":\"https:\/\/sipin.com.vn\/\"},{\"@type\":\"ListItem\",\"position\":2,\"name\":\"S\u1ea2N PH\u1ea8M\",\"item\":\"https:\/\/sipin.com.vn\/index.php\/cua-hang\/\"},{\"@type\":\"ListItem\",\"position\":3,\"name\":\"CAREL PJEZS0G000\"}]},{\"@type\":\"WebSite\",\"@id\":\"https:\/\/sipin.com.vn\/#website\",\"url\":\"https:\/\/sipin.com.vn\/\",\"name\":\"OMANI VI\u1ec6T NAM\",\"description\":\"Nh\u00e0 ph\u00e2n ph\u1ed1i thi\u1ebft b\u1ecb kh\u00ed n\u00e9n v\u00e0 thi\u1ebft b\u1ecb t\u1ef1 \u0111\u1ed9ng h\u00f3a trong c\u00f4ng nghi\u1ec7p\",\"publisher\":{\"@id\":\"https:\/\/sipin.com.vn\/#\/schema\/person\/0ad398a980dc3fd696111c2c5c8fa897\"},\"potentialAction\":[{\"@type\":\"SearchAction\",\"target\":{\"@type\":\"EntryPoint\",\"urlTemplate\":\"https:\/\/sipin.com.vn\/?s={search_term_string}\"},\"query-input\":\"required name=search_term_string\"}],\"inLanguage\":\"vi\"},{\"@type\":[\"Person\",\"Organization\"],\"@id\":\"https:\/\/sipin.com.vn\/#\/schema\/person\/0ad398a980dc3fd696111c2c5c8fa897\",\"name\":\"Nguy\u1ec5n V\u0103n Kh\u00e1nh\",\"image\":{\"@type\":\"ImageObject\",\"inLanguage\":\"vi\",\"@id\":\"https:\/\/sipin.com.vn\/#\/schema\/person\/image\/\",\"url\":\"https:\/\/sipin.com.vn\/wp-content\/uploads\/2024\/06\/logo-1024x1024.png\",\"contentUrl\":\"https:\/\/sipin.com.vn\/wp-content\/uploads\/2024\/06\/logo-1024x1024.png\",\"width\":1024,\"height\":1024,\"caption\":\"Nguy\u1ec5n V\u0103n Kh\u00e1nh\"},\"logo\":{\"@id\":\"https:\/\/sipin.com.vn\/#\/schema\/person\/image\/\"},\"sameAs\":[\"https:\/\/sipin.com.vn\"]}]}<\/script>\n<!-- \/ Yoast SEO plugin. -->","yoast_head_json":{"title":"CAREL PJEZS0G000 - OMANI VI\u1ec6T NAM","robots":{"index":"index","follow":"follow","max-snippet":"max-snippet:-1","max-image-preview":"max-image-preview:large","max-video-preview":"max-video-preview:-1"},"canonical":"https:\/\/sipin.com.vn\/index.php\/product\/carel-pjezs0g000\/","og_locale":"vi_VN","og_type":"article","og_title":"CAREL PJEZS0G000 - OMANI VI\u1ec6T NAM","og_description":"CAREL PJEZS0G000 Overview PJEZ 230VAC 2HP 8A IND. AUX 2NTC 1DI BUZ REMOVABLE TERM. RED DISPL. Description easy\u00a0is a range of electronic microprocessor controllers with LED display for controlling cooling equipment, refrigerated display cabinets and refrigeration units. The device can be turned on and off via the digital input and&hellip;","og_url":"https:\/\/sipin.com.vn\/index.php\/product\/carel-pjezs0g000\/","og_site_name":"OMANI VI\u1ec6T NAM","article_modified_time":"2024-09-23T14:44:09+00:00","og_image":[{"width":565,"height":483,"url":"https:\/\/sipin.com.vn\/wp-content\/uploads\/2024\/09\/PJEZS0G000.png","type":"image\/png"}],"twitter_card":"summary_large_image","twitter_misc":{"\u01af\u1edbc t\u00ednh th\u1eddi gian \u0111\u1ecdc":"3 ph\u00fat"},"schema":{"@context":"https:\/\/schema.org","@graph":[{"@type":"WebPage","@id":"https:\/\/sipin.com.vn\/index.php\/product\/carel-pjezs0g000\/","url":"https:\/\/sipin.com.vn\/index.php\/product\/carel-pjezs0g000\/","name":"CAREL PJEZS0G000 - OMANI VI\u1ec6T NAM","isPartOf":{"@id":"https:\/\/sipin.com.vn\/#website"},"primaryImageOfPage":{"@id":"https:\/\/sipin.com.vn\/index.php\/product\/carel-pjezs0g000\/#primaryimage"},"image":{"@id":"https:\/\/sipin.com.vn\/index.php\/product\/carel-pjezs0g000\/#primaryimage"},"thumbnailUrl":"https:\/\/sipin.com.vn\/wp-content\/uploads\/2024\/09\/PJEZS0G000.png","datePublished":"2024-09-23T14:42:26+00:00","dateModified":"2024-09-23T14:44:09+00:00","breadcrumb":{"@id":"https:\/\/sipin.com.vn\/index.php\/product\/carel-pjezs0g000\/#breadcrumb"},"inLanguage":"vi","potentialAction":[{"@type":"ReadAction","target":["https:\/\/sipin.com.vn\/index.php\/product\/carel-pjezs0g000\/"]}]},{"@type":"ImageObject","inLanguage":"vi","@id":"https:\/\/sipin.com.vn\/index.php\/product\/carel-pjezs0g000\/#primaryimage","url":"https:\/\/sipin.com.vn\/wp-content\/uploads\/2024\/09\/PJEZS0G000.png","contentUrl":"https:\/\/sipin.com.vn\/wp-content\/uploads\/2024\/09\/PJEZS0G000.png","width":565,"height":483},{"@type":"BreadcrumbList","@id":"https:\/\/sipin.com.vn\/index.php\/product\/carel-pjezs0g000\/#breadcrumb","itemListElement":[{"@type":"ListItem","position":1,"name":"Home","item":"https:\/\/sipin.com.vn\/"},{"@type":"ListItem","position":2,"name":"S\u1ea2N PH\u1ea8M","item":"https:\/\/sipin.com.vn\/index.php\/cua-hang\/"},{"@type":"ListItem","position":3,"name":"CAREL PJEZS0G000"}]},{"@type":"WebSite","@id":"https:\/\/sipin.com.vn\/#website","url":"https:\/\/sipin.com.vn\/","name":"OMANI VI\u1ec6T NAM","description":"Nh\u00e0 ph\u00e2n ph\u1ed1i thi\u1ebft b\u1ecb kh\u00ed n\u00e9n v\u00e0 thi\u1ebft b\u1ecb t\u1ef1 \u0111\u1ed9ng h\u00f3a trong c\u00f4ng nghi\u1ec7p","publisher":{"@id":"https:\/\/sipin.com.vn\/#\/schema\/person\/0ad398a980dc3fd696111c2c5c8fa897"},"potentialAction":[{"@type":"SearchAction","target":{"@type":"EntryPoint","urlTemplate":"https:\/\/sipin.com.vn\/?s={search_term_string}"},"query-input":"required name=search_term_string"}],"inLanguage":"vi"},{"@type":["Person","Organization"],"@id":"https:\/\/sipin.com.vn\/#\/schema\/person\/0ad398a980dc3fd696111c2c5c8fa897","name":"Nguy\u1ec5n V\u0103n Kh\u00e1nh","image":{"@type":"ImageObject","inLanguage":"vi","@id":"https:\/\/sipin.com.vn\/#\/schema\/person\/image\/","url":"https:\/\/sipin.com.vn\/wp-content\/uploads\/2024\/06\/logo-1024x1024.png","contentUrl":"https:\/\/sipin.com.vn\/wp-content\/uploads\/2024\/06\/logo-1024x1024.png","width":1024,"height":1024,"caption":"Nguy\u1ec5n V\u0103n Kh\u00e1nh"},"logo":{"@id":"https:\/\/sipin.com.vn\/#\/schema\/person\/image\/"},"sameAs":["https:\/\/sipin.com.vn"]}]}},"_links":{"self":[{"href":"https:\/\/sipin.com.vn\/index.php\/wp-json\/wp\/v2\/product\/1833","targetHints":{"allow":["GET"]}}],"collection":[{"href":"https:\/\/sipin.com.vn\/index.php\/wp-json\/wp\/v2\/product"}],"about":[{"href":"https:\/\/sipin.com.vn\/index.php\/wp-json\/wp\/v2\/types\/product"}],"replies":[{"embeddable":true,"href":"https:\/\/sipin.com.vn\/index.php\/wp-json\/wp\/v2\/comments?post=1833"}],"wp:featuredmedia":[{"embeddable":true,"href":"https:\/\/sipin.com.vn\/index.php\/wp-json\/wp\/v2\/media\/1834"}],"wp:attachment":[{"href":"https:\/\/sipin.com.vn\/index.php\/wp-json\/wp\/v2\/media?parent=1833"}],"wp:term":[{"taxonomy":"product_cat","embeddable":true,"href":"https:\/\/sipin.com.vn\/index.php\/wp-json\/wp\/v2\/product_cat?post=1833"},{"taxonomy":"product_tag","embeddable":true,"href":"https:\/\/sipin.com.vn\/index.php\/wp-json\/wp\/v2\/product_tag?post=1833"}],"curies":[{"name":"wp","href":"https:\/\/api.w.org\/{rel}","templated":true}]}}