{"id":1691,"date":"2024-09-11T05:43:03","date_gmt":"2024-09-10T22:43:03","guid":{"rendered":"https:\/\/omanivietnam.com\/?post_type=product&#038;p=1691"},"modified":"2024-09-11T05:45:35","modified_gmt":"2024-09-10T22:45:35","slug":"panasonic-afp7psa2","status":"publish","type":"product","link":"https:\/\/sipin.com.vn\/index.php\/product\/panasonic-afp7psa2\/","title":{"rendered":"PANASONIC AFP7PSA2"},"content":{"rendered":"<p>PANASONIC AFP7PSA2<\/p>\n<p class=\"el_lv1Heading-02 \"><span class=\"js_recentViewTtl__parts\">AFP7PSA2\uff5cFP7 Power supply units<\/span><\/p>\n<p class=\"title-product item_name\"><span class=\"js_recentViewTtl__parts\">Power supply<\/span> Panasonic AFP7PSA2<\/p>\n<p>1. <span class=\"js_recentViewTtl__parts\">Power supply<\/span> AFP7PSA2:<\/p>\n<div>\n<div>\u0110\u1ecbnh m\u1ee9c \u0111i\u1ec7n \u00e1p \u0111\u1ea7u v\u00e0o 100-240 V AC<\/div>\n<div>D\u1ea3i \u0111i\u1ec7n \u00e1p \u0111\u1ea7u v\u00e0o cho ph\u00e9p 85-264 V AC<\/div>\n<div>T\u1ea7n s\u1ed1 cung c\u1ea5p \u0111i\u1ec7n \u0111\u1ea7u v\u00e0o 47 \u0111\u1ebfn 63 Hz<\/div>\n<div>D\u00f2ng \u0111i\u1ec7n x\u00e2m nh\u1eadp 40 A tr\u1edf xu\u1ed1ng<\/div>\n<div>(L\u01b0u \u00fd) Khi kh\u1edfi \u0111\u1ed9ng ngu\u1ed9i<\/div>\n<div>\u0110\u1ea7u v\u00e0o hi\u1ec7n t\u1ea1i 1,25 A tr\u1edf xu\u1ed1ng<\/div>\n<div>D\u00f2ng \u0111\u1ea7u ra \u0111\u1ecbnh m\u1ee9c (\u1edf 24 V) 1,8 A<\/div>\n<div>C\u00f4ng su\u1ea5t li\u00ean l\u1ea1c b\u00e1o \u0111\u1ed9ng 1 A (30 V DC)<\/div>\n<div>Ch\u1ee9c n\u0103ng \u0111\u1ebfm tu\u1ed5i th\u1ecd c\u00f2n l\u1ea1i C\u00f3 s\u1eb5n<\/div>\n<div>Th\u00f4ng b\u00e1o b\u1eb1ng \u0111\u01a1n v\u1ecb CPU<\/div>\n<p>2. C\u00e1c m\u00e3 h\u00e0ng t\u01b0\u01a1ng \u0111\u01b0\u01a1ng <span class=\"js_recentViewTtl__parts\">Power supply<\/span> AFP7PSA2:<\/p>\n<p>AFP7AD4H<br \/>\nAFP7CCM2<br \/>\nAFP7CPS31E<br \/>\nAFP7CPS31ES<br \/>\nAFP7PSA2<br \/>\nAFP7X16DW<br \/>\nAFP7X32D2<br \/>\nAFP7X64D2<br \/>\nAFP7XY64D2T<br \/>\nAFP7Y16R<\/p>\n<table class=\"el_parts_table el_parts_table-column2\">\n<thead>\n<tr>\n<th>Item<\/th>\n<th>Specifications<\/th>\n<\/tr>\n<\/thead>\n<tbody>\n<tr>\n<th>Rated input voltage<\/th>\n<td>100-240 V AC<\/td>\n<\/tr>\n<tr>\n<th>Allowable input voltage range<\/th>\n<td>85-264 V AC<\/td>\n<\/tr>\n<tr>\n<th>Input power supply frequency<\/th>\n<td>47 to 63 Hz<\/td>\n<\/tr>\n<tr>\n<th>Inrush current<\/th>\n<td>40 A or less<br \/>\n(Note) On cold starting<\/td>\n<\/tr>\n<tr>\n<th>Input current<\/th>\n<td>1.25 A or less<\/td>\n<\/tr>\n<tr>\n<th>Rated output current (at 24 V)<\/th>\n<td>1.8 A<\/td>\n<\/tr>\n<tr>\n<th>Alarm contact capacity<\/th>\n<td>1 A (30 V DC)<\/td>\n<\/tr>\n<tr>\n<th>Remaining lifespan counting function<\/th>\n<td>Available<br \/>\n(Note) Notify by CPU unit<\/td>\n<\/tr>\n<\/tbody>\n<\/table>\n<\/div>\n<table class=\"el_parts_table el_parts_table-column2\">\n<thead>\n<tr>\n<th>Item<\/th>\n<th>Specifications<\/th>\n<\/tr>\n<\/thead>\n<tbody>\n<tr>\n<th>Ambient temperature<\/th>\n<td>0 to +55 \u2103\u00a0<span class=\"inch\">+32 to +131 \u2109<\/span>, Storage: -40 to +70 \u2103\u00a0<span class=\"inch\">-40 to +158 \u2109<\/span><\/td>\n<\/tr>\n<tr>\n<th>Ambient humidity<\/th>\n<td>10 to 95 % RH (at +25 \u2103\u00a0<span class=\"inch\">+77 \u2109<\/span>, no condensation), Storage: 10 to 95 % RH (at +25 \u2103\u00a0<span class=\"inch\">+77 \u2109<\/span>, no condensation)<\/td>\n<\/tr>\n<tr>\n<th>Vibration resistance<\/th>\n<td>5 to 8.4 Hz, single amplitude of 3.5 mm\u00a0<span class=\"inch\">0.138 in<\/span>, 1 sweep\/min. (IEC 61131-2) ; 8.4 to 150 Hz, constant acceleration of 9.8 m\/s<sup>2<\/sup>, 1 sweep\/min. (IEC 61131-2), 10 times each in X, Y, and Z directions<\/td>\n<\/tr>\n<tr>\n<th>Shock resistance<\/th>\n<td>147 m\/s<sup>2<\/sup>\u00a0or more , 3 times each in X, Y, and Z directions (IEC61131-2)<\/td>\n<\/tr>\n<tr>\n<th>Noise immunity<\/th>\n<td>1,000 V [p-p] with pulse width 50 ns and 1 micro s (using a noise simulator)<\/td>\n<\/tr>\n<tr>\n<th>Operating condition<\/th>\n<td>Free from corrosive gasses and excessive dust<\/td>\n<\/tr>\n<\/tbody>\n<\/table>\n<p>&nbsp;<\/p>\n<table class=\"el_parts_table el_parts_table-column2\">\n<thead>\n<tr>\n<th>Item<\/th>\n<th>Specifications<\/th>\n<\/tr>\n<\/thead>\n<tbody>\n<tr>\n<th>Rated voltage range<\/th>\n<td>100 to 240 V AC<\/td>\n<\/tr>\n<tr>\n<th>Current consumption<\/th>\n<td>1,250 mA or less<\/td>\n<\/tr>\n<tr>\n<th>Net weight<\/th>\n<td>290 g approx.<\/td>\n<\/tr>\n<\/tbody>\n<\/table>\n<p>&nbsp;<\/p>\n<p>C\u00e1c m\u00e3 h\u00e0ng Panasonic<\/p>\n<p>Power Panasonic AFP7PSA2<br \/>\nCPU Panasonic AFP7CPS31ES<br \/>\nCommunication cassettes Panasonic AFP7CCRS1M1 RS232C,RS485<br \/>\nSerial communication unit Panasonic AFP7NSCR<br \/>\nCommunication cassettes Panasonic AFP7CCRS2 RS232C(2 channels)<br \/>\nPositioning Unit Panasonic AFP7PP04T<br \/>\nInput Unit Panasonic AFP7X64D2<br \/>\nOutput Unit Panasonic AFP7Y64T<\/p>\n<p>&nbsp;<\/p>\n<p>\u0110\u1ea1i l\u00fd PANASONIC vietnam, PANASONIC viet nam, PANASONIC vietnam distributor, Ph\u00e2n ph\u1ed1i PANASONIC t\u1ea1i vi\u1ec7t nam<\/p>\n<p>\u0110\u1ea1i l\u00fd PANASONIC vietnam, PANASONIC viet nam, PANASONIC vietnam distributor, Ph\u00e2n ph\u1ed1i PANASONIC t\u1ea1i vi\u1ec7t nam<\/p>\n<p>\u0110\u1ea1i l\u00fd PANASONIC vietnam, PANASONIC viet nam, PANASONIC vietnam distributor, Ph\u00e2n ph\u1ed1i PANASONIC t\u1ea1i vi\u1ec7t nam<\/p>\n<p>\u0110\u1ea1i l\u00fd PANASONIC vietnam, PANASONIC viet nam, PANASONIC vietnam distributor, Ph\u00e2n ph\u1ed1i PANASONIC t\u1ea1i vi\u1ec7t nam<\/p>\n<p>\u0110\u1ea1i l\u00fd PANASONIC vietnam, PANASONIC viet nam, PANASONIC vietnam distributor, Ph\u00e2n ph\u1ed1i PANASONIC t\u1ea1i vi\u1ec7t nam<\/p>\n","protected":false},"excerpt":{"rendered":"<p>PANASONIC AFP7PSA2 AFP7PSA2\uff5cFP7 Power supply units Power supply Panasonic AFP7PSA2 1. Power supply AFP7PSA2: \u0110\u1ecbnh m\u1ee9c \u0111i\u1ec7n \u00e1p \u0111\u1ea7u v\u00e0o 100-240 V AC D\u1ea3i \u0111i\u1ec7n \u00e1p \u0111\u1ea7u v\u00e0o cho ph\u00e9p 85-264 V AC T\u1ea7n s\u1ed1 cung c\u1ea5p \u0111i\u1ec7n \u0111\u1ea7u v\u00e0o 47 \u0111\u1ebfn 63 Hz D\u00f2ng \u0111i\u1ec7n x\u00e2m nh\u1eadp 40 A&hellip; <\/p>\n","protected":false},"featured_media":1692,"comment_status":"open","ping_status":"closed","template":"","meta":{"om_disable_all_campaigns":false,"_monsterinsights_skip_tracking":false,"_monsterinsights_sitenote_active":false,"_monsterinsights_sitenote_note":"","_monsterinsights_sitenote_category":0},"product_cat":[15],"product_tag":[221,86,87],"class_list":{"0":"post-1691","1":"product","2":"type-product","3":"status-publish","4":"has-post-thumbnail","6":"product_cat-apex","7":"product_tag-bo-nguon","8":"product_tag-dai-ly-panasonic-viet-nam","9":"product_tag-panasonic-viet-nam","11":"first","12":"instock","13":"shipping-taxable","14":"product-type-simple"},"aioseo_notices":[],"yoast_head":"<!-- This site is optimized with the Yoast SEO plugin v22.8 - https:\/\/yoast.com\/wordpress\/plugins\/seo\/ -->\n<title>PANASONIC AFP7PSA2 - OMANI VI\u1ec6T NAM<\/title>\n<meta name=\"robots\" content=\"index, follow, max-snippet:-1, max-image-preview:large, max-video-preview:-1\" \/>\n<link rel=\"canonical\" href=\"https:\/\/sipin.com.vn\/index.php\/product\/panasonic-afp7psa2\/\" \/>\n<meta property=\"og:locale\" content=\"vi_VN\" \/>\n<meta property=\"og:type\" content=\"article\" \/>\n<meta property=\"og:title\" content=\"PANASONIC AFP7PSA2 - OMANI VI\u1ec6T NAM\" \/>\n<meta property=\"og:description\" content=\"PANASONIC AFP7PSA2 AFP7PSA2\uff5cFP7 Power supply units Power supply Panasonic AFP7PSA2 1. Power supply AFP7PSA2: \u0110\u1ecbnh m\u1ee9c \u0111i\u1ec7n \u00e1p \u0111\u1ea7u v\u00e0o 100-240 V AC D\u1ea3i \u0111i\u1ec7n \u00e1p \u0111\u1ea7u v\u00e0o cho ph\u00e9p 85-264 V AC T\u1ea7n s\u1ed1 cung c\u1ea5p \u0111i\u1ec7n \u0111\u1ea7u v\u00e0o 47 \u0111\u1ebfn 63 Hz D\u00f2ng \u0111i\u1ec7n x\u00e2m nh\u1eadp 40 A&hellip;\" \/>\n<meta property=\"og:url\" content=\"https:\/\/sipin.com.vn\/index.php\/product\/panasonic-afp7psa2\/\" \/>\n<meta property=\"og:site_name\" content=\"OMANI VI\u1ec6T NAM\" \/>\n<meta property=\"article:modified_time\" content=\"2024-09-10T22:45:35+00:00\" \/>\n<meta property=\"og:image\" content=\"https:\/\/sipin.com.vn\/wp-content\/uploads\/2024\/09\/AFP7PSA2.png\" \/>\n\t<meta property=\"og:image:width\" content=\"558\" \/>\n\t<meta property=\"og:image:height\" content=\"392\" \/>\n\t<meta property=\"og:image:type\" content=\"image\/png\" \/>\n<meta name=\"twitter:card\" content=\"summary_large_image\" \/>\n<meta name=\"twitter:label1\" content=\"\u01af\u1edbc t\u00ednh th\u1eddi gian \u0111\u1ecdc\" \/>\n\t<meta name=\"twitter:data1\" content=\"3 ph\u00fat\" \/>\n<script type=\"application\/ld+json\" class=\"yoast-schema-graph\">{\"@context\":\"https:\/\/schema.org\",\"@graph\":[{\"@type\":\"WebPage\",\"@id\":\"https:\/\/sipin.com.vn\/index.php\/product\/panasonic-afp7psa2\/\",\"url\":\"https:\/\/sipin.com.vn\/index.php\/product\/panasonic-afp7psa2\/\",\"name\":\"PANASONIC AFP7PSA2 - OMANI VI\u1ec6T NAM\",\"isPartOf\":{\"@id\":\"https:\/\/sipin.com.vn\/#website\"},\"primaryImageOfPage\":{\"@id\":\"https:\/\/sipin.com.vn\/index.php\/product\/panasonic-afp7psa2\/#primaryimage\"},\"image\":{\"@id\":\"https:\/\/sipin.com.vn\/index.php\/product\/panasonic-afp7psa2\/#primaryimage\"},\"thumbnailUrl\":\"https:\/\/sipin.com.vn\/wp-content\/uploads\/2024\/09\/AFP7PSA2.png\",\"datePublished\":\"2024-09-10T22:43:03+00:00\",\"dateModified\":\"2024-09-10T22:45:35+00:00\",\"breadcrumb\":{\"@id\":\"https:\/\/sipin.com.vn\/index.php\/product\/panasonic-afp7psa2\/#breadcrumb\"},\"inLanguage\":\"vi\",\"potentialAction\":[{\"@type\":\"ReadAction\",\"target\":[\"https:\/\/sipin.com.vn\/index.php\/product\/panasonic-afp7psa2\/\"]}]},{\"@type\":\"ImageObject\",\"inLanguage\":\"vi\",\"@id\":\"https:\/\/sipin.com.vn\/index.php\/product\/panasonic-afp7psa2\/#primaryimage\",\"url\":\"https:\/\/sipin.com.vn\/wp-content\/uploads\/2024\/09\/AFP7PSA2.png\",\"contentUrl\":\"https:\/\/sipin.com.vn\/wp-content\/uploads\/2024\/09\/AFP7PSA2.png\",\"width\":558,\"height\":392},{\"@type\":\"BreadcrumbList\",\"@id\":\"https:\/\/sipin.com.vn\/index.php\/product\/panasonic-afp7psa2\/#breadcrumb\",\"itemListElement\":[{\"@type\":\"ListItem\",\"position\":1,\"name\":\"Home\",\"item\":\"https:\/\/sipin.com.vn\/\"},{\"@type\":\"ListItem\",\"position\":2,\"name\":\"S\u1ea2N PH\u1ea8M\",\"item\":\"https:\/\/sipin.com.vn\/index.php\/cua-hang\/\"},{\"@type\":\"ListItem\",\"position\":3,\"name\":\"PANASONIC AFP7PSA2\"}]},{\"@type\":\"WebSite\",\"@id\":\"https:\/\/sipin.com.vn\/#website\",\"url\":\"https:\/\/sipin.com.vn\/\",\"name\":\"OMANI VI\u1ec6T NAM\",\"description\":\"Nh\u00e0 ph\u00e2n ph\u1ed1i thi\u1ebft b\u1ecb kh\u00ed n\u00e9n v\u00e0 thi\u1ebft b\u1ecb t\u1ef1 \u0111\u1ed9ng h\u00f3a trong c\u00f4ng nghi\u1ec7p\",\"publisher\":{\"@id\":\"https:\/\/sipin.com.vn\/#\/schema\/person\/0ad398a980dc3fd696111c2c5c8fa897\"},\"potentialAction\":[{\"@type\":\"SearchAction\",\"target\":{\"@type\":\"EntryPoint\",\"urlTemplate\":\"https:\/\/sipin.com.vn\/?s={search_term_string}\"},\"query-input\":\"required name=search_term_string\"}],\"inLanguage\":\"vi\"},{\"@type\":[\"Person\",\"Organization\"],\"@id\":\"https:\/\/sipin.com.vn\/#\/schema\/person\/0ad398a980dc3fd696111c2c5c8fa897\",\"name\":\"Nguy\u1ec5n V\u0103n Kh\u00e1nh\",\"image\":{\"@type\":\"ImageObject\",\"inLanguage\":\"vi\",\"@id\":\"https:\/\/sipin.com.vn\/#\/schema\/person\/image\/\",\"url\":\"https:\/\/sipin.com.vn\/wp-content\/uploads\/2024\/06\/logo-1024x1024.png\",\"contentUrl\":\"https:\/\/sipin.com.vn\/wp-content\/uploads\/2024\/06\/logo-1024x1024.png\",\"width\":1024,\"height\":1024,\"caption\":\"Nguy\u1ec5n V\u0103n Kh\u00e1nh\"},\"logo\":{\"@id\":\"https:\/\/sipin.com.vn\/#\/schema\/person\/image\/\"},\"sameAs\":[\"https:\/\/sipin.com.vn\"]}]}<\/script>\n<!-- \/ Yoast SEO plugin. -->","yoast_head_json":{"title":"PANASONIC AFP7PSA2 - OMANI VI\u1ec6T NAM","robots":{"index":"index","follow":"follow","max-snippet":"max-snippet:-1","max-image-preview":"max-image-preview:large","max-video-preview":"max-video-preview:-1"},"canonical":"https:\/\/sipin.com.vn\/index.php\/product\/panasonic-afp7psa2\/","og_locale":"vi_VN","og_type":"article","og_title":"PANASONIC AFP7PSA2 - OMANI VI\u1ec6T NAM","og_description":"PANASONIC AFP7PSA2 AFP7PSA2\uff5cFP7 Power supply units Power supply Panasonic AFP7PSA2 1. Power supply AFP7PSA2: \u0110\u1ecbnh m\u1ee9c \u0111i\u1ec7n \u00e1p \u0111\u1ea7u v\u00e0o 100-240 V AC D\u1ea3i \u0111i\u1ec7n \u00e1p \u0111\u1ea7u v\u00e0o cho ph\u00e9p 85-264 V AC T\u1ea7n s\u1ed1 cung c\u1ea5p \u0111i\u1ec7n \u0111\u1ea7u v\u00e0o 47 \u0111\u1ebfn 63 Hz D\u00f2ng \u0111i\u1ec7n x\u00e2m nh\u1eadp 40 A&hellip;","og_url":"https:\/\/sipin.com.vn\/index.php\/product\/panasonic-afp7psa2\/","og_site_name":"OMANI VI\u1ec6T NAM","article_modified_time":"2024-09-10T22:45:35+00:00","og_image":[{"width":558,"height":392,"url":"https:\/\/sipin.com.vn\/wp-content\/uploads\/2024\/09\/AFP7PSA2.png","type":"image\/png"}],"twitter_card":"summary_large_image","twitter_misc":{"\u01af\u1edbc t\u00ednh th\u1eddi gian \u0111\u1ecdc":"3 ph\u00fat"},"schema":{"@context":"https:\/\/schema.org","@graph":[{"@type":"WebPage","@id":"https:\/\/sipin.com.vn\/index.php\/product\/panasonic-afp7psa2\/","url":"https:\/\/sipin.com.vn\/index.php\/product\/panasonic-afp7psa2\/","name":"PANASONIC AFP7PSA2 - OMANI VI\u1ec6T NAM","isPartOf":{"@id":"https:\/\/sipin.com.vn\/#website"},"primaryImageOfPage":{"@id":"https:\/\/sipin.com.vn\/index.php\/product\/panasonic-afp7psa2\/#primaryimage"},"image":{"@id":"https:\/\/sipin.com.vn\/index.php\/product\/panasonic-afp7psa2\/#primaryimage"},"thumbnailUrl":"https:\/\/sipin.com.vn\/wp-content\/uploads\/2024\/09\/AFP7PSA2.png","datePublished":"2024-09-10T22:43:03+00:00","dateModified":"2024-09-10T22:45:35+00:00","breadcrumb":{"@id":"https:\/\/sipin.com.vn\/index.php\/product\/panasonic-afp7psa2\/#breadcrumb"},"inLanguage":"vi","potentialAction":[{"@type":"ReadAction","target":["https:\/\/sipin.com.vn\/index.php\/product\/panasonic-afp7psa2\/"]}]},{"@type":"ImageObject","inLanguage":"vi","@id":"https:\/\/sipin.com.vn\/index.php\/product\/panasonic-afp7psa2\/#primaryimage","url":"https:\/\/sipin.com.vn\/wp-content\/uploads\/2024\/09\/AFP7PSA2.png","contentUrl":"https:\/\/sipin.com.vn\/wp-content\/uploads\/2024\/09\/AFP7PSA2.png","width":558,"height":392},{"@type":"BreadcrumbList","@id":"https:\/\/sipin.com.vn\/index.php\/product\/panasonic-afp7psa2\/#breadcrumb","itemListElement":[{"@type":"ListItem","position":1,"name":"Home","item":"https:\/\/sipin.com.vn\/"},{"@type":"ListItem","position":2,"name":"S\u1ea2N PH\u1ea8M","item":"https:\/\/sipin.com.vn\/index.php\/cua-hang\/"},{"@type":"ListItem","position":3,"name":"PANASONIC AFP7PSA2"}]},{"@type":"WebSite","@id":"https:\/\/sipin.com.vn\/#website","url":"https:\/\/sipin.com.vn\/","name":"OMANI VI\u1ec6T NAM","description":"Nh\u00e0 ph\u00e2n ph\u1ed1i thi\u1ebft b\u1ecb kh\u00ed n\u00e9n v\u00e0 thi\u1ebft b\u1ecb t\u1ef1 \u0111\u1ed9ng h\u00f3a trong c\u00f4ng nghi\u1ec7p","publisher":{"@id":"https:\/\/sipin.com.vn\/#\/schema\/person\/0ad398a980dc3fd696111c2c5c8fa897"},"potentialAction":[{"@type":"SearchAction","target":{"@type":"EntryPoint","urlTemplate":"https:\/\/sipin.com.vn\/?s={search_term_string}"},"query-input":"required name=search_term_string"}],"inLanguage":"vi"},{"@type":["Person","Organization"],"@id":"https:\/\/sipin.com.vn\/#\/schema\/person\/0ad398a980dc3fd696111c2c5c8fa897","name":"Nguy\u1ec5n V\u0103n Kh\u00e1nh","image":{"@type":"ImageObject","inLanguage":"vi","@id":"https:\/\/sipin.com.vn\/#\/schema\/person\/image\/","url":"https:\/\/sipin.com.vn\/wp-content\/uploads\/2024\/06\/logo-1024x1024.png","contentUrl":"https:\/\/sipin.com.vn\/wp-content\/uploads\/2024\/06\/logo-1024x1024.png","width":1024,"height":1024,"caption":"Nguy\u1ec5n V\u0103n Kh\u00e1nh"},"logo":{"@id":"https:\/\/sipin.com.vn\/#\/schema\/person\/image\/"},"sameAs":["https:\/\/sipin.com.vn"]}]}},"_links":{"self":[{"href":"https:\/\/sipin.com.vn\/index.php\/wp-json\/wp\/v2\/product\/1691","targetHints":{"allow":["GET"]}}],"collection":[{"href":"https:\/\/sipin.com.vn\/index.php\/wp-json\/wp\/v2\/product"}],"about":[{"href":"https:\/\/sipin.com.vn\/index.php\/wp-json\/wp\/v2\/types\/product"}],"replies":[{"embeddable":true,"href":"https:\/\/sipin.com.vn\/index.php\/wp-json\/wp\/v2\/comments?post=1691"}],"wp:featuredmedia":[{"embeddable":true,"href":"https:\/\/sipin.com.vn\/index.php\/wp-json\/wp\/v2\/media\/1692"}],"wp:attachment":[{"href":"https:\/\/sipin.com.vn\/index.php\/wp-json\/wp\/v2\/media?parent=1691"}],"wp:term":[{"taxonomy":"product_cat","embeddable":true,"href":"https:\/\/sipin.com.vn\/index.php\/wp-json\/wp\/v2\/product_cat?post=1691"},{"taxonomy":"product_tag","embeddable":true,"href":"https:\/\/sipin.com.vn\/index.php\/wp-json\/wp\/v2\/product_tag?post=1691"}],"curies":[{"name":"wp","href":"https:\/\/api.w.org\/{rel}","templated":true}]}}