{"id":1675,"date":"2024-09-07T05:37:16","date_gmt":"2024-09-06T22:37:16","guid":{"rendered":"https:\/\/omanivietnam.com\/?post_type=product&#038;p=1675"},"modified":"2025-03-28T21:35:54","modified_gmt":"2025-03-28T14:35:54","slug":"murr-d-71570","status":"publish","type":"product","link":"https:\/\/sipin.com.vn\/index.php\/product\/murr-d-71570\/","title":{"rendered":"MURR D-71570"},"content":{"rendered":"<p>MURR D-71570<\/p>\n<p>MURR D-71570 Art.No.3000-16013-3100020<\/p>\n<p>Murr Elektronik D-71570 Power Supply 24 VDC 16A Input 24 VDC Output 4 A<\/p>\n<p>The Electronic Circuit Control for 24 and 48 V DC<br \/>\n4 output channels<br \/>\nAdjustable current ranges<br \/>\nRemote start and switch off with a 24 and 48 V DC signal (depending on the device)<br \/>\nGroup alarm contact<br \/>\nMinimal power loss<br \/>\nTemperature independent<br \/>\nPerfect shut-down function: as early as necessary, as late as possible<\/p>\n<p>C\u00e1c s\u1ea3n ph\u1ea9m t\u01b0\u01a1ng t\u1ef1<\/p>\n<p>&nbsp;<\/p>\n<table width=\"569\">\n<tbody>\n<tr>\n<td width=\"155\">MURR<\/td>\n<td width=\"414\">MSUDK-IB1L-MB5 5m<\/td>\n<\/tr>\n<tr>\n<td>MURR<\/td>\n<td>MSUES-EB7B-PB3 3m<\/td>\n<\/tr>\n<tr>\n<td>MURR<\/td>\n<td>D-71570<\/td>\n<\/tr>\n<\/tbody>\n<\/table>\n<p>\u0110\u1ea1i l\u00fd MURR vietnam, MURR viet nam, MURR vietnam distributor, Ph\u00e2n ph\u1ed1i MURR t\u1ea1i vi\u1ec7t nam<\/p>\n<p>\u0110\u1ea1i l\u00fd MURR vietnam, MURR viet nam, MURR vietnam distributor, Ph\u00e2n ph\u1ed1i MURR t\u1ea1i vi\u1ec7t nam<\/p>\n<p>\u0110\u1ea1i l\u00fd MURR vietnam, MURR viet nam, MURR vietnam distributor, Ph\u00e2n ph\u1ed1i MURR t\u1ea1i vi\u1ec7t nam<\/p>\n<p>\u0110\u1ea1i l\u00fd MURR vietnam, MURR viet nam, MURR vietnam distributor, Ph\u00e2n ph\u1ed1i MURR t\u1ea1i vi\u1ec7t nam<\/p>\n<p>\u0110\u1ea1i l\u00fd MURR vietnam, MURR viet nam, MURR vietnam distributor, Ph\u00e2n ph\u1ed1i MURR t\u1ea1i vi\u1ec7t nam<\/p>\n","protected":false},"excerpt":{"rendered":"<p>MURR D-71570 MURR D-71570 Art.No.3000-16013-3100020 Murr Elektronik D-71570 Power Supply 24 VDC 16A Input 24 VDC Output 4 A The Electronic Circuit Control for 24 and 48 V DC 4 output channels Adjustable current ranges Remote start and switch off with a 24 and 48 V DC signal (depending on&hellip; <\/p>\n","protected":false},"featured_media":1676,"comment_status":"open","ping_status":"closed","template":"","meta":{"om_disable_all_campaigns":false,"_monsterinsights_skip_tracking":false,"_monsterinsights_sitenote_active":false,"_monsterinsights_sitenote_note":"","_monsterinsights_sitenote_category":0},"product_cat":[15],"product_tag":[221,449,448],"class_list":{"0":"post-1675","1":"product","2":"type-product","3":"status-publish","4":"has-post-thumbnail","6":"product_cat-apex","7":"product_tag-bo-nguon","8":"product_tag-dai-ly-murr-viet-nam","9":"product_tag-murr-viet-nam","11":"first","12":"instock","13":"shipping-taxable","14":"product-type-simple"},"aioseo_notices":[],"yoast_head":"<!-- This site is optimized with the Yoast SEO plugin v22.8 - https:\/\/yoast.com\/wordpress\/plugins\/seo\/ -->\n<title>MURR D-71570 - OMANI VI\u1ec6T NAM<\/title>\n<meta name=\"description\" content=\"MURR D-71570 Art.No.3000-16013-3100020 Relay Module\" \/>\n<meta name=\"robots\" content=\"index, follow, max-snippet:-1, max-image-preview:large, max-video-preview:-1\" \/>\n<link rel=\"canonical\" href=\"https:\/\/sipin.com.vn\/index.php\/product\/murr-d-71570\/\" \/>\n<meta property=\"og:locale\" content=\"vi_VN\" \/>\n<meta property=\"og:type\" content=\"article\" \/>\n<meta property=\"og:title\" content=\"MURR D-71570 - OMANI VI\u1ec6T NAM\" \/>\n<meta property=\"og:description\" content=\"MURR D-71570 Art.No.3000-16013-3100020 Relay Module\" \/>\n<meta property=\"og:url\" content=\"https:\/\/sipin.com.vn\/index.php\/product\/murr-d-71570\/\" \/>\n<meta property=\"og:site_name\" content=\"OMANI VI\u1ec6T NAM\" \/>\n<meta property=\"article:modified_time\" content=\"2025-03-28T14:35:54+00:00\" \/>\n<meta property=\"og:image\" content=\"https:\/\/sipin.com.vn\/wp-content\/uploads\/2024\/09\/D-71570.png\" \/>\n\t<meta property=\"og:image:width\" content=\"585\" \/>\n\t<meta property=\"og:image:height\" content=\"400\" \/>\n\t<meta property=\"og:image:type\" content=\"image\/png\" \/>\n<meta name=\"twitter:card\" content=\"summary_large_image\" \/>\n<meta name=\"twitter:label1\" content=\"\u01af\u1edbc t\u00ednh th\u1eddi gian \u0111\u1ecdc\" \/>\n\t<meta name=\"twitter:data1\" content=\"2 ph\u00fat\" \/>\n<script type=\"application\/ld+json\" class=\"yoast-schema-graph\">{\"@context\":\"https:\/\/schema.org\",\"@graph\":[{\"@type\":\"WebPage\",\"@id\":\"https:\/\/sipin.com.vn\/index.php\/product\/murr-d-71570\/\",\"url\":\"https:\/\/sipin.com.vn\/index.php\/product\/murr-d-71570\/\",\"name\":\"MURR D-71570 - OMANI VI\u1ec6T NAM\",\"isPartOf\":{\"@id\":\"https:\/\/sipin.com.vn\/#website\"},\"primaryImageOfPage\":{\"@id\":\"https:\/\/sipin.com.vn\/index.php\/product\/murr-d-71570\/#primaryimage\"},\"image\":{\"@id\":\"https:\/\/sipin.com.vn\/index.php\/product\/murr-d-71570\/#primaryimage\"},\"thumbnailUrl\":\"https:\/\/sipin.com.vn\/wp-content\/uploads\/2024\/09\/D-71570.png\",\"datePublished\":\"2024-09-06T22:37:16+00:00\",\"dateModified\":\"2025-03-28T14:35:54+00:00\",\"description\":\"MURR D-71570 Art.No.3000-16013-3100020 Relay Module\",\"breadcrumb\":{\"@id\":\"https:\/\/sipin.com.vn\/index.php\/product\/murr-d-71570\/#breadcrumb\"},\"inLanguage\":\"vi\",\"potentialAction\":[{\"@type\":\"ReadAction\",\"target\":[\"https:\/\/sipin.com.vn\/index.php\/product\/murr-d-71570\/\"]}]},{\"@type\":\"ImageObject\",\"inLanguage\":\"vi\",\"@id\":\"https:\/\/sipin.com.vn\/index.php\/product\/murr-d-71570\/#primaryimage\",\"url\":\"https:\/\/sipin.com.vn\/wp-content\/uploads\/2024\/09\/D-71570.png\",\"contentUrl\":\"https:\/\/sipin.com.vn\/wp-content\/uploads\/2024\/09\/D-71570.png\",\"width\":585,\"height\":400},{\"@type\":\"BreadcrumbList\",\"@id\":\"https:\/\/sipin.com.vn\/index.php\/product\/murr-d-71570\/#breadcrumb\",\"itemListElement\":[{\"@type\":\"ListItem\",\"position\":1,\"name\":\"Home\",\"item\":\"https:\/\/sipin.com.vn\/\"},{\"@type\":\"ListItem\",\"position\":2,\"name\":\"S\u1ea2N PH\u1ea8M\",\"item\":\"https:\/\/sipin.com.vn\/index.php\/cua-hang\/\"},{\"@type\":\"ListItem\",\"position\":3,\"name\":\"MURR D-71570\"}]},{\"@type\":\"WebSite\",\"@id\":\"https:\/\/sipin.com.vn\/#website\",\"url\":\"https:\/\/sipin.com.vn\/\",\"name\":\"OMANI VI\u1ec6T NAM\",\"description\":\"Nh\u00e0 ph\u00e2n ph\u1ed1i thi\u1ebft b\u1ecb kh\u00ed n\u00e9n v\u00e0 thi\u1ebft b\u1ecb t\u1ef1 \u0111\u1ed9ng h\u00f3a trong c\u00f4ng nghi\u1ec7p\",\"publisher\":{\"@id\":\"https:\/\/sipin.com.vn\/#\/schema\/person\/0ad398a980dc3fd696111c2c5c8fa897\"},\"potentialAction\":[{\"@type\":\"SearchAction\",\"target\":{\"@type\":\"EntryPoint\",\"urlTemplate\":\"https:\/\/sipin.com.vn\/?s={search_term_string}\"},\"query-input\":\"required name=search_term_string\"}],\"inLanguage\":\"vi\"},{\"@type\":[\"Person\",\"Organization\"],\"@id\":\"https:\/\/sipin.com.vn\/#\/schema\/person\/0ad398a980dc3fd696111c2c5c8fa897\",\"name\":\"Nguy\u1ec5n V\u0103n Kh\u00e1nh\",\"image\":{\"@type\":\"ImageObject\",\"inLanguage\":\"vi\",\"@id\":\"https:\/\/sipin.com.vn\/#\/schema\/person\/image\/\",\"url\":\"https:\/\/sipin.com.vn\/wp-content\/uploads\/2024\/06\/logo-1024x1024.png\",\"contentUrl\":\"https:\/\/sipin.com.vn\/wp-content\/uploads\/2024\/06\/logo-1024x1024.png\",\"width\":1024,\"height\":1024,\"caption\":\"Nguy\u1ec5n V\u0103n Kh\u00e1nh\"},\"logo\":{\"@id\":\"https:\/\/sipin.com.vn\/#\/schema\/person\/image\/\"},\"sameAs\":[\"https:\/\/sipin.com.vn\"]}]}<\/script>\n<!-- \/ Yoast SEO plugin. -->","yoast_head_json":{"title":"MURR D-71570 - OMANI VI\u1ec6T NAM","description":"MURR D-71570 Art.No.3000-16013-3100020 Relay Module","robots":{"index":"index","follow":"follow","max-snippet":"max-snippet:-1","max-image-preview":"max-image-preview:large","max-video-preview":"max-video-preview:-1"},"canonical":"https:\/\/sipin.com.vn\/index.php\/product\/murr-d-71570\/","og_locale":"vi_VN","og_type":"article","og_title":"MURR D-71570 - OMANI VI\u1ec6T NAM","og_description":"MURR D-71570 Art.No.3000-16013-3100020 Relay Module","og_url":"https:\/\/sipin.com.vn\/index.php\/product\/murr-d-71570\/","og_site_name":"OMANI VI\u1ec6T NAM","article_modified_time":"2025-03-28T14:35:54+00:00","og_image":[{"width":585,"height":400,"url":"https:\/\/sipin.com.vn\/wp-content\/uploads\/2024\/09\/D-71570.png","type":"image\/png"}],"twitter_card":"summary_large_image","twitter_misc":{"\u01af\u1edbc t\u00ednh th\u1eddi gian \u0111\u1ecdc":"2 ph\u00fat"},"schema":{"@context":"https:\/\/schema.org","@graph":[{"@type":"WebPage","@id":"https:\/\/sipin.com.vn\/index.php\/product\/murr-d-71570\/","url":"https:\/\/sipin.com.vn\/index.php\/product\/murr-d-71570\/","name":"MURR D-71570 - OMANI VI\u1ec6T NAM","isPartOf":{"@id":"https:\/\/sipin.com.vn\/#website"},"primaryImageOfPage":{"@id":"https:\/\/sipin.com.vn\/index.php\/product\/murr-d-71570\/#primaryimage"},"image":{"@id":"https:\/\/sipin.com.vn\/index.php\/product\/murr-d-71570\/#primaryimage"},"thumbnailUrl":"https:\/\/sipin.com.vn\/wp-content\/uploads\/2024\/09\/D-71570.png","datePublished":"2024-09-06T22:37:16+00:00","dateModified":"2025-03-28T14:35:54+00:00","description":"MURR D-71570 Art.No.3000-16013-3100020 Relay Module","breadcrumb":{"@id":"https:\/\/sipin.com.vn\/index.php\/product\/murr-d-71570\/#breadcrumb"},"inLanguage":"vi","potentialAction":[{"@type":"ReadAction","target":["https:\/\/sipin.com.vn\/index.php\/product\/murr-d-71570\/"]}]},{"@type":"ImageObject","inLanguage":"vi","@id":"https:\/\/sipin.com.vn\/index.php\/product\/murr-d-71570\/#primaryimage","url":"https:\/\/sipin.com.vn\/wp-content\/uploads\/2024\/09\/D-71570.png","contentUrl":"https:\/\/sipin.com.vn\/wp-content\/uploads\/2024\/09\/D-71570.png","width":585,"height":400},{"@type":"BreadcrumbList","@id":"https:\/\/sipin.com.vn\/index.php\/product\/murr-d-71570\/#breadcrumb","itemListElement":[{"@type":"ListItem","position":1,"name":"Home","item":"https:\/\/sipin.com.vn\/"},{"@type":"ListItem","position":2,"name":"S\u1ea2N PH\u1ea8M","item":"https:\/\/sipin.com.vn\/index.php\/cua-hang\/"},{"@type":"ListItem","position":3,"name":"MURR D-71570"}]},{"@type":"WebSite","@id":"https:\/\/sipin.com.vn\/#website","url":"https:\/\/sipin.com.vn\/","name":"OMANI VI\u1ec6T NAM","description":"Nh\u00e0 ph\u00e2n ph\u1ed1i thi\u1ebft b\u1ecb kh\u00ed n\u00e9n v\u00e0 thi\u1ebft b\u1ecb t\u1ef1 \u0111\u1ed9ng h\u00f3a trong c\u00f4ng nghi\u1ec7p","publisher":{"@id":"https:\/\/sipin.com.vn\/#\/schema\/person\/0ad398a980dc3fd696111c2c5c8fa897"},"potentialAction":[{"@type":"SearchAction","target":{"@type":"EntryPoint","urlTemplate":"https:\/\/sipin.com.vn\/?s={search_term_string}"},"query-input":"required name=search_term_string"}],"inLanguage":"vi"},{"@type":["Person","Organization"],"@id":"https:\/\/sipin.com.vn\/#\/schema\/person\/0ad398a980dc3fd696111c2c5c8fa897","name":"Nguy\u1ec5n V\u0103n Kh\u00e1nh","image":{"@type":"ImageObject","inLanguage":"vi","@id":"https:\/\/sipin.com.vn\/#\/schema\/person\/image\/","url":"https:\/\/sipin.com.vn\/wp-content\/uploads\/2024\/06\/logo-1024x1024.png","contentUrl":"https:\/\/sipin.com.vn\/wp-content\/uploads\/2024\/06\/logo-1024x1024.png","width":1024,"height":1024,"caption":"Nguy\u1ec5n V\u0103n Kh\u00e1nh"},"logo":{"@id":"https:\/\/sipin.com.vn\/#\/schema\/person\/image\/"},"sameAs":["https:\/\/sipin.com.vn"]}]}},"_links":{"self":[{"href":"https:\/\/sipin.com.vn\/index.php\/wp-json\/wp\/v2\/product\/1675","targetHints":{"allow":["GET"]}}],"collection":[{"href":"https:\/\/sipin.com.vn\/index.php\/wp-json\/wp\/v2\/product"}],"about":[{"href":"https:\/\/sipin.com.vn\/index.php\/wp-json\/wp\/v2\/types\/product"}],"replies":[{"embeddable":true,"href":"https:\/\/sipin.com.vn\/index.php\/wp-json\/wp\/v2\/comments?post=1675"}],"wp:featuredmedia":[{"embeddable":true,"href":"https:\/\/sipin.com.vn\/index.php\/wp-json\/wp\/v2\/media\/1676"}],"wp:attachment":[{"href":"https:\/\/sipin.com.vn\/index.php\/wp-json\/wp\/v2\/media?parent=1675"}],"wp:term":[{"taxonomy":"product_cat","embeddable":true,"href":"https:\/\/sipin.com.vn\/index.php\/wp-json\/wp\/v2\/product_cat?post=1675"},{"taxonomy":"product_tag","embeddable":true,"href":"https:\/\/sipin.com.vn\/index.php\/wp-json\/wp\/v2\/product_tag?post=1675"}],"curies":[{"name":"wp","href":"https:\/\/api.w.org\/{rel}","templated":true}]}}