{"id":1666,"date":"2024-09-06T05:18:09","date_gmt":"2024-09-05T22:18:09","guid":{"rendered":"https:\/\/omanivietnam.com\/?post_type=product&#038;p=1666"},"modified":"2025-01-04T16:39:41","modified_gmt":"2025-01-04T09:39:41","slug":"murr-56731","status":"publish","type":"product","link":"https:\/\/sipin.com.vn\/index.php\/product\/murr-56731\/","title":{"rendered":"MURR 56731"},"content":{"rendered":"<p>MURR 56731<\/p>\n<p class=\"accordion-header\">Technical data<\/p>\n<div id=\"detailsAttributes\" class=\"accordion-collapse collapse show\" data-bs-parent=\"#detailsAccordion\">\n<div class=\"accordion-body\">\n<div id=\"attributes\">\n<div class=\"nfcAttrgroupItems\">Electrical data | Supply<\/div>\n<table class=\"attributes\">\n<tbody>\n<tr>\n<th id=\"attrTitle_1\"><strong>Norm operating voltage<\/strong><\/th>\n<td id=\"attrValue_1\">EN 61131-2<\/td>\n<\/tr>\n<tr>\n<th id=\"attrTitle_2\"><strong>Operating voltage US DC<\/strong><\/th>\n<td id=\"attrValue_2\">24 V<\/td>\n<\/tr>\n<tr>\n<th id=\"attrTitle_3\"><strong>Current consumption max.<\/strong><\/th>\n<td id=\"attrValue_3\">50 mA<\/td>\n<\/tr>\n<tr>\n<th id=\"attrTitle_4\"><strong>Total current UA max.<\/strong><\/th>\n<td id=\"attrValue_4\">4 A<\/td>\n<\/tr>\n<tr>\n<th id=\"attrTitle_5\"><strong>Total current US max.<\/strong><\/th>\n<td id=\"attrValue_5\">4 A<\/td>\n<\/tr>\n<\/tbody>\n<\/table>\n<div class=\"nfcAttrgroupItems\">Electrical data | Input<\/div>\n<table class=\"attributes\">\n<tbody>\n<tr>\n<th id=\"attrTitle_1\"><strong>Working resistance max.<\/strong><\/th>\n<td id=\"attrValue_1\">300 \u2126<\/td>\n<\/tr>\n<tr>\n<th id=\"attrTitle_2\"><strong>Overload resistant<\/strong><\/th>\n<td id=\"attrValue_2\">yes<\/td>\n<\/tr>\n<tr>\n<th id=\"attrTitle_3\"><strong>Short-circuit protected<\/strong><\/th>\n<td id=\"attrValue_3\">yes<\/td>\n<\/tr>\n<tr>\n<th id=\"attrTitle_4\"><strong>Differential input<\/strong><\/th>\n<td id=\"attrValue_4\">yes<\/td>\n<\/tr>\n<tr>\n<th id=\"attrTitle_5\"><strong>Current input mode 2 min.<\/strong><\/th>\n<td id=\"attrValue_5\">4 mA<\/td>\n<\/tr>\n<tr>\n<th id=\"attrTitle_6\"><strong>Current input mode 2 max.<\/strong><\/th>\n<td id=\"attrValue_6\">20 mA<\/td>\n<\/tr>\n<tr>\n<th id=\"attrTitle_7\"><strong>Input current min.<\/strong><\/th>\n<td id=\"attrValue_7\">0 mA<\/td>\n<\/tr>\n<tr>\n<th id=\"attrTitle_8\"><strong>Input current max.<\/strong><\/th>\n<td id=\"attrValue_8\">20 mA<\/td>\n<\/tr>\n<tr>\n<th id=\"attrTitle_9\"><strong>Sensor current US per input max.<\/strong><\/th>\n<td id=\"attrValue_9\">0,2 A<\/td>\n<\/tr>\n<tr>\n<th id=\"attrTitle_10\"><strong>Conversion time analog input per channel<\/strong><\/th>\n<td id=\"attrValue_10\">2 ms<\/td>\n<\/tr>\n<\/tbody>\n<\/table>\n<div class=\"nfcAttrgroupItems\">Diagnostics<\/div>\n<table class=\"attributes\">\n<tbody>\n<tr>\n<th id=\"attrTitle_1\"><strong>Actuator warning<\/strong><\/th>\n<td id=\"attrValue_1\">per channel via LED and BUS<\/td>\n<\/tr>\n<tr>\n<th id=\"attrTitle_2\"><strong>Diagnostic<\/strong><\/th>\n<td id=\"attrValue_2\">No voltage, Under voltage<\/td>\n<\/tr>\n<tr>\n<th id=\"attrTitle_3\"><strong>Diagnostic via BUS<\/strong><\/th>\n<td id=\"attrValue_3\">per module and channel<\/td>\n<\/tr>\n<tr>\n<th id=\"attrTitle_4\"><strong>Diagnostic via LED<\/strong><\/th>\n<td id=\"attrValue_4\">per module and channel<\/td>\n<\/tr>\n<tr>\n<th id=\"attrTitle_5\"><strong>Short circuit diagnosis<\/strong><\/th>\n<td id=\"attrValue_5\">yes<\/td>\n<\/tr>\n<tr>\n<th id=\"attrTitle_6\"><strong>LED display<\/strong><\/th>\n<td id=\"attrValue_6\">Ethernet connection\/data traffic<\/td>\n<\/tr>\n<tr>\n<th id=\"attrTitle_7\"><strong>Overload diagnosis<\/strong><\/th>\n<td id=\"attrValue_7\">yes<\/td>\n<\/tr>\n<\/tbody>\n<\/table>\n<div class=\"nfcAttrgroupItems\">Device protection | Electrical<\/div>\n<table class=\"attributes\">\n<tbody>\n<tr>\n<th id=\"attrTitle_1\"><strong>Degree of protection (EN IEC 60529)<\/strong><\/th>\n<td id=\"attrValue_1\">IP67<\/td>\n<\/tr>\n<\/tbody>\n<\/table>\n<div class=\"nfcAttrgroupItems\">Mechanical data | Mounting data<\/div>\n<table class=\"attributes\">\n<tbody>\n<tr>\n<th id=\"attrTitle_1\"><strong>Suitable for mounting type<\/strong><\/th>\n<td id=\"attrValue_1\">2-hole screw mounting<\/td>\n<\/tr>\n<tr>\n<th id=\"attrTitle_2\"><strong>Height<\/strong><\/th>\n<td id=\"attrValue_2\">150 mm<\/td>\n<\/tr>\n<tr>\n<th id=\"attrTitle_3\"><strong>Width<\/strong><\/th>\n<td id=\"attrValue_3\">30 mm<\/td>\n<\/tr>\n<tr>\n<th id=\"attrTitle_4\"><strong>Depth<\/strong><\/th>\n<td id=\"attrValue_4\">34,5 mm<\/td>\n<\/tr>\n<\/tbody>\n<\/table>\n<div class=\"nfcAttrgroupItems\">Environmental characteristics | Climatic<\/div>\n<table class=\"attributes\">\n<tbody>\n<tr>\n<th id=\"attrTitle_1\"><strong>Operating temperature min.<\/strong><\/th>\n<td id=\"attrValue_1\">0 \u00b0C<\/td>\n<\/tr>\n<tr>\n<th id=\"attrTitle_2\"><strong>Operating temperature max.<\/strong><\/th>\n<td id=\"attrValue_2\">55 \u00b0C<\/td>\n<\/tr>\n<tr>\n<th id=\"attrTitle_3\"><strong>Storage temperature min.<\/strong><\/th>\n<td id=\"attrValue_3\">-20 \u00b0C<\/td>\n<\/tr>\n<tr>\n<th id=\"attrTitle_4\"><strong>Storage temperature max.<\/strong><\/th>\n<td id=\"attrValue_4\">75 \u00b0C<\/td>\n<\/tr>\n<\/tbody>\n<\/table>\n<\/div>\n<div class=\"nfcAttrgroupItems\">Connection types<\/div>\n<table class=\"attributes\">\n<tbody>\n<tr>\n<th id=\"attrTitle_1\"><strong>Connection type 1<\/strong><\/th>\n<td id=\"attrValue_1\">0-7<\/td>\n<\/tr>\n<tr>\n<th id=\"attrTitle_2\"><strong>Connection type 2<\/strong><\/th>\n<td id=\"attrValue_2\">Bus In<\/td>\n<\/tr>\n<tr>\n<th id=\"attrTitle_3\"><strong>Connection type 3<\/strong><\/th>\n<td id=\"attrValue_3\">Bus Out<\/td>\n<\/tr>\n<\/tbody>\n<\/table>\n<div class=\"nfcAttrgroupItems\">Connection type 1<\/div>\n<table class=\"attributes\">\n<tbody>\n<tr>\n<th id=\"attrTitle_1\"><strong>Family construction form<\/strong><\/th>\n<td id=\"attrValue_1\">M12<\/td>\n<\/tr>\n<tr>\n<th id=\"attrTitle_2\"><strong>Gender<\/strong><\/th>\n<td id=\"attrValue_2\">female<\/td>\n<\/tr>\n<tr>\n<th id=\"attrTitle_3\"><strong>Color contact carrier<\/strong><\/th>\n<td id=\"attrValue_3\">black<\/td>\n<\/tr>\n<tr>\n<th id=\"attrTitle_4\"><strong>Coding<\/strong><\/th>\n<td id=\"attrValue_4\">A<\/td>\n<\/tr>\n<tr>\n<th id=\"attrTitle_5\"><strong>No. of poles<\/strong><\/th>\n<td id=\"attrValue_5\">5<\/td>\n<\/tr>\n<tr>\n<th id=\"attrTitle_6\"><strong>PIN 1<\/strong><\/th>\n<td id=\"attrValue_6\">24 V DC (US)<\/td>\n<\/tr>\n<tr>\n<th id=\"attrTitle_7\"><strong>PIN 2<\/strong><\/th>\n<td id=\"attrValue_7\">AI +<\/td>\n<\/tr>\n<tr>\n<th id=\"attrTitle_8\"><strong>PIN 3<\/strong><\/th>\n<td id=\"attrValue_8\">0 V<\/td>\n<\/tr>\n<tr>\n<th id=\"attrTitle_9\"><strong>PIN 4<\/strong><\/th>\n<td id=\"attrValue_9\">AI &#8211;<\/td>\n<\/tr>\n<tr>\n<th id=\"attrTitle_10\"><strong>PIN 5<\/strong><\/th>\n<td id=\"attrValue_10\">n.c.<\/td>\n<\/tr>\n<\/tbody>\n<\/table>\n<div class=\"nfcAttrgroupItems\">Connection type 2<\/div>\n<table class=\"attributes\">\n<tbody>\n<tr>\n<th id=\"attrTitle_1\"><strong>Family construction form<\/strong><\/th>\n<td id=\"attrValue_1\">M12<\/td>\n<\/tr>\n<tr>\n<th id=\"attrTitle_2\"><strong>Gender<\/strong><\/th>\n<td id=\"attrValue_2\">male<\/td>\n<\/tr>\n<tr>\n<th id=\"attrTitle_3\"><strong>Color contact carrier<\/strong><\/th>\n<td id=\"attrValue_3\">black<\/td>\n<\/tr>\n<tr>\n<th id=\"attrTitle_4\"><strong>Coding<\/strong><\/th>\n<td id=\"attrValue_4\">A<\/td>\n<\/tr>\n<tr>\n<th id=\"attrTitle_5\"><strong>No. of poles<\/strong><\/th>\n<td id=\"attrValue_5\">6<\/td>\n<\/tr>\n<tr>\n<th id=\"attrTitle_6\"><strong>PIN 1<\/strong><\/th>\n<td id=\"attrValue_6\">24 V DC (UA)<\/td>\n<\/tr>\n<tr>\n<th id=\"attrTitle_7\"><strong>PIN 2<\/strong><\/th>\n<td id=\"attrValue_7\">24 V DC (US)<\/td>\n<\/tr>\n<tr>\n<th id=\"attrTitle_8\"><strong>PIN 3<\/strong><\/th>\n<td id=\"attrValue_8\">0 V<\/td>\n<\/tr>\n<tr>\n<th id=\"attrTitle_9\"><strong>PIN 4<\/strong><\/th>\n<td id=\"attrValue_9\">Bus internal<\/td>\n<\/tr>\n<tr>\n<th id=\"attrTitle_10\"><strong>PIN 5<\/strong><\/th>\n<td id=\"attrValue_10\">Bus internal<\/td>\n<\/tr>\n<tr>\n<th id=\"attrTitle_11\"><strong>PIN 6<\/strong><\/th>\n<td id=\"attrValue_11\">0 V<\/td>\n<\/tr>\n<\/tbody>\n<\/table>\n<div class=\"nfcAttrgroupItems\">Connection type 3<\/div>\n<table class=\"attributes\">\n<tbody>\n<tr>\n<th id=\"attrTitle_1\"><strong>Family construction form<\/strong><\/th>\n<td id=\"attrValue_1\">M12<\/td>\n<\/tr>\n<tr>\n<th id=\"attrTitle_2\"><strong>Gender<\/strong><\/th>\n<td id=\"attrValue_2\">female<\/td>\n<\/tr>\n<tr>\n<th id=\"attrTitle_3\"><strong>Color contact carrier<\/strong><\/th>\n<td id=\"attrValue_3\">black<\/td>\n<\/tr>\n<tr>\n<th id=\"attrTitle_4\"><strong>Coding<\/strong><\/th>\n<td id=\"attrValue_4\">A<\/td>\n<\/tr>\n<tr>\n<th id=\"attrTitle_5\"><strong>No. of poles<\/strong><\/th>\n<td id=\"attrValue_5\">6<\/td>\n<\/tr>\n<tr>\n<th id=\"attrTitle_6\"><strong>PIN 1<\/strong><\/th>\n<td id=\"attrValue_6\">24 V DC (UA)<\/td>\n<\/tr>\n<tr>\n<th id=\"attrTitle_7\"><strong>PIN 2<\/strong><\/th>\n<td id=\"attrValue_7\">24 V DC (US)<\/td>\n<\/tr>\n<tr>\n<th id=\"attrTitle_8\"><strong>PIN 3<\/strong><\/th>\n<td id=\"attrValue_8\">0 V<\/td>\n<\/tr>\n<tr>\n<th id=\"attrTitle_9\"><strong>PIN 4<\/strong><\/th>\n<td id=\"attrValue_9\">Bus internal<\/td>\n<\/tr>\n<tr>\n<th id=\"attrTitle_10\"><strong>PIN 5<\/strong><\/th>\n<td id=\"attrValue_10\">Bus internal<\/td>\n<\/tr>\n<tr>\n<th id=\"attrTitle_11\"><strong>PIN 6<\/strong><\/th>\n<td id=\"attrValue_11\">0 V<\/td>\n<\/tr>\n<\/tbody>\n<\/table>\n<\/div>\n<p>C\u00e1c m\u00e3 h\u00e0ng Murr:<\/p>\n<\/div>\n<table width=\"634\">\n<tbody>\n<tr>\n<td width=\"155\">MURR<\/td>\n<td width=\"414\">MSUDK-IB1L-MB5 5m<\/td>\n<td width=\"65\"><\/td>\n<\/tr>\n<tr>\n<td>MURR<\/td>\n<td>MSUES-EB7B-PB3 3m<\/td>\n<td><\/td>\n<\/tr>\n<tr>\n<td>MURR<\/td>\n<td>D-71570<\/td>\n<td><\/td>\n<\/tr>\n<\/tbody>\n<\/table>\n<p>\u0110\u1ea1i l\u00fd MURR vietnam, MURR viet nam, MURR vietnam distributor, Ph\u00e2n ph\u1ed1i MURR t\u1ea1i vi\u1ec7t nam<\/p>\n<p>\u0110\u1ea1i l\u00fd MURR vietnam, MURR viet nam, MURR vietnam distributor, Ph\u00e2n ph\u1ed1i MURR t\u1ea1i vi\u1ec7t nam<\/p>\n<p>\u0110\u1ea1i l\u00fd MURR vietnam, MURR viet nam, MURR vietnam distributor, Ph\u00e2n ph\u1ed1i MURR t\u1ea1i vi\u1ec7t nam<\/p>\n<p>\u0110\u1ea1i l\u00fd MURR vietnam, MURR viet nam, MURR vietnam distributor, Ph\u00e2n ph\u1ed1i MURR t\u1ea1i vi\u1ec7t nam<\/p>\n<p>\u0110\u1ea1i l\u00fd MURR vietnam, MURR viet nam, MURR vietnam distributor, Ph\u00e2n ph\u1ed1i MURR t\u1ea1i vi\u1ec7t nam<\/p>\n","protected":false},"excerpt":{"rendered":"<p>MURR 56731 Technical data Electrical data | Supply Norm operating voltage EN 61131-2 Operating voltage US DC 24 V Current consumption max. 50 mA Total current UA max. 4 A Total current US max. 4 A Electrical data | Input Working resistance max. 300 \u2126 Overload resistant yes Short-circuit protected&hellip; <\/p>\n","protected":false},"featured_media":1667,"comment_status":"open","ping_status":"closed","template":"","meta":{"om_disable_all_campaigns":false,"_monsterinsights_skip_tracking":false,"_monsterinsights_sitenote_active":false,"_monsterinsights_sitenote_note":"","_monsterinsights_sitenote_category":0},"product_cat":[15],"product_tag":[449,450,159,448],"class_list":{"0":"post-1666","1":"product","2":"type-product","3":"status-publish","4":"has-post-thumbnail","6":"product_cat-apex","7":"product_tag-dai-ly-murr-viet-nam","8":"product_tag-extension-module","9":"product_tag-mo-dun","10":"product_tag-murr-viet-nam","12":"first","13":"instock","14":"shipping-taxable","15":"product-type-simple"},"aioseo_notices":[],"yoast_head":"<!-- This site is optimized with the Yoast SEO plugin v22.8 - https:\/\/yoast.com\/wordpress\/plugins\/seo\/ -->\n<title>MURR 56731 - OMANI VI\u1ec6T NAM<\/title>\n<meta name=\"description\" content=\"56731 MURRELEKTRONIK CUBE67 I\/O EXTENSION MODULE 4 analog inputs\" \/>\n<meta name=\"robots\" content=\"index, follow, max-snippet:-1, max-image-preview:large, max-video-preview:-1\" \/>\n<link rel=\"canonical\" href=\"https:\/\/sipin.com.vn\/index.php\/product\/murr-56731\/\" \/>\n<meta property=\"og:locale\" content=\"vi_VN\" \/>\n<meta property=\"og:type\" content=\"article\" \/>\n<meta property=\"og:title\" content=\"MURR 56731 - OMANI VI\u1ec6T NAM\" \/>\n<meta property=\"og:description\" content=\"56731 MURRELEKTRONIK CUBE67 I\/O EXTENSION MODULE 4 analog inputs\" \/>\n<meta property=\"og:url\" content=\"https:\/\/sipin.com.vn\/index.php\/product\/murr-56731\/\" \/>\n<meta property=\"og:site_name\" content=\"OMANI VI\u1ec6T NAM\" \/>\n<meta property=\"article:modified_time\" content=\"2025-01-04T09:39:41+00:00\" \/>\n<meta property=\"og:image\" content=\"https:\/\/sipin.com.vn\/wp-content\/uploads\/2024\/09\/56731.png\" \/>\n\t<meta property=\"og:image:width\" content=\"646\" \/>\n\t<meta property=\"og:image:height\" content=\"595\" \/>\n\t<meta property=\"og:image:type\" content=\"image\/png\" \/>\n<meta name=\"twitter:card\" content=\"summary_large_image\" \/>\n<meta name=\"twitter:label1\" content=\"\u01af\u1edbc t\u00ednh th\u1eddi gian \u0111\u1ecdc\" \/>\n\t<meta name=\"twitter:data1\" content=\"3 ph\u00fat\" \/>\n<script type=\"application\/ld+json\" class=\"yoast-schema-graph\">{\"@context\":\"https:\/\/schema.org\",\"@graph\":[{\"@type\":\"WebPage\",\"@id\":\"https:\/\/sipin.com.vn\/index.php\/product\/murr-56731\/\",\"url\":\"https:\/\/sipin.com.vn\/index.php\/product\/murr-56731\/\",\"name\":\"MURR 56731 - OMANI VI\u1ec6T NAM\",\"isPartOf\":{\"@id\":\"https:\/\/sipin.com.vn\/#website\"},\"primaryImageOfPage\":{\"@id\":\"https:\/\/sipin.com.vn\/index.php\/product\/murr-56731\/#primaryimage\"},\"image\":{\"@id\":\"https:\/\/sipin.com.vn\/index.php\/product\/murr-56731\/#primaryimage\"},\"thumbnailUrl\":\"https:\/\/sipin.com.vn\/wp-content\/uploads\/2024\/09\/56731.png\",\"datePublished\":\"2024-09-05T22:18:09+00:00\",\"dateModified\":\"2025-01-04T09:39:41+00:00\",\"description\":\"56731 MURRELEKTRONIK CUBE67 I\/O EXTENSION MODULE 4 analog inputs\",\"breadcrumb\":{\"@id\":\"https:\/\/sipin.com.vn\/index.php\/product\/murr-56731\/#breadcrumb\"},\"inLanguage\":\"vi\",\"potentialAction\":[{\"@type\":\"ReadAction\",\"target\":[\"https:\/\/sipin.com.vn\/index.php\/product\/murr-56731\/\"]}]},{\"@type\":\"ImageObject\",\"inLanguage\":\"vi\",\"@id\":\"https:\/\/sipin.com.vn\/index.php\/product\/murr-56731\/#primaryimage\",\"url\":\"https:\/\/sipin.com.vn\/wp-content\/uploads\/2024\/09\/56731.png\",\"contentUrl\":\"https:\/\/sipin.com.vn\/wp-content\/uploads\/2024\/09\/56731.png\",\"width\":646,\"height\":595},{\"@type\":\"BreadcrumbList\",\"@id\":\"https:\/\/sipin.com.vn\/index.php\/product\/murr-56731\/#breadcrumb\",\"itemListElement\":[{\"@type\":\"ListItem\",\"position\":1,\"name\":\"Home\",\"item\":\"https:\/\/sipin.com.vn\/\"},{\"@type\":\"ListItem\",\"position\":2,\"name\":\"S\u1ea2N PH\u1ea8M\",\"item\":\"https:\/\/sipin.com.vn\/index.php\/cua-hang\/\"},{\"@type\":\"ListItem\",\"position\":3,\"name\":\"MURR 56731\"}]},{\"@type\":\"WebSite\",\"@id\":\"https:\/\/sipin.com.vn\/#website\",\"url\":\"https:\/\/sipin.com.vn\/\",\"name\":\"OMANI VI\u1ec6T NAM\",\"description\":\"Nh\u00e0 ph\u00e2n ph\u1ed1i thi\u1ebft b\u1ecb kh\u00ed n\u00e9n v\u00e0 thi\u1ebft b\u1ecb t\u1ef1 \u0111\u1ed9ng h\u00f3a trong c\u00f4ng nghi\u1ec7p\",\"publisher\":{\"@id\":\"https:\/\/sipin.com.vn\/#\/schema\/person\/0ad398a980dc3fd696111c2c5c8fa897\"},\"potentialAction\":[{\"@type\":\"SearchAction\",\"target\":{\"@type\":\"EntryPoint\",\"urlTemplate\":\"https:\/\/sipin.com.vn\/?s={search_term_string}\"},\"query-input\":\"required name=search_term_string\"}],\"inLanguage\":\"vi\"},{\"@type\":[\"Person\",\"Organization\"],\"@id\":\"https:\/\/sipin.com.vn\/#\/schema\/person\/0ad398a980dc3fd696111c2c5c8fa897\",\"name\":\"Nguy\u1ec5n V\u0103n Kh\u00e1nh\",\"image\":{\"@type\":\"ImageObject\",\"inLanguage\":\"vi\",\"@id\":\"https:\/\/sipin.com.vn\/#\/schema\/person\/image\/\",\"url\":\"https:\/\/sipin.com.vn\/wp-content\/uploads\/2024\/06\/logo-1024x1024.png\",\"contentUrl\":\"https:\/\/sipin.com.vn\/wp-content\/uploads\/2024\/06\/logo-1024x1024.png\",\"width\":1024,\"height\":1024,\"caption\":\"Nguy\u1ec5n V\u0103n Kh\u00e1nh\"},\"logo\":{\"@id\":\"https:\/\/sipin.com.vn\/#\/schema\/person\/image\/\"},\"sameAs\":[\"https:\/\/sipin.com.vn\"]}]}<\/script>\n<!-- \/ Yoast SEO plugin. -->","yoast_head_json":{"title":"MURR 56731 - OMANI VI\u1ec6T NAM","description":"56731 MURRELEKTRONIK CUBE67 I\/O EXTENSION MODULE 4 analog inputs","robots":{"index":"index","follow":"follow","max-snippet":"max-snippet:-1","max-image-preview":"max-image-preview:large","max-video-preview":"max-video-preview:-1"},"canonical":"https:\/\/sipin.com.vn\/index.php\/product\/murr-56731\/","og_locale":"vi_VN","og_type":"article","og_title":"MURR 56731 - OMANI VI\u1ec6T NAM","og_description":"56731 MURRELEKTRONIK CUBE67 I\/O EXTENSION MODULE 4 analog inputs","og_url":"https:\/\/sipin.com.vn\/index.php\/product\/murr-56731\/","og_site_name":"OMANI VI\u1ec6T NAM","article_modified_time":"2025-01-04T09:39:41+00:00","og_image":[{"width":646,"height":595,"url":"https:\/\/sipin.com.vn\/wp-content\/uploads\/2024\/09\/56731.png","type":"image\/png"}],"twitter_card":"summary_large_image","twitter_misc":{"\u01af\u1edbc t\u00ednh th\u1eddi gian \u0111\u1ecdc":"3 ph\u00fat"},"schema":{"@context":"https:\/\/schema.org","@graph":[{"@type":"WebPage","@id":"https:\/\/sipin.com.vn\/index.php\/product\/murr-56731\/","url":"https:\/\/sipin.com.vn\/index.php\/product\/murr-56731\/","name":"MURR 56731 - OMANI VI\u1ec6T NAM","isPartOf":{"@id":"https:\/\/sipin.com.vn\/#website"},"primaryImageOfPage":{"@id":"https:\/\/sipin.com.vn\/index.php\/product\/murr-56731\/#primaryimage"},"image":{"@id":"https:\/\/sipin.com.vn\/index.php\/product\/murr-56731\/#primaryimage"},"thumbnailUrl":"https:\/\/sipin.com.vn\/wp-content\/uploads\/2024\/09\/56731.png","datePublished":"2024-09-05T22:18:09+00:00","dateModified":"2025-01-04T09:39:41+00:00","description":"56731 MURRELEKTRONIK CUBE67 I\/O EXTENSION MODULE 4 analog inputs","breadcrumb":{"@id":"https:\/\/sipin.com.vn\/index.php\/product\/murr-56731\/#breadcrumb"},"inLanguage":"vi","potentialAction":[{"@type":"ReadAction","target":["https:\/\/sipin.com.vn\/index.php\/product\/murr-56731\/"]}]},{"@type":"ImageObject","inLanguage":"vi","@id":"https:\/\/sipin.com.vn\/index.php\/product\/murr-56731\/#primaryimage","url":"https:\/\/sipin.com.vn\/wp-content\/uploads\/2024\/09\/56731.png","contentUrl":"https:\/\/sipin.com.vn\/wp-content\/uploads\/2024\/09\/56731.png","width":646,"height":595},{"@type":"BreadcrumbList","@id":"https:\/\/sipin.com.vn\/index.php\/product\/murr-56731\/#breadcrumb","itemListElement":[{"@type":"ListItem","position":1,"name":"Home","item":"https:\/\/sipin.com.vn\/"},{"@type":"ListItem","position":2,"name":"S\u1ea2N PH\u1ea8M","item":"https:\/\/sipin.com.vn\/index.php\/cua-hang\/"},{"@type":"ListItem","position":3,"name":"MURR 56731"}]},{"@type":"WebSite","@id":"https:\/\/sipin.com.vn\/#website","url":"https:\/\/sipin.com.vn\/","name":"OMANI VI\u1ec6T NAM","description":"Nh\u00e0 ph\u00e2n ph\u1ed1i thi\u1ebft b\u1ecb kh\u00ed n\u00e9n v\u00e0 thi\u1ebft b\u1ecb t\u1ef1 \u0111\u1ed9ng h\u00f3a trong c\u00f4ng nghi\u1ec7p","publisher":{"@id":"https:\/\/sipin.com.vn\/#\/schema\/person\/0ad398a980dc3fd696111c2c5c8fa897"},"potentialAction":[{"@type":"SearchAction","target":{"@type":"EntryPoint","urlTemplate":"https:\/\/sipin.com.vn\/?s={search_term_string}"},"query-input":"required name=search_term_string"}],"inLanguage":"vi"},{"@type":["Person","Organization"],"@id":"https:\/\/sipin.com.vn\/#\/schema\/person\/0ad398a980dc3fd696111c2c5c8fa897","name":"Nguy\u1ec5n V\u0103n Kh\u00e1nh","image":{"@type":"ImageObject","inLanguage":"vi","@id":"https:\/\/sipin.com.vn\/#\/schema\/person\/image\/","url":"https:\/\/sipin.com.vn\/wp-content\/uploads\/2024\/06\/logo-1024x1024.png","contentUrl":"https:\/\/sipin.com.vn\/wp-content\/uploads\/2024\/06\/logo-1024x1024.png","width":1024,"height":1024,"caption":"Nguy\u1ec5n V\u0103n Kh\u00e1nh"},"logo":{"@id":"https:\/\/sipin.com.vn\/#\/schema\/person\/image\/"},"sameAs":["https:\/\/sipin.com.vn"]}]}},"_links":{"self":[{"href":"https:\/\/sipin.com.vn\/index.php\/wp-json\/wp\/v2\/product\/1666","targetHints":{"allow":["GET"]}}],"collection":[{"href":"https:\/\/sipin.com.vn\/index.php\/wp-json\/wp\/v2\/product"}],"about":[{"href":"https:\/\/sipin.com.vn\/index.php\/wp-json\/wp\/v2\/types\/product"}],"replies":[{"embeddable":true,"href":"https:\/\/sipin.com.vn\/index.php\/wp-json\/wp\/v2\/comments?post=1666"}],"wp:featuredmedia":[{"embeddable":true,"href":"https:\/\/sipin.com.vn\/index.php\/wp-json\/wp\/v2\/media\/1667"}],"wp:attachment":[{"href":"https:\/\/sipin.com.vn\/index.php\/wp-json\/wp\/v2\/media?parent=1666"}],"wp:term":[{"taxonomy":"product_cat","embeddable":true,"href":"https:\/\/sipin.com.vn\/index.php\/wp-json\/wp\/v2\/product_cat?post=1666"},{"taxonomy":"product_tag","embeddable":true,"href":"https:\/\/sipin.com.vn\/index.php\/wp-json\/wp\/v2\/product_tag?post=1666"}],"curies":[{"name":"wp","href":"https:\/\/api.w.org\/{rel}","templated":true}]}}