{"id":1620,"date":"2024-08-31T05:18:46","date_gmt":"2024-08-30T22:18:46","guid":{"rendered":"https:\/\/omanivietnam.com\/?post_type=product&#038;p=1620"},"modified":"2024-08-31T05:20:14","modified_gmt":"2024-08-30T22:20:14","slug":"ckd-dt3000-15-w","status":"publish","type":"product","link":"https:\/\/sipin.com.vn\/index.php\/product\/ckd-dt3000-15-w\/","title":{"rendered":"CKD DT3000-15-W"},"content":{"rendered":"<p>CKD DT3000-15-W<\/p>\n<p>\u00c1p su\u1ea5t l\u00e0m vi\u1ec7c: 0.10 ~ 1.0\u00a0(MPa)<br \/>\nKh\u00ed th\u1ea3i c\u1ed1ng ([[ph\u00e2n kh\u1ed1i]] \/ l\u1ea7n): 30<br \/>\nK\u00edch th\u01b0\u1edbc ng\u00f5 v\u00e0o ra: RC1\/2&#8221; (inch)<br \/>\nChi\u1ec1u r\u1ed9ng (mm): 84<br \/>\nChi\u1ec1u s\u00e2u (mm): 79<br \/>\nChi\u1ec1u cao (mm): 201<br \/>\nCh\u1ea5t l\u1ecfng: X\u1ea3 trong kh\u00f4ng kh\u00ed (n\u01b0\u1edbc ho\u1eb7c d\u1ea7u) \/ \u00e1p Proof: 1.5MPa<br \/>\nNhi\u1ec7t \u0111\u1ed9 ch\u1ea5t l\u1ecfng l\u00e0m vi\u1ec7c: 5 ~ 60 \u2103<\/p>\n<p>C\u00f4ng ngh\u1ec7: x\u1ea3 d\u1ef1a tr\u00ean nguy\u00ean l\u00fd phao c\u01a1<\/p>\n<p><b>C\u00e1c t\u00ednh n\u0103ng<\/b><br \/>\nTr\u1ecdng l\u01b0\u1ee3ng nh\u1eb9, nh\u1ecf g\u1ecdn v\u00e0 ph\u00f9 h\u1ee3p, n\u00f3 l\u00e0 thi\u1ebft b\u1ecb tho\u00e1t\u00a0n\u01b0\u1edbc kh\u1ecfi h\u1ec7 th\u1ed1ng kh\u00ed n\u00e9n c\u00f3\u00a0tu\u1ed5i th\u1ecd cao c\u00f9ng\u00a0\u0111\u1ed9 tin c\u1eady tuy\u1ec7t v\u1eddi\u00a0c\u1ee7a nh\u1edd\u00a0vi\u1ec7c \u00e1p d\u1ee5ng c\u00e1c c\u01a1 ch\u1ebf m\u1edbi trong thi\u1ebft k\u1ebf.<\/p>\n<p>\u00b7C\u00f3 th\u1ec3 k\u1ebft n\u1ed1i ng\u00f5 v\u00e0o b\u00ean tr\u00ean\u00a0\u0111\u1ec9nh ho\u1eb7c b\u00ean h\u00f4ng c\u1ed1c x\u1ea3 n\u01b0\u1edbc\u00a0\u0111\u1ec3 ph\u00f9 h\u1ee3p v\u1ecb tr\u00ed, y\u00eau c\u1ea7u l\u1eafp\u00a0\u0111\u1eb7t\u00a0cho t\u1eebng\u00a0\u1ee9ng d\u1ee5ng (2 ng\u00f5 v\u00e0o).<\/p>\n<p>V\u00e0 \u1ee9ng d\u1ee5ng \u0111\u00e3 \u0111\u01b0\u1ee3c chu\u1ea9n b\u1ecb hai lo\u1ea1i th\u01b0\u1eddng m\u1edf (DT3000 \u00b7 DT4000) \u00b7 th\u01b0\u1eddng \u0111\u00f3ng (DT3010 \u00b7 DT4010) \u0111\u1ec3 ph\u00f9 h\u1ee3p.<br \/>\n\u2022 C\u00e1c c\u1ed1ng \u0111\u01b0\u1ee3c l\u1eafp \u0111\u1eb7t thi\u1ebft b\u1ecb cho \u0111\u01b0\u1eddng \u1ed1ng.<br \/>\n\u2022 g\u00e0 b\u1eb1ng tay l\u00e0 thi\u1ebft b\u1ecb ti\u00eau chu\u1ea9n.<\/p>\n<p>Nylon b\u00e1t b\u00e1t kim lo\u1ea1i v\u1eadt li\u1ec7u c\u1ee7a c\u00e1c h\u1ed9i \u0111\u1ed3ng b\u00e1t \u0111\u1ec3 ph\u00f9 h\u1ee3p v\u1edbi m\u00f4i tr\u01b0\u1eddng c\u1ee7a b\u1ea1n c\u0169ng c\u00f3 s\u1eb5n nh\u01b0 l\u00e0 m\u1ed9t t\u00f9y ch\u1ecdn.<br \/>\n\u25a0 \u1ee8ng d\u1ee5ng v\u00e0 s\u1eed d\u1ee5ng \u0111\u1ec3 t\u1ef1 \u0111\u1ed9ng x\u1ea3 khi c\u1ed1ng t\u00edch l\u0169y trong th\u00f9ng m\u00e1y n\u00e9n kh\u00ed v\u00e0 kh\u00f4ng kh\u00ed trong \u0111\u01b0\u1eddng \u1ed1ng s\u1ebd tr\u1edf th\u00e0nh m\u1ed9t s\u1ed1 ti\u1ec1n nh\u1ea5t \u0111\u1ecbnh.<br \/>\n\u25a0 Th\u00f4ng s\u1ed1 k\u1ef9 thu\u1eadt v\u00e0 \u00e1p d\u1ee5ng (MPa): 0.10 ~ 1.0 -port k\u00edch th\u01b0\u1edbc: RC1 \/ 2 -width (mm): 84 -Depth (mm): 79 -height (mm): 201 th\u1ea3i -drain ([[ph\u00e2n kh\u1ed1i] ] \/ l\u1ea7n): 30 Lo\u1ea1i: NO -mass (kg): 0,45 -Fluid: X\u1ea3 trong kh\u00f4ng kh\u00ed (n\u01b0\u1edbc ho\u1eb7c d\u1ea7u) \/ Proof \u00e1p: 1,5 MPa Nhi\u1ec7t \u0111\u1ed9 -fluid: 5 ~ 60 \u00b0 C. h\u1ec7 th\u1ed1ng -drainage: t\u1eafc c\u01a1 ch\u1ebf ph\u1ea1m vi v\u00e0 s\u1eed d\u1ee5ng \u00e1p l\u1ef1c: NO-0.1 ~ 1 MPa \/ NC-0.15 ~ 1 MPa -Drain c\u1ed5ng: m\u0103ng n\u00fam v\u00fa (K\u1ebft n\u1ed1i c\u00e1c \u1ed1ng nylon b\u00ean trong c\u00f3 \u0111\u01b0\u1eddng k\u00ednh Fai5.7 ~ 6)<br \/>\n\u25a0 Caution &#8211; s\u1eed d\u1ee5ng m\u00e1y n\u00e9n \u0111\u1ec3 t\u1ed1c \u0111\u1ed9 d\u00f2ng ch\u1ea3y nh\u1ecf d\u01b0\u1edbi 0.75KW H\u00e3y ch\u1ecdn m\u1ed9t lo\u1ea1i th\u01b0\u1eddng \u0111\u00f3ng N\u1ebfu b\u1ea1n \u0111ang s\u1eed d\u1ee5ng.<br \/>\n\u25a0 Xu\u1ea5t x\u1ee9 Nh\u1eadt B\u1ea3n<br \/>\n\u25a0 kh\u1ed1i l\u01b0\u1ee3ng 0,45 kg<\/p>\n<p class=\"m-h1\">Snap Drain DT Series (DT3000-15-W)<\/p>\n<p class=\"m-h3\"><span data-lang=\"ENG\">Configured Specifications<\/span><\/p>\n<table class=\"m-listTable\" summary=\"Price, Spec., etc.\">\n<colgroup>\n<col width=\"20%\" \/>\n<col width=\"30%\" \/>\n<col width=\"20%\" \/>\n<col width=\"30%\" \/><\/colgroup>\n<tbody>\n<tr>\n<th>Type<\/th>\n<td>Drain Discharge Apparatus<\/td>\n<th>Drain Discharge<\/th>\n<td>[Auto\/Manual Discharging] Normally Open Type Auto Drain<\/td>\n<\/tr>\n<tr>\n<th>Drain Discharge Operating Method<\/th>\n<td>Float type<\/td>\n<th>Power Supply<\/th>\n<td>No Power Supply Type<\/td>\n<\/tr>\n<tr>\n<th>Inlet Connection Type<\/th>\n<td>[R(Rc)] Rc<\/td>\n<th>Inlet Connection Screw Nominal<\/th>\n<td>1\/2B<\/td>\n<\/tr>\n<tr>\n<th>Outlet Connection Type<\/th>\n<td>Rc<\/td>\n<th>Outlet Screw Nominal<\/th>\n<td>1\/4B<\/td>\n<\/tr>\n<tr>\n<th>Max. Operating Pressure(MPa)<\/th>\n<td>1.5<\/td>\n<th>Bowl material<\/th>\n<td>Metal Bowl (With Gauge) Drain Port Rc1\/4<\/td>\n<\/tr>\n<tr>\n<th>Petcock<\/th>\n<td>Pipe Plug Assembly<\/td>\n<th>Bracket<\/th>\n<td>No<\/td>\n<\/tr>\n<tr class=\"VN_table-row\">\n<th>Manual Cock<\/th>\n<td>No<\/td>\n<th>Snap drain power specifications<\/th>\n<td>Standard<\/td>\n<\/tr>\n<\/tbody>\n<\/table>\n<p>&nbsp;<\/p>\n<p>\u0110\u1ea1i l\u00fd CKD vietnam, CKD viet nam, CKD vietnam distributor, Ph\u00e2n ph\u1ed1i CKD t\u1ea1i vi\u1ec7t nam<\/p>\n<p>\u0110\u1ea1i l\u00fd CKD vietnam, CKD viet nam, CKD vietnam distributor, Ph\u00e2n ph\u1ed1i CKD t\u1ea1i vi\u1ec7t nam<\/p>\n<p>\u0110\u1ea1i l\u00fd CKD vietnam, CKD viet nam, CKD vietnam distributor, Ph\u00e2n ph\u1ed1i CKD t\u1ea1i vi\u1ec7t nam<\/p>\n<p>\u0110\u1ea1i l\u00fd CKD vietnam, CKD viet nam, CKD vietnam distributor, Ph\u00e2n ph\u1ed1i CKD t\u1ea1i vi\u1ec7t nam<\/p>\n<p>\u0110\u1ea1i l\u00fd CKD vietnam, CKD viet nam, CKD vietnam distributor, Ph\u00e2n ph\u1ed1i CKD t\u1ea1i vi\u1ec7t nam<\/p>\n","protected":false},"excerpt":{"rendered":"<p>CKD DT3000-15-W \u00c1p su\u1ea5t l\u00e0m vi\u1ec7c: 0.10 ~ 1.0\u00a0(MPa) Kh\u00ed th\u1ea3i c\u1ed1ng ([[ph\u00e2n kh\u1ed1i]] \/ l\u1ea7n): 30 K\u00edch th\u01b0\u1edbc ng\u00f5 v\u00e0o ra: RC1\/2&#8221; (inch) Chi\u1ec1u r\u1ed9ng (mm): 84 Chi\u1ec1u s\u00e2u (mm): 79 Chi\u1ec1u cao (mm): 201 Ch\u1ea5t l\u1ecfng: X\u1ea3 trong kh\u00f4ng kh\u00ed (n\u01b0\u1edbc ho\u1eb7c d\u1ea7u) \/ \u00e1p Proof: 1.5MPa Nhi\u1ec7t&hellip; <\/p>\n","protected":false},"featured_media":1621,"comment_status":"open","ping_status":"closed","template":"","meta":{"om_disable_all_campaigns":false,"_monsterinsights_skip_tracking":false,"_monsterinsights_sitenote_active":false,"_monsterinsights_sitenote_note":"","_monsterinsights_sitenote_category":0},"product_cat":[15],"product_tag":[100,101,431],"class_list":{"0":"post-1620","1":"product","2":"type-product","3":"status-publish","4":"has-post-thumbnail","6":"product_cat-apex","7":"product_tag-ckd-viet-nam","8":"product_tag-dai-ly-ckd-viet-nam","9":"product_tag-van-xa","11":"first","12":"instock","13":"shipping-taxable","14":"product-type-simple"},"aioseo_notices":[],"yoast_head":"<!-- This site is optimized with the Yoast SEO plugin v22.8 - https:\/\/yoast.com\/wordpress\/plugins\/seo\/ -->\n<title>CKD DT3000-15-W - OMANI VI\u1ec6T NAM<\/title>\n<meta name=\"robots\" content=\"index, follow, max-snippet:-1, max-image-preview:large, max-video-preview:-1\" \/>\n<link rel=\"canonical\" href=\"https:\/\/sipin.com.vn\/index.php\/product\/ckd-dt3000-15-w\/\" \/>\n<meta property=\"og:locale\" content=\"vi_VN\" \/>\n<meta property=\"og:type\" content=\"article\" \/>\n<meta property=\"og:title\" content=\"CKD DT3000-15-W - OMANI VI\u1ec6T NAM\" \/>\n<meta property=\"og:description\" content=\"CKD DT3000-15-W \u00c1p su\u1ea5t l\u00e0m vi\u1ec7c: 0.10 ~ 1.0\u00a0(MPa) Kh\u00ed th\u1ea3i c\u1ed1ng ([[ph\u00e2n kh\u1ed1i]] \/ l\u1ea7n): 30 K\u00edch th\u01b0\u1edbc ng\u00f5 v\u00e0o ra: RC1\/2&#8221; (inch) Chi\u1ec1u r\u1ed9ng (mm): 84 Chi\u1ec1u s\u00e2u (mm): 79 Chi\u1ec1u cao (mm): 201 Ch\u1ea5t l\u1ecfng: X\u1ea3 trong kh\u00f4ng kh\u00ed (n\u01b0\u1edbc ho\u1eb7c d\u1ea7u) \/ \u00e1p Proof: 1.5MPa Nhi\u1ec7t&hellip;\" \/>\n<meta property=\"og:url\" content=\"https:\/\/sipin.com.vn\/index.php\/product\/ckd-dt3000-15-w\/\" \/>\n<meta property=\"og:site_name\" content=\"OMANI VI\u1ec6T NAM\" \/>\n<meta property=\"article:modified_time\" content=\"2024-08-30T22:20:14+00:00\" \/>\n<meta property=\"og:image\" content=\"https:\/\/sipin.com.vn\/wp-content\/uploads\/2024\/08\/DT3000-15-W.png\" \/>\n\t<meta property=\"og:image:width\" content=\"523\" \/>\n\t<meta property=\"og:image:height\" content=\"561\" \/>\n\t<meta property=\"og:image:type\" content=\"image\/png\" \/>\n<meta name=\"twitter:card\" content=\"summary_large_image\" \/>\n<meta name=\"twitter:label1\" content=\"\u01af\u1edbc t\u00ednh th\u1eddi gian \u0111\u1ecdc\" \/>\n\t<meta name=\"twitter:data1\" content=\"4 ph\u00fat\" \/>\n<script type=\"application\/ld+json\" class=\"yoast-schema-graph\">{\"@context\":\"https:\/\/schema.org\",\"@graph\":[{\"@type\":\"WebPage\",\"@id\":\"https:\/\/sipin.com.vn\/index.php\/product\/ckd-dt3000-15-w\/\",\"url\":\"https:\/\/sipin.com.vn\/index.php\/product\/ckd-dt3000-15-w\/\",\"name\":\"CKD DT3000-15-W - OMANI VI\u1ec6T NAM\",\"isPartOf\":{\"@id\":\"https:\/\/sipin.com.vn\/#website\"},\"primaryImageOfPage\":{\"@id\":\"https:\/\/sipin.com.vn\/index.php\/product\/ckd-dt3000-15-w\/#primaryimage\"},\"image\":{\"@id\":\"https:\/\/sipin.com.vn\/index.php\/product\/ckd-dt3000-15-w\/#primaryimage\"},\"thumbnailUrl\":\"https:\/\/sipin.com.vn\/wp-content\/uploads\/2024\/08\/DT3000-15-W.png\",\"datePublished\":\"2024-08-30T22:18:46+00:00\",\"dateModified\":\"2024-08-30T22:20:14+00:00\",\"breadcrumb\":{\"@id\":\"https:\/\/sipin.com.vn\/index.php\/product\/ckd-dt3000-15-w\/#breadcrumb\"},\"inLanguage\":\"vi\",\"potentialAction\":[{\"@type\":\"ReadAction\",\"target\":[\"https:\/\/sipin.com.vn\/index.php\/product\/ckd-dt3000-15-w\/\"]}]},{\"@type\":\"ImageObject\",\"inLanguage\":\"vi\",\"@id\":\"https:\/\/sipin.com.vn\/index.php\/product\/ckd-dt3000-15-w\/#primaryimage\",\"url\":\"https:\/\/sipin.com.vn\/wp-content\/uploads\/2024\/08\/DT3000-15-W.png\",\"contentUrl\":\"https:\/\/sipin.com.vn\/wp-content\/uploads\/2024\/08\/DT3000-15-W.png\",\"width\":523,\"height\":561},{\"@type\":\"BreadcrumbList\",\"@id\":\"https:\/\/sipin.com.vn\/index.php\/product\/ckd-dt3000-15-w\/#breadcrumb\",\"itemListElement\":[{\"@type\":\"ListItem\",\"position\":1,\"name\":\"Home\",\"item\":\"https:\/\/sipin.com.vn\/\"},{\"@type\":\"ListItem\",\"position\":2,\"name\":\"S\u1ea2N PH\u1ea8M\",\"item\":\"https:\/\/sipin.com.vn\/index.php\/cua-hang\/\"},{\"@type\":\"ListItem\",\"position\":3,\"name\":\"CKD DT3000-15-W\"}]},{\"@type\":\"WebSite\",\"@id\":\"https:\/\/sipin.com.vn\/#website\",\"url\":\"https:\/\/sipin.com.vn\/\",\"name\":\"OMANI VI\u1ec6T NAM\",\"description\":\"Nh\u00e0 ph\u00e2n ph\u1ed1i thi\u1ebft b\u1ecb kh\u00ed n\u00e9n v\u00e0 thi\u1ebft b\u1ecb t\u1ef1 \u0111\u1ed9ng h\u00f3a trong c\u00f4ng nghi\u1ec7p\",\"publisher\":{\"@id\":\"https:\/\/sipin.com.vn\/#\/schema\/person\/0ad398a980dc3fd696111c2c5c8fa897\"},\"potentialAction\":[{\"@type\":\"SearchAction\",\"target\":{\"@type\":\"EntryPoint\",\"urlTemplate\":\"https:\/\/sipin.com.vn\/?s={search_term_string}\"},\"query-input\":\"required name=search_term_string\"}],\"inLanguage\":\"vi\"},{\"@type\":[\"Person\",\"Organization\"],\"@id\":\"https:\/\/sipin.com.vn\/#\/schema\/person\/0ad398a980dc3fd696111c2c5c8fa897\",\"name\":\"Nguy\u1ec5n V\u0103n Kh\u00e1nh\",\"image\":{\"@type\":\"ImageObject\",\"inLanguage\":\"vi\",\"@id\":\"https:\/\/sipin.com.vn\/#\/schema\/person\/image\/\",\"url\":\"https:\/\/sipin.com.vn\/wp-content\/uploads\/2024\/06\/logo-1024x1024.png\",\"contentUrl\":\"https:\/\/sipin.com.vn\/wp-content\/uploads\/2024\/06\/logo-1024x1024.png\",\"width\":1024,\"height\":1024,\"caption\":\"Nguy\u1ec5n V\u0103n Kh\u00e1nh\"},\"logo\":{\"@id\":\"https:\/\/sipin.com.vn\/#\/schema\/person\/image\/\"},\"sameAs\":[\"https:\/\/sipin.com.vn\"]}]}<\/script>\n<!-- \/ Yoast SEO plugin. -->","yoast_head_json":{"title":"CKD DT3000-15-W - OMANI VI\u1ec6T NAM","robots":{"index":"index","follow":"follow","max-snippet":"max-snippet:-1","max-image-preview":"max-image-preview:large","max-video-preview":"max-video-preview:-1"},"canonical":"https:\/\/sipin.com.vn\/index.php\/product\/ckd-dt3000-15-w\/","og_locale":"vi_VN","og_type":"article","og_title":"CKD DT3000-15-W - OMANI VI\u1ec6T NAM","og_description":"CKD DT3000-15-W \u00c1p su\u1ea5t l\u00e0m vi\u1ec7c: 0.10 ~ 1.0\u00a0(MPa) Kh\u00ed th\u1ea3i c\u1ed1ng ([[ph\u00e2n kh\u1ed1i]] \/ l\u1ea7n): 30 K\u00edch th\u01b0\u1edbc ng\u00f5 v\u00e0o ra: RC1\/2&#8221; (inch) Chi\u1ec1u r\u1ed9ng (mm): 84 Chi\u1ec1u s\u00e2u (mm): 79 Chi\u1ec1u cao (mm): 201 Ch\u1ea5t l\u1ecfng: X\u1ea3 trong kh\u00f4ng kh\u00ed (n\u01b0\u1edbc ho\u1eb7c d\u1ea7u) \/ \u00e1p Proof: 1.5MPa Nhi\u1ec7t&hellip;","og_url":"https:\/\/sipin.com.vn\/index.php\/product\/ckd-dt3000-15-w\/","og_site_name":"OMANI VI\u1ec6T NAM","article_modified_time":"2024-08-30T22:20:14+00:00","og_image":[{"width":523,"height":561,"url":"https:\/\/sipin.com.vn\/wp-content\/uploads\/2024\/08\/DT3000-15-W.png","type":"image\/png"}],"twitter_card":"summary_large_image","twitter_misc":{"\u01af\u1edbc t\u00ednh th\u1eddi gian \u0111\u1ecdc":"4 ph\u00fat"},"schema":{"@context":"https:\/\/schema.org","@graph":[{"@type":"WebPage","@id":"https:\/\/sipin.com.vn\/index.php\/product\/ckd-dt3000-15-w\/","url":"https:\/\/sipin.com.vn\/index.php\/product\/ckd-dt3000-15-w\/","name":"CKD DT3000-15-W - OMANI VI\u1ec6T NAM","isPartOf":{"@id":"https:\/\/sipin.com.vn\/#website"},"primaryImageOfPage":{"@id":"https:\/\/sipin.com.vn\/index.php\/product\/ckd-dt3000-15-w\/#primaryimage"},"image":{"@id":"https:\/\/sipin.com.vn\/index.php\/product\/ckd-dt3000-15-w\/#primaryimage"},"thumbnailUrl":"https:\/\/sipin.com.vn\/wp-content\/uploads\/2024\/08\/DT3000-15-W.png","datePublished":"2024-08-30T22:18:46+00:00","dateModified":"2024-08-30T22:20:14+00:00","breadcrumb":{"@id":"https:\/\/sipin.com.vn\/index.php\/product\/ckd-dt3000-15-w\/#breadcrumb"},"inLanguage":"vi","potentialAction":[{"@type":"ReadAction","target":["https:\/\/sipin.com.vn\/index.php\/product\/ckd-dt3000-15-w\/"]}]},{"@type":"ImageObject","inLanguage":"vi","@id":"https:\/\/sipin.com.vn\/index.php\/product\/ckd-dt3000-15-w\/#primaryimage","url":"https:\/\/sipin.com.vn\/wp-content\/uploads\/2024\/08\/DT3000-15-W.png","contentUrl":"https:\/\/sipin.com.vn\/wp-content\/uploads\/2024\/08\/DT3000-15-W.png","width":523,"height":561},{"@type":"BreadcrumbList","@id":"https:\/\/sipin.com.vn\/index.php\/product\/ckd-dt3000-15-w\/#breadcrumb","itemListElement":[{"@type":"ListItem","position":1,"name":"Home","item":"https:\/\/sipin.com.vn\/"},{"@type":"ListItem","position":2,"name":"S\u1ea2N PH\u1ea8M","item":"https:\/\/sipin.com.vn\/index.php\/cua-hang\/"},{"@type":"ListItem","position":3,"name":"CKD DT3000-15-W"}]},{"@type":"WebSite","@id":"https:\/\/sipin.com.vn\/#website","url":"https:\/\/sipin.com.vn\/","name":"OMANI VI\u1ec6T NAM","description":"Nh\u00e0 ph\u00e2n ph\u1ed1i thi\u1ebft b\u1ecb kh\u00ed n\u00e9n v\u00e0 thi\u1ebft b\u1ecb t\u1ef1 \u0111\u1ed9ng h\u00f3a trong c\u00f4ng nghi\u1ec7p","publisher":{"@id":"https:\/\/sipin.com.vn\/#\/schema\/person\/0ad398a980dc3fd696111c2c5c8fa897"},"potentialAction":[{"@type":"SearchAction","target":{"@type":"EntryPoint","urlTemplate":"https:\/\/sipin.com.vn\/?s={search_term_string}"},"query-input":"required name=search_term_string"}],"inLanguage":"vi"},{"@type":["Person","Organization"],"@id":"https:\/\/sipin.com.vn\/#\/schema\/person\/0ad398a980dc3fd696111c2c5c8fa897","name":"Nguy\u1ec5n V\u0103n Kh\u00e1nh","image":{"@type":"ImageObject","inLanguage":"vi","@id":"https:\/\/sipin.com.vn\/#\/schema\/person\/image\/","url":"https:\/\/sipin.com.vn\/wp-content\/uploads\/2024\/06\/logo-1024x1024.png","contentUrl":"https:\/\/sipin.com.vn\/wp-content\/uploads\/2024\/06\/logo-1024x1024.png","width":1024,"height":1024,"caption":"Nguy\u1ec5n V\u0103n Kh\u00e1nh"},"logo":{"@id":"https:\/\/sipin.com.vn\/#\/schema\/person\/image\/"},"sameAs":["https:\/\/sipin.com.vn"]}]}},"_links":{"self":[{"href":"https:\/\/sipin.com.vn\/index.php\/wp-json\/wp\/v2\/product\/1620","targetHints":{"allow":["GET"]}}],"collection":[{"href":"https:\/\/sipin.com.vn\/index.php\/wp-json\/wp\/v2\/product"}],"about":[{"href":"https:\/\/sipin.com.vn\/index.php\/wp-json\/wp\/v2\/types\/product"}],"replies":[{"embeddable":true,"href":"https:\/\/sipin.com.vn\/index.php\/wp-json\/wp\/v2\/comments?post=1620"}],"wp:featuredmedia":[{"embeddable":true,"href":"https:\/\/sipin.com.vn\/index.php\/wp-json\/wp\/v2\/media\/1621"}],"wp:attachment":[{"href":"https:\/\/sipin.com.vn\/index.php\/wp-json\/wp\/v2\/media?parent=1620"}],"wp:term":[{"taxonomy":"product_cat","embeddable":true,"href":"https:\/\/sipin.com.vn\/index.php\/wp-json\/wp\/v2\/product_cat?post=1620"},{"taxonomy":"product_tag","embeddable":true,"href":"https:\/\/sipin.com.vn\/index.php\/wp-json\/wp\/v2\/product_tag?post=1620"}],"curies":[{"name":"wp","href":"https:\/\/api.w.org\/{rel}","templated":true}]}}