{"id":1605,"date":"2024-08-29T21:43:01","date_gmt":"2024-08-29T14:43:01","guid":{"rendered":"https:\/\/omanivietnam.com\/?post_type=product&#038;p=1605"},"modified":"2024-08-29T21:44:14","modified_gmt":"2024-08-29T14:44:14","slug":"sick-dol-ms10-g20mma3","status":"publish","type":"product","link":"https:\/\/sipin.com.vn\/index.php\/product\/sick-dol-ms10-g20mma3\/","title":{"rendered":"SICK DOL-MS10-G20MMA3"},"content":{"rendered":"<p>SICK DOL-MS10-G20MMA3 P\/N 7102164<\/p>\n<p>Model: DOL-MS10-G20MMA3<\/p>\n<p>ID: 7102164<\/p>\n<p>Nh\u00e0 s\u1ea3n xu\u1ea5t: SICK<\/p>\n<p>Xu\u1ea5t x\u1ee9: US<\/p>\n<p>H\u00e0ng m\u1edbi 100%, b\u1ea3o h\u00e0nh 12 th\u00e1ng theo quy \u0111\u1ecbnh nh\u00e0 s\u1ea3n xu\u1ea5t<\/p>\n<p>Accessories<\/p>\n<div>Technical specifications<\/div>\n<div>\n<table>\n<tbody>\n<tr>\n<td>Accessory group<\/td>\n<td>Plug connectors and cables<\/td>\n<\/tr>\n<tr>\n<td>Accessory family<\/td>\n<td>Connecting cables<\/td>\n<\/tr>\n<tr>\n<td>Connection type head A<\/td>\n<td>Female connector, MS\/10, 10-pin, straight<\/td>\n<\/tr>\n<tr>\n<td>Connection type head B<\/td>\n<td>Flying leads<\/td>\n<\/tr>\n<tr>\n<td>Cable<\/td>\n<td>20 m, 8-wire<\/td>\n<\/tr>\n<tr>\n<td>Shielding<\/td>\n<td>Unshielded<\/td>\n<\/tr>\n<\/tbody>\n<\/table>\n<\/div>\n<div>Classifications<\/div>\n<div>\n<table>\n<tbody>\n<tr>\n<td>ECl@ss 5.0<\/td>\n<td>19030312<\/td>\n<\/tr>\n<tr>\n<td>ECl@ss 5.1.4<\/td>\n<td>19030312<\/td>\n<\/tr>\n<tr>\n<td>ECl@ss 6.0<\/td>\n<td>27060304<\/td>\n<\/tr>\n<tr>\n<td>ECl@ss 6.2<\/td>\n<td>27060304<\/td>\n<\/tr>\n<tr>\n<td>ECl@ss 7.0<\/td>\n<td>27060304<\/td>\n<\/tr>\n<tr>\n<td>ECl@ss 8.0<\/td>\n<td>27060304<\/td>\n<\/tr>\n<tr>\n<td>ECl@ss 8.1<\/td>\n<td>27060304<\/td>\n<\/tr>\n<tr>\n<td>ECl@ss 9.0<\/td>\n<td>27060304<\/td>\n<\/tr>\n<tr>\n<td>ETIM 5.0<\/td>\n<td>EC000830<\/td>\n<\/tr>\n<tr>\n<td>ETIM 6.0<\/td>\n<td>EC000830<\/td>\n<\/tr>\n<tr>\n<td>UNSPSC 16.0901<\/td>\n<td>26121604<\/td>\n<\/tr>\n<\/tbody>\n<\/table>\n<\/div>\n<p>\u0110\u1ea1i l\u00fd SICK vietnam, SICK viet nam, SICK vietnam distributor, Ph\u00e2n ph\u1ed1i SICK t\u1ea1i vi\u1ec7t nam<\/p>\n<p>\u0110\u1ea1i l\u00fd SICK vietnam, SICK viet nam, SICK vietnam distributor, Ph\u00e2n ph\u1ed1i SICK t\u1ea1i vi\u1ec7t nam<\/p>\n<p>\u0110\u1ea1i l\u00fd SICK vietnam, SICK viet nam, SICK vietnam distributor, Ph\u00e2n ph\u1ed1i SICK t\u1ea1i vi\u1ec7t nam<\/p>\n<p>\u0110\u1ea1i l\u00fd SICK vietnam, SICK viet nam, SICK vietnam distributor, Ph\u00e2n ph\u1ed1i SICK t\u1ea1i vi\u1ec7t nam<\/p>\n<p>\u0110\u1ea1i l\u00fd SICK vietnam, SICK viet nam, SICK vietnam distributor, Ph\u00e2n ph\u1ed1i SICK t\u1ea1i vi\u1ec7t nam<\/p>\n","protected":false},"excerpt":{"rendered":"<p>SICK DOL-MS10-G20MMA3 P\/N 7102164 Model: DOL-MS10-G20MMA3 ID: 7102164 Nh\u00e0 s\u1ea3n xu\u1ea5t: SICK Xu\u1ea5t x\u1ee9: US H\u00e0ng m\u1edbi 100%, b\u1ea3o h\u00e0nh 12 th\u00e1ng theo quy \u0111\u1ecbnh nh\u00e0 s\u1ea3n xu\u1ea5t Accessories Technical specifications Accessory group Plug connectors and cables Accessory family Connecting cables Connection type head A Female connector, MS\/10, 10-pin, straight&hellip; <\/p>\n","protected":false},"featured_media":1606,"comment_status":"open","ping_status":"closed","template":"","meta":{"om_disable_all_campaigns":false,"_monsterinsights_skip_tracking":false,"_monsterinsights_sitenote_active":false,"_monsterinsights_sitenote_note":"","_monsterinsights_sitenote_category":0},"product_cat":[15],"product_tag":[89,116,90],"class_list":{"0":"post-1605","1":"product","2":"type-product","3":"status-publish","4":"has-post-thumbnail","6":"product_cat-apex","7":"product_tag-dai-ly-sick-viet-nam","8":"product_tag-day-cap","9":"product_tag-sick-viet-nam","11":"first","12":"instock","13":"shipping-taxable","14":"product-type-simple"},"aioseo_notices":[],"yoast_head":"<!-- This site is optimized with the Yoast SEO plugin v22.8 - https:\/\/yoast.com\/wordpress\/plugins\/seo\/ -->\n<title>SICK DOL-MS10-G20MMA3 - OMANI VI\u1ec6T NAM<\/title>\n<meta name=\"robots\" content=\"index, follow, max-snippet:-1, max-image-preview:large, max-video-preview:-1\" \/>\n<link rel=\"canonical\" href=\"https:\/\/sipin.com.vn\/index.php\/product\/sick-dol-ms10-g20mma3\/\" \/>\n<meta property=\"og:locale\" content=\"vi_VN\" \/>\n<meta property=\"og:type\" content=\"article\" \/>\n<meta property=\"og:title\" content=\"SICK DOL-MS10-G20MMA3 - OMANI VI\u1ec6T NAM\" \/>\n<meta property=\"og:description\" content=\"SICK DOL-MS10-G20MMA3 P\/N 7102164 Model: DOL-MS10-G20MMA3 ID: 7102164 Nh\u00e0 s\u1ea3n xu\u1ea5t: SICK Xu\u1ea5t x\u1ee9: US H\u00e0ng m\u1edbi 100%, b\u1ea3o h\u00e0nh 12 th\u00e1ng theo quy \u0111\u1ecbnh nh\u00e0 s\u1ea3n xu\u1ea5t Accessories Technical specifications Accessory group Plug connectors and cables Accessory family Connecting cables Connection type head A Female connector, MS\/10, 10-pin, straight&hellip;\" \/>\n<meta property=\"og:url\" content=\"https:\/\/sipin.com.vn\/index.php\/product\/sick-dol-ms10-g20mma3\/\" \/>\n<meta property=\"og:site_name\" content=\"OMANI VI\u1ec6T NAM\" \/>\n<meta property=\"article:modified_time\" content=\"2024-08-29T14:44:14+00:00\" \/>\n<meta property=\"og:image\" content=\"https:\/\/sipin.com.vn\/wp-content\/uploads\/2024\/08\/DOL-MS10-G20MMA3.png\" \/>\n\t<meta property=\"og:image:width\" content=\"617\" \/>\n\t<meta property=\"og:image:height\" content=\"446\" \/>\n\t<meta property=\"og:image:type\" content=\"image\/png\" \/>\n<meta name=\"twitter:card\" content=\"summary_large_image\" \/>\n<meta name=\"twitter:label1\" content=\"\u01af\u1edbc t\u00ednh th\u1eddi gian \u0111\u1ecdc\" \/>\n\t<meta name=\"twitter:data1\" content=\"2 ph\u00fat\" \/>\n<script type=\"application\/ld+json\" class=\"yoast-schema-graph\">{\"@context\":\"https:\/\/schema.org\",\"@graph\":[{\"@type\":\"WebPage\",\"@id\":\"https:\/\/sipin.com.vn\/index.php\/product\/sick-dol-ms10-g20mma3\/\",\"url\":\"https:\/\/sipin.com.vn\/index.php\/product\/sick-dol-ms10-g20mma3\/\",\"name\":\"SICK DOL-MS10-G20MMA3 - OMANI VI\u1ec6T NAM\",\"isPartOf\":{\"@id\":\"https:\/\/sipin.com.vn\/#website\"},\"primaryImageOfPage\":{\"@id\":\"https:\/\/sipin.com.vn\/index.php\/product\/sick-dol-ms10-g20mma3\/#primaryimage\"},\"image\":{\"@id\":\"https:\/\/sipin.com.vn\/index.php\/product\/sick-dol-ms10-g20mma3\/#primaryimage\"},\"thumbnailUrl\":\"https:\/\/sipin.com.vn\/wp-content\/uploads\/2024\/08\/DOL-MS10-G20MMA3.png\",\"datePublished\":\"2024-08-29T14:43:01+00:00\",\"dateModified\":\"2024-08-29T14:44:14+00:00\",\"breadcrumb\":{\"@id\":\"https:\/\/sipin.com.vn\/index.php\/product\/sick-dol-ms10-g20mma3\/#breadcrumb\"},\"inLanguage\":\"vi\",\"potentialAction\":[{\"@type\":\"ReadAction\",\"target\":[\"https:\/\/sipin.com.vn\/index.php\/product\/sick-dol-ms10-g20mma3\/\"]}]},{\"@type\":\"ImageObject\",\"inLanguage\":\"vi\",\"@id\":\"https:\/\/sipin.com.vn\/index.php\/product\/sick-dol-ms10-g20mma3\/#primaryimage\",\"url\":\"https:\/\/sipin.com.vn\/wp-content\/uploads\/2024\/08\/DOL-MS10-G20MMA3.png\",\"contentUrl\":\"https:\/\/sipin.com.vn\/wp-content\/uploads\/2024\/08\/DOL-MS10-G20MMA3.png\",\"width\":617,\"height\":446},{\"@type\":\"BreadcrumbList\",\"@id\":\"https:\/\/sipin.com.vn\/index.php\/product\/sick-dol-ms10-g20mma3\/#breadcrumb\",\"itemListElement\":[{\"@type\":\"ListItem\",\"position\":1,\"name\":\"Home\",\"item\":\"https:\/\/sipin.com.vn\/\"},{\"@type\":\"ListItem\",\"position\":2,\"name\":\"S\u1ea2N PH\u1ea8M\",\"item\":\"https:\/\/sipin.com.vn\/index.php\/cua-hang\/\"},{\"@type\":\"ListItem\",\"position\":3,\"name\":\"SICK DOL-MS10-G20MMA3\"}]},{\"@type\":\"WebSite\",\"@id\":\"https:\/\/sipin.com.vn\/#website\",\"url\":\"https:\/\/sipin.com.vn\/\",\"name\":\"OMANI VI\u1ec6T NAM\",\"description\":\"Nh\u00e0 ph\u00e2n ph\u1ed1i thi\u1ebft b\u1ecb kh\u00ed n\u00e9n v\u00e0 thi\u1ebft b\u1ecb t\u1ef1 \u0111\u1ed9ng h\u00f3a trong c\u00f4ng nghi\u1ec7p\",\"publisher\":{\"@id\":\"https:\/\/sipin.com.vn\/#\/schema\/person\/0ad398a980dc3fd696111c2c5c8fa897\"},\"potentialAction\":[{\"@type\":\"SearchAction\",\"target\":{\"@type\":\"EntryPoint\",\"urlTemplate\":\"https:\/\/sipin.com.vn\/?s={search_term_string}\"},\"query-input\":\"required name=search_term_string\"}],\"inLanguage\":\"vi\"},{\"@type\":[\"Person\",\"Organization\"],\"@id\":\"https:\/\/sipin.com.vn\/#\/schema\/person\/0ad398a980dc3fd696111c2c5c8fa897\",\"name\":\"Nguy\u1ec5n V\u0103n Kh\u00e1nh\",\"image\":{\"@type\":\"ImageObject\",\"inLanguage\":\"vi\",\"@id\":\"https:\/\/sipin.com.vn\/#\/schema\/person\/image\/\",\"url\":\"https:\/\/sipin.com.vn\/wp-content\/uploads\/2024\/06\/logo-1024x1024.png\",\"contentUrl\":\"https:\/\/sipin.com.vn\/wp-content\/uploads\/2024\/06\/logo-1024x1024.png\",\"width\":1024,\"height\":1024,\"caption\":\"Nguy\u1ec5n V\u0103n Kh\u00e1nh\"},\"logo\":{\"@id\":\"https:\/\/sipin.com.vn\/#\/schema\/person\/image\/\"},\"sameAs\":[\"https:\/\/sipin.com.vn\"]}]}<\/script>\n<!-- \/ Yoast SEO plugin. -->","yoast_head_json":{"title":"SICK DOL-MS10-G20MMA3 - OMANI VI\u1ec6T NAM","robots":{"index":"index","follow":"follow","max-snippet":"max-snippet:-1","max-image-preview":"max-image-preview:large","max-video-preview":"max-video-preview:-1"},"canonical":"https:\/\/sipin.com.vn\/index.php\/product\/sick-dol-ms10-g20mma3\/","og_locale":"vi_VN","og_type":"article","og_title":"SICK DOL-MS10-G20MMA3 - OMANI VI\u1ec6T NAM","og_description":"SICK DOL-MS10-G20MMA3 P\/N 7102164 Model: DOL-MS10-G20MMA3 ID: 7102164 Nh\u00e0 s\u1ea3n xu\u1ea5t: SICK Xu\u1ea5t x\u1ee9: US H\u00e0ng m\u1edbi 100%, b\u1ea3o h\u00e0nh 12 th\u00e1ng theo quy \u0111\u1ecbnh nh\u00e0 s\u1ea3n xu\u1ea5t Accessories Technical specifications Accessory group Plug connectors and cables Accessory family Connecting cables Connection type head A Female connector, MS\/10, 10-pin, straight&hellip;","og_url":"https:\/\/sipin.com.vn\/index.php\/product\/sick-dol-ms10-g20mma3\/","og_site_name":"OMANI VI\u1ec6T NAM","article_modified_time":"2024-08-29T14:44:14+00:00","og_image":[{"width":617,"height":446,"url":"https:\/\/sipin.com.vn\/wp-content\/uploads\/2024\/08\/DOL-MS10-G20MMA3.png","type":"image\/png"}],"twitter_card":"summary_large_image","twitter_misc":{"\u01af\u1edbc t\u00ednh th\u1eddi gian \u0111\u1ecdc":"2 ph\u00fat"},"schema":{"@context":"https:\/\/schema.org","@graph":[{"@type":"WebPage","@id":"https:\/\/sipin.com.vn\/index.php\/product\/sick-dol-ms10-g20mma3\/","url":"https:\/\/sipin.com.vn\/index.php\/product\/sick-dol-ms10-g20mma3\/","name":"SICK DOL-MS10-G20MMA3 - OMANI VI\u1ec6T NAM","isPartOf":{"@id":"https:\/\/sipin.com.vn\/#website"},"primaryImageOfPage":{"@id":"https:\/\/sipin.com.vn\/index.php\/product\/sick-dol-ms10-g20mma3\/#primaryimage"},"image":{"@id":"https:\/\/sipin.com.vn\/index.php\/product\/sick-dol-ms10-g20mma3\/#primaryimage"},"thumbnailUrl":"https:\/\/sipin.com.vn\/wp-content\/uploads\/2024\/08\/DOL-MS10-G20MMA3.png","datePublished":"2024-08-29T14:43:01+00:00","dateModified":"2024-08-29T14:44:14+00:00","breadcrumb":{"@id":"https:\/\/sipin.com.vn\/index.php\/product\/sick-dol-ms10-g20mma3\/#breadcrumb"},"inLanguage":"vi","potentialAction":[{"@type":"ReadAction","target":["https:\/\/sipin.com.vn\/index.php\/product\/sick-dol-ms10-g20mma3\/"]}]},{"@type":"ImageObject","inLanguage":"vi","@id":"https:\/\/sipin.com.vn\/index.php\/product\/sick-dol-ms10-g20mma3\/#primaryimage","url":"https:\/\/sipin.com.vn\/wp-content\/uploads\/2024\/08\/DOL-MS10-G20MMA3.png","contentUrl":"https:\/\/sipin.com.vn\/wp-content\/uploads\/2024\/08\/DOL-MS10-G20MMA3.png","width":617,"height":446},{"@type":"BreadcrumbList","@id":"https:\/\/sipin.com.vn\/index.php\/product\/sick-dol-ms10-g20mma3\/#breadcrumb","itemListElement":[{"@type":"ListItem","position":1,"name":"Home","item":"https:\/\/sipin.com.vn\/"},{"@type":"ListItem","position":2,"name":"S\u1ea2N PH\u1ea8M","item":"https:\/\/sipin.com.vn\/index.php\/cua-hang\/"},{"@type":"ListItem","position":3,"name":"SICK DOL-MS10-G20MMA3"}]},{"@type":"WebSite","@id":"https:\/\/sipin.com.vn\/#website","url":"https:\/\/sipin.com.vn\/","name":"OMANI VI\u1ec6T NAM","description":"Nh\u00e0 ph\u00e2n ph\u1ed1i thi\u1ebft b\u1ecb kh\u00ed n\u00e9n v\u00e0 thi\u1ebft b\u1ecb t\u1ef1 \u0111\u1ed9ng h\u00f3a trong c\u00f4ng nghi\u1ec7p","publisher":{"@id":"https:\/\/sipin.com.vn\/#\/schema\/person\/0ad398a980dc3fd696111c2c5c8fa897"},"potentialAction":[{"@type":"SearchAction","target":{"@type":"EntryPoint","urlTemplate":"https:\/\/sipin.com.vn\/?s={search_term_string}"},"query-input":"required name=search_term_string"}],"inLanguage":"vi"},{"@type":["Person","Organization"],"@id":"https:\/\/sipin.com.vn\/#\/schema\/person\/0ad398a980dc3fd696111c2c5c8fa897","name":"Nguy\u1ec5n V\u0103n Kh\u00e1nh","image":{"@type":"ImageObject","inLanguage":"vi","@id":"https:\/\/sipin.com.vn\/#\/schema\/person\/image\/","url":"https:\/\/sipin.com.vn\/wp-content\/uploads\/2024\/06\/logo-1024x1024.png","contentUrl":"https:\/\/sipin.com.vn\/wp-content\/uploads\/2024\/06\/logo-1024x1024.png","width":1024,"height":1024,"caption":"Nguy\u1ec5n V\u0103n Kh\u00e1nh"},"logo":{"@id":"https:\/\/sipin.com.vn\/#\/schema\/person\/image\/"},"sameAs":["https:\/\/sipin.com.vn"]}]}},"_links":{"self":[{"href":"https:\/\/sipin.com.vn\/index.php\/wp-json\/wp\/v2\/product\/1605","targetHints":{"allow":["GET"]}}],"collection":[{"href":"https:\/\/sipin.com.vn\/index.php\/wp-json\/wp\/v2\/product"}],"about":[{"href":"https:\/\/sipin.com.vn\/index.php\/wp-json\/wp\/v2\/types\/product"}],"replies":[{"embeddable":true,"href":"https:\/\/sipin.com.vn\/index.php\/wp-json\/wp\/v2\/comments?post=1605"}],"wp:featuredmedia":[{"embeddable":true,"href":"https:\/\/sipin.com.vn\/index.php\/wp-json\/wp\/v2\/media\/1606"}],"wp:attachment":[{"href":"https:\/\/sipin.com.vn\/index.php\/wp-json\/wp\/v2\/media?parent=1605"}],"wp:term":[{"taxonomy":"product_cat","embeddable":true,"href":"https:\/\/sipin.com.vn\/index.php\/wp-json\/wp\/v2\/product_cat?post=1605"},{"taxonomy":"product_tag","embeddable":true,"href":"https:\/\/sipin.com.vn\/index.php\/wp-json\/wp\/v2\/product_tag?post=1605"}],"curies":[{"name":"wp","href":"https:\/\/api.w.org\/{rel}","templated":true}]}}