{"id":1601,"date":"2024-08-29T21:21:49","date_gmt":"2024-08-29T14:21:49","guid":{"rendered":"https:\/\/omanivietnam.com\/?post_type=product&#038;p=1601"},"modified":"2024-08-29T21:23:23","modified_gmt":"2024-08-29T14:23:23","slug":"festo-vppm-6ta-l-1-f-0l6h","status":"publish","type":"product","link":"https:\/\/sipin.com.vn\/index.php\/product\/festo-vppm-6ta-l-1-f-0l6h\/","title":{"rendered":"FESTO VPPM-6TA-L-1-F-0L6H"},"content":{"rendered":"<p>FESTO VPPM-6TA-L-1-F-0L6H 542221<\/p>\n<p>Th\u00f4ng s\u1ed1 k\u1ef9 thu\u1eadt<\/p>\n<table class=\"artikelauspraegung\">\n<tbody>\n<tr>\n<td class=\"hyphenate\">Nominal width ventilation [mm]<\/td>\n<td class=\"hyphenate\">6<\/td>\n<\/tr>\n<tr>\n<td class=\"hyphenate\">Nominal width venting [mm]<\/td>\n<td class=\"hyphenate\">4,5<\/td>\n<\/tr>\n<tr>\n<td class=\"hyphenate\">Actuation type<\/td>\n<td class=\"hyphenate\">Electrical<\/td>\n<\/tr>\n<tr>\n<td class=\"hyphenate\">Sealing principle<\/td>\n<td class=\"hyphenate\">Soft<\/td>\n<\/tr>\n<tr>\n<td class=\"hyphenate\">installation position<\/td>\n<td class=\"hyphenate\">arbitrary<\/td>\n<\/tr>\n<tr>\n<td class=\"hyphenate\">Construction set up<\/td>\n<td class=\"hyphenate\">Pre-controlled membrane control valve<\/td>\n<\/tr>\n<tr>\n<td class=\"hyphenate\">Short circuit resistance<\/td>\n<td class=\"hyphenate\">for all electrical connections<\/td>\n<\/tr>\n<tr>\n<td class=\"hyphenate\">Safety instructions<\/td>\n<td class=\"hyphenate\">Safety position VPPM: For supply line break, the output pressure is retained uncontrolled.<\/td>\n<\/tr>\n<tr>\n<td class=\"hyphenate\">Reverse polarity protection<\/td>\n<td class=\"hyphenate\">for all electrical connections<\/td>\n<\/tr>\n<tr>\n<td class=\"hyphenate\">Reset mode<\/td>\n<td class=\"hyphenate\">Mechanical spring<\/td>\n<\/tr>\n<tr>\n<td class=\"hyphenate\">Control type<\/td>\n<td class=\"hyphenate\">pilot operated<\/td>\n<\/tr>\n<tr>\n<td class=\"hyphenate\">Valve function<\/td>\n<td class=\"hyphenate\">3-way proportional pressure regulator valve<\/td>\n<\/tr>\n<tr>\n<td class=\"hyphenate\">Display type<\/td>\n<td class=\"hyphenate\">LED<\/td>\n<\/tr>\n<tr>\n<td class=\"hyphenate\">Pressure regulation range [bar]<\/td>\n<td class=\"hyphenate\">0.06 to 6<\/td>\n<\/tr>\n<tr>\n<td class=\"hyphenate\">Input pressure 1 [bar]<\/td>\n<td class=\"hyphenate\">0 to 8<\/td>\n<\/tr>\n<tr>\n<td class=\"hyphenate\">Max. pressure hysteresis [bar]<\/td>\n<td class=\"hyphenate\">0,03<\/td>\n<\/tr>\n<tr>\n<td class=\"hyphenate\">Normal nominal flow [l\/min]<\/td>\n<td class=\"hyphenate\">900<\/td>\n<\/tr>\n<tr>\n<td class=\"hyphenate\">Operating voltage range DC [V]<\/td>\n<td class=\"hyphenate\">21.6 to 26.4<\/td>\n<\/tr>\n<tr>\n<td class=\"hyphenate\">Max. power input [mA]<\/td>\n<td class=\"hyphenate\">300<\/td>\n<\/tr>\n<tr>\n<td class=\"hyphenate\">Power-on time<\/td>\n<td class=\"hyphenate\">100 %<\/td>\n<\/tr>\n<tr>\n<td class=\"hyphenate\">Max. electrical power consumption [W]<\/td>\n<td class=\"hyphenate\">7<\/td>\n<\/tr>\n<tr>\n<td class=\"hyphenate\">residual ripple<\/td>\n<td class=\"hyphenate\">10 %<\/td>\n<\/tr>\n<tr>\n<td class=\"hyphenate\">Operating medium<\/td>\n<td class=\"hyphenate\">Compressed air to ISO 8573-1:2010 [7:4:4],<br \/>\nInert gases<\/td>\n<\/tr>\n<tr>\n<td class=\"hyphenate\">Information about operating and control medium<\/td>\n<td class=\"hyphenate\">Oiled operation not possible<\/td>\n<\/tr>\n<tr>\n<td class=\"hyphenate\">Permission<\/td>\n<td class=\"hyphenate\">RCM mark,<br \/>\nc UL us &#8211; Listed (OL)<\/td>\n<\/tr>\n<tr>\n<td class=\"hyphenate\">KC-mark<\/td>\n<td class=\"hyphenate\">KC-EMV<\/td>\n<\/tr>\n<tr>\n<td class=\"hyphenate\">CE certificate (see declaration of conformity)<\/td>\n<td class=\"hyphenate\">to EU EMC directive<\/td>\n<\/tr>\n<tr>\n<td class=\"hyphenate\">Corrosion resistant class KBK<\/td>\n<td class=\"hyphenate\">2 &#8211; moderate corrosion stress<\/td>\n<\/tr>\n<tr>\n<td class=\"hyphenate\">Medium temperature [\u00b0C]<\/td>\n<td class=\"hyphenate\">10 to 50<\/td>\n<\/tr>\n<tr>\n<td class=\"hyphenate\">Protection category<\/td>\n<td class=\"hyphenate\">IP65<\/td>\n<\/tr>\n<tr>\n<td class=\"hyphenate\">ambient temperature [\u00b0C]<\/td>\n<td class=\"hyphenate\">0 to 60<\/td>\n<\/tr>\n<tr>\n<td class=\"hyphenate\">Product weight [g]<\/td>\n<td class=\"hyphenate\">400<\/td>\n<\/tr>\n<tr>\n<td class=\"hyphenate\">Linearity error FS [%]<\/td>\n<td class=\"hyphenate\">2<\/td>\n<\/tr>\n<tr>\n<td class=\"hyphenate\">Temperature coefficient [%\/K]<\/td>\n<td class=\"hyphenate\">0,04<\/td>\n<\/tr>\n<tr>\n<td class=\"hyphenate\">Repeatability FS [%]<\/td>\n<td class=\"hyphenate\">0,5<\/td>\n<\/tr>\n<tr>\n<td class=\"hyphenate\">Electrical connection<\/td>\n<td class=\"hyphenate\">Via connection plate<\/td>\n<\/tr>\n<tr>\n<td class=\"hyphenate\">Fastening type<\/td>\n<td class=\"hyphenate\">With throughway bores,<br \/>\nWith Accessories,<br \/>\nSelectively:<\/td>\n<\/tr>\n<tr>\n<td class=\"hyphenate\">Pneumatic connection 1<\/td>\n<td class=\"hyphenate\">Connection plate<\/td>\n<\/tr>\n<tr>\n<td class=\"hyphenate\">Pneumatic connection 2<\/td>\n<td class=\"hyphenate\">Connection plate<\/td>\n<\/tr>\n<tr>\n<td class=\"hyphenate\">Pneumatic connection 3<\/td>\n<td class=\"hyphenate\">Connection plate<\/td>\n<\/tr>\n<tr>\n<td class=\"hyphenate\">Material information<\/td>\n<td class=\"hyphenate\">RoHs compliant<\/td>\n<\/tr>\n<tr>\n<td class=\"hyphenate\">Housing material<\/td>\n<td class=\"hyphenate\">Aluminium wrought alloy,<br \/>\nanodized<\/td>\n<\/tr>\n<\/tbody>\n<\/table>\n<table class=\"artikelauspraegung\">\n<tbody>\n<tr>\n<td>Weight<\/td>\n<td>400 g \/ pcs<\/td>\n<\/tr>\n<tr>\n<td>GTIN<\/td>\n<td>4052568005795<\/td>\n<\/tr>\n<tr>\n<td>Customs duty number<\/td>\n<td>84811099<\/td>\n<\/tr>\n<tr>\n<td>Manufacturer<\/td>\n<td>Festo<\/td>\n<\/tr>\n<\/tbody>\n<\/table>\n<p>\u0110\u1ea1i l\u00fd FESTO vietnam, FESTO viet nam, FESTO vietnam distributor, Ph\u00e2n ph\u1ed1i FESTO t\u1ea1i vi\u1ec7t nam<\/p>\n<p>\u0110\u1ea1i l\u00fd FESTO vietnam, FESTO viet nam, FESTO vietnam distributor, Ph\u00e2n ph\u1ed1i FESTO t\u1ea1i vi\u1ec7t nam<\/p>\n<p>\u0110\u1ea1i l\u00fd FESTO vietnam, FESTO viet nam, FESTO vietnam distributor, Ph\u00e2n ph\u1ed1i FESTO t\u1ea1i vi\u1ec7t nam<\/p>\n<p>\u0110\u1ea1i l\u00fd FESTO vietnam, FESTO viet nam, FESTO vietnam distributor, Ph\u00e2n ph\u1ed1i FESTO t\u1ea1i vi\u1ec7t nam<\/p>\n<p>\u0110\u1ea1i l\u00fd FESTO vietnam, FESTO viet nam, FESTO vietnam distributor, Ph\u00e2n ph\u1ed1i FESTO t\u1ea1i vi\u1ec7t<\/p>\n","protected":false},"excerpt":{"rendered":"<p>FESTO VPPM-6TA-L-1-F-0L6H 542221 Th\u00f4ng s\u1ed1 k\u1ef9 thu\u1eadt Nominal width ventilation [mm] 6 Nominal width venting [mm] 4,5 Actuation type Electrical Sealing principle Soft installation position arbitrary Construction set up Pre-controlled membrane control valve Short circuit resistance for all electrical connections Safety instructions Safety position VPPM: For supply line break, the&hellip; <\/p>\n","protected":false},"featured_media":1602,"comment_status":"open","ping_status":"closed","template":"","meta":{"om_disable_all_campaigns":false,"_monsterinsights_skip_tracking":false,"_monsterinsights_sitenote_active":false,"_monsterinsights_sitenote_note":"","_monsterinsights_sitenote_category":0},"product_cat":[15],"product_tag":[364,363,198],"class_list":{"0":"post-1601","1":"product","2":"type-product","3":"status-publish","4":"has-post-thumbnail","6":"product_cat-apex","7":"product_tag-dai-ly-festo-viet-nam","8":"product_tag-festo-viet-nam","9":"product_tag-van-dieu-ap","11":"first","12":"instock","13":"shipping-taxable","14":"product-type-simple"},"aioseo_notices":[],"yoast_head":"<!-- This site is optimized with the Yoast SEO plugin v22.8 - https:\/\/yoast.com\/wordpress\/plugins\/seo\/ -->\n<title>FESTO VPPM-6TA-L-1-F-0L6H - OMANI VI\u1ec6T NAM<\/title>\n<meta name=\"robots\" content=\"index, follow, max-snippet:-1, max-image-preview:large, max-video-preview:-1\" \/>\n<link rel=\"canonical\" href=\"https:\/\/sipin.com.vn\/index.php\/product\/festo-vppm-6ta-l-1-f-0l6h\/\" \/>\n<meta property=\"og:locale\" content=\"vi_VN\" \/>\n<meta property=\"og:type\" content=\"article\" \/>\n<meta property=\"og:title\" content=\"FESTO VPPM-6TA-L-1-F-0L6H - OMANI VI\u1ec6T NAM\" \/>\n<meta property=\"og:description\" content=\"FESTO VPPM-6TA-L-1-F-0L6H 542221 Th\u00f4ng s\u1ed1 k\u1ef9 thu\u1eadt Nominal width ventilation [mm] 6 Nominal width venting [mm] 4,5 Actuation type Electrical Sealing principle Soft installation position arbitrary Construction set up Pre-controlled membrane control valve Short circuit resistance for all electrical connections Safety instructions Safety position VPPM: For supply line break, the&hellip;\" \/>\n<meta property=\"og:url\" content=\"https:\/\/sipin.com.vn\/index.php\/product\/festo-vppm-6ta-l-1-f-0l6h\/\" \/>\n<meta property=\"og:site_name\" content=\"OMANI VI\u1ec6T NAM\" \/>\n<meta property=\"article:modified_time\" content=\"2024-08-29T14:23:23+00:00\" \/>\n<meta property=\"og:image\" content=\"https:\/\/sipin.com.vn\/wp-content\/uploads\/2024\/08\/VPPM-6TA-L-1-F-0L6H-542221.png\" \/>\n\t<meta property=\"og:image:width\" content=\"665\" \/>\n\t<meta property=\"og:image:height\" content=\"452\" \/>\n\t<meta property=\"og:image:type\" content=\"image\/png\" \/>\n<meta name=\"twitter:card\" content=\"summary_large_image\" \/>\n<meta name=\"twitter:label1\" content=\"\u01af\u1edbc t\u00ednh th\u1eddi gian \u0111\u1ecdc\" \/>\n\t<meta name=\"twitter:data1\" content=\"3 ph\u00fat\" \/>\n<script type=\"application\/ld+json\" class=\"yoast-schema-graph\">{\"@context\":\"https:\/\/schema.org\",\"@graph\":[{\"@type\":\"WebPage\",\"@id\":\"https:\/\/sipin.com.vn\/index.php\/product\/festo-vppm-6ta-l-1-f-0l6h\/\",\"url\":\"https:\/\/sipin.com.vn\/index.php\/product\/festo-vppm-6ta-l-1-f-0l6h\/\",\"name\":\"FESTO VPPM-6TA-L-1-F-0L6H - OMANI VI\u1ec6T NAM\",\"isPartOf\":{\"@id\":\"https:\/\/sipin.com.vn\/#website\"},\"primaryImageOfPage\":{\"@id\":\"https:\/\/sipin.com.vn\/index.php\/product\/festo-vppm-6ta-l-1-f-0l6h\/#primaryimage\"},\"image\":{\"@id\":\"https:\/\/sipin.com.vn\/index.php\/product\/festo-vppm-6ta-l-1-f-0l6h\/#primaryimage\"},\"thumbnailUrl\":\"https:\/\/sipin.com.vn\/wp-content\/uploads\/2024\/08\/VPPM-6TA-L-1-F-0L6H-542221.png\",\"datePublished\":\"2024-08-29T14:21:49+00:00\",\"dateModified\":\"2024-08-29T14:23:23+00:00\",\"breadcrumb\":{\"@id\":\"https:\/\/sipin.com.vn\/index.php\/product\/festo-vppm-6ta-l-1-f-0l6h\/#breadcrumb\"},\"inLanguage\":\"vi\",\"potentialAction\":[{\"@type\":\"ReadAction\",\"target\":[\"https:\/\/sipin.com.vn\/index.php\/product\/festo-vppm-6ta-l-1-f-0l6h\/\"]}]},{\"@type\":\"ImageObject\",\"inLanguage\":\"vi\",\"@id\":\"https:\/\/sipin.com.vn\/index.php\/product\/festo-vppm-6ta-l-1-f-0l6h\/#primaryimage\",\"url\":\"https:\/\/sipin.com.vn\/wp-content\/uploads\/2024\/08\/VPPM-6TA-L-1-F-0L6H-542221.png\",\"contentUrl\":\"https:\/\/sipin.com.vn\/wp-content\/uploads\/2024\/08\/VPPM-6TA-L-1-F-0L6H-542221.png\",\"width\":665,\"height\":452},{\"@type\":\"BreadcrumbList\",\"@id\":\"https:\/\/sipin.com.vn\/index.php\/product\/festo-vppm-6ta-l-1-f-0l6h\/#breadcrumb\",\"itemListElement\":[{\"@type\":\"ListItem\",\"position\":1,\"name\":\"Home\",\"item\":\"https:\/\/sipin.com.vn\/\"},{\"@type\":\"ListItem\",\"position\":2,\"name\":\"S\u1ea2N PH\u1ea8M\",\"item\":\"https:\/\/sipin.com.vn\/index.php\/cua-hang\/\"},{\"@type\":\"ListItem\",\"position\":3,\"name\":\"FESTO VPPM-6TA-L-1-F-0L6H\"}]},{\"@type\":\"WebSite\",\"@id\":\"https:\/\/sipin.com.vn\/#website\",\"url\":\"https:\/\/sipin.com.vn\/\",\"name\":\"OMANI VI\u1ec6T NAM\",\"description\":\"Nh\u00e0 ph\u00e2n ph\u1ed1i thi\u1ebft b\u1ecb kh\u00ed n\u00e9n v\u00e0 thi\u1ebft b\u1ecb t\u1ef1 \u0111\u1ed9ng h\u00f3a trong c\u00f4ng nghi\u1ec7p\",\"publisher\":{\"@id\":\"https:\/\/sipin.com.vn\/#\/schema\/person\/0ad398a980dc3fd696111c2c5c8fa897\"},\"potentialAction\":[{\"@type\":\"SearchAction\",\"target\":{\"@type\":\"EntryPoint\",\"urlTemplate\":\"https:\/\/sipin.com.vn\/?s={search_term_string}\"},\"query-input\":\"required name=search_term_string\"}],\"inLanguage\":\"vi\"},{\"@type\":[\"Person\",\"Organization\"],\"@id\":\"https:\/\/sipin.com.vn\/#\/schema\/person\/0ad398a980dc3fd696111c2c5c8fa897\",\"name\":\"Nguy\u1ec5n V\u0103n Kh\u00e1nh\",\"image\":{\"@type\":\"ImageObject\",\"inLanguage\":\"vi\",\"@id\":\"https:\/\/sipin.com.vn\/#\/schema\/person\/image\/\",\"url\":\"https:\/\/sipin.com.vn\/wp-content\/uploads\/2024\/06\/logo-1024x1024.png\",\"contentUrl\":\"https:\/\/sipin.com.vn\/wp-content\/uploads\/2024\/06\/logo-1024x1024.png\",\"width\":1024,\"height\":1024,\"caption\":\"Nguy\u1ec5n V\u0103n Kh\u00e1nh\"},\"logo\":{\"@id\":\"https:\/\/sipin.com.vn\/#\/schema\/person\/image\/\"},\"sameAs\":[\"https:\/\/sipin.com.vn\"]}]}<\/script>\n<!-- \/ Yoast SEO plugin. -->","yoast_head_json":{"title":"FESTO VPPM-6TA-L-1-F-0L6H - OMANI VI\u1ec6T NAM","robots":{"index":"index","follow":"follow","max-snippet":"max-snippet:-1","max-image-preview":"max-image-preview:large","max-video-preview":"max-video-preview:-1"},"canonical":"https:\/\/sipin.com.vn\/index.php\/product\/festo-vppm-6ta-l-1-f-0l6h\/","og_locale":"vi_VN","og_type":"article","og_title":"FESTO VPPM-6TA-L-1-F-0L6H - OMANI VI\u1ec6T NAM","og_description":"FESTO VPPM-6TA-L-1-F-0L6H 542221 Th\u00f4ng s\u1ed1 k\u1ef9 thu\u1eadt Nominal width ventilation [mm] 6 Nominal width venting [mm] 4,5 Actuation type Electrical Sealing principle Soft installation position arbitrary Construction set up Pre-controlled membrane control valve Short circuit resistance for all electrical connections Safety instructions Safety position VPPM: For supply line break, the&hellip;","og_url":"https:\/\/sipin.com.vn\/index.php\/product\/festo-vppm-6ta-l-1-f-0l6h\/","og_site_name":"OMANI VI\u1ec6T NAM","article_modified_time":"2024-08-29T14:23:23+00:00","og_image":[{"width":665,"height":452,"url":"https:\/\/sipin.com.vn\/wp-content\/uploads\/2024\/08\/VPPM-6TA-L-1-F-0L6H-542221.png","type":"image\/png"}],"twitter_card":"summary_large_image","twitter_misc":{"\u01af\u1edbc t\u00ednh th\u1eddi gian \u0111\u1ecdc":"3 ph\u00fat"},"schema":{"@context":"https:\/\/schema.org","@graph":[{"@type":"WebPage","@id":"https:\/\/sipin.com.vn\/index.php\/product\/festo-vppm-6ta-l-1-f-0l6h\/","url":"https:\/\/sipin.com.vn\/index.php\/product\/festo-vppm-6ta-l-1-f-0l6h\/","name":"FESTO VPPM-6TA-L-1-F-0L6H - OMANI VI\u1ec6T NAM","isPartOf":{"@id":"https:\/\/sipin.com.vn\/#website"},"primaryImageOfPage":{"@id":"https:\/\/sipin.com.vn\/index.php\/product\/festo-vppm-6ta-l-1-f-0l6h\/#primaryimage"},"image":{"@id":"https:\/\/sipin.com.vn\/index.php\/product\/festo-vppm-6ta-l-1-f-0l6h\/#primaryimage"},"thumbnailUrl":"https:\/\/sipin.com.vn\/wp-content\/uploads\/2024\/08\/VPPM-6TA-L-1-F-0L6H-542221.png","datePublished":"2024-08-29T14:21:49+00:00","dateModified":"2024-08-29T14:23:23+00:00","breadcrumb":{"@id":"https:\/\/sipin.com.vn\/index.php\/product\/festo-vppm-6ta-l-1-f-0l6h\/#breadcrumb"},"inLanguage":"vi","potentialAction":[{"@type":"ReadAction","target":["https:\/\/sipin.com.vn\/index.php\/product\/festo-vppm-6ta-l-1-f-0l6h\/"]}]},{"@type":"ImageObject","inLanguage":"vi","@id":"https:\/\/sipin.com.vn\/index.php\/product\/festo-vppm-6ta-l-1-f-0l6h\/#primaryimage","url":"https:\/\/sipin.com.vn\/wp-content\/uploads\/2024\/08\/VPPM-6TA-L-1-F-0L6H-542221.png","contentUrl":"https:\/\/sipin.com.vn\/wp-content\/uploads\/2024\/08\/VPPM-6TA-L-1-F-0L6H-542221.png","width":665,"height":452},{"@type":"BreadcrumbList","@id":"https:\/\/sipin.com.vn\/index.php\/product\/festo-vppm-6ta-l-1-f-0l6h\/#breadcrumb","itemListElement":[{"@type":"ListItem","position":1,"name":"Home","item":"https:\/\/sipin.com.vn\/"},{"@type":"ListItem","position":2,"name":"S\u1ea2N PH\u1ea8M","item":"https:\/\/sipin.com.vn\/index.php\/cua-hang\/"},{"@type":"ListItem","position":3,"name":"FESTO VPPM-6TA-L-1-F-0L6H"}]},{"@type":"WebSite","@id":"https:\/\/sipin.com.vn\/#website","url":"https:\/\/sipin.com.vn\/","name":"OMANI VI\u1ec6T NAM","description":"Nh\u00e0 ph\u00e2n ph\u1ed1i thi\u1ebft b\u1ecb kh\u00ed n\u00e9n v\u00e0 thi\u1ebft b\u1ecb t\u1ef1 \u0111\u1ed9ng h\u00f3a trong c\u00f4ng nghi\u1ec7p","publisher":{"@id":"https:\/\/sipin.com.vn\/#\/schema\/person\/0ad398a980dc3fd696111c2c5c8fa897"},"potentialAction":[{"@type":"SearchAction","target":{"@type":"EntryPoint","urlTemplate":"https:\/\/sipin.com.vn\/?s={search_term_string}"},"query-input":"required name=search_term_string"}],"inLanguage":"vi"},{"@type":["Person","Organization"],"@id":"https:\/\/sipin.com.vn\/#\/schema\/person\/0ad398a980dc3fd696111c2c5c8fa897","name":"Nguy\u1ec5n V\u0103n Kh\u00e1nh","image":{"@type":"ImageObject","inLanguage":"vi","@id":"https:\/\/sipin.com.vn\/#\/schema\/person\/image\/","url":"https:\/\/sipin.com.vn\/wp-content\/uploads\/2024\/06\/logo-1024x1024.png","contentUrl":"https:\/\/sipin.com.vn\/wp-content\/uploads\/2024\/06\/logo-1024x1024.png","width":1024,"height":1024,"caption":"Nguy\u1ec5n V\u0103n Kh\u00e1nh"},"logo":{"@id":"https:\/\/sipin.com.vn\/#\/schema\/person\/image\/"},"sameAs":["https:\/\/sipin.com.vn"]}]}},"_links":{"self":[{"href":"https:\/\/sipin.com.vn\/index.php\/wp-json\/wp\/v2\/product\/1601","targetHints":{"allow":["GET"]}}],"collection":[{"href":"https:\/\/sipin.com.vn\/index.php\/wp-json\/wp\/v2\/product"}],"about":[{"href":"https:\/\/sipin.com.vn\/index.php\/wp-json\/wp\/v2\/types\/product"}],"replies":[{"embeddable":true,"href":"https:\/\/sipin.com.vn\/index.php\/wp-json\/wp\/v2\/comments?post=1601"}],"wp:featuredmedia":[{"embeddable":true,"href":"https:\/\/sipin.com.vn\/index.php\/wp-json\/wp\/v2\/media\/1602"}],"wp:attachment":[{"href":"https:\/\/sipin.com.vn\/index.php\/wp-json\/wp\/v2\/media?parent=1601"}],"wp:term":[{"taxonomy":"product_cat","embeddable":true,"href":"https:\/\/sipin.com.vn\/index.php\/wp-json\/wp\/v2\/product_cat?post=1601"},{"taxonomy":"product_tag","embeddable":true,"href":"https:\/\/sipin.com.vn\/index.php\/wp-json\/wp\/v2\/product_tag?post=1601"}],"curies":[{"name":"wp","href":"https:\/\/api.w.org\/{rel}","templated":true}]}}