{"id":1591,"date":"2024-08-29T05:18:35","date_gmt":"2024-08-28T22:18:35","guid":{"rendered":"https:\/\/omanivietnam.com\/?post_type=product&#038;p=1591"},"modified":"2024-08-29T05:19:36","modified_gmt":"2024-08-28T22:19:36","slug":"keyence-iv2-cp50","status":"publish","type":"product","link":"https:\/\/sipin.com.vn\/index.php\/product\/keyence-iv2-cp50\/","title":{"rendered":"KEYENCE IV2-CP50"},"content":{"rendered":"<p>KEYENCE IV2-CP50<\/p>\n<p class=\"prd-utility-maxWidth-narrow\"><span class=\"prd-utility-heading-1 prd-utility-marginBottom-2 prd-utility-block\">M\u00e0n h\u00ecnh <\/span><span class=\"prd-utility-body-medium prd-utility-block\">IV2-CP50<\/span><\/p>\n<p class=\"prd-utility-heading-3 prd-utility-marginBottom-7\">Th\u00f4ng s\u1ed1 k\u1ef9 thu\u1eadt<\/p>\n<div class=\"prd-specsTable prd-utility-focusRing\" style=\"padding: 0px;margin: 0px;color: #484b4c;font-family: myriad-pro, helvetica, Arial, meiryo, sans-serif;font-size: 17px;font-style: normal;font-weight: 400;letter-spacing: normal;text-align: left;text-indent: 0px;text-transform: none;background-color: #fafafa\" data-controller=\"horizontal-scroll-state scroll-to-coord\" data-action=\"resize@window-&gt;horizontal-scroll-state#setOverflowing scroll-&gt;horizontal-scroll-state#setScrolled\" data-horizontal-scroll-state-target=\"container\" data-horizontal-scroll-state-overflowing-class=\"is-overflowing\" data-horizontal-scroll-state-has-scrolled-class=\"is-hasScrolled\" data-scroll-to-coord-target=\"container\">\n<div class=\"prd-utility-body-small\">\n<div class=\"specTable-block\">\n<table class=\"specTable-stibo-3282397\">\n<tbody>\n<tr class=\"specTable-row\">\n<td class=\"specTable-clm-0\" colspan=\"4\">M\u1eabu<\/td>\n<td class=\"specTable-clm-4\">IV2-CP50<\/td>\n<\/tr>\n<tr class=\"specTable-row\">\n<td class=\"specTable-clm-0\" colspan=\"4\">Ng\u00f4n ng\u1eef<\/td>\n<td class=\"specTable-clm-4\">Ti\u1ebfng Anh\/Ti\u1ebfng Nh\u1eadt\/Ti\u1ebfng \u0110\u1ee9c\/Ti\u1ebfng Trung (gi\u1ea3n th\u1ec3)\/Ti\u1ebfng Trung (ph\u1ed3n th\u1ec3)\/Ti\u1ebfng H\u00e0n\/<br \/>\nTi\u1ebfng \u00dd\/Ti\u1ebfng Ph\u00e1p\/Ti\u1ebfng T\u00e2y Ban Nha\/Ti\u1ebfng B\u1ed3 \u0110\u00e0o Nha\/Ti\u1ebfng C\u1ed9ng h\u00f2a S\u00e9c\/Ti\u1ebfng Hungary\/Ti\u1ebfng Ba Lan\/Th\u00e1i<sup>*1<\/sup><\/td>\n<\/tr>\n<tr class=\"specTable-row\">\n<td class=\"specTable-clm-0\" colspan=\"4\">Hi\u1ec3n th\u1ecb<\/td>\n<td class=\"specTable-clm-4\">LCD m\u00e0u TFT 5,7&#8243;, 640 \u00d7 480 (VGA)<\/td>\n<\/tr>\n<tr class=\"specTable-row\">\n<td class=\"specTable-clm-0\" rowspan=\"2\">Ng\u01b0\u1ee3c s\u00e1ng<\/td>\n<td class=\"specTable-clm-1\" colspan=\"3\">Ph\u01b0\u01a1ng ph\u00e1p<\/td>\n<td class=\"specTable-clm-4\">\u0110\u00e8n LED m\u00e0u tr\u1eafng<\/td>\n<\/tr>\n<tr class=\"specTable-row\">\n<td class=\"specTable-clm-1\" colspan=\"3\">Th\u1eddi l\u01b0\u1ee3ng<\/td>\n<td class=\"specTable-clm-4\">X\u1ea5p x\u1ec9 50000 gi\u1edd (25\u00b0C)<\/td>\n<\/tr>\n<tr class=\"specTable-row\">\n<td class=\"specTable-clm-0\" rowspan=\"2\">T\u1ea5m b\u1ea3o v\u1ec7<\/td>\n<td class=\"specTable-clm-1\" colspan=\"3\">Ph\u01b0\u01a1ng ph\u00e1p<\/td>\n<td class=\"specTable-clm-4\">\u0110i\u1ec7n tr\u1edf Analog<\/td>\n<\/tr>\n<tr class=\"specTable-row\">\n<td class=\"specTable-clm-1\" colspan=\"3\">L\u1ef1c d\u1eabn \u0111\u1ed9ng<\/td>\n<td class=\"specTable-clm-4\">T\u1eeb 0,8 N tr\u1edf xu\u1ed1ng<\/td>\n<\/tr>\n<tr class=\"specTable-row\">\n<td class=\"specTable-clm-0\" colspan=\"4\">\u0110\u00e8n b\u00e1o<\/td>\n<td class=\"specTable-clm-4\">NGU\u1ed2N, C\u1ea2M BI\u1ebeN<\/td>\n<\/tr>\n<tr class=\"specTable-row\">\n<td class=\"specTable-clm-0\" rowspan=\"2\">Ethernet<\/td>\n<td class=\"specTable-clm-1\" colspan=\"3\">Chu\u1ea9n<\/td>\n<td class=\"specTable-clm-4\">100BASE-TX\/10BASE-T<sup>*2<\/sup><\/td>\n<\/tr>\n<tr class=\"specTable-row\">\n<td class=\"specTable-clm-1\" colspan=\"3\">\u0110\u1ea7u n\u1ed1i<\/td>\n<td class=\"specTable-clm-4\">\u0110\u1ea7u n\u1ed1i M12 4-ch\u00e2n<sup>*2<\/sup><\/td>\n<\/tr>\n<tr class=\"specTable-row\">\n<td class=\"specTable-clm-0\" colspan=\"4\">B\u1ed9 nh\u1edb m\u1edf r\u1ed9ng<\/td>\n<td class=\"specTable-clm-4\">B\u1ed9 nh\u1edb USB<sup>*3<\/sup><\/td>\n<\/tr>\n<tr class=\"specTable-row\">\n<td class=\"specTable-clm-0\" rowspan=\"2\">\u0110\u1ecbnh m\u1ee9c<\/td>\n<td class=\"specTable-clm-1\" colspan=\"3\">\u0110i\u1ec7n \u00e1p ngu\u1ed3n<\/td>\n<td class=\"specTable-clm-4\">24 VDC \u00b110% (bao g\u1ed3m \u0111\u1ed9 g\u1ee3n)<\/td>\n<\/tr>\n<tr class=\"specTable-row\">\n<td class=\"specTable-clm-1\" colspan=\"3\">D\u00f2ng \u0111i\u1ec7n ti\u00eau th\u1ee5<\/td>\n<td class=\"specTable-clm-4\">T\u1eeb 0,3 A tr\u1edf xu\u1ed1ng<\/td>\n<\/tr>\n<tr class=\"specTable-row\">\n<td class=\"specTable-clm-0\" rowspan=\"5\">Kh\u1ea3 n\u0103ng ch\u1ed1ng ch\u1ecbu v\u1edbi m\u00f4i tr\u01b0\u1eddng<\/td>\n<td class=\"specTable-clm-1\" colspan=\"3\">Ch\u1ec9 s\u1ed1 ch\u1ed1ng ch\u1ecbu th\u1eddi ti\u1ebft cho v\u1ecf b\u1ecdc<\/td>\n<td class=\"specTable-clm-4\">IP40<\/td>\n<\/tr>\n<tr class=\"specTable-row\">\n<td class=\"specTable-clm-1\" colspan=\"3\">Nhi\u1ec7t \u0111\u1ed9 m\u00f4i tr\u01b0\u1eddng xung quanh<\/td>\n<td class=\"specTable-clm-4\">0 \u0111\u1ebfn +50\u00b0C (Kh\u00f4ng \u0111\u00f3ng b\u0103ng)<\/td>\n<\/tr>\n<tr class=\"specTable-row\">\n<td class=\"specTable-clm-1\" colspan=\"3\">\u0110\u1ed9 \u1ea9m m\u00f4i tr\u01b0\u1eddng xung quanh<\/td>\n<td class=\"specTable-clm-4\">35 \u0111\u1ebfn 85% RH (Kh\u00f4ng ng\u01b0ng t\u1ee5)<sup>*4<\/sup><\/td>\n<\/tr>\n<tr class=\"specTable-row\">\n<td class=\"specTable-clm-1\" colspan=\"3\">\u0110\u1ed9 cao ch\u1ecbu l\u1ef1c r\u01a1i<\/td>\n<td class=\"specTable-clm-4\">1,3 m tr\u00ean b\u00ea t\u00f4ng (2 l\u1ea7n cho m\u1ed9t h\u01b0\u1edbng b\u1ea5t k\u1ef3)<\/td>\n<\/tr>\n<tr class=\"specTable-row\">\n<td class=\"specTable-clm-1\" colspan=\"3\">Ch\u1ed1ng ch\u1ecbu rung<\/td>\n<td class=\"specTable-clm-4\">T\u1eeb 10 \u0111\u1ebfn 55 Hz; bi\u00ean \u0111\u1ed9 k\u00e9p 0,7 mm; 2 ti\u1ebfng cho m\u1ed7i h\u01b0\u1edbng X, Y v\u00e0 Z<\/td>\n<\/tr>\n<tr class=\"specTable-row\">\n<td class=\"specTable-clm-0\" colspan=\"4\">V\u1eadt li\u1ec7u<\/td>\n<td class=\"specTable-clm-4\">V\u1ecf thi\u1ebft b\u1ecb ch\u00ednh: PC, \u0110\u1ea7u n\u1ed1i ngu\u1ed3n \u0111i\u1ec7n: \u0110\u1ed3ng thau + m\u1ea1 Ni, \u0110\u1ea7u n\u1ed1i Ethernet: K\u1ebdm + m\u1ea1 Ni\/PA,<br \/>\nV\u1ecf b\u1ecdc \u0111\u1ea7u n\u1ed1i USB: EDPM, Gi\u00e1 \u0111\u1ee1 b\u00fat: PC, M\u00f3c c\u1ed1 \u0111\u1ecbnh b\u1ed9 ngu\u1ed3n: POM,<br \/>\nV\u1ecf b\u1ecdc \u0111\u00e8n LED: PC, B\u1ed9 ngu\u1ed3n l\u1eafp: PC, B\u00fat c\u1ea3m \u1ee9ng: POM<\/td>\n<\/tr>\n<tr class=\"specTable-row\">\n<td class=\"specTable-clm-0\" colspan=\"4\">Kh\u1ed1i l\u01b0\u1ee3ng<\/td>\n<td class=\"specTable-clm-4\">Thi\u1ebft b\u1ecb ch\u00ednh: X\u1ea5p x\u1ec9 450 g<br \/>\nC\u00f3 b\u1ed9 ngu\u1ed3n g\u1eafn t\u01b0\u1eddng v\u00e0 b\u00fat c\u1ea3m \u1ee9ng \u0111i k\u00e8m: X\u1ea5p x\u1ec9 485 g<\/td>\n<\/tr>\n<tr class=\"specTable-foot\">\n<td class=\"specTable-clm-0\" colspan=\"5\"><sup>*1<\/sup>\u00a0Khi k\u1ebft n\u1ed1i v\u1edbi S\u00ea-ri IV2. Khi k\u1ebft n\u1ed1i v\u1edbi S\u00ea-ri IV, ng\u00f4n ng\u1eef \u0111\u01b0\u1ee3c h\u1ed7 tr\u1ee3 gi\u1ed1ng nh\u01b0 IV-M30.<br \/>\n<sup>*2<\/sup>\u00a0Chuy\u00ean d\u00f9ng trong k\u1ebft n\u1ed1i v\u1edbi S\u00ea-ri IV2 v\u00e0 S\u00ea-ri IV.<br \/>\n<sup>*3<\/sup>\u00a0Ch\u1ec9 s\u1eed d\u1ee5ng s\u1ea3n ph\u1ea9m do KEYENCE khuy\u1ebfn ngh\u1ecb..<br \/>\n<sup>*4<\/sup>\u00a0N\u1ebfu nhi\u1ec7t \u0111\u1ed9 m\u00f4i tr\u01b0\u1eddng xung quanh v\u01b0\u1ee3t qu\u00e1 40\u00b0C, h\u00e3y s\u1eed d\u1ee5ng s\u1ea3n ph\u1ea9m trong \u0111i\u1ec1u ki\u1ec7n \u0111\u1ed9 \u1ea9m tuy\u1ec7t \u0111\u1ed1i l\u00e0 85% RH tr\u1edf xu\u1ed1ng \u1edf 40\u00b0C.<\/td>\n<\/tr>\n<\/tbody>\n<\/table>\n<div><span class=\"text\">M\u1ed9t s\u1ed1 d\u00f2ng thi\u1ebft b\u1ecb Keyence:<\/span><\/div>\n<p>&nbsp;<\/p>\n<div><span class=\"text\">IV-150M IV-150MA IV-2000M IV-2000MA IV2-CP50 IV2-G30F IV2-G500CA IV-500C IV-500CA IV-500M IV-500MA IV-G10 IV-G15 IV-G150MA IV-G300CA IV-G500CA IV-G600MA IV-GD05 <\/span><\/div>\n<\/div>\n<div>\n<p>&nbsp;<\/p>\n<p>\u0110\u1ea1i l\u00fd Keyence vietnam, Keyence viet nam, Keyence vietnam distributor, Ph\u00e2n ph\u1ed1i Keyence t\u1ea1i vi\u1ec7t nam<\/p>\n<p>\u0110\u1ea1i l\u00fd Keyence vietnam, Keyence viet nam, Keyence vietnam distributor, Ph\u00e2n ph\u1ed1i Keyence t\u1ea1i vi\u1ec7t nam<\/p>\n<p>\u0110\u1ea1i l\u00fd Keyence vietnam, Keyence viet nam, Keyence vietnam distributor, Ph\u00e2n ph\u1ed1i Keyence t\u1ea1i vi\u1ec7t nam<\/p>\n<p>\u0110\u1ea1i l\u00fd Keyence vietnam, Keyence viet nam, Keyence vietnam distributor, Ph\u00e2n ph\u1ed1i Keyence t\u1ea1i vi\u1ec7t nam<\/p>\n<p>\u0110\u1ea1i l\u00fd Keyence vietnam, Keyence viet nam, Keyence vietnam distributor, Ph\u00e2n ph\u1ed1i Keyence t\u1ea1i vi\u1ec7t nam<\/p>\n<\/div>\n<\/div>\n<\/div>\n","protected":false},"excerpt":{"rendered":"<p>KEYENCE IV2-CP50 M\u00e0n h\u00ecnh IV2-CP50 Th\u00f4ng s\u1ed1 k\u1ef9 thu\u1eadt M\u1eabu IV2-CP50 Ng\u00f4n ng\u1eef Ti\u1ebfng Anh\/Ti\u1ebfng Nh\u1eadt\/Ti\u1ebfng \u0110\u1ee9c\/Ti\u1ebfng Trung (gi\u1ea3n th\u1ec3)\/Ti\u1ebfng Trung (ph\u1ed3n th\u1ec3)\/Ti\u1ebfng H\u00e0n\/ Ti\u1ebfng \u00dd\/Ti\u1ebfng Ph\u00e1p\/Ti\u1ebfng T\u00e2y Ban Nha\/Ti\u1ebfng B\u1ed3 \u0110\u00e0o Nha\/Ti\u1ebfng C\u1ed9ng h\u00f2a S\u00e9c\/Ti\u1ebfng Hungary\/Ti\u1ebfng Ba Lan\/Th\u00e1i*1 Hi\u1ec3n th\u1ecb LCD m\u00e0u TFT 5,7&#8243;, 640 \u00d7 480 (VGA) Ng\u01b0\u1ee3c&hellip; <\/p>\n","protected":false},"featured_media":1592,"comment_status":"open","ping_status":"closed","template":"","meta":{"om_disable_all_campaigns":false,"_monsterinsights_skip_tracking":false,"_monsterinsights_sitenote_active":false,"_monsterinsights_sitenote_note":"","_monsterinsights_sitenote_category":0},"product_cat":[15],"product_tag":[114,113,212],"class_list":{"0":"post-1591","1":"product","2":"type-product","3":"status-publish","4":"has-post-thumbnail","6":"product_cat-apex","7":"product_tag-dai-ly-keyence-viet-nam","8":"product_tag-keyence-viet-nam","9":"product_tag-man-hinh","11":"first","12":"instock","13":"shipping-taxable","14":"product-type-simple"},"aioseo_notices":[],"yoast_head":"<!-- This site is optimized with the Yoast SEO plugin v22.8 - https:\/\/yoast.com\/wordpress\/plugins\/seo\/ -->\n<title>KEYENCE IV2-CP50 - OMANI VI\u1ec6T NAM<\/title>\n<meta name=\"robots\" content=\"index, follow, max-snippet:-1, max-image-preview:large, max-video-preview:-1\" \/>\n<link rel=\"canonical\" href=\"https:\/\/sipin.com.vn\/index.php\/product\/keyence-iv2-cp50\/\" \/>\n<meta property=\"og:locale\" content=\"vi_VN\" \/>\n<meta property=\"og:type\" content=\"article\" \/>\n<meta property=\"og:title\" content=\"KEYENCE IV2-CP50 - OMANI VI\u1ec6T NAM\" \/>\n<meta property=\"og:description\" content=\"KEYENCE IV2-CP50 M\u00e0n h\u00ecnh IV2-CP50 Th\u00f4ng s\u1ed1 k\u1ef9 thu\u1eadt M\u1eabu IV2-CP50 Ng\u00f4n ng\u1eef Ti\u1ebfng Anh\/Ti\u1ebfng Nh\u1eadt\/Ti\u1ebfng \u0110\u1ee9c\/Ti\u1ebfng Trung (gi\u1ea3n th\u1ec3)\/Ti\u1ebfng Trung (ph\u1ed3n th\u1ec3)\/Ti\u1ebfng H\u00e0n\/ Ti\u1ebfng \u00dd\/Ti\u1ebfng Ph\u00e1p\/Ti\u1ebfng T\u00e2y Ban Nha\/Ti\u1ebfng B\u1ed3 \u0110\u00e0o Nha\/Ti\u1ebfng C\u1ed9ng h\u00f2a S\u00e9c\/Ti\u1ebfng Hungary\/Ti\u1ebfng Ba Lan\/Th\u00e1i*1 Hi\u1ec3n th\u1ecb LCD m\u00e0u TFT 5,7&#8243;, 640 \u00d7 480 (VGA) Ng\u01b0\u1ee3c&hellip;\" \/>\n<meta property=\"og:url\" content=\"https:\/\/sipin.com.vn\/index.php\/product\/keyence-iv2-cp50\/\" \/>\n<meta property=\"og:site_name\" content=\"OMANI VI\u1ec6T NAM\" \/>\n<meta property=\"article:modified_time\" content=\"2024-08-28T22:19:36+00:00\" \/>\n<meta property=\"og:image\" content=\"https:\/\/sipin.com.vn\/wp-content\/uploads\/2024\/08\/IV2-CP50.png\" \/>\n\t<meta property=\"og:image:width\" content=\"561\" \/>\n\t<meta property=\"og:image:height\" content=\"520\" \/>\n\t<meta property=\"og:image:type\" content=\"image\/png\" \/>\n<meta name=\"twitter:card\" content=\"summary_large_image\" \/>\n<meta name=\"twitter:label1\" content=\"\u01af\u1edbc t\u00ednh th\u1eddi gian \u0111\u1ecdc\" \/>\n\t<meta name=\"twitter:data1\" content=\"3 ph\u00fat\" \/>\n<script type=\"application\/ld+json\" class=\"yoast-schema-graph\">{\"@context\":\"https:\/\/schema.org\",\"@graph\":[{\"@type\":\"WebPage\",\"@id\":\"https:\/\/sipin.com.vn\/index.php\/product\/keyence-iv2-cp50\/\",\"url\":\"https:\/\/sipin.com.vn\/index.php\/product\/keyence-iv2-cp50\/\",\"name\":\"KEYENCE IV2-CP50 - OMANI VI\u1ec6T NAM\",\"isPartOf\":{\"@id\":\"https:\/\/sipin.com.vn\/#website\"},\"primaryImageOfPage\":{\"@id\":\"https:\/\/sipin.com.vn\/index.php\/product\/keyence-iv2-cp50\/#primaryimage\"},\"image\":{\"@id\":\"https:\/\/sipin.com.vn\/index.php\/product\/keyence-iv2-cp50\/#primaryimage\"},\"thumbnailUrl\":\"https:\/\/sipin.com.vn\/wp-content\/uploads\/2024\/08\/IV2-CP50.png\",\"datePublished\":\"2024-08-28T22:18:35+00:00\",\"dateModified\":\"2024-08-28T22:19:36+00:00\",\"breadcrumb\":{\"@id\":\"https:\/\/sipin.com.vn\/index.php\/product\/keyence-iv2-cp50\/#breadcrumb\"},\"inLanguage\":\"vi\",\"potentialAction\":[{\"@type\":\"ReadAction\",\"target\":[\"https:\/\/sipin.com.vn\/index.php\/product\/keyence-iv2-cp50\/\"]}]},{\"@type\":\"ImageObject\",\"inLanguage\":\"vi\",\"@id\":\"https:\/\/sipin.com.vn\/index.php\/product\/keyence-iv2-cp50\/#primaryimage\",\"url\":\"https:\/\/sipin.com.vn\/wp-content\/uploads\/2024\/08\/IV2-CP50.png\",\"contentUrl\":\"https:\/\/sipin.com.vn\/wp-content\/uploads\/2024\/08\/IV2-CP50.png\",\"width\":561,\"height\":520},{\"@type\":\"BreadcrumbList\",\"@id\":\"https:\/\/sipin.com.vn\/index.php\/product\/keyence-iv2-cp50\/#breadcrumb\",\"itemListElement\":[{\"@type\":\"ListItem\",\"position\":1,\"name\":\"Home\",\"item\":\"https:\/\/sipin.com.vn\/\"},{\"@type\":\"ListItem\",\"position\":2,\"name\":\"S\u1ea2N PH\u1ea8M\",\"item\":\"https:\/\/sipin.com.vn\/index.php\/cua-hang\/\"},{\"@type\":\"ListItem\",\"position\":3,\"name\":\"KEYENCE IV2-CP50\"}]},{\"@type\":\"WebSite\",\"@id\":\"https:\/\/sipin.com.vn\/#website\",\"url\":\"https:\/\/sipin.com.vn\/\",\"name\":\"OMANI VI\u1ec6T NAM\",\"description\":\"Nh\u00e0 ph\u00e2n ph\u1ed1i thi\u1ebft b\u1ecb kh\u00ed n\u00e9n v\u00e0 thi\u1ebft b\u1ecb t\u1ef1 \u0111\u1ed9ng h\u00f3a trong c\u00f4ng nghi\u1ec7p\",\"publisher\":{\"@id\":\"https:\/\/sipin.com.vn\/#\/schema\/person\/0ad398a980dc3fd696111c2c5c8fa897\"},\"potentialAction\":[{\"@type\":\"SearchAction\",\"target\":{\"@type\":\"EntryPoint\",\"urlTemplate\":\"https:\/\/sipin.com.vn\/?s={search_term_string}\"},\"query-input\":\"required name=search_term_string\"}],\"inLanguage\":\"vi\"},{\"@type\":[\"Person\",\"Organization\"],\"@id\":\"https:\/\/sipin.com.vn\/#\/schema\/person\/0ad398a980dc3fd696111c2c5c8fa897\",\"name\":\"Nguy\u1ec5n V\u0103n Kh\u00e1nh\",\"image\":{\"@type\":\"ImageObject\",\"inLanguage\":\"vi\",\"@id\":\"https:\/\/sipin.com.vn\/#\/schema\/person\/image\/\",\"url\":\"https:\/\/sipin.com.vn\/wp-content\/uploads\/2024\/06\/logo-1024x1024.png\",\"contentUrl\":\"https:\/\/sipin.com.vn\/wp-content\/uploads\/2024\/06\/logo-1024x1024.png\",\"width\":1024,\"height\":1024,\"caption\":\"Nguy\u1ec5n V\u0103n Kh\u00e1nh\"},\"logo\":{\"@id\":\"https:\/\/sipin.com.vn\/#\/schema\/person\/image\/\"},\"sameAs\":[\"https:\/\/sipin.com.vn\"]}]}<\/script>\n<!-- \/ Yoast SEO plugin. -->","yoast_head_json":{"title":"KEYENCE IV2-CP50 - OMANI VI\u1ec6T NAM","robots":{"index":"index","follow":"follow","max-snippet":"max-snippet:-1","max-image-preview":"max-image-preview:large","max-video-preview":"max-video-preview:-1"},"canonical":"https:\/\/sipin.com.vn\/index.php\/product\/keyence-iv2-cp50\/","og_locale":"vi_VN","og_type":"article","og_title":"KEYENCE IV2-CP50 - OMANI VI\u1ec6T NAM","og_description":"KEYENCE IV2-CP50 M\u00e0n h\u00ecnh IV2-CP50 Th\u00f4ng s\u1ed1 k\u1ef9 thu\u1eadt M\u1eabu IV2-CP50 Ng\u00f4n ng\u1eef Ti\u1ebfng Anh\/Ti\u1ebfng Nh\u1eadt\/Ti\u1ebfng \u0110\u1ee9c\/Ti\u1ebfng Trung (gi\u1ea3n th\u1ec3)\/Ti\u1ebfng Trung (ph\u1ed3n th\u1ec3)\/Ti\u1ebfng H\u00e0n\/ Ti\u1ebfng \u00dd\/Ti\u1ebfng Ph\u00e1p\/Ti\u1ebfng T\u00e2y Ban Nha\/Ti\u1ebfng B\u1ed3 \u0110\u00e0o Nha\/Ti\u1ebfng C\u1ed9ng h\u00f2a S\u00e9c\/Ti\u1ebfng Hungary\/Ti\u1ebfng Ba Lan\/Th\u00e1i*1 Hi\u1ec3n th\u1ecb LCD m\u00e0u TFT 5,7&#8243;, 640 \u00d7 480 (VGA) Ng\u01b0\u1ee3c&hellip;","og_url":"https:\/\/sipin.com.vn\/index.php\/product\/keyence-iv2-cp50\/","og_site_name":"OMANI VI\u1ec6T NAM","article_modified_time":"2024-08-28T22:19:36+00:00","og_image":[{"width":561,"height":520,"url":"https:\/\/sipin.com.vn\/wp-content\/uploads\/2024\/08\/IV2-CP50.png","type":"image\/png"}],"twitter_card":"summary_large_image","twitter_misc":{"\u01af\u1edbc t\u00ednh th\u1eddi gian \u0111\u1ecdc":"3 ph\u00fat"},"schema":{"@context":"https:\/\/schema.org","@graph":[{"@type":"WebPage","@id":"https:\/\/sipin.com.vn\/index.php\/product\/keyence-iv2-cp50\/","url":"https:\/\/sipin.com.vn\/index.php\/product\/keyence-iv2-cp50\/","name":"KEYENCE IV2-CP50 - OMANI VI\u1ec6T NAM","isPartOf":{"@id":"https:\/\/sipin.com.vn\/#website"},"primaryImageOfPage":{"@id":"https:\/\/sipin.com.vn\/index.php\/product\/keyence-iv2-cp50\/#primaryimage"},"image":{"@id":"https:\/\/sipin.com.vn\/index.php\/product\/keyence-iv2-cp50\/#primaryimage"},"thumbnailUrl":"https:\/\/sipin.com.vn\/wp-content\/uploads\/2024\/08\/IV2-CP50.png","datePublished":"2024-08-28T22:18:35+00:00","dateModified":"2024-08-28T22:19:36+00:00","breadcrumb":{"@id":"https:\/\/sipin.com.vn\/index.php\/product\/keyence-iv2-cp50\/#breadcrumb"},"inLanguage":"vi","potentialAction":[{"@type":"ReadAction","target":["https:\/\/sipin.com.vn\/index.php\/product\/keyence-iv2-cp50\/"]}]},{"@type":"ImageObject","inLanguage":"vi","@id":"https:\/\/sipin.com.vn\/index.php\/product\/keyence-iv2-cp50\/#primaryimage","url":"https:\/\/sipin.com.vn\/wp-content\/uploads\/2024\/08\/IV2-CP50.png","contentUrl":"https:\/\/sipin.com.vn\/wp-content\/uploads\/2024\/08\/IV2-CP50.png","width":561,"height":520},{"@type":"BreadcrumbList","@id":"https:\/\/sipin.com.vn\/index.php\/product\/keyence-iv2-cp50\/#breadcrumb","itemListElement":[{"@type":"ListItem","position":1,"name":"Home","item":"https:\/\/sipin.com.vn\/"},{"@type":"ListItem","position":2,"name":"S\u1ea2N PH\u1ea8M","item":"https:\/\/sipin.com.vn\/index.php\/cua-hang\/"},{"@type":"ListItem","position":3,"name":"KEYENCE IV2-CP50"}]},{"@type":"WebSite","@id":"https:\/\/sipin.com.vn\/#website","url":"https:\/\/sipin.com.vn\/","name":"OMANI VI\u1ec6T NAM","description":"Nh\u00e0 ph\u00e2n ph\u1ed1i thi\u1ebft b\u1ecb kh\u00ed n\u00e9n v\u00e0 thi\u1ebft b\u1ecb t\u1ef1 \u0111\u1ed9ng h\u00f3a trong c\u00f4ng nghi\u1ec7p","publisher":{"@id":"https:\/\/sipin.com.vn\/#\/schema\/person\/0ad398a980dc3fd696111c2c5c8fa897"},"potentialAction":[{"@type":"SearchAction","target":{"@type":"EntryPoint","urlTemplate":"https:\/\/sipin.com.vn\/?s={search_term_string}"},"query-input":"required name=search_term_string"}],"inLanguage":"vi"},{"@type":["Person","Organization"],"@id":"https:\/\/sipin.com.vn\/#\/schema\/person\/0ad398a980dc3fd696111c2c5c8fa897","name":"Nguy\u1ec5n V\u0103n Kh\u00e1nh","image":{"@type":"ImageObject","inLanguage":"vi","@id":"https:\/\/sipin.com.vn\/#\/schema\/person\/image\/","url":"https:\/\/sipin.com.vn\/wp-content\/uploads\/2024\/06\/logo-1024x1024.png","contentUrl":"https:\/\/sipin.com.vn\/wp-content\/uploads\/2024\/06\/logo-1024x1024.png","width":1024,"height":1024,"caption":"Nguy\u1ec5n V\u0103n Kh\u00e1nh"},"logo":{"@id":"https:\/\/sipin.com.vn\/#\/schema\/person\/image\/"},"sameAs":["https:\/\/sipin.com.vn"]}]}},"_links":{"self":[{"href":"https:\/\/sipin.com.vn\/index.php\/wp-json\/wp\/v2\/product\/1591","targetHints":{"allow":["GET"]}}],"collection":[{"href":"https:\/\/sipin.com.vn\/index.php\/wp-json\/wp\/v2\/product"}],"about":[{"href":"https:\/\/sipin.com.vn\/index.php\/wp-json\/wp\/v2\/types\/product"}],"replies":[{"embeddable":true,"href":"https:\/\/sipin.com.vn\/index.php\/wp-json\/wp\/v2\/comments?post=1591"}],"wp:featuredmedia":[{"embeddable":true,"href":"https:\/\/sipin.com.vn\/index.php\/wp-json\/wp\/v2\/media\/1592"}],"wp:attachment":[{"href":"https:\/\/sipin.com.vn\/index.php\/wp-json\/wp\/v2\/media?parent=1591"}],"wp:term":[{"taxonomy":"product_cat","embeddable":true,"href":"https:\/\/sipin.com.vn\/index.php\/wp-json\/wp\/v2\/product_cat?post=1591"},{"taxonomy":"product_tag","embeddable":true,"href":"https:\/\/sipin.com.vn\/index.php\/wp-json\/wp\/v2\/product_tag?post=1591"}],"curies":[{"name":"wp","href":"https:\/\/api.w.org\/{rel}","templated":true}]}}