{"id":1519,"date":"2024-08-25T05:27:16","date_gmt":"2024-08-24T22:27:16","guid":{"rendered":"https:\/\/omanivietnam.com\/?post_type=product&#038;p=1519"},"modified":"2025-04-16T21:24:33","modified_gmt":"2025-04-16T14:24:33","slug":"toho-k3lpt100x300r4-d10-mm-sus316","status":"publish","type":"product","link":"https:\/\/sipin.com.vn\/index.php\/product\/toho-k3lpt100x300r4-d10-mm-sus316\/","title":{"rendered":"TOHO K3LPT100X300R4 D10 MM SUS316"},"content":{"rendered":"<p>TOHO K3LPT100X300R4 D10 MM SUS316<\/p>\n<p><strong>C\u1ea3m bi\u1ebfn nhi\u1ec7t \u0111\u1ed9 TOHO K3LPT100X300R4 D10 MM SUS316\u00a0<\/strong>thi\u1ebft k\u1ebf v\u1edbi \u0111\u01b0\u1eddng k\u00ednh can nhi\u1ec7t<strong>\u00a010.0mm<\/strong>, chi\u1ec1u d\u00e0i can nhi\u1ec7t\u00a0<strong>300mm<\/strong>. H\u00ecnh d\u00e1ng\u00a0<strong>TOHO K3LPT100X300R4 D10 MM SUS316\u00a0<\/strong>ki\u1ec3u c\u1ea7u \u0111\u1ea5u c\u00f3 n\u1eafp k\u00edn d\u1ea1ng c\u1ee7 h\u00e0nh. \u0110\u1ec3 bi\u1ebft th\u00eam th\u00f4ng tin chi ti\u1ebft v\u1ec1 s\u1ea3n ph\u1ea9m, t\u00ecm hi\u1ec3u c\u00e1c th\u00f4ng s\u1ed1 trong b\u1ea3ng d\u01b0\u1edbi \u0111\u00e2y.<\/p>\n<p><strong>Th\u00f4ng s\u1ed1 k\u1ef9 thu\u1eadt C\u1ea3m bi\u1ebfn nhi\u1ec7t TOHO K3LPT100X300R4 D10 MM SUS316\u00a0<\/strong><\/p>\n<div>\n<table width=\"822\">\n<tbody>\n<tr>\n<td>M\u00e3 s\u1ea3n ph\u1ea9m<\/td>\n<td><strong>K3LPT100X300R4 D10 MM SUS316<\/strong><\/td>\n<\/tr>\n<tr>\n<td>Lo\u1ea1i can nhi\u1ec7t<\/td>\n<td>PT<\/td>\n<\/tr>\n<tr>\n<td>H\u00ecnh d\u00e1ng<\/td>\n<td>c\u1ea7u \u0111\u1ea5u c\u00f3 n\u1eafp k\u00edn (c\u1ee7 h\u00e0nh)<\/td>\n<\/tr>\n<tr>\n<td>\u0110\u01b0\u1eddng k\u00ednh can nhi\u1ec7t<\/td>\n<td><strong>10.0mm<\/strong><\/td>\n<\/tr>\n<tr>\n<td>Chi\u1ec1u d\u00e0i can nhi\u1ec7t<\/td>\n<td>300mm<\/td>\n<\/tr>\n<tr>\n<td>Lo\u1ea1i d\u00e2y d\u1eabn<\/td>\n<td>kh\u00f4ng n\u1ed1i \u0111\u1ea5t<\/td>\n<\/tr>\n<tr>\n<td>D\u1ea3i nhi\u1ec7t \u0111\u1ed9 \u0111o<\/td>\n<td>0\u00b0C \u0111\u1ebfn 400\u00b0C<\/td>\n<\/tr>\n<tr>\n<td>V\u1eadt li\u1ec7u v\u1ecf b\u1ea3o v\u1ec7<\/td>\n<td>SUS316<\/td>\n<\/tr>\n<\/tbody>\n<\/table>\n<\/div>\n<p>C\u1ea3m bi\u1ebfn nhi\u1ec7t \u0111\u1ed9 TOHO K3LPT100X300R4 D10 MM SUS316<br \/>\nTh\u00f4ng s\u1ed1 k\u1ef9 thu\u1eadt C\u1ea3m bi\u1ebfn nhi\u1ec7t TOHO K3LPT100X300R4 D10 MM SUS316<br \/>\nM\u00e3 s\u1ea3n ph\u1ea9m K3LPT100X300R4 D10 MM SUS316<br \/>\nLo\u1ea1i can nhi\u1ec7t PT<br \/>\nH\u00ecnh d\u00e1ng c\u1ea7u \u0111\u1ea5u c\u00f3 n\u1eafp k\u00edn (c\u1ee7 h\u00e0nh)<br \/>\n\u0110\u01b0\u1eddng k\u00ednh can nhi\u1ec7t 10.0mm<br \/>\nChi\u1ec1u d\u00e0i can nhi\u1ec7t 300mm<br \/>\nLo\u1ea1i d\u00e2y d\u1eabn kh\u00f4ng n\u1ed1i \u0111\u1ea5t<br \/>\nD\u1ea3i nhi\u1ec7t \u0111\u1ed9 \u0111o 0\u00b0C \u0111\u1ebfn 400\u00b0C<br \/>\nV\u1eadt li\u1ec7u v\u1ecf b\u1ea3o v\u1ec7 SUS316<br \/>\nM\u1ed9t s\u1ed1 \u01b0u \u0111i\u1ec3m c\u1ee7a c\u1ea3m bi\u1ebfn nhi\u1ec7t TOHO K3LPT100X300R4 D10 MM SUS316<br \/>\n\u2013 TOHO K3LPT100X300R4 D10 MM SUS316 l\u00e0m t\u1eeb nguy\u00ean v\u1eadt li\u1ec7u \u0111\u1ed9 b\u1ec1n cao, \u0111\u1ea7u c\u1ea3m bi\u1ebfn c\u00f3 ch\u1ea5t l\u01b0\u1ee3ng t\u1ed1t.<br \/>\n\u2013 Kh\u1ea3 n\u0103ng c\u1ea3m bi\u1ebfn nhanh nh\u1ea1y, \u1ed5n \u0111\u1ecbnh v\u1edbi \u0111\u1ed9 ch\u00ednh x\u00e1c v\u00e0 \u0111\u1ed9 tin c\u1eady cao.<\/p>\n<p>\u0110\u1eb7c \u0111i\u1ec3m k\u1ef9 thu\u1eadt chung c\u1ee7a d\u00f2ng K3LPT<br \/>\n\u2013 C\u00f3 d\u1ea1ng d\u00e2y h\u1edf v\u1edbi c\u1ea7u \u0111\u1ea5u c\u00f3 n\u1eafp k\u00edn<br \/>\n\u2013 D\u00e2y d\u1eabn g\u1ed3m 2 lo\u1ea1i can PT c\u00f3 3 d\u00e2y, can TC v\u1edbi lo\u1ea1i n\u1ed1i \u0111\u1ea5t v\u00e0 kh\u00f4ng n\u1ed1i \u0111\u1ea5t<br \/>\n\u2013 D\u1ea3i nhi\u1ec7t \u0111\u1ed9 \u0111o r\u1ed9ng:<br \/>\n+ Can PT: 0\u00b0C \u0111\u1ebfn 400\u00b0C<br \/>\n+ Can K: 0\u00b0C \u0111\u1ebfn 900\u00b0C<br \/>\n\u2013 Chi\u1ec1u d\u00e0i c\u1ea3m bi\u1ebfn nhi\u1ec7t v\u1edbi k\u00edch th\u01b0\u1edbc \u0111a d\u1ea1ng: 100, 150, 200, 300mm<br \/>\n-c\u1ea3m bi\u1ebfn nhi\u1ec7t TOHO K3LPT100X300R4 D10 MM SUS316 gi\u00e1 t\u1ed1t \u2013 ch\u00ednh h\u00e3ng \u2013 b\u1ea3o h\u00e0nh 12 th\u00e1ng \u2013 giao h\u00e0ng t\u1eadn n\u01a1i<\/p>\n<p>&nbsp;<\/p>\n<p>C\u00e1c s\u1ea3n ph\u1ea9m t\u01b0\u01a1ng t\u1ef1<\/p>\n<p>M\u00e1y ghi d\u1eef li\u1ec7u 6 k\u00eanh Toho TRM-00J<\/p>\n<p>M\u00e1y ghi d\u1eef li\u1ec7u 1 k\u00eanh Toho TRM-1001C<\/p>\n<p>M\u00e1y ghi d\u1eef li\u1ec7u 2 k\u00eanh Toho TRM-1002C<\/p>\n<p>M\u00e1y ghi d\u1eef li\u1ec7u 6 k\u00eanh Toho TRM10C100T<\/p>\n<p>M\u00e1y ghi d\u1eef li\u1ec7u 9 k\u00eanh Toho TRM2009A00<\/p>\n<p>M\u00e1y ghi d\u1eef li\u1ec7u 12 k\u00eanh Toho TRM20012A00<\/p>\n<p>R\u01a1 le b\u00e1n d\u1eabn Toho TRS1225<\/p>\n<p>R\u01a1 le b\u00e1n d\u1eabn Toho TRS1245<\/p>\n<p>R\u01a1 le b\u00e1n d\u1eabn (25A) Toho TRS5225<\/p>\n<p>R\u01a1 le b\u00e1n d\u1eabn Toho TRS7210<\/p>\n<p>R\u01a1 le b\u00e1n d\u1eabn Toho TRS7220<\/p>\n<p>R\u01a1 le b\u00e1n d\u1eabn Toho TRS7240<\/p>\n<p>R\u01a1 le b\u00e1n d\u1eabn Toho TRS7260<\/p>\n<p>B\u1ed9 \u0111i\u1ec1u khi\u1ec3n nhi\u1ec7t \u0111\u1ed9 Toho Size 24 \u00d7 48mm TTM-002W-I-A<\/p>\n<p>B\u1ed9 \u0111i\u1ec1u khi\u1ec3n nhi\u1ec7t \u0111\u1ed9 Toho Size 24 \u00d7 48mm TTM-002W-P-A<\/p>\n<p>B\u1ed9 \u0111i\u1ec1u khi\u1ec3n nhi\u1ec7t \u0111\u1ed9 Toho Size 24 \u00d7 48mm TTM-002W-R-A<\/p>\n<p>B\u1ed9 \u0111i\u1ec1u khi\u1ec3n nhi\u1ec7t \u0111\u1ed9 Toho Size 48 \u00d7 48mm TTM-004W-I-A<\/p>\n<p>B\u1ed9 \u0111i\u1ec1u khi\u1ec3n nhi\u1ec7t \u0111\u1ed9 Toho Size 48 \u00d7 48mm TTM-004W-I-ABD<\/p>\n<p>B\u1ed9 \u0111i\u1ec1u khi\u1ec3n nhi\u1ec7t \u0111\u1ed9 Toho Size 48 \u00d7 48mm TTM-004W-P-A<\/p>\n<p>B\u1ed9 \u0111i\u1ec1u khi\u1ec3n nhi\u1ec7t \u0111\u1ed9 Toho Size 48 \u00d7 48mm TTM-004W-R-A<\/p>\n<p>B\u1ed9 \u0111i\u1ec1u khi\u1ec3n nhi\u1ec7t \u0111\u1ed9 Toho size 48\u00d748 ( 24v ) TTM-004W-R-AB-24<\/p>\n<p>B\u1ed9 \u0111i\u1ec1u khi\u1ec3n nhi\u1ec7t \u0111\u1ed9 Toho Size 96 \u00d7 48mm TTM-005W-I-A<\/p>\n<p>B\u1ed9 \u0111i\u1ec1u khi\u1ec3n nhi\u1ec7t \u0111\u1ed9 Toho Size 96 \u00d7 48mm TTM-005W-P-A<\/p>\n<p>B\u1ed9 \u0111i\u1ec1u khi\u1ec3n nhi\u1ec7t \u0111\u1ed9 Toho Size 96 \u00d7 48mm TTM-005W-R-A<\/p>\n<p>B\u1ed9 \u0111i\u1ec1u khi\u1ec3n nhi\u1ec7t \u0111\u1ed9 Toho Size 48 \u00d7 96mm TTM-006W-I-A<\/p>\n<p>B\u1ed9 \u0111i\u1ec1u khi\u1ec3n nhi\u1ec7t \u0111\u1ed9 Toho Size 48 \u00d7 96mm TTM-006W-P-A<\/p>\n<p>B\u1ed9 \u0111i\u1ec1u khi\u1ec3n nhi\u1ec7t \u0111\u1ed9 Toho Size 48 \u00d7 96mm TTM-006W-R-A<\/p>\n<p>B\u1ed9 \u0111i\u1ec1u khi\u1ec3n nhi\u1ec7t \u0111\u1ed9 Toho Size 72 \u00d7 72mm TTM-007W-I-A<\/p>\n<p>B\u1ed9 \u0111i\u1ec1u khi\u1ec3n nhi\u1ec7t \u0111\u1ed9 Toho Size 72 \u00d7 72mm TTM-007W-P-A<\/p>\n<p>B\u1ed9 \u0111i\u1ec1u khi\u1ec3n nhi\u1ec7t \u0111\u1ed9 Toho Size 72 \u00d7 72mm TTM-007W-R-A<\/p>\n<table class=\"table table-bordered table-hover tablesplq\">\n<tbody>\n<tr class=\"itemsa\">\n<td>B\u1ed9 \u0111i\u1ec1u khi\u1ec3n nhi\u1ec7t \u0111\u1ed9 Toho Size 96 \u00d7 96mm TTM-009W-I-A<\/td>\n<\/tr>\n<\/tbody>\n<\/table>\n<table class=\"table table-bordered table-hover tablesplq\">\n<tbody>\n<tr class=\"itemsa\">\n<td>B\u1ed9 \u0111i\u1ec1u khi\u1ec3n nhi\u1ec7t \u0111\u1ed9 Toho Size 96 \u00d7 96mm TTM-009W-P-A<\/td>\n<\/tr>\n<\/tbody>\n<\/table>\n<p>B\u1ed9 \u0111i\u1ec1u khi\u1ec3n nhi\u1ec7t \u0111\u1ed9 Toho Size 96 \u00d7 96mm TTM-009W-R-A<\/p>\n<p>B\u1ed9 \u0111i\u1ec1u khi\u1ec3n nhi\u1ec7t \u0111\u1ed9 Toho Size 48 \u00d7 48mm TTM-04SP-P-AB<\/p>\n<p>B\u1ed9 \u0111i\u1ec1u khi\u1ec3n nhi\u1ec7t \u0111\u1ed9 Toho Size 48 \u00d7 48mm TTM-04SP-R-AB<\/p>\n<p>B\u1ed9 \u0111i\u1ec1u khi\u1ec3n nhi\u1ec7t t\u1ee7 \u0111\u00f4ng Toho Size 76 X 34mm TTM-C30-220<\/p>\n<p>B\u1ed9 \u0111i\u1ec1u khi\u1ec3n nhi\u1ec7t \u0111\u1ed9 Toho Size 48 \u00d7 48mm TTM-i4N-P-AB<\/p>\n<p>B\u1ed9 \u0111i\u1ec1u khi\u1ec3n nhi\u1ec7t \u0111\u1ed9 Toho Size 48 \u00d7 48mm TTM-i4N-R-AB<\/p>\n<p>C\u1ea3m bi\u1ebfn nhi\u1ec7t \u0111\u1ed9 Toho D1PT64x100\/0-PSxR48x150CS<\/p>\n<p>C\u1ea3m bi\u1ebfn nhi\u1ec7t \u0111\u1ed9 Toho D1PT64x150\/0-PSxR48x150CS<\/p>\n<p>C\u1ea3m bi\u1ebfn nhi\u1ec7t \u0111\u1ed9 Toho D1PT64x300\/0-PSxR48x150CS<\/p>\n<p>C\u1ea3m bi\u1ebfn nhi\u1ec7t \u0111\u1ed9 Toho M6K40X-D2X2DM6<\/p>\n<p>Ch\u00e2n \u0111\u1ebf C\u1ee7a TTM-04SP Toho TP411SBA<\/p>\n<p>Ch\u00e2n \u0111\u1ebf C\u1ee7a TTM-04SP Toho TP411X<\/p>\n<p>\u0110\u1ea1i l\u00fd TOHO vietnam, TOHO viet nam, TOHO vietnam distributor, Ph\u00e2n ph\u1ed1i TOHO t\u1ea1i vi\u1ec7t nam<\/p>\n<p>\u0110\u1ea1i l\u00fd TOHO vietnam, TOHO viet nam, TOHO vietnam distributor, Ph\u00e2n ph\u1ed1i TOHO t\u1ea1i vi\u1ec7t nam<\/p>\n<p>\u0110\u1ea1i l\u00fd TOHO vietnam, TOHO viet nam, TOHO vietnam distributor, Ph\u00e2n ph\u1ed1i TOHO t\u1ea1i vi\u1ec7t nam<\/p>\n<p>\u0110\u1ea1i l\u00fd TOHO vietnam, TOHO viet nam, TOHO vietnam distributor, Ph\u00e2n ph\u1ed1i TOHO t\u1ea1i vi\u1ec7t nam<\/p>\n<p>\u0110\u1ea1i l\u00fd TOHO vietnam, TOHO viet nam, TOHO vietnam distributor, Ph\u00e2n ph\u1ed1i TOHO t\u1ea1i vi\u1ec7t nam<\/p>\n<p>&nbsp;<\/p>\n","protected":false},"excerpt":{"rendered":"<p>TOHO K3LPT100X300R4 D10 MM SUS316 C\u1ea3m bi\u1ebfn nhi\u1ec7t \u0111\u1ed9 TOHO K3LPT100X300R4 D10 MM SUS316\u00a0thi\u1ebft k\u1ebf v\u1edbi \u0111\u01b0\u1eddng k\u00ednh can nhi\u1ec7t\u00a010.0mm, chi\u1ec1u d\u00e0i can nhi\u1ec7t\u00a0300mm. H\u00ecnh d\u00e1ng\u00a0TOHO K3LPT100X300R4 D10 MM SUS316\u00a0ki\u1ec3u c\u1ea7u \u0111\u1ea5u c\u00f3 n\u1eafp k\u00edn d\u1ea1ng c\u1ee7 h\u00e0nh. \u0110\u1ec3 bi\u1ebft th\u00eam th\u00f4ng tin chi ti\u1ebft v\u1ec1 s\u1ea3n ph\u1ea9m, t\u00ecm hi\u1ec3u&hellip; <\/p>\n","protected":false},"featured_media":1520,"comment_status":"open","ping_status":"closed","template":"","meta":{"om_disable_all_campaigns":false,"_monsterinsights_skip_tracking":false,"_monsterinsights_sitenote_active":false,"_monsterinsights_sitenote_note":"","_monsterinsights_sitenote_category":0},"product_cat":[15],"product_tag":[88,308,307],"class_list":{"0":"post-1519","1":"product","2":"type-product","3":"status-publish","4":"has-post-thumbnail","6":"product_cat-apex","7":"product_tag-cam-bien","8":"product_tag-dai-ly-toho-viet-nam","9":"product_tag-toho-viet-nam","11":"first","12":"instock","13":"shipping-taxable","14":"product-type-simple"},"aioseo_notices":[],"yoast_head":"<!-- This site is optimized with the Yoast SEO plugin v22.8 - https:\/\/yoast.com\/wordpress\/plugins\/seo\/ -->\n<title>TOHO K3LPT100X300R4 D10 MM SUS316 - OMANI VI\u1ec6T NAM<\/title>\n<meta name=\"description\" content=\"TOHO K3LPT100X300R4 Temp. Sensor\" \/>\n<meta name=\"robots\" content=\"index, follow, max-snippet:-1, max-image-preview:large, max-video-preview:-1\" \/>\n<link rel=\"canonical\" href=\"https:\/\/sipin.com.vn\/index.php\/product\/toho-k3lpt100x300r4-d10-mm-sus316\/\" \/>\n<meta property=\"og:locale\" content=\"vi_VN\" \/>\n<meta property=\"og:type\" content=\"article\" \/>\n<meta property=\"og:title\" content=\"TOHO K3LPT100X300R4 D10 MM SUS316 - OMANI VI\u1ec6T NAM\" \/>\n<meta property=\"og:description\" content=\"TOHO K3LPT100X300R4 Temp. Sensor\" \/>\n<meta property=\"og:url\" content=\"https:\/\/sipin.com.vn\/index.php\/product\/toho-k3lpt100x300r4-d10-mm-sus316\/\" \/>\n<meta property=\"og:site_name\" content=\"OMANI VI\u1ec6T NAM\" \/>\n<meta property=\"article:modified_time\" content=\"2025-04-16T14:24:33+00:00\" \/>\n<meta property=\"og:image\" content=\"https:\/\/sipin.com.vn\/wp-content\/uploads\/2024\/08\/K3LPT100X300R4-D10-MM-SUS316.png\" \/>\n\t<meta property=\"og:image:width\" content=\"727\" \/>\n\t<meta property=\"og:image:height\" content=\"869\" \/>\n\t<meta property=\"og:image:type\" content=\"image\/png\" \/>\n<meta name=\"twitter:card\" content=\"summary_large_image\" \/>\n<meta name=\"twitter:label1\" content=\"\u01af\u1edbc t\u00ednh th\u1eddi gian \u0111\u1ecdc\" \/>\n\t<meta name=\"twitter:data1\" content=\"5 ph\u00fat\" \/>\n<script type=\"application\/ld+json\" class=\"yoast-schema-graph\">{\"@context\":\"https:\/\/schema.org\",\"@graph\":[{\"@type\":\"WebPage\",\"@id\":\"https:\/\/sipin.com.vn\/index.php\/product\/toho-k3lpt100x300r4-d10-mm-sus316\/\",\"url\":\"https:\/\/sipin.com.vn\/index.php\/product\/toho-k3lpt100x300r4-d10-mm-sus316\/\",\"name\":\"TOHO K3LPT100X300R4 D10 MM SUS316 - OMANI VI\u1ec6T NAM\",\"isPartOf\":{\"@id\":\"https:\/\/sipin.com.vn\/#website\"},\"primaryImageOfPage\":{\"@id\":\"https:\/\/sipin.com.vn\/index.php\/product\/toho-k3lpt100x300r4-d10-mm-sus316\/#primaryimage\"},\"image\":{\"@id\":\"https:\/\/sipin.com.vn\/index.php\/product\/toho-k3lpt100x300r4-d10-mm-sus316\/#primaryimage\"},\"thumbnailUrl\":\"https:\/\/sipin.com.vn\/wp-content\/uploads\/2024\/08\/K3LPT100X300R4-D10-MM-SUS316.png\",\"datePublished\":\"2024-08-24T22:27:16+00:00\",\"dateModified\":\"2025-04-16T14:24:33+00:00\",\"description\":\"TOHO K3LPT100X300R4 Temp. Sensor\",\"breadcrumb\":{\"@id\":\"https:\/\/sipin.com.vn\/index.php\/product\/toho-k3lpt100x300r4-d10-mm-sus316\/#breadcrumb\"},\"inLanguage\":\"vi\",\"potentialAction\":[{\"@type\":\"ReadAction\",\"target\":[\"https:\/\/sipin.com.vn\/index.php\/product\/toho-k3lpt100x300r4-d10-mm-sus316\/\"]}]},{\"@type\":\"ImageObject\",\"inLanguage\":\"vi\",\"@id\":\"https:\/\/sipin.com.vn\/index.php\/product\/toho-k3lpt100x300r4-d10-mm-sus316\/#primaryimage\",\"url\":\"https:\/\/sipin.com.vn\/wp-content\/uploads\/2024\/08\/K3LPT100X300R4-D10-MM-SUS316.png\",\"contentUrl\":\"https:\/\/sipin.com.vn\/wp-content\/uploads\/2024\/08\/K3LPT100X300R4-D10-MM-SUS316.png\",\"width\":727,\"height\":869},{\"@type\":\"BreadcrumbList\",\"@id\":\"https:\/\/sipin.com.vn\/index.php\/product\/toho-k3lpt100x300r4-d10-mm-sus316\/#breadcrumb\",\"itemListElement\":[{\"@type\":\"ListItem\",\"position\":1,\"name\":\"Home\",\"item\":\"https:\/\/sipin.com.vn\/\"},{\"@type\":\"ListItem\",\"position\":2,\"name\":\"S\u1ea2N PH\u1ea8M\",\"item\":\"https:\/\/sipin.com.vn\/index.php\/cua-hang\/\"},{\"@type\":\"ListItem\",\"position\":3,\"name\":\"TOHO K3LPT100X300R4 D10 MM SUS316\"}]},{\"@type\":\"WebSite\",\"@id\":\"https:\/\/sipin.com.vn\/#website\",\"url\":\"https:\/\/sipin.com.vn\/\",\"name\":\"OMANI VI\u1ec6T NAM\",\"description\":\"Nh\u00e0 ph\u00e2n ph\u1ed1i thi\u1ebft b\u1ecb kh\u00ed n\u00e9n v\u00e0 thi\u1ebft b\u1ecb t\u1ef1 \u0111\u1ed9ng h\u00f3a trong c\u00f4ng nghi\u1ec7p\",\"publisher\":{\"@id\":\"https:\/\/sipin.com.vn\/#\/schema\/person\/0ad398a980dc3fd696111c2c5c8fa897\"},\"potentialAction\":[{\"@type\":\"SearchAction\",\"target\":{\"@type\":\"EntryPoint\",\"urlTemplate\":\"https:\/\/sipin.com.vn\/?s={search_term_string}\"},\"query-input\":\"required name=search_term_string\"}],\"inLanguage\":\"vi\"},{\"@type\":[\"Person\",\"Organization\"],\"@id\":\"https:\/\/sipin.com.vn\/#\/schema\/person\/0ad398a980dc3fd696111c2c5c8fa897\",\"name\":\"Nguy\u1ec5n V\u0103n Kh\u00e1nh\",\"image\":{\"@type\":\"ImageObject\",\"inLanguage\":\"vi\",\"@id\":\"https:\/\/sipin.com.vn\/#\/schema\/person\/image\/\",\"url\":\"https:\/\/sipin.com.vn\/wp-content\/uploads\/2024\/06\/logo-1024x1024.png\",\"contentUrl\":\"https:\/\/sipin.com.vn\/wp-content\/uploads\/2024\/06\/logo-1024x1024.png\",\"width\":1024,\"height\":1024,\"caption\":\"Nguy\u1ec5n V\u0103n Kh\u00e1nh\"},\"logo\":{\"@id\":\"https:\/\/sipin.com.vn\/#\/schema\/person\/image\/\"},\"sameAs\":[\"https:\/\/sipin.com.vn\"]}]}<\/script>\n<!-- \/ Yoast SEO plugin. -->","yoast_head_json":{"title":"TOHO K3LPT100X300R4 D10 MM SUS316 - OMANI VI\u1ec6T NAM","description":"TOHO K3LPT100X300R4 Temp. Sensor","robots":{"index":"index","follow":"follow","max-snippet":"max-snippet:-1","max-image-preview":"max-image-preview:large","max-video-preview":"max-video-preview:-1"},"canonical":"https:\/\/sipin.com.vn\/index.php\/product\/toho-k3lpt100x300r4-d10-mm-sus316\/","og_locale":"vi_VN","og_type":"article","og_title":"TOHO K3LPT100X300R4 D10 MM SUS316 - OMANI VI\u1ec6T NAM","og_description":"TOHO K3LPT100X300R4 Temp. Sensor","og_url":"https:\/\/sipin.com.vn\/index.php\/product\/toho-k3lpt100x300r4-d10-mm-sus316\/","og_site_name":"OMANI VI\u1ec6T NAM","article_modified_time":"2025-04-16T14:24:33+00:00","og_image":[{"width":727,"height":869,"url":"https:\/\/sipin.com.vn\/wp-content\/uploads\/2024\/08\/K3LPT100X300R4-D10-MM-SUS316.png","type":"image\/png"}],"twitter_card":"summary_large_image","twitter_misc":{"\u01af\u1edbc t\u00ednh th\u1eddi gian \u0111\u1ecdc":"5 ph\u00fat"},"schema":{"@context":"https:\/\/schema.org","@graph":[{"@type":"WebPage","@id":"https:\/\/sipin.com.vn\/index.php\/product\/toho-k3lpt100x300r4-d10-mm-sus316\/","url":"https:\/\/sipin.com.vn\/index.php\/product\/toho-k3lpt100x300r4-d10-mm-sus316\/","name":"TOHO K3LPT100X300R4 D10 MM SUS316 - OMANI VI\u1ec6T NAM","isPartOf":{"@id":"https:\/\/sipin.com.vn\/#website"},"primaryImageOfPage":{"@id":"https:\/\/sipin.com.vn\/index.php\/product\/toho-k3lpt100x300r4-d10-mm-sus316\/#primaryimage"},"image":{"@id":"https:\/\/sipin.com.vn\/index.php\/product\/toho-k3lpt100x300r4-d10-mm-sus316\/#primaryimage"},"thumbnailUrl":"https:\/\/sipin.com.vn\/wp-content\/uploads\/2024\/08\/K3LPT100X300R4-D10-MM-SUS316.png","datePublished":"2024-08-24T22:27:16+00:00","dateModified":"2025-04-16T14:24:33+00:00","description":"TOHO K3LPT100X300R4 Temp. Sensor","breadcrumb":{"@id":"https:\/\/sipin.com.vn\/index.php\/product\/toho-k3lpt100x300r4-d10-mm-sus316\/#breadcrumb"},"inLanguage":"vi","potentialAction":[{"@type":"ReadAction","target":["https:\/\/sipin.com.vn\/index.php\/product\/toho-k3lpt100x300r4-d10-mm-sus316\/"]}]},{"@type":"ImageObject","inLanguage":"vi","@id":"https:\/\/sipin.com.vn\/index.php\/product\/toho-k3lpt100x300r4-d10-mm-sus316\/#primaryimage","url":"https:\/\/sipin.com.vn\/wp-content\/uploads\/2024\/08\/K3LPT100X300R4-D10-MM-SUS316.png","contentUrl":"https:\/\/sipin.com.vn\/wp-content\/uploads\/2024\/08\/K3LPT100X300R4-D10-MM-SUS316.png","width":727,"height":869},{"@type":"BreadcrumbList","@id":"https:\/\/sipin.com.vn\/index.php\/product\/toho-k3lpt100x300r4-d10-mm-sus316\/#breadcrumb","itemListElement":[{"@type":"ListItem","position":1,"name":"Home","item":"https:\/\/sipin.com.vn\/"},{"@type":"ListItem","position":2,"name":"S\u1ea2N PH\u1ea8M","item":"https:\/\/sipin.com.vn\/index.php\/cua-hang\/"},{"@type":"ListItem","position":3,"name":"TOHO K3LPT100X300R4 D10 MM SUS316"}]},{"@type":"WebSite","@id":"https:\/\/sipin.com.vn\/#website","url":"https:\/\/sipin.com.vn\/","name":"OMANI VI\u1ec6T NAM","description":"Nh\u00e0 ph\u00e2n ph\u1ed1i thi\u1ebft b\u1ecb kh\u00ed n\u00e9n v\u00e0 thi\u1ebft b\u1ecb t\u1ef1 \u0111\u1ed9ng h\u00f3a trong c\u00f4ng nghi\u1ec7p","publisher":{"@id":"https:\/\/sipin.com.vn\/#\/schema\/person\/0ad398a980dc3fd696111c2c5c8fa897"},"potentialAction":[{"@type":"SearchAction","target":{"@type":"EntryPoint","urlTemplate":"https:\/\/sipin.com.vn\/?s={search_term_string}"},"query-input":"required name=search_term_string"}],"inLanguage":"vi"},{"@type":["Person","Organization"],"@id":"https:\/\/sipin.com.vn\/#\/schema\/person\/0ad398a980dc3fd696111c2c5c8fa897","name":"Nguy\u1ec5n V\u0103n Kh\u00e1nh","image":{"@type":"ImageObject","inLanguage":"vi","@id":"https:\/\/sipin.com.vn\/#\/schema\/person\/image\/","url":"https:\/\/sipin.com.vn\/wp-content\/uploads\/2024\/06\/logo-1024x1024.png","contentUrl":"https:\/\/sipin.com.vn\/wp-content\/uploads\/2024\/06\/logo-1024x1024.png","width":1024,"height":1024,"caption":"Nguy\u1ec5n V\u0103n Kh\u00e1nh"},"logo":{"@id":"https:\/\/sipin.com.vn\/#\/schema\/person\/image\/"},"sameAs":["https:\/\/sipin.com.vn"]}]}},"_links":{"self":[{"href":"https:\/\/sipin.com.vn\/index.php\/wp-json\/wp\/v2\/product\/1519","targetHints":{"allow":["GET"]}}],"collection":[{"href":"https:\/\/sipin.com.vn\/index.php\/wp-json\/wp\/v2\/product"}],"about":[{"href":"https:\/\/sipin.com.vn\/index.php\/wp-json\/wp\/v2\/types\/product"}],"replies":[{"embeddable":true,"href":"https:\/\/sipin.com.vn\/index.php\/wp-json\/wp\/v2\/comments?post=1519"}],"wp:featuredmedia":[{"embeddable":true,"href":"https:\/\/sipin.com.vn\/index.php\/wp-json\/wp\/v2\/media\/1520"}],"wp:attachment":[{"href":"https:\/\/sipin.com.vn\/index.php\/wp-json\/wp\/v2\/media?parent=1519"}],"wp:term":[{"taxonomy":"product_cat","embeddable":true,"href":"https:\/\/sipin.com.vn\/index.php\/wp-json\/wp\/v2\/product_cat?post=1519"},{"taxonomy":"product_tag","embeddable":true,"href":"https:\/\/sipin.com.vn\/index.php\/wp-json\/wp\/v2\/product_tag?post=1519"}],"curies":[{"name":"wp","href":"https:\/\/api.w.org\/{rel}","templated":true}]}}