{"id":1517,"date":"2024-08-25T05:19:46","date_gmt":"2024-08-24T22:19:46","guid":{"rendered":"https:\/\/omanivietnam.com\/?post_type=product&#038;p=1517"},"modified":"2025-04-16T21:08:47","modified_gmt":"2025-04-16T14:08:47","slug":"toho-trm-2006a000t","status":"publish","type":"product","link":"https:\/\/sipin.com.vn\/index.php\/product\/toho-trm-2006a000t\/","title":{"rendered":"TOHO TRM-2006A000T"},"content":{"rendered":"<p>TOHO TRM-2006A000T<\/p>\n<p><strong>Gi\u1edbi thi\u1ec7u v\u1ec1 M\u00e1y ghi nhi\u1ec7t \u0111\u1ed9 kh\u00f4ng d\u00f9ng gi\u1ea5y TOHO TRM2006A000T-Z<\/strong><\/p>\n<p>M\u00e1y ghi nhi\u1ec7t \u0111\u1ed9 TOHO TRM2006A000T-Z l\u00e0 m\u1ed9t s\u1ea3n ph\u1ea9m ti\u00ean ti\u1ebfn trong l\u0129nh v\u1ef1c gi\u00e1m s\u00e1t nhi\u1ec7t \u0111\u1ed9 v\u1edbi t\u00ednh n\u0103ng kh\u00f4ng d\u00f9ng gi\u1ea5y. \u0110\u01b0\u1ee3c thi\u1ebft k\u1ebf v\u00e0 s\u1ea3n xu\u1ea5t b\u1edfi TOHO \u2013 m\u1ed9t trong nh\u1eefng nh\u00e0 cung c\u1ea5p h\u00e0ng \u0111\u1ea7u v\u1ec1 c\u00e1c thi\u1ebft b\u1ecb \u0111i\u1ec1u khi\u1ec3n qu\u00e1 tr\u00ecnh, s\u1ea3n ph\u1ea9m n\u00e0y l\u00e0 s\u1ef1 l\u1ef1a ch\u1ecdn t\u1ed1i \u01b0u cho c\u00e1c \u1ee9ng d\u1ee5ng y\u00eau c\u1ea7u gi\u00e1m s\u00e1t nhi\u1ec7t \u0111\u1ed9 ch\u00ednh x\u00e1c v\u00e0 tin c\u1eady.<\/p>\n<p><strong>Th\u00f4ng s\u1ed1 k\u1ef9 thu\u1eadt c\u1ee7a M\u00e1y ghi nhi\u1ec7t \u0111\u1ed9 kh\u00f4ng d\u00f9ng gi\u1ea5y TOHO TRM2006A000T-Z<\/strong><\/p>\n<ol>\n<li><strong>M\u00e0n h\u00ecnh hi\u1ec3n th\u1ecb r\u1ed9ng v\u00e0 d\u1ec5 \u0111\u1ecdc:<\/strong>\u00a0TRM2006A000T-Z trang b\u1ecb m\u1ed9t m\u00e0n h\u00ecnh LCD l\u1edbn gi\u00fap d\u1ec5 d\u00e0ng theo d\u00f5i nhi\u1ec7t \u0111\u1ed9 hi\u1ec7n t\u1ea1i v\u00e0 c\u00e1c th\u00f4ng s\u1ed1 li\u00ean quan.<\/li>\n<li><strong>\u0110o l\u01b0\u1eddng ch\u00ednh x\u00e1c:<\/strong>\u00a0V\u1edbi \u0111\u1ed9 ch\u00ednh x\u00e1c cao, m\u00e1y ghi nhi\u1ec7t \u0111\u1ed9 TOHO n\u00e0y \u0111\u1ea3m b\u1ea3o cung c\u1ea5p d\u1eef li\u1ec7u ch\u00ednh x\u00e1c v\u1ec1 nhi\u1ec7t \u0111\u1ed9 m\u00f4i tr\u01b0\u1eddng \u0111\u1ec3 gi\u00e1m s\u00e1t qu\u00e1 tr\u00ecnh ho\u1ea1t \u0111\u1ed9ng m\u1ed9t c\u00e1ch hi\u1ec7u qu\u1ea3.<\/li>\n<li><strong>Kho\u1ea3ng \u0111o r\u1ed9ng:<\/strong>\u00a0TRM2006A000T-Z h\u1ed7 tr\u1ee3 kho\u1ea3ng \u0111o nhi\u1ec7t \u0111\u1ed9 r\u1ed9ng, t\u1eeb -200\u00b0C \u0111\u1ebfn 600\u00b0C, cho ph\u00e9p \u1ee9ng d\u1ee5ng trong nhi\u1ec1u l\u0129nh v\u1ef1c kh\u00e1c nhau.<\/li>\n<li><strong>\u0110\u1ed9 ph\u00e2n gi\u1ea3i:<\/strong>\u00a0S\u1ea3n ph\u1ea9m n\u00e0y c\u00f3 \u0111\u1ed9 ph\u00e2n gi\u1ea3i cao, gi\u00fap x\u00e1c \u0111\u1ecbnh v\u00e0 ghi l\u1ea1i c\u00e1c thay \u0111\u1ed5i nh\u1ecf trong nhi\u1ec7t \u0111\u1ed9.<\/li>\n<li><strong>L\u01b0u tr\u1eef d\u1eef li\u1ec7u:<\/strong>\u00a0V\u1edbi kh\u1ea3 n\u0103ng l\u01b0u tr\u1eef d\u1eef li\u1ec7u t\u00edch h\u1ee3p, m\u00e1y ghi nhi\u1ec7t \u0111\u1ed9 TOHO cho ph\u00e9p ng\u01b0\u1eddi d\u00f9ng thu th\u1eadp v\u00e0 ph\u00e2n t\u00edch d\u1eef li\u1ec7u m\u1ed9t c\u00e1ch ti\u1ec7n l\u1ee3i v\u00e0 ch\u00ednh x\u00e1c.<\/li>\n<li><strong>C\u1ea3nh b\u00e1o s\u1ef1 c\u1ed1:<\/strong>\u00a0S\u1ea3n ph\u1ea9m n\u00e0y c\u00f3 t\u00ednh n\u0103ng c\u1ea3nh b\u00e1o s\u1ef1 c\u1ed1, cho ph\u00e9p ng\u01b0\u1eddi d\u00f9ng \u0111\u01b0\u1ee3c th\u00f4ng b\u00e1o ngay l\u1eadp t\u1ee9c khi nhi\u1ec7t \u0111\u1ed9 v\u01b0\u1ee3t qu\u00e1 gi\u1edbi h\u1ea1n \u0111\u1ecbnh tr\u01b0\u1edbc.<\/li>\n<li><strong>Giao ti\u1ebfp d\u1ec5 d\u00e0ng:<\/strong>\u00a0M\u00e1y ghi nhi\u1ec7t \u0111\u1ed9 TOHO TRM2006A000T-Z h\u1ed7 tr\u1ee3 nhi\u1ec1u giao ti\u1ebfp nh\u01b0 c\u1ed5ng USB v\u00e0 RS485, gi\u00fap d\u1ec5 d\u00e0ng k\u1ebft n\u1ed1i v\u1edbi c\u00e1c h\u1ec7 th\u1ed1ng gi\u00e1m s\u00e1t ho\u1eb7c m\u00e1y t\u00ednh.<\/li>\n<li><strong>B\u1ed9 nh\u1edb l\u01b0u tr\u1eef d\u1eef li\u1ec7u l\u1edbn:<\/strong>\u00a0V\u1edbi b\u1ed9 nh\u1edb l\u01b0u tr\u1eef d\u1eef li\u1ec7u dung l\u01b0\u1ee3ng cao, m\u00e1y ghi nhi\u1ec7t \u0111\u1ed9 n\u00e0y cho ph\u00e9p l\u01b0u tr\u1eef d\u1eef li\u1ec7u trong th\u1eddi gian d\u00e0i m\u00e0 kh\u00f4ng c\u1ea7n lo ng\u1ea1i v\u1ec1 vi\u1ec7c m\u1ea5t m\u00e1t d\u1eef li\u1ec7u.<\/li>\n<\/ol>\n<p><strong>T\u00f3m t\u1eaft<\/strong><\/p>\n<p>M\u00e1y ghi nhi\u1ec7t \u0111\u1ed9 kh\u00f4ng d\u00f9ng gi\u1ea5y TOHO TRM2006A000T-Z l\u00e0 m\u1ed9t gi\u1ea3i ph\u00e1p gi\u00e1m s\u00e1t nhi\u1ec7t \u0111\u1ed9 hi\u1ec7u qu\u1ea3 v\u00e0 ch\u00ednh x\u00e1c cho nhi\u1ec1u \u1ee9ng d\u1ee5ng kh\u00e1c nhau. V\u1edbi m\u00e0n h\u00ecnh hi\u1ec3n th\u1ecb r\u00f5 r\u00e0ng, t\u00ednh n\u0103ng c\u1ea3nh b\u00e1o s\u1ef1 c\u1ed1, kh\u1ea3 n\u0103ng l\u01b0u tr\u1eef d\u1eef li\u1ec7u v\u00e0 giao ti\u1ebfp d\u1ec5 d\u00e0ng, s\u1ea3n ph\u1ea9m n\u00e0y th\u00edch h\u1ee3p cho c\u00e1c l\u0129nh v\u1ef1c c\u00f4ng nghi\u1ec7p, nghi\u00ean c\u1ee9u v\u00e0 gi\u00e1o d\u1ee5c. \u0110\u1ed3ng th\u1eddi, kh\u1ea3 n\u0103ng \u0111o l\u01b0\u1eddng ch\u00ednh x\u00e1c v\u00e0 \u0111\u1ed9 ph\u00e2n gi\u1ea3i cao gi\u00fap \u0111\u1ea3m b\u1ea3o qu\u00e1 tr\u00ecnh gi\u00e1m s\u00e1t nhi\u1ec7t \u0111\u1ed9 di\u1ec5n ra m\u1ed9t c\u00e1ch hi\u1ec7u qu\u1ea3 v\u00e0 \u0111\u00e1ng tin c\u1eady.<\/p>\n<p>B\u1ed9 ghi d\u1eef li\u1ec7u nhi\u1ec7t \u0111\u1ed9 TOHO TRM-2006A000T lo\u1ea1i 6 k\u00eanh, TRM-2009A000T 9 k\u00eanh, TRM-2012A000T 12 k\u00eanh<br \/>\nB\u1ed9 ghi d\u1eef li\u1ec7u nhi\u1ec7t \u0111\u1ed9 ( PAPERLESS RECORDER ) TOHO TRM-2006A000T lo\u1ea1i 6, 9, 12 k\u00eanh \u0111\u01b0\u1ee3c ch\u00fang t\u00f4i nh\u1eadp kh\u1ea9u tr\u1ef1c ti\u1ebfp t\u1eeb Nh\u1eadt B\u1ea3n. S\u1eed d\u1ee5ng m\u00e0n h\u00ecnh LCD , c\u00f3 kh\u1ea3 n\u0103ng k\u1ebft n\u1ed1i 1 l\u00fac nhi\u1ec1u Sensor nhi\u1ec7t \u0111\u1ec3 \u0111o nhi\u1ec7t \u0111\u1ed9 \u1edf nhi\u1ec1u v\u1ecb tr\u00ed kh\u00e1c nhau<br \/>\nTh\u00f4ng s\u1ed1 k\u1ef9 thu\u1eadt m\u00e1y ghi d\u1eef li\u1ec7u TRM 20A<br \/>\nS\u1ed1 \u0111\u1ea7u v\u00e0o: 6 \u2013 9 \u2013 12 \u0111i\u1ec3m<br \/>\nChu k\u1ef3 \u0111o: 100ms<br \/>\nChu k\u1ef3 ghi d\u1eef li\u1ec7u: 1s \u0111\u1ebfn 60 min<br \/>\n\u0110i\u1ec7n tr\u1edf \u0111\u1ea7u v\u00e0o: 250\u03a9<br \/>\n\u0110i\u1ec7n tr\u1edf t\u1ea3i cho ph\u00e9p ho\u1ea1t \u0111\u1ed9ng : &lt; 600\u03a9<br \/>\nM\u00e0n h\u00ecnh hi\u1ec3n th\u1ecb: 5.7-inch TFT Color LCD (QVGA), c\u1ea3m \u1ee9ng, 16 m\u00e0u hi\u1ec3n th\u1ecb<br \/>\nNg\u00f4n ng\u1eef: Ti\u1ebfng anh \u2013 Ti\u1ebfng nh\u1eadt<br \/>\nH\u1eb9n gi\u1edd \u0111\u1ea7u ra: 1 \u0111i\u1ec3m<br \/>\nH\u1ec7 th\u1ed1ng \u0111i\u1ec1u khi\u1ec3n: PID<br \/>\nS\u1eed d\u1ee5ng b\u1ed9 nh\u1edb: SD Card ( Max 2GB)\u2013 SDHC dung l\u01b0\u1ee3ng Max: 32GB<br \/>\nChu k\u1ef3 l\u01b0u tr\u1eef d\u1eef li\u1ec7u: 1 gi\u1edd \u2013 1 n\u0103m.<br \/>\n\u0110\u1ecbnh d\u1ea1ng gi: CSV<br \/>\nC\u1ed5ng giao ti\u1ebfp: ETHERNET 10 BASE-T<br \/>\nTr\u1ecdng l\u01b0\u1ee3ng: 1 kg<br \/>\nNgu\u1ed3n n\u0103ng l\u01b0\u1ee3ng: 100 \u2013 240 VAC 50\/60Hz<br \/>\nNhi\u1ec7t \u0111\u1ed9 m\u00f4i tr\u01b0\u1eddng xung quanh: 0 \u2013 50\u2103<br \/>\nK\u00edch th\u01b0\u1edbc t\u1ed5ng th\u1ec3: 181,8(D) x 150(R) x 144(C)<br \/>\n\u0110\u1eb7c \u0111i\u1ec3m c\u1ee7a thi\u1ebft b\u1ecb ghi d\u1eef li\u1ec7u TOHO<br \/>\n\u0110\u00e2y l\u00e0 m\u1ed9t s\u1ed1 \u0111\u1eb7c tr\u01b0ng c\u1ee7a m\u00e1y ghi d\u1eef li\u1ec7u<br \/>\nS\u1eed d\u1ee5ng m\u00e0n h\u00ecnh c\u1ea3m \u1ee9ng 5.7\u201d tinh th\u1ec3 l\u1ecfng v\u1edbi 16 m\u00e0u hi\u1ec3n th\u1ecb.<br \/>\nK\u00eanh \u0111\u1ea7u v\u00e0o \u0111a d\u1ea1ng v\u1edbi: 6-9-12 \u0111i\u1ec3m.<br \/>\nS\u1eed d\u1ee5ng ph\u1ea7n m\u1ec1m h\u1ed7 tr\u1ee3 PC ti\u00eau chu\u1ea9n.<br \/>\nS\u1eed d\u1ee5ng h\u1ec7 th\u1ed1ng k\u1ebft n\u1ed1i Ethernet ti\u00eau chu\u1ea9n qu\u1ed1c t\u1ebf.<br \/>\nB\u1ed9 l\u01b0u tr\u1eef d\u1eef li\u1ec7u SD l\u1edbn.<\/p>\n<p>C\u00f3 kh\u1ea3 n\u0103ng ch\u1ed1ng th\u1ea5m n\u01b0\u1edbc b\u1ee5i v\u1edbi vi\u1ec7c s\u1eed d\u1ee5ng IP65<br \/>\n\u0110\u01b0\u1ee3c c\u1ea5p gi\u1ea5y ch\u1ee9ng nh\u1eadn CE<\/p>\n<p>&nbsp;<\/p>\n<p>C\u00e1c s\u1ea3n ph\u1ea9m t\u01b0\u01a1ng t\u1ef1<\/p>\n<p>M\u00e1y ghi d\u1eef li\u1ec7u 6 k\u00eanh Toho TRM-00J<\/p>\n<p>M\u00e1y ghi d\u1eef li\u1ec7u 1 k\u00eanh Toho TRM-1001C<\/p>\n<p>M\u00e1y ghi d\u1eef li\u1ec7u 2 k\u00eanh Toho TRM-1002C<\/p>\n<p>M\u00e1y ghi d\u1eef li\u1ec7u 6 k\u00eanh Toho TRM10C100T<\/p>\n<p>M\u00e1y ghi d\u1eef li\u1ec7u 9 k\u00eanh Toho TRM2009A00<\/p>\n<p>M\u00e1y ghi d\u1eef li\u1ec7u 12 k\u00eanh Toho TRM20012A00<\/p>\n<p>R\u01a1 le b\u00e1n d\u1eabn Toho TRS1225<\/p>\n<p>R\u01a1 le b\u00e1n d\u1eabn Toho TRS1245<\/p>\n<p>R\u01a1 le b\u00e1n d\u1eabn (25A) Toho TRS5225<\/p>\n<p>R\u01a1 le b\u00e1n d\u1eabn Toho TRS7210<\/p>\n<p>R\u01a1 le b\u00e1n d\u1eabn Toho TRS7220<\/p>\n<p>R\u01a1 le b\u00e1n d\u1eabn Toho TRS7240<\/p>\n<p>R\u01a1 le b\u00e1n d\u1eabn Toho TRS7260<\/p>\n<p>B\u1ed9 \u0111i\u1ec1u khi\u1ec3n nhi\u1ec7t \u0111\u1ed9 Toho Size 24 \u00d7 48mm TTM-002W-I-A<\/p>\n<p>B\u1ed9 \u0111i\u1ec1u khi\u1ec3n nhi\u1ec7t \u0111\u1ed9 Toho Size 24 \u00d7 48mm TTM-002W-P-A<\/p>\n<p>B\u1ed9 \u0111i\u1ec1u khi\u1ec3n nhi\u1ec7t \u0111\u1ed9 Toho Size 24 \u00d7 48mm TTM-002W-R-A<\/p>\n<p>B\u1ed9 \u0111i\u1ec1u khi\u1ec3n nhi\u1ec7t \u0111\u1ed9 Toho Size 48 \u00d7 48mm TTM-004W-I-A<\/p>\n<p>B\u1ed9 \u0111i\u1ec1u khi\u1ec3n nhi\u1ec7t \u0111\u1ed9 Toho Size 48 \u00d7 48mm TTM-004W-I-ABD<\/p>\n<p>B\u1ed9 \u0111i\u1ec1u khi\u1ec3n nhi\u1ec7t \u0111\u1ed9 Toho Size 48 \u00d7 48mm TTM-004W-P-A<\/p>\n<p>B\u1ed9 \u0111i\u1ec1u khi\u1ec3n nhi\u1ec7t \u0111\u1ed9 Toho Size 48 \u00d7 48mm TTM-004W-R-A<\/p>\n<p>B\u1ed9 \u0111i\u1ec1u khi\u1ec3n nhi\u1ec7t \u0111\u1ed9 Toho size 48&#215;48 ( 24v ) TTM-004W-R-AB-24<\/p>\n<p>B\u1ed9 \u0111i\u1ec1u khi\u1ec3n nhi\u1ec7t \u0111\u1ed9 Toho Size 96 \u00d7 48mm TTM-005W-I-A<\/p>\n<p>B\u1ed9 \u0111i\u1ec1u khi\u1ec3n nhi\u1ec7t \u0111\u1ed9 Toho Size 96 \u00d7 48mm TTM-005W-P-A<\/p>\n<p>B\u1ed9 \u0111i\u1ec1u khi\u1ec3n nhi\u1ec7t \u0111\u1ed9 Toho Size 96 \u00d7 48mm TTM-005W-R-A<\/p>\n<p>B\u1ed9 \u0111i\u1ec1u khi\u1ec3n nhi\u1ec7t \u0111\u1ed9 Toho Size 48 \u00d7 96mm TTM-006W-I-A<\/p>\n<p>B\u1ed9 \u0111i\u1ec1u khi\u1ec3n nhi\u1ec7t \u0111\u1ed9 Toho Size 48 \u00d7 96mm TTM-006W-P-A<\/p>\n<p>B\u1ed9 \u0111i\u1ec1u khi\u1ec3n nhi\u1ec7t \u0111\u1ed9 Toho Size 48 \u00d7 96mm TTM-006W-R-A<\/p>\n<p>B\u1ed9 \u0111i\u1ec1u khi\u1ec3n nhi\u1ec7t \u0111\u1ed9 Toho Size 72 \u00d7 72mm TTM-007W-I-A<\/p>\n<p>B\u1ed9 \u0111i\u1ec1u khi\u1ec3n nhi\u1ec7t \u0111\u1ed9 Toho Size 72 \u00d7 72mm TTM-007W-P-A<\/p>\n<p>B\u1ed9 \u0111i\u1ec1u khi\u1ec3n nhi\u1ec7t \u0111\u1ed9 Toho Size 72 \u00d7 72mm TTM-007W-R-A<\/p>\n<table class=\"table table-bordered table-hover tablesplq\">\n<tbody>\n<tr class=\"itemsa\">\n<td>B\u1ed9 \u0111i\u1ec1u khi\u1ec3n nhi\u1ec7t \u0111\u1ed9 Toho Size 96 \u00d7 96mm TTM-009W-I-A<\/td>\n<\/tr>\n<\/tbody>\n<\/table>\n<table class=\"table table-bordered table-hover tablesplq\">\n<tbody>\n<tr class=\"itemsa\">\n<td>B\u1ed9 \u0111i\u1ec1u khi\u1ec3n nhi\u1ec7t \u0111\u1ed9 Toho Size 96 \u00d7 96mm TTM-009W-P-A<\/td>\n<\/tr>\n<\/tbody>\n<\/table>\n<p>B\u1ed9 \u0111i\u1ec1u khi\u1ec3n nhi\u1ec7t \u0111\u1ed9 Toho Size 96 \u00d7 96mm TTM-009W-R-A<\/p>\n<p>B\u1ed9 \u0111i\u1ec1u khi\u1ec3n nhi\u1ec7t \u0111\u1ed9 Toho Size 48 \u00d7 48mm TTM-04SP-P-AB<\/p>\n<p>B\u1ed9 \u0111i\u1ec1u khi\u1ec3n nhi\u1ec7t \u0111\u1ed9 Toho Size 48 \u00d7 48mm TTM-04SP-R-AB<\/p>\n<p>B\u1ed9 \u0111i\u1ec1u khi\u1ec3n nhi\u1ec7t t\u1ee7 \u0111\u00f4ng Toho Size 76 X 34mm TTM-C30-220<\/p>\n<p>B\u1ed9 \u0111i\u1ec1u khi\u1ec3n nhi\u1ec7t \u0111\u1ed9 Toho Size 48 \u00d7 48mm TTM-i4N-P-AB<\/p>\n<p>B\u1ed9 \u0111i\u1ec1u khi\u1ec3n nhi\u1ec7t \u0111\u1ed9 Toho Size 48 \u00d7 48mm TTM-i4N-R-AB<\/p>\n<p>C\u1ea3m bi\u1ebfn nhi\u1ec7t \u0111\u1ed9 Toho D1PT64x100\/0-PSxR48x150CS<\/p>\n<p>C\u1ea3m bi\u1ebfn nhi\u1ec7t \u0111\u1ed9 Toho D1PT64x150\/0-PSxR48x150CS<\/p>\n<p>C\u1ea3m bi\u1ebfn nhi\u1ec7t \u0111\u1ed9 Toho D1PT64x300\/0-PSxR48x150CS<\/p>\n<p>C\u1ea3m bi\u1ebfn nhi\u1ec7t \u0111\u1ed9 Toho M6K40X-D2X2DM6<\/p>\n<p>Ch\u00e2n \u0111\u1ebf C\u1ee7a TTM-04SP Toho TP411SBA<\/p>\n<p>Ch\u00e2n \u0111\u1ebf C\u1ee7a TTM-04SP Toho TP411X<\/p>\n<p>\u0110\u1ea1i l\u00fd TOHO vietnam, TOHO viet nam, TOHO vietnam distributor, Ph\u00e2n ph\u1ed1i TOHO t\u1ea1i vi\u1ec7t nam<\/p>\n<p>\u0110\u1ea1i l\u00fd TOHO vietnam, TOHO viet nam, TOHO vietnam distributor, Ph\u00e2n ph\u1ed1i TOHO t\u1ea1i vi\u1ec7t nam<\/p>\n<p>\u0110\u1ea1i l\u00fd TOHO vietnam, TOHO viet nam, TOHO vietnam distributor, Ph\u00e2n ph\u1ed1i TOHO t\u1ea1i vi\u1ec7t nam<\/p>\n<p>\u0110\u1ea1i l\u00fd TOHO vietnam, TOHO viet nam, TOHO vietnam distributor, Ph\u00e2n ph\u1ed1i TOHO t\u1ea1i vi\u1ec7t nam<\/p>\n<p>\u0110\u1ea1i l\u00fd TOHO vietnam, TOHO viet nam, TOHO vietnam distributor, Ph\u00e2n ph\u1ed1i TOHO t\u1ea1i vi\u1ec7t nam<\/p>\n","protected":false},"excerpt":{"rendered":"<p>TOHO TRM-2006A000T Gi\u1edbi thi\u1ec7u v\u1ec1 M\u00e1y ghi nhi\u1ec7t \u0111\u1ed9 kh\u00f4ng d\u00f9ng gi\u1ea5y TOHO TRM2006A000T-Z M\u00e1y ghi nhi\u1ec7t \u0111\u1ed9 TOHO TRM2006A000T-Z l\u00e0 m\u1ed9t s\u1ea3n ph\u1ea9m ti\u00ean ti\u1ebfn trong l\u0129nh v\u1ef1c gi\u00e1m s\u00e1t nhi\u1ec7t \u0111\u1ed9 v\u1edbi t\u00ednh n\u0103ng kh\u00f4ng d\u00f9ng gi\u1ea5y. \u0110\u01b0\u1ee3c thi\u1ebft k\u1ebf v\u00e0 s\u1ea3n xu\u1ea5t b\u1edfi TOHO \u2013 m\u1ed9t trong&hellip; <\/p>\n","protected":false},"featured_media":1518,"comment_status":"open","ping_status":"closed","template":"","meta":{"om_disable_all_campaigns":false,"_monsterinsights_skip_tracking":false,"_monsterinsights_sitenote_active":false,"_monsterinsights_sitenote_note":"","_monsterinsights_sitenote_category":0},"product_cat":[15],"product_tag":[396,308,307],"class_list":{"0":"post-1517","1":"product","2":"type-product","3":"status-publish","4":"has-post-thumbnail","6":"product_cat-apex","7":"product_tag-bo-ghi-du-lieu-nhiet-do","8":"product_tag-dai-ly-toho-viet-nam","9":"product_tag-toho-viet-nam","11":"first","12":"instock","13":"shipping-taxable","14":"product-type-simple"},"aioseo_notices":[],"yoast_head":"<!-- This site is optimized with the Yoast SEO plugin v22.8 - https:\/\/yoast.com\/wordpress\/plugins\/seo\/ -->\n<title>TOHO TRM-2006A000T - OMANI VI\u1ec6T NAM<\/title>\n<meta name=\"description\" content=\"TOHO TRM-2006A000T digital data recorder\" \/>\n<meta name=\"robots\" content=\"index, follow, max-snippet:-1, max-image-preview:large, max-video-preview:-1\" \/>\n<link rel=\"canonical\" href=\"https:\/\/sipin.com.vn\/index.php\/product\/toho-trm-2006a000t\/\" \/>\n<meta property=\"og:locale\" content=\"vi_VN\" \/>\n<meta property=\"og:type\" content=\"article\" \/>\n<meta property=\"og:title\" content=\"TOHO TRM-2006A000T - OMANI VI\u1ec6T NAM\" \/>\n<meta property=\"og:description\" content=\"TOHO TRM-2006A000T digital data recorder\" \/>\n<meta property=\"og:url\" content=\"https:\/\/sipin.com.vn\/index.php\/product\/toho-trm-2006a000t\/\" \/>\n<meta property=\"og:site_name\" content=\"OMANI VI\u1ec6T NAM\" \/>\n<meta property=\"article:modified_time\" content=\"2025-04-16T14:08:47+00:00\" \/>\n<meta property=\"og:image\" content=\"https:\/\/sipin.com.vn\/wp-content\/uploads\/2024\/08\/TRM-2006A000T.png\" \/>\n\t<meta property=\"og:image:width\" content=\"566\" \/>\n\t<meta property=\"og:image:height\" content=\"545\" \/>\n\t<meta property=\"og:image:type\" content=\"image\/png\" \/>\n<meta name=\"twitter:card\" content=\"summary_large_image\" \/>\n<meta name=\"twitter:label1\" content=\"\u01af\u1edbc t\u00ednh th\u1eddi gian \u0111\u1ecdc\" \/>\n\t<meta name=\"twitter:data1\" content=\"7 ph\u00fat\" \/>\n<script type=\"application\/ld+json\" class=\"yoast-schema-graph\">{\"@context\":\"https:\/\/schema.org\",\"@graph\":[{\"@type\":\"WebPage\",\"@id\":\"https:\/\/sipin.com.vn\/index.php\/product\/toho-trm-2006a000t\/\",\"url\":\"https:\/\/sipin.com.vn\/index.php\/product\/toho-trm-2006a000t\/\",\"name\":\"TOHO TRM-2006A000T - OMANI VI\u1ec6T NAM\",\"isPartOf\":{\"@id\":\"https:\/\/sipin.com.vn\/#website\"},\"primaryImageOfPage\":{\"@id\":\"https:\/\/sipin.com.vn\/index.php\/product\/toho-trm-2006a000t\/#primaryimage\"},\"image\":{\"@id\":\"https:\/\/sipin.com.vn\/index.php\/product\/toho-trm-2006a000t\/#primaryimage\"},\"thumbnailUrl\":\"https:\/\/sipin.com.vn\/wp-content\/uploads\/2024\/08\/TRM-2006A000T.png\",\"datePublished\":\"2024-08-24T22:19:46+00:00\",\"dateModified\":\"2025-04-16T14:08:47+00:00\",\"description\":\"TOHO TRM-2006A000T digital data recorder\",\"breadcrumb\":{\"@id\":\"https:\/\/sipin.com.vn\/index.php\/product\/toho-trm-2006a000t\/#breadcrumb\"},\"inLanguage\":\"vi\",\"potentialAction\":[{\"@type\":\"ReadAction\",\"target\":[\"https:\/\/sipin.com.vn\/index.php\/product\/toho-trm-2006a000t\/\"]}]},{\"@type\":\"ImageObject\",\"inLanguage\":\"vi\",\"@id\":\"https:\/\/sipin.com.vn\/index.php\/product\/toho-trm-2006a000t\/#primaryimage\",\"url\":\"https:\/\/sipin.com.vn\/wp-content\/uploads\/2024\/08\/TRM-2006A000T.png\",\"contentUrl\":\"https:\/\/sipin.com.vn\/wp-content\/uploads\/2024\/08\/TRM-2006A000T.png\",\"width\":566,\"height\":545},{\"@type\":\"BreadcrumbList\",\"@id\":\"https:\/\/sipin.com.vn\/index.php\/product\/toho-trm-2006a000t\/#breadcrumb\",\"itemListElement\":[{\"@type\":\"ListItem\",\"position\":1,\"name\":\"Home\",\"item\":\"https:\/\/sipin.com.vn\/\"},{\"@type\":\"ListItem\",\"position\":2,\"name\":\"S\u1ea2N PH\u1ea8M\",\"item\":\"https:\/\/sipin.com.vn\/index.php\/cua-hang\/\"},{\"@type\":\"ListItem\",\"position\":3,\"name\":\"TOHO TRM-2006A000T\"}]},{\"@type\":\"WebSite\",\"@id\":\"https:\/\/sipin.com.vn\/#website\",\"url\":\"https:\/\/sipin.com.vn\/\",\"name\":\"OMANI VI\u1ec6T NAM\",\"description\":\"Nh\u00e0 ph\u00e2n ph\u1ed1i thi\u1ebft b\u1ecb kh\u00ed n\u00e9n v\u00e0 thi\u1ebft b\u1ecb t\u1ef1 \u0111\u1ed9ng h\u00f3a trong c\u00f4ng nghi\u1ec7p\",\"publisher\":{\"@id\":\"https:\/\/sipin.com.vn\/#\/schema\/person\/0ad398a980dc3fd696111c2c5c8fa897\"},\"potentialAction\":[{\"@type\":\"SearchAction\",\"target\":{\"@type\":\"EntryPoint\",\"urlTemplate\":\"https:\/\/sipin.com.vn\/?s={search_term_string}\"},\"query-input\":\"required name=search_term_string\"}],\"inLanguage\":\"vi\"},{\"@type\":[\"Person\",\"Organization\"],\"@id\":\"https:\/\/sipin.com.vn\/#\/schema\/person\/0ad398a980dc3fd696111c2c5c8fa897\",\"name\":\"Nguy\u1ec5n V\u0103n Kh\u00e1nh\",\"image\":{\"@type\":\"ImageObject\",\"inLanguage\":\"vi\",\"@id\":\"https:\/\/sipin.com.vn\/#\/schema\/person\/image\/\",\"url\":\"https:\/\/sipin.com.vn\/wp-content\/uploads\/2024\/06\/logo-1024x1024.png\",\"contentUrl\":\"https:\/\/sipin.com.vn\/wp-content\/uploads\/2024\/06\/logo-1024x1024.png\",\"width\":1024,\"height\":1024,\"caption\":\"Nguy\u1ec5n V\u0103n Kh\u00e1nh\"},\"logo\":{\"@id\":\"https:\/\/sipin.com.vn\/#\/schema\/person\/image\/\"},\"sameAs\":[\"https:\/\/sipin.com.vn\"]}]}<\/script>\n<!-- \/ Yoast SEO plugin. -->","yoast_head_json":{"title":"TOHO TRM-2006A000T - OMANI VI\u1ec6T NAM","description":"TOHO TRM-2006A000T digital data recorder","robots":{"index":"index","follow":"follow","max-snippet":"max-snippet:-1","max-image-preview":"max-image-preview:large","max-video-preview":"max-video-preview:-1"},"canonical":"https:\/\/sipin.com.vn\/index.php\/product\/toho-trm-2006a000t\/","og_locale":"vi_VN","og_type":"article","og_title":"TOHO TRM-2006A000T - OMANI VI\u1ec6T NAM","og_description":"TOHO TRM-2006A000T digital data recorder","og_url":"https:\/\/sipin.com.vn\/index.php\/product\/toho-trm-2006a000t\/","og_site_name":"OMANI VI\u1ec6T NAM","article_modified_time":"2025-04-16T14:08:47+00:00","og_image":[{"width":566,"height":545,"url":"https:\/\/sipin.com.vn\/wp-content\/uploads\/2024\/08\/TRM-2006A000T.png","type":"image\/png"}],"twitter_card":"summary_large_image","twitter_misc":{"\u01af\u1edbc t\u00ednh th\u1eddi gian \u0111\u1ecdc":"7 ph\u00fat"},"schema":{"@context":"https:\/\/schema.org","@graph":[{"@type":"WebPage","@id":"https:\/\/sipin.com.vn\/index.php\/product\/toho-trm-2006a000t\/","url":"https:\/\/sipin.com.vn\/index.php\/product\/toho-trm-2006a000t\/","name":"TOHO TRM-2006A000T - OMANI VI\u1ec6T NAM","isPartOf":{"@id":"https:\/\/sipin.com.vn\/#website"},"primaryImageOfPage":{"@id":"https:\/\/sipin.com.vn\/index.php\/product\/toho-trm-2006a000t\/#primaryimage"},"image":{"@id":"https:\/\/sipin.com.vn\/index.php\/product\/toho-trm-2006a000t\/#primaryimage"},"thumbnailUrl":"https:\/\/sipin.com.vn\/wp-content\/uploads\/2024\/08\/TRM-2006A000T.png","datePublished":"2024-08-24T22:19:46+00:00","dateModified":"2025-04-16T14:08:47+00:00","description":"TOHO TRM-2006A000T digital data recorder","breadcrumb":{"@id":"https:\/\/sipin.com.vn\/index.php\/product\/toho-trm-2006a000t\/#breadcrumb"},"inLanguage":"vi","potentialAction":[{"@type":"ReadAction","target":["https:\/\/sipin.com.vn\/index.php\/product\/toho-trm-2006a000t\/"]}]},{"@type":"ImageObject","inLanguage":"vi","@id":"https:\/\/sipin.com.vn\/index.php\/product\/toho-trm-2006a000t\/#primaryimage","url":"https:\/\/sipin.com.vn\/wp-content\/uploads\/2024\/08\/TRM-2006A000T.png","contentUrl":"https:\/\/sipin.com.vn\/wp-content\/uploads\/2024\/08\/TRM-2006A000T.png","width":566,"height":545},{"@type":"BreadcrumbList","@id":"https:\/\/sipin.com.vn\/index.php\/product\/toho-trm-2006a000t\/#breadcrumb","itemListElement":[{"@type":"ListItem","position":1,"name":"Home","item":"https:\/\/sipin.com.vn\/"},{"@type":"ListItem","position":2,"name":"S\u1ea2N PH\u1ea8M","item":"https:\/\/sipin.com.vn\/index.php\/cua-hang\/"},{"@type":"ListItem","position":3,"name":"TOHO TRM-2006A000T"}]},{"@type":"WebSite","@id":"https:\/\/sipin.com.vn\/#website","url":"https:\/\/sipin.com.vn\/","name":"OMANI VI\u1ec6T NAM","description":"Nh\u00e0 ph\u00e2n ph\u1ed1i thi\u1ebft b\u1ecb kh\u00ed n\u00e9n v\u00e0 thi\u1ebft b\u1ecb t\u1ef1 \u0111\u1ed9ng h\u00f3a trong c\u00f4ng nghi\u1ec7p","publisher":{"@id":"https:\/\/sipin.com.vn\/#\/schema\/person\/0ad398a980dc3fd696111c2c5c8fa897"},"potentialAction":[{"@type":"SearchAction","target":{"@type":"EntryPoint","urlTemplate":"https:\/\/sipin.com.vn\/?s={search_term_string}"},"query-input":"required name=search_term_string"}],"inLanguage":"vi"},{"@type":["Person","Organization"],"@id":"https:\/\/sipin.com.vn\/#\/schema\/person\/0ad398a980dc3fd696111c2c5c8fa897","name":"Nguy\u1ec5n V\u0103n Kh\u00e1nh","image":{"@type":"ImageObject","inLanguage":"vi","@id":"https:\/\/sipin.com.vn\/#\/schema\/person\/image\/","url":"https:\/\/sipin.com.vn\/wp-content\/uploads\/2024\/06\/logo-1024x1024.png","contentUrl":"https:\/\/sipin.com.vn\/wp-content\/uploads\/2024\/06\/logo-1024x1024.png","width":1024,"height":1024,"caption":"Nguy\u1ec5n V\u0103n Kh\u00e1nh"},"logo":{"@id":"https:\/\/sipin.com.vn\/#\/schema\/person\/image\/"},"sameAs":["https:\/\/sipin.com.vn"]}]}},"_links":{"self":[{"href":"https:\/\/sipin.com.vn\/index.php\/wp-json\/wp\/v2\/product\/1517","targetHints":{"allow":["GET"]}}],"collection":[{"href":"https:\/\/sipin.com.vn\/index.php\/wp-json\/wp\/v2\/product"}],"about":[{"href":"https:\/\/sipin.com.vn\/index.php\/wp-json\/wp\/v2\/types\/product"}],"replies":[{"embeddable":true,"href":"https:\/\/sipin.com.vn\/index.php\/wp-json\/wp\/v2\/comments?post=1517"}],"wp:featuredmedia":[{"embeddable":true,"href":"https:\/\/sipin.com.vn\/index.php\/wp-json\/wp\/v2\/media\/1518"}],"wp:attachment":[{"href":"https:\/\/sipin.com.vn\/index.php\/wp-json\/wp\/v2\/media?parent=1517"}],"wp:term":[{"taxonomy":"product_cat","embeddable":true,"href":"https:\/\/sipin.com.vn\/index.php\/wp-json\/wp\/v2\/product_cat?post=1517"},{"taxonomy":"product_tag","embeddable":true,"href":"https:\/\/sipin.com.vn\/index.php\/wp-json\/wp\/v2\/product_tag?post=1517"}],"curies":[{"name":"wp","href":"https:\/\/api.w.org\/{rel}","templated":true}]}}