{"id":1515,"date":"2024-08-24T21:29:56","date_gmt":"2024-08-24T14:29:56","guid":{"rendered":"https:\/\/omanivietnam.com\/?post_type=product&#038;p=1515"},"modified":"2024-08-24T21:32:02","modified_gmt":"2024-08-24T14:32:02","slug":"ifm-evt005","status":"publish","type":"product","link":"https:\/\/sipin.com.vn\/index.php\/product\/ifm-evt005\/","title":{"rendered":"IFM EVT005"},"content":{"rendered":"<p>IFM EVT005<\/p>\n<div class=\"product-header product-header--desktop\">\n<p class=\"product-header__category\">Connecting cable with socket<\/p>\n<div class=\"product-header__wrapper\">\n<p class=\"product-header__article\">EVT005<\/p>\n<p class=\"product-header__typekey\">ADOAH040VAS0010E04<\/p>\n<\/div>\n<div class=\"ifm-app-product-variants-select\" data-product-variants=\"W3sicHJvZHVjdElkIjoiRVZUMDY3IiwiY2FibGVMZW5ndGgiOjIuMCwiZGVzY3JpcHRpb24iOiIyIG0gUFZDLUNhYmxlOyBNMTIgQ29ubmVjdG9yIn0seyJwcm9kdWN0SWQiOiJFVlQ0MzkiLCJjYWJsZUxlbmd0aCI6Mi41LCJkZXNjcmlwdGlvbiI6IjIuNSBtIFBWQy1DYWJsZTsgTTEyIENvbm5lY3RvciJ9LHsicHJvZHVjdElkIjoiRVZUMDA0IiwiY2FibGVMZW5ndGgiOjUuMCwiZGVzY3JpcHRpb24iOiI1IG0gUFZDLUNhYmxlOyBNMTIgQ29ubmVjdG9yIn0seyJwcm9kdWN0SWQiOiJFVlQwMDUiLCJjYWJsZUxlbmd0aCI6MTAuMCwiZGVzY3JpcHRpb24iOiIxMCBtIFBWQy1DYWJsZTsgTTEyIENvbm5lY3RvciJ9LHsicHJvZHVjdElkIjoiRVZUMDk0IiwiY2FibGVMZW5ndGgiOjE1LjAsImRlc2NyaXB0aW9uIjoiMTUgbSBQVkMtQ2FibGU7IE0xMiBDb25uZWN0b3IifSx7InByb2R1Y3RJZCI6IkVWVDA5NSIsImNhYmxlTGVuZ3RoIjoyMC4wLCJkZXNjcmlwdGlvbiI6IjIwIG0gUFZDLUNhYmxlOyBNMTIgQ29ubmVjdG9yIn0seyJwcm9kdWN0SWQiOiJFVlQwMDYiLCJjYWJsZUxlbmd0aCI6MjUuMCwiZGVzY3JpcHRpb24iOiIyNSBtIFBWQy1DYWJsZTsgTTEyIENvbm5lY3RvciJ9LHsicHJvZHVjdElkIjoiRVZUMDY2IiwiY2FibGVMZW5ndGgiOjQwLjAsImRlc2NyaXB0aW9uIjoiNDAgbSBQVkMtQ2FibGU7IE0xMiBDb25uZWN0b3IifSx7InByb2R1Y3RJZCI6IkVWVDA2OCIsImNhYmxlTGVuZ3RoIjo2MC4wLCJkZXNjcmlwdGlvbiI6IjYwIG0gUFZDLUNhYmxlOyBNMTIgQ29ubmVjdG9yIn1d\" data-v-app=\"\">\n<div class=\"ifm-product-variants-select\" data-test=\"EVT005\">\n<div class=\"ifm-product-variants-select__title\">Versions<\/div>\n<p><label class=\"ifm-select ifm-product-variants-select__select-field\"><span class=\"ifm-select__label-text sr-only\">EVT005<\/span><\/label><\/p>\n<\/div>\n<\/div>\n<\/div>\n<div class=\"bulletpoint-list\">\n<ul class=\"bulletpoint-list__entries\">\n<li>For use in hygienic and wet areas in the food industry<\/li>\n<li>Permanent, reliable sealing even when mounted without tools<\/li>\n<li>Large operating temperature range and high protection rating<\/li>\n<li>Vibration and shock resistant thanks to coupling ring with locking mechanism<\/li>\n<li>Mechanical end stop to protect the O-ring from destruction<\/li>\n<\/ul>\n<div class=\"datasheet-section\">\n<div class=\"datasheet-section__headline heading-lined\">Application<\/div>\n<table class=\"datasheet-section__table datasheet-table\" aria-label=\"datasheet section table\">\n<tbody>\n<tr class=\"datasheet-table__row\">\n<th class=\"datasheet-table__label\">Special feature<\/th>\n<td class=\"datasheet-table__value\">Free from silicone; Gold-plated contacts; Drag chain suitability<\/td>\n<\/tr>\n<tr class=\"datasheet-table__row\">\n<th class=\"datasheet-table__label\">Application<\/th>\n<td class=\"datasheet-table__value\">hygienic and wet areas in the food industry<\/td>\n<\/tr>\n<tr class=\"datasheet-table__row\">\n<th class=\"datasheet-table__label\">Free from silicone<\/th>\n<td class=\"datasheet-table__value\">yes<\/td>\n<\/tr>\n<\/tbody>\n<\/table>\n<\/div>\n<div class=\"datasheet-section\">\n<div class=\"datasheet-section__headline heading-lined\">Electrical data<\/div>\n<table class=\"datasheet-section__table datasheet-table\" aria-label=\"datasheet section table\">\n<tbody>\n<tr class=\"datasheet-table__row\">\n<th class=\"datasheet-table__label\">Operating voltage [V]<\/th>\n<td class=\"datasheet-table__value\">&lt; 250 AC \/ &lt; 300 DC<\/td>\n<\/tr>\n<tr class=\"datasheet-table__row\">\n<th class=\"datasheet-table__label\">Protection class<\/th>\n<td class=\"datasheet-table__value\">II<\/td>\n<\/tr>\n<tr class=\"datasheet-table__row\">\n<th class=\"datasheet-table__label\">Max. current load total [A]<\/th>\n<td class=\"datasheet-table__value\">4<\/td>\n<\/tr>\n<\/tbody>\n<\/table>\n<\/div>\n<div class=\"datasheet-section\">\n<div class=\"datasheet-section__headline heading-lined\">Operating conditions<\/div>\n<table class=\"datasheet-section__table datasheet-table\" aria-label=\"datasheet section table\">\n<tbody>\n<tr class=\"datasheet-table__row\">\n<th class=\"datasheet-table__label\">Ambient temperature [\u00b0C]<\/th>\n<td class=\"datasheet-table__value\">-25&#8230;100<\/td>\n<\/tr>\n<tr class=\"datasheet-table__row\">\n<th class=\"datasheet-table__label\">Note on ambient temperature<\/th>\n<td class=\"datasheet-table__value\">\n<table>\n<colgroup class=\"pd-table-cols-1\">\n<col class=\"pd-table-col-1\" \/><\/colgroup>\n<tbody class=\"datasheet-sub-table\">\n<tr class=\"datasheet-sub-table__row\">\n<td class=\"datasheet-sub-table__value\">cULus: &#8230;50<\/td>\n<\/tr>\n<\/tbody>\n<\/table>\n<\/td>\n<\/tr>\n<tr class=\"datasheet-table__row\">\n<th class=\"datasheet-table__label\">Ambient temperature (moving) [\u00b0C]<\/th>\n<td class=\"datasheet-table__value\">5&#8230;100<\/td>\n<\/tr>\n<tr class=\"datasheet-table__row\">\n<th class=\"datasheet-table__label\">Note on ambient temperature (moving)<\/th>\n<td class=\"datasheet-table__value\">\n<table>\n<colgroup class=\"pd-table-cols-1\">\n<col class=\"pd-table-col-1\" \/><\/colgroup>\n<tbody class=\"datasheet-sub-table\">\n<tr class=\"datasheet-sub-table__row\">\n<td class=\"datasheet-sub-table__value\">cULus: &#8230;50<\/td>\n<\/tr>\n<\/tbody>\n<\/table>\n<\/td>\n<\/tr>\n<tr class=\"datasheet-table__row\">\n<th class=\"datasheet-table__label\">Storage temperature [\u00b0C]<\/th>\n<td class=\"datasheet-table__value\">-25&#8230;55<\/td>\n<\/tr>\n<tr class=\"datasheet-table__row\">\n<th class=\"datasheet-table__label\">Storage humidity [%]<\/th>\n<td class=\"datasheet-table__value\">10&#8230;100<\/td>\n<\/tr>\n<tr class=\"datasheet-table__row\">\n<th class=\"datasheet-table__label\">Other climatic conditions for storage according to stated class<\/th>\n<td class=\"datasheet-table__value\">\n<table>\n<colgroup class=\"pd-table-cols-1\">\n<col class=\"pd-table-col-1\" \/><\/colgroup>\n<tbody class=\"datasheet-sub-table\">\n<tr class=\"datasheet-sub-table__row\">\n<td class=\"datasheet-sub-table__value\">1K22\/ DIN 60721-3-1<\/td>\n<\/tr>\n<\/tbody>\n<\/table>\n<\/td>\n<\/tr>\n<tr class=\"datasheet-table__row\">\n<th class=\"datasheet-table__label\">Protection<\/th>\n<td class=\"datasheet-table__value\">IP 65; IP 67; IP 68; IP 69K<\/td>\n<\/tr>\n<\/tbody>\n<\/table>\n<\/div>\n<div class=\"datasheet-section\">\n<div class=\"datasheet-section__headline heading-lined\">Mechanical data<\/div>\n<table class=\"datasheet-section__table datasheet-table\" aria-label=\"datasheet section table\">\n<tbody>\n<tr class=\"datasheet-table__row\">\n<th class=\"datasheet-table__label\">Weight [g]<\/th>\n<td class=\"datasheet-table__value\">382.2<\/td>\n<\/tr>\n<tr class=\"datasheet-table__row\">\n<th class=\"datasheet-table__label\">Moulded-body material<\/th>\n<td class=\"datasheet-table__value\">PVC<\/td>\n<\/tr>\n<tr class=\"datasheet-table__row\">\n<th class=\"datasheet-table__label\">Material nut<\/th>\n<td class=\"datasheet-table__value\">stainless steel (316L\/1.4404)<\/td>\n<\/tr>\n<tr class=\"datasheet-table__row\">\n<th class=\"datasheet-table__label\">Sealing material<\/th>\n<td class=\"datasheet-table__value\">EPDM<\/td>\n<\/tr>\n<tr class=\"datasheet-table__row\">\n<th class=\"datasheet-table__label\">Drag chain suitability<\/th>\n<td class=\"datasheet-table__value\">yes<\/td>\n<\/tr>\n<tr class=\"datasheet-table__row\">\n<th class=\"datasheet-table__label\">Drag chain suitability<\/th>\n<td class=\"datasheet-table__value\">\n<table>\n<colgroup class=\"pd-table-cols-2\">\n<col class=\"pd-table-col-1\" \/>\n<col class=\"pd-table-col-2\" \/><\/colgroup>\n<tbody class=\"datasheet-sub-table\">\n<tr class=\"datasheet-sub-table__row\">\n<td class=\"datasheet-sub-table__value\">bending radius for flexible use<\/td>\n<td class=\"datasheet-sub-table__value\">min. 10 x cable diameter<\/td>\n<\/tr>\n<tr class=\"datasheet-sub-table__row\">\n<td class=\"datasheet-sub-table__value\">travel speed<\/td>\n<td class=\"datasheet-sub-table__value\">max. 3.3 m\/s for a horizontal travel length of 5 m and max. acceleration of 5 m\/s\u00b2<\/td>\n<\/tr>\n<tr class=\"datasheet-sub-table__row\">\n<td class=\"datasheet-sub-table__value\">bending cycles<\/td>\n<td class=\"datasheet-sub-table__value\">&gt; 1 Mio.<\/td>\n<\/tr>\n<tr class=\"datasheet-sub-table__row\">\n<td class=\"datasheet-sub-table__value\">torsional strain<\/td>\n<td class=\"datasheet-sub-table__value\">\u00b1 180 \u00b0\/m<\/td>\n<\/tr>\n<\/tbody>\n<\/table>\n<\/td>\n<\/tr>\n<\/tbody>\n<\/table>\n<\/div>\n<div class=\"datasheet-section\">\n<div class=\"datasheet-section__headline heading-lined\">Remarks<\/div>\n<table class=\"datasheet-section__table datasheet-table\" aria-label=\"datasheet section table\">\n<tbody>\n<tr class=\"datasheet-table__row\">\n<th class=\"datasheet-table__label\">Pack quantity<\/th>\n<td class=\"datasheet-table__value\">1 pcs.<\/td>\n<\/tr>\n<\/tbody>\n<\/table>\n<\/div>\n<div class=\"datasheet-section\">\n<div class=\"datasheet-section__headline heading-lined\">Electrical connection<\/div>\n<table class=\"datasheet-section__table datasheet-table\" aria-label=\"datasheet section table\">\n<tbody>\n<tr class=\"datasheet-table__row\">\n<th class=\"datasheet-table__label\"><\/th>\n<td class=\"datasheet-table__value\">Cable: 10 m, PVC, orange, \u00d8 4.9 mm; 4 x 0.34 mm\u00b2 (42 x \u00d8 0.1 mm )<\/td>\n<\/tr>\n<\/tbody>\n<\/table>\n<\/div>\n<div class=\"datasheet-section\">\n<div class=\"datasheet-section__headline heading-lined\">Electrical connection &#8211; socket<\/div>\n<table class=\"datasheet-section__table datasheet-table\" aria-label=\"datasheet section table\">\n<tbody>\n<tr class=\"datasheet-table__row\">\n<th class=\"datasheet-table__label\">Connection<\/th>\n<td class=\"datasheet-table__value\">Connector: 1 x M12, angled; coding: A; Moulded body: PVC, orange; Locking: stainless steel (316L\/1.4404); Sealing: EPDM; Contacts: gold-plated; Tightening torque: 0.6&#8230;1.5 Nm<\/td>\n<\/tr>\n<\/tbody>\n<\/table>\n<\/div>\n<\/div>\n<p>\u0110\u1ea1i l\u00fd IFM vietnam, IFM viet nam, IFM vietnam distributor, Ph\u00e2n ph\u1ed1i IFM t\u1ea1i vi\u1ec7t nam<\/p>\n<p>\u0110\u1ea1i l\u00fd IFM vietnam, IFM viet nam, IFM vietnam distributor, Ph\u00e2n ph\u1ed1i IFM t\u1ea1i vi\u1ec7t nam<\/p>\n<p>\u0110\u1ea1i l\u00fd IFM vietnam, IFM viet nam, IFM vietnam distributor, Ph\u00e2n ph\u1ed1i IFM t\u1ea1i vi\u1ec7t nam<\/p>\n<p>\u0110\u1ea1i l\u00fd IFM vietnam, IFM viet nam, IFM vietnam distributor, Ph\u00e2n ph\u1ed1i IFM t\u1ea1i vi\u1ec7t nam<\/p>\n<p>\u0110\u1ea1i l\u00fd IFM vietnam, IFM viet nam, IFM vietnam distributor, Ph\u00e2n ph\u1ed1i IFM t\u1ea1i vi\u1ec7t nam<\/p>\n","protected":false},"excerpt":{"rendered":"<p>IFM EVT005 Connecting cable with socket EVT005 ADOAH040VAS0010E04 Versions EVT005 For use in hygienic and wet areas in the food industry Permanent, reliable sealing even when mounted without tools Large operating temperature range and high protection rating Vibration and shock resistant thanks to coupling ring with locking mechanism Mechanical end&hellip; <\/p>\n","protected":false},"featured_media":1516,"comment_status":"open","ping_status":"closed","template":"","meta":{"om_disable_all_campaigns":false,"_monsterinsights_skip_tracking":false,"_monsterinsights_sitenote_active":false,"_monsterinsights_sitenote_note":"","_monsterinsights_sitenote_category":0},"product_cat":[15],"product_tag":[166,116,165],"class_list":{"0":"post-1515","1":"product","2":"type-product","3":"status-publish","4":"has-post-thumbnail","6":"product_cat-apex","7":"product_tag-dai-ly-ifm-viet-nam","8":"product_tag-day-cap","9":"product_tag-ifm-viet-nam","11":"first","12":"instock","13":"shipping-taxable","14":"product-type-simple"},"aioseo_notices":[],"yoast_head":"<!-- This site is optimized with the Yoast SEO plugin v22.8 - https:\/\/yoast.com\/wordpress\/plugins\/seo\/ -->\n<title>IFM EVT005 - OMANI VI\u1ec6T NAM<\/title>\n<meta name=\"robots\" content=\"index, follow, max-snippet:-1, max-image-preview:large, max-video-preview:-1\" \/>\n<link rel=\"canonical\" href=\"https:\/\/sipin.com.vn\/index.php\/product\/ifm-evt005\/\" \/>\n<meta property=\"og:locale\" content=\"vi_VN\" \/>\n<meta property=\"og:type\" content=\"article\" \/>\n<meta property=\"og:title\" content=\"IFM EVT005 - OMANI VI\u1ec6T NAM\" \/>\n<meta property=\"og:description\" content=\"IFM EVT005 Connecting cable with socket EVT005 ADOAH040VAS0010E04 Versions EVT005 For use in hygienic and wet areas in the food industry Permanent, reliable sealing even when mounted without tools Large operating temperature range and high protection rating Vibration and shock resistant thanks to coupling ring with locking mechanism Mechanical end&hellip;\" \/>\n<meta property=\"og:url\" content=\"https:\/\/sipin.com.vn\/index.php\/product\/ifm-evt005\/\" \/>\n<meta property=\"og:site_name\" content=\"OMANI VI\u1ec6T NAM\" \/>\n<meta property=\"article:modified_time\" content=\"2024-08-24T14:32:02+00:00\" \/>\n<meta property=\"og:image\" content=\"https:\/\/sipin.com.vn\/wp-content\/uploads\/2024\/08\/EVT005.png\" \/>\n\t<meta property=\"og:image:width\" content=\"616\" \/>\n\t<meta property=\"og:image:height\" content=\"514\" \/>\n\t<meta property=\"og:image:type\" content=\"image\/png\" \/>\n<meta name=\"twitter:card\" content=\"summary_large_image\" \/>\n<meta name=\"twitter:label1\" content=\"\u01af\u1edbc t\u00ednh th\u1eddi gian \u0111\u1ecdc\" \/>\n\t<meta name=\"twitter:data1\" content=\"3 ph\u00fat\" \/>\n<script type=\"application\/ld+json\" class=\"yoast-schema-graph\">{\"@context\":\"https:\/\/schema.org\",\"@graph\":[{\"@type\":\"WebPage\",\"@id\":\"https:\/\/sipin.com.vn\/index.php\/product\/ifm-evt005\/\",\"url\":\"https:\/\/sipin.com.vn\/index.php\/product\/ifm-evt005\/\",\"name\":\"IFM EVT005 - OMANI VI\u1ec6T NAM\",\"isPartOf\":{\"@id\":\"https:\/\/sipin.com.vn\/#website\"},\"primaryImageOfPage\":{\"@id\":\"https:\/\/sipin.com.vn\/index.php\/product\/ifm-evt005\/#primaryimage\"},\"image\":{\"@id\":\"https:\/\/sipin.com.vn\/index.php\/product\/ifm-evt005\/#primaryimage\"},\"thumbnailUrl\":\"https:\/\/sipin.com.vn\/wp-content\/uploads\/2024\/08\/EVT005.png\",\"datePublished\":\"2024-08-24T14:29:56+00:00\",\"dateModified\":\"2024-08-24T14:32:02+00:00\",\"breadcrumb\":{\"@id\":\"https:\/\/sipin.com.vn\/index.php\/product\/ifm-evt005\/#breadcrumb\"},\"inLanguage\":\"vi\",\"potentialAction\":[{\"@type\":\"ReadAction\",\"target\":[\"https:\/\/sipin.com.vn\/index.php\/product\/ifm-evt005\/\"]}]},{\"@type\":\"ImageObject\",\"inLanguage\":\"vi\",\"@id\":\"https:\/\/sipin.com.vn\/index.php\/product\/ifm-evt005\/#primaryimage\",\"url\":\"https:\/\/sipin.com.vn\/wp-content\/uploads\/2024\/08\/EVT005.png\",\"contentUrl\":\"https:\/\/sipin.com.vn\/wp-content\/uploads\/2024\/08\/EVT005.png\",\"width\":616,\"height\":514},{\"@type\":\"BreadcrumbList\",\"@id\":\"https:\/\/sipin.com.vn\/index.php\/product\/ifm-evt005\/#breadcrumb\",\"itemListElement\":[{\"@type\":\"ListItem\",\"position\":1,\"name\":\"Home\",\"item\":\"https:\/\/sipin.com.vn\/\"},{\"@type\":\"ListItem\",\"position\":2,\"name\":\"S\u1ea2N PH\u1ea8M\",\"item\":\"https:\/\/sipin.com.vn\/index.php\/cua-hang\/\"},{\"@type\":\"ListItem\",\"position\":3,\"name\":\"IFM EVT005\"}]},{\"@type\":\"WebSite\",\"@id\":\"https:\/\/sipin.com.vn\/#website\",\"url\":\"https:\/\/sipin.com.vn\/\",\"name\":\"OMANI VI\u1ec6T NAM\",\"description\":\"Nh\u00e0 ph\u00e2n ph\u1ed1i thi\u1ebft b\u1ecb kh\u00ed n\u00e9n v\u00e0 thi\u1ebft b\u1ecb t\u1ef1 \u0111\u1ed9ng h\u00f3a trong c\u00f4ng nghi\u1ec7p\",\"publisher\":{\"@id\":\"https:\/\/sipin.com.vn\/#\/schema\/person\/0ad398a980dc3fd696111c2c5c8fa897\"},\"potentialAction\":[{\"@type\":\"SearchAction\",\"target\":{\"@type\":\"EntryPoint\",\"urlTemplate\":\"https:\/\/sipin.com.vn\/?s={search_term_string}\"},\"query-input\":\"required name=search_term_string\"}],\"inLanguage\":\"vi\"},{\"@type\":[\"Person\",\"Organization\"],\"@id\":\"https:\/\/sipin.com.vn\/#\/schema\/person\/0ad398a980dc3fd696111c2c5c8fa897\",\"name\":\"Nguy\u1ec5n V\u0103n Kh\u00e1nh\",\"image\":{\"@type\":\"ImageObject\",\"inLanguage\":\"vi\",\"@id\":\"https:\/\/sipin.com.vn\/#\/schema\/person\/image\/\",\"url\":\"https:\/\/sipin.com.vn\/wp-content\/uploads\/2024\/06\/logo-1024x1024.png\",\"contentUrl\":\"https:\/\/sipin.com.vn\/wp-content\/uploads\/2024\/06\/logo-1024x1024.png\",\"width\":1024,\"height\":1024,\"caption\":\"Nguy\u1ec5n V\u0103n Kh\u00e1nh\"},\"logo\":{\"@id\":\"https:\/\/sipin.com.vn\/#\/schema\/person\/image\/\"},\"sameAs\":[\"https:\/\/sipin.com.vn\"]}]}<\/script>\n<!-- \/ Yoast SEO plugin. -->","yoast_head_json":{"title":"IFM EVT005 - OMANI VI\u1ec6T NAM","robots":{"index":"index","follow":"follow","max-snippet":"max-snippet:-1","max-image-preview":"max-image-preview:large","max-video-preview":"max-video-preview:-1"},"canonical":"https:\/\/sipin.com.vn\/index.php\/product\/ifm-evt005\/","og_locale":"vi_VN","og_type":"article","og_title":"IFM EVT005 - OMANI VI\u1ec6T NAM","og_description":"IFM EVT005 Connecting cable with socket EVT005 ADOAH040VAS0010E04 Versions EVT005 For use in hygienic and wet areas in the food industry Permanent, reliable sealing even when mounted without tools Large operating temperature range and high protection rating Vibration and shock resistant thanks to coupling ring with locking mechanism Mechanical end&hellip;","og_url":"https:\/\/sipin.com.vn\/index.php\/product\/ifm-evt005\/","og_site_name":"OMANI VI\u1ec6T NAM","article_modified_time":"2024-08-24T14:32:02+00:00","og_image":[{"width":616,"height":514,"url":"https:\/\/sipin.com.vn\/wp-content\/uploads\/2024\/08\/EVT005.png","type":"image\/png"}],"twitter_card":"summary_large_image","twitter_misc":{"\u01af\u1edbc t\u00ednh th\u1eddi gian \u0111\u1ecdc":"3 ph\u00fat"},"schema":{"@context":"https:\/\/schema.org","@graph":[{"@type":"WebPage","@id":"https:\/\/sipin.com.vn\/index.php\/product\/ifm-evt005\/","url":"https:\/\/sipin.com.vn\/index.php\/product\/ifm-evt005\/","name":"IFM EVT005 - OMANI VI\u1ec6T NAM","isPartOf":{"@id":"https:\/\/sipin.com.vn\/#website"},"primaryImageOfPage":{"@id":"https:\/\/sipin.com.vn\/index.php\/product\/ifm-evt005\/#primaryimage"},"image":{"@id":"https:\/\/sipin.com.vn\/index.php\/product\/ifm-evt005\/#primaryimage"},"thumbnailUrl":"https:\/\/sipin.com.vn\/wp-content\/uploads\/2024\/08\/EVT005.png","datePublished":"2024-08-24T14:29:56+00:00","dateModified":"2024-08-24T14:32:02+00:00","breadcrumb":{"@id":"https:\/\/sipin.com.vn\/index.php\/product\/ifm-evt005\/#breadcrumb"},"inLanguage":"vi","potentialAction":[{"@type":"ReadAction","target":["https:\/\/sipin.com.vn\/index.php\/product\/ifm-evt005\/"]}]},{"@type":"ImageObject","inLanguage":"vi","@id":"https:\/\/sipin.com.vn\/index.php\/product\/ifm-evt005\/#primaryimage","url":"https:\/\/sipin.com.vn\/wp-content\/uploads\/2024\/08\/EVT005.png","contentUrl":"https:\/\/sipin.com.vn\/wp-content\/uploads\/2024\/08\/EVT005.png","width":616,"height":514},{"@type":"BreadcrumbList","@id":"https:\/\/sipin.com.vn\/index.php\/product\/ifm-evt005\/#breadcrumb","itemListElement":[{"@type":"ListItem","position":1,"name":"Home","item":"https:\/\/sipin.com.vn\/"},{"@type":"ListItem","position":2,"name":"S\u1ea2N PH\u1ea8M","item":"https:\/\/sipin.com.vn\/index.php\/cua-hang\/"},{"@type":"ListItem","position":3,"name":"IFM EVT005"}]},{"@type":"WebSite","@id":"https:\/\/sipin.com.vn\/#website","url":"https:\/\/sipin.com.vn\/","name":"OMANI VI\u1ec6T NAM","description":"Nh\u00e0 ph\u00e2n ph\u1ed1i thi\u1ebft b\u1ecb kh\u00ed n\u00e9n v\u00e0 thi\u1ebft b\u1ecb t\u1ef1 \u0111\u1ed9ng h\u00f3a trong c\u00f4ng nghi\u1ec7p","publisher":{"@id":"https:\/\/sipin.com.vn\/#\/schema\/person\/0ad398a980dc3fd696111c2c5c8fa897"},"potentialAction":[{"@type":"SearchAction","target":{"@type":"EntryPoint","urlTemplate":"https:\/\/sipin.com.vn\/?s={search_term_string}"},"query-input":"required name=search_term_string"}],"inLanguage":"vi"},{"@type":["Person","Organization"],"@id":"https:\/\/sipin.com.vn\/#\/schema\/person\/0ad398a980dc3fd696111c2c5c8fa897","name":"Nguy\u1ec5n V\u0103n Kh\u00e1nh","image":{"@type":"ImageObject","inLanguage":"vi","@id":"https:\/\/sipin.com.vn\/#\/schema\/person\/image\/","url":"https:\/\/sipin.com.vn\/wp-content\/uploads\/2024\/06\/logo-1024x1024.png","contentUrl":"https:\/\/sipin.com.vn\/wp-content\/uploads\/2024\/06\/logo-1024x1024.png","width":1024,"height":1024,"caption":"Nguy\u1ec5n V\u0103n Kh\u00e1nh"},"logo":{"@id":"https:\/\/sipin.com.vn\/#\/schema\/person\/image\/"},"sameAs":["https:\/\/sipin.com.vn"]}]}},"_links":{"self":[{"href":"https:\/\/sipin.com.vn\/index.php\/wp-json\/wp\/v2\/product\/1515","targetHints":{"allow":["GET"]}}],"collection":[{"href":"https:\/\/sipin.com.vn\/index.php\/wp-json\/wp\/v2\/product"}],"about":[{"href":"https:\/\/sipin.com.vn\/index.php\/wp-json\/wp\/v2\/types\/product"}],"replies":[{"embeddable":true,"href":"https:\/\/sipin.com.vn\/index.php\/wp-json\/wp\/v2\/comments?post=1515"}],"wp:featuredmedia":[{"embeddable":true,"href":"https:\/\/sipin.com.vn\/index.php\/wp-json\/wp\/v2\/media\/1516"}],"wp:attachment":[{"href":"https:\/\/sipin.com.vn\/index.php\/wp-json\/wp\/v2\/media?parent=1515"}],"wp:term":[{"taxonomy":"product_cat","embeddable":true,"href":"https:\/\/sipin.com.vn\/index.php\/wp-json\/wp\/v2\/product_cat?post=1515"},{"taxonomy":"product_tag","embeddable":true,"href":"https:\/\/sipin.com.vn\/index.php\/wp-json\/wp\/v2\/product_tag?post=1515"}],"curies":[{"name":"wp","href":"https:\/\/api.w.org\/{rel}","templated":true}]}}