{"id":1485,"date":"2024-08-19T05:23:23","date_gmt":"2024-08-18T22:23:23","guid":{"rendered":"https:\/\/omanivietnam.com\/?post_type=product&#038;p=1485"},"modified":"2024-08-19T05:24:23","modified_gmt":"2024-08-18T22:24:23","slug":"sick-wl9-3p1130","status":"publish","type":"product","link":"https:\/\/sipin.com.vn\/index.php\/product\/sick-wl9-3p1130\/","title":{"rendered":"SICK WL9-3P1130"},"content":{"rendered":"<p>SICK WL9-3P1130<\/p>\n<p class=\"title-product item_name\">C\u1ea3m bi\u1ebfn Sick WL9-3P1130 1049055<\/p>\n<p>1. C\u1ea3m bi\u1ebfn\u00a0WL9-3P1130 1049055:<\/p>\n<div>\n<div>Lo\u1ea1i thi\u1ebft b\u1ecb c\u1ea3m bi\u1ebfn quang \u0111i\u1ec7n<\/div>\n<div>Nguy\u00ean l\u00fd c\u1ea3m bi\u1ebfn\/ph\u00e1t hi\u1ec7n C\u1ea3m bi\u1ebfn ph\u1ea3n x\u1ea1 quang \u0111i\u1ec7n, t\u1ef1 chu\u1ea9n tr\u1ef1c<\/div>\n<div>K\u00edch th\u01b0\u1edbc (R\u1ed9ng x Cao x S\u00e2u) 12,2 mm x 50 mm x 23,6 mm<\/div>\n<div>Thi\u1ebft k\u1ebf nh\u00e0 \u1edf (ph\u00e1t x\u1ea1 \u00e1nh s\u00e1ng) H\u00ecnh h\u1ed9p ch\u1eef nh\u1eadt<\/div>\n<div>l\u1ed7 g\u1eafn M3<\/div>\n<div>Ph\u1ea1m vi c\u1ea3m bi\u1ebfn t\u1ed1i \u0111a. 0 ph\u00fat \u2026 4 ph\u00fat 1)<\/div>\n<div>Ph\u1ea1m vi c\u1ea3m bi\u1ebfn 0 m\u00e9t \u2026 2,5 m\u00e9t 1)<\/div>\n<div>Lo\u1ea1i \u00e1nh s\u00e1ng \u00c1nh s\u00e1ng \u0111\u1ecf c\u00f3 th\u1ec3 nh\u00ecn th\u1ea5y<\/div>\n<div>Ngu\u1ed3n s\u00e1ng \u0110\u00e8n LED \u0111\u1ecbnh v\u1ecb 2)<\/div>\n<div>K\u00edch th\u01b0\u1edbc \u0111i\u1ec3m s\u00e1ng (kho\u1ea3ng c\u00e1ch) \u00d8 45 mm (1,5 m)<\/div>\n<div>chi\u1ec1u d\u00e0i s\u00f3ng 650nm<\/div>\n<div>\u0111i\u1ec1u ch\u1ec9nh Kh\u00f4ng c\u00f3<\/div>\n<div><\/div>\n<\/div>\n<div>\n<p>Spec<\/p>\n<table>\n<tbody>\n<tr>\n<td>Sensor\/ detection principle<\/td>\n<td>Photoelectric retro-reflective sensor, autocollimation<\/td>\n<\/tr>\n<tr>\n<td>Dimensions (W x H x D)<\/td>\n<td>12.2 mm x 50 mm x 23.6 mm<\/td>\n<\/tr>\n<tr>\n<td>Housing design (light emission)<\/td>\n<td>Rectangular<\/td>\n<\/tr>\n<tr>\n<td>Mounting hole<\/td>\n<td>M3<\/td>\n<\/tr>\n<tr>\n<td>Sensing range max.<\/td>\n<td>0 m \u2026 4 m\u00a0<sup>1)<\/sup><\/td>\n<\/tr>\n<tr>\n<td>Sensing range<\/td>\n<td>0 m \u2026 2.5 m\u00a0<sup>1)<\/sup><\/td>\n<\/tr>\n<tr>\n<td>Type of light<\/td>\n<td>Visible red light<\/td>\n<\/tr>\n<tr>\n<td>Light source<\/td>\n<td>PinPoint LED\u00a0<sup>2)<\/sup><\/td>\n<\/tr>\n<tr>\n<td>Light spot size (distance)<\/td>\n<td>\u00d8 45 mm (1.5 m)<\/td>\n<\/tr>\n<tr>\n<td>Wave length<\/td>\n<td>650 nm<\/td>\n<\/tr>\n<tr>\n<td>Adjustment<\/td>\n<td>None<\/td>\n<\/tr>\n<\/tbody>\n<\/table>\n<table>\n<tbody>\n<tr>\n<td>Supply voltage<\/td>\n<td>10 V DC \u2026 30 V DC\u00a0<sup>1)<\/sup><\/td>\n<\/tr>\n<tr>\n<td>Ripple<\/td>\n<td>&lt; 5 V<sub>pp<\/sub>\u00a0<sup>2)<\/sup><\/td>\n<\/tr>\n<tr>\n<td>Current consumption<\/td>\n<td>30 mA\u00a0<sup>3)<\/sup><\/td>\n<\/tr>\n<tr>\n<td>Switching output<\/td>\n<td>PNP\u00a0<sup>4)<\/sup><\/td>\n<\/tr>\n<tr>\n<td>Output function<\/td>\n<td>Complementary<\/td>\n<\/tr>\n<tr>\n<td>Switching mode<\/td>\n<td>Light\/dark switching\u00a0<sup>4)<\/sup><\/td>\n<\/tr>\n<tr>\n<td>Output current I<sub>max.<\/sub><\/td>\n<td>\u2264 100 mA\u00a0<sup>5)<\/sup><\/td>\n<\/tr>\n<tr>\n<td>Response time<\/td>\n<td>&lt; 0.5 ms\u00a0<sup>6)<\/sup><\/td>\n<\/tr>\n<tr>\n<td>Switching frequency<\/td>\n<td>1,000 Hz\u00a0<sup>7)<\/sup><\/td>\n<\/tr>\n<tr>\n<td>Connection type<\/td>\n<td>Cable, 4-wire, 2 m\u00a0<sup>8)<\/sup><\/td>\n<\/tr>\n<tr>\n<td>Cable material<\/td>\n<td>PVC<\/td>\n<\/tr>\n<tr>\n<td>Conductor cross-section<\/td>\n<td>0.14 mm\u00b2<\/td>\n<\/tr>\n<tr>\n<td>Circuit protection<\/td>\n<td>A\u00a0<sup>9)<\/sup>B\u00a0<sup>10)<\/sup><\/p>\n<p>C\u00a0<sup>11)<\/sup><\/td>\n<\/tr>\n<tr>\n<td>Protection class<\/td>\n<td>III<\/td>\n<\/tr>\n<tr>\n<td>Weight<\/td>\n<td>80 g<\/td>\n<\/tr>\n<tr>\n<td>Polarisation filter<\/td>\n<td><img decoding=\"async\" class=\"emoji\" role=\"img\" src=\"https:\/\/s.w.org\/images\/core\/emoji\/14.0.0\/svg\/2714.svg\" alt=\"\u2714\" \/><\/td>\n<\/tr>\n<tr>\n<td>Housing material<\/td>\n<td>Plastic, VISTAL\u00ae<\/td>\n<\/tr>\n<tr>\n<td>Optics material<\/td>\n<td>Plastic, PMMA<\/td>\n<\/tr>\n<tr>\n<td>Enclosure rating<\/td>\n<td>IP66IP67<\/p>\n<p>IP69K<\/td>\n<\/tr>\n<tr>\n<td>Ambient operating temperature<\/td>\n<td>\u201340 \u00b0C \u2026 +60 \u00b0C<\/td>\n<\/tr>\n<tr>\n<td>Ambient storage temperature<\/td>\n<td>\u201340 \u00b0C \u2026 +75 \u00b0C<\/td>\n<\/tr>\n<tr>\n<td>UL File No.<\/td>\n<td>NRKH.E181493<\/td>\n<\/tr>\n<\/tbody>\n<\/table>\n<\/div>\n<p>2. C\u00e1c m\u00e3 h\u00e0ng t\u01b0\u01a1ng \u0111\u01b0\u01a1ng C\u1ea3m bi\u1ebfn\u00a0WL9-3P1130 1049055:<\/p>\n<div>\n<div>WL9-3P1130 1049055<\/div>\n<div>WL9-3P1132 1049056<\/div>\n<div>WL9-3P1162 1049054<\/div>\n<div>WL9-3P1232 1049057<\/div>\n<div>WL9-3P2230 1049059<\/div>\n<div>WL9-3P2232 1049060<\/div>\n<div>WL9-3P2262 1049058<\/div>\n<div>WL9-3P2430 1049062<\/div>\n<div>WL9-3P2432 1049063<\/div>\n<div>WL9-3P2462 1049061<\/div>\n<div>WL9-3P3430 1049066<\/div>\n<div>WL9-3P3432 1049067<\/div>\n<div>WL9-3P3462 1049065<\/div>\n<\/div>\n<div><\/div>\n<div>\n<p>\u0110\u1ea1i l\u00fd SICK vietnam, SICK viet nam, SICK vietnam distributor, Ph\u00e2n ph\u1ed1i SICK t\u1ea1i vi\u1ec7t nam<\/p>\n<p>\u0110\u1ea1i l\u00fd SICK vietnam, SICK viet nam, SICK vietnam distributor, Ph\u00e2n ph\u1ed1i SICK t\u1ea1i vi\u1ec7t nam<\/p>\n<p>\u0110\u1ea1i l\u00fd SICK vietnam, SICK viet nam, SICK vietnam distributor, Ph\u00e2n ph\u1ed1i SICK t\u1ea1i vi\u1ec7t nam<\/p>\n<p>\u0110\u1ea1i l\u00fd SICK vietnam, SICK viet nam, SICK vietnam distributor, Ph\u00e2n ph\u1ed1i SICK t\u1ea1i vi\u1ec7t nam<\/p>\n<p>\u0110\u1ea1i l\u00fd SICK vietnam, SICK viet nam, SICK vietnam distributor, Ph\u00e2n ph\u1ed1i SICK t\u1ea1i vi\u1ec7t nam<\/p>\n<\/div>\n","protected":false},"excerpt":{"rendered":"<p>SICK WL9-3P1130 C\u1ea3m bi\u1ebfn Sick WL9-3P1130 1049055 1. C\u1ea3m bi\u1ebfn\u00a0WL9-3P1130 1049055: Lo\u1ea1i thi\u1ebft b\u1ecb c\u1ea3m bi\u1ebfn quang \u0111i\u1ec7n Nguy\u00ean l\u00fd c\u1ea3m bi\u1ebfn\/ph\u00e1t hi\u1ec7n C\u1ea3m bi\u1ebfn ph\u1ea3n x\u1ea1 quang \u0111i\u1ec7n, t\u1ef1 chu\u1ea9n tr\u1ef1c K\u00edch th\u01b0\u1edbc (R\u1ed9ng x Cao x S\u00e2u) 12,2 mm x 50 mm x 23,6 mm Thi\u1ebft k\u1ebf nh\u00e0&hellip; <\/p>\n","protected":false},"featured_media":1486,"comment_status":"open","ping_status":"closed","template":"","meta":{"om_disable_all_campaigns":false,"_monsterinsights_skip_tracking":false,"_monsterinsights_sitenote_active":false,"_monsterinsights_sitenote_note":"","_monsterinsights_sitenote_category":0},"product_cat":[15],"product_tag":[88,89,90],"class_list":{"0":"post-1485","1":"product","2":"type-product","3":"status-publish","4":"has-post-thumbnail","6":"product_cat-apex","7":"product_tag-cam-bien","8":"product_tag-dai-ly-sick-viet-nam","9":"product_tag-sick-viet-nam","11":"first","12":"instock","13":"shipping-taxable","14":"product-type-simple"},"aioseo_notices":[],"yoast_head":"<!-- This site is optimized with the Yoast SEO plugin v22.8 - https:\/\/yoast.com\/wordpress\/plugins\/seo\/ -->\n<title>SICK WL9-3P1130 - OMANI VI\u1ec6T NAM<\/title>\n<meta name=\"robots\" content=\"index, follow, max-snippet:-1, max-image-preview:large, max-video-preview:-1\" \/>\n<link rel=\"canonical\" href=\"https:\/\/sipin.com.vn\/index.php\/product\/sick-wl9-3p1130\/\" \/>\n<meta property=\"og:locale\" content=\"vi_VN\" \/>\n<meta property=\"og:type\" content=\"article\" \/>\n<meta property=\"og:title\" content=\"SICK WL9-3P1130 - OMANI VI\u1ec6T NAM\" \/>\n<meta property=\"og:description\" content=\"SICK WL9-3P1130 C\u1ea3m bi\u1ebfn Sick WL9-3P1130 1049055 1. C\u1ea3m bi\u1ebfn\u00a0WL9-3P1130 1049055: Lo\u1ea1i thi\u1ebft b\u1ecb c\u1ea3m bi\u1ebfn quang \u0111i\u1ec7n Nguy\u00ean l\u00fd c\u1ea3m bi\u1ebfn\/ph\u00e1t hi\u1ec7n C\u1ea3m bi\u1ebfn ph\u1ea3n x\u1ea1 quang \u0111i\u1ec7n, t\u1ef1 chu\u1ea9n tr\u1ef1c K\u00edch th\u01b0\u1edbc (R\u1ed9ng x Cao x S\u00e2u) 12,2 mm x 50 mm x 23,6 mm Thi\u1ebft k\u1ebf nh\u00e0&hellip;\" \/>\n<meta property=\"og:url\" content=\"https:\/\/sipin.com.vn\/index.php\/product\/sick-wl9-3p1130\/\" \/>\n<meta property=\"og:site_name\" content=\"OMANI VI\u1ec6T NAM\" \/>\n<meta property=\"article:modified_time\" content=\"2024-08-18T22:24:23+00:00\" \/>\n<meta property=\"og:image\" content=\"https:\/\/sipin.com.vn\/wp-content\/uploads\/2024\/08\/WL9-3P1130.png\" \/>\n\t<meta property=\"og:image:width\" content=\"506\" \/>\n\t<meta property=\"og:image:height\" content=\"572\" \/>\n\t<meta property=\"og:image:type\" content=\"image\/png\" \/>\n<meta name=\"twitter:card\" content=\"summary_large_image\" \/>\n<meta name=\"twitter:label1\" content=\"\u01af\u1edbc t\u00ednh th\u1eddi gian \u0111\u1ecdc\" \/>\n\t<meta name=\"twitter:data1\" content=\"3 ph\u00fat\" \/>\n<script type=\"application\/ld+json\" class=\"yoast-schema-graph\">{\"@context\":\"https:\/\/schema.org\",\"@graph\":[{\"@type\":\"WebPage\",\"@id\":\"https:\/\/sipin.com.vn\/index.php\/product\/sick-wl9-3p1130\/\",\"url\":\"https:\/\/sipin.com.vn\/index.php\/product\/sick-wl9-3p1130\/\",\"name\":\"SICK WL9-3P1130 - OMANI VI\u1ec6T NAM\",\"isPartOf\":{\"@id\":\"https:\/\/sipin.com.vn\/#website\"},\"primaryImageOfPage\":{\"@id\":\"https:\/\/sipin.com.vn\/index.php\/product\/sick-wl9-3p1130\/#primaryimage\"},\"image\":{\"@id\":\"https:\/\/sipin.com.vn\/index.php\/product\/sick-wl9-3p1130\/#primaryimage\"},\"thumbnailUrl\":\"https:\/\/sipin.com.vn\/wp-content\/uploads\/2024\/08\/WL9-3P1130.png\",\"datePublished\":\"2024-08-18T22:23:23+00:00\",\"dateModified\":\"2024-08-18T22:24:23+00:00\",\"breadcrumb\":{\"@id\":\"https:\/\/sipin.com.vn\/index.php\/product\/sick-wl9-3p1130\/#breadcrumb\"},\"inLanguage\":\"vi\",\"potentialAction\":[{\"@type\":\"ReadAction\",\"target\":[\"https:\/\/sipin.com.vn\/index.php\/product\/sick-wl9-3p1130\/\"]}]},{\"@type\":\"ImageObject\",\"inLanguage\":\"vi\",\"@id\":\"https:\/\/sipin.com.vn\/index.php\/product\/sick-wl9-3p1130\/#primaryimage\",\"url\":\"https:\/\/sipin.com.vn\/wp-content\/uploads\/2024\/08\/WL9-3P1130.png\",\"contentUrl\":\"https:\/\/sipin.com.vn\/wp-content\/uploads\/2024\/08\/WL9-3P1130.png\",\"width\":506,\"height\":572},{\"@type\":\"BreadcrumbList\",\"@id\":\"https:\/\/sipin.com.vn\/index.php\/product\/sick-wl9-3p1130\/#breadcrumb\",\"itemListElement\":[{\"@type\":\"ListItem\",\"position\":1,\"name\":\"Home\",\"item\":\"https:\/\/sipin.com.vn\/\"},{\"@type\":\"ListItem\",\"position\":2,\"name\":\"S\u1ea2N PH\u1ea8M\",\"item\":\"https:\/\/sipin.com.vn\/index.php\/cua-hang\/\"},{\"@type\":\"ListItem\",\"position\":3,\"name\":\"SICK WL9-3P1130\"}]},{\"@type\":\"WebSite\",\"@id\":\"https:\/\/sipin.com.vn\/#website\",\"url\":\"https:\/\/sipin.com.vn\/\",\"name\":\"OMANI VI\u1ec6T NAM\",\"description\":\"Nh\u00e0 ph\u00e2n ph\u1ed1i thi\u1ebft b\u1ecb kh\u00ed n\u00e9n v\u00e0 thi\u1ebft b\u1ecb t\u1ef1 \u0111\u1ed9ng h\u00f3a trong c\u00f4ng nghi\u1ec7p\",\"publisher\":{\"@id\":\"https:\/\/sipin.com.vn\/#\/schema\/person\/0ad398a980dc3fd696111c2c5c8fa897\"},\"potentialAction\":[{\"@type\":\"SearchAction\",\"target\":{\"@type\":\"EntryPoint\",\"urlTemplate\":\"https:\/\/sipin.com.vn\/?s={search_term_string}\"},\"query-input\":\"required name=search_term_string\"}],\"inLanguage\":\"vi\"},{\"@type\":[\"Person\",\"Organization\"],\"@id\":\"https:\/\/sipin.com.vn\/#\/schema\/person\/0ad398a980dc3fd696111c2c5c8fa897\",\"name\":\"Nguy\u1ec5n V\u0103n Kh\u00e1nh\",\"image\":{\"@type\":\"ImageObject\",\"inLanguage\":\"vi\",\"@id\":\"https:\/\/sipin.com.vn\/#\/schema\/person\/image\/\",\"url\":\"https:\/\/sipin.com.vn\/wp-content\/uploads\/2024\/06\/logo-1024x1024.png\",\"contentUrl\":\"https:\/\/sipin.com.vn\/wp-content\/uploads\/2024\/06\/logo-1024x1024.png\",\"width\":1024,\"height\":1024,\"caption\":\"Nguy\u1ec5n V\u0103n Kh\u00e1nh\"},\"logo\":{\"@id\":\"https:\/\/sipin.com.vn\/#\/schema\/person\/image\/\"},\"sameAs\":[\"https:\/\/sipin.com.vn\"]}]}<\/script>\n<!-- \/ Yoast SEO plugin. -->","yoast_head_json":{"title":"SICK WL9-3P1130 - OMANI VI\u1ec6T NAM","robots":{"index":"index","follow":"follow","max-snippet":"max-snippet:-1","max-image-preview":"max-image-preview:large","max-video-preview":"max-video-preview:-1"},"canonical":"https:\/\/sipin.com.vn\/index.php\/product\/sick-wl9-3p1130\/","og_locale":"vi_VN","og_type":"article","og_title":"SICK WL9-3P1130 - OMANI VI\u1ec6T NAM","og_description":"SICK WL9-3P1130 C\u1ea3m bi\u1ebfn Sick WL9-3P1130 1049055 1. C\u1ea3m bi\u1ebfn\u00a0WL9-3P1130 1049055: Lo\u1ea1i thi\u1ebft b\u1ecb c\u1ea3m bi\u1ebfn quang \u0111i\u1ec7n Nguy\u00ean l\u00fd c\u1ea3m bi\u1ebfn\/ph\u00e1t hi\u1ec7n C\u1ea3m bi\u1ebfn ph\u1ea3n x\u1ea1 quang \u0111i\u1ec7n, t\u1ef1 chu\u1ea9n tr\u1ef1c K\u00edch th\u01b0\u1edbc (R\u1ed9ng x Cao x S\u00e2u) 12,2 mm x 50 mm x 23,6 mm Thi\u1ebft k\u1ebf nh\u00e0&hellip;","og_url":"https:\/\/sipin.com.vn\/index.php\/product\/sick-wl9-3p1130\/","og_site_name":"OMANI VI\u1ec6T NAM","article_modified_time":"2024-08-18T22:24:23+00:00","og_image":[{"width":506,"height":572,"url":"https:\/\/sipin.com.vn\/wp-content\/uploads\/2024\/08\/WL9-3P1130.png","type":"image\/png"}],"twitter_card":"summary_large_image","twitter_misc":{"\u01af\u1edbc t\u00ednh th\u1eddi gian \u0111\u1ecdc":"3 ph\u00fat"},"schema":{"@context":"https:\/\/schema.org","@graph":[{"@type":"WebPage","@id":"https:\/\/sipin.com.vn\/index.php\/product\/sick-wl9-3p1130\/","url":"https:\/\/sipin.com.vn\/index.php\/product\/sick-wl9-3p1130\/","name":"SICK WL9-3P1130 - OMANI VI\u1ec6T NAM","isPartOf":{"@id":"https:\/\/sipin.com.vn\/#website"},"primaryImageOfPage":{"@id":"https:\/\/sipin.com.vn\/index.php\/product\/sick-wl9-3p1130\/#primaryimage"},"image":{"@id":"https:\/\/sipin.com.vn\/index.php\/product\/sick-wl9-3p1130\/#primaryimage"},"thumbnailUrl":"https:\/\/sipin.com.vn\/wp-content\/uploads\/2024\/08\/WL9-3P1130.png","datePublished":"2024-08-18T22:23:23+00:00","dateModified":"2024-08-18T22:24:23+00:00","breadcrumb":{"@id":"https:\/\/sipin.com.vn\/index.php\/product\/sick-wl9-3p1130\/#breadcrumb"},"inLanguage":"vi","potentialAction":[{"@type":"ReadAction","target":["https:\/\/sipin.com.vn\/index.php\/product\/sick-wl9-3p1130\/"]}]},{"@type":"ImageObject","inLanguage":"vi","@id":"https:\/\/sipin.com.vn\/index.php\/product\/sick-wl9-3p1130\/#primaryimage","url":"https:\/\/sipin.com.vn\/wp-content\/uploads\/2024\/08\/WL9-3P1130.png","contentUrl":"https:\/\/sipin.com.vn\/wp-content\/uploads\/2024\/08\/WL9-3P1130.png","width":506,"height":572},{"@type":"BreadcrumbList","@id":"https:\/\/sipin.com.vn\/index.php\/product\/sick-wl9-3p1130\/#breadcrumb","itemListElement":[{"@type":"ListItem","position":1,"name":"Home","item":"https:\/\/sipin.com.vn\/"},{"@type":"ListItem","position":2,"name":"S\u1ea2N PH\u1ea8M","item":"https:\/\/sipin.com.vn\/index.php\/cua-hang\/"},{"@type":"ListItem","position":3,"name":"SICK WL9-3P1130"}]},{"@type":"WebSite","@id":"https:\/\/sipin.com.vn\/#website","url":"https:\/\/sipin.com.vn\/","name":"OMANI VI\u1ec6T NAM","description":"Nh\u00e0 ph\u00e2n ph\u1ed1i thi\u1ebft b\u1ecb kh\u00ed n\u00e9n v\u00e0 thi\u1ebft b\u1ecb t\u1ef1 \u0111\u1ed9ng h\u00f3a trong c\u00f4ng nghi\u1ec7p","publisher":{"@id":"https:\/\/sipin.com.vn\/#\/schema\/person\/0ad398a980dc3fd696111c2c5c8fa897"},"potentialAction":[{"@type":"SearchAction","target":{"@type":"EntryPoint","urlTemplate":"https:\/\/sipin.com.vn\/?s={search_term_string}"},"query-input":"required name=search_term_string"}],"inLanguage":"vi"},{"@type":["Person","Organization"],"@id":"https:\/\/sipin.com.vn\/#\/schema\/person\/0ad398a980dc3fd696111c2c5c8fa897","name":"Nguy\u1ec5n V\u0103n Kh\u00e1nh","image":{"@type":"ImageObject","inLanguage":"vi","@id":"https:\/\/sipin.com.vn\/#\/schema\/person\/image\/","url":"https:\/\/sipin.com.vn\/wp-content\/uploads\/2024\/06\/logo-1024x1024.png","contentUrl":"https:\/\/sipin.com.vn\/wp-content\/uploads\/2024\/06\/logo-1024x1024.png","width":1024,"height":1024,"caption":"Nguy\u1ec5n V\u0103n Kh\u00e1nh"},"logo":{"@id":"https:\/\/sipin.com.vn\/#\/schema\/person\/image\/"},"sameAs":["https:\/\/sipin.com.vn"]}]}},"_links":{"self":[{"href":"https:\/\/sipin.com.vn\/index.php\/wp-json\/wp\/v2\/product\/1485","targetHints":{"allow":["GET"]}}],"collection":[{"href":"https:\/\/sipin.com.vn\/index.php\/wp-json\/wp\/v2\/product"}],"about":[{"href":"https:\/\/sipin.com.vn\/index.php\/wp-json\/wp\/v2\/types\/product"}],"replies":[{"embeddable":true,"href":"https:\/\/sipin.com.vn\/index.php\/wp-json\/wp\/v2\/comments?post=1485"}],"wp:featuredmedia":[{"embeddable":true,"href":"https:\/\/sipin.com.vn\/index.php\/wp-json\/wp\/v2\/media\/1486"}],"wp:attachment":[{"href":"https:\/\/sipin.com.vn\/index.php\/wp-json\/wp\/v2\/media?parent=1485"}],"wp:term":[{"taxonomy":"product_cat","embeddable":true,"href":"https:\/\/sipin.com.vn\/index.php\/wp-json\/wp\/v2\/product_cat?post=1485"},{"taxonomy":"product_tag","embeddable":true,"href":"https:\/\/sipin.com.vn\/index.php\/wp-json\/wp\/v2\/product_tag?post=1485"}],"curies":[{"name":"wp","href":"https:\/\/api.w.org\/{rel}","templated":true}]}}