{"id":1481,"date":"2024-08-18T05:57:09","date_gmt":"2024-08-17T22:57:09","guid":{"rendered":"https:\/\/omanivietnam.com\/?post_type=product&#038;p=1481"},"modified":"2024-08-18T05:58:38","modified_gmt":"2024-08-17T22:58:38","slug":"autonics-e40s6-1000-3-t-24","status":"publish","type":"product","link":"https:\/\/sipin.com.vn\/index.php\/product\/autonics-e40s6-1000-3-t-24\/","title":{"rendered":"AUTONICS E40S6-1000-3-T-24"},"content":{"rendered":"<p>AUTONICS E40S6-1000-3-T-24<\/p>\n<ul>\n<li>\u0110\u01b0\u1eddng k\u00ednh ngo\u00e0i tr\u1ee5c : \u00d86mm<\/li>\n<li>T\u1ea7n s\u1ed1 \u0111\u00e1p \u1ee9ng t\u1ed1i \u0111a : 300kHz<\/li>\n<li>\u0110\u1ed9 ph\u00e2n gi\u1ea3i cho ph\u00e9p t\u1ed1i \u0111a : 5000rpm<\/li>\n<li>M\u00f4-men kh\u1edfi \u0111\u1ed9ng : Max. 40gf.cm(max. 0.00392N.m)<\/li>\n<li>\u0110\u1ed9 ph\u00e2n gi\u1ea3i : 1000P\/R<\/li>\n<li>Ng\u00f5 ra \u0111i\u1ec1u khi\u1ec3n : Totem pole<\/li>\n<li>Ngu\u1ed3n c\u1ea5p : 12-24VDC \u00b15%(s\u00f3ng P-P: max. 5%)<\/li>\n<li>Lo\u1ea1i k\u1ebft n\u1ed1i : lo\u1ea1i c\u00e1p h\u01b0\u1edbng t\u00e2m<\/li>\n<li>C\u1ea5u tr\u00fac b\u1ea3o v\u1ec7 : IP50<\/li>\n<\/ul>\n<p><strong>B\u1ed9 m\u00e3 h\u00f3a v\u00f2ng quay t\u01b0\u01a1ng \u0111\u1ed1i 40mm (Lo\u1ea1i l\u1ed7 li\u1ec1n th\u00e2n) Autonics E40S6-1000-3-T-24<\/strong><\/p>\n<p id=\"listto-0\"><strong>Gi\u1edbi thi\u1ec7u t\u1ed5ng qu\u00e1t\u00a0E40S6-1000-3-T-24<\/strong><\/p>\n<p>D\u00f2ng b\u1ed9 m\u00e3 h\u00f3a v\u00f2ng quay t\u01b0\u01a1ng \u0111\u1ed1i E40S c\u00f3 k\u00edch th\u01b0\u1edbc \u0111\u01b0\u1eddng k\u00ednh l\u00e0 \u00d840 mm v\u00e0 thi\u1ebft k\u1ebf l\u1ed7 trung t\u00e2m, thu\u1eadn ti\u1ec7n cho vi\u1ec7c l\u1eafp \u0111\u1eb7t trong c\u00e1c kh\u00f4ng gian ch\u1eadt h\u1eb9p.<br \/>\nV\u1edbi m\u00f4-men qu\u00e1n t\u00ednh th\u1ea5p, thi\u1ebft b\u1ecb n\u00e0y gi\u00fap l\u00e0m gi\u1ea3m \u1ea3nh h\u01b0\u1edfng l\u00ean chuy\u1ec3n \u0111\u1ed9ng quay, \u0111\u1ea3m b\u1ea3o ho\u1ea1t \u0111\u1ed9ng \u1ed5n \u0111\u1ecbnh. D\u00f2ng E40S cung c\u1ea5p nhi\u1ec1u l\u1ef1a ch\u1ecdn v\u1ec1 ng\u00f5 ra \u0111i\u1ec1u khi\u1ec3n, ph\u00f9 h\u1ee3p v\u1edbi nhi\u1ec1u y\u00eau c\u1ea7u kh\u00e1c nhau.<\/p>\n<h2 id=\"listto-1\"><strong>C\u00e1c t\u00ednh n\u0103ng ch\u00ednh:<\/strong><\/h2>\n<p>B\u1ed9 m\u00e3 h\u00f3a v\u00f2ng quay t\u01b0\u01a1ng \u0111\u1ed1i \u00d840 mm<br \/>\nC\u00f3 c\u00e1c lo\u1ea1i tr\u1ee5c, tr\u1ee5c r\u1ed7ng, l\u1ed7<br \/>\nD\u1ec5 l\u1eafp \u0111\u1eb7t trong kh\u00f4ng gian h\u1ea1n h\u1eb9p<br \/>\nM\u00f4-men qu\u00e1n t\u00ednh th\u1ea5p<br \/>\n\u0110\u1ed9 ph\u00e2n gi\u1ea3i \u0111a d\u1ea1ng: t\u1eeb 1 \u0111\u1ebfn 5000 xung\/v\u00f2ng<br \/>\n\u0110a d\u1ea1ng t\u00f9y ch\u1ecdn ng\u00f5 ra \u0111i\u1ec1u khi\u1ec3n<br \/>\nNgu\u1ed3n c\u1ea5p: 5 VDC \u00b1 5%, 12-24 VDC \u00b1 5%<\/p>\n<p>&nbsp;<\/p>\n<p id=\"listto-2\"><strong>Th\u00f4ng s\u1ed1 k\u1ef9 thu\u1eadt E40S6-1000-3-T-24:<\/strong><\/p>\n<table class=\"woocommerce-product-attributes shop_attributes\">\n<tbody>\n<tr>\n<td>\u0110\u01b0\u1eddng k\u00ednh ngo\u00e0i tr\u1ee5c<\/td>\n<td>\u00d86mm<\/td>\n<\/tr>\n<tr>\n<td>T\u1ea7n s\u1ed1 \u0111\u00e1p \u1ee9ng t\u1ed1i \u0111a<\/td>\n<td>300kHz<\/td>\n<\/tr>\n<tr>\n<td>\u0110\u1ed9 ph\u00e2n gi\u1ea3i cho ph\u00e9p t\u1ed1i \u0111a<\/td>\n<td>5000rpm<\/td>\n<\/tr>\n<tr>\n<td>M\u00f4-men kh\u1edfi \u0111\u1ed9ng<\/td>\n<td>Max. 40gf.cm(max. 0.00392N.m)<\/td>\n<\/tr>\n<tr>\n<td>\u0110\u1ed9 ph\u00e2n gi\u1ea3i<\/td>\n<td>1000P\/R<\/td>\n<\/tr>\n<tr>\n<td>Pha ng\u00f5 ra<\/td>\n<td>A, B, Z<\/td>\n<\/tr>\n<tr>\n<td>Ng\u00f5 ra \u0111i\u1ec1u khi\u1ec3n<\/td>\n<td>Totem pole<\/td>\n<\/tr>\n<tr>\n<td>Ngu\u1ed3n c\u1ea5p<\/td>\n<td>12-24VDC \u00b15%(s\u00f3ng P-P: max. 5%)<\/td>\n<\/tr>\n<tr>\n<td>Lo\u1ea1i k\u1ebft n\u1ed1i<\/td>\n<td>lo\u1ea1i c\u00e1p h\u01b0\u1edbng t\u00e2m<\/td>\n<\/tr>\n<tr>\n<td>C\u1ea5u tr\u00fac b\u1ea3o v\u1ec7<\/td>\n<td>IP50<\/td>\n<\/tr>\n<tr>\n<td>Nhi\u1ec7t \u0111\u1ed9 xung quanh<\/td>\n<td>-10 \u0111\u1ebfn 70\u2103, b\u1ea3o qu\u1ea3n: -25 \u0111\u1ebfn 85\u2103<\/td>\n<\/tr>\n<tr>\n<td>\u0110\u1ed9 \u1ea9m xung quanh<\/td>\n<td>35 \u0111\u1ebfn 85%RH, b\u1ea3o qu\u1ea3n: 35 \u0111\u1ebfn 90%RH<\/td>\n<\/tr>\n<tr>\n<td>Ph\u1ee5 ki\u1ec7n<\/td>\n<td>Kh\u1edbp n\u1ed1i chu\u1ea9n \u00d86mm, kh\u1edbp n\u1ed1i \u00d88mm (b\u00e1n ri\u00eang)<\/td>\n<\/tr>\n<tr>\n<td>Tr\u1ecdng l\u01b0\u1ee3ng<\/td>\n<td>X\u1ea5p x\u1ec9 120g<\/td>\n<\/tr>\n<tr>\n<td>Ti\u00eau chu\u1ea9n<\/td>\n<td><a href=\"https:\/\/codienhaiau.com\/?p=59988\"><img decoding=\"async\" src=\"https:\/\/codienhaiau.com\/wp-content\/uploads\/2019\/07\/Tieu-chuan-CE.jpg\" alt=\"Tieu-chuan-CE\" width=\"28\" height=\"20\" \/><\/a><\/td>\n<\/tr>\n<\/tbody>\n<\/table>\n<p>&nbsp;<\/p>\n<p>\u0110\u1ea3m b\u1ea3o r\u1eb1ng v\u00f2ng quay \u0111\u00e1p \u1ee9ng t\u1ed1i \u0111a ph\u1ea3i th\u1ea5p h\u01a1n ho\u1eb7c b\u1eb1ng v\u00f2ng quay cho ph\u00e9p t\u1ed1i \u0111a khi ch\u1ecdn \u0111\u1ed9 ph\u00e2n gi\u1ea3i.<br \/>\n[V\u00f2ng quay \u0111\u00e1p \u1ee9ng t\u1ed1i \u0111a (rpm) = T\u1ea7n s\u1ed1 \u0111\u00e1p \u1ee9ng t\u1ed1i \u0111a \/ \u0110\u1ed9 ph\u00e2n gi\u1ea3i \u00d7 60 gi\u00e2y]<br \/>\nTr\u1ecdng l\u01b0\u1ee3ng bao g\u1ed3m bao b\u00ec. Tr\u1ecdng l\u01b0\u1ee3ng trong ngo\u1eb7c l\u00e0 tr\u1ecdng l\u01b0\u1ee3ng thi\u1ebft b\u1ecb.<br \/>\n\u0110\u1ed9 b\u1ec1n \u0111\u01b0\u1ee3c \u0111o \u1edf \u0111i\u1ec1u ki\u1ec7n m\u00f4i tr\u01b0\u1eddng kh\u00f4ng \u0111\u00f4ng ho\u1eb7c ng\u01b0ng t\u1ee5.<br \/>\nB\u00e1n ri\u00eang: Gi\u1eafc c\u1eafm c\u00e1p<\/p>\n<h2 id=\"listto-3\"><strong>B\u1ea3ng ch\u1ecdn m\u00e3 h\u00e0ng s\u1ea3n ph\u1ea9m\u00a0E40S6-1000-3-T-24<\/strong><\/h2>\n<p><img decoding=\"async\" src=\"https:\/\/hanmyviet.vn\/images\/img\/images\/san%20pham\/Autonics\/E40-bang-chon-ma.jpg\" alt=\"E40-bang-chon-ma\" \/><\/p>\n<p>&nbsp;<\/p>\n<p>\u0110\u1ea1i l\u00fd AUTONICS vietnam, AUTONICS viet nam, AUTONICS vietnam distributor, Ph\u00e2n ph\u1ed1i AUTONICS t\u1ea1i vi\u1ec7t nam<\/p>\n<p>\u0110\u1ea1i l\u00fd AUTONICS vietnam, AUTONICS viet nam, AUTONICS vietnam distributor, Ph\u00e2n ph\u1ed1i AUTONICS t\u1ea1i vi\u1ec7t nam<\/p>\n<p>\u0110\u1ea1i l\u00fd AUTONICS vietnam, AUTONICS viet nam, AUTONICS vietnam distributor, Ph\u00e2n ph\u1ed1i AUTONICS t\u1ea1i vi\u1ec7t nam<\/p>\n<p>\u0110\u1ea1i l\u00fd AUTONICS vietnam, AUTONICS viet nam, AUTONICS vietnam distributor, Ph\u00e2n ph\u1ed1i AUTONICS t\u1ea1i vi\u1ec7t nam<\/p>\n<p>\u0110\u1ea1i l\u00fd AUTONICS vietnam, AUTONICS viet nam, AUTONICS vietnam distributor, Ph\u00e2n ph\u1ed1i AUTONICS t\u1ea1i vi\u1ec7t nam<\/p>\n","protected":false},"excerpt":{"rendered":"<p>AUTONICS E40S6-1000-3-T-24 \u0110\u01b0\u1eddng k\u00ednh ngo\u00e0i tr\u1ee5c : \u00d86mm T\u1ea7n s\u1ed1 \u0111\u00e1p \u1ee9ng t\u1ed1i \u0111a : 300kHz \u0110\u1ed9 ph\u00e2n gi\u1ea3i cho ph\u00e9p t\u1ed1i \u0111a : 5000rpm M\u00f4-men kh\u1edfi \u0111\u1ed9ng : Max. 40gf.cm(max. 0.00392N.m) \u0110\u1ed9 ph\u00e2n gi\u1ea3i : 1000P\/R Ng\u00f5 ra \u0111i\u1ec1u khi\u1ec3n : Totem pole Ngu\u1ed3n c\u1ea5p : 12-24VDC \u00b15%(s\u00f3ng P-P:&hellip; <\/p>\n","protected":false},"featured_media":1482,"comment_status":"open","ping_status":"closed","template":"","meta":{"om_disable_all_campaigns":false,"_monsterinsights_skip_tracking":false,"_monsterinsights_sitenote_active":false,"_monsterinsights_sitenote_note":"","_monsterinsights_sitenote_category":0},"product_cat":[15],"product_tag":[275,174,276],"class_list":{"0":"post-1481","1":"product","2":"type-product","3":"status-publish","4":"has-post-thumbnail","6":"product_cat-apex","7":"product_tag-autonics-viet-nam","8":"product_tag-bo-ma-hoa","9":"product_tag-dai-ly-autonics-viet-nam","11":"first","12":"instock","13":"shipping-taxable","14":"product-type-simple"},"aioseo_notices":[],"yoast_head":"<!-- This site is optimized with the Yoast SEO plugin v22.8 - https:\/\/yoast.com\/wordpress\/plugins\/seo\/ -->\n<title>AUTONICS E40S6-1000-3-T-24 - OMANI VI\u1ec6T NAM<\/title>\n<meta name=\"robots\" content=\"index, follow, max-snippet:-1, max-image-preview:large, max-video-preview:-1\" \/>\n<link rel=\"canonical\" href=\"https:\/\/sipin.com.vn\/index.php\/product\/autonics-e40s6-1000-3-t-24\/\" \/>\n<meta property=\"og:locale\" content=\"vi_VN\" \/>\n<meta property=\"og:type\" content=\"article\" \/>\n<meta property=\"og:title\" content=\"AUTONICS E40S6-1000-3-T-24 - OMANI VI\u1ec6T NAM\" \/>\n<meta property=\"og:description\" content=\"AUTONICS E40S6-1000-3-T-24 \u0110\u01b0\u1eddng k\u00ednh ngo\u00e0i tr\u1ee5c : \u00d86mm T\u1ea7n s\u1ed1 \u0111\u00e1p \u1ee9ng t\u1ed1i \u0111a : 300kHz \u0110\u1ed9 ph\u00e2n gi\u1ea3i cho ph\u00e9p t\u1ed1i \u0111a : 5000rpm M\u00f4-men kh\u1edfi \u0111\u1ed9ng : Max. 40gf.cm(max. 0.00392N.m) \u0110\u1ed9 ph\u00e2n gi\u1ea3i : 1000P\/R Ng\u00f5 ra \u0111i\u1ec1u khi\u1ec3n : Totem pole Ngu\u1ed3n c\u1ea5p : 12-24VDC \u00b15%(s\u00f3ng P-P:&hellip;\" \/>\n<meta property=\"og:url\" content=\"https:\/\/sipin.com.vn\/index.php\/product\/autonics-e40s6-1000-3-t-24\/\" \/>\n<meta property=\"og:site_name\" content=\"OMANI VI\u1ec6T NAM\" \/>\n<meta property=\"article:modified_time\" content=\"2024-08-17T22:58:38+00:00\" \/>\n<meta property=\"og:image\" content=\"https:\/\/sipin.com.vn\/wp-content\/uploads\/2024\/08\/E40S6-1000-3-T-24.png\" \/>\n\t<meta property=\"og:image:width\" content=\"496\" \/>\n\t<meta property=\"og:image:height\" content=\"568\" \/>\n\t<meta property=\"og:image:type\" content=\"image\/png\" \/>\n<meta name=\"twitter:card\" content=\"summary_large_image\" \/>\n<meta name=\"twitter:label1\" content=\"\u01af\u1edbc t\u00ednh th\u1eddi gian \u0111\u1ecdc\" \/>\n\t<meta name=\"twitter:data1\" content=\"4 ph\u00fat\" \/>\n<script type=\"application\/ld+json\" class=\"yoast-schema-graph\">{\"@context\":\"https:\/\/schema.org\",\"@graph\":[{\"@type\":\"WebPage\",\"@id\":\"https:\/\/sipin.com.vn\/index.php\/product\/autonics-e40s6-1000-3-t-24\/\",\"url\":\"https:\/\/sipin.com.vn\/index.php\/product\/autonics-e40s6-1000-3-t-24\/\",\"name\":\"AUTONICS E40S6-1000-3-T-24 - OMANI VI\u1ec6T NAM\",\"isPartOf\":{\"@id\":\"https:\/\/sipin.com.vn\/#website\"},\"primaryImageOfPage\":{\"@id\":\"https:\/\/sipin.com.vn\/index.php\/product\/autonics-e40s6-1000-3-t-24\/#primaryimage\"},\"image\":{\"@id\":\"https:\/\/sipin.com.vn\/index.php\/product\/autonics-e40s6-1000-3-t-24\/#primaryimage\"},\"thumbnailUrl\":\"https:\/\/sipin.com.vn\/wp-content\/uploads\/2024\/08\/E40S6-1000-3-T-24.png\",\"datePublished\":\"2024-08-17T22:57:09+00:00\",\"dateModified\":\"2024-08-17T22:58:38+00:00\",\"breadcrumb\":{\"@id\":\"https:\/\/sipin.com.vn\/index.php\/product\/autonics-e40s6-1000-3-t-24\/#breadcrumb\"},\"inLanguage\":\"vi\",\"potentialAction\":[{\"@type\":\"ReadAction\",\"target\":[\"https:\/\/sipin.com.vn\/index.php\/product\/autonics-e40s6-1000-3-t-24\/\"]}]},{\"@type\":\"ImageObject\",\"inLanguage\":\"vi\",\"@id\":\"https:\/\/sipin.com.vn\/index.php\/product\/autonics-e40s6-1000-3-t-24\/#primaryimage\",\"url\":\"https:\/\/sipin.com.vn\/wp-content\/uploads\/2024\/08\/E40S6-1000-3-T-24.png\",\"contentUrl\":\"https:\/\/sipin.com.vn\/wp-content\/uploads\/2024\/08\/E40S6-1000-3-T-24.png\",\"width\":496,\"height\":568},{\"@type\":\"BreadcrumbList\",\"@id\":\"https:\/\/sipin.com.vn\/index.php\/product\/autonics-e40s6-1000-3-t-24\/#breadcrumb\",\"itemListElement\":[{\"@type\":\"ListItem\",\"position\":1,\"name\":\"Home\",\"item\":\"https:\/\/sipin.com.vn\/\"},{\"@type\":\"ListItem\",\"position\":2,\"name\":\"S\u1ea2N PH\u1ea8M\",\"item\":\"https:\/\/sipin.com.vn\/index.php\/cua-hang\/\"},{\"@type\":\"ListItem\",\"position\":3,\"name\":\"AUTONICS E40S6-1000-3-T-24\"}]},{\"@type\":\"WebSite\",\"@id\":\"https:\/\/sipin.com.vn\/#website\",\"url\":\"https:\/\/sipin.com.vn\/\",\"name\":\"OMANI VI\u1ec6T NAM\",\"description\":\"Nh\u00e0 ph\u00e2n ph\u1ed1i thi\u1ebft b\u1ecb kh\u00ed n\u00e9n v\u00e0 thi\u1ebft b\u1ecb t\u1ef1 \u0111\u1ed9ng h\u00f3a trong c\u00f4ng nghi\u1ec7p\",\"publisher\":{\"@id\":\"https:\/\/sipin.com.vn\/#\/schema\/person\/0ad398a980dc3fd696111c2c5c8fa897\"},\"potentialAction\":[{\"@type\":\"SearchAction\",\"target\":{\"@type\":\"EntryPoint\",\"urlTemplate\":\"https:\/\/sipin.com.vn\/?s={search_term_string}\"},\"query-input\":\"required name=search_term_string\"}],\"inLanguage\":\"vi\"},{\"@type\":[\"Person\",\"Organization\"],\"@id\":\"https:\/\/sipin.com.vn\/#\/schema\/person\/0ad398a980dc3fd696111c2c5c8fa897\",\"name\":\"Nguy\u1ec5n V\u0103n Kh\u00e1nh\",\"image\":{\"@type\":\"ImageObject\",\"inLanguage\":\"vi\",\"@id\":\"https:\/\/sipin.com.vn\/#\/schema\/person\/image\/\",\"url\":\"https:\/\/sipin.com.vn\/wp-content\/uploads\/2024\/06\/logo-1024x1024.png\",\"contentUrl\":\"https:\/\/sipin.com.vn\/wp-content\/uploads\/2024\/06\/logo-1024x1024.png\",\"width\":1024,\"height\":1024,\"caption\":\"Nguy\u1ec5n V\u0103n Kh\u00e1nh\"},\"logo\":{\"@id\":\"https:\/\/sipin.com.vn\/#\/schema\/person\/image\/\"},\"sameAs\":[\"https:\/\/sipin.com.vn\"]}]}<\/script>\n<!-- \/ Yoast SEO plugin. -->","yoast_head_json":{"title":"AUTONICS E40S6-1000-3-T-24 - OMANI VI\u1ec6T NAM","robots":{"index":"index","follow":"follow","max-snippet":"max-snippet:-1","max-image-preview":"max-image-preview:large","max-video-preview":"max-video-preview:-1"},"canonical":"https:\/\/sipin.com.vn\/index.php\/product\/autonics-e40s6-1000-3-t-24\/","og_locale":"vi_VN","og_type":"article","og_title":"AUTONICS E40S6-1000-3-T-24 - OMANI VI\u1ec6T NAM","og_description":"AUTONICS E40S6-1000-3-T-24 \u0110\u01b0\u1eddng k\u00ednh ngo\u00e0i tr\u1ee5c : \u00d86mm T\u1ea7n s\u1ed1 \u0111\u00e1p \u1ee9ng t\u1ed1i \u0111a : 300kHz \u0110\u1ed9 ph\u00e2n gi\u1ea3i cho ph\u00e9p t\u1ed1i \u0111a : 5000rpm M\u00f4-men kh\u1edfi \u0111\u1ed9ng : Max. 40gf.cm(max. 0.00392N.m) \u0110\u1ed9 ph\u00e2n gi\u1ea3i : 1000P\/R Ng\u00f5 ra \u0111i\u1ec1u khi\u1ec3n : Totem pole Ngu\u1ed3n c\u1ea5p : 12-24VDC \u00b15%(s\u00f3ng P-P:&hellip;","og_url":"https:\/\/sipin.com.vn\/index.php\/product\/autonics-e40s6-1000-3-t-24\/","og_site_name":"OMANI VI\u1ec6T NAM","article_modified_time":"2024-08-17T22:58:38+00:00","og_image":[{"width":496,"height":568,"url":"https:\/\/sipin.com.vn\/wp-content\/uploads\/2024\/08\/E40S6-1000-3-T-24.png","type":"image\/png"}],"twitter_card":"summary_large_image","twitter_misc":{"\u01af\u1edbc t\u00ednh th\u1eddi gian \u0111\u1ecdc":"4 ph\u00fat"},"schema":{"@context":"https:\/\/schema.org","@graph":[{"@type":"WebPage","@id":"https:\/\/sipin.com.vn\/index.php\/product\/autonics-e40s6-1000-3-t-24\/","url":"https:\/\/sipin.com.vn\/index.php\/product\/autonics-e40s6-1000-3-t-24\/","name":"AUTONICS E40S6-1000-3-T-24 - OMANI VI\u1ec6T NAM","isPartOf":{"@id":"https:\/\/sipin.com.vn\/#website"},"primaryImageOfPage":{"@id":"https:\/\/sipin.com.vn\/index.php\/product\/autonics-e40s6-1000-3-t-24\/#primaryimage"},"image":{"@id":"https:\/\/sipin.com.vn\/index.php\/product\/autonics-e40s6-1000-3-t-24\/#primaryimage"},"thumbnailUrl":"https:\/\/sipin.com.vn\/wp-content\/uploads\/2024\/08\/E40S6-1000-3-T-24.png","datePublished":"2024-08-17T22:57:09+00:00","dateModified":"2024-08-17T22:58:38+00:00","breadcrumb":{"@id":"https:\/\/sipin.com.vn\/index.php\/product\/autonics-e40s6-1000-3-t-24\/#breadcrumb"},"inLanguage":"vi","potentialAction":[{"@type":"ReadAction","target":["https:\/\/sipin.com.vn\/index.php\/product\/autonics-e40s6-1000-3-t-24\/"]}]},{"@type":"ImageObject","inLanguage":"vi","@id":"https:\/\/sipin.com.vn\/index.php\/product\/autonics-e40s6-1000-3-t-24\/#primaryimage","url":"https:\/\/sipin.com.vn\/wp-content\/uploads\/2024\/08\/E40S6-1000-3-T-24.png","contentUrl":"https:\/\/sipin.com.vn\/wp-content\/uploads\/2024\/08\/E40S6-1000-3-T-24.png","width":496,"height":568},{"@type":"BreadcrumbList","@id":"https:\/\/sipin.com.vn\/index.php\/product\/autonics-e40s6-1000-3-t-24\/#breadcrumb","itemListElement":[{"@type":"ListItem","position":1,"name":"Home","item":"https:\/\/sipin.com.vn\/"},{"@type":"ListItem","position":2,"name":"S\u1ea2N PH\u1ea8M","item":"https:\/\/sipin.com.vn\/index.php\/cua-hang\/"},{"@type":"ListItem","position":3,"name":"AUTONICS E40S6-1000-3-T-24"}]},{"@type":"WebSite","@id":"https:\/\/sipin.com.vn\/#website","url":"https:\/\/sipin.com.vn\/","name":"OMANI VI\u1ec6T NAM","description":"Nh\u00e0 ph\u00e2n ph\u1ed1i thi\u1ebft b\u1ecb kh\u00ed n\u00e9n v\u00e0 thi\u1ebft b\u1ecb t\u1ef1 \u0111\u1ed9ng h\u00f3a trong c\u00f4ng nghi\u1ec7p","publisher":{"@id":"https:\/\/sipin.com.vn\/#\/schema\/person\/0ad398a980dc3fd696111c2c5c8fa897"},"potentialAction":[{"@type":"SearchAction","target":{"@type":"EntryPoint","urlTemplate":"https:\/\/sipin.com.vn\/?s={search_term_string}"},"query-input":"required name=search_term_string"}],"inLanguage":"vi"},{"@type":["Person","Organization"],"@id":"https:\/\/sipin.com.vn\/#\/schema\/person\/0ad398a980dc3fd696111c2c5c8fa897","name":"Nguy\u1ec5n V\u0103n Kh\u00e1nh","image":{"@type":"ImageObject","inLanguage":"vi","@id":"https:\/\/sipin.com.vn\/#\/schema\/person\/image\/","url":"https:\/\/sipin.com.vn\/wp-content\/uploads\/2024\/06\/logo-1024x1024.png","contentUrl":"https:\/\/sipin.com.vn\/wp-content\/uploads\/2024\/06\/logo-1024x1024.png","width":1024,"height":1024,"caption":"Nguy\u1ec5n V\u0103n Kh\u00e1nh"},"logo":{"@id":"https:\/\/sipin.com.vn\/#\/schema\/person\/image\/"},"sameAs":["https:\/\/sipin.com.vn"]}]}},"_links":{"self":[{"href":"https:\/\/sipin.com.vn\/index.php\/wp-json\/wp\/v2\/product\/1481","targetHints":{"allow":["GET"]}}],"collection":[{"href":"https:\/\/sipin.com.vn\/index.php\/wp-json\/wp\/v2\/product"}],"about":[{"href":"https:\/\/sipin.com.vn\/index.php\/wp-json\/wp\/v2\/types\/product"}],"replies":[{"embeddable":true,"href":"https:\/\/sipin.com.vn\/index.php\/wp-json\/wp\/v2\/comments?post=1481"}],"wp:featuredmedia":[{"embeddable":true,"href":"https:\/\/sipin.com.vn\/index.php\/wp-json\/wp\/v2\/media\/1482"}],"wp:attachment":[{"href":"https:\/\/sipin.com.vn\/index.php\/wp-json\/wp\/v2\/media?parent=1481"}],"wp:term":[{"taxonomy":"product_cat","embeddable":true,"href":"https:\/\/sipin.com.vn\/index.php\/wp-json\/wp\/v2\/product_cat?post=1481"},{"taxonomy":"product_tag","embeddable":true,"href":"https:\/\/sipin.com.vn\/index.php\/wp-json\/wp\/v2\/product_tag?post=1481"}],"curies":[{"name":"wp","href":"https:\/\/api.w.org\/{rel}","templated":true}]}}