{"id":1453,"date":"2024-08-16T05:49:03","date_gmt":"2024-08-15T22:49:03","guid":{"rendered":"https:\/\/omanivietnam.com\/?post_type=product&#038;p=1453"},"modified":"2025-03-25T20:51:06","modified_gmt":"2025-03-25T13:51:06","slug":"clarke-00c04521","status":"publish","type":"product","link":"https:\/\/sipin.com.vn\/index.php\/product\/clarke-00c04521\/","title":{"rendered":"CLARKE 00C04521"},"content":{"rendered":"<p>CLARKE 00C04521<\/p>\n<div class=\"title\">\n<p>Technical information<\/p>\n<\/div>\n<div class=\"table-wrapper\">\n<table class=\"table border-0 table-striped\">\n<tbody>\n<tr>\n<th scope=\"row\">Manufacturer<\/th>\n<td>Clarke<\/td>\n<\/tr>\n<tr>\n<th scope=\"row\">Part number<\/th>\n<td>00C04521<\/td>\n<\/tr>\n<tr>\n<th scope=\"row\">Inner Code<\/th>\n<td>4629258<\/td>\n<\/tr>\n<tr>\n<th scope=\"row\">Description<\/th>\n<td>Filter<\/td>\n<\/tr>\n<tr>\n<th scope=\"row\">Technical specification<\/th>\n<td>FILTER, 0IL &#8211; JU4H &amp; JU6H-LP<\/td>\n<\/tr>\n<\/tbody>\n<\/table>\n<\/div>\n<p>CLARKE FIRE Stock List<\/p>\n<p>Part No : C02776<br \/>\nPart No : C03660<br \/>\nPart No : C051545<br \/>\nPart No : OC051128<br \/>\nPart No : 00003749<br \/>\nPart No : 00C02350<br \/>\nPart No : 00C02356<br \/>\nPart No : 00C02359<br \/>\nPart No : 00C02370<br \/>\nPart No : 00C02550<br \/>\nPart No : 00C02571<br \/>\nPart No : 00C02619<br \/>\nPart No : 00C02620<\/p>\n<p>Part No : 00C02621<br \/>\nPart No : 00C02622<br \/>\nPart No : 00C02627<br \/>\nPart No : 00C02713<br \/>\nPart No : 00C02736<br \/>\nPart No : 00C02773<br \/>\nPart No : 00C02775<br \/>\nPart No : 00C02776<br \/>\nPart No : 00C02881<br \/>\nPart No : 00C02882<br \/>\nPart No : 00C02883<br \/>\nPart No : 00C03244<br \/>\nPart No : 00C03396<\/p>\n<p>\u0110\u1ea1i l\u00fd CLARKE vietnam, CLARKE viet nam, CLARKE vietnam distributor, Ph\u00e2n ph\u1ed1i CLARKE t\u1ea1i vi\u1ec7t nam<\/p>\n<p>\u0110\u1ea1i l\u00fd CLARKE vietnam, CLARKE viet nam, CLARKE vietnam distributor, Ph\u00e2n ph\u1ed1i CLARKE t\u1ea1i vi\u1ec7t nam<\/p>\n<p>\u0110\u1ea1i l\u00fd CLARKE vietnam, CLARKE viet nam, CLARKE vietnam distributor, Ph\u00e2n ph\u1ed1i CLARKE t\u1ea1i vi\u1ec7t nam<\/p>\n<p>\u0110\u1ea1i l\u00fd CLARKE vietnam, CLARKE viet nam, CLARKE vietnam distributor, Ph\u00e2n ph\u1ed1i CLARKE t\u1ea1i vi\u1ec7t nam<\/p>\n<p>\u0110\u1ea1i l\u00fd CLARKE vietnam, CLARKE viet nam, CLARKE vietnam distributor, Ph\u00e2n ph\u1ed1i CLARKE t\u1ea1i vi\u1ec7t nam<\/p>\n","protected":false},"excerpt":{"rendered":"<p>CLARKE 00C04521 Technical information Manufacturer Clarke Part number 00C04521 Inner Code 4629258 Description Filter Technical specification FILTER, 0IL &#8211; JU4H &amp; JU6H-LP CLARKE FIRE Stock List Part No : C02776 Part No : C03660 Part No : C051545 Part No : OC051128 Part No : 00003749 Part No : 00C02350&hellip; <\/p>\n","protected":false},"featured_media":1454,"comment_status":"open","ping_status":"closed","template":"","meta":{"om_disable_all_campaigns":false,"_monsterinsights_skip_tracking":false,"_monsterinsights_sitenote_active":false,"_monsterinsights_sitenote_note":"","_monsterinsights_sitenote_category":0},"product_cat":[15],"product_tag":[386,387,350],"class_list":{"0":"post-1453","1":"product","2":"type-product","3":"status-publish","4":"has-post-thumbnail","6":"product_cat-apex","7":"product_tag-clarke-viet-nam","8":"product_tag-dai-ly-clarke-viet-nam","9":"product_tag-thiet-bi-loc-khi","11":"first","12":"instock","13":"shipping-taxable","14":"product-type-simple"},"aioseo_notices":[],"yoast_head":"<!-- This site is optimized with the Yoast SEO plugin v22.8 - https:\/\/yoast.com\/wordpress\/plugins\/seo\/ -->\n<title>CLARKE 00C04521 - OMANI VI\u1ec6T NAM<\/title>\n<meta name=\"description\" content=\"CLARKE 00C04521 Oil filter\" \/>\n<meta name=\"robots\" content=\"index, follow, max-snippet:-1, max-image-preview:large, max-video-preview:-1\" \/>\n<link rel=\"canonical\" href=\"https:\/\/sipin.com.vn\/index.php\/product\/clarke-00c04521\/\" \/>\n<meta property=\"og:locale\" content=\"vi_VN\" \/>\n<meta property=\"og:type\" content=\"article\" \/>\n<meta property=\"og:title\" content=\"CLARKE 00C04521 - OMANI VI\u1ec6T NAM\" \/>\n<meta property=\"og:description\" content=\"CLARKE 00C04521 Oil filter\" \/>\n<meta property=\"og:url\" content=\"https:\/\/sipin.com.vn\/index.php\/product\/clarke-00c04521\/\" \/>\n<meta property=\"og:site_name\" content=\"OMANI VI\u1ec6T NAM\" \/>\n<meta property=\"article:modified_time\" content=\"2025-03-25T13:51:06+00:00\" \/>\n<meta property=\"og:image\" content=\"https:\/\/sipin.com.vn\/wp-content\/uploads\/2024\/08\/00C04521.png\" \/>\n\t<meta property=\"og:image:width\" content=\"775\" \/>\n\t<meta property=\"og:image:height\" content=\"879\" \/>\n\t<meta property=\"og:image:type\" content=\"image\/png\" \/>\n<meta name=\"twitter:card\" content=\"summary_large_image\" \/>\n<meta name=\"twitter:label1\" content=\"\u01af\u1edbc t\u00ednh th\u1eddi gian \u0111\u1ecdc\" \/>\n\t<meta name=\"twitter:data1\" content=\"2 ph\u00fat\" \/>\n<script type=\"application\/ld+json\" class=\"yoast-schema-graph\">{\"@context\":\"https:\/\/schema.org\",\"@graph\":[{\"@type\":\"WebPage\",\"@id\":\"https:\/\/sipin.com.vn\/index.php\/product\/clarke-00c04521\/\",\"url\":\"https:\/\/sipin.com.vn\/index.php\/product\/clarke-00c04521\/\",\"name\":\"CLARKE 00C04521 - OMANI VI\u1ec6T NAM\",\"isPartOf\":{\"@id\":\"https:\/\/sipin.com.vn\/#website\"},\"primaryImageOfPage\":{\"@id\":\"https:\/\/sipin.com.vn\/index.php\/product\/clarke-00c04521\/#primaryimage\"},\"image\":{\"@id\":\"https:\/\/sipin.com.vn\/index.php\/product\/clarke-00c04521\/#primaryimage\"},\"thumbnailUrl\":\"https:\/\/sipin.com.vn\/wp-content\/uploads\/2024\/08\/00C04521.png\",\"datePublished\":\"2024-08-15T22:49:03+00:00\",\"dateModified\":\"2025-03-25T13:51:06+00:00\",\"description\":\"CLARKE 00C04521 Oil filter\",\"breadcrumb\":{\"@id\":\"https:\/\/sipin.com.vn\/index.php\/product\/clarke-00c04521\/#breadcrumb\"},\"inLanguage\":\"vi\",\"potentialAction\":[{\"@type\":\"ReadAction\",\"target\":[\"https:\/\/sipin.com.vn\/index.php\/product\/clarke-00c04521\/\"]}]},{\"@type\":\"ImageObject\",\"inLanguage\":\"vi\",\"@id\":\"https:\/\/sipin.com.vn\/index.php\/product\/clarke-00c04521\/#primaryimage\",\"url\":\"https:\/\/sipin.com.vn\/wp-content\/uploads\/2024\/08\/00C04521.png\",\"contentUrl\":\"https:\/\/sipin.com.vn\/wp-content\/uploads\/2024\/08\/00C04521.png\",\"width\":775,\"height\":879},{\"@type\":\"BreadcrumbList\",\"@id\":\"https:\/\/sipin.com.vn\/index.php\/product\/clarke-00c04521\/#breadcrumb\",\"itemListElement\":[{\"@type\":\"ListItem\",\"position\":1,\"name\":\"Home\",\"item\":\"https:\/\/sipin.com.vn\/\"},{\"@type\":\"ListItem\",\"position\":2,\"name\":\"S\u1ea2N PH\u1ea8M\",\"item\":\"https:\/\/sipin.com.vn\/index.php\/cua-hang\/\"},{\"@type\":\"ListItem\",\"position\":3,\"name\":\"CLARKE 00C04521\"}]},{\"@type\":\"WebSite\",\"@id\":\"https:\/\/sipin.com.vn\/#website\",\"url\":\"https:\/\/sipin.com.vn\/\",\"name\":\"OMANI VI\u1ec6T NAM\",\"description\":\"Nh\u00e0 ph\u00e2n ph\u1ed1i thi\u1ebft b\u1ecb kh\u00ed n\u00e9n v\u00e0 thi\u1ebft b\u1ecb t\u1ef1 \u0111\u1ed9ng h\u00f3a trong c\u00f4ng nghi\u1ec7p\",\"publisher\":{\"@id\":\"https:\/\/sipin.com.vn\/#\/schema\/person\/0ad398a980dc3fd696111c2c5c8fa897\"},\"potentialAction\":[{\"@type\":\"SearchAction\",\"target\":{\"@type\":\"EntryPoint\",\"urlTemplate\":\"https:\/\/sipin.com.vn\/?s={search_term_string}\"},\"query-input\":\"required name=search_term_string\"}],\"inLanguage\":\"vi\"},{\"@type\":[\"Person\",\"Organization\"],\"@id\":\"https:\/\/sipin.com.vn\/#\/schema\/person\/0ad398a980dc3fd696111c2c5c8fa897\",\"name\":\"Nguy\u1ec5n V\u0103n Kh\u00e1nh\",\"image\":{\"@type\":\"ImageObject\",\"inLanguage\":\"vi\",\"@id\":\"https:\/\/sipin.com.vn\/#\/schema\/person\/image\/\",\"url\":\"https:\/\/sipin.com.vn\/wp-content\/uploads\/2024\/06\/logo-1024x1024.png\",\"contentUrl\":\"https:\/\/sipin.com.vn\/wp-content\/uploads\/2024\/06\/logo-1024x1024.png\",\"width\":1024,\"height\":1024,\"caption\":\"Nguy\u1ec5n V\u0103n Kh\u00e1nh\"},\"logo\":{\"@id\":\"https:\/\/sipin.com.vn\/#\/schema\/person\/image\/\"},\"sameAs\":[\"https:\/\/sipin.com.vn\"]}]}<\/script>\n<!-- \/ Yoast SEO plugin. -->","yoast_head_json":{"title":"CLARKE 00C04521 - OMANI VI\u1ec6T NAM","description":"CLARKE 00C04521 Oil filter","robots":{"index":"index","follow":"follow","max-snippet":"max-snippet:-1","max-image-preview":"max-image-preview:large","max-video-preview":"max-video-preview:-1"},"canonical":"https:\/\/sipin.com.vn\/index.php\/product\/clarke-00c04521\/","og_locale":"vi_VN","og_type":"article","og_title":"CLARKE 00C04521 - OMANI VI\u1ec6T NAM","og_description":"CLARKE 00C04521 Oil filter","og_url":"https:\/\/sipin.com.vn\/index.php\/product\/clarke-00c04521\/","og_site_name":"OMANI VI\u1ec6T NAM","article_modified_time":"2025-03-25T13:51:06+00:00","og_image":[{"width":775,"height":879,"url":"https:\/\/sipin.com.vn\/wp-content\/uploads\/2024\/08\/00C04521.png","type":"image\/png"}],"twitter_card":"summary_large_image","twitter_misc":{"\u01af\u1edbc t\u00ednh th\u1eddi gian \u0111\u1ecdc":"2 ph\u00fat"},"schema":{"@context":"https:\/\/schema.org","@graph":[{"@type":"WebPage","@id":"https:\/\/sipin.com.vn\/index.php\/product\/clarke-00c04521\/","url":"https:\/\/sipin.com.vn\/index.php\/product\/clarke-00c04521\/","name":"CLARKE 00C04521 - OMANI VI\u1ec6T NAM","isPartOf":{"@id":"https:\/\/sipin.com.vn\/#website"},"primaryImageOfPage":{"@id":"https:\/\/sipin.com.vn\/index.php\/product\/clarke-00c04521\/#primaryimage"},"image":{"@id":"https:\/\/sipin.com.vn\/index.php\/product\/clarke-00c04521\/#primaryimage"},"thumbnailUrl":"https:\/\/sipin.com.vn\/wp-content\/uploads\/2024\/08\/00C04521.png","datePublished":"2024-08-15T22:49:03+00:00","dateModified":"2025-03-25T13:51:06+00:00","description":"CLARKE 00C04521 Oil filter","breadcrumb":{"@id":"https:\/\/sipin.com.vn\/index.php\/product\/clarke-00c04521\/#breadcrumb"},"inLanguage":"vi","potentialAction":[{"@type":"ReadAction","target":["https:\/\/sipin.com.vn\/index.php\/product\/clarke-00c04521\/"]}]},{"@type":"ImageObject","inLanguage":"vi","@id":"https:\/\/sipin.com.vn\/index.php\/product\/clarke-00c04521\/#primaryimage","url":"https:\/\/sipin.com.vn\/wp-content\/uploads\/2024\/08\/00C04521.png","contentUrl":"https:\/\/sipin.com.vn\/wp-content\/uploads\/2024\/08\/00C04521.png","width":775,"height":879},{"@type":"BreadcrumbList","@id":"https:\/\/sipin.com.vn\/index.php\/product\/clarke-00c04521\/#breadcrumb","itemListElement":[{"@type":"ListItem","position":1,"name":"Home","item":"https:\/\/sipin.com.vn\/"},{"@type":"ListItem","position":2,"name":"S\u1ea2N PH\u1ea8M","item":"https:\/\/sipin.com.vn\/index.php\/cua-hang\/"},{"@type":"ListItem","position":3,"name":"CLARKE 00C04521"}]},{"@type":"WebSite","@id":"https:\/\/sipin.com.vn\/#website","url":"https:\/\/sipin.com.vn\/","name":"OMANI VI\u1ec6T NAM","description":"Nh\u00e0 ph\u00e2n ph\u1ed1i thi\u1ebft b\u1ecb kh\u00ed n\u00e9n v\u00e0 thi\u1ebft b\u1ecb t\u1ef1 \u0111\u1ed9ng h\u00f3a trong c\u00f4ng nghi\u1ec7p","publisher":{"@id":"https:\/\/sipin.com.vn\/#\/schema\/person\/0ad398a980dc3fd696111c2c5c8fa897"},"potentialAction":[{"@type":"SearchAction","target":{"@type":"EntryPoint","urlTemplate":"https:\/\/sipin.com.vn\/?s={search_term_string}"},"query-input":"required name=search_term_string"}],"inLanguage":"vi"},{"@type":["Person","Organization"],"@id":"https:\/\/sipin.com.vn\/#\/schema\/person\/0ad398a980dc3fd696111c2c5c8fa897","name":"Nguy\u1ec5n V\u0103n Kh\u00e1nh","image":{"@type":"ImageObject","inLanguage":"vi","@id":"https:\/\/sipin.com.vn\/#\/schema\/person\/image\/","url":"https:\/\/sipin.com.vn\/wp-content\/uploads\/2024\/06\/logo-1024x1024.png","contentUrl":"https:\/\/sipin.com.vn\/wp-content\/uploads\/2024\/06\/logo-1024x1024.png","width":1024,"height":1024,"caption":"Nguy\u1ec5n V\u0103n Kh\u00e1nh"},"logo":{"@id":"https:\/\/sipin.com.vn\/#\/schema\/person\/image\/"},"sameAs":["https:\/\/sipin.com.vn"]}]}},"_links":{"self":[{"href":"https:\/\/sipin.com.vn\/index.php\/wp-json\/wp\/v2\/product\/1453","targetHints":{"allow":["GET"]}}],"collection":[{"href":"https:\/\/sipin.com.vn\/index.php\/wp-json\/wp\/v2\/product"}],"about":[{"href":"https:\/\/sipin.com.vn\/index.php\/wp-json\/wp\/v2\/types\/product"}],"replies":[{"embeddable":true,"href":"https:\/\/sipin.com.vn\/index.php\/wp-json\/wp\/v2\/comments?post=1453"}],"wp:featuredmedia":[{"embeddable":true,"href":"https:\/\/sipin.com.vn\/index.php\/wp-json\/wp\/v2\/media\/1454"}],"wp:attachment":[{"href":"https:\/\/sipin.com.vn\/index.php\/wp-json\/wp\/v2\/media?parent=1453"}],"wp:term":[{"taxonomy":"product_cat","embeddable":true,"href":"https:\/\/sipin.com.vn\/index.php\/wp-json\/wp\/v2\/product_cat?post=1453"},{"taxonomy":"product_tag","embeddable":true,"href":"https:\/\/sipin.com.vn\/index.php\/wp-json\/wp\/v2\/product_tag?post=1453"}],"curies":[{"name":"wp","href":"https:\/\/api.w.org\/{rel}","templated":true}]}}