{"id":1410,"date":"2024-08-11T09:02:18","date_gmt":"2024-08-11T02:02:18","guid":{"rendered":"https:\/\/omanivietnam.com\/?post_type=product&#038;p=1410"},"modified":"2024-08-11T09:02:18","modified_gmt":"2024-08-11T02:02:18","slug":"sick-wt150-p460","status":"publish","type":"product","link":"https:\/\/sipin.com.vn\/index.php\/product\/sick-wt150-p460\/","title":{"rendered":"SICK WT150-P460"},"content":{"rendered":"<p>SICK WT150-P460<\/p>\n<p>C\u1ea3m bi\u1ebfn quang \u0111i\u1ec7n\u00a0100mm PNP<br \/>\nModel: WT150-P460<br \/>\nH\u00e3ng s\u1ea3n xu\u1ea5t: Sick<br \/>\nT\u00edn hi\u1ec7u ra: PNP<br \/>\nCh\u1ebf \u0111\u1ed9 ho\u1ea1t \u0111\u1ed9ng: Light-ON, Dark-ON, c\u00f3 th\u1ec3 chuy\u1ec3n \u0111\u1ed5i th\u00f4ng qua c\u00e1p \u0111i\u1ec1u khi\u1ec3n L\/D<br \/>\nD\u00f2ng output: \u2264100mA<br \/>\nTh\u1eddi gian truy\u1ec1n t\u00edn hi\u1ec7u: \u22640.5ms<br \/>\nPh\u1ea1m vi c\u1ea3m bi\u1ebfn: 2~100mm<br \/>\nNgu\u1ed3n c\u1ea5p: 10-30VDC<br \/>\nG\u1ee3n pp: \u00b110%<br \/>\nT\u1ea7n s\u1ed1 chuy\u1ec3n \u0111\u1ed5i: 1000Hz<br \/>\nB\u1ea3o v\u1ec7 \u0111\u1ea3o c\u1ef1c, qu\u00e1 d\u00f2ng v\u00e0 ng\u1eafn m\u1ea1ch. Tri\u1ec7u ti\u00eau giao thoa<br \/>\nV\u1eadt li\u1ec7u v\u1ecf: nh\u1ef1a, ABS<br \/>\nV\u1eadt li\u1ec7u quang h\u1ecdc: nh\u1ef1a, PC<br \/>\nD\u00f2ng \u0111i\u1ec7n ti\u00eau th\u1ee5: 20mA (kh\u00f4ng t\u1ea3i)<br \/>\nNgu\u1ed3n s\u00e1ng: LED \u0111\u1ecf<br \/>\nG\u00f3c ph\u00e2n t\u00e1n: ~5\u00b0<br \/>\n\u0110i\u1ec1u ch\u1ec9nh chi\u1ebft \u00e1p: 5 turn<br \/>\n\u0110\u1ea7u n\u1ed1i: Male connector M8, 4 ch\u00e2n<br \/>\nC\u1ea5p \u0111\u1ed9 b\u1ea3o v\u1ec7: IP67<br \/>\nNhi\u1ec7t \u0111\u1ed9 ho\u1ea1t \u0111\u1ed9ng: -25 ~ +55\u00b0C<br \/>\nNhi\u1ec7t \u0111\u1ed9 b\u1ea3o qu\u1ea3n: -40 ~ +75\u00b0C<br \/>\nK\u00edch th\u01b0\u1edbc: 10x28x18mm<br \/>\nPh\u1ee5 ki\u1ec7n k\u00e8m theo: gi\u00e1 \u0111\u1ee1 BEF-W150-A<\/p>\n<p>C\u00e1c s\u1ea3n ph\u1ea9m t\u01b0\u01a1ng t\u1ef1:<\/p>\n<p>WT150-P132 6011042<br \/>\nWT150-P135 6011043<br \/>\nWT150-P162 6011048<br \/>\nWT150-P163S01 6011811<br \/>\nWT150-P165 6011049<br \/>\nWT150-P430 6011044<br \/>\nWT150-P460 6011050<br \/>\nWT150-P460S03 1022302<br \/>\nWT150-P460S05 6028040<\/p>\n<p>&nbsp;<\/p>\n<p>\u0110\u1ea1i l\u00fd SICK vietnam, SICK viet nam, SICK vietnam distributor, Ph\u00e2n ph\u1ed1i SICK t\u1ea1i vi\u1ec7t nam<\/p>\n<p>\u0110\u1ea1i l\u00fd SICK vietnam, SICK viet nam, SICK vietnam distributor, Ph\u00e2n ph\u1ed1i SICK t\u1ea1i vi\u1ec7t nam<\/p>\n<p>\u0110\u1ea1i l\u00fd SICK vietnam, SICK viet nam, SICK vietnam distributor, Ph\u00e2n ph\u1ed1i SICK t\u1ea1i vi\u1ec7t nam<\/p>\n<p>\u0110\u1ea1i l\u00fd SICK vietnam, SICK viet nam, SICK vietnam distributor, Ph\u00e2n ph\u1ed1i SICK t\u1ea1i vi\u1ec7t nam<\/p>\n<p>\u0110\u1ea1i l\u00fd SICK vietnam, SICK viet nam, SICK vietnam distributor, Ph\u00e2n ph\u1ed1i SICK t\u1ea1i vi\u1ec7t nam<\/p>\n<p>&nbsp;<\/p>\n","protected":false},"excerpt":{"rendered":"<p>SICK WT150-P460 C\u1ea3m bi\u1ebfn quang \u0111i\u1ec7n\u00a0100mm PNP Model: WT150-P460 H\u00e3ng s\u1ea3n xu\u1ea5t: Sick T\u00edn hi\u1ec7u ra: PNP Ch\u1ebf \u0111\u1ed9 ho\u1ea1t \u0111\u1ed9ng: Light-ON, Dark-ON, c\u00f3 th\u1ec3 chuy\u1ec3n \u0111\u1ed5i th\u00f4ng qua c\u00e1p \u0111i\u1ec1u khi\u1ec3n L\/D D\u00f2ng output: \u2264100mA Th\u1eddi gian truy\u1ec1n t\u00edn hi\u1ec7u: \u22640.5ms Ph\u1ea1m vi c\u1ea3m bi\u1ebfn: 2~100mm Ngu\u1ed3n c\u1ea5p: 10-30VDC&hellip; <\/p>\n","protected":false},"featured_media":1411,"comment_status":"open","ping_status":"closed","template":"","meta":{"om_disable_all_campaigns":false,"_monsterinsights_skip_tracking":false,"_monsterinsights_sitenote_active":false,"_monsterinsights_sitenote_note":"","_monsterinsights_sitenote_category":0},"product_cat":[15],"product_tag":[88,89,90],"class_list":{"0":"post-1410","1":"product","2":"type-product","3":"status-publish","4":"has-post-thumbnail","6":"product_cat-apex","7":"product_tag-cam-bien","8":"product_tag-dai-ly-sick-viet-nam","9":"product_tag-sick-viet-nam","11":"first","12":"instock","13":"shipping-taxable","14":"product-type-simple"},"aioseo_notices":[],"yoast_head":"<!-- This site is optimized with the Yoast SEO plugin v22.8 - https:\/\/yoast.com\/wordpress\/plugins\/seo\/ -->\n<title>SICK WT150-P460 - OMANI VI\u1ec6T NAM<\/title>\n<meta name=\"robots\" content=\"index, follow, max-snippet:-1, max-image-preview:large, max-video-preview:-1\" \/>\n<link rel=\"canonical\" href=\"https:\/\/sipin.com.vn\/index.php\/product\/sick-wt150-p460\/\" \/>\n<meta property=\"og:locale\" content=\"vi_VN\" \/>\n<meta property=\"og:type\" content=\"article\" \/>\n<meta property=\"og:title\" content=\"SICK WT150-P460 - OMANI VI\u1ec6T NAM\" \/>\n<meta property=\"og:description\" content=\"SICK WT150-P460 C\u1ea3m bi\u1ebfn quang \u0111i\u1ec7n\u00a0100mm PNP Model: WT150-P460 H\u00e3ng s\u1ea3n xu\u1ea5t: Sick T\u00edn hi\u1ec7u ra: PNP Ch\u1ebf \u0111\u1ed9 ho\u1ea1t \u0111\u1ed9ng: Light-ON, Dark-ON, c\u00f3 th\u1ec3 chuy\u1ec3n \u0111\u1ed5i th\u00f4ng qua c\u00e1p \u0111i\u1ec1u khi\u1ec3n L\/D D\u00f2ng output: \u2264100mA Th\u1eddi gian truy\u1ec1n t\u00edn hi\u1ec7u: \u22640.5ms Ph\u1ea1m vi c\u1ea3m bi\u1ebfn: 2~100mm Ngu\u1ed3n c\u1ea5p: 10-30VDC&hellip;\" \/>\n<meta property=\"og:url\" content=\"https:\/\/sipin.com.vn\/index.php\/product\/sick-wt150-p460\/\" \/>\n<meta property=\"og:site_name\" content=\"OMANI VI\u1ec6T NAM\" \/>\n<meta property=\"og:image\" content=\"https:\/\/sipin.com.vn\/wp-content\/uploads\/2024\/08\/WT150-P460.png\" \/>\n\t<meta property=\"og:image:width\" content=\"595\" \/>\n\t<meta property=\"og:image:height\" content=\"401\" \/>\n\t<meta property=\"og:image:type\" content=\"image\/png\" \/>\n<meta name=\"twitter:card\" content=\"summary_large_image\" \/>\n<meta name=\"twitter:label1\" content=\"\u01af\u1edbc t\u00ednh th\u1eddi gian \u0111\u1ecdc\" \/>\n\t<meta name=\"twitter:data1\" content=\"2 ph\u00fat\" \/>\n<script type=\"application\/ld+json\" class=\"yoast-schema-graph\">{\"@context\":\"https:\/\/schema.org\",\"@graph\":[{\"@type\":\"WebPage\",\"@id\":\"https:\/\/sipin.com.vn\/index.php\/product\/sick-wt150-p460\/\",\"url\":\"https:\/\/sipin.com.vn\/index.php\/product\/sick-wt150-p460\/\",\"name\":\"SICK WT150-P460 - OMANI VI\u1ec6T NAM\",\"isPartOf\":{\"@id\":\"https:\/\/sipin.com.vn\/#website\"},\"primaryImageOfPage\":{\"@id\":\"https:\/\/sipin.com.vn\/index.php\/product\/sick-wt150-p460\/#primaryimage\"},\"image\":{\"@id\":\"https:\/\/sipin.com.vn\/index.php\/product\/sick-wt150-p460\/#primaryimage\"},\"thumbnailUrl\":\"https:\/\/sipin.com.vn\/wp-content\/uploads\/2024\/08\/WT150-P460.png\",\"datePublished\":\"2024-08-11T02:02:18+00:00\",\"dateModified\":\"2024-08-11T02:02:18+00:00\",\"breadcrumb\":{\"@id\":\"https:\/\/sipin.com.vn\/index.php\/product\/sick-wt150-p460\/#breadcrumb\"},\"inLanguage\":\"vi\",\"potentialAction\":[{\"@type\":\"ReadAction\",\"target\":[\"https:\/\/sipin.com.vn\/index.php\/product\/sick-wt150-p460\/\"]}]},{\"@type\":\"ImageObject\",\"inLanguage\":\"vi\",\"@id\":\"https:\/\/sipin.com.vn\/index.php\/product\/sick-wt150-p460\/#primaryimage\",\"url\":\"https:\/\/sipin.com.vn\/wp-content\/uploads\/2024\/08\/WT150-P460.png\",\"contentUrl\":\"https:\/\/sipin.com.vn\/wp-content\/uploads\/2024\/08\/WT150-P460.png\",\"width\":595,\"height\":401},{\"@type\":\"BreadcrumbList\",\"@id\":\"https:\/\/sipin.com.vn\/index.php\/product\/sick-wt150-p460\/#breadcrumb\",\"itemListElement\":[{\"@type\":\"ListItem\",\"position\":1,\"name\":\"Home\",\"item\":\"https:\/\/sipin.com.vn\/\"},{\"@type\":\"ListItem\",\"position\":2,\"name\":\"S\u1ea2N PH\u1ea8M\",\"item\":\"https:\/\/sipin.com.vn\/index.php\/cua-hang\/\"},{\"@type\":\"ListItem\",\"position\":3,\"name\":\"SICK WT150-P460\"}]},{\"@type\":\"WebSite\",\"@id\":\"https:\/\/sipin.com.vn\/#website\",\"url\":\"https:\/\/sipin.com.vn\/\",\"name\":\"OMANI VI\u1ec6T NAM\",\"description\":\"Nh\u00e0 ph\u00e2n ph\u1ed1i thi\u1ebft b\u1ecb kh\u00ed n\u00e9n v\u00e0 thi\u1ebft b\u1ecb t\u1ef1 \u0111\u1ed9ng h\u00f3a trong c\u00f4ng nghi\u1ec7p\",\"publisher\":{\"@id\":\"https:\/\/sipin.com.vn\/#\/schema\/person\/0ad398a980dc3fd696111c2c5c8fa897\"},\"potentialAction\":[{\"@type\":\"SearchAction\",\"target\":{\"@type\":\"EntryPoint\",\"urlTemplate\":\"https:\/\/sipin.com.vn\/?s={search_term_string}\"},\"query-input\":\"required name=search_term_string\"}],\"inLanguage\":\"vi\"},{\"@type\":[\"Person\",\"Organization\"],\"@id\":\"https:\/\/sipin.com.vn\/#\/schema\/person\/0ad398a980dc3fd696111c2c5c8fa897\",\"name\":\"Nguy\u1ec5n V\u0103n Kh\u00e1nh\",\"image\":{\"@type\":\"ImageObject\",\"inLanguage\":\"vi\",\"@id\":\"https:\/\/sipin.com.vn\/#\/schema\/person\/image\/\",\"url\":\"https:\/\/sipin.com.vn\/wp-content\/uploads\/2024\/06\/logo-1024x1024.png\",\"contentUrl\":\"https:\/\/sipin.com.vn\/wp-content\/uploads\/2024\/06\/logo-1024x1024.png\",\"width\":1024,\"height\":1024,\"caption\":\"Nguy\u1ec5n V\u0103n Kh\u00e1nh\"},\"logo\":{\"@id\":\"https:\/\/sipin.com.vn\/#\/schema\/person\/image\/\"},\"sameAs\":[\"https:\/\/sipin.com.vn\"]}]}<\/script>\n<!-- \/ Yoast SEO plugin. -->","yoast_head_json":{"title":"SICK WT150-P460 - OMANI VI\u1ec6T NAM","robots":{"index":"index","follow":"follow","max-snippet":"max-snippet:-1","max-image-preview":"max-image-preview:large","max-video-preview":"max-video-preview:-1"},"canonical":"https:\/\/sipin.com.vn\/index.php\/product\/sick-wt150-p460\/","og_locale":"vi_VN","og_type":"article","og_title":"SICK WT150-P460 - OMANI VI\u1ec6T NAM","og_description":"SICK WT150-P460 C\u1ea3m bi\u1ebfn quang \u0111i\u1ec7n\u00a0100mm PNP Model: WT150-P460 H\u00e3ng s\u1ea3n xu\u1ea5t: Sick T\u00edn hi\u1ec7u ra: PNP Ch\u1ebf \u0111\u1ed9 ho\u1ea1t \u0111\u1ed9ng: Light-ON, Dark-ON, c\u00f3 th\u1ec3 chuy\u1ec3n \u0111\u1ed5i th\u00f4ng qua c\u00e1p \u0111i\u1ec1u khi\u1ec3n L\/D D\u00f2ng output: \u2264100mA Th\u1eddi gian truy\u1ec1n t\u00edn hi\u1ec7u: \u22640.5ms Ph\u1ea1m vi c\u1ea3m bi\u1ebfn: 2~100mm Ngu\u1ed3n c\u1ea5p: 10-30VDC&hellip;","og_url":"https:\/\/sipin.com.vn\/index.php\/product\/sick-wt150-p460\/","og_site_name":"OMANI VI\u1ec6T NAM","og_image":[{"width":595,"height":401,"url":"https:\/\/sipin.com.vn\/wp-content\/uploads\/2024\/08\/WT150-P460.png","type":"image\/png"}],"twitter_card":"summary_large_image","twitter_misc":{"\u01af\u1edbc t\u00ednh th\u1eddi gian \u0111\u1ecdc":"2 ph\u00fat"},"schema":{"@context":"https:\/\/schema.org","@graph":[{"@type":"WebPage","@id":"https:\/\/sipin.com.vn\/index.php\/product\/sick-wt150-p460\/","url":"https:\/\/sipin.com.vn\/index.php\/product\/sick-wt150-p460\/","name":"SICK WT150-P460 - OMANI VI\u1ec6T NAM","isPartOf":{"@id":"https:\/\/sipin.com.vn\/#website"},"primaryImageOfPage":{"@id":"https:\/\/sipin.com.vn\/index.php\/product\/sick-wt150-p460\/#primaryimage"},"image":{"@id":"https:\/\/sipin.com.vn\/index.php\/product\/sick-wt150-p460\/#primaryimage"},"thumbnailUrl":"https:\/\/sipin.com.vn\/wp-content\/uploads\/2024\/08\/WT150-P460.png","datePublished":"2024-08-11T02:02:18+00:00","dateModified":"2024-08-11T02:02:18+00:00","breadcrumb":{"@id":"https:\/\/sipin.com.vn\/index.php\/product\/sick-wt150-p460\/#breadcrumb"},"inLanguage":"vi","potentialAction":[{"@type":"ReadAction","target":["https:\/\/sipin.com.vn\/index.php\/product\/sick-wt150-p460\/"]}]},{"@type":"ImageObject","inLanguage":"vi","@id":"https:\/\/sipin.com.vn\/index.php\/product\/sick-wt150-p460\/#primaryimage","url":"https:\/\/sipin.com.vn\/wp-content\/uploads\/2024\/08\/WT150-P460.png","contentUrl":"https:\/\/sipin.com.vn\/wp-content\/uploads\/2024\/08\/WT150-P460.png","width":595,"height":401},{"@type":"BreadcrumbList","@id":"https:\/\/sipin.com.vn\/index.php\/product\/sick-wt150-p460\/#breadcrumb","itemListElement":[{"@type":"ListItem","position":1,"name":"Home","item":"https:\/\/sipin.com.vn\/"},{"@type":"ListItem","position":2,"name":"S\u1ea2N PH\u1ea8M","item":"https:\/\/sipin.com.vn\/index.php\/cua-hang\/"},{"@type":"ListItem","position":3,"name":"SICK WT150-P460"}]},{"@type":"WebSite","@id":"https:\/\/sipin.com.vn\/#website","url":"https:\/\/sipin.com.vn\/","name":"OMANI VI\u1ec6T NAM","description":"Nh\u00e0 ph\u00e2n ph\u1ed1i thi\u1ebft b\u1ecb kh\u00ed n\u00e9n v\u00e0 thi\u1ebft b\u1ecb t\u1ef1 \u0111\u1ed9ng h\u00f3a trong c\u00f4ng nghi\u1ec7p","publisher":{"@id":"https:\/\/sipin.com.vn\/#\/schema\/person\/0ad398a980dc3fd696111c2c5c8fa897"},"potentialAction":[{"@type":"SearchAction","target":{"@type":"EntryPoint","urlTemplate":"https:\/\/sipin.com.vn\/?s={search_term_string}"},"query-input":"required name=search_term_string"}],"inLanguage":"vi"},{"@type":["Person","Organization"],"@id":"https:\/\/sipin.com.vn\/#\/schema\/person\/0ad398a980dc3fd696111c2c5c8fa897","name":"Nguy\u1ec5n V\u0103n Kh\u00e1nh","image":{"@type":"ImageObject","inLanguage":"vi","@id":"https:\/\/sipin.com.vn\/#\/schema\/person\/image\/","url":"https:\/\/sipin.com.vn\/wp-content\/uploads\/2024\/06\/logo-1024x1024.png","contentUrl":"https:\/\/sipin.com.vn\/wp-content\/uploads\/2024\/06\/logo-1024x1024.png","width":1024,"height":1024,"caption":"Nguy\u1ec5n V\u0103n Kh\u00e1nh"},"logo":{"@id":"https:\/\/sipin.com.vn\/#\/schema\/person\/image\/"},"sameAs":["https:\/\/sipin.com.vn"]}]}},"_links":{"self":[{"href":"https:\/\/sipin.com.vn\/index.php\/wp-json\/wp\/v2\/product\/1410","targetHints":{"allow":["GET"]}}],"collection":[{"href":"https:\/\/sipin.com.vn\/index.php\/wp-json\/wp\/v2\/product"}],"about":[{"href":"https:\/\/sipin.com.vn\/index.php\/wp-json\/wp\/v2\/types\/product"}],"replies":[{"embeddable":true,"href":"https:\/\/sipin.com.vn\/index.php\/wp-json\/wp\/v2\/comments?post=1410"}],"wp:featuredmedia":[{"embeddable":true,"href":"https:\/\/sipin.com.vn\/index.php\/wp-json\/wp\/v2\/media\/1411"}],"wp:attachment":[{"href":"https:\/\/sipin.com.vn\/index.php\/wp-json\/wp\/v2\/media?parent=1410"}],"wp:term":[{"taxonomy":"product_cat","embeddable":true,"href":"https:\/\/sipin.com.vn\/index.php\/wp-json\/wp\/v2\/product_cat?post=1410"},{"taxonomy":"product_tag","embeddable":true,"href":"https:\/\/sipin.com.vn\/index.php\/wp-json\/wp\/v2\/product_tag?post=1410"}],"curies":[{"name":"wp","href":"https:\/\/api.w.org\/{rel}","templated":true}]}}