{"id":1398,"date":"2024-08-10T21:08:54","date_gmt":"2024-08-10T14:08:54","guid":{"rendered":"https:\/\/omanivietnam.com\/?post_type=product&#038;p=1398"},"modified":"2024-08-10T21:08:54","modified_gmt":"2024-08-10T14:08:54","slug":"smc-sy3240-5lzd-01","status":"publish","type":"product","link":"https:\/\/sipin.com.vn\/index.php\/product\/smc-sy3240-5lzd-01\/","title":{"rendered":"SMC SY3240-5LZD-01"},"content":{"rendered":"<p>SMC SY3240-5LZD-01<\/p>\n<p class=\"LC20lb MBeuO DKV0Md\">SY3240-5LZD-01-Q<\/p>\n<p class=\"LC20lb MBeuO DKV0Md\">SY3240-5LZ<\/p>\n<p>SY3240-5LZD SY5240-5LZD<\/p>\n<p class=\"m-h1\">5-Port Solenoid Valve, Base Mounted, Single Unit SY3000\/5000\/7000\/9000 Series (SY3240-5LZD-01)<\/p>\n<p class=\"m-h2\">Product Description<\/p>\n<p>&#8211; 5-Port Solenoid Valve, Base Mounted, Single Unit SY3000\/5000\/7000\/9000 Series from SMC.<br \/>\n&#8211; This base mounted is conforming to 4 series of solenoid valve including SY3000, SY5000, SY7000 and SY9000.<br \/>\n&#8211; Pipe port type can be selected 4 types, Rc, NPT, NPTF or G.<br \/>\n&#8211; The manual override method can be selected, Non-locking push type, Push-turn locking slotted type or Push-turn locking lever type.<br \/>\n&#8211; External pilot for SY3000 DIN terminal is not available.<\/p>\n<p>&nbsp;<\/p>\n<h3 class=\"m-h3\"><span data-lang=\"ENG\">Configured Specifications<\/span><\/h3>\n<table class=\"m-listTable\" summary=\"Price, Spec., etc.\">\n<colgroup>\n<col width=\"20%\" \/>\n<col width=\"30%\" \/>\n<col width=\"20%\" \/>\n<col width=\"30%\" \/><\/colgroup>\n<tbody>\n<tr>\n<th>Type<\/th>\n<td>Solenoid Valves<\/td>\n<th>Application<\/th>\n<td>Single Use<\/td>\n<\/tr>\n<tr>\n<th>Number of Ports<\/th>\n<td>5-Port Valve<\/td>\n<th>Mounting Orientation<\/th>\n<td>Direct<\/td>\n<\/tr>\n<tr>\n<th>Specifications<\/th>\n<td>Standard \/ Lubrication Free<\/td>\n<th>Number of Solenoids<\/th>\n<td>Double<\/td>\n<\/tr>\n<tr>\n<th>Switching Type<\/th>\n<td>2-Position Exhaust<\/td>\n<th>Status at Power Off<\/th>\n<td>Self-Retaining<\/td>\n<\/tr>\n<tr>\n<th>Voltage<\/th>\n<td>DC24V<\/td>\n<th>Pipe Port Type<\/th>\n<td>[Rc (R)] Rc<\/td>\n<\/tr>\n<tr>\n<th>Plumbing Thread Nominal<\/th>\n<td>1\/8<\/td>\n<th>Applicable Cylinder Dia.(\u00d8)<\/th>\n<td>&#8211;<\/td>\n<\/tr>\n<tr class=\"VN_table-row\">\n<th>Plumbing<\/th>\n<td>Sub-Base Plumbing<\/td>\n<th>Driving Type<\/th>\n<td>Pilot Type Spool<\/td>\n<\/tr>\n<tr class=\"VN_table-row\">\n<th>CV Value<\/th>\n<td>0.24<\/td>\n<th>Seal Type<\/th>\n<td>Soft Seal<\/td>\n<\/tr>\n<tr class=\"VN_table-row\">\n<th>Pressure Rating(MPa)<\/th>\n<td>0.1 to 0.7<\/td>\n<th>Pilot Air Supply<\/th>\n<td>Internal<\/td>\n<\/tr>\n<tr class=\"VN_table-row\">\n<th>Manual Switch<\/th>\n<td>Lock<\/td>\n<th>Coil specifications<\/th>\n<td>Standard<\/td>\n<\/tr>\n<tr class=\"VN_table-row\">\n<th>Lead wire electrical entry<\/th>\n<td>L plug connector \/ With lead wire (length: 300\u00a0mm)<\/td>\n<th>Manual<\/th>\n<td>Push-turn locking screwdriver-operated type<\/td>\n<\/tr>\n<tr class=\"VN_table-row\">\n<th>Indicator light \/ Surge voltage suppressor<\/th>\n<td>With indicator light and surge voltage suppressor<\/td>\n<th>Made to order specifications<\/th>\n<td>None<\/td>\n<\/tr>\n<tr class=\"VN_table-row\">\n<th>CE compliant<\/th>\n<td>Yes<\/td>\n<th>Valve specifications<\/th>\n<td>&#8211;<\/td>\n<\/tr>\n<tr class=\"VN_table-row\">\n<th>Piping connection port diameter<\/th>\n<td>With 1\/8 sub-plate<\/td>\n<th>RoHS<\/th>\n<td>&#8211;<\/td>\n<\/tr>\n<\/tbody>\n<\/table>\n<p>&nbsp;<\/p>\n<p>C\u00e1c s\u1ea3n ph\u1ea9m t\u01b0\u01a1ng \u0111\u01b0\u01a1ng<\/p>\n<p>Van \u0110i\u1ec7n t\u1eeb SY3120-4LZD-M5<\/p>\n<p>Van \u0111i\u1ec7n t\u1ef1 SY3120-5LZ-C4<\/p>\n<p>Van \u0111i\u1ec7n t\u1eeb SY3120-5LZD-C4<\/p>\n<p>Van \u0110i\u1ec7n t\u1eeb SY3120-5LZD-C6<\/p>\n<p>Van \u0110i\u1ec7n t\u1eeb SY3120-5LZD-M5<\/p>\n<p>Van \u0111i\u1ec7n t\u1eeb SY3120-6LZD-M5<\/p>\n<p>Van \u0111i\u1ec1n t\u1eeb SY3120-6LZ-M5<\/p>\n<p>Van \u0111i\u1ec7n t\u1eeb SY3140-5LOZ<\/p>\n<p>Van \u0111i\u1ec7n t\u1eeb SY3140-5LZ<\/p>\n<p>Van \u0111i\u1ec7n t\u1eeb SY3140-5LZD<\/p>\n<p>Van \u0111i\u1ec7n t\u1eeb SY3160-5MO-C4<\/p>\n<p>Van \u0111i\u1ec7n t\u1eeb SY3220-5LZD-M5<\/p>\n<p>Van \u0111i\u1ec7n t\u1eeb SY3240-5LOU<\/p>\n<p>Van \u0111i\u1ec7n t\u1eeb SY3240-5LZD<\/p>\n<p>Van \u0111i\u1ec7n t\u1eeb SY3420-5LZ-C6-F2<\/p>\n<p>Van \u0110i\u1ec7n t\u1eeb SY5120-4LZD-01<\/p>\n<p>Van \u0111i\u1ec7n t\u1eeb SY5120-5LZ-01<\/p>\n<p>Van \u0110i\u1ec7n t\u1eeb SY5120-5LZD-01<\/p>\n<p>Van \u0111i\u1ec7n t\u1eeb SY5120-5LZD-01<\/p>\n<p>Van \u0111i\u1ec7n t\u1eeb SY5120-5LZD-C4<\/p>\n<p>Van \u0110i\u1ec7n t\u1eeb SY5120-5LZD-C6<\/p>\n<p>Van \u0111i\u1ec7n t\u1eeb SY5120-5LZE-C6<\/p>\n<p>Van \u0110i\u1ec7n t\u1eeb SY5120-6LZD-01<\/p>\n<p>Van \u0111i\u1ec1n t\u1eeb SY5220-4LZD-C6<\/p>\n<p>Van \u0111i\u1ec7n t\u1eeb SY5220-5LZD-01<\/p>\n<p>Van \u0111i\u1ec7n t\u1eeb SY5220-5LZD-C4<\/p>\n<p>Van \u0111i\u1ec7n t\u1eeb SY5240R-5LOZ-02<\/p>\n<p>Van \u0111i\u1ec7n t\u1eeb SY5320-5LZD-01<\/p>\n<p>Van \u0110i\u1ec7n t\u1eeb SY7120-4LZD-02<\/p>\n<p>Van \u0110i\u1ec7n t\u1eeb SY7120-5LZD-02<\/p>\n<p>Van \u0111i\u1ec7n t\u1eeb SY7140-5LZD<\/p>\n<p>Van \u0111i\u1ec7n t\u1eeb SY7220-3LZD-02<\/p>\n<p>Van \u0111i\u1ec7n t\u1eeb SY7220-4LZD-02<\/p>\n<p>Van \u0111i\u1ec7n t\u1eeb SY7220-5LOZ-02<\/p>\n<p>Van \u0111i\u00ean t\u1eeb SY7220-5LZD-02<\/p>\n<p>Van \u0111i\u1ec7n t\u1eeb SY7320-5MZ-02<\/p>\n<p>Van \u0110i\u1ec7n t\u1eeb SY9120-4LZD-03<\/p>\n<p>Van \u0111i\u1ec7n t\u1eeb SY9120-5LZD-03<\/p>\n<p>Van \u0111i\u1ec7n t\u1eed SY9320-5LZD-03<\/p>\n<p>\u0110\u1ea1i l\u00fd SMC vietnam, SMC viet nam, SMC vietnam distributor, Ph\u00e2n ph\u1ed1i SMC t\u1ea1i vi\u1ec7t nam<\/p>\n<p>\u0110\u1ea1i l\u00fd SMC vietnam, SMC viet nam, SMC vietnam distributor, Ph\u00e2n ph\u1ed1i SMC t\u1ea1i vi\u1ec7t nam<\/p>\n<p>\u0110\u1ea1i l\u00fd SMC vietnam, SMC viet nam, SMC vietnam distributor, Ph\u00e2n ph\u1ed1i SMC t\u1ea1i vi\u1ec7t nam<\/p>\n<p>\u0110\u1ea1i l\u00fd SMC vietnam, SMC viet nam, SMC vietnam distributor, Ph\u00e2n ph\u1ed1i SMC t\u1ea1i vi\u1ec7t nam<\/p>\n<p>\u0110\u1ea1i l\u00fd SMC vietnam, SMC viet nam, SMC vietnam distributor, Ph\u00e2n ph\u1ed1i SMC t\u1ea1i vi\u1ec7t nam<\/p>\n","protected":false},"excerpt":{"rendered":"<p>SMC SY3240-5LZD-01 SY3240-5LZD-01-Q SY3240-5LZ SY3240-5LZD SY5240-5LZD 5-Port Solenoid Valve, Base Mounted, Single Unit SY3000\/5000\/7000\/9000 Series (SY3240-5LZD-01) Product Description &#8211; 5-Port Solenoid Valve, Base Mounted, Single Unit SY3000\/5000\/7000\/9000 Series from SMC. &#8211; This base mounted is conforming to 4 series of solenoid valve including SY3000, SY5000, SY7000 and SY9000. &#8211; Pipe&hellip; <\/p>\n","protected":false},"featured_media":1399,"comment_status":"open","ping_status":"closed","template":"","meta":{"om_disable_all_campaigns":false,"_monsterinsights_skip_tracking":false,"_monsterinsights_sitenote_active":false,"_monsterinsights_sitenote_note":"","_monsterinsights_sitenote_category":0},"product_cat":[15],"product_tag":[93,92,102],"class_list":{"0":"post-1398","1":"product","2":"type-product","3":"status-publish","4":"has-post-thumbnail","6":"product_cat-apex","7":"product_tag-dai-ly-smc-viet-nam","8":"product_tag-smc-viet-nam","9":"product_tag-van-khi-nen","11":"first","12":"instock","13":"shipping-taxable","14":"product-type-simple"},"aioseo_notices":[],"yoast_head":"<!-- This site is optimized with the Yoast SEO plugin v22.8 - https:\/\/yoast.com\/wordpress\/plugins\/seo\/ -->\n<title>SMC SY3240-5LZD-01 - OMANI VI\u1ec6T NAM<\/title>\n<meta name=\"robots\" content=\"index, follow, max-snippet:-1, max-image-preview:large, max-video-preview:-1\" \/>\n<link rel=\"canonical\" href=\"https:\/\/sipin.com.vn\/index.php\/product\/smc-sy3240-5lzd-01\/\" \/>\n<meta property=\"og:locale\" content=\"vi_VN\" \/>\n<meta property=\"og:type\" content=\"article\" \/>\n<meta property=\"og:title\" content=\"SMC SY3240-5LZD-01 - OMANI VI\u1ec6T NAM\" \/>\n<meta property=\"og:description\" content=\"SMC SY3240-5LZD-01 SY3240-5LZD-01-Q SY3240-5LZ SY3240-5LZD SY5240-5LZD 5-Port Solenoid Valve, Base Mounted, Single Unit SY3000\/5000\/7000\/9000 Series (SY3240-5LZD-01) Product Description &#8211; 5-Port Solenoid Valve, Base Mounted, Single Unit SY3000\/5000\/7000\/9000 Series from SMC. &#8211; This base mounted is conforming to 4 series of solenoid valve including SY3000, SY5000, SY7000 and SY9000. &#8211; Pipe&hellip;\" \/>\n<meta property=\"og:url\" content=\"https:\/\/sipin.com.vn\/index.php\/product\/smc-sy3240-5lzd-01\/\" \/>\n<meta property=\"og:site_name\" content=\"OMANI VI\u1ec6T NAM\" \/>\n<meta property=\"og:image\" content=\"https:\/\/sipin.com.vn\/wp-content\/uploads\/2024\/08\/SY3240-5LZD-01.png\" \/>\n\t<meta property=\"og:image:width\" content=\"428\" \/>\n\t<meta property=\"og:image:height\" content=\"339\" \/>\n\t<meta property=\"og:image:type\" content=\"image\/png\" \/>\n<meta name=\"twitter:card\" content=\"summary_large_image\" \/>\n<meta name=\"twitter:label1\" content=\"\u01af\u1edbc t\u00ednh th\u1eddi gian \u0111\u1ecdc\" \/>\n\t<meta name=\"twitter:data1\" content=\"3 ph\u00fat\" \/>\n<script type=\"application\/ld+json\" class=\"yoast-schema-graph\">{\"@context\":\"https:\/\/schema.org\",\"@graph\":[{\"@type\":\"WebPage\",\"@id\":\"https:\/\/sipin.com.vn\/index.php\/product\/smc-sy3240-5lzd-01\/\",\"url\":\"https:\/\/sipin.com.vn\/index.php\/product\/smc-sy3240-5lzd-01\/\",\"name\":\"SMC SY3240-5LZD-01 - OMANI VI\u1ec6T NAM\",\"isPartOf\":{\"@id\":\"https:\/\/sipin.com.vn\/#website\"},\"primaryImageOfPage\":{\"@id\":\"https:\/\/sipin.com.vn\/index.php\/product\/smc-sy3240-5lzd-01\/#primaryimage\"},\"image\":{\"@id\":\"https:\/\/sipin.com.vn\/index.php\/product\/smc-sy3240-5lzd-01\/#primaryimage\"},\"thumbnailUrl\":\"https:\/\/sipin.com.vn\/wp-content\/uploads\/2024\/08\/SY3240-5LZD-01.png\",\"datePublished\":\"2024-08-10T14:08:54+00:00\",\"dateModified\":\"2024-08-10T14:08:54+00:00\",\"breadcrumb\":{\"@id\":\"https:\/\/sipin.com.vn\/index.php\/product\/smc-sy3240-5lzd-01\/#breadcrumb\"},\"inLanguage\":\"vi\",\"potentialAction\":[{\"@type\":\"ReadAction\",\"target\":[\"https:\/\/sipin.com.vn\/index.php\/product\/smc-sy3240-5lzd-01\/\"]}]},{\"@type\":\"ImageObject\",\"inLanguage\":\"vi\",\"@id\":\"https:\/\/sipin.com.vn\/index.php\/product\/smc-sy3240-5lzd-01\/#primaryimage\",\"url\":\"https:\/\/sipin.com.vn\/wp-content\/uploads\/2024\/08\/SY3240-5LZD-01.png\",\"contentUrl\":\"https:\/\/sipin.com.vn\/wp-content\/uploads\/2024\/08\/SY3240-5LZD-01.png\",\"width\":428,\"height\":339},{\"@type\":\"BreadcrumbList\",\"@id\":\"https:\/\/sipin.com.vn\/index.php\/product\/smc-sy3240-5lzd-01\/#breadcrumb\",\"itemListElement\":[{\"@type\":\"ListItem\",\"position\":1,\"name\":\"Home\",\"item\":\"https:\/\/sipin.com.vn\/\"},{\"@type\":\"ListItem\",\"position\":2,\"name\":\"S\u1ea2N PH\u1ea8M\",\"item\":\"https:\/\/sipin.com.vn\/index.php\/cua-hang\/\"},{\"@type\":\"ListItem\",\"position\":3,\"name\":\"SMC SY3240-5LZD-01\"}]},{\"@type\":\"WebSite\",\"@id\":\"https:\/\/sipin.com.vn\/#website\",\"url\":\"https:\/\/sipin.com.vn\/\",\"name\":\"OMANI VI\u1ec6T NAM\",\"description\":\"Nh\u00e0 ph\u00e2n ph\u1ed1i thi\u1ebft b\u1ecb kh\u00ed n\u00e9n v\u00e0 thi\u1ebft b\u1ecb t\u1ef1 \u0111\u1ed9ng h\u00f3a trong c\u00f4ng nghi\u1ec7p\",\"publisher\":{\"@id\":\"https:\/\/sipin.com.vn\/#\/schema\/person\/0ad398a980dc3fd696111c2c5c8fa897\"},\"potentialAction\":[{\"@type\":\"SearchAction\",\"target\":{\"@type\":\"EntryPoint\",\"urlTemplate\":\"https:\/\/sipin.com.vn\/?s={search_term_string}\"},\"query-input\":\"required name=search_term_string\"}],\"inLanguage\":\"vi\"},{\"@type\":[\"Person\",\"Organization\"],\"@id\":\"https:\/\/sipin.com.vn\/#\/schema\/person\/0ad398a980dc3fd696111c2c5c8fa897\",\"name\":\"Nguy\u1ec5n V\u0103n Kh\u00e1nh\",\"image\":{\"@type\":\"ImageObject\",\"inLanguage\":\"vi\",\"@id\":\"https:\/\/sipin.com.vn\/#\/schema\/person\/image\/\",\"url\":\"https:\/\/sipin.com.vn\/wp-content\/uploads\/2024\/06\/logo-1024x1024.png\",\"contentUrl\":\"https:\/\/sipin.com.vn\/wp-content\/uploads\/2024\/06\/logo-1024x1024.png\",\"width\":1024,\"height\":1024,\"caption\":\"Nguy\u1ec5n V\u0103n Kh\u00e1nh\"},\"logo\":{\"@id\":\"https:\/\/sipin.com.vn\/#\/schema\/person\/image\/\"},\"sameAs\":[\"https:\/\/sipin.com.vn\"]}]}<\/script>\n<!-- \/ Yoast SEO plugin. -->","yoast_head_json":{"title":"SMC SY3240-5LZD-01 - OMANI VI\u1ec6T NAM","robots":{"index":"index","follow":"follow","max-snippet":"max-snippet:-1","max-image-preview":"max-image-preview:large","max-video-preview":"max-video-preview:-1"},"canonical":"https:\/\/sipin.com.vn\/index.php\/product\/smc-sy3240-5lzd-01\/","og_locale":"vi_VN","og_type":"article","og_title":"SMC SY3240-5LZD-01 - OMANI VI\u1ec6T NAM","og_description":"SMC SY3240-5LZD-01 SY3240-5LZD-01-Q SY3240-5LZ SY3240-5LZD SY5240-5LZD 5-Port Solenoid Valve, Base Mounted, Single Unit SY3000\/5000\/7000\/9000 Series (SY3240-5LZD-01) Product Description &#8211; 5-Port Solenoid Valve, Base Mounted, Single Unit SY3000\/5000\/7000\/9000 Series from SMC. &#8211; This base mounted is conforming to 4 series of solenoid valve including SY3000, SY5000, SY7000 and SY9000. &#8211; Pipe&hellip;","og_url":"https:\/\/sipin.com.vn\/index.php\/product\/smc-sy3240-5lzd-01\/","og_site_name":"OMANI VI\u1ec6T NAM","og_image":[{"width":428,"height":339,"url":"https:\/\/sipin.com.vn\/wp-content\/uploads\/2024\/08\/SY3240-5LZD-01.png","type":"image\/png"}],"twitter_card":"summary_large_image","twitter_misc":{"\u01af\u1edbc t\u00ednh th\u1eddi gian \u0111\u1ecdc":"3 ph\u00fat"},"schema":{"@context":"https:\/\/schema.org","@graph":[{"@type":"WebPage","@id":"https:\/\/sipin.com.vn\/index.php\/product\/smc-sy3240-5lzd-01\/","url":"https:\/\/sipin.com.vn\/index.php\/product\/smc-sy3240-5lzd-01\/","name":"SMC SY3240-5LZD-01 - OMANI VI\u1ec6T NAM","isPartOf":{"@id":"https:\/\/sipin.com.vn\/#website"},"primaryImageOfPage":{"@id":"https:\/\/sipin.com.vn\/index.php\/product\/smc-sy3240-5lzd-01\/#primaryimage"},"image":{"@id":"https:\/\/sipin.com.vn\/index.php\/product\/smc-sy3240-5lzd-01\/#primaryimage"},"thumbnailUrl":"https:\/\/sipin.com.vn\/wp-content\/uploads\/2024\/08\/SY3240-5LZD-01.png","datePublished":"2024-08-10T14:08:54+00:00","dateModified":"2024-08-10T14:08:54+00:00","breadcrumb":{"@id":"https:\/\/sipin.com.vn\/index.php\/product\/smc-sy3240-5lzd-01\/#breadcrumb"},"inLanguage":"vi","potentialAction":[{"@type":"ReadAction","target":["https:\/\/sipin.com.vn\/index.php\/product\/smc-sy3240-5lzd-01\/"]}]},{"@type":"ImageObject","inLanguage":"vi","@id":"https:\/\/sipin.com.vn\/index.php\/product\/smc-sy3240-5lzd-01\/#primaryimage","url":"https:\/\/sipin.com.vn\/wp-content\/uploads\/2024\/08\/SY3240-5LZD-01.png","contentUrl":"https:\/\/sipin.com.vn\/wp-content\/uploads\/2024\/08\/SY3240-5LZD-01.png","width":428,"height":339},{"@type":"BreadcrumbList","@id":"https:\/\/sipin.com.vn\/index.php\/product\/smc-sy3240-5lzd-01\/#breadcrumb","itemListElement":[{"@type":"ListItem","position":1,"name":"Home","item":"https:\/\/sipin.com.vn\/"},{"@type":"ListItem","position":2,"name":"S\u1ea2N PH\u1ea8M","item":"https:\/\/sipin.com.vn\/index.php\/cua-hang\/"},{"@type":"ListItem","position":3,"name":"SMC SY3240-5LZD-01"}]},{"@type":"WebSite","@id":"https:\/\/sipin.com.vn\/#website","url":"https:\/\/sipin.com.vn\/","name":"OMANI VI\u1ec6T NAM","description":"Nh\u00e0 ph\u00e2n ph\u1ed1i thi\u1ebft b\u1ecb kh\u00ed n\u00e9n v\u00e0 thi\u1ebft b\u1ecb t\u1ef1 \u0111\u1ed9ng h\u00f3a trong c\u00f4ng nghi\u1ec7p","publisher":{"@id":"https:\/\/sipin.com.vn\/#\/schema\/person\/0ad398a980dc3fd696111c2c5c8fa897"},"potentialAction":[{"@type":"SearchAction","target":{"@type":"EntryPoint","urlTemplate":"https:\/\/sipin.com.vn\/?s={search_term_string}"},"query-input":"required name=search_term_string"}],"inLanguage":"vi"},{"@type":["Person","Organization"],"@id":"https:\/\/sipin.com.vn\/#\/schema\/person\/0ad398a980dc3fd696111c2c5c8fa897","name":"Nguy\u1ec5n V\u0103n Kh\u00e1nh","image":{"@type":"ImageObject","inLanguage":"vi","@id":"https:\/\/sipin.com.vn\/#\/schema\/person\/image\/","url":"https:\/\/sipin.com.vn\/wp-content\/uploads\/2024\/06\/logo-1024x1024.png","contentUrl":"https:\/\/sipin.com.vn\/wp-content\/uploads\/2024\/06\/logo-1024x1024.png","width":1024,"height":1024,"caption":"Nguy\u1ec5n V\u0103n Kh\u00e1nh"},"logo":{"@id":"https:\/\/sipin.com.vn\/#\/schema\/person\/image\/"},"sameAs":["https:\/\/sipin.com.vn"]}]}},"_links":{"self":[{"href":"https:\/\/sipin.com.vn\/index.php\/wp-json\/wp\/v2\/product\/1398","targetHints":{"allow":["GET"]}}],"collection":[{"href":"https:\/\/sipin.com.vn\/index.php\/wp-json\/wp\/v2\/product"}],"about":[{"href":"https:\/\/sipin.com.vn\/index.php\/wp-json\/wp\/v2\/types\/product"}],"replies":[{"embeddable":true,"href":"https:\/\/sipin.com.vn\/index.php\/wp-json\/wp\/v2\/comments?post=1398"}],"wp:featuredmedia":[{"embeddable":true,"href":"https:\/\/sipin.com.vn\/index.php\/wp-json\/wp\/v2\/media\/1399"}],"wp:attachment":[{"href":"https:\/\/sipin.com.vn\/index.php\/wp-json\/wp\/v2\/media?parent=1398"}],"wp:term":[{"taxonomy":"product_cat","embeddable":true,"href":"https:\/\/sipin.com.vn\/index.php\/wp-json\/wp\/v2\/product_cat?post=1398"},{"taxonomy":"product_tag","embeddable":true,"href":"https:\/\/sipin.com.vn\/index.php\/wp-json\/wp\/v2\/product_tag?post=1398"}],"curies":[{"name":"wp","href":"https:\/\/api.w.org\/{rel}","templated":true}]}}