{"id":1380,"date":"2024-08-10T05:18:30","date_gmt":"2024-08-09T22:18:30","guid":{"rendered":"https:\/\/omanivietnam.com\/?post_type=product&#038;p=1380"},"modified":"2024-08-10T05:18:30","modified_gmt":"2024-08-09T22:18:30","slug":"sick-gtb6-n1211","status":"publish","type":"product","link":"https:\/\/sipin.com.vn\/index.php\/product\/sick-gtb6-n1211\/","title":{"rendered":"SICK GTB6-N1211"},"content":{"rendered":"<p>SICK GTB6-N1211<\/p>\n<p>SICK GTB6-N1212<\/p>\n<p>GTB6-N1212 = GTB6-N1211 + g\u00e1<\/p>\n<p>C\u1ea3m bi\u1ebfn quang \u0111i\u1ec7n\u00a0<strong>SICK GTB6-N1211<\/strong>\u00a0l\u00e0 thi\u1ebft b\u1ecb c\u1ea3m bi\u1ebfn t\u1ef1 \u0111\u1ed9ng gi\u00fap vi\u1ec7c chuy\u1ec3n t\u1ea3i (di chuy\u1ec3n) c\u00f3 ki\u1ec3m so\u00e1t:\u00a0Ki\u1ec3m tra c\u00e1c \u0111\u1ed1i t\u01b0\u1ee3ng c\u00f3 m\u1eb7t \u1edf v\u1ecb tr\u00ed chuy\u1ec3n giao, x\u00e1c \u0111\u1ecbnh \u0111\u1ed1i t\u01b0\u1ee3ng ra v\u00e0o tr\u00ean \u0111\u01b0\u1eddng chuy\u1ec1n, ki\u1ec3m tra kho\u1ea3ng c\u00e1ch gi\u1eefa c\u00e1c \u0111\u1ed1i t\u01b0\u1ee3ng, ph\u00e1t hi\u1ec7n h\u01b0\u1edbng di chuy\u1ec3n\u2026 v\u00e0 r\u1ea5t nhi\u1ec1u \u1ee9ng d\u1ee5ng ph\u00e1t hi\u1ec7n \u0111\u1ed1i t\u01b0\u1ee3ng kh\u00e1c<\/p>\n<ul>\n<li>Thi\u1ebft b\u1ecb c\u00f3 th\u1ec3 \u0111\u01b0\u1ee3c c\u0103n ch\u1ec9nh d\u1ec5 d\u00e0ng v\u00e0 ph\u00e1t hi\u1ec7n \u0111\u1ed1i t\u01b0\u1ee3ng ch\u00ednh x\u00e1c nh\u1edd \u0111\u00e8n LED PinPoint d\u1ec5 nh\u00ecn th\u1ea5y<\/li>\n<li>\u0110\u1ed9 b\u1ec1n cao do h\u1ea1t dao c\u00f3 ren kim lo\u1ea1i<\/li>\n<li>C\u00f4ng ngh\u1ec7 SICK ASIC m\u1edbi nh\u1ea5t, cung c\u1ea5p hi\u1ec7u su\u1ea5t v\u00e0 \u0111\u1ed9 tin c\u1eady r\u1ea5t cao<\/li>\n<li>X\u1ebfp h\u1ea1ng v\u1ecf b\u1ecdc IP 67<\/li>\n<li>D\u1ec5 d\u00e0ng \u0111i\u1ec1u ch\u1ec9nh nh\u1edd chi\u1ebft \u00e1p l\u1edbn, th\u00e2n thi\u1ec7n v\u1edbi ng\u01b0\u1eddi d\u00f9ng<\/li>\n<li>L\u1eafp \u0111\u1eb7t nhanh ch\u00f3ng v\u00e0 d\u1ec5 d\u00e0ng<\/li>\n<\/ul>\n<p><strong>Th\u00f4ng tin chi ti\u1ebft SICK GTB6-N1211<\/strong><\/p>\n<ul>\n<li>Lo\u1ea1i thi\u1ebft b\u1ecb: C\u1ea3m bi\u1ebfn quang \u0111i\u1ec7n<\/li>\n<li>M\u00e3 h\u00e0ng: GTB6-N1211<\/li>\n<li>Part no: 1052441<\/li>\n<li>Ph\u1ea1m vi c\u1ea3m bi\u1ebfn t\u1ed1i \u0111a: 250mm<\/li>\n<li>\u0110\u1ea7u ra: NPN<\/li>\n<li>Lo\u1ea1i k\u1ebft n\u1ed1i: C\u00e1p, 3 d\u00e2y, 2 m<\/li>\n<li>K\u00edch th\u01b0\u1edbc (Wx Hx D): 12 mm x 31,5 mm x 21 mm<\/li>\n<\/ul>\n<p>\u0110\u1ea1i l\u00fd Sick vietnam, Sick viet nam, Sick vietnam distributor, Ph\u00e2n ph\u1ed1i Sick t\u1ea1i vi\u1ec7t nam<\/p>\n<p>\u0110\u1ea1i l\u00fd Sick vietnam, Sick viet nam, Sick vietnam distributor, Ph\u00e2n ph\u1ed1i Sick t\u1ea1i vi\u1ec7t nam<\/p>\n<p>\u0110\u1ea1i l\u00fd Sick vietnam, Sick viet nam, Sick vietnam distributor, Ph\u00e2n ph\u1ed1i Sick t\u1ea1i vi\u1ec7t nam<\/p>\n<p>\u0110\u1ea1i l\u00fd Sick vietnam, Sick viet nam, Sick vietnam distributor, Ph\u00e2n ph\u1ed1i Sick t\u1ea1i vi\u1ec7t nam<\/p>\n<p>\u0110\u1ea1i l\u00fd Sick vietnam, Sick viet nam, Sick vietnam distributor, Ph\u00e2n ph\u1ed1i Sick t\u1ea1i vi\u1ec7t nam<\/p>\n","protected":false},"excerpt":{"rendered":"<p>SICK GTB6-N1211 SICK GTB6-N1212 GTB6-N1212 = GTB6-N1211 + g\u00e1 C\u1ea3m bi\u1ebfn quang \u0111i\u1ec7n\u00a0SICK GTB6-N1211\u00a0l\u00e0 thi\u1ebft b\u1ecb c\u1ea3m bi\u1ebfn t\u1ef1 \u0111\u1ed9ng gi\u00fap vi\u1ec7c chuy\u1ec3n t\u1ea3i (di chuy\u1ec3n) c\u00f3 ki\u1ec3m so\u00e1t:\u00a0Ki\u1ec3m tra c\u00e1c \u0111\u1ed1i t\u01b0\u1ee3ng c\u00f3 m\u1eb7t \u1edf v\u1ecb tr\u00ed chuy\u1ec3n giao, x\u00e1c \u0111\u1ecbnh \u0111\u1ed1i t\u01b0\u1ee3ng ra v\u00e0o tr\u00ean \u0111\u01b0\u1eddng chuy\u1ec1n, ki\u1ec3m&hellip; <\/p>\n","protected":false},"featured_media":1381,"comment_status":"open","ping_status":"closed","template":"","meta":{"om_disable_all_campaigns":false,"_monsterinsights_skip_tracking":false,"_monsterinsights_sitenote_active":false,"_monsterinsights_sitenote_note":"","_monsterinsights_sitenote_category":0},"product_cat":[15],"product_tag":[88,89,90],"class_list":{"0":"post-1380","1":"product","2":"type-product","3":"status-publish","4":"has-post-thumbnail","6":"product_cat-apex","7":"product_tag-cam-bien","8":"product_tag-dai-ly-sick-viet-nam","9":"product_tag-sick-viet-nam","11":"first","12":"instock","13":"shipping-taxable","14":"product-type-simple"},"aioseo_notices":[],"yoast_head":"<!-- This site is optimized with the Yoast SEO plugin v22.8 - https:\/\/yoast.com\/wordpress\/plugins\/seo\/ -->\n<title>SICK GTB6-N1211 - OMANI VI\u1ec6T NAM<\/title>\n<meta name=\"robots\" content=\"index, follow, max-snippet:-1, max-image-preview:large, max-video-preview:-1\" \/>\n<link rel=\"canonical\" href=\"https:\/\/sipin.com.vn\/index.php\/product\/sick-gtb6-n1211\/\" \/>\n<meta property=\"og:locale\" content=\"vi_VN\" \/>\n<meta property=\"og:type\" content=\"article\" \/>\n<meta property=\"og:title\" content=\"SICK GTB6-N1211 - OMANI VI\u1ec6T NAM\" \/>\n<meta property=\"og:description\" content=\"SICK GTB6-N1211 SICK GTB6-N1212 GTB6-N1212 = GTB6-N1211 + g\u00e1 C\u1ea3m bi\u1ebfn quang \u0111i\u1ec7n\u00a0SICK GTB6-N1211\u00a0l\u00e0 thi\u1ebft b\u1ecb c\u1ea3m bi\u1ebfn t\u1ef1 \u0111\u1ed9ng gi\u00fap vi\u1ec7c chuy\u1ec3n t\u1ea3i (di chuy\u1ec3n) c\u00f3 ki\u1ec3m so\u00e1t:\u00a0Ki\u1ec3m tra c\u00e1c \u0111\u1ed1i t\u01b0\u1ee3ng c\u00f3 m\u1eb7t \u1edf v\u1ecb tr\u00ed chuy\u1ec3n giao, x\u00e1c \u0111\u1ecbnh \u0111\u1ed1i t\u01b0\u1ee3ng ra v\u00e0o tr\u00ean \u0111\u01b0\u1eddng chuy\u1ec1n, ki\u1ec3m&hellip;\" \/>\n<meta property=\"og:url\" content=\"https:\/\/sipin.com.vn\/index.php\/product\/sick-gtb6-n1211\/\" \/>\n<meta property=\"og:site_name\" content=\"OMANI VI\u1ec6T NAM\" \/>\n<meta property=\"og:image\" content=\"https:\/\/sipin.com.vn\/wp-content\/uploads\/2024\/08\/GTB6-N1211.png\" \/>\n\t<meta property=\"og:image:width\" content=\"502\" \/>\n\t<meta property=\"og:image:height\" content=\"600\" \/>\n\t<meta property=\"og:image:type\" content=\"image\/png\" \/>\n<meta name=\"twitter:card\" content=\"summary_large_image\" \/>\n<meta name=\"twitter:label1\" content=\"\u01af\u1edbc t\u00ednh th\u1eddi gian \u0111\u1ecdc\" \/>\n\t<meta name=\"twitter:data1\" content=\"2 ph\u00fat\" \/>\n<script type=\"application\/ld+json\" class=\"yoast-schema-graph\">{\"@context\":\"https:\/\/schema.org\",\"@graph\":[{\"@type\":\"WebPage\",\"@id\":\"https:\/\/sipin.com.vn\/index.php\/product\/sick-gtb6-n1211\/\",\"url\":\"https:\/\/sipin.com.vn\/index.php\/product\/sick-gtb6-n1211\/\",\"name\":\"SICK GTB6-N1211 - OMANI VI\u1ec6T NAM\",\"isPartOf\":{\"@id\":\"https:\/\/sipin.com.vn\/#website\"},\"primaryImageOfPage\":{\"@id\":\"https:\/\/sipin.com.vn\/index.php\/product\/sick-gtb6-n1211\/#primaryimage\"},\"image\":{\"@id\":\"https:\/\/sipin.com.vn\/index.php\/product\/sick-gtb6-n1211\/#primaryimage\"},\"thumbnailUrl\":\"https:\/\/sipin.com.vn\/wp-content\/uploads\/2024\/08\/GTB6-N1211.png\",\"datePublished\":\"2024-08-09T22:18:30+00:00\",\"dateModified\":\"2024-08-09T22:18:30+00:00\",\"breadcrumb\":{\"@id\":\"https:\/\/sipin.com.vn\/index.php\/product\/sick-gtb6-n1211\/#breadcrumb\"},\"inLanguage\":\"vi\",\"potentialAction\":[{\"@type\":\"ReadAction\",\"target\":[\"https:\/\/sipin.com.vn\/index.php\/product\/sick-gtb6-n1211\/\"]}]},{\"@type\":\"ImageObject\",\"inLanguage\":\"vi\",\"@id\":\"https:\/\/sipin.com.vn\/index.php\/product\/sick-gtb6-n1211\/#primaryimage\",\"url\":\"https:\/\/sipin.com.vn\/wp-content\/uploads\/2024\/08\/GTB6-N1211.png\",\"contentUrl\":\"https:\/\/sipin.com.vn\/wp-content\/uploads\/2024\/08\/GTB6-N1211.png\",\"width\":502,\"height\":600},{\"@type\":\"BreadcrumbList\",\"@id\":\"https:\/\/sipin.com.vn\/index.php\/product\/sick-gtb6-n1211\/#breadcrumb\",\"itemListElement\":[{\"@type\":\"ListItem\",\"position\":1,\"name\":\"Home\",\"item\":\"https:\/\/sipin.com.vn\/\"},{\"@type\":\"ListItem\",\"position\":2,\"name\":\"S\u1ea2N PH\u1ea8M\",\"item\":\"https:\/\/sipin.com.vn\/index.php\/cua-hang\/\"},{\"@type\":\"ListItem\",\"position\":3,\"name\":\"SICK GTB6-N1211\"}]},{\"@type\":\"WebSite\",\"@id\":\"https:\/\/sipin.com.vn\/#website\",\"url\":\"https:\/\/sipin.com.vn\/\",\"name\":\"OMANI VI\u1ec6T NAM\",\"description\":\"Nh\u00e0 ph\u00e2n ph\u1ed1i thi\u1ebft b\u1ecb kh\u00ed n\u00e9n v\u00e0 thi\u1ebft b\u1ecb t\u1ef1 \u0111\u1ed9ng h\u00f3a trong c\u00f4ng nghi\u1ec7p\",\"publisher\":{\"@id\":\"https:\/\/sipin.com.vn\/#\/schema\/person\/0ad398a980dc3fd696111c2c5c8fa897\"},\"potentialAction\":[{\"@type\":\"SearchAction\",\"target\":{\"@type\":\"EntryPoint\",\"urlTemplate\":\"https:\/\/sipin.com.vn\/?s={search_term_string}\"},\"query-input\":\"required name=search_term_string\"}],\"inLanguage\":\"vi\"},{\"@type\":[\"Person\",\"Organization\"],\"@id\":\"https:\/\/sipin.com.vn\/#\/schema\/person\/0ad398a980dc3fd696111c2c5c8fa897\",\"name\":\"Nguy\u1ec5n V\u0103n Kh\u00e1nh\",\"image\":{\"@type\":\"ImageObject\",\"inLanguage\":\"vi\",\"@id\":\"https:\/\/sipin.com.vn\/#\/schema\/person\/image\/\",\"url\":\"https:\/\/sipin.com.vn\/wp-content\/uploads\/2024\/06\/logo-1024x1024.png\",\"contentUrl\":\"https:\/\/sipin.com.vn\/wp-content\/uploads\/2024\/06\/logo-1024x1024.png\",\"width\":1024,\"height\":1024,\"caption\":\"Nguy\u1ec5n V\u0103n Kh\u00e1nh\"},\"logo\":{\"@id\":\"https:\/\/sipin.com.vn\/#\/schema\/person\/image\/\"},\"sameAs\":[\"https:\/\/sipin.com.vn\"]}]}<\/script>\n<!-- \/ Yoast SEO plugin. -->","yoast_head_json":{"title":"SICK GTB6-N1211 - OMANI VI\u1ec6T NAM","robots":{"index":"index","follow":"follow","max-snippet":"max-snippet:-1","max-image-preview":"max-image-preview:large","max-video-preview":"max-video-preview:-1"},"canonical":"https:\/\/sipin.com.vn\/index.php\/product\/sick-gtb6-n1211\/","og_locale":"vi_VN","og_type":"article","og_title":"SICK GTB6-N1211 - OMANI VI\u1ec6T NAM","og_description":"SICK GTB6-N1211 SICK GTB6-N1212 GTB6-N1212 = GTB6-N1211 + g\u00e1 C\u1ea3m bi\u1ebfn quang \u0111i\u1ec7n\u00a0SICK GTB6-N1211\u00a0l\u00e0 thi\u1ebft b\u1ecb c\u1ea3m bi\u1ebfn t\u1ef1 \u0111\u1ed9ng gi\u00fap vi\u1ec7c chuy\u1ec3n t\u1ea3i (di chuy\u1ec3n) c\u00f3 ki\u1ec3m so\u00e1t:\u00a0Ki\u1ec3m tra c\u00e1c \u0111\u1ed1i t\u01b0\u1ee3ng c\u00f3 m\u1eb7t \u1edf v\u1ecb tr\u00ed chuy\u1ec3n giao, x\u00e1c \u0111\u1ecbnh \u0111\u1ed1i t\u01b0\u1ee3ng ra v\u00e0o tr\u00ean \u0111\u01b0\u1eddng chuy\u1ec1n, ki\u1ec3m&hellip;","og_url":"https:\/\/sipin.com.vn\/index.php\/product\/sick-gtb6-n1211\/","og_site_name":"OMANI VI\u1ec6T NAM","og_image":[{"width":502,"height":600,"url":"https:\/\/sipin.com.vn\/wp-content\/uploads\/2024\/08\/GTB6-N1211.png","type":"image\/png"}],"twitter_card":"summary_large_image","twitter_misc":{"\u01af\u1edbc t\u00ednh th\u1eddi gian \u0111\u1ecdc":"2 ph\u00fat"},"schema":{"@context":"https:\/\/schema.org","@graph":[{"@type":"WebPage","@id":"https:\/\/sipin.com.vn\/index.php\/product\/sick-gtb6-n1211\/","url":"https:\/\/sipin.com.vn\/index.php\/product\/sick-gtb6-n1211\/","name":"SICK GTB6-N1211 - OMANI VI\u1ec6T NAM","isPartOf":{"@id":"https:\/\/sipin.com.vn\/#website"},"primaryImageOfPage":{"@id":"https:\/\/sipin.com.vn\/index.php\/product\/sick-gtb6-n1211\/#primaryimage"},"image":{"@id":"https:\/\/sipin.com.vn\/index.php\/product\/sick-gtb6-n1211\/#primaryimage"},"thumbnailUrl":"https:\/\/sipin.com.vn\/wp-content\/uploads\/2024\/08\/GTB6-N1211.png","datePublished":"2024-08-09T22:18:30+00:00","dateModified":"2024-08-09T22:18:30+00:00","breadcrumb":{"@id":"https:\/\/sipin.com.vn\/index.php\/product\/sick-gtb6-n1211\/#breadcrumb"},"inLanguage":"vi","potentialAction":[{"@type":"ReadAction","target":["https:\/\/sipin.com.vn\/index.php\/product\/sick-gtb6-n1211\/"]}]},{"@type":"ImageObject","inLanguage":"vi","@id":"https:\/\/sipin.com.vn\/index.php\/product\/sick-gtb6-n1211\/#primaryimage","url":"https:\/\/sipin.com.vn\/wp-content\/uploads\/2024\/08\/GTB6-N1211.png","contentUrl":"https:\/\/sipin.com.vn\/wp-content\/uploads\/2024\/08\/GTB6-N1211.png","width":502,"height":600},{"@type":"BreadcrumbList","@id":"https:\/\/sipin.com.vn\/index.php\/product\/sick-gtb6-n1211\/#breadcrumb","itemListElement":[{"@type":"ListItem","position":1,"name":"Home","item":"https:\/\/sipin.com.vn\/"},{"@type":"ListItem","position":2,"name":"S\u1ea2N PH\u1ea8M","item":"https:\/\/sipin.com.vn\/index.php\/cua-hang\/"},{"@type":"ListItem","position":3,"name":"SICK GTB6-N1211"}]},{"@type":"WebSite","@id":"https:\/\/sipin.com.vn\/#website","url":"https:\/\/sipin.com.vn\/","name":"OMANI VI\u1ec6T NAM","description":"Nh\u00e0 ph\u00e2n ph\u1ed1i thi\u1ebft b\u1ecb kh\u00ed n\u00e9n v\u00e0 thi\u1ebft b\u1ecb t\u1ef1 \u0111\u1ed9ng h\u00f3a trong c\u00f4ng nghi\u1ec7p","publisher":{"@id":"https:\/\/sipin.com.vn\/#\/schema\/person\/0ad398a980dc3fd696111c2c5c8fa897"},"potentialAction":[{"@type":"SearchAction","target":{"@type":"EntryPoint","urlTemplate":"https:\/\/sipin.com.vn\/?s={search_term_string}"},"query-input":"required name=search_term_string"}],"inLanguage":"vi"},{"@type":["Person","Organization"],"@id":"https:\/\/sipin.com.vn\/#\/schema\/person\/0ad398a980dc3fd696111c2c5c8fa897","name":"Nguy\u1ec5n V\u0103n Kh\u00e1nh","image":{"@type":"ImageObject","inLanguage":"vi","@id":"https:\/\/sipin.com.vn\/#\/schema\/person\/image\/","url":"https:\/\/sipin.com.vn\/wp-content\/uploads\/2024\/06\/logo-1024x1024.png","contentUrl":"https:\/\/sipin.com.vn\/wp-content\/uploads\/2024\/06\/logo-1024x1024.png","width":1024,"height":1024,"caption":"Nguy\u1ec5n V\u0103n Kh\u00e1nh"},"logo":{"@id":"https:\/\/sipin.com.vn\/#\/schema\/person\/image\/"},"sameAs":["https:\/\/sipin.com.vn"]}]}},"_links":{"self":[{"href":"https:\/\/sipin.com.vn\/index.php\/wp-json\/wp\/v2\/product\/1380","targetHints":{"allow":["GET"]}}],"collection":[{"href":"https:\/\/sipin.com.vn\/index.php\/wp-json\/wp\/v2\/product"}],"about":[{"href":"https:\/\/sipin.com.vn\/index.php\/wp-json\/wp\/v2\/types\/product"}],"replies":[{"embeddable":true,"href":"https:\/\/sipin.com.vn\/index.php\/wp-json\/wp\/v2\/comments?post=1380"}],"wp:featuredmedia":[{"embeddable":true,"href":"https:\/\/sipin.com.vn\/index.php\/wp-json\/wp\/v2\/media\/1381"}],"wp:attachment":[{"href":"https:\/\/sipin.com.vn\/index.php\/wp-json\/wp\/v2\/media?parent=1380"}],"wp:term":[{"taxonomy":"product_cat","embeddable":true,"href":"https:\/\/sipin.com.vn\/index.php\/wp-json\/wp\/v2\/product_cat?post=1380"},{"taxonomy":"product_tag","embeddable":true,"href":"https:\/\/sipin.com.vn\/index.php\/wp-json\/wp\/v2\/product_tag?post=1380"}],"curies":[{"name":"wp","href":"https:\/\/api.w.org\/{rel}","templated":true}]}}