{"id":1372,"date":"2024-08-09T05:30:03","date_gmt":"2024-08-08T22:30:03","guid":{"rendered":"https:\/\/omanivietnam.com\/?post_type=product&#038;p=1372"},"modified":"2024-08-09T05:32:08","modified_gmt":"2024-08-08T22:32:08","slug":"smc-ac40-04g-a-2","status":"publish","type":"product","link":"https:\/\/sipin.com.vn\/index.php\/product\/smc-ac40-04g-a-2\/","title":{"rendered":"SMC AC40-04G-A"},"content":{"rendered":"<p>SMC AC40-04G-A<\/p>\n<p>SMC AC40-04-A<\/p>\n<p><strong>B\u1ed9 l\u1ecdc kh\u00ed AC40-04-A SMC<\/strong><\/p>\n<p><b>AC40-04-A SMC\u00a0<\/b>\u0111\u01b0\u1ee3c s\u1eed d\u1ee5ng k\u1ebft h\u1ee3p v\u1edbi c\u00e1c ph\u1ea7n kh\u00e1c trong h\u1ec7 th\u1ed1ng kh\u00ed n\u00e9n nh\u1eb1m lo\u1ea1i b\u1ecf m\u1ed9t s\u1ed1 l\u01b0\u1ee3ng nh\u1ea5t \u0111\u1ecbnh h\u01a1i n\u01b0\u1edbc, v\u00e0 ch\u1ea5t b\u1ee5i r\u1eafn, \u0111\u1ed3ng th\u1eddi b\u00f4i tr\u01a1n v\u00e0 ki\u1ec3m so\u00e1t \u00e1p su\u1ea5t c\u1ee7a c\u00e1c thi\u1ebft b\u1ecb kh\u00ed n\u00e9n kh\u00e1c ho\u1eb7c van \u0111i\u1ec7n t\u1eeb trong h\u1ec7 th\u1ed1ng.<\/p>\n<p><strong>T\u00ednh n\u0103ng n\u1ed5i b\u1eadt c\u1ee7a b\u1ed9 l\u1ecdc kh\u00ed n\u00e9n SMC<\/strong><\/p>\n<ul>\n<li>Kh\u1ea3 n\u0103ng ch\u1ed1ng ch\u1ecbu v\u1edbi m\u00f4i tr\u01b0\u1eddng kh\u1eafc nghi\u1ec7t t\u1ed1t h\u01a1n<\/li>\n<li>K\u00edch th\u01b0\u1edbc \u0111\u01b0\u1ee3c thi\u1ebft k\u1ebf gi\u1ea3m \u0111i \u0111\u00e1ng k\u1ec3 ( c\u00f3 th\u1ec3 t\u1edbi 46%) gi\u00fap ti\u1ebft ki\u1ec7m kh\u00f4ng gian l\u1eafp \u0111\u1eb7t<\/li>\n<li>C\u1ed1c \u0111\u1ef1ng n\u01b0\u1edbc v\u00e0 d\u1ea7u \u0111\u01b0\u1ee3c l\u00e0m b\u1eb1ng v\u1eadt li\u1ec7u trong su\u1ed1t, ph\u1ee7 1 l\u1edbp ch\u1ed1ng m\u1edd gi\u00fap c\u00f3 th\u1ec3 quan s\u00e1t m\u1ee9c d\u1ea7u ho\u1eb7c n\u01b0\u1edbc t\u1ed1t h\u01a1n, g\u00f3c nh\u00ecn 360 \u0111\u1ed9<\/li>\n<li>D\u1ec5 d\u00e0ng thay th\u1ebf v\u00e0 b\u1ea3o tr\u00ec, c\u00f3 th\u1ec3 l\u1eafp v\u1eeba c\u00e1c model c\u0169<\/li>\n<li>C\u1ea3i thi\u1ec7n 50% kh\u1ea3 n\u0103ng suy gi\u1ea3m \u00e1p su\u1ea5t v\u1edbi model tr\u01b0\u1edbc<\/li>\n<\/ul>\n<p><strong>Th\u00f4ng s\u1ed1 k\u1ef9 thu\u1eadt b\u1ed9 l\u1ecdc kh\u00ed n\u00e9n AC40-04-A\u00a0<\/strong><strong>SMC<\/strong><\/p>\n<ul>\n<li>\n<ul>\n<li><strong>Model: AC40-04-A<\/strong><\/li>\n<li>M\u00f4i ch\u1ea5t: Kh\u00ed<\/li>\n<li>\u00c1p su\u1ea5t l\u00e0m vi\u1ec7c: 0.05 \u2013 0.7 Mpa<\/li>\n<li>L\u1edbp l\u1ecdc b\u1ee5i r\u1eafn: 5 \u03bcm<\/li>\n<li>\u00c1p su\u1ea5t ph\u00e1 h\u1ee7y: 1.5 MPa<\/li>\n<li>\u00c1p su\u1ea5t l\u00e0m vi\u1ec7c m\u00e3: 1.0 MPa<\/li>\n<li>V\u1eadt li\u1ec7u c\u1ed1c (AF\/AL): Polycarbonate<\/li>\n<li>Nhi\u1ec7t \u0111\u1ed9 m\u00f4i tr\u01b0\u1eddng: \u2013 5 \u2013 60 \u0111\u1ed9 C ( Kh\u00f4ng \u0111\u00f3ng b\u0103ng )<\/li>\n<li>Kh\u1ed1i l\u01b0\u1ee3ng: 0.27 kg<\/li>\n<\/ul>\n<\/li>\n<\/ul>\n<p><img fetchpriority=\"high\" decoding=\"async\" class=\"\" src=\"https:\/\/sp-ao.shortpixel.ai\/client\/to_webp,q_lossy,ret_img,w_800,h_317\/https:\/\/dienmaysg.com\/wp-content\/uploads\/2021\/08\/Thong-so-ky-thuat-bo-loc-khi-SMC-800x317.jpg\" alt=\"Th\u00f4ng s\u1ed1 k\u1ef9 thu\u1eadt b\u1ed9 l\u1ecdc kh\u00ed SMC\" width=\"806\" height=\"320\" \/><\/p>\n<p class=\"m-h1\">Air Combination, Air Filter + Regulator + Lubricator, AC10-A to AC40-A (AC40-04G-A)<\/p>\n<p class=\"m-h2\">Product Description<\/p>\n<p>SMC modular-type F.R.L. combination unit.<br \/>\n[Features]<br \/>\n\u00b7 Uses a transparent bowl guard.<br \/>\n\u00b7 A transparent bowl guard with improved environmental resistance that provides all-round protection.<br \/>\n\u00b7 The manufacturer has removed the window from the bowl guard and instead covered the entire internal bowl with a polycarbonate transparent bowl guard.<br \/>\n\u00b7 Now, even if the environment changes and the bowl is exposed to corrosive chemicals or oil, the foreign matter will not stick directly to the pressurized bowl. This can help reduce the risk of the bowl breaking.<br \/>\n\u00b7 Superior visibility: 360\u00b0<br \/>\n\u00b7 The use of the transparent bowl guard allows you to check the status of the drain inside the filter bowl and to check the amount of residual oil in the lubricator from any angle.<br \/>\n\u00b7 Weight reduction: reduced by up to 90\u00a0g<br \/>\n\u00b7 Without corrosion. The use of a resin body ensures there is no rusting.<\/p>\n<p>&nbsp;<\/p>\n<h3 class=\"m-h3\"><span data-lang=\"ENG\">Configured Specifications<\/span><\/h3>\n<table class=\"m-listTable\" summary=\"Price, Spec., etc.\">\n<colgroup>\n<col width=\"20%\" \/>\n<col width=\"30%\" \/>\n<col width=\"20%\" \/>\n<col width=\"30%\" \/><\/colgroup>\n<tbody>\n<tr>\n<th>Regulator Unit Combination<\/th>\n<td>Air Filter + Regulator + Lubricator<\/td>\n<th>Connection Dia.<\/th>\n<td>Rc1\/2<\/td>\n<\/tr>\n<tr>\n<th>Filter, Filtration Level<\/th>\n<td>5\u03bcm<\/td>\n<th>Compressed Air Quality<\/th>\n<td>General Dry Air<\/td>\n<\/tr>\n<tr>\n<th>Max. Operating Pressure(MPa)<\/th>\n<td>1<\/td>\n<th>Case Material<\/th>\n<td>[Plastic] Polycarbonate Case<\/td>\n<\/tr>\n<tr>\n<th>Case Guard<\/th>\n<td>Presence<\/td>\n<th>Exhaust Structure<\/th>\n<td>Relief type<\/td>\n<\/tr>\n<tr>\n<th>Flow Direction<\/th>\n<td>[Standard Flow (Left to Right)] Standard Flow (Left to Right)<\/td>\n<th>Drain Cock<\/th>\n<td>[Manual] Manual<\/td>\n<\/tr>\n<tr>\n<th>Pressure Gauge<\/th>\n<td>No (No Pressure Port Plug)<\/td>\n<th>Size of Body<\/th>\n<td>40<\/td>\n<\/tr>\n<tr class=\"VN_table-row\">\n<th>Check Valve<\/th>\n<td>None<\/td>\n<th>Pressure Switch<\/th>\n<td>None<\/td>\n<\/tr>\n<tr class=\"VN_table-row\">\n<th>Residual Pressure Relief 3-Port Connection Valve<\/th>\n<td>None<\/td>\n<th>Set Pressure<\/th>\n<td>0.05 to 0.7\u00a0MPa<\/td>\n<\/tr>\n<tr class=\"VN_table-row\">\n<th>Drain Outlet<\/th>\n<td>With drain cock<\/td>\n<th>Lubricator Oil Discharge Outlet<\/th>\n<td>Without drain cock<\/td>\n<\/tr>\n<tr class=\"VN_table-row\">\n<th>Pressure Unit<\/th>\n<td>Unit used on nameplate and pressure gauge: MPa<\/td>\n<th>T shape spacer<\/th>\n<td>None<\/td>\n<\/tr>\n<tr class=\"VN_table-row\">\n<th>Made to order specifications<\/th>\n<td>None<\/td>\n<th>RoHS<\/th>\n<td>&#8211;<\/td>\n<\/tr>\n<\/tbody>\n<\/table>\n<p>&nbsp;<\/p>\n<p>&nbsp;<\/p>\n<p>\u0110\u1ea1i l\u00fd SMC vietnam, SMC viet nam, SMC vietnam distributor, Ph\u00e2n ph\u1ed1i SMC t\u1ea1i vi\u1ec7t nam<\/p>\n<p>\u0110\u1ea1i l\u00fd SMC vietnam, SMC viet nam, SMC vietnam distributor, Ph\u00e2n ph\u1ed1i SMC t\u1ea1i vi\u1ec7t nam<\/p>\n<p>\u0110\u1ea1i l\u00fd SMC vietnam, SMC viet nam, SMC vietnam distributor, Ph\u00e2n ph\u1ed1i SMC t\u1ea1i vi\u1ec7t nam<\/p>\n<p>\u0110\u1ea1i l\u00fd SMC vietnam, SMC viet nam, SMC vietnam distributor, Ph\u00e2n ph\u1ed1i SMC t\u1ea1i vi\u1ec7t nam<\/p>\n<p>\u0110\u1ea1i l\u00fd SMC vietnam, SMC viet nam, SMC vietnam distributor, Ph\u00e2n ph\u1ed1i SMC t\u1ea1i vi\u1ec7t nam<\/p>\n","protected":false},"excerpt":{"rendered":"<p>SMC AC40-04G-A SMC AC40-04-A B\u1ed9 l\u1ecdc kh\u00ed AC40-04-A SMC AC40-04-A SMC\u00a0\u0111\u01b0\u1ee3c s\u1eed d\u1ee5ng k\u1ebft h\u1ee3p v\u1edbi c\u00e1c ph\u1ea7n kh\u00e1c trong h\u1ec7 th\u1ed1ng kh\u00ed n\u00e9n nh\u1eb1m lo\u1ea1i b\u1ecf m\u1ed9t s\u1ed1 l\u01b0\u1ee3ng nh\u1ea5t \u0111\u1ecbnh h\u01a1i n\u01b0\u1edbc, v\u00e0 ch\u1ea5t b\u1ee5i r\u1eafn, \u0111\u1ed3ng th\u1eddi b\u00f4i tr\u01a1n v\u00e0 ki\u1ec3m so\u00e1t \u00e1p su\u1ea5t c\u1ee7a c\u00e1c thi\u1ebft&hellip; <\/p>\n","protected":false},"featured_media":1373,"comment_status":"open","ping_status":"closed","template":"","meta":{"om_disable_all_campaigns":false,"_monsterinsights_skip_tracking":false,"_monsterinsights_sitenote_active":false,"_monsterinsights_sitenote_note":"","_monsterinsights_sitenote_category":0},"product_cat":[15],"product_tag":[93,92,350],"class_list":{"0":"post-1372","1":"product","2":"type-product","3":"status-publish","4":"has-post-thumbnail","6":"product_cat-apex","7":"product_tag-dai-ly-smc-viet-nam","8":"product_tag-smc-viet-nam","9":"product_tag-thiet-bi-loc-khi","11":"first","12":"instock","13":"shipping-taxable","14":"product-type-simple"},"aioseo_notices":[],"yoast_head":"<!-- This site is optimized with the Yoast SEO plugin v22.8 - https:\/\/yoast.com\/wordpress\/plugins\/seo\/ -->\n<title>SMC AC40-04G-A - OMANI VI\u1ec6T NAM<\/title>\n<meta name=\"robots\" content=\"index, follow, max-snippet:-1, max-image-preview:large, max-video-preview:-1\" \/>\n<link rel=\"canonical\" href=\"https:\/\/sipin.com.vn\/index.php\/product\/smc-ac40-04g-a-2\/\" \/>\n<meta property=\"og:locale\" content=\"vi_VN\" \/>\n<meta property=\"og:type\" content=\"article\" \/>\n<meta property=\"og:title\" content=\"SMC AC40-04G-A - OMANI VI\u1ec6T NAM\" \/>\n<meta property=\"og:description\" content=\"SMC AC40-04G-A SMC AC40-04-A B\u1ed9 l\u1ecdc kh\u00ed AC40-04-A SMC AC40-04-A SMC\u00a0\u0111\u01b0\u1ee3c s\u1eed d\u1ee5ng k\u1ebft h\u1ee3p v\u1edbi c\u00e1c ph\u1ea7n kh\u00e1c trong h\u1ec7 th\u1ed1ng kh\u00ed n\u00e9n nh\u1eb1m lo\u1ea1i b\u1ecf m\u1ed9t s\u1ed1 l\u01b0\u1ee3ng nh\u1ea5t \u0111\u1ecbnh h\u01a1i n\u01b0\u1edbc, v\u00e0 ch\u1ea5t b\u1ee5i r\u1eafn, \u0111\u1ed3ng th\u1eddi b\u00f4i tr\u01a1n v\u00e0 ki\u1ec3m so\u00e1t \u00e1p su\u1ea5t c\u1ee7a c\u00e1c thi\u1ebft&hellip;\" \/>\n<meta property=\"og:url\" content=\"https:\/\/sipin.com.vn\/index.php\/product\/smc-ac40-04g-a-2\/\" \/>\n<meta property=\"og:site_name\" content=\"OMANI VI\u1ec6T NAM\" \/>\n<meta property=\"article:modified_time\" content=\"2024-08-08T22:32:08+00:00\" \/>\n<meta property=\"og:image\" content=\"https:\/\/sipin.com.vn\/wp-content\/uploads\/2024\/08\/AC40-04-A.jpg\" \/>\n\t<meta property=\"og:image:width\" content=\"960\" \/>\n\t<meta property=\"og:image:height\" content=\"1280\" \/>\n\t<meta property=\"og:image:type\" content=\"image\/jpeg\" \/>\n<meta name=\"twitter:card\" content=\"summary_large_image\" \/>\n<meta name=\"twitter:label1\" content=\"\u01af\u1edbc t\u00ednh th\u1eddi gian \u0111\u1ecdc\" \/>\n\t<meta name=\"twitter:data1\" content=\"4 ph\u00fat\" \/>\n<script type=\"application\/ld+json\" class=\"yoast-schema-graph\">{\"@context\":\"https:\/\/schema.org\",\"@graph\":[{\"@type\":\"WebPage\",\"@id\":\"https:\/\/sipin.com.vn\/index.php\/product\/smc-ac40-04g-a-2\/\",\"url\":\"https:\/\/sipin.com.vn\/index.php\/product\/smc-ac40-04g-a-2\/\",\"name\":\"SMC AC40-04G-A - OMANI VI\u1ec6T NAM\",\"isPartOf\":{\"@id\":\"https:\/\/sipin.com.vn\/#website\"},\"primaryImageOfPage\":{\"@id\":\"https:\/\/sipin.com.vn\/index.php\/product\/smc-ac40-04g-a-2\/#primaryimage\"},\"image\":{\"@id\":\"https:\/\/sipin.com.vn\/index.php\/product\/smc-ac40-04g-a-2\/#primaryimage\"},\"thumbnailUrl\":\"https:\/\/sipin.com.vn\/wp-content\/uploads\/2024\/08\/AC40-04-A.jpg\",\"datePublished\":\"2024-08-08T22:30:03+00:00\",\"dateModified\":\"2024-08-08T22:32:08+00:00\",\"breadcrumb\":{\"@id\":\"https:\/\/sipin.com.vn\/index.php\/product\/smc-ac40-04g-a-2\/#breadcrumb\"},\"inLanguage\":\"vi\",\"potentialAction\":[{\"@type\":\"ReadAction\",\"target\":[\"https:\/\/sipin.com.vn\/index.php\/product\/smc-ac40-04g-a-2\/\"]}]},{\"@type\":\"ImageObject\",\"inLanguage\":\"vi\",\"@id\":\"https:\/\/sipin.com.vn\/index.php\/product\/smc-ac40-04g-a-2\/#primaryimage\",\"url\":\"https:\/\/sipin.com.vn\/wp-content\/uploads\/2024\/08\/AC40-04-A.jpg\",\"contentUrl\":\"https:\/\/sipin.com.vn\/wp-content\/uploads\/2024\/08\/AC40-04-A.jpg\",\"width\":960,\"height\":1280},{\"@type\":\"BreadcrumbList\",\"@id\":\"https:\/\/sipin.com.vn\/index.php\/product\/smc-ac40-04g-a-2\/#breadcrumb\",\"itemListElement\":[{\"@type\":\"ListItem\",\"position\":1,\"name\":\"Home\",\"item\":\"https:\/\/sipin.com.vn\/\"},{\"@type\":\"ListItem\",\"position\":2,\"name\":\"S\u1ea2N PH\u1ea8M\",\"item\":\"https:\/\/sipin.com.vn\/index.php\/cua-hang\/\"},{\"@type\":\"ListItem\",\"position\":3,\"name\":\"SMC AC40-04G-A\"}]},{\"@type\":\"WebSite\",\"@id\":\"https:\/\/sipin.com.vn\/#website\",\"url\":\"https:\/\/sipin.com.vn\/\",\"name\":\"OMANI VI\u1ec6T NAM\",\"description\":\"Nh\u00e0 ph\u00e2n ph\u1ed1i thi\u1ebft b\u1ecb kh\u00ed n\u00e9n v\u00e0 thi\u1ebft b\u1ecb t\u1ef1 \u0111\u1ed9ng h\u00f3a trong c\u00f4ng nghi\u1ec7p\",\"publisher\":{\"@id\":\"https:\/\/sipin.com.vn\/#\/schema\/person\/0ad398a980dc3fd696111c2c5c8fa897\"},\"potentialAction\":[{\"@type\":\"SearchAction\",\"target\":{\"@type\":\"EntryPoint\",\"urlTemplate\":\"https:\/\/sipin.com.vn\/?s={search_term_string}\"},\"query-input\":\"required name=search_term_string\"}],\"inLanguage\":\"vi\"},{\"@type\":[\"Person\",\"Organization\"],\"@id\":\"https:\/\/sipin.com.vn\/#\/schema\/person\/0ad398a980dc3fd696111c2c5c8fa897\",\"name\":\"Nguy\u1ec5n V\u0103n Kh\u00e1nh\",\"image\":{\"@type\":\"ImageObject\",\"inLanguage\":\"vi\",\"@id\":\"https:\/\/sipin.com.vn\/#\/schema\/person\/image\/\",\"url\":\"https:\/\/sipin.com.vn\/wp-content\/uploads\/2024\/06\/logo-1024x1024.png\",\"contentUrl\":\"https:\/\/sipin.com.vn\/wp-content\/uploads\/2024\/06\/logo-1024x1024.png\",\"width\":1024,\"height\":1024,\"caption\":\"Nguy\u1ec5n V\u0103n Kh\u00e1nh\"},\"logo\":{\"@id\":\"https:\/\/sipin.com.vn\/#\/schema\/person\/image\/\"},\"sameAs\":[\"https:\/\/sipin.com.vn\"]}]}<\/script>\n<!-- \/ Yoast SEO plugin. -->","yoast_head_json":{"title":"SMC AC40-04G-A - OMANI VI\u1ec6T NAM","robots":{"index":"index","follow":"follow","max-snippet":"max-snippet:-1","max-image-preview":"max-image-preview:large","max-video-preview":"max-video-preview:-1"},"canonical":"https:\/\/sipin.com.vn\/index.php\/product\/smc-ac40-04g-a-2\/","og_locale":"vi_VN","og_type":"article","og_title":"SMC AC40-04G-A - OMANI VI\u1ec6T NAM","og_description":"SMC AC40-04G-A SMC AC40-04-A B\u1ed9 l\u1ecdc kh\u00ed AC40-04-A SMC AC40-04-A SMC\u00a0\u0111\u01b0\u1ee3c s\u1eed d\u1ee5ng k\u1ebft h\u1ee3p v\u1edbi c\u00e1c ph\u1ea7n kh\u00e1c trong h\u1ec7 th\u1ed1ng kh\u00ed n\u00e9n nh\u1eb1m lo\u1ea1i b\u1ecf m\u1ed9t s\u1ed1 l\u01b0\u1ee3ng nh\u1ea5t \u0111\u1ecbnh h\u01a1i n\u01b0\u1edbc, v\u00e0 ch\u1ea5t b\u1ee5i r\u1eafn, \u0111\u1ed3ng th\u1eddi b\u00f4i tr\u01a1n v\u00e0 ki\u1ec3m so\u00e1t \u00e1p su\u1ea5t c\u1ee7a c\u00e1c thi\u1ebft&hellip;","og_url":"https:\/\/sipin.com.vn\/index.php\/product\/smc-ac40-04g-a-2\/","og_site_name":"OMANI VI\u1ec6T NAM","article_modified_time":"2024-08-08T22:32:08+00:00","og_image":[{"width":960,"height":1280,"url":"https:\/\/sipin.com.vn\/wp-content\/uploads\/2024\/08\/AC40-04-A.jpg","type":"image\/jpeg"}],"twitter_card":"summary_large_image","twitter_misc":{"\u01af\u1edbc t\u00ednh th\u1eddi gian \u0111\u1ecdc":"4 ph\u00fat"},"schema":{"@context":"https:\/\/schema.org","@graph":[{"@type":"WebPage","@id":"https:\/\/sipin.com.vn\/index.php\/product\/smc-ac40-04g-a-2\/","url":"https:\/\/sipin.com.vn\/index.php\/product\/smc-ac40-04g-a-2\/","name":"SMC AC40-04G-A - OMANI VI\u1ec6T NAM","isPartOf":{"@id":"https:\/\/sipin.com.vn\/#website"},"primaryImageOfPage":{"@id":"https:\/\/sipin.com.vn\/index.php\/product\/smc-ac40-04g-a-2\/#primaryimage"},"image":{"@id":"https:\/\/sipin.com.vn\/index.php\/product\/smc-ac40-04g-a-2\/#primaryimage"},"thumbnailUrl":"https:\/\/sipin.com.vn\/wp-content\/uploads\/2024\/08\/AC40-04-A.jpg","datePublished":"2024-08-08T22:30:03+00:00","dateModified":"2024-08-08T22:32:08+00:00","breadcrumb":{"@id":"https:\/\/sipin.com.vn\/index.php\/product\/smc-ac40-04g-a-2\/#breadcrumb"},"inLanguage":"vi","potentialAction":[{"@type":"ReadAction","target":["https:\/\/sipin.com.vn\/index.php\/product\/smc-ac40-04g-a-2\/"]}]},{"@type":"ImageObject","inLanguage":"vi","@id":"https:\/\/sipin.com.vn\/index.php\/product\/smc-ac40-04g-a-2\/#primaryimage","url":"https:\/\/sipin.com.vn\/wp-content\/uploads\/2024\/08\/AC40-04-A.jpg","contentUrl":"https:\/\/sipin.com.vn\/wp-content\/uploads\/2024\/08\/AC40-04-A.jpg","width":960,"height":1280},{"@type":"BreadcrumbList","@id":"https:\/\/sipin.com.vn\/index.php\/product\/smc-ac40-04g-a-2\/#breadcrumb","itemListElement":[{"@type":"ListItem","position":1,"name":"Home","item":"https:\/\/sipin.com.vn\/"},{"@type":"ListItem","position":2,"name":"S\u1ea2N PH\u1ea8M","item":"https:\/\/sipin.com.vn\/index.php\/cua-hang\/"},{"@type":"ListItem","position":3,"name":"SMC AC40-04G-A"}]},{"@type":"WebSite","@id":"https:\/\/sipin.com.vn\/#website","url":"https:\/\/sipin.com.vn\/","name":"OMANI VI\u1ec6T NAM","description":"Nh\u00e0 ph\u00e2n ph\u1ed1i thi\u1ebft b\u1ecb kh\u00ed n\u00e9n v\u00e0 thi\u1ebft b\u1ecb t\u1ef1 \u0111\u1ed9ng h\u00f3a trong c\u00f4ng nghi\u1ec7p","publisher":{"@id":"https:\/\/sipin.com.vn\/#\/schema\/person\/0ad398a980dc3fd696111c2c5c8fa897"},"potentialAction":[{"@type":"SearchAction","target":{"@type":"EntryPoint","urlTemplate":"https:\/\/sipin.com.vn\/?s={search_term_string}"},"query-input":"required name=search_term_string"}],"inLanguage":"vi"},{"@type":["Person","Organization"],"@id":"https:\/\/sipin.com.vn\/#\/schema\/person\/0ad398a980dc3fd696111c2c5c8fa897","name":"Nguy\u1ec5n V\u0103n Kh\u00e1nh","image":{"@type":"ImageObject","inLanguage":"vi","@id":"https:\/\/sipin.com.vn\/#\/schema\/person\/image\/","url":"https:\/\/sipin.com.vn\/wp-content\/uploads\/2024\/06\/logo-1024x1024.png","contentUrl":"https:\/\/sipin.com.vn\/wp-content\/uploads\/2024\/06\/logo-1024x1024.png","width":1024,"height":1024,"caption":"Nguy\u1ec5n V\u0103n Kh\u00e1nh"},"logo":{"@id":"https:\/\/sipin.com.vn\/#\/schema\/person\/image\/"},"sameAs":["https:\/\/sipin.com.vn"]}]}},"_links":{"self":[{"href":"https:\/\/sipin.com.vn\/index.php\/wp-json\/wp\/v2\/product\/1372","targetHints":{"allow":["GET"]}}],"collection":[{"href":"https:\/\/sipin.com.vn\/index.php\/wp-json\/wp\/v2\/product"}],"about":[{"href":"https:\/\/sipin.com.vn\/index.php\/wp-json\/wp\/v2\/types\/product"}],"replies":[{"embeddable":true,"href":"https:\/\/sipin.com.vn\/index.php\/wp-json\/wp\/v2\/comments?post=1372"}],"wp:featuredmedia":[{"embeddable":true,"href":"https:\/\/sipin.com.vn\/index.php\/wp-json\/wp\/v2\/media\/1373"}],"wp:attachment":[{"href":"https:\/\/sipin.com.vn\/index.php\/wp-json\/wp\/v2\/media?parent=1372"}],"wp:term":[{"taxonomy":"product_cat","embeddable":true,"href":"https:\/\/sipin.com.vn\/index.php\/wp-json\/wp\/v2\/product_cat?post=1372"},{"taxonomy":"product_tag","embeddable":true,"href":"https:\/\/sipin.com.vn\/index.php\/wp-json\/wp\/v2\/product_tag?post=1372"}],"curies":[{"name":"wp","href":"https:\/\/api.w.org\/{rel}","templated":true}]}}