{"id":1355,"date":"2024-08-06T05:17:53","date_gmt":"2024-08-05T22:17:53","guid":{"rendered":"https:\/\/omanivietnam.com\/?post_type=product&#038;p=1355"},"modified":"2024-08-06T05:17:53","modified_gmt":"2024-08-05T22:17:53","slug":"omron-d4n-4a62","status":"publish","type":"product","link":"https:\/\/sipin.com.vn\/index.php\/product\/omron-d4n-4a62\/","title":{"rendered":"OMRON D4N-4A62"},"content":{"rendered":"<p>OMRON D4N-4A62<\/p>\n<p>OMRON t\u1ef1 h\u00e0o l\u00e0 th\u01b0\u01a1ng hi\u1ec7u d\u1eabn \u0111\u1ea7u to\u00e0n c\u1ea7u v\u1ec1 t\u1ef1 \u0111\u1ed9ng h\u00f3a ti\u00ean ti\u1ebfn, C\u00f4ng ngh\u1ec7 C\u1ea3m bi\u1ebfn v\u00e0 \u0110i\u1ec1u khi\u1ec3n. C\u00e1c thi\u1ebft b\u1ecb c\u1ee7a Omron \u0111\u01b0\u1ee3c thi\u1ebft k\u1ebf th\u00f4ng minh v\u00e0 ch\u1ea5t l\u01b0\u1ee3ng v\u01b0\u1ee3t tr\u1ed9i \u0111em \u0111\u1ebfn cho kh\u00e1ch h\u00e0ng s\u1ef1 y\u00ean t\u00e2m khi s\u1eed d\u1ee5ng. \u0110\u1eb7c bi\u1ec7t, Omron lu\u00f4n l\u00e0 th\u01b0\u01a1ng hi\u1ec7u \u0111\u01b0\u1ee3c c\u00e1c c\u00f4ng ty, k\u1ef9 s\u01b0 \u0111i\u1ec7n v\u00e0 c\u00f4ng ngh\u1ec7 tin d\u00f9ng s\u1eed d\u1ee5ng trong c\u00e1c c\u00f4ng tr\u00ecnh l\u1edbn b\u1edfi \u0111\u1ed9 an to\u00e0n tuy\u1ec7t \u0111\u1ed1i c\u0169ng nh\u01b0 ch\u1ea5t l\u01b0\u1ee3ng m\u00e0 t\u1eebng thi\u1ebft b\u1ecb Omron mang l\u1ea1i.<\/p>\n<p>C\u00f4ng t\u1eafc h\u00e0nh tr\u00ecnh, D4N, M20 (1 \u1ed1ng d\u1eabn), 1NC\/1NO (t\u00e1c d\u1ee5ng ch\u1eadm), \u0111\u00f2n b\u1ea9y tay con l\u0103n m\u1ed9t chi\u1ec1u (ngang)<\/p>\n<p><strong>D4N<\/strong><\/p>\n<p>\u0110\u1ec3 bi\u1ebft c\u00f3 g\u00ec trong thi\u1ebft b\u1ecb c\u00f4ng nghi\u1ec7p c\u1ee7a b\u1ea1n, h\u00e3y tin t\u01b0\u1edfng v\u00e0o c\u00f4ng t\u1eafc kh\u00f3a li\u00ean \u0111\u1ed9ng n\u00e0y c\u1ee7a OMRON \u0111\u1ec3 ph\u00e1t hi\u1ec7n v\u1eadt th\u1ec3 m\u1ed9t c\u00e1ch ch\u00ednh x\u00e1c. N\u00f3 c\u00f3 c\u01a1 c\u1ea5u \u0111\u00f2n b\u1ea9y con l\u0103n ho\u1ea1t \u0111\u1ed9ng khi ti\u1ebfp x\u00fac, khi\u1ebfn n\u00f3 ph\u00f9 h\u1ee3p \u0111\u1ec3 s\u1eed d\u1ee5ng trong c\u00e1c \u1ee9ng d\u1ee5ng nh\u01b0 c\u1eeda an to\u00e0n. V\u1ecf nh\u1ef1a b\u1ec1n gi\u00fap b\u1ea3o v\u1ec7 kh\u1ecfi va \u0111\u1eadp, khi\u1ebfn \u0111\u00e2y tr\u1edf th\u00e0nh m\u1ed9t l\u1ef1a ch\u1ecdn \u0111\u00e1ng tin c\u1eady \u0111\u1ec3 s\u1eed d\u1ee5ng trong m\u00f4i tr\u01b0\u1eddng kh\u1eafc nghi\u1ec7t. B\u1ea1n c\u00f3 th\u1ec3 d\u1ec5 d\u00e0ng m\u1edf n\u1eafp c\u00f3 b\u1ea3n l\u1ec1 c\u1ee7a n\u00f3 b\u1eb1ng c\u00e1ch th\u00e1o n\u00f3 b\u1eb1ng tu\u1ed1c n\u01a1 v\u00edt \u0111\u1ec3 d\u1ec5 d\u00e0ng n\u1ed1i d\u00e2y v\u00e0 b\u1ea3o tr\u00ec. B\u1ed9 ph\u1eadn n\u00e0y l\u00e0 m\u1ed9t c\u00f4ng c\u1ee5 linh ho\u1ea1t c\u00f3 th\u1ec3 \u0111\u01b0\u1ee3c g\u1eafn \u1edf b\u1ea5t k\u1ef3 v\u1ecb tr\u00ed n\u00e0o ph\u00f9 h\u1ee3p v\u1edbi nhu c\u1ea7u thi\u1ebft k\u1ebf c\u1ee7a b\u1ea1n.<\/p>\n<p>C\u00f4ng t\u1eafc gi\u1edbi h\u1ea1n c\u00f3 v\u1ecf nh\u1ef1a<br \/>\nD\u00f2ng c\u00f4ng t\u1eafc gi\u1edbi h\u1ea1n D4N trong v\u1ecf nh\u1ef1a l\u00e0 c\u00f4ng t\u1eafc l\u00fd t\u01b0\u1edfng cho t\u1ea5t c\u1ea3 c\u00e1c \u1ee9ng d\u1ee5ng ph\u00e1t hi\u1ec7n v\u1ecb tr\u00ed c\u01a1 h\u1ecdc ti\u00eau chu\u1ea9n cho c\u1ea3 \u1ee9ng d\u1ee5ng an to\u00e0n v\u00e0 kh\u00f4ng an to\u00e0n.<\/p>\n<p>C\u01a1 ch\u1ebf m\u1edf tr\u1ef1c ti\u1ebfp v\u00e0 \u0111\u01b0\u1ee3c c\u01a1 quan th\u00f4ng b\u00e1o ph\u00ea duy\u1ec7t<br \/>\nV\u1ecf nh\u1ef1a ch\u1eafc ch\u1eafn v\u1edbi l\u1edbp c\u00e1ch nhi\u1ec7t k\u00e9p<br \/>\n\u0110a d\u1ea1ng c\u01a1 c\u1ea5u tay \u0111\u00f2n ch\u1ea5p h\u00e0nh<br \/>\n\u0110\u1ea7u n\u1ed1i M12 ho\u1eb7c kh\u1ed1i \u0111\u1ea5u n\u1ed1i v\u1edbi \u1ed1ng d\u1eabn M20<\/p>\n<p>&#8211; D\u00f2ng ti\u1ebfp \u0111i\u1ec3m: 300V 50\/60 Hz<br \/>\n&#8211; Ki\u1ec3u t\u00e1c \u0111\u1ed9ng: One-way roller arm lever<br \/>\n&#8211; T\u1ea7n s\u1ed1 ho\u1ea1t \u0111\u1ed9ng: Max . 30 l\u1ea7n\/Max<br \/>\n&#8211; Ch\u1ed1ng va \u0111\u1eadp:<br \/>\n+ \u0110\u1ed9 b\u1ec1n: 1000m\/s2<br \/>\n+ S\u1ef1 c\u1ed1: 300m\/s2<br \/>\n&#8211; Nhi\u1ec7t \u0111\u1ed9 m\u00f4i tr\u01b0\u1eddng: -30-70\u00b0C<br \/>\n&#8211; C\u1ea5p b\u1ea3o v\u1ec7: IP67<br \/>\n&#8211; Xu\u1ea5t x\u1ee9: Japan<\/p>\n<p><strong>Th\u00f4ng s\u1ed1 k\u0129 thu\u1eadt c\u00f4ng t\u1eafc an to\u00e0n nh\u1ecf\u00a0<\/strong><strong>D4N-4A62<\/strong><\/p>\n<table class=\"one table table-bordered mt-3\">\n<tbody>\n<tr>\n<td>Material housing<\/td>\n<td>Plastic<\/td>\n<\/tr>\n<tr>\n<td>Actuator type<\/td>\n<td>One-way roller arm lever<\/td>\n<\/tr>\n<tr>\n<td>Actuator detail<\/td>\n<td>Horizontal<\/td>\n<\/tr>\n<tr>\n<td>Connection method<\/td>\n<td>Terminal block<\/td>\n<\/tr>\n<tr>\n<td>Conduit size<\/td>\n<td>M20<\/td>\n<\/tr>\n<tr>\n<td>Cable entry direction<\/td>\n<td>Bottom<\/td>\n<\/tr>\n<tr>\n<td>Number of contacts, normally-open<\/td>\n<td>1<\/td>\n<\/tr>\n<tr>\n<td>Number of contacts, normally-closed<\/td>\n<td>1<\/td>\n<\/tr>\n<tr>\n<td>Make before break<\/td>\n<td><\/td>\n<\/tr>\n<tr>\n<td>Switch action<\/td>\n<td>Slow action<\/td>\n<\/tr>\n<\/tbody>\n<\/table>\n<p>\u0110\u1ea1i l\u00fd OMRON vietnam, OMRON viet nam, OMRON vietnam distributor, Ph\u00e2n ph\u1ed1i OMRON t\u1ea1i vi\u1ec7t nam<\/p>\n<p>\u0110\u1ea1i l\u00fd OMRON vietnam, OMRON viet nam, OMRON vietnam distributor, Ph\u00e2n ph\u1ed1i OMRON t\u1ea1i vi\u1ec7t nam<\/p>\n<p>\u0110\u1ea1i l\u00fd OMRON vietnam, OMRON viet nam, OMRON vietnam distributor, Ph\u00e2n ph\u1ed1i OMRON t\u1ea1i vi\u1ec7t nam<\/p>\n<p>\u0110\u1ea1i l\u00fd OMRON vietnam, OMRON viet nam, OMRON vietnam distributor, Ph\u00e2n ph\u1ed1i OMRON t\u1ea1i vi\u1ec7t nam<\/p>\n<p>\u0110\u1ea1i l\u00fd OMRON vietnam, OMRON viet nam, OMRON vietnam distributor, Ph\u00e2n ph\u1ed1i OMRON t\u1ea1i vi\u1ec7t nam<\/p>\n","protected":false},"excerpt":{"rendered":"<p>OMRON D4N-4A62 OMRON t\u1ef1 h\u00e0o l\u00e0 th\u01b0\u01a1ng hi\u1ec7u d\u1eabn \u0111\u1ea7u to\u00e0n c\u1ea7u v\u1ec1 t\u1ef1 \u0111\u1ed9ng h\u00f3a ti\u00ean ti\u1ebfn, C\u00f4ng ngh\u1ec7 C\u1ea3m bi\u1ebfn v\u00e0 \u0110i\u1ec1u khi\u1ec3n. C\u00e1c thi\u1ebft b\u1ecb c\u1ee7a Omron \u0111\u01b0\u1ee3c thi\u1ebft k\u1ebf th\u00f4ng minh v\u00e0 ch\u1ea5t l\u01b0\u1ee3ng v\u01b0\u1ee3t tr\u1ed9i \u0111em \u0111\u1ebfn cho kh\u00e1ch h\u00e0ng s\u1ef1 y\u00ean t\u00e2m khi s\u1eed&hellip; <\/p>\n","protected":false},"featured_media":1356,"comment_status":"open","ping_status":"closed","template":"","meta":{"om_disable_all_campaigns":false,"_monsterinsights_skip_tracking":false,"_monsterinsights_sitenote_active":false,"_monsterinsights_sitenote_note":"","_monsterinsights_sitenote_category":0},"product_cat":[15],"product_tag":[180,105,104],"class_list":{"0":"post-1355","1":"product","2":"type-product","3":"status-publish","4":"has-post-thumbnail","6":"product_cat-apex","7":"product_tag-cong-tac-hanh-trinh","8":"product_tag-dai-ly-omron-viet-nam","9":"product_tag-omron-viet-nam","11":"first","12":"instock","13":"shipping-taxable","14":"product-type-simple"},"aioseo_notices":[],"yoast_head":"<!-- This site is optimized with the Yoast SEO plugin v22.8 - https:\/\/yoast.com\/wordpress\/plugins\/seo\/ -->\n<title>OMRON D4N-4A62 - OMANI VI\u1ec6T NAM<\/title>\n<meta name=\"robots\" content=\"index, follow, max-snippet:-1, max-image-preview:large, max-video-preview:-1\" \/>\n<link rel=\"canonical\" href=\"https:\/\/sipin.com.vn\/index.php\/product\/omron-d4n-4a62\/\" \/>\n<meta property=\"og:locale\" content=\"vi_VN\" \/>\n<meta property=\"og:type\" content=\"article\" \/>\n<meta property=\"og:title\" content=\"OMRON D4N-4A62 - OMANI VI\u1ec6T NAM\" \/>\n<meta property=\"og:description\" content=\"OMRON D4N-4A62 OMRON t\u1ef1 h\u00e0o l\u00e0 th\u01b0\u01a1ng hi\u1ec7u d\u1eabn \u0111\u1ea7u to\u00e0n c\u1ea7u v\u1ec1 t\u1ef1 \u0111\u1ed9ng h\u00f3a ti\u00ean ti\u1ebfn, C\u00f4ng ngh\u1ec7 C\u1ea3m bi\u1ebfn v\u00e0 \u0110i\u1ec1u khi\u1ec3n. C\u00e1c thi\u1ebft b\u1ecb c\u1ee7a Omron \u0111\u01b0\u1ee3c thi\u1ebft k\u1ebf th\u00f4ng minh v\u00e0 ch\u1ea5t l\u01b0\u1ee3ng v\u01b0\u1ee3t tr\u1ed9i \u0111em \u0111\u1ebfn cho kh\u00e1ch h\u00e0ng s\u1ef1 y\u00ean t\u00e2m khi s\u1eed&hellip;\" \/>\n<meta property=\"og:url\" content=\"https:\/\/sipin.com.vn\/index.php\/product\/omron-d4n-4a62\/\" \/>\n<meta property=\"og:site_name\" content=\"OMANI VI\u1ec6T NAM\" \/>\n<meta property=\"og:image\" content=\"https:\/\/sipin.com.vn\/wp-content\/uploads\/2024\/08\/D4N-4A62.png\" \/>\n\t<meta property=\"og:image:width\" content=\"483\" \/>\n\t<meta property=\"og:image:height\" content=\"685\" \/>\n\t<meta property=\"og:image:type\" content=\"image\/png\" \/>\n<meta name=\"twitter:card\" content=\"summary_large_image\" \/>\n<meta name=\"twitter:label1\" content=\"\u01af\u1edbc t\u00ednh th\u1eddi gian \u0111\u1ecdc\" \/>\n\t<meta name=\"twitter:data1\" content=\"4 ph\u00fat\" \/>\n<script type=\"application\/ld+json\" class=\"yoast-schema-graph\">{\"@context\":\"https:\/\/schema.org\",\"@graph\":[{\"@type\":\"WebPage\",\"@id\":\"https:\/\/sipin.com.vn\/index.php\/product\/omron-d4n-4a62\/\",\"url\":\"https:\/\/sipin.com.vn\/index.php\/product\/omron-d4n-4a62\/\",\"name\":\"OMRON D4N-4A62 - OMANI VI\u1ec6T NAM\",\"isPartOf\":{\"@id\":\"https:\/\/sipin.com.vn\/#website\"},\"primaryImageOfPage\":{\"@id\":\"https:\/\/sipin.com.vn\/index.php\/product\/omron-d4n-4a62\/#primaryimage\"},\"image\":{\"@id\":\"https:\/\/sipin.com.vn\/index.php\/product\/omron-d4n-4a62\/#primaryimage\"},\"thumbnailUrl\":\"https:\/\/sipin.com.vn\/wp-content\/uploads\/2024\/08\/D4N-4A62.png\",\"datePublished\":\"2024-08-05T22:17:53+00:00\",\"dateModified\":\"2024-08-05T22:17:53+00:00\",\"breadcrumb\":{\"@id\":\"https:\/\/sipin.com.vn\/index.php\/product\/omron-d4n-4a62\/#breadcrumb\"},\"inLanguage\":\"vi\",\"potentialAction\":[{\"@type\":\"ReadAction\",\"target\":[\"https:\/\/sipin.com.vn\/index.php\/product\/omron-d4n-4a62\/\"]}]},{\"@type\":\"ImageObject\",\"inLanguage\":\"vi\",\"@id\":\"https:\/\/sipin.com.vn\/index.php\/product\/omron-d4n-4a62\/#primaryimage\",\"url\":\"https:\/\/sipin.com.vn\/wp-content\/uploads\/2024\/08\/D4N-4A62.png\",\"contentUrl\":\"https:\/\/sipin.com.vn\/wp-content\/uploads\/2024\/08\/D4N-4A62.png\",\"width\":483,\"height\":685},{\"@type\":\"BreadcrumbList\",\"@id\":\"https:\/\/sipin.com.vn\/index.php\/product\/omron-d4n-4a62\/#breadcrumb\",\"itemListElement\":[{\"@type\":\"ListItem\",\"position\":1,\"name\":\"Home\",\"item\":\"https:\/\/sipin.com.vn\/\"},{\"@type\":\"ListItem\",\"position\":2,\"name\":\"S\u1ea2N PH\u1ea8M\",\"item\":\"https:\/\/sipin.com.vn\/index.php\/cua-hang\/\"},{\"@type\":\"ListItem\",\"position\":3,\"name\":\"OMRON D4N-4A62\"}]},{\"@type\":\"WebSite\",\"@id\":\"https:\/\/sipin.com.vn\/#website\",\"url\":\"https:\/\/sipin.com.vn\/\",\"name\":\"OMANI VI\u1ec6T NAM\",\"description\":\"Nh\u00e0 ph\u00e2n ph\u1ed1i thi\u1ebft b\u1ecb kh\u00ed n\u00e9n v\u00e0 thi\u1ebft b\u1ecb t\u1ef1 \u0111\u1ed9ng h\u00f3a trong c\u00f4ng nghi\u1ec7p\",\"publisher\":{\"@id\":\"https:\/\/sipin.com.vn\/#\/schema\/person\/0ad398a980dc3fd696111c2c5c8fa897\"},\"potentialAction\":[{\"@type\":\"SearchAction\",\"target\":{\"@type\":\"EntryPoint\",\"urlTemplate\":\"https:\/\/sipin.com.vn\/?s={search_term_string}\"},\"query-input\":\"required name=search_term_string\"}],\"inLanguage\":\"vi\"},{\"@type\":[\"Person\",\"Organization\"],\"@id\":\"https:\/\/sipin.com.vn\/#\/schema\/person\/0ad398a980dc3fd696111c2c5c8fa897\",\"name\":\"Nguy\u1ec5n V\u0103n Kh\u00e1nh\",\"image\":{\"@type\":\"ImageObject\",\"inLanguage\":\"vi\",\"@id\":\"https:\/\/sipin.com.vn\/#\/schema\/person\/image\/\",\"url\":\"https:\/\/sipin.com.vn\/wp-content\/uploads\/2024\/06\/logo-1024x1024.png\",\"contentUrl\":\"https:\/\/sipin.com.vn\/wp-content\/uploads\/2024\/06\/logo-1024x1024.png\",\"width\":1024,\"height\":1024,\"caption\":\"Nguy\u1ec5n V\u0103n Kh\u00e1nh\"},\"logo\":{\"@id\":\"https:\/\/sipin.com.vn\/#\/schema\/person\/image\/\"},\"sameAs\":[\"https:\/\/sipin.com.vn\"]}]}<\/script>\n<!-- \/ Yoast SEO plugin. -->","yoast_head_json":{"title":"OMRON D4N-4A62 - OMANI VI\u1ec6T NAM","robots":{"index":"index","follow":"follow","max-snippet":"max-snippet:-1","max-image-preview":"max-image-preview:large","max-video-preview":"max-video-preview:-1"},"canonical":"https:\/\/sipin.com.vn\/index.php\/product\/omron-d4n-4a62\/","og_locale":"vi_VN","og_type":"article","og_title":"OMRON D4N-4A62 - OMANI VI\u1ec6T NAM","og_description":"OMRON D4N-4A62 OMRON t\u1ef1 h\u00e0o l\u00e0 th\u01b0\u01a1ng hi\u1ec7u d\u1eabn \u0111\u1ea7u to\u00e0n c\u1ea7u v\u1ec1 t\u1ef1 \u0111\u1ed9ng h\u00f3a ti\u00ean ti\u1ebfn, C\u00f4ng ngh\u1ec7 C\u1ea3m bi\u1ebfn v\u00e0 \u0110i\u1ec1u khi\u1ec3n. C\u00e1c thi\u1ebft b\u1ecb c\u1ee7a Omron \u0111\u01b0\u1ee3c thi\u1ebft k\u1ebf th\u00f4ng minh v\u00e0 ch\u1ea5t l\u01b0\u1ee3ng v\u01b0\u1ee3t tr\u1ed9i \u0111em \u0111\u1ebfn cho kh\u00e1ch h\u00e0ng s\u1ef1 y\u00ean t\u00e2m khi s\u1eed&hellip;","og_url":"https:\/\/sipin.com.vn\/index.php\/product\/omron-d4n-4a62\/","og_site_name":"OMANI VI\u1ec6T NAM","og_image":[{"width":483,"height":685,"url":"https:\/\/sipin.com.vn\/wp-content\/uploads\/2024\/08\/D4N-4A62.png","type":"image\/png"}],"twitter_card":"summary_large_image","twitter_misc":{"\u01af\u1edbc t\u00ednh th\u1eddi gian \u0111\u1ecdc":"4 ph\u00fat"},"schema":{"@context":"https:\/\/schema.org","@graph":[{"@type":"WebPage","@id":"https:\/\/sipin.com.vn\/index.php\/product\/omron-d4n-4a62\/","url":"https:\/\/sipin.com.vn\/index.php\/product\/omron-d4n-4a62\/","name":"OMRON D4N-4A62 - OMANI VI\u1ec6T NAM","isPartOf":{"@id":"https:\/\/sipin.com.vn\/#website"},"primaryImageOfPage":{"@id":"https:\/\/sipin.com.vn\/index.php\/product\/omron-d4n-4a62\/#primaryimage"},"image":{"@id":"https:\/\/sipin.com.vn\/index.php\/product\/omron-d4n-4a62\/#primaryimage"},"thumbnailUrl":"https:\/\/sipin.com.vn\/wp-content\/uploads\/2024\/08\/D4N-4A62.png","datePublished":"2024-08-05T22:17:53+00:00","dateModified":"2024-08-05T22:17:53+00:00","breadcrumb":{"@id":"https:\/\/sipin.com.vn\/index.php\/product\/omron-d4n-4a62\/#breadcrumb"},"inLanguage":"vi","potentialAction":[{"@type":"ReadAction","target":["https:\/\/sipin.com.vn\/index.php\/product\/omron-d4n-4a62\/"]}]},{"@type":"ImageObject","inLanguage":"vi","@id":"https:\/\/sipin.com.vn\/index.php\/product\/omron-d4n-4a62\/#primaryimage","url":"https:\/\/sipin.com.vn\/wp-content\/uploads\/2024\/08\/D4N-4A62.png","contentUrl":"https:\/\/sipin.com.vn\/wp-content\/uploads\/2024\/08\/D4N-4A62.png","width":483,"height":685},{"@type":"BreadcrumbList","@id":"https:\/\/sipin.com.vn\/index.php\/product\/omron-d4n-4a62\/#breadcrumb","itemListElement":[{"@type":"ListItem","position":1,"name":"Home","item":"https:\/\/sipin.com.vn\/"},{"@type":"ListItem","position":2,"name":"S\u1ea2N PH\u1ea8M","item":"https:\/\/sipin.com.vn\/index.php\/cua-hang\/"},{"@type":"ListItem","position":3,"name":"OMRON D4N-4A62"}]},{"@type":"WebSite","@id":"https:\/\/sipin.com.vn\/#website","url":"https:\/\/sipin.com.vn\/","name":"OMANI VI\u1ec6T NAM","description":"Nh\u00e0 ph\u00e2n ph\u1ed1i thi\u1ebft b\u1ecb kh\u00ed n\u00e9n v\u00e0 thi\u1ebft b\u1ecb t\u1ef1 \u0111\u1ed9ng h\u00f3a trong c\u00f4ng nghi\u1ec7p","publisher":{"@id":"https:\/\/sipin.com.vn\/#\/schema\/person\/0ad398a980dc3fd696111c2c5c8fa897"},"potentialAction":[{"@type":"SearchAction","target":{"@type":"EntryPoint","urlTemplate":"https:\/\/sipin.com.vn\/?s={search_term_string}"},"query-input":"required name=search_term_string"}],"inLanguage":"vi"},{"@type":["Person","Organization"],"@id":"https:\/\/sipin.com.vn\/#\/schema\/person\/0ad398a980dc3fd696111c2c5c8fa897","name":"Nguy\u1ec5n V\u0103n Kh\u00e1nh","image":{"@type":"ImageObject","inLanguage":"vi","@id":"https:\/\/sipin.com.vn\/#\/schema\/person\/image\/","url":"https:\/\/sipin.com.vn\/wp-content\/uploads\/2024\/06\/logo-1024x1024.png","contentUrl":"https:\/\/sipin.com.vn\/wp-content\/uploads\/2024\/06\/logo-1024x1024.png","width":1024,"height":1024,"caption":"Nguy\u1ec5n V\u0103n Kh\u00e1nh"},"logo":{"@id":"https:\/\/sipin.com.vn\/#\/schema\/person\/image\/"},"sameAs":["https:\/\/sipin.com.vn"]}]}},"_links":{"self":[{"href":"https:\/\/sipin.com.vn\/index.php\/wp-json\/wp\/v2\/product\/1355","targetHints":{"allow":["GET"]}}],"collection":[{"href":"https:\/\/sipin.com.vn\/index.php\/wp-json\/wp\/v2\/product"}],"about":[{"href":"https:\/\/sipin.com.vn\/index.php\/wp-json\/wp\/v2\/types\/product"}],"replies":[{"embeddable":true,"href":"https:\/\/sipin.com.vn\/index.php\/wp-json\/wp\/v2\/comments?post=1355"}],"wp:featuredmedia":[{"embeddable":true,"href":"https:\/\/sipin.com.vn\/index.php\/wp-json\/wp\/v2\/media\/1356"}],"wp:attachment":[{"href":"https:\/\/sipin.com.vn\/index.php\/wp-json\/wp\/v2\/media?parent=1355"}],"wp:term":[{"taxonomy":"product_cat","embeddable":true,"href":"https:\/\/sipin.com.vn\/index.php\/wp-json\/wp\/v2\/product_cat?post=1355"},{"taxonomy":"product_tag","embeddable":true,"href":"https:\/\/sipin.com.vn\/index.php\/wp-json\/wp\/v2\/product_tag?post=1355"}],"curies":[{"name":"wp","href":"https:\/\/api.w.org\/{rel}","templated":true}]}}