{"id":1343,"date":"2024-08-04T22:46:22","date_gmt":"2024-08-04T15:46:22","guid":{"rendered":"https:\/\/omanivietnam.com\/?post_type=product&#038;p=1343"},"modified":"2025-04-21T09:28:58","modified_gmt":"2025-04-21T02:28:58","slug":"festo-dgc-k-25-400-ppv-a-gk","status":"publish","type":"product","link":"https:\/\/sipin.com.vn\/index.php\/product\/festo-dgc-k-25-400-ppv-a-gk\/","title":{"rendered":"FESTO DGC-K-25-400-PPV-A-GK"},"content":{"rendered":"<p>FESTO DGC-K-25-400-PPV-A-GK<\/p>\n<p>FESTO DGC-K-25-344-PPV-A-GK<\/p>\n<p>Xy lanh kh\u00ed n\u00e9n Festo DGC-K-25-400-PPV-A-GK<\/p>\n<p>1.Th\u00f4ng tin s\u1ea3n ph\u1ea9m (Festo DGC-K-25-400-PPV-A-GK)<\/p>\n<p>Model: DGC-K-25-400-PPV-A-GK<\/p>\n<p>Th\u00f4ng s\u1ed1:<\/p>\n<p>H\u00e0nh tr\u00ecnh : 1 \u2026 8,500 mm<\/p>\n<p>\u00c1p ho\u1ea1t \u0111\u1ed9ng: 2 \u2026 8 bars<\/p>\n<p>H\u00e3ng: Festo<\/p>\n<p>Th\u1eddi gian b\u1ea3o h\u00e0nh theo ti\u00eau chu\u1ea9n nh\u00e0 s\u1ea3n<\/p>\n<div>\n<div class=\"col-xs-12\">\n<p id=\"main-headline\" class=\"main-headline product-summary__headline\">Linear actuator DGC-K-25-700-PPV-A-GK<\/p>\n<\/div>\n<div class=\"col-xs-12 col-md-8 copytext promo-text product-summary__promo-text\">Positioning actuator with eccentric sealing system for virtually leak-free, long strokes without restrictions. Without external guide, for simple actuation functions.<\/div>\n<div><\/div>\n<\/div>\n<div class=\"product-summary__title\"><strong class=\"product-summary__order-code\">\u00a0 \u00a0 \u00a0 \u00a0 \u00a0 DGC-K-25-700-PPV-A-GK<\/strong>\u00a0<span class=\"no-wrap\">Part no.\u00a0\u00a0<strong class=\"product-summary__part-number product-summary__part-number--inline\">1312501<\/strong><\/span><\/div>\n<ul class=\"text-list product-summary__list\">\n<li>Compact design: 30% smaller than the basic design DGC-G<\/li>\n<li>Basic actuator without guide, for simple actuator functions<\/li>\n<li>Low moving dead weight<\/li>\n<li>Symmetrical design<\/li>\n<\/ul>\n<p><img decoding=\"async\" src=\"https:\/\/www.khinen-festo.com\/wp-content\/uploads\/2019\/11\/DGC-catalogue-1.jpg\" \/><\/p>\n<p>&nbsp;<\/p>\n<p>2.C\u00e1c Model Xy lanh Festo DGC-K-25-400-PPV-A-GK Series kh\u00e1c:<\/p>\n<p>DGC-K-25-400-PPV-A-GK<\/p>\n<p>DGC-K-18-210-PPV-A-GK<\/p>\n<p>DGC-K-18-350-PPV-A-GK<\/p>\n<p>DGC-K-25-1670-PPV-A-GK<\/p>\n<p>DGC-K-25-350-PPV-A-GK<\/p>\n<p>DGC-K-25-500-PPV-A-GK-D2<\/p>\n<p>DGC-K-25-700-PPV-A-GK<\/p>\n<p>DGC-K-25-850-PPV-A-GK<\/p>\n<p>DGC-K-25-400-PPV-A-GK<\/p>\n<p>DGC-K-25-344-PPV-A-GK<\/p>\n<table width=\"213\">\n<tbody>\n<tr>\n<td width=\"213\">540344 YSRW-DGC-8<\/td>\n<\/tr>\n<tr>\n<td width=\"213\">540345 YSRW-DGC-12<\/td>\n<\/tr>\n<tr>\n<td width=\"213\">540346 YSRW-DGC-18-GF<\/td>\n<\/tr>\n<tr>\n<td width=\"213\">540348 YSRW-DGC-25-GF<\/td>\n<\/tr>\n<tr>\n<td width=\"213\">540350 YSRW-DGC-32-GF<\/td>\n<\/tr>\n<tr>\n<td width=\"213\">540352 YSRW-DGC-40-GF<\/td>\n<\/tr>\n<tr>\n<td width=\"213\">1232870 YSRW-DGC-40\/50-B<\/td>\n<\/tr>\n<tr>\n<td width=\"213\">543069 YSRW-DGC-63<\/td>\n<\/tr>\n<tr>\n<td width=\"213\">540347 YSRW-DGC-18-KF<\/td>\n<\/tr>\n<tr>\n<td width=\"213\">540349 YSRW-DGC-25-KF<\/td>\n<\/tr>\n<tr>\n<td width=\"213\">540351 YSRW-DGC-32-KF<\/td>\n<\/tr>\n<tr>\n<td width=\"213\">1232870 YSRW-DGC-40\/50-B<\/td>\n<\/tr>\n<tr>\n<td width=\"213\">543069 YSRW-DGC-63<\/td>\n<\/tr>\n<tr>\n<td width=\"213\">541725 DADP-DGC-18-GF<\/td>\n<\/tr>\n<tr>\n<td width=\"213\">541729 DADP-DGC-18-KF<\/td>\n<\/tr>\n<tr>\n<td width=\"213\">541726 DADP-DGC-25-GF<\/td>\n<\/tr>\n<tr>\n<td width=\"213\">541730 DADP-DGC-25-KF<\/td>\n<\/tr>\n<tr>\n<td width=\"213\">541727 DADP-DGC-32-GF<\/td>\n<\/tr>\n<tr>\n<td width=\"213\">541731 DADP-DGC-32-KF<\/td>\n<\/tr>\n<tr>\n<td width=\"213\">541728 DADP-DGC-40-GF<\/td>\n<\/tr>\n<tr>\n<td width=\"213\">541732 DADP-DGC-40-KF<\/td>\n<\/tr>\n<tr>\n<td width=\"213\">545244 DADP-DGC-50<\/td>\n<\/tr>\n<tr>\n<td width=\"213\">545245 DADP-DGC-63<\/td>\n<\/tr>\n<\/tbody>\n<\/table>\n<p>&nbsp;<\/p>\n<p>\u0110\u1ea1i l\u00fd FESTO vietnam, FESTO viet nam, FESTO vietnam distributor, Ph\u00e2n ph\u1ed1i FESTO t\u1ea1i vi\u1ec7t nam<\/p>\n<p>\u0110\u1ea1i l\u00fd FESTO vietnam, FESTO viet nam, FESTO vietnam distributor, Ph\u00e2n ph\u1ed1i FESTO t\u1ea1i vi\u1ec7t nam<\/p>\n<p>\u0110\u1ea1i l\u00fd FESTO vietnam, FESTO viet nam, FESTO vietnam distributor, Ph\u00e2n ph\u1ed1i FESTO t\u1ea1i vi\u1ec7t nam<\/p>\n<p>\u0110\u1ea1i l\u00fd FESTO vietnam, FESTO viet nam, FESTO vietnam distributor, Ph\u00e2n ph\u1ed1i FESTO t\u1ea1i vi\u1ec7t nam<\/p>\n<p>\u0110\u1ea1i l\u00fd FESTO vietnam, FESTO viet nam, FESTO vietnam distributor, Ph\u00e2n ph\u1ed1i FESTO t\u1ea1i vi\u1ec7t nam<\/p>\n","protected":false},"excerpt":{"rendered":"<p>FESTO DGC-K-25-400-PPV-A-GK FESTO DGC-K-25-344-PPV-A-GK Xy lanh kh\u00ed n\u00e9n Festo DGC-K-25-400-PPV-A-GK 1.Th\u00f4ng tin s\u1ea3n ph\u1ea9m (Festo DGC-K-25-400-PPV-A-GK) Model: DGC-K-25-400-PPV-A-GK Th\u00f4ng s\u1ed1: H\u00e0nh tr\u00ecnh : 1 \u2026 8,500 mm \u00c1p ho\u1ea1t \u0111\u1ed9ng: 2 \u2026 8 bars H\u00e3ng: Festo Th\u1eddi gian b\u1ea3o h\u00e0nh theo ti\u00eau chu\u1ea9n nh\u00e0 s\u1ea3n Linear actuator DGC-K-25-700-PPV-A-GK Positioning actuator&hellip; <\/p>\n","protected":false},"featured_media":1344,"comment_status":"open","ping_status":"closed","template":"","meta":{"om_disable_all_campaigns":false,"_monsterinsights_skip_tracking":false,"_monsterinsights_sitenote_active":false,"_monsterinsights_sitenote_note":"","_monsterinsights_sitenote_category":0},"product_cat":[15],"product_tag":[364,363,98],"class_list":{"0":"post-1343","1":"product","2":"type-product","3":"status-publish","4":"has-post-thumbnail","6":"product_cat-apex","7":"product_tag-dai-ly-festo-viet-nam","8":"product_tag-festo-viet-nam","9":"product_tag-xy-lanh-khi","11":"first","12":"instock","13":"shipping-taxable","14":"product-type-simple"},"aioseo_notices":[],"yoast_head":"<!-- This site is optimized with the Yoast SEO plugin v22.8 - https:\/\/yoast.com\/wordpress\/plugins\/seo\/ -->\n<title>FESTO DGC-K-25-400-PPV-A-GK - OMANI VI\u1ec6T NAM<\/title>\n<meta name=\"description\" content=\"FESTO DGC-K-25-400-PPV-A-GK Linear drive\" \/>\n<meta name=\"robots\" content=\"index, follow, max-snippet:-1, max-image-preview:large, max-video-preview:-1\" \/>\n<link rel=\"canonical\" href=\"https:\/\/sipin.com.vn\/index.php\/product\/festo-dgc-k-25-400-ppv-a-gk\/\" \/>\n<meta property=\"og:locale\" content=\"vi_VN\" \/>\n<meta property=\"og:type\" content=\"article\" \/>\n<meta property=\"og:title\" content=\"FESTO DGC-K-25-400-PPV-A-GK - OMANI VI\u1ec6T NAM\" \/>\n<meta property=\"og:description\" content=\"FESTO DGC-K-25-400-PPV-A-GK Linear drive\" \/>\n<meta property=\"og:url\" content=\"https:\/\/sipin.com.vn\/index.php\/product\/festo-dgc-k-25-400-ppv-a-gk\/\" \/>\n<meta property=\"og:site_name\" content=\"OMANI VI\u1ec6T NAM\" \/>\n<meta property=\"article:modified_time\" content=\"2025-04-21T02:28:58+00:00\" \/>\n<meta property=\"og:image\" content=\"https:\/\/sipin.com.vn\/wp-content\/uploads\/2024\/08\/DGC-K-25-400-PPV-A-GK.png\" \/>\n\t<meta property=\"og:image:width\" content=\"671\" \/>\n\t<meta property=\"og:image:height\" content=\"437\" \/>\n\t<meta property=\"og:image:type\" content=\"image\/png\" \/>\n<meta name=\"twitter:card\" content=\"summary_large_image\" \/>\n<meta name=\"twitter:label1\" content=\"\u01af\u1edbc t\u00ednh th\u1eddi gian \u0111\u1ecdc\" \/>\n\t<meta name=\"twitter:data1\" content=\"2 ph\u00fat\" \/>\n<script type=\"application\/ld+json\" class=\"yoast-schema-graph\">{\"@context\":\"https:\/\/schema.org\",\"@graph\":[{\"@type\":\"WebPage\",\"@id\":\"https:\/\/sipin.com.vn\/index.php\/product\/festo-dgc-k-25-400-ppv-a-gk\/\",\"url\":\"https:\/\/sipin.com.vn\/index.php\/product\/festo-dgc-k-25-400-ppv-a-gk\/\",\"name\":\"FESTO DGC-K-25-400-PPV-A-GK - OMANI VI\u1ec6T NAM\",\"isPartOf\":{\"@id\":\"https:\/\/sipin.com.vn\/#website\"},\"primaryImageOfPage\":{\"@id\":\"https:\/\/sipin.com.vn\/index.php\/product\/festo-dgc-k-25-400-ppv-a-gk\/#primaryimage\"},\"image\":{\"@id\":\"https:\/\/sipin.com.vn\/index.php\/product\/festo-dgc-k-25-400-ppv-a-gk\/#primaryimage\"},\"thumbnailUrl\":\"https:\/\/sipin.com.vn\/wp-content\/uploads\/2024\/08\/DGC-K-25-400-PPV-A-GK.png\",\"datePublished\":\"2024-08-04T15:46:22+00:00\",\"dateModified\":\"2025-04-21T02:28:58+00:00\",\"description\":\"FESTO DGC-K-25-400-PPV-A-GK Linear drive\",\"breadcrumb\":{\"@id\":\"https:\/\/sipin.com.vn\/index.php\/product\/festo-dgc-k-25-400-ppv-a-gk\/#breadcrumb\"},\"inLanguage\":\"vi\",\"potentialAction\":[{\"@type\":\"ReadAction\",\"target\":[\"https:\/\/sipin.com.vn\/index.php\/product\/festo-dgc-k-25-400-ppv-a-gk\/\"]}]},{\"@type\":\"ImageObject\",\"inLanguage\":\"vi\",\"@id\":\"https:\/\/sipin.com.vn\/index.php\/product\/festo-dgc-k-25-400-ppv-a-gk\/#primaryimage\",\"url\":\"https:\/\/sipin.com.vn\/wp-content\/uploads\/2024\/08\/DGC-K-25-400-PPV-A-GK.png\",\"contentUrl\":\"https:\/\/sipin.com.vn\/wp-content\/uploads\/2024\/08\/DGC-K-25-400-PPV-A-GK.png\",\"width\":671,\"height\":437},{\"@type\":\"BreadcrumbList\",\"@id\":\"https:\/\/sipin.com.vn\/index.php\/product\/festo-dgc-k-25-400-ppv-a-gk\/#breadcrumb\",\"itemListElement\":[{\"@type\":\"ListItem\",\"position\":1,\"name\":\"Home\",\"item\":\"https:\/\/sipin.com.vn\/\"},{\"@type\":\"ListItem\",\"position\":2,\"name\":\"S\u1ea2N PH\u1ea8M\",\"item\":\"https:\/\/sipin.com.vn\/index.php\/cua-hang\/\"},{\"@type\":\"ListItem\",\"position\":3,\"name\":\"FESTO DGC-K-25-400-PPV-A-GK\"}]},{\"@type\":\"WebSite\",\"@id\":\"https:\/\/sipin.com.vn\/#website\",\"url\":\"https:\/\/sipin.com.vn\/\",\"name\":\"OMANI VI\u1ec6T NAM\",\"description\":\"Nh\u00e0 ph\u00e2n ph\u1ed1i thi\u1ebft b\u1ecb kh\u00ed n\u00e9n v\u00e0 thi\u1ebft b\u1ecb t\u1ef1 \u0111\u1ed9ng h\u00f3a trong c\u00f4ng nghi\u1ec7p\",\"publisher\":{\"@id\":\"https:\/\/sipin.com.vn\/#\/schema\/person\/0ad398a980dc3fd696111c2c5c8fa897\"},\"potentialAction\":[{\"@type\":\"SearchAction\",\"target\":{\"@type\":\"EntryPoint\",\"urlTemplate\":\"https:\/\/sipin.com.vn\/?s={search_term_string}\"},\"query-input\":\"required name=search_term_string\"}],\"inLanguage\":\"vi\"},{\"@type\":[\"Person\",\"Organization\"],\"@id\":\"https:\/\/sipin.com.vn\/#\/schema\/person\/0ad398a980dc3fd696111c2c5c8fa897\",\"name\":\"Nguy\u1ec5n V\u0103n Kh\u00e1nh\",\"image\":{\"@type\":\"ImageObject\",\"inLanguage\":\"vi\",\"@id\":\"https:\/\/sipin.com.vn\/#\/schema\/person\/image\/\",\"url\":\"https:\/\/sipin.com.vn\/wp-content\/uploads\/2024\/06\/logo-1024x1024.png\",\"contentUrl\":\"https:\/\/sipin.com.vn\/wp-content\/uploads\/2024\/06\/logo-1024x1024.png\",\"width\":1024,\"height\":1024,\"caption\":\"Nguy\u1ec5n V\u0103n Kh\u00e1nh\"},\"logo\":{\"@id\":\"https:\/\/sipin.com.vn\/#\/schema\/person\/image\/\"},\"sameAs\":[\"https:\/\/sipin.com.vn\"]}]}<\/script>\n<!-- \/ Yoast SEO plugin. -->","yoast_head_json":{"title":"FESTO DGC-K-25-400-PPV-A-GK - OMANI VI\u1ec6T NAM","description":"FESTO DGC-K-25-400-PPV-A-GK Linear drive","robots":{"index":"index","follow":"follow","max-snippet":"max-snippet:-1","max-image-preview":"max-image-preview:large","max-video-preview":"max-video-preview:-1"},"canonical":"https:\/\/sipin.com.vn\/index.php\/product\/festo-dgc-k-25-400-ppv-a-gk\/","og_locale":"vi_VN","og_type":"article","og_title":"FESTO DGC-K-25-400-PPV-A-GK - OMANI VI\u1ec6T NAM","og_description":"FESTO DGC-K-25-400-PPV-A-GK Linear drive","og_url":"https:\/\/sipin.com.vn\/index.php\/product\/festo-dgc-k-25-400-ppv-a-gk\/","og_site_name":"OMANI VI\u1ec6T NAM","article_modified_time":"2025-04-21T02:28:58+00:00","og_image":[{"width":671,"height":437,"url":"https:\/\/sipin.com.vn\/wp-content\/uploads\/2024\/08\/DGC-K-25-400-PPV-A-GK.png","type":"image\/png"}],"twitter_card":"summary_large_image","twitter_misc":{"\u01af\u1edbc t\u00ednh th\u1eddi gian \u0111\u1ecdc":"2 ph\u00fat"},"schema":{"@context":"https:\/\/schema.org","@graph":[{"@type":"WebPage","@id":"https:\/\/sipin.com.vn\/index.php\/product\/festo-dgc-k-25-400-ppv-a-gk\/","url":"https:\/\/sipin.com.vn\/index.php\/product\/festo-dgc-k-25-400-ppv-a-gk\/","name":"FESTO DGC-K-25-400-PPV-A-GK - OMANI VI\u1ec6T NAM","isPartOf":{"@id":"https:\/\/sipin.com.vn\/#website"},"primaryImageOfPage":{"@id":"https:\/\/sipin.com.vn\/index.php\/product\/festo-dgc-k-25-400-ppv-a-gk\/#primaryimage"},"image":{"@id":"https:\/\/sipin.com.vn\/index.php\/product\/festo-dgc-k-25-400-ppv-a-gk\/#primaryimage"},"thumbnailUrl":"https:\/\/sipin.com.vn\/wp-content\/uploads\/2024\/08\/DGC-K-25-400-PPV-A-GK.png","datePublished":"2024-08-04T15:46:22+00:00","dateModified":"2025-04-21T02:28:58+00:00","description":"FESTO DGC-K-25-400-PPV-A-GK Linear drive","breadcrumb":{"@id":"https:\/\/sipin.com.vn\/index.php\/product\/festo-dgc-k-25-400-ppv-a-gk\/#breadcrumb"},"inLanguage":"vi","potentialAction":[{"@type":"ReadAction","target":["https:\/\/sipin.com.vn\/index.php\/product\/festo-dgc-k-25-400-ppv-a-gk\/"]}]},{"@type":"ImageObject","inLanguage":"vi","@id":"https:\/\/sipin.com.vn\/index.php\/product\/festo-dgc-k-25-400-ppv-a-gk\/#primaryimage","url":"https:\/\/sipin.com.vn\/wp-content\/uploads\/2024\/08\/DGC-K-25-400-PPV-A-GK.png","contentUrl":"https:\/\/sipin.com.vn\/wp-content\/uploads\/2024\/08\/DGC-K-25-400-PPV-A-GK.png","width":671,"height":437},{"@type":"BreadcrumbList","@id":"https:\/\/sipin.com.vn\/index.php\/product\/festo-dgc-k-25-400-ppv-a-gk\/#breadcrumb","itemListElement":[{"@type":"ListItem","position":1,"name":"Home","item":"https:\/\/sipin.com.vn\/"},{"@type":"ListItem","position":2,"name":"S\u1ea2N PH\u1ea8M","item":"https:\/\/sipin.com.vn\/index.php\/cua-hang\/"},{"@type":"ListItem","position":3,"name":"FESTO DGC-K-25-400-PPV-A-GK"}]},{"@type":"WebSite","@id":"https:\/\/sipin.com.vn\/#website","url":"https:\/\/sipin.com.vn\/","name":"OMANI VI\u1ec6T NAM","description":"Nh\u00e0 ph\u00e2n ph\u1ed1i thi\u1ebft b\u1ecb kh\u00ed n\u00e9n v\u00e0 thi\u1ebft b\u1ecb t\u1ef1 \u0111\u1ed9ng h\u00f3a trong c\u00f4ng nghi\u1ec7p","publisher":{"@id":"https:\/\/sipin.com.vn\/#\/schema\/person\/0ad398a980dc3fd696111c2c5c8fa897"},"potentialAction":[{"@type":"SearchAction","target":{"@type":"EntryPoint","urlTemplate":"https:\/\/sipin.com.vn\/?s={search_term_string}"},"query-input":"required name=search_term_string"}],"inLanguage":"vi"},{"@type":["Person","Organization"],"@id":"https:\/\/sipin.com.vn\/#\/schema\/person\/0ad398a980dc3fd696111c2c5c8fa897","name":"Nguy\u1ec5n V\u0103n Kh\u00e1nh","image":{"@type":"ImageObject","inLanguage":"vi","@id":"https:\/\/sipin.com.vn\/#\/schema\/person\/image\/","url":"https:\/\/sipin.com.vn\/wp-content\/uploads\/2024\/06\/logo-1024x1024.png","contentUrl":"https:\/\/sipin.com.vn\/wp-content\/uploads\/2024\/06\/logo-1024x1024.png","width":1024,"height":1024,"caption":"Nguy\u1ec5n V\u0103n Kh\u00e1nh"},"logo":{"@id":"https:\/\/sipin.com.vn\/#\/schema\/person\/image\/"},"sameAs":["https:\/\/sipin.com.vn"]}]}},"_links":{"self":[{"href":"https:\/\/sipin.com.vn\/index.php\/wp-json\/wp\/v2\/product\/1343","targetHints":{"allow":["GET"]}}],"collection":[{"href":"https:\/\/sipin.com.vn\/index.php\/wp-json\/wp\/v2\/product"}],"about":[{"href":"https:\/\/sipin.com.vn\/index.php\/wp-json\/wp\/v2\/types\/product"}],"replies":[{"embeddable":true,"href":"https:\/\/sipin.com.vn\/index.php\/wp-json\/wp\/v2\/comments?post=1343"}],"wp:featuredmedia":[{"embeddable":true,"href":"https:\/\/sipin.com.vn\/index.php\/wp-json\/wp\/v2\/media\/1344"}],"wp:attachment":[{"href":"https:\/\/sipin.com.vn\/index.php\/wp-json\/wp\/v2\/media?parent=1343"}],"wp:term":[{"taxonomy":"product_cat","embeddable":true,"href":"https:\/\/sipin.com.vn\/index.php\/wp-json\/wp\/v2\/product_cat?post=1343"},{"taxonomy":"product_tag","embeddable":true,"href":"https:\/\/sipin.com.vn\/index.php\/wp-json\/wp\/v2\/product_tag?post=1343"}],"curies":[{"name":"wp","href":"https:\/\/api.w.org\/{rel}","templated":true}]}}