{"id":1327,"date":"2024-08-04T13:35:43","date_gmt":"2024-08-04T06:35:43","guid":{"rendered":"https:\/\/omanivietnam.com\/?post_type=product&#038;p=1327"},"modified":"2025-04-19T14:26:20","modified_gmt":"2025-04-19T07:26:20","slug":"festo-dsm-12-270-p-a-b","status":"publish","type":"product","link":"https:\/\/sipin.com.vn\/index.php\/product\/festo-dsm-12-270-p-a-b\/","title":{"rendered":"FESTO DSM-12-270-P-A-B"},"content":{"rendered":"<p>FESTO DSM-12-270-P-A-B<\/p>\n<p class=\"title-product item_name\">Xy lanh Festo DSM-12-270-P-A-B 547570<\/p>\n<p>1. Xy lanh DSM-12-270-P-A-B 547570:<\/p>\n<div>\n<p>\u1ed4 \u0111\u0129a b\u00e1n quay DSM-12-270-PAB v\u1edbi tr\u1ee5c quay, d\u1eebng c\u1ed1 \u0111\u1ecbnh v\u00e0 c\u1ea3m bi\u1ebfn v\u1ecb tr\u00ed K\u00edch th\u01b0\u1edbc = 12, G\u00f3c \u0111\u1ec7m = 1,8 \u0111\u1ed9, Ph\u1ea1m vi \u0111i\u1ec1u ch\u1ec9nh g\u00f3c quay = 0 \u2013 270 \u0111\u1ed9, G\u00f3c xoay = 0 \u2013 270 \u0111\u1ed9, \u0110\u1ec7m = P: V\u00f2ng \u0111\u1ec7m \/ t\u1ea5m \u0111\u1ec7m linh ho\u1ea1t \u1edf c\u1ea3 hai \u0111\u1ea7u<br \/>\nDanh m\u1ee5c s\u1ea3n ph\u1ea9m: Thi\u1ebft b\u1ecb truy\u1ec1n \u0111\u1ed9ng quay kh\u00ed n\u00e9n<br \/>\nT\u00ecm ki\u1ebfm c\u01a1 b\u1ea3n<br \/>\nG\u00f3c quay: 270 \u00b0<br \/>\nTh\u00f4ng s\u1ed1 k\u1ef9 thu\u1eadt:<br \/>\nPh\u1ea1m vi \u00e1p: 29,01 \u0111\u1ebfn 145 psi (20,41 \u0111\u1ebfn 102 m H2O)<br \/>\nM\u00f4-men xo\u1eafn c\u1ef1c \u0111\u1ea1i: 11,06 lbs (12,76 kg-cm)<br \/>\nT\u1ea3i d\u1ecdc tr\u1ee5c: 4,05 lbs (1,84 kg)<br \/>\nT\u1ea3i tr\u1ecdng xuy\u00ean t\u00e2m: 10,12 lbs (4,59 kg)<\/p>\n<ul id=\"tabContent\" class=\"uk-switcher tabContent\">\n<li class=\"uk-active\" aria-hidden=\"false\">\n<article class=\"article\">\n<ul class=\"technical-data-table--G4Nx1\">\n<li class=\"technical-data-table-row--kNGPX\"><span class=\"technical-data-property--mGUV7\">K\u00edch th\u01b0\u1edbc<\/span><span class=\"technical-data-value--I63JV\">12<\/span><\/li>\n<li class=\"technical-data-table-row--kNGPX\"><span class=\"technical-data-property--mGUV7\">G\u00f3c gi\u1ea3m \u00e2m<\/span><span class=\"technical-data-value--I63JV\">1.8 deg<\/span><\/li>\n<li class=\"technical-data-table-row--kNGPX\"><span class=\"technical-data-property--mGUV7\">Ph\u1ea1m vi \u0111i\u1ec1u ch\u1ec9nh g\u00f3c xoay<\/span><span class=\"technical-data-value--I63JV\">0 deg &#8230; 270 deg<\/span><\/li>\n<li class=\"technical-data-table-row--kNGPX\"><span class=\"technical-data-property--mGUV7\">G\u00f3c xoay<\/span><span class=\"technical-data-value--I63JV\">0 deg &#8230; 270 deg<\/span><\/li>\n<li class=\"technical-data-table-row--kNGPX\"><span class=\"technical-data-property--mGUV7\">\u0110\u1ec7m<\/span><span class=\"technical-data-value--I63JV\">C\u00e1c v\u00f2ng \/ t\u1ea5m \u0111\u1ec7m \u0111\u00e0n h\u1ed3i \u1edf c\u1ea3 hai \u0111\u1ea7u<\/span><\/li>\n<li class=\"technical-data-table-row--kNGPX\"><span class=\"technical-data-property--mGUV7\">V\u1ecb tr\u00ed l\u1eafp \u0111\u1eb7t<\/span><span class=\"technical-data-value--I63JV\">optional<\/span><\/li>\n<li class=\"technical-data-table-row--kNGPX\"><span class=\"technical-data-property--mGUV7\">\u0110i\u1ec1u ch\u1ec9nh th\u00edch h\u1ee3p<\/span><span class=\"technical-data-value--I63JV\">-6 deg<\/span><\/li>\n<li class=\"technical-data-table-row--kNGPX\"><span class=\"technical-data-property--mGUV7\">Nguy\u00ean t\u1eafc v\u1eadn h\u00e0nh<\/span><span class=\"technical-data-value--I63JV\">t\u00e1c \u0111\u1ed9ng k\u00e9p<\/span><\/li>\n<li class=\"technical-data-table-row--kNGPX\"><span class=\"technical-data-property--mGUV7\">C\u1ea5u tr\u00fac x\u00e2y d\u1ef1ng<\/span><span class=\"technical-data-value--I63JV\">C\u00e1nh xoay<\/span><\/li>\n<li class=\"technical-data-table-row--kNGPX\"><span class=\"technical-data-property--mGUV7\">Ph\u00e1t hi\u1ec7n v\u1ecb tr\u00ed<\/span><span class=\"technical-data-value--I63JV\">cho c\u00e1c c\u1ea3m bi\u1ebfn ti\u1ec7m c\u1eadn<\/span><\/li>\n<li class=\"technical-data-table-row--kNGPX\"><span class=\"technical-data-property--mGUV7\">\u00c1p su\u1ea5t v\u1eadn h\u00e0nh<\/span><span class=\"technical-data-value--I63JV\">2 bar &#8230; 10 bar<\/span><\/li>\n<li class=\"technical-data-table-row--kNGPX\"><span class=\"technical-data-property--mGUV7\">T\u1ea7n s\u1ed1 xoay t\u1ed1i \u0111a \u1edf 0,6 MPa (6 bar, 87 psi)<\/span><span class=\"technical-data-value--I63JV\">2 Hz<\/span><\/li>\n<li class=\"technical-data-table-row--kNGPX\"><span class=\"technical-data-property--mGUV7\">M\u00f4i ch\u1ea5t v\u1eadn h\u00e0nh<\/span><span class=\"technical-data-value--I63JV\">Kh\u00ed n\u00e9n theo ISO 8573-1:2010 [7:-:-]<\/span><\/li>\n<li class=\"technical-data-table-row--kNGPX\"><span class=\"technical-data-property--mGUV7\">L\u1edbp ch\u1ed1ng \u0103n m\u00f2n KBK<\/span><span class=\"technical-data-value--I63JV\">0 &#8211; kh\u00f4ng \u1ee9ng su\u1ea5t \u0103n m\u00f2n<\/span><\/li>\n<li class=\"technical-data-table-row--kNGPX\"><span class=\"technical-data-property--mGUV7\">Tu\u00e2n th\u1ee7 LABS<\/span><span class=\"technical-data-value--I63JV\">VDMA24364-B1\/B2-L<\/span><\/li>\n<li class=\"technical-data-table-row--kNGPX\"><span class=\"technical-data-property--mGUV7\">Nhi\u1ec7t \u0111\u1ed9 m\u00f4i tr\u01b0\u1eddng xung quanh<\/span><span class=\"technical-data-value--I63JV\">-10 \u00b0C &#8230; 60 \u00b0C<\/span><\/li>\n<li class=\"technical-data-table-row--kNGPX\"><span class=\"technical-data-property--mGUV7\">L\u1ef1c d\u1ecdc tr\u1ee5c t\u1ed1i \u0111a<\/span><span class=\"technical-data-value--I63JV\">18 N<\/span><\/li>\n<li class=\"technical-data-table-row--kNGPX\"><span class=\"technical-data-property--mGUV7\">L\u1ef1c h\u01b0\u1edbng t\u00e2m t\u1ed1i \u0111a<\/span><span class=\"technical-data-value--I63JV\">45 N<\/span><\/li>\n<li class=\"technical-data-table-row--kNGPX\"><span class=\"technical-data-property--mGUV7\">M\u00f4 men xo\u1eafn l\u00fd thuy\u1ebft t\u1ea1i 0,6 MPa (6 bar, 87 psi)<\/span><span class=\"technical-data-value--I63JV\">1.25 Nm<\/span><\/li>\n<li class=\"technical-data-table-row--kNGPX\"><span class=\"technical-data-property--mGUV7\">M\u00f4-men qu\u00e1n t\u00ednh kh\u1ed1i l\u01b0\u1ee3ng cho ph\u00e9p<\/span><span class=\"technical-data-value--I63JV\">0.005 kgm\u00b2<\/span><\/li>\n<li class=\"technical-data-table-row--kNGPX\"><span class=\"technical-data-property--mGUV7\">Tr\u1ecdng l\u01b0\u1ee3ng s\u1ea3n ph\u1ea9m<\/span><span class=\"technical-data-value--I63JV\">275 g<\/span><\/li>\n<li class=\"technical-data-table-row--kNGPX\"><span class=\"technical-data-property--mGUV7\">Ki\u1ec3u g\u1eafn<\/span><span class=\"technical-data-value--I63JV\">v\u1edbi ren trong<\/span><\/li>\n<li class=\"technical-data-table-row--kNGPX\"><span class=\"technical-data-property--mGUV7\">C\u1ed5ng n\u1ed1i kh\u00ed n\u00e9n<\/span><span class=\"technical-data-value--I63JV\">M5<\/span><\/li>\n<li class=\"technical-data-table-row--kNGPX\"><span class=\"technical-data-property--mGUV7\">V\u1eadt li\u1ec7u tr\u1ee5c truy\u1ec1n \u0111\u1ed9ng<\/span><span class=\"technical-data-value--I63JV\">Th\u00e9p m\u1ea1 niken<\/span><\/li>\n<li class=\"technical-data-table-row--kNGPX\"><span class=\"technical-data-property--mGUV7\">V\u1eadt li\u1ec7u c\u1ee7a ph\u1edbt<\/span><span class=\"technical-data-value--I63JV\">TPE-U (PU)<\/span><\/li>\n<li class=\"technical-data-table-row--kNGPX\"><span class=\"technical-data-property--mGUV7\">V\u1eadt li\u1ec7u v\u1ecf<\/span><span class=\"technical-data-value--I63JV\">H\u1ee3p kim nh\u00f4m r\u00e8n<\/span><\/li>\n<\/ul>\n<\/article>\n<\/li>\n<\/ul>\n<h3>2. C\u00e1c m\u00e3 h\u00e0ng t\u01b0\u01a1ng \u0111\u01b0\u01a1ng Xy lanh DSM-12-270-P-A-B 547570:<\/h3>\n<p>DSM-12-270-P-A-B<\/p>\n<p>DSM-16-270-P-A-B<\/p>\n<p>DSM-25-270-P-A-B<\/p>\n<p>DSM-10-180-P<br \/>\nDSM-10-180-PA<br \/>\nDSM-10-180-P-A-FW<br \/>\nDSM-10-180-P-FW<br \/>\nDSM-10-240-P<br \/>\nDSM-10-240-PA<br \/>\nDSM-10-240-P-A-FF<br \/>\nDSM-10-240-P-A-FF-FW<br \/>\nDSM-10-240-PA-FW<br \/>\nDSM-10-240-P-FF<br \/>\nDSM-10-240-P-FF-FW<br \/>\nDSM-10-240-P-FW<br \/>\nDSM-10-90-P<br \/>\nDSM-10-90-PA<br \/>\nDSM-10-90-PA-FW<br \/>\nDSM-10-90-P-FW<br \/>\nDSM-12-270-P-A-B<br \/>\nDSM-12-270-PCC<br \/>\nDSM-12-270-P-FW<br \/>\nDSM-12-270-P-FW-A-B<br \/>\nDSM-12-270-P-FW-CR<br \/>\nDSM-16-270-CC-FW-A-B<br \/>\nDSM-16-270-P1-HD-A-B<\/p>\n<p>\u0110\u1ea1i l\u00fd FESTO vietnam, FESTO viet nam, FESTO vietnam distributor, Ph\u00e2n ph\u1ed1i FESTO t\u1ea1i vi\u1ec7t nam<\/p>\n<p>\u0110\u1ea1i l\u00fd FESTO vietnam, FESTO viet nam, FESTO vietnam distributor, Ph\u00e2n ph\u1ed1i FESTO t\u1ea1i vi\u1ec7t nam<\/p>\n<p>\u0110\u1ea1i l\u00fd FESTO vietnam, FESTO viet nam, FESTO vietnam distributor, Ph\u00e2n ph\u1ed1i FESTO t\u1ea1i vi\u1ec7t nam<\/p>\n<p>\u0110\u1ea1i l\u00fd FESTO vietnam, FESTO viet nam, FESTO vietnam distributor, Ph\u00e2n ph\u1ed1i FESTO t\u1ea1i vi\u1ec7t nam<\/p>\n<p>\u0110\u1ea1i l\u00fd FESTO vietnam, FESTO viet nam, FESTO vietnam distributor, Ph\u00e2n ph\u1ed1i FESTO t\u1ea1i vi\u1ec7t nam<\/p>\n<\/div>\n","protected":false},"excerpt":{"rendered":"<p>FESTO DSM-12-270-P-A-B Xy lanh Festo DSM-12-270-P-A-B 547570 1. Xy lanh DSM-12-270-P-A-B 547570: \u1ed4 \u0111\u0129a b\u00e1n quay DSM-12-270-PAB v\u1edbi tr\u1ee5c quay, d\u1eebng c\u1ed1 \u0111\u1ecbnh v\u00e0 c\u1ea3m bi\u1ebfn v\u1ecb tr\u00ed K\u00edch th\u01b0\u1edbc = 12, G\u00f3c \u0111\u1ec7m = 1,8 \u0111\u1ed9, Ph\u1ea1m vi \u0111i\u1ec1u ch\u1ec9nh g\u00f3c quay = 0 \u2013 270 \u0111\u1ed9, G\u00f3c xoay&hellip; <\/p>\n","protected":false},"featured_media":1328,"comment_status":"open","ping_status":"closed","template":"","meta":{"om_disable_all_campaigns":false,"_monsterinsights_skip_tracking":false,"_monsterinsights_sitenote_active":false,"_monsterinsights_sitenote_note":"","_monsterinsights_sitenote_category":0},"product_cat":[15],"product_tag":[364,363,98],"class_list":{"0":"post-1327","1":"product","2":"type-product","3":"status-publish","4":"has-post-thumbnail","6":"product_cat-apex","7":"product_tag-dai-ly-festo-viet-nam","8":"product_tag-festo-viet-nam","9":"product_tag-xy-lanh-khi","11":"first","12":"instock","13":"shipping-taxable","14":"product-type-simple"},"aioseo_notices":[],"yoast_head":"<!-- This site is optimized with the Yoast SEO plugin v22.8 - https:\/\/yoast.com\/wordpress\/plugins\/seo\/ -->\n<title>FESTO DSM-12-270-P-A-B - OMANI VI\u1ec6T NAM<\/title>\n<meta name=\"description\" content=\"FESTO DSM-12-270-P-A-B Semi-rotary drive\" \/>\n<meta name=\"robots\" content=\"index, follow, max-snippet:-1, max-image-preview:large, max-video-preview:-1\" \/>\n<link rel=\"canonical\" href=\"https:\/\/sipin.com.vn\/index.php\/product\/festo-dsm-12-270-p-a-b\/\" \/>\n<meta property=\"og:locale\" content=\"vi_VN\" \/>\n<meta property=\"og:type\" content=\"article\" \/>\n<meta property=\"og:title\" content=\"FESTO DSM-12-270-P-A-B - OMANI VI\u1ec6T NAM\" \/>\n<meta property=\"og:description\" content=\"FESTO DSM-12-270-P-A-B Semi-rotary drive\" \/>\n<meta property=\"og:url\" content=\"https:\/\/sipin.com.vn\/index.php\/product\/festo-dsm-12-270-p-a-b\/\" \/>\n<meta property=\"og:site_name\" content=\"OMANI VI\u1ec6T NAM\" \/>\n<meta property=\"article:modified_time\" content=\"2025-04-19T07:26:20+00:00\" \/>\n<meta property=\"og:image\" content=\"https:\/\/sipin.com.vn\/wp-content\/uploads\/2024\/08\/DSM-12-270-P-A-B.png\" \/>\n\t<meta property=\"og:image:width\" content=\"495\" \/>\n\t<meta property=\"og:image:height\" content=\"433\" \/>\n\t<meta property=\"og:image:type\" content=\"image\/png\" \/>\n<meta name=\"twitter:card\" content=\"summary_large_image\" \/>\n<meta name=\"twitter:label1\" content=\"\u01af\u1edbc t\u00ednh th\u1eddi gian \u0111\u1ecdc\" \/>\n\t<meta name=\"twitter:data1\" content=\"3 ph\u00fat\" \/>\n<script type=\"application\/ld+json\" class=\"yoast-schema-graph\">{\"@context\":\"https:\/\/schema.org\",\"@graph\":[{\"@type\":\"WebPage\",\"@id\":\"https:\/\/sipin.com.vn\/index.php\/product\/festo-dsm-12-270-p-a-b\/\",\"url\":\"https:\/\/sipin.com.vn\/index.php\/product\/festo-dsm-12-270-p-a-b\/\",\"name\":\"FESTO DSM-12-270-P-A-B - OMANI VI\u1ec6T NAM\",\"isPartOf\":{\"@id\":\"https:\/\/sipin.com.vn\/#website\"},\"primaryImageOfPage\":{\"@id\":\"https:\/\/sipin.com.vn\/index.php\/product\/festo-dsm-12-270-p-a-b\/#primaryimage\"},\"image\":{\"@id\":\"https:\/\/sipin.com.vn\/index.php\/product\/festo-dsm-12-270-p-a-b\/#primaryimage\"},\"thumbnailUrl\":\"https:\/\/sipin.com.vn\/wp-content\/uploads\/2024\/08\/DSM-12-270-P-A-B.png\",\"datePublished\":\"2024-08-04T06:35:43+00:00\",\"dateModified\":\"2025-04-19T07:26:20+00:00\",\"description\":\"FESTO DSM-12-270-P-A-B Semi-rotary drive\",\"breadcrumb\":{\"@id\":\"https:\/\/sipin.com.vn\/index.php\/product\/festo-dsm-12-270-p-a-b\/#breadcrumb\"},\"inLanguage\":\"vi\",\"potentialAction\":[{\"@type\":\"ReadAction\",\"target\":[\"https:\/\/sipin.com.vn\/index.php\/product\/festo-dsm-12-270-p-a-b\/\"]}]},{\"@type\":\"ImageObject\",\"inLanguage\":\"vi\",\"@id\":\"https:\/\/sipin.com.vn\/index.php\/product\/festo-dsm-12-270-p-a-b\/#primaryimage\",\"url\":\"https:\/\/sipin.com.vn\/wp-content\/uploads\/2024\/08\/DSM-12-270-P-A-B.png\",\"contentUrl\":\"https:\/\/sipin.com.vn\/wp-content\/uploads\/2024\/08\/DSM-12-270-P-A-B.png\",\"width\":495,\"height\":433},{\"@type\":\"BreadcrumbList\",\"@id\":\"https:\/\/sipin.com.vn\/index.php\/product\/festo-dsm-12-270-p-a-b\/#breadcrumb\",\"itemListElement\":[{\"@type\":\"ListItem\",\"position\":1,\"name\":\"Home\",\"item\":\"https:\/\/sipin.com.vn\/\"},{\"@type\":\"ListItem\",\"position\":2,\"name\":\"S\u1ea2N PH\u1ea8M\",\"item\":\"https:\/\/sipin.com.vn\/index.php\/cua-hang\/\"},{\"@type\":\"ListItem\",\"position\":3,\"name\":\"FESTO DSM-12-270-P-A-B\"}]},{\"@type\":\"WebSite\",\"@id\":\"https:\/\/sipin.com.vn\/#website\",\"url\":\"https:\/\/sipin.com.vn\/\",\"name\":\"OMANI VI\u1ec6T NAM\",\"description\":\"Nh\u00e0 ph\u00e2n ph\u1ed1i thi\u1ebft b\u1ecb kh\u00ed n\u00e9n v\u00e0 thi\u1ebft b\u1ecb t\u1ef1 \u0111\u1ed9ng h\u00f3a trong c\u00f4ng nghi\u1ec7p\",\"publisher\":{\"@id\":\"https:\/\/sipin.com.vn\/#\/schema\/person\/0ad398a980dc3fd696111c2c5c8fa897\"},\"potentialAction\":[{\"@type\":\"SearchAction\",\"target\":{\"@type\":\"EntryPoint\",\"urlTemplate\":\"https:\/\/sipin.com.vn\/?s={search_term_string}\"},\"query-input\":\"required name=search_term_string\"}],\"inLanguage\":\"vi\"},{\"@type\":[\"Person\",\"Organization\"],\"@id\":\"https:\/\/sipin.com.vn\/#\/schema\/person\/0ad398a980dc3fd696111c2c5c8fa897\",\"name\":\"Nguy\u1ec5n V\u0103n Kh\u00e1nh\",\"image\":{\"@type\":\"ImageObject\",\"inLanguage\":\"vi\",\"@id\":\"https:\/\/sipin.com.vn\/#\/schema\/person\/image\/\",\"url\":\"https:\/\/sipin.com.vn\/wp-content\/uploads\/2024\/06\/logo-1024x1024.png\",\"contentUrl\":\"https:\/\/sipin.com.vn\/wp-content\/uploads\/2024\/06\/logo-1024x1024.png\",\"width\":1024,\"height\":1024,\"caption\":\"Nguy\u1ec5n V\u0103n Kh\u00e1nh\"},\"logo\":{\"@id\":\"https:\/\/sipin.com.vn\/#\/schema\/person\/image\/\"},\"sameAs\":[\"https:\/\/sipin.com.vn\"]}]}<\/script>\n<!-- \/ Yoast SEO plugin. -->","yoast_head_json":{"title":"FESTO DSM-12-270-P-A-B - OMANI VI\u1ec6T NAM","description":"FESTO DSM-12-270-P-A-B Semi-rotary drive","robots":{"index":"index","follow":"follow","max-snippet":"max-snippet:-1","max-image-preview":"max-image-preview:large","max-video-preview":"max-video-preview:-1"},"canonical":"https:\/\/sipin.com.vn\/index.php\/product\/festo-dsm-12-270-p-a-b\/","og_locale":"vi_VN","og_type":"article","og_title":"FESTO DSM-12-270-P-A-B - OMANI VI\u1ec6T NAM","og_description":"FESTO DSM-12-270-P-A-B Semi-rotary drive","og_url":"https:\/\/sipin.com.vn\/index.php\/product\/festo-dsm-12-270-p-a-b\/","og_site_name":"OMANI VI\u1ec6T NAM","article_modified_time":"2025-04-19T07:26:20+00:00","og_image":[{"width":495,"height":433,"url":"https:\/\/sipin.com.vn\/wp-content\/uploads\/2024\/08\/DSM-12-270-P-A-B.png","type":"image\/png"}],"twitter_card":"summary_large_image","twitter_misc":{"\u01af\u1edbc t\u00ednh th\u1eddi gian \u0111\u1ecdc":"3 ph\u00fat"},"schema":{"@context":"https:\/\/schema.org","@graph":[{"@type":"WebPage","@id":"https:\/\/sipin.com.vn\/index.php\/product\/festo-dsm-12-270-p-a-b\/","url":"https:\/\/sipin.com.vn\/index.php\/product\/festo-dsm-12-270-p-a-b\/","name":"FESTO DSM-12-270-P-A-B - OMANI VI\u1ec6T NAM","isPartOf":{"@id":"https:\/\/sipin.com.vn\/#website"},"primaryImageOfPage":{"@id":"https:\/\/sipin.com.vn\/index.php\/product\/festo-dsm-12-270-p-a-b\/#primaryimage"},"image":{"@id":"https:\/\/sipin.com.vn\/index.php\/product\/festo-dsm-12-270-p-a-b\/#primaryimage"},"thumbnailUrl":"https:\/\/sipin.com.vn\/wp-content\/uploads\/2024\/08\/DSM-12-270-P-A-B.png","datePublished":"2024-08-04T06:35:43+00:00","dateModified":"2025-04-19T07:26:20+00:00","description":"FESTO DSM-12-270-P-A-B Semi-rotary drive","breadcrumb":{"@id":"https:\/\/sipin.com.vn\/index.php\/product\/festo-dsm-12-270-p-a-b\/#breadcrumb"},"inLanguage":"vi","potentialAction":[{"@type":"ReadAction","target":["https:\/\/sipin.com.vn\/index.php\/product\/festo-dsm-12-270-p-a-b\/"]}]},{"@type":"ImageObject","inLanguage":"vi","@id":"https:\/\/sipin.com.vn\/index.php\/product\/festo-dsm-12-270-p-a-b\/#primaryimage","url":"https:\/\/sipin.com.vn\/wp-content\/uploads\/2024\/08\/DSM-12-270-P-A-B.png","contentUrl":"https:\/\/sipin.com.vn\/wp-content\/uploads\/2024\/08\/DSM-12-270-P-A-B.png","width":495,"height":433},{"@type":"BreadcrumbList","@id":"https:\/\/sipin.com.vn\/index.php\/product\/festo-dsm-12-270-p-a-b\/#breadcrumb","itemListElement":[{"@type":"ListItem","position":1,"name":"Home","item":"https:\/\/sipin.com.vn\/"},{"@type":"ListItem","position":2,"name":"S\u1ea2N PH\u1ea8M","item":"https:\/\/sipin.com.vn\/index.php\/cua-hang\/"},{"@type":"ListItem","position":3,"name":"FESTO DSM-12-270-P-A-B"}]},{"@type":"WebSite","@id":"https:\/\/sipin.com.vn\/#website","url":"https:\/\/sipin.com.vn\/","name":"OMANI VI\u1ec6T NAM","description":"Nh\u00e0 ph\u00e2n ph\u1ed1i thi\u1ebft b\u1ecb kh\u00ed n\u00e9n v\u00e0 thi\u1ebft b\u1ecb t\u1ef1 \u0111\u1ed9ng h\u00f3a trong c\u00f4ng nghi\u1ec7p","publisher":{"@id":"https:\/\/sipin.com.vn\/#\/schema\/person\/0ad398a980dc3fd696111c2c5c8fa897"},"potentialAction":[{"@type":"SearchAction","target":{"@type":"EntryPoint","urlTemplate":"https:\/\/sipin.com.vn\/?s={search_term_string}"},"query-input":"required name=search_term_string"}],"inLanguage":"vi"},{"@type":["Person","Organization"],"@id":"https:\/\/sipin.com.vn\/#\/schema\/person\/0ad398a980dc3fd696111c2c5c8fa897","name":"Nguy\u1ec5n V\u0103n Kh\u00e1nh","image":{"@type":"ImageObject","inLanguage":"vi","@id":"https:\/\/sipin.com.vn\/#\/schema\/person\/image\/","url":"https:\/\/sipin.com.vn\/wp-content\/uploads\/2024\/06\/logo-1024x1024.png","contentUrl":"https:\/\/sipin.com.vn\/wp-content\/uploads\/2024\/06\/logo-1024x1024.png","width":1024,"height":1024,"caption":"Nguy\u1ec5n V\u0103n Kh\u00e1nh"},"logo":{"@id":"https:\/\/sipin.com.vn\/#\/schema\/person\/image\/"},"sameAs":["https:\/\/sipin.com.vn"]}]}},"_links":{"self":[{"href":"https:\/\/sipin.com.vn\/index.php\/wp-json\/wp\/v2\/product\/1327","targetHints":{"allow":["GET"]}}],"collection":[{"href":"https:\/\/sipin.com.vn\/index.php\/wp-json\/wp\/v2\/product"}],"about":[{"href":"https:\/\/sipin.com.vn\/index.php\/wp-json\/wp\/v2\/types\/product"}],"replies":[{"embeddable":true,"href":"https:\/\/sipin.com.vn\/index.php\/wp-json\/wp\/v2\/comments?post=1327"}],"wp:featuredmedia":[{"embeddable":true,"href":"https:\/\/sipin.com.vn\/index.php\/wp-json\/wp\/v2\/media\/1328"}],"wp:attachment":[{"href":"https:\/\/sipin.com.vn\/index.php\/wp-json\/wp\/v2\/media?parent=1327"}],"wp:term":[{"taxonomy":"product_cat","embeddable":true,"href":"https:\/\/sipin.com.vn\/index.php\/wp-json\/wp\/v2\/product_cat?post=1327"},{"taxonomy":"product_tag","embeddable":true,"href":"https:\/\/sipin.com.vn\/index.php\/wp-json\/wp\/v2\/product_tag?post=1327"}],"curies":[{"name":"wp","href":"https:\/\/api.w.org\/{rel}","templated":true}]}}