{"id":1294,"date":"2024-07-30T22:39:15","date_gmt":"2024-07-30T15:39:15","guid":{"rendered":"https:\/\/omanivietnam.com\/?post_type=product&#038;p=1294"},"modified":"2024-07-31T05:50:55","modified_gmt":"2024-07-30T22:50:55","slug":"pm-s125s","status":"publish","type":"product","link":"https:\/\/sipin.com.vn\/index.php\/product\/pm-s125s\/","title":{"rendered":"SUNGWON PM-S125S"},"content":{"rendered":"<p>SUNGWON PM-S125S<\/p>\n<p>PNEU-MAX PM-S125S<\/p>\n<p>Th\u00f4ng s\u1ed1 k\u1ef9 thu\u1eadt:<\/p>\n<p>&nbsp;<\/p>\n<p>C\u00e1c s\u1ea3n ph\u1ea9m t\u01b0\u01a1ng t\u1ef1 SUNGWON, PNEU-MAX<\/p>\n<p>PM-S100S. PM-S125S. PM-S140S. PM-S160S. PM-S185S. PM-S210S. PM-S250S. PM-S300S. 45 \u2026\u00a0PM-S100S. PM-S125S. PM-S140S. PM-S160S. PM-S185S. PM-S210S. PM-S250S. PM-<\/p>\n<p>&nbsp;<\/p>\n<p>\u0110\u1ea1i l\u00fd SUNGWON vietnam, SUNGWON viet nam, SUNGWON vietnam distributor, Ph\u00e2n ph\u1ed1i SUNGWON t\u1ea1i vi\u1ec7t nam<\/p>\n<p>\u0110\u1ea1i l\u00fd SUNGWON vietnam, SUNGWON viet nam, SUNGWON vietnam distributor, Ph\u00e2n ph\u1ed1i SUNGWON t\u1ea1i vi\u1ec7t nam<\/p>\n<p>\u0110\u1ea1i l\u00fd SUNGWON vietnam, SUNGWON viet nam, SUNGWON vietnam distributor, Ph\u00e2n ph\u1ed1i SUNGWON t\u1ea1i vi\u1ec7t nam<\/p>\n<p>\u0110\u1ea1i l\u00fd SUNGWON vietnam, SUNGWON viet nam, SUNGWON vietnam distributor, Ph\u00e2n ph\u1ed1i SUNGWON t\u1ea1i vi\u1ec7t nam<\/p>\n<p>\u0110\u1ea1i l\u00fd SUNGWON vietnam, SUNGWON viet nam, SUNGWON vietnam distributor, Ph\u00e2n ph\u1ed1i SUNGWON t\u1ea1i vi\u1ec7t nam<\/p>\n<p>\u0110\u1ea1i l\u00fd PNEU-MAX vietnam, PNEU-MAX viet nam, PNEU-MAX vietnam distributor, Ph\u00e2n ph\u1ed1i PNEU-MAX t\u1ea1i vi\u1ec7t nam<\/p>\n<p>\u0110\u1ea1i l\u00fd PNEU-MAX vietnam, PNEU-MAX viet nam, PNEU-MAX vietnam distributor, Ph\u00e2n ph\u1ed1i PNEU-MAX t\u1ea1i vi\u1ec7t nam<\/p>\n<p>\u0110\u1ea1i l\u00fd PNEU-MAX vietnam, PNEU-MAX viet nam, PNEU-MAX vietnam distributor, Ph\u00e2n ph\u1ed1i PNEU-MAX t\u1ea1i vi\u1ec7t nam<\/p>\n<p>\u0110\u1ea1i l\u00fd PNEU-MAX vietnam, PNEU-MAX viet nam, PNEU-MAX vietnam distributor, Ph\u00e2n ph\u1ed1i PNEU-MAX t\u1ea1i vi\u1ec7t nam<\/p>\n<p>\u0110\u1ea1i l\u00fd PNEU-MAX vietnam, PNEU-MAX viet nam, PNEU-MAX vietnam distributor, Ph\u00e2n ph\u1ed1i PNEU-MAX t\u1ea1i vi\u1ec7t nam<\/p>\n","protected":false},"excerpt":{"rendered":"<p>SUNGWON PM-S125S PNEU-MAX PM-S125S Th\u00f4ng s\u1ed1 k\u1ef9 thu\u1eadt: &nbsp; C\u00e1c s\u1ea3n ph\u1ea9m t\u01b0\u01a1ng t\u1ef1 SUNGWON, PNEU-MAX PM-S100S. PM-S125S. PM-S140S. PM-S160S. PM-S185S. PM-S210S. PM-S250S. PM-S300S. 45 \u2026\u00a0PM-S100S. PM-S125S. PM-S140S. PM-S160S. PM-S185S. PM-S210S. PM-S250S. PM- &nbsp; \u0110\u1ea1i l\u00fd SUNGWON vietnam, SUNGWON viet nam, SUNGWON vietnam distributor, Ph\u00e2n ph\u1ed1i SUNGWON t\u1ea1i vi\u1ec7t nam&hellip; <\/p>\n","protected":false},"featured_media":1295,"comment_status":"open","ping_status":"closed","template":"","meta":{"om_disable_all_campaigns":false,"_monsterinsights_skip_tracking":false,"_monsterinsights_sitenote_active":false,"_monsterinsights_sitenote_note":"","_monsterinsights_sitenote_category":0},"product_cat":[15],"product_tag":[356,354,355,353,98],"class_list":{"0":"post-1294","1":"product","2":"type-product","3":"status-publish","4":"has-post-thumbnail","6":"product_cat-apex","7":"product_tag-dai-ly-pneu-max-viet-nam","8":"product_tag-dai-ly-sungwon-viet-nam","9":"product_tag-pneu-max-viet-nam","10":"product_tag-sungwon-viet-nam","11":"product_tag-xy-lanh-khi","13":"first","14":"instock","15":"shipping-taxable","16":"product-type-simple"},"aioseo_notices":[],"yoast_head":"<!-- This site is optimized with the Yoast SEO plugin v22.8 - https:\/\/yoast.com\/wordpress\/plugins\/seo\/ -->\n<title>SUNGWON PM-S125S - OMANI VI\u1ec6T NAM<\/title>\n<meta name=\"robots\" content=\"index, follow, max-snippet:-1, max-image-preview:large, max-video-preview:-1\" \/>\n<link rel=\"canonical\" href=\"https:\/\/sipin.com.vn\/index.php\/product\/pm-s125s\/\" \/>\n<meta property=\"og:locale\" content=\"vi_VN\" \/>\n<meta property=\"og:type\" content=\"article\" \/>\n<meta property=\"og:title\" content=\"SUNGWON PM-S125S - OMANI VI\u1ec6T NAM\" \/>\n<meta property=\"og:description\" content=\"SUNGWON PM-S125S PNEU-MAX PM-S125S Th\u00f4ng s\u1ed1 k\u1ef9 thu\u1eadt: &nbsp; C\u00e1c s\u1ea3n ph\u1ea9m t\u01b0\u01a1ng t\u1ef1 SUNGWON, PNEU-MAX PM-S100S. PM-S125S. PM-S140S. PM-S160S. PM-S185S. PM-S210S. PM-S250S. PM-S300S. 45 \u2026\u00a0PM-S100S. PM-S125S. PM-S140S. PM-S160S. PM-S185S. PM-S210S. PM-S250S. PM- &nbsp; \u0110\u1ea1i l\u00fd SUNGWON vietnam, SUNGWON viet nam, SUNGWON vietnam distributor, Ph\u00e2n ph\u1ed1i SUNGWON t\u1ea1i vi\u1ec7t nam&hellip;\" \/>\n<meta property=\"og:url\" content=\"https:\/\/sipin.com.vn\/index.php\/product\/pm-s125s\/\" \/>\n<meta property=\"og:site_name\" content=\"OMANI VI\u1ec6T NAM\" \/>\n<meta property=\"article:modified_time\" content=\"2024-07-30T22:50:55+00:00\" \/>\n<meta property=\"og:image\" content=\"https:\/\/sipin.com.vn\/wp-content\/uploads\/2024\/07\/SUNGWON-1.png\" \/>\n\t<meta property=\"og:image:width\" content=\"928\" \/>\n\t<meta property=\"og:image:height\" content=\"492\" \/>\n\t<meta property=\"og:image:type\" content=\"image\/png\" \/>\n<meta name=\"twitter:card\" content=\"summary_large_image\" \/>\n<meta name=\"twitter:label1\" content=\"\u01af\u1edbc t\u00ednh th\u1eddi gian \u0111\u1ecdc\" \/>\n\t<meta name=\"twitter:data1\" content=\"2 ph\u00fat\" \/>\n<script type=\"application\/ld+json\" class=\"yoast-schema-graph\">{\"@context\":\"https:\/\/schema.org\",\"@graph\":[{\"@type\":\"WebPage\",\"@id\":\"https:\/\/sipin.com.vn\/index.php\/product\/pm-s125s\/\",\"url\":\"https:\/\/sipin.com.vn\/index.php\/product\/pm-s125s\/\",\"name\":\"SUNGWON PM-S125S - OMANI VI\u1ec6T NAM\",\"isPartOf\":{\"@id\":\"https:\/\/sipin.com.vn\/#website\"},\"primaryImageOfPage\":{\"@id\":\"https:\/\/sipin.com.vn\/index.php\/product\/pm-s125s\/#primaryimage\"},\"image\":{\"@id\":\"https:\/\/sipin.com.vn\/index.php\/product\/pm-s125s\/#primaryimage\"},\"thumbnailUrl\":\"https:\/\/sipin.com.vn\/wp-content\/uploads\/2024\/07\/SUNGWON-1.png\",\"datePublished\":\"2024-07-30T15:39:15+00:00\",\"dateModified\":\"2024-07-30T22:50:55+00:00\",\"breadcrumb\":{\"@id\":\"https:\/\/sipin.com.vn\/index.php\/product\/pm-s125s\/#breadcrumb\"},\"inLanguage\":\"vi\",\"potentialAction\":[{\"@type\":\"ReadAction\",\"target\":[\"https:\/\/sipin.com.vn\/index.php\/product\/pm-s125s\/\"]}]},{\"@type\":\"ImageObject\",\"inLanguage\":\"vi\",\"@id\":\"https:\/\/sipin.com.vn\/index.php\/product\/pm-s125s\/#primaryimage\",\"url\":\"https:\/\/sipin.com.vn\/wp-content\/uploads\/2024\/07\/SUNGWON-1.png\",\"contentUrl\":\"https:\/\/sipin.com.vn\/wp-content\/uploads\/2024\/07\/SUNGWON-1.png\",\"width\":928,\"height\":492},{\"@type\":\"BreadcrumbList\",\"@id\":\"https:\/\/sipin.com.vn\/index.php\/product\/pm-s125s\/#breadcrumb\",\"itemListElement\":[{\"@type\":\"ListItem\",\"position\":1,\"name\":\"Home\",\"item\":\"https:\/\/sipin.com.vn\/\"},{\"@type\":\"ListItem\",\"position\":2,\"name\":\"S\u1ea2N PH\u1ea8M\",\"item\":\"https:\/\/sipin.com.vn\/index.php\/cua-hang\/\"},{\"@type\":\"ListItem\",\"position\":3,\"name\":\"SUNGWON PM-S125S\"}]},{\"@type\":\"WebSite\",\"@id\":\"https:\/\/sipin.com.vn\/#website\",\"url\":\"https:\/\/sipin.com.vn\/\",\"name\":\"OMANI VI\u1ec6T NAM\",\"description\":\"Nh\u00e0 ph\u00e2n ph\u1ed1i thi\u1ebft b\u1ecb kh\u00ed n\u00e9n v\u00e0 thi\u1ebft b\u1ecb t\u1ef1 \u0111\u1ed9ng h\u00f3a trong c\u00f4ng nghi\u1ec7p\",\"publisher\":{\"@id\":\"https:\/\/sipin.com.vn\/#\/schema\/person\/0ad398a980dc3fd696111c2c5c8fa897\"},\"potentialAction\":[{\"@type\":\"SearchAction\",\"target\":{\"@type\":\"EntryPoint\",\"urlTemplate\":\"https:\/\/sipin.com.vn\/?s={search_term_string}\"},\"query-input\":\"required name=search_term_string\"}],\"inLanguage\":\"vi\"},{\"@type\":[\"Person\",\"Organization\"],\"@id\":\"https:\/\/sipin.com.vn\/#\/schema\/person\/0ad398a980dc3fd696111c2c5c8fa897\",\"name\":\"Nguy\u1ec5n V\u0103n Kh\u00e1nh\",\"image\":{\"@type\":\"ImageObject\",\"inLanguage\":\"vi\",\"@id\":\"https:\/\/sipin.com.vn\/#\/schema\/person\/image\/\",\"url\":\"https:\/\/sipin.com.vn\/wp-content\/uploads\/2024\/06\/logo-1024x1024.png\",\"contentUrl\":\"https:\/\/sipin.com.vn\/wp-content\/uploads\/2024\/06\/logo-1024x1024.png\",\"width\":1024,\"height\":1024,\"caption\":\"Nguy\u1ec5n V\u0103n Kh\u00e1nh\"},\"logo\":{\"@id\":\"https:\/\/sipin.com.vn\/#\/schema\/person\/image\/\"},\"sameAs\":[\"https:\/\/sipin.com.vn\"]}]}<\/script>\n<!-- \/ Yoast SEO plugin. -->","yoast_head_json":{"title":"SUNGWON PM-S125S - OMANI VI\u1ec6T NAM","robots":{"index":"index","follow":"follow","max-snippet":"max-snippet:-1","max-image-preview":"max-image-preview:large","max-video-preview":"max-video-preview:-1"},"canonical":"https:\/\/sipin.com.vn\/index.php\/product\/pm-s125s\/","og_locale":"vi_VN","og_type":"article","og_title":"SUNGWON PM-S125S - OMANI VI\u1ec6T NAM","og_description":"SUNGWON PM-S125S PNEU-MAX PM-S125S Th\u00f4ng s\u1ed1 k\u1ef9 thu\u1eadt: &nbsp; C\u00e1c s\u1ea3n ph\u1ea9m t\u01b0\u01a1ng t\u1ef1 SUNGWON, PNEU-MAX PM-S100S. PM-S125S. PM-S140S. PM-S160S. PM-S185S. PM-S210S. PM-S250S. PM-S300S. 45 \u2026\u00a0PM-S100S. PM-S125S. PM-S140S. PM-S160S. PM-S185S. PM-S210S. PM-S250S. PM- &nbsp; \u0110\u1ea1i l\u00fd SUNGWON vietnam, SUNGWON viet nam, SUNGWON vietnam distributor, Ph\u00e2n ph\u1ed1i SUNGWON t\u1ea1i vi\u1ec7t nam&hellip;","og_url":"https:\/\/sipin.com.vn\/index.php\/product\/pm-s125s\/","og_site_name":"OMANI VI\u1ec6T NAM","article_modified_time":"2024-07-30T22:50:55+00:00","og_image":[{"width":928,"height":492,"url":"https:\/\/sipin.com.vn\/wp-content\/uploads\/2024\/07\/SUNGWON-1.png","type":"image\/png"}],"twitter_card":"summary_large_image","twitter_misc":{"\u01af\u1edbc t\u00ednh th\u1eddi gian \u0111\u1ecdc":"2 ph\u00fat"},"schema":{"@context":"https:\/\/schema.org","@graph":[{"@type":"WebPage","@id":"https:\/\/sipin.com.vn\/index.php\/product\/pm-s125s\/","url":"https:\/\/sipin.com.vn\/index.php\/product\/pm-s125s\/","name":"SUNGWON PM-S125S - OMANI VI\u1ec6T NAM","isPartOf":{"@id":"https:\/\/sipin.com.vn\/#website"},"primaryImageOfPage":{"@id":"https:\/\/sipin.com.vn\/index.php\/product\/pm-s125s\/#primaryimage"},"image":{"@id":"https:\/\/sipin.com.vn\/index.php\/product\/pm-s125s\/#primaryimage"},"thumbnailUrl":"https:\/\/sipin.com.vn\/wp-content\/uploads\/2024\/07\/SUNGWON-1.png","datePublished":"2024-07-30T15:39:15+00:00","dateModified":"2024-07-30T22:50:55+00:00","breadcrumb":{"@id":"https:\/\/sipin.com.vn\/index.php\/product\/pm-s125s\/#breadcrumb"},"inLanguage":"vi","potentialAction":[{"@type":"ReadAction","target":["https:\/\/sipin.com.vn\/index.php\/product\/pm-s125s\/"]}]},{"@type":"ImageObject","inLanguage":"vi","@id":"https:\/\/sipin.com.vn\/index.php\/product\/pm-s125s\/#primaryimage","url":"https:\/\/sipin.com.vn\/wp-content\/uploads\/2024\/07\/SUNGWON-1.png","contentUrl":"https:\/\/sipin.com.vn\/wp-content\/uploads\/2024\/07\/SUNGWON-1.png","width":928,"height":492},{"@type":"BreadcrumbList","@id":"https:\/\/sipin.com.vn\/index.php\/product\/pm-s125s\/#breadcrumb","itemListElement":[{"@type":"ListItem","position":1,"name":"Home","item":"https:\/\/sipin.com.vn\/"},{"@type":"ListItem","position":2,"name":"S\u1ea2N PH\u1ea8M","item":"https:\/\/sipin.com.vn\/index.php\/cua-hang\/"},{"@type":"ListItem","position":3,"name":"SUNGWON PM-S125S"}]},{"@type":"WebSite","@id":"https:\/\/sipin.com.vn\/#website","url":"https:\/\/sipin.com.vn\/","name":"OMANI VI\u1ec6T NAM","description":"Nh\u00e0 ph\u00e2n ph\u1ed1i thi\u1ebft b\u1ecb kh\u00ed n\u00e9n v\u00e0 thi\u1ebft b\u1ecb t\u1ef1 \u0111\u1ed9ng h\u00f3a trong c\u00f4ng nghi\u1ec7p","publisher":{"@id":"https:\/\/sipin.com.vn\/#\/schema\/person\/0ad398a980dc3fd696111c2c5c8fa897"},"potentialAction":[{"@type":"SearchAction","target":{"@type":"EntryPoint","urlTemplate":"https:\/\/sipin.com.vn\/?s={search_term_string}"},"query-input":"required name=search_term_string"}],"inLanguage":"vi"},{"@type":["Person","Organization"],"@id":"https:\/\/sipin.com.vn\/#\/schema\/person\/0ad398a980dc3fd696111c2c5c8fa897","name":"Nguy\u1ec5n V\u0103n Kh\u00e1nh","image":{"@type":"ImageObject","inLanguage":"vi","@id":"https:\/\/sipin.com.vn\/#\/schema\/person\/image\/","url":"https:\/\/sipin.com.vn\/wp-content\/uploads\/2024\/06\/logo-1024x1024.png","contentUrl":"https:\/\/sipin.com.vn\/wp-content\/uploads\/2024\/06\/logo-1024x1024.png","width":1024,"height":1024,"caption":"Nguy\u1ec5n V\u0103n Kh\u00e1nh"},"logo":{"@id":"https:\/\/sipin.com.vn\/#\/schema\/person\/image\/"},"sameAs":["https:\/\/sipin.com.vn"]}]}},"_links":{"self":[{"href":"https:\/\/sipin.com.vn\/index.php\/wp-json\/wp\/v2\/product\/1294","targetHints":{"allow":["GET"]}}],"collection":[{"href":"https:\/\/sipin.com.vn\/index.php\/wp-json\/wp\/v2\/product"}],"about":[{"href":"https:\/\/sipin.com.vn\/index.php\/wp-json\/wp\/v2\/types\/product"}],"replies":[{"embeddable":true,"href":"https:\/\/sipin.com.vn\/index.php\/wp-json\/wp\/v2\/comments?post=1294"}],"wp:featuredmedia":[{"embeddable":true,"href":"https:\/\/sipin.com.vn\/index.php\/wp-json\/wp\/v2\/media\/1295"}],"wp:attachment":[{"href":"https:\/\/sipin.com.vn\/index.php\/wp-json\/wp\/v2\/media?parent=1294"}],"wp:term":[{"taxonomy":"product_cat","embeddable":true,"href":"https:\/\/sipin.com.vn\/index.php\/wp-json\/wp\/v2\/product_cat?post=1294"},{"taxonomy":"product_tag","embeddable":true,"href":"https:\/\/sipin.com.vn\/index.php\/wp-json\/wp\/v2\/product_tag?post=1294"}],"curies":[{"name":"wp","href":"https:\/\/api.w.org\/{rel}","templated":true}]}}