{"id":1288,"date":"2024-07-29T05:48:47","date_gmt":"2024-07-28T22:48:47","guid":{"rendered":"https:\/\/omanivietnam.com\/?post_type=product&#038;p=1288"},"modified":"2024-07-29T05:48:47","modified_gmt":"2024-07-28T22:48:47","slug":"omron-cp1h-x40dr-a","status":"publish","type":"product","link":"https:\/\/sipin.com.vn\/index.php\/product\/omron-cp1h-x40dr-a\/","title":{"rendered":"OMRON CP1H-X40DR-A"},"content":{"rendered":"<p>OMRON CP1H-X40DR-A<\/p>\n<p class=\"product_title entry-title\">B\u1ed9 \u0111i\u1ec1u khi\u1ec3n Omron CP1H-X40DR-A (24 In \/ 16 Out Relay)<\/p>\n<p>\u2013 B\u1ed9 \u0111i\u1ec1u khi\u1ec3n v\u1edbi 24 ng\u00f5 v\u00e0o v\u00e0 16 ng\u00f5 ra<br \/>\n\u2013 Ngu\u1ed3n c\u1ea5p: 100-240VAC<br \/>\n\u2013 Ki\u1ec3u ng\u00f5 ra: Relay output<br \/>\n\u2013 T\u1ed1c \u0111\u1ed9 th\u1ef1c hi\u1ec7n l\u1ec7nh: L\u1ec7nh c\u01a1 b\u1ea3n: 0.01\u00b5s; L\u1ec7nh \u0111\u1eb7c bi\u1ec7t: 0.15\u00b5s<br \/>\n\u2013 B\u1ed9 nh\u1edb ch\u01b0\u01a1ng tr\u00ecnh: 20K steps<br \/>\n\u2013 B\u1ed9 \u0111\u1ebfm t\u1ed1c \u0111\u1ed9 cao: 100 kHz (single-phase), 50 kHz<\/p>\n<table class=\"woocommerce-product-attributes shop_attributes\">\n<tbody>\n<tr>\n<td>Category<\/td>\n<td>CPU module<\/td>\n<\/tr>\n<tr>\n<td>Lo\u1ea1i<\/td>\n<td>Compact unit<\/td>\n<\/tr>\n<tr>\n<td>Ngu\u1ed1n c\u1ea5p<\/td>\n<td>100\u2026240VAC<\/td>\n<\/tr>\n<tr>\n<td>C\u00f4ng su\u1ea5t ti\u00eau th\u1ee5<\/td>\n<td>100VA<\/td>\n<\/tr>\n<tr>\n<td>B\u1ed9 nh\u1edb ch\u01b0\u01a1ng tr\u00ecnh<\/td>\n<td>20Ksteps<\/td>\n<\/tr>\n<tr>\n<td>Ng\u00f4n ng\u1eef ch\u01b0\u01a1ng tr\u00ecnh<\/td>\n<td>Ladder<\/td>\n<\/tr>\n<tr>\n<td>S\u1ed1 \u0111\u1ea7u v\u00e0o s\u1ed1<\/td>\n<td>24<\/td>\n<\/tr>\n<tr>\n<td>Ki\u1ec3u ng\u00f5 v\u00e0o s\u1ed1<\/td>\n<td>Sink\/source<\/td>\n<\/tr>\n<tr>\n<td>S\u1ed1 \u0111\u1ea7u ra s\u1ed1<\/td>\n<td>16<\/td>\n<\/tr>\n<tr>\n<td>Ki\u1ec3u \u0111\u1ea5u n\u1ed1i \u0111\u1ea7u ra<\/td>\n<td>Relay<\/td>\n<\/tr>\n<tr>\n<td>D\u00f2ng t\u1ea3i \u0111\u1ea7u ra Max<\/td>\n<td>2A at 250VAC<\/td>\n<\/tr>\n<tr>\n<td>\u0110\u1ea7u v\u00e0o t\u1ed1c \u0111\u1ed9 cao<\/td>\n<td>4<\/td>\n<\/tr>\n<tr>\n<td>T\u1ed1c \u0111\u1ed9 b\u1ed9 \u0111\u1ebfm t\u1ed1c \u0111\u1ed9 cao (Hz)<\/td>\n<td>100kHz<\/td>\n<\/tr>\n<tr>\n<td>\u0110\u1ea7u ra xung<\/td>\n<td>6<\/td>\n<\/tr>\n<tr>\n<td>T\u1ea7n s\u1ed1 xung ph\u00e1t t\u1ed1i \u0111a (Hz)<\/td>\n<td>100kHz<\/td>\n<\/tr>\n<tr>\n<td>B\u00e0n ph\u00edm l\u1eadp tr\u00ecnh<\/td>\n<td>No<\/td>\n<\/tr>\n<tr>\n<td>M\u00e0n h\u00ecnh hi\u1ec3n th\u1ecb<\/td>\n<td>LED indicator<\/td>\n<\/tr>\n<tr>\n<td>Chu\u1ea9n k\u1ebft n\u1ed1i truy\u1ec1n th\u00f4ng<\/td>\n<td>USB<\/td>\n<\/tr>\n<tr>\n<td>Kh\u1ea3 n\u0103ng m\u1edf r\u1ed9ng Module<\/td>\n<td>7<\/td>\n<\/tr>\n<tr>\n<td>K\u1ebft n\u1ed1i m\u00e1y t\u00ednh<\/td>\n<td>USB<\/td>\n<\/tr>\n<tr>\n<td>Ki\u1ec3u l\u1eafp \u0111\u1eb7t<\/td>\n<td>DIN Rail (Track) mounting<\/td>\n<\/tr>\n<tr>\n<td>M\u00f4i tr\u01b0\u1eddng ho\u1ea1t \u0111\u1ed9ng<\/td>\n<td>Indoor<\/td>\n<\/tr>\n<tr>\n<td>Nhi\u1ec7t \u0111\u1ed9 ho\u1ea1t \u0111\u1ed9ng m\u00f4i tr\u01b0\u1eddng<\/td>\n<td>0\u202655\u00b0C<\/td>\n<\/tr>\n<tr>\n<td>\u0110\u1ed9 \u1ea9m ho\u1ea1t \u0111\u1ed9ng m\u00f4i tr\u01b0\u1eddng<\/td>\n<td>10\u202690%<\/td>\n<\/tr>\n<tr>\n<td>Kh\u1ed1i l\u01b0\u1ee3ng t\u01b0\u01a1ng \u0111\u1ed1i<\/td>\n<td>740g<\/td>\n<\/tr>\n<tr>\n<td>Chi\u1ec1u r\u1ed9ng t\u1ed5ng th\u1ec3<\/td>\n<td>150mm<\/td>\n<\/tr>\n<tr>\n<td>Chi\u1ec1u cao t\u1ed5ng th\u1ec3<\/td>\n<td>110mm<\/td>\n<\/tr>\n<tr>\n<td>Chi\u1ec1u s\u00e2u t\u1ed5ng th\u1ec3<\/td>\n<td>85mm<\/td>\n<\/tr>\n<tr>\n<td>Ph\u1ee5 ki\u1ec7n ti\u00eau chu\u1ea9n<\/td>\n<td>No<\/td>\n<\/tr>\n<\/tbody>\n<\/table>\n<p id=\"tablepress-425-name\" class=\"tablepress-table-name tablepress-table-name-id-425\">Omron CP1H<\/p>\n<table id=\"tablepress-425\" class=\"tablepress tablepress-id-425\" aria-labelledby=\"tablepress-425-name\" aria-describedby=\"tablepress-425-description\">\n<thead>\n<tr class=\"row-1 odd\">\n<th class=\"column-1\">SKU<\/th>\n<th class=\"column-2\">\u0110i\u1ec7n \u00e1p ng\u00f5 v\u00e0o<\/th>\n<th class=\"column-3\">Ng\u00f5 v\u00e0o<\/th>\n<th class=\"column-4\">Ng\u00f5 ra<\/th>\n<\/tr>\n<\/thead>\n<tbody class=\"row-hover\">\n<tr class=\"row-2 even\">\n<td class=\"column-1\">CP1H-Y20DT-D<\/td>\n<td class=\"column-2\">24VDC<\/td>\n<td class=\"column-3\">12 Input DC<\/td>\n<td class=\"column-4\">8 Output relay<\/td>\n<\/tr>\n<tr class=\"row-3 odd\">\n<td class=\"column-1\">CP1H-X40DR-A<\/td>\n<td class=\"column-2\">100-240V<\/td>\n<td class=\"column-3\">24 Input DC<\/td>\n<td class=\"column-4\">16 Output relay<\/td>\n<\/tr>\n<tr class=\"row-4 even\">\n<td class=\"column-1\">CP1H-XA40DR-A<\/td>\n<td class=\"column-2\">100-240V<\/td>\n<td class=\"column-3\">24 Input DC<\/td>\n<td class=\"column-4\">16 Output relay<\/td>\n<\/tr>\n<tr class=\"row-5 odd\">\n<td class=\"column-1\">CP1H-X40DT-D<\/td>\n<td class=\"column-2\">24VDC<\/td>\n<td class=\"column-3\">24 Input DC<\/td>\n<td class=\"column-4\">16 Output transistor<\/td>\n<\/tr>\n<tr class=\"row-6 even\">\n<td class=\"column-1\">CP1H-X40DT1-D<\/td>\n<td class=\"column-2\">24VDC<\/td>\n<td class=\"column-3\">24 Input DC<\/td>\n<td class=\"column-4\">16 Output transistor<\/td>\n<\/tr>\n<tr class=\"row-7 odd\">\n<td class=\"column-1\">CP1H-XA40DT-D<\/td>\n<td class=\"column-2\">24VDC<\/td>\n<td class=\"column-3\">24 Input DC<\/td>\n<td class=\"column-4\">16 Output transistor<\/td>\n<\/tr>\n<tr class=\"row-8 even\">\n<td class=\"column-1\">CP1H-XA40DT1-D<\/td>\n<td class=\"column-2\">24VDC<\/td>\n<td class=\"column-3\">24 Input DC<\/td>\n<td class=\"column-4\">16 Output transistor<\/td>\n<\/tr>\n<\/tbody>\n<\/table>\n<p>&nbsp;<\/p>\n<p>C\u00e1c s\u1ea3n ph\u1ea9m t\u01b0\u01a1ng t\u1ef1:<\/p>\n<p>CP1H-X40DR-A, CP1H-X40DT-D, CP1W-40EDR, CP1W-32ER, CP1W-20EDR, CP1W-16ER, CP1W-8ED, CP1W-CIF01, CP1W-CIF11, E2B-M12LS04-WP-C1 2M, E3Z-R61 2M, E39-R1, E3Z-T61 2M, E3X-HD11 2M, E32-TC200 2M, E32-DC200 2M, E32-CC200 2M, LY2N DC24, PTFZ-08-E, MT8072iP, S8FS-G15024CD-500, S8FS-G30024CD-500, S8VK-C06024, S8VK-C12024, S8VK-C24024, EE-SX671, EE-SX672<\/p>\n<p>&nbsp;<\/p>\n<p>\u0110\u1ea1i l\u00fd OMRON vietnam, OMRON viet nam, OMRON vietnam distributor, Ph\u00e2n ph\u1ed1i OMRON t\u1ea1i vi\u1ec7t nam<\/p>\n<p>\u0110\u1ea1i l\u00fd OMRON vietnam, OMRON viet nam, OMRON vietnam distributor, Ph\u00e2n ph\u1ed1i OMRON t\u1ea1i vi\u1ec7t nam<\/p>\n<p>\u0110\u1ea1i l\u00fd OMRON vietnam, OMRON viet nam, OMRON vietnam distributor, Ph\u00e2n ph\u1ed1i OMRON t\u1ea1i vi\u1ec7t nam<\/p>\n<p>\u0110\u1ea1i l\u00fd OMRON vietnam, OMRON viet nam, OMRON vietnam distributor, Ph\u00e2n ph\u1ed1i OMRON t\u1ea1i vi\u1ec7t nam<\/p>\n<p>\u0110\u1ea1i l\u00fd OMRON vietnam, OMRON viet nam, OMRON vietnam distributor, Ph\u00e2n ph\u1ed1i OMRON t\u1ea1i vi\u1ec7t nam<\/p>\n","protected":false},"excerpt":{"rendered":"<p>OMRON CP1H-X40DR-A B\u1ed9 \u0111i\u1ec1u khi\u1ec3n Omron CP1H-X40DR-A (24 In \/ 16 Out Relay) \u2013 B\u1ed9 \u0111i\u1ec1u khi\u1ec3n v\u1edbi 24 ng\u00f5 v\u00e0o v\u00e0 16 ng\u00f5 ra \u2013 Ngu\u1ed3n c\u1ea5p: 100-240VAC \u2013 Ki\u1ec3u ng\u00f5 ra: Relay output \u2013 T\u1ed1c \u0111\u1ed9 th\u1ef1c hi\u1ec7n l\u1ec7nh: L\u1ec7nh c\u01a1 b\u1ea3n: 0.01\u00b5s; L\u1ec7nh \u0111\u1eb7c bi\u1ec7t: 0.15\u00b5s \u2013&hellip; <\/p>\n","protected":false},"featured_media":1289,"comment_status":"open","ping_status":"closed","template":"","meta":{"om_disable_all_campaigns":false,"_monsterinsights_skip_tracking":false,"_monsterinsights_sitenote_active":false,"_monsterinsights_sitenote_note":"","_monsterinsights_sitenote_category":0},"product_cat":[15],"product_tag":[167,105,104],"class_list":{"0":"post-1288","1":"product","2":"type-product","3":"status-publish","4":"has-post-thumbnail","6":"product_cat-apex","7":"product_tag-bo-dieu-khien","8":"product_tag-dai-ly-omron-viet-nam","9":"product_tag-omron-viet-nam","11":"first","12":"instock","13":"shipping-taxable","14":"product-type-simple"},"aioseo_notices":[],"yoast_head":"<!-- This site is optimized with the Yoast SEO plugin v22.8 - https:\/\/yoast.com\/wordpress\/plugins\/seo\/ -->\n<title>OMRON CP1H-X40DR-A - OMANI VI\u1ec6T NAM<\/title>\n<meta name=\"robots\" content=\"index, follow, max-snippet:-1, max-image-preview:large, max-video-preview:-1\" \/>\n<link rel=\"canonical\" href=\"https:\/\/sipin.com.vn\/index.php\/product\/omron-cp1h-x40dr-a\/\" \/>\n<meta property=\"og:locale\" content=\"vi_VN\" \/>\n<meta property=\"og:type\" content=\"article\" \/>\n<meta property=\"og:title\" content=\"OMRON CP1H-X40DR-A - OMANI VI\u1ec6T NAM\" \/>\n<meta property=\"og:description\" content=\"OMRON CP1H-X40DR-A B\u1ed9 \u0111i\u1ec1u khi\u1ec3n Omron CP1H-X40DR-A (24 In \/ 16 Out Relay) \u2013 B\u1ed9 \u0111i\u1ec1u khi\u1ec3n v\u1edbi 24 ng\u00f5 v\u00e0o v\u00e0 16 ng\u00f5 ra \u2013 Ngu\u1ed3n c\u1ea5p: 100-240VAC \u2013 Ki\u1ec3u ng\u00f5 ra: Relay output \u2013 T\u1ed1c \u0111\u1ed9 th\u1ef1c hi\u1ec7n l\u1ec7nh: L\u1ec7nh c\u01a1 b\u1ea3n: 0.01\u00b5s; L\u1ec7nh \u0111\u1eb7c bi\u1ec7t: 0.15\u00b5s \u2013&hellip;\" \/>\n<meta property=\"og:url\" content=\"https:\/\/sipin.com.vn\/index.php\/product\/omron-cp1h-x40dr-a\/\" \/>\n<meta property=\"og:site_name\" content=\"OMANI VI\u1ec6T NAM\" \/>\n<meta property=\"og:image\" content=\"https:\/\/sipin.com.vn\/wp-content\/uploads\/2024\/07\/CP1H-X40DR-A.png\" \/>\n\t<meta property=\"og:image:width\" content=\"383\" \/>\n\t<meta property=\"og:image:height\" content=\"441\" \/>\n\t<meta property=\"og:image:type\" content=\"image\/png\" \/>\n<meta name=\"twitter:card\" content=\"summary_large_image\" \/>\n<meta name=\"twitter:label1\" content=\"\u01af\u1edbc t\u00ednh th\u1eddi gian \u0111\u1ecdc\" \/>\n\t<meta name=\"twitter:data1\" content=\"3 ph\u00fat\" \/>\n<script type=\"application\/ld+json\" class=\"yoast-schema-graph\">{\"@context\":\"https:\/\/schema.org\",\"@graph\":[{\"@type\":\"WebPage\",\"@id\":\"https:\/\/sipin.com.vn\/index.php\/product\/omron-cp1h-x40dr-a\/\",\"url\":\"https:\/\/sipin.com.vn\/index.php\/product\/omron-cp1h-x40dr-a\/\",\"name\":\"OMRON CP1H-X40DR-A - OMANI VI\u1ec6T NAM\",\"isPartOf\":{\"@id\":\"https:\/\/sipin.com.vn\/#website\"},\"primaryImageOfPage\":{\"@id\":\"https:\/\/sipin.com.vn\/index.php\/product\/omron-cp1h-x40dr-a\/#primaryimage\"},\"image\":{\"@id\":\"https:\/\/sipin.com.vn\/index.php\/product\/omron-cp1h-x40dr-a\/#primaryimage\"},\"thumbnailUrl\":\"https:\/\/sipin.com.vn\/wp-content\/uploads\/2024\/07\/CP1H-X40DR-A.png\",\"datePublished\":\"2024-07-28T22:48:47+00:00\",\"dateModified\":\"2024-07-28T22:48:47+00:00\",\"breadcrumb\":{\"@id\":\"https:\/\/sipin.com.vn\/index.php\/product\/omron-cp1h-x40dr-a\/#breadcrumb\"},\"inLanguage\":\"vi\",\"potentialAction\":[{\"@type\":\"ReadAction\",\"target\":[\"https:\/\/sipin.com.vn\/index.php\/product\/omron-cp1h-x40dr-a\/\"]}]},{\"@type\":\"ImageObject\",\"inLanguage\":\"vi\",\"@id\":\"https:\/\/sipin.com.vn\/index.php\/product\/omron-cp1h-x40dr-a\/#primaryimage\",\"url\":\"https:\/\/sipin.com.vn\/wp-content\/uploads\/2024\/07\/CP1H-X40DR-A.png\",\"contentUrl\":\"https:\/\/sipin.com.vn\/wp-content\/uploads\/2024\/07\/CP1H-X40DR-A.png\",\"width\":383,\"height\":441},{\"@type\":\"BreadcrumbList\",\"@id\":\"https:\/\/sipin.com.vn\/index.php\/product\/omron-cp1h-x40dr-a\/#breadcrumb\",\"itemListElement\":[{\"@type\":\"ListItem\",\"position\":1,\"name\":\"Home\",\"item\":\"https:\/\/sipin.com.vn\/\"},{\"@type\":\"ListItem\",\"position\":2,\"name\":\"S\u1ea2N PH\u1ea8M\",\"item\":\"https:\/\/sipin.com.vn\/index.php\/cua-hang\/\"},{\"@type\":\"ListItem\",\"position\":3,\"name\":\"OMRON CP1H-X40DR-A\"}]},{\"@type\":\"WebSite\",\"@id\":\"https:\/\/sipin.com.vn\/#website\",\"url\":\"https:\/\/sipin.com.vn\/\",\"name\":\"OMANI VI\u1ec6T NAM\",\"description\":\"Nh\u00e0 ph\u00e2n ph\u1ed1i thi\u1ebft b\u1ecb kh\u00ed n\u00e9n v\u00e0 thi\u1ebft b\u1ecb t\u1ef1 \u0111\u1ed9ng h\u00f3a trong c\u00f4ng nghi\u1ec7p\",\"publisher\":{\"@id\":\"https:\/\/sipin.com.vn\/#\/schema\/person\/0ad398a980dc3fd696111c2c5c8fa897\"},\"potentialAction\":[{\"@type\":\"SearchAction\",\"target\":{\"@type\":\"EntryPoint\",\"urlTemplate\":\"https:\/\/sipin.com.vn\/?s={search_term_string}\"},\"query-input\":\"required name=search_term_string\"}],\"inLanguage\":\"vi\"},{\"@type\":[\"Person\",\"Organization\"],\"@id\":\"https:\/\/sipin.com.vn\/#\/schema\/person\/0ad398a980dc3fd696111c2c5c8fa897\",\"name\":\"Nguy\u1ec5n V\u0103n Kh\u00e1nh\",\"image\":{\"@type\":\"ImageObject\",\"inLanguage\":\"vi\",\"@id\":\"https:\/\/sipin.com.vn\/#\/schema\/person\/image\/\",\"url\":\"https:\/\/sipin.com.vn\/wp-content\/uploads\/2024\/06\/logo-1024x1024.png\",\"contentUrl\":\"https:\/\/sipin.com.vn\/wp-content\/uploads\/2024\/06\/logo-1024x1024.png\",\"width\":1024,\"height\":1024,\"caption\":\"Nguy\u1ec5n V\u0103n Kh\u00e1nh\"},\"logo\":{\"@id\":\"https:\/\/sipin.com.vn\/#\/schema\/person\/image\/\"},\"sameAs\":[\"https:\/\/sipin.com.vn\"]}]}<\/script>\n<!-- \/ Yoast SEO plugin. -->","yoast_head_json":{"title":"OMRON CP1H-X40DR-A - OMANI VI\u1ec6T NAM","robots":{"index":"index","follow":"follow","max-snippet":"max-snippet:-1","max-image-preview":"max-image-preview:large","max-video-preview":"max-video-preview:-1"},"canonical":"https:\/\/sipin.com.vn\/index.php\/product\/omron-cp1h-x40dr-a\/","og_locale":"vi_VN","og_type":"article","og_title":"OMRON CP1H-X40DR-A - OMANI VI\u1ec6T NAM","og_description":"OMRON CP1H-X40DR-A B\u1ed9 \u0111i\u1ec1u khi\u1ec3n Omron CP1H-X40DR-A (24 In \/ 16 Out Relay) \u2013 B\u1ed9 \u0111i\u1ec1u khi\u1ec3n v\u1edbi 24 ng\u00f5 v\u00e0o v\u00e0 16 ng\u00f5 ra \u2013 Ngu\u1ed3n c\u1ea5p: 100-240VAC \u2013 Ki\u1ec3u ng\u00f5 ra: Relay output \u2013 T\u1ed1c \u0111\u1ed9 th\u1ef1c hi\u1ec7n l\u1ec7nh: L\u1ec7nh c\u01a1 b\u1ea3n: 0.01\u00b5s; L\u1ec7nh \u0111\u1eb7c bi\u1ec7t: 0.15\u00b5s \u2013&hellip;","og_url":"https:\/\/sipin.com.vn\/index.php\/product\/omron-cp1h-x40dr-a\/","og_site_name":"OMANI VI\u1ec6T NAM","og_image":[{"width":383,"height":441,"url":"https:\/\/sipin.com.vn\/wp-content\/uploads\/2024\/07\/CP1H-X40DR-A.png","type":"image\/png"}],"twitter_card":"summary_large_image","twitter_misc":{"\u01af\u1edbc t\u00ednh th\u1eddi gian \u0111\u1ecdc":"3 ph\u00fat"},"schema":{"@context":"https:\/\/schema.org","@graph":[{"@type":"WebPage","@id":"https:\/\/sipin.com.vn\/index.php\/product\/omron-cp1h-x40dr-a\/","url":"https:\/\/sipin.com.vn\/index.php\/product\/omron-cp1h-x40dr-a\/","name":"OMRON CP1H-X40DR-A - OMANI VI\u1ec6T NAM","isPartOf":{"@id":"https:\/\/sipin.com.vn\/#website"},"primaryImageOfPage":{"@id":"https:\/\/sipin.com.vn\/index.php\/product\/omron-cp1h-x40dr-a\/#primaryimage"},"image":{"@id":"https:\/\/sipin.com.vn\/index.php\/product\/omron-cp1h-x40dr-a\/#primaryimage"},"thumbnailUrl":"https:\/\/sipin.com.vn\/wp-content\/uploads\/2024\/07\/CP1H-X40DR-A.png","datePublished":"2024-07-28T22:48:47+00:00","dateModified":"2024-07-28T22:48:47+00:00","breadcrumb":{"@id":"https:\/\/sipin.com.vn\/index.php\/product\/omron-cp1h-x40dr-a\/#breadcrumb"},"inLanguage":"vi","potentialAction":[{"@type":"ReadAction","target":["https:\/\/sipin.com.vn\/index.php\/product\/omron-cp1h-x40dr-a\/"]}]},{"@type":"ImageObject","inLanguage":"vi","@id":"https:\/\/sipin.com.vn\/index.php\/product\/omron-cp1h-x40dr-a\/#primaryimage","url":"https:\/\/sipin.com.vn\/wp-content\/uploads\/2024\/07\/CP1H-X40DR-A.png","contentUrl":"https:\/\/sipin.com.vn\/wp-content\/uploads\/2024\/07\/CP1H-X40DR-A.png","width":383,"height":441},{"@type":"BreadcrumbList","@id":"https:\/\/sipin.com.vn\/index.php\/product\/omron-cp1h-x40dr-a\/#breadcrumb","itemListElement":[{"@type":"ListItem","position":1,"name":"Home","item":"https:\/\/sipin.com.vn\/"},{"@type":"ListItem","position":2,"name":"S\u1ea2N PH\u1ea8M","item":"https:\/\/sipin.com.vn\/index.php\/cua-hang\/"},{"@type":"ListItem","position":3,"name":"OMRON CP1H-X40DR-A"}]},{"@type":"WebSite","@id":"https:\/\/sipin.com.vn\/#website","url":"https:\/\/sipin.com.vn\/","name":"OMANI VI\u1ec6T NAM","description":"Nh\u00e0 ph\u00e2n ph\u1ed1i thi\u1ebft b\u1ecb kh\u00ed n\u00e9n v\u00e0 thi\u1ebft b\u1ecb t\u1ef1 \u0111\u1ed9ng h\u00f3a trong c\u00f4ng nghi\u1ec7p","publisher":{"@id":"https:\/\/sipin.com.vn\/#\/schema\/person\/0ad398a980dc3fd696111c2c5c8fa897"},"potentialAction":[{"@type":"SearchAction","target":{"@type":"EntryPoint","urlTemplate":"https:\/\/sipin.com.vn\/?s={search_term_string}"},"query-input":"required name=search_term_string"}],"inLanguage":"vi"},{"@type":["Person","Organization"],"@id":"https:\/\/sipin.com.vn\/#\/schema\/person\/0ad398a980dc3fd696111c2c5c8fa897","name":"Nguy\u1ec5n V\u0103n Kh\u00e1nh","image":{"@type":"ImageObject","inLanguage":"vi","@id":"https:\/\/sipin.com.vn\/#\/schema\/person\/image\/","url":"https:\/\/sipin.com.vn\/wp-content\/uploads\/2024\/06\/logo-1024x1024.png","contentUrl":"https:\/\/sipin.com.vn\/wp-content\/uploads\/2024\/06\/logo-1024x1024.png","width":1024,"height":1024,"caption":"Nguy\u1ec5n V\u0103n Kh\u00e1nh"},"logo":{"@id":"https:\/\/sipin.com.vn\/#\/schema\/person\/image\/"},"sameAs":["https:\/\/sipin.com.vn"]}]}},"_links":{"self":[{"href":"https:\/\/sipin.com.vn\/index.php\/wp-json\/wp\/v2\/product\/1288","targetHints":{"allow":["GET"]}}],"collection":[{"href":"https:\/\/sipin.com.vn\/index.php\/wp-json\/wp\/v2\/product"}],"about":[{"href":"https:\/\/sipin.com.vn\/index.php\/wp-json\/wp\/v2\/types\/product"}],"replies":[{"embeddable":true,"href":"https:\/\/sipin.com.vn\/index.php\/wp-json\/wp\/v2\/comments?post=1288"}],"wp:featuredmedia":[{"embeddable":true,"href":"https:\/\/sipin.com.vn\/index.php\/wp-json\/wp\/v2\/media\/1289"}],"wp:attachment":[{"href":"https:\/\/sipin.com.vn\/index.php\/wp-json\/wp\/v2\/media?parent=1288"}],"wp:term":[{"taxonomy":"product_cat","embeddable":true,"href":"https:\/\/sipin.com.vn\/index.php\/wp-json\/wp\/v2\/product_cat?post=1288"},{"taxonomy":"product_tag","embeddable":true,"href":"https:\/\/sipin.com.vn\/index.php\/wp-json\/wp\/v2\/product_tag?post=1288"}],"curies":[{"name":"wp","href":"https:\/\/api.w.org\/{rel}","templated":true}]}}