{"id":1284,"date":"2024-07-29T05:32:47","date_gmt":"2024-07-28T22:32:47","guid":{"rendered":"https:\/\/omanivietnam.com\/?post_type=product&#038;p=1284"},"modified":"2024-07-29T05:34:11","modified_gmt":"2024-07-28T22:34:11","slug":"smc-vt317v-5g-02","status":"publish","type":"product","link":"https:\/\/sipin.com.vn\/index.php\/product\/smc-vt317v-5g-02\/","title":{"rendered":"SMC VT317V-5G-02"},"content":{"rendered":"<p>SMC VT317V-5G-02<\/p>\n<p class=\"m-h1\">3\u2011Port Solenoid Valve Direct Operated Poppet Type VT317 Series (VT317V-5G-02)<\/p>\n<p class=\"m-h2\">Product Description<\/p>\n<p>&#8211; 3\u2011Port Solenoid Valve Direct Operated Poppet Type VT317 Series from SMC.<br \/>\n&#8211; Direct operated solenoid valve.<br \/>\n&#8211; Suitable for Use in Vacuum Applications (-101.2kPa).<br \/>\n&#8211; Pipe port type can be selected 4 types, Rc, NPT, NPTF or G.<br \/>\n&#8211; Large Flow Capacity, yet Compact Size.<br \/>\n&#8211; 1 Valve, 6 Functions, Selective porting can provide 6 valve functions, such as N.C. valve, N.O. valve, Divider valve, Selector valve etc.<br \/>\n&#8211; Operating pressure range is from 0 to 0.9MPa<\/p>\n<p><img decoding=\"async\" src=\"https:\/\/xilanhkhinen.com\/wp-content\/uploads\/2021\/07\/0001.jpg\" \/><\/p>\n<h3 class=\"m-h3\"><span data-lang=\"ENG\">Configured Specifications<\/span><\/h3>\n<table class=\"m-listTable\" summary=\"Price, Spec., etc.\">\n<colgroup>\n<col width=\"20%\" \/>\n<col width=\"30%\" \/>\n<col width=\"20%\" \/>\n<col width=\"30%\" \/><\/colgroup>\n<tbody>\n<tr>\n<th>Type<\/th>\n<td>Solenoid Valves<\/td>\n<th>Application<\/th>\n<td>Single Use<\/td>\n<\/tr>\n<tr>\n<th>Number of Ports<\/th>\n<td>3-Port Valve<\/td>\n<th>Mounting Orientation<\/th>\n<td>Direct<\/td>\n<\/tr>\n<tr>\n<th>Specifications<\/th>\n<td>Standard<\/td>\n<th>Number of Solenoids<\/th>\n<td>[Single] Single<\/td>\n<\/tr>\n<tr>\n<th>Switching Type<\/th>\n<td>2-Position Normally Open<\/td>\n<th>Status at Power Off<\/th>\n<td>Self-Recovery (Spring Return)<\/td>\n<\/tr>\n<tr>\n<th>Voltage<\/th>\n<td>DC24V<\/td>\n<th>Pipe Port Type<\/th>\n<td>[Rc (R)] Rc<\/td>\n<\/tr>\n<tr>\n<th>Plumbing Thread Nominal<\/th>\n<td>1\/4<\/td>\n<th>Plumbing<\/th>\n<td>Direct Plumbing<\/td>\n<\/tr>\n<tr class=\"VN_table-row\">\n<th>Driving Type<\/th>\n<td>Linear Motion Poppet<\/td>\n<th>CV Value<\/th>\n<td>0.62<\/td>\n<\/tr>\n<tr class=\"VN_table-row\">\n<th>Seal Type<\/th>\n<td>Soft Seal<\/td>\n<th>Pressure Rating(MPa)<\/th>\n<td>0 to 0.9<\/td>\n<\/tr>\n<tr class=\"VN_table-row\">\n<th>Pilot Air Supply<\/th>\n<td>Internal<\/td>\n<th>Manual Switch<\/th>\n<td>Not Provided<\/td>\n<\/tr>\n<tr class=\"VN_table-row\">\n<th>Lead wire electrical entry<\/th>\n<td>Grommet \/ Lead wire length: 300\u00a0mm<\/td>\n<th>Indicator light \/ Surge voltage suppressor<\/th>\n<td>None<\/td>\n<\/tr>\n<tr class=\"VN_table-row\">\n<th>CE compliant<\/th>\n<td>None<\/td>\n<th>Valve options<\/th>\n<td>Vacuum specification<\/td>\n<\/tr>\n<tr class=\"VN_table-row\">\n<th>RoHS<\/th>\n<td>&#8211;<\/td>\n<th>&#8211;<\/th>\n<td>&#8211;<\/td>\n<\/tr>\n<\/tbody>\n<\/table>\n<p>&nbsp;<\/p>\n<p>C\u00e1c d\u00f2ng t\u01b0\u01a1ng t\u1ef1:<\/p>\n<p>VT317-3G-02, VT317V-5G-02, VT317V-3G-02, VT317V-6G-02, VT317-5D-02, VT317-4D-02, VT317-3D-02, VT317-6D-02, VT317V-5D-02, VT317V-4D-02, VT317V-3D-02, VT317V-6D-02, VT317V-5DZ-02, VT317-5DZ-02<\/p>\n<p>SMC MXJ12-30Z<br \/>\nSMC VT317-5H-02<br \/>\nSMC CDJ2B10-165Z-B<br \/>\nSMC AR20-02G-A<br \/>\nSMC MDHR2-10R<br \/>\nSMC CDM2RA20-200Z<br \/>\nSMC CDJ2B16-75Z-B<br \/>\nSMC CDQSB12-20DCM<br \/>\nSMC CDQSWB25-20D<\/p>\n<p>&nbsp;<\/p>\n<p>\u0110\u1ea1i l\u00fd SMC vietnam, SMC viet nam, SMC vietnam distributor, Ph\u00e2n ph\u1ed1i SMC t\u1ea1i vi\u1ec7t nam<\/p>\n<p>\u0110\u1ea1i l\u00fd SMC vietnam, SMC viet nam, SMC vietnam distributor, Ph\u00e2n ph\u1ed1i SMC t\u1ea1i vi\u1ec7t nam<\/p>\n<p>\u0110\u1ea1i l\u00fd SMC vietnam, SMC viet nam, SMC vietnam distributor, Ph\u00e2n ph\u1ed1i SMC t\u1ea1i vi\u1ec7t nam<\/p>\n<p>\u0110\u1ea1i l\u00fd SMC vietnam, SMC viet nam, SMC vietnam distributor, Ph\u00e2n ph\u1ed1i SMC t\u1ea1i vi\u1ec7t nam<\/p>\n<p>\u0110\u1ea1i l\u00fd SMC vietnam, SMC viet nam, SMC vietnam distributor, Ph\u00e2n ph\u1ed1i SMC t\u1ea1i vi\u1ec7t nam<\/p>\n","protected":false},"excerpt":{"rendered":"<p>SMC VT317V-5G-02 3\u2011Port Solenoid Valve Direct Operated Poppet Type VT317 Series (VT317V-5G-02) Product Description &#8211; 3\u2011Port Solenoid Valve Direct Operated Poppet Type VT317 Series from SMC. &#8211; Direct operated solenoid valve. &#8211; Suitable for Use in Vacuum Applications (-101.2kPa). &#8211; Pipe port type can be selected 4 types, Rc, NPT,&hellip; <\/p>\n","protected":false},"featured_media":1285,"comment_status":"open","ping_status":"closed","template":"","meta":{"om_disable_all_campaigns":false,"_monsterinsights_skip_tracking":false,"_monsterinsights_sitenote_active":false,"_monsterinsights_sitenote_note":"","_monsterinsights_sitenote_category":0},"product_cat":[15],"product_tag":[93,92,102],"class_list":{"0":"post-1284","1":"product","2":"type-product","3":"status-publish","4":"has-post-thumbnail","6":"product_cat-apex","7":"product_tag-dai-ly-smc-viet-nam","8":"product_tag-smc-viet-nam","9":"product_tag-van-khi-nen","11":"first","12":"instock","13":"shipping-taxable","14":"product-type-simple"},"aioseo_notices":[],"yoast_head":"<!-- This site is optimized with the Yoast SEO plugin v22.8 - https:\/\/yoast.com\/wordpress\/plugins\/seo\/ -->\n<title>SMC VT317V-5G-02 - OMANI VI\u1ec6T NAM<\/title>\n<meta name=\"robots\" content=\"index, follow, max-snippet:-1, max-image-preview:large, max-video-preview:-1\" \/>\n<link rel=\"canonical\" href=\"https:\/\/sipin.com.vn\/index.php\/product\/smc-vt317v-5g-02\/\" \/>\n<meta property=\"og:locale\" content=\"vi_VN\" \/>\n<meta property=\"og:type\" content=\"article\" \/>\n<meta property=\"og:title\" content=\"SMC VT317V-5G-02 - OMANI VI\u1ec6T NAM\" \/>\n<meta property=\"og:description\" content=\"SMC VT317V-5G-02 3\u2011Port Solenoid Valve Direct Operated Poppet Type VT317 Series (VT317V-5G-02) Product Description &#8211; 3\u2011Port Solenoid Valve Direct Operated Poppet Type VT317 Series from SMC. &#8211; Direct operated solenoid valve. &#8211; Suitable for Use in Vacuum Applications (-101.2kPa). &#8211; Pipe port type can be selected 4 types, Rc, NPT,&hellip;\" \/>\n<meta property=\"og:url\" content=\"https:\/\/sipin.com.vn\/index.php\/product\/smc-vt317v-5g-02\/\" \/>\n<meta property=\"og:site_name\" content=\"OMANI VI\u1ec6T NAM\" \/>\n<meta property=\"article:modified_time\" content=\"2024-07-28T22:34:11+00:00\" \/>\n<meta property=\"og:image\" content=\"https:\/\/sipin.com.vn\/wp-content\/uploads\/2024\/07\/VT317V-5G-02.png\" \/>\n\t<meta property=\"og:image:width\" content=\"367\" \/>\n\t<meta property=\"og:image:height\" content=\"290\" \/>\n\t<meta property=\"og:image:type\" content=\"image\/png\" \/>\n<meta name=\"twitter:card\" content=\"summary_large_image\" \/>\n<meta name=\"twitter:label1\" content=\"\u01af\u1edbc t\u00ednh th\u1eddi gian \u0111\u1ecdc\" \/>\n\t<meta name=\"twitter:data1\" content=\"3 ph\u00fat\" \/>\n<script type=\"application\/ld+json\" class=\"yoast-schema-graph\">{\"@context\":\"https:\/\/schema.org\",\"@graph\":[{\"@type\":\"WebPage\",\"@id\":\"https:\/\/sipin.com.vn\/index.php\/product\/smc-vt317v-5g-02\/\",\"url\":\"https:\/\/sipin.com.vn\/index.php\/product\/smc-vt317v-5g-02\/\",\"name\":\"SMC VT317V-5G-02 - OMANI VI\u1ec6T NAM\",\"isPartOf\":{\"@id\":\"https:\/\/sipin.com.vn\/#website\"},\"primaryImageOfPage\":{\"@id\":\"https:\/\/sipin.com.vn\/index.php\/product\/smc-vt317v-5g-02\/#primaryimage\"},\"image\":{\"@id\":\"https:\/\/sipin.com.vn\/index.php\/product\/smc-vt317v-5g-02\/#primaryimage\"},\"thumbnailUrl\":\"https:\/\/sipin.com.vn\/wp-content\/uploads\/2024\/07\/VT317V-5G-02.png\",\"datePublished\":\"2024-07-28T22:32:47+00:00\",\"dateModified\":\"2024-07-28T22:34:11+00:00\",\"breadcrumb\":{\"@id\":\"https:\/\/sipin.com.vn\/index.php\/product\/smc-vt317v-5g-02\/#breadcrumb\"},\"inLanguage\":\"vi\",\"potentialAction\":[{\"@type\":\"ReadAction\",\"target\":[\"https:\/\/sipin.com.vn\/index.php\/product\/smc-vt317v-5g-02\/\"]}]},{\"@type\":\"ImageObject\",\"inLanguage\":\"vi\",\"@id\":\"https:\/\/sipin.com.vn\/index.php\/product\/smc-vt317v-5g-02\/#primaryimage\",\"url\":\"https:\/\/sipin.com.vn\/wp-content\/uploads\/2024\/07\/VT317V-5G-02.png\",\"contentUrl\":\"https:\/\/sipin.com.vn\/wp-content\/uploads\/2024\/07\/VT317V-5G-02.png\",\"width\":367,\"height\":290},{\"@type\":\"BreadcrumbList\",\"@id\":\"https:\/\/sipin.com.vn\/index.php\/product\/smc-vt317v-5g-02\/#breadcrumb\",\"itemListElement\":[{\"@type\":\"ListItem\",\"position\":1,\"name\":\"Home\",\"item\":\"https:\/\/sipin.com.vn\/\"},{\"@type\":\"ListItem\",\"position\":2,\"name\":\"S\u1ea2N PH\u1ea8M\",\"item\":\"https:\/\/sipin.com.vn\/index.php\/cua-hang\/\"},{\"@type\":\"ListItem\",\"position\":3,\"name\":\"SMC VT317V-5G-02\"}]},{\"@type\":\"WebSite\",\"@id\":\"https:\/\/sipin.com.vn\/#website\",\"url\":\"https:\/\/sipin.com.vn\/\",\"name\":\"OMANI VI\u1ec6T NAM\",\"description\":\"Nh\u00e0 ph\u00e2n ph\u1ed1i thi\u1ebft b\u1ecb kh\u00ed n\u00e9n v\u00e0 thi\u1ebft b\u1ecb t\u1ef1 \u0111\u1ed9ng h\u00f3a trong c\u00f4ng nghi\u1ec7p\",\"publisher\":{\"@id\":\"https:\/\/sipin.com.vn\/#\/schema\/person\/0ad398a980dc3fd696111c2c5c8fa897\"},\"potentialAction\":[{\"@type\":\"SearchAction\",\"target\":{\"@type\":\"EntryPoint\",\"urlTemplate\":\"https:\/\/sipin.com.vn\/?s={search_term_string}\"},\"query-input\":\"required name=search_term_string\"}],\"inLanguage\":\"vi\"},{\"@type\":[\"Person\",\"Organization\"],\"@id\":\"https:\/\/sipin.com.vn\/#\/schema\/person\/0ad398a980dc3fd696111c2c5c8fa897\",\"name\":\"Nguy\u1ec5n V\u0103n Kh\u00e1nh\",\"image\":{\"@type\":\"ImageObject\",\"inLanguage\":\"vi\",\"@id\":\"https:\/\/sipin.com.vn\/#\/schema\/person\/image\/\",\"url\":\"https:\/\/sipin.com.vn\/wp-content\/uploads\/2024\/06\/logo-1024x1024.png\",\"contentUrl\":\"https:\/\/sipin.com.vn\/wp-content\/uploads\/2024\/06\/logo-1024x1024.png\",\"width\":1024,\"height\":1024,\"caption\":\"Nguy\u1ec5n V\u0103n Kh\u00e1nh\"},\"logo\":{\"@id\":\"https:\/\/sipin.com.vn\/#\/schema\/person\/image\/\"},\"sameAs\":[\"https:\/\/sipin.com.vn\"]}]}<\/script>\n<!-- \/ Yoast SEO plugin. -->","yoast_head_json":{"title":"SMC VT317V-5G-02 - OMANI VI\u1ec6T NAM","robots":{"index":"index","follow":"follow","max-snippet":"max-snippet:-1","max-image-preview":"max-image-preview:large","max-video-preview":"max-video-preview:-1"},"canonical":"https:\/\/sipin.com.vn\/index.php\/product\/smc-vt317v-5g-02\/","og_locale":"vi_VN","og_type":"article","og_title":"SMC VT317V-5G-02 - OMANI VI\u1ec6T NAM","og_description":"SMC VT317V-5G-02 3\u2011Port Solenoid Valve Direct Operated Poppet Type VT317 Series (VT317V-5G-02) Product Description &#8211; 3\u2011Port Solenoid Valve Direct Operated Poppet Type VT317 Series from SMC. &#8211; Direct operated solenoid valve. &#8211; Suitable for Use in Vacuum Applications (-101.2kPa). &#8211; Pipe port type can be selected 4 types, Rc, NPT,&hellip;","og_url":"https:\/\/sipin.com.vn\/index.php\/product\/smc-vt317v-5g-02\/","og_site_name":"OMANI VI\u1ec6T NAM","article_modified_time":"2024-07-28T22:34:11+00:00","og_image":[{"width":367,"height":290,"url":"https:\/\/sipin.com.vn\/wp-content\/uploads\/2024\/07\/VT317V-5G-02.png","type":"image\/png"}],"twitter_card":"summary_large_image","twitter_misc":{"\u01af\u1edbc t\u00ednh th\u1eddi gian \u0111\u1ecdc":"3 ph\u00fat"},"schema":{"@context":"https:\/\/schema.org","@graph":[{"@type":"WebPage","@id":"https:\/\/sipin.com.vn\/index.php\/product\/smc-vt317v-5g-02\/","url":"https:\/\/sipin.com.vn\/index.php\/product\/smc-vt317v-5g-02\/","name":"SMC VT317V-5G-02 - OMANI VI\u1ec6T NAM","isPartOf":{"@id":"https:\/\/sipin.com.vn\/#website"},"primaryImageOfPage":{"@id":"https:\/\/sipin.com.vn\/index.php\/product\/smc-vt317v-5g-02\/#primaryimage"},"image":{"@id":"https:\/\/sipin.com.vn\/index.php\/product\/smc-vt317v-5g-02\/#primaryimage"},"thumbnailUrl":"https:\/\/sipin.com.vn\/wp-content\/uploads\/2024\/07\/VT317V-5G-02.png","datePublished":"2024-07-28T22:32:47+00:00","dateModified":"2024-07-28T22:34:11+00:00","breadcrumb":{"@id":"https:\/\/sipin.com.vn\/index.php\/product\/smc-vt317v-5g-02\/#breadcrumb"},"inLanguage":"vi","potentialAction":[{"@type":"ReadAction","target":["https:\/\/sipin.com.vn\/index.php\/product\/smc-vt317v-5g-02\/"]}]},{"@type":"ImageObject","inLanguage":"vi","@id":"https:\/\/sipin.com.vn\/index.php\/product\/smc-vt317v-5g-02\/#primaryimage","url":"https:\/\/sipin.com.vn\/wp-content\/uploads\/2024\/07\/VT317V-5G-02.png","contentUrl":"https:\/\/sipin.com.vn\/wp-content\/uploads\/2024\/07\/VT317V-5G-02.png","width":367,"height":290},{"@type":"BreadcrumbList","@id":"https:\/\/sipin.com.vn\/index.php\/product\/smc-vt317v-5g-02\/#breadcrumb","itemListElement":[{"@type":"ListItem","position":1,"name":"Home","item":"https:\/\/sipin.com.vn\/"},{"@type":"ListItem","position":2,"name":"S\u1ea2N PH\u1ea8M","item":"https:\/\/sipin.com.vn\/index.php\/cua-hang\/"},{"@type":"ListItem","position":3,"name":"SMC VT317V-5G-02"}]},{"@type":"WebSite","@id":"https:\/\/sipin.com.vn\/#website","url":"https:\/\/sipin.com.vn\/","name":"OMANI VI\u1ec6T NAM","description":"Nh\u00e0 ph\u00e2n ph\u1ed1i thi\u1ebft b\u1ecb kh\u00ed n\u00e9n v\u00e0 thi\u1ebft b\u1ecb t\u1ef1 \u0111\u1ed9ng h\u00f3a trong c\u00f4ng nghi\u1ec7p","publisher":{"@id":"https:\/\/sipin.com.vn\/#\/schema\/person\/0ad398a980dc3fd696111c2c5c8fa897"},"potentialAction":[{"@type":"SearchAction","target":{"@type":"EntryPoint","urlTemplate":"https:\/\/sipin.com.vn\/?s={search_term_string}"},"query-input":"required name=search_term_string"}],"inLanguage":"vi"},{"@type":["Person","Organization"],"@id":"https:\/\/sipin.com.vn\/#\/schema\/person\/0ad398a980dc3fd696111c2c5c8fa897","name":"Nguy\u1ec5n V\u0103n Kh\u00e1nh","image":{"@type":"ImageObject","inLanguage":"vi","@id":"https:\/\/sipin.com.vn\/#\/schema\/person\/image\/","url":"https:\/\/sipin.com.vn\/wp-content\/uploads\/2024\/06\/logo-1024x1024.png","contentUrl":"https:\/\/sipin.com.vn\/wp-content\/uploads\/2024\/06\/logo-1024x1024.png","width":1024,"height":1024,"caption":"Nguy\u1ec5n V\u0103n Kh\u00e1nh"},"logo":{"@id":"https:\/\/sipin.com.vn\/#\/schema\/person\/image\/"},"sameAs":["https:\/\/sipin.com.vn"]}]}},"_links":{"self":[{"href":"https:\/\/sipin.com.vn\/index.php\/wp-json\/wp\/v2\/product\/1284","targetHints":{"allow":["GET"]}}],"collection":[{"href":"https:\/\/sipin.com.vn\/index.php\/wp-json\/wp\/v2\/product"}],"about":[{"href":"https:\/\/sipin.com.vn\/index.php\/wp-json\/wp\/v2\/types\/product"}],"replies":[{"embeddable":true,"href":"https:\/\/sipin.com.vn\/index.php\/wp-json\/wp\/v2\/comments?post=1284"}],"wp:featuredmedia":[{"embeddable":true,"href":"https:\/\/sipin.com.vn\/index.php\/wp-json\/wp\/v2\/media\/1285"}],"wp:attachment":[{"href":"https:\/\/sipin.com.vn\/index.php\/wp-json\/wp\/v2\/media?parent=1284"}],"wp:term":[{"taxonomy":"product_cat","embeddable":true,"href":"https:\/\/sipin.com.vn\/index.php\/wp-json\/wp\/v2\/product_cat?post=1284"},{"taxonomy":"product_tag","embeddable":true,"href":"https:\/\/sipin.com.vn\/index.php\/wp-json\/wp\/v2\/product_tag?post=1284"}],"curies":[{"name":"wp","href":"https:\/\/api.w.org\/{rel}","templated":true}]}}