{"id":1266,"date":"2024-07-28T20:10:27","date_gmt":"2024-07-28T13:10:27","guid":{"rendered":"https:\/\/omanivietnam.com\/?post_type=product&#038;p=1266"},"modified":"2024-07-28T20:10:28","modified_gmt":"2024-07-28T13:10:28","slug":"cosel-pba50f-24-n","status":"publish","type":"product","link":"https:\/\/sipin.com.vn\/index.php\/product\/cosel-pba50f-24-n\/","title":{"rendered":"COSEL PBA50F-24-N"},"content":{"rendered":"<p>COSEL PBA50F-24-N<\/p>\n<p class=\"m-h1\">Switching Power Supply PBA50F Model 50W Single Output<\/p>\n<p>Model with output power of 50\u00a0W.<br \/>\n[Features]<br \/>\n\u30fb Standard model of catalog general-purpose power supply.<br \/>\n\u30fb With wide variations, it is possible to combine in the same series even when using multiple items.<br \/>\n[Applications]<br \/>\n\u30fb It is recommended for a wide range of applications centered on FA.<\/p>\n<p>\u2022 Super small-size &amp; light weight<br \/>\n\u2022 Harmonic attenuator (Complies with IEC61000-3-2): except PBA1500T<br \/>\n\u2022 Universal input (AC85 &#8211; 264V): PBA1500T AC170-264V 3\u03a6<br \/>\n\u2022 Efficiency increased with synchronous rectification technology (PBA50F &#8211; 150F)<br \/>\n\u2022 Variety of option (PBA10F &#8211; 150F, PBW15F &#8211; 50F)<br \/>\n\u2022 Parallel operation and Parallel redundancy operation (PBA300F &#8211; 1500F, PBA1500T)<br \/>\n\u2022 Fan alarm, Remote ON\/OFF and other functions (PBA300F &#8211; 1500F, PBA1500T)<\/p>\n<h2 id=\"anchor02\" class=\"heading01\">Ordering Information and Options<\/h2>\n<p class=\"fsLL\">PB<sup>(1)<\/sup>\u00a0\u00a0A<sup>(2)<\/sup>\u00a0\u00a050<sup>(3)<\/sup>\u00a0\u00a0F<sup>(4)<\/sup>\u00a0\u00a0&#8211;\u00a0\u00a05<sup>(5)<\/sup>\u00a0\u00a0&#8211;\u00a0\u00a0<tt>\u25a1<\/tt><sup>(6)<\/sup><\/p>\n<p>(1) Series name<br \/>\n(2) Single output<br \/>\n(3) Output wattage<br \/>\n(4) Universal input<br \/>\n(5) Output voltage<br \/>\n(6) Optional<br \/>\nC: with Coating<br \/>\nG: Low leakage current (0.15mA max\/ACIN 240V)<br \/>\nE: Low leakage current and EMI class A (0.5mA max\/ACIN 240V)<br \/>\nT: Vertical terminal block<br \/>\nJ1: VH (J.S.T.) connector type<br \/>\nR: with Remote ON\/OFF<br \/>\nN: with Cover (Only 24V UL508 is acquired)<br \/>\nN1: with DIN rail and Cover<br \/>\nV: Output voltage setting potentiometer externally<\/p>\n<p>&nbsp;<\/p>\n<table class=\"table_basic03\">\n<thead>\n<tr>\n<th colspan=\"2\">Contents<\/th>\n<th>Specifications<\/th>\n<\/tr>\n<\/thead>\n<tbody>\n<tr>\n<th class=\"taC\" colspan=\"2\">Input Voltage<\/th>\n<td class=\"taC\">AC85 &#8211; 264V 1\u03a6 or DC120 &#8211; 370V *<\/td>\n<\/tr>\n<tr class=\"even\">\n<th class=\"taC\" rowspan=\"3\">Output<\/th>\n<th class=\"taC\">Wattage<\/th>\n<td class=\"taC\">52.8W<\/td>\n<\/tr>\n<tr>\n<th class=\"taC\">Voltage\/Current<\/th>\n<td class=\"taC\">24V 2.2A<\/td>\n<\/tr>\n<tr class=\"even\">\n<th class=\"taC\">Adjustable\u00a0 Voltage Range<\/th>\n<td class=\"taC\">19.2 &#8211; 27.0V<\/td>\n<\/tr>\n<tr>\n<th class=\"taC\" rowspan=\"5\">Protection Circuit And Others<\/th>\n<th class=\"taC\">Overcurrent Protection<\/th>\n<td class=\"taC\">Works over 105% of rated current and recovers automatically<\/td>\n<\/tr>\n<tr class=\"even\">\n<th class=\"taC\">Overvoltage Protection<\/th>\n<td class=\"taC\">30.0 &#8211; 37.0V<\/td>\n<\/tr>\n<tr>\n<th class=\"taC\">Remote ON\/OFF<\/th>\n<td class=\"taC\">Optional (Required external power source)<\/td>\n<\/tr>\n<tr class=\"even\">\n<th class=\"taC\">Remote Sensing<\/th>\n<td class=\"taC\">&#8211;<\/td>\n<\/tr>\n<tr>\n<th class=\"taC\">Others<\/th>\n<td class=\"taC\">&#8211;<\/td>\n<\/tr>\n<tr class=\"even\">\n<th class=\"taC\" colspan=\"2\">Operating Temperature\/Humidity<\/th>\n<td class=\"taC\">-10 to +71\u2103 (Required Derating) , 20 &#8211; 90%RH (Non condensing)<\/td>\n<\/tr>\n<tr>\n<th class=\"taC\" rowspan=\"3\">Safety And Noise Regulations<\/th>\n<th class=\"taC\">Agency Approvals (At only AC input)<\/th>\n<td class=\"taC\">UL60950-1, C-UL (CSA60950-1) , EN62368-1<br \/>\nComplies with DEN-AN<\/td>\n<\/tr>\n<tr class=\"even\">\n<th class=\"taC\">Conducted Noise<\/th>\n<td class=\"taC\">Complies with FCC Part15 classB, VCCI-B, CISPR22-B, EN55011-B, EN55022-B<\/td>\n<\/tr>\n<tr>\n<th class=\"taC\">High Attenuation<\/th>\n<td class=\"taC\">Complies with IEC61000-3-2 *<\/td>\n<\/tr>\n<tr class=\"even\">\n<th class=\"taC\" rowspan=\"3\">Others<\/th>\n<th class=\"taC\">Dimensions (WxHxD)<\/th>\n<td class=\"taC\">31x82x120mm [1.22&#215;3.23&#215;4.72 inches] (without terminal block)<\/td>\n<\/tr>\n<tr>\n<th class=\"taC\">Weight<\/th>\n<td class=\"taC\">280g max (with cover: 325g max)<\/td>\n<\/tr>\n<tr class=\"even\">\n<th class=\"taC\">Cooling Method<\/th>\n<td class=\"taC\">Convection<\/td>\n<\/tr>\n<tr>\n<th class=\"taC\" colspan=\"2\">Warranty Period<\/th>\n<td class=\"taC\">5-year (Refer to Instruction Manuals\uff09<\/td>\n<\/tr>\n<\/tbody>\n<\/table>\n<table class=\"tg\">\n<thead>\n<tr>\n<th class=\"tg-cah6\" colspan=\"2\">TH\u00d4NG S\u1ed0 K\u1ef8 THU\u1eacT<\/th>\n<\/tr>\n<\/thead>\n<tbody>\n<tr>\n<td class=\"tg-z2iy\"><strong>Output Voltage<\/strong><\/td>\n<td class=\"tg-z2iy\">24 V dc<\/td>\n<\/tr>\n<tr>\n<td class=\"tg-2evf\"><strong>Output Current<\/strong><\/td>\n<td class=\"tg-2evf\">2.2A<\/td>\n<\/tr>\n<tr>\n<td class=\"tg-z2iy\"><strong>Power Rating<\/strong><\/td>\n<td class=\"tg-z2iy\">52.8W<\/td>\n<\/tr>\n<tr>\n<td class=\"tg-2evf\"><strong>Number of Outputs<\/strong><\/td>\n<td class=\"tg-2evf\">1<\/td>\n<\/tr>\n<tr>\n<td class=\"tg-z2iy\"><strong>Input Voltage<\/strong><\/td>\n<td class=\"tg-z2iy\">85 \u2192 264 V ac, 120 \u2192 370 V dc<\/td>\n<\/tr>\n<tr>\n<td class=\"tg-2evf\"><strong>Mounting Type<\/strong><\/td>\n<td class=\"tg-2evf\">Chassis Mount<\/td>\n<\/tr>\n<tr>\n<td class=\"tg-z2iy\"><strong>Package Type<\/strong><\/td>\n<td class=\"tg-z2iy\">Enclosed<\/td>\n<\/tr>\n<tr>\n<td class=\"tg-2evf\"><strong>Length<\/strong><\/td>\n<td class=\"tg-2evf\">136.5mm<\/td>\n<\/tr>\n<tr>\n<td class=\"tg-z2iy\"><strong>Width<\/strong><\/td>\n<td class=\"tg-z2iy\">82.5mm<\/td>\n<\/tr>\n<tr>\n<td class=\"tg-2evf\"><strong>Depth<\/strong><\/td>\n<td class=\"tg-2evf\">34.5mm<\/td>\n<\/tr>\n<tr>\n<td class=\"tg-z2iy\"><strong>Weight<\/strong><\/td>\n<td class=\"tg-z2iy\">280g<\/td>\n<\/tr>\n<tr>\n<td class=\"tg-2evf\"><strong>Efficiency<\/strong><\/td>\n<td class=\"tg-2evf\">0.84<\/td>\n<\/tr>\n<tr>\n<td class=\"tg-z2iy\"><strong>Maximum Temperature<\/strong><\/td>\n<td class=\"tg-z2iy\">+71\u00b0C<\/td>\n<\/tr>\n<tr>\n<td class=\"tg-2evf\"><strong>Minimum Temperature<\/strong><\/td>\n<td class=\"tg-2evf\">-10\u00b0C<\/td>\n<\/tr>\n<\/tbody>\n<\/table>\n<div>C\u00e1c s\u1ea3n ph\u1ea9m t\u01b0\u01a1ng t\u1ef1:<\/div>\n<div><\/div>\n<p>COSEL LDA30F-24-SN<\/p>\n<p>COSEL LDC30F-1-S<\/p>\n<p>COSEL PBA50F-24-N<br \/>\nCOSEL PBA100F-24-N1<br \/>\nCOSEL PBA150F-24-N<\/p>\n<p>LDA30F-24-SNCY,\u00a0LDA30F-24-SNG,\u00a0LDA30F-24-SNY.\u00a0LDA30F-24-Y, LDA30F-3, LDA30F-3-C \u2026 LDA30F-3-SNC, LDA30F-3-V, LDA30F-5, LDA30F-5-C. LDA30F-5-CG, LDA30F-5-CM<\/p>\n<p>&nbsp;<\/p>\n<p>\u0110\u1ea1i l\u00fd COSEL vietnam, COSEL viet nam, COSEL vietnam distributor, Ph\u00e2n ph\u1ed1i COSEL t\u1ea1i vi\u1ec7t nam<\/p>\n<p>\u0110\u1ea1i l\u00fd COSEL vietnam, COSEL viet nam, COSEL vietnam distributor, Ph\u00e2n ph\u1ed1i COSEL t\u1ea1i vi\u1ec7t nam<\/p>\n<p>\u0110\u1ea1i l\u00fd COSEL vietnam, COSEL viet nam, COSEL vietnam distributor, Ph\u00e2n ph\u1ed1i COSEL t\u1ea1i vi\u1ec7t nam<\/p>\n<p>\u0110\u1ea1i l\u00fd COSEL vietnam, COSEL viet nam, COSEL vietnam distributor, Ph\u00e2n ph\u1ed1i COSEL t\u1ea1i vi\u1ec7t nam<\/p>\n<p>\u0110\u1ea1i l\u00fd COSEL vietnam, COSEL viet nam, COSEL vietnam distributor, Ph\u00e2n ph\u1ed1i COSEL t\u1ea1i vi\u1ec7t nam<\/p>\n<p>&nbsp;<\/p>\n","protected":false},"excerpt":{"rendered":"<p>COSEL PBA50F-24-N Switching Power Supply PBA50F Model 50W Single Output Model with output power of 50\u00a0W. [Features] \u30fb Standard model of catalog general-purpose power supply. \u30fb With wide variations, it is possible to combine in the same series even when using multiple items. [Applications] \u30fb It is recommended for a&hellip; <\/p>\n","protected":false},"featured_media":1267,"comment_status":"open","ping_status":"closed","template":"","meta":{"om_disable_all_campaigns":false,"_monsterinsights_skip_tracking":false,"_monsterinsights_sitenote_active":false,"_monsterinsights_sitenote_note":"","_monsterinsights_sitenote_category":0},"product_cat":[15],"product_tag":[221,266,267],"class_list":{"0":"post-1266","1":"product","2":"type-product","3":"status-publish","4":"has-post-thumbnail","6":"product_cat-apex","7":"product_tag-bo-nguon","8":"product_tag-cosel-viet-nam","9":"product_tag-dai-ly-cosel-viet-nam","11":"first","12":"instock","13":"shipping-taxable","14":"product-type-simple"},"aioseo_notices":[],"yoast_head":"<!-- This site is optimized with the Yoast SEO plugin v22.8 - https:\/\/yoast.com\/wordpress\/plugins\/seo\/ -->\n<title>COSEL PBA50F-24-N - OMANI VI\u1ec6T NAM<\/title>\n<meta name=\"robots\" content=\"index, follow, max-snippet:-1, max-image-preview:large, max-video-preview:-1\" \/>\n<link rel=\"canonical\" href=\"https:\/\/sipin.com.vn\/index.php\/product\/cosel-pba50f-24-n\/\" \/>\n<meta property=\"og:locale\" content=\"vi_VN\" \/>\n<meta property=\"og:type\" content=\"article\" \/>\n<meta property=\"og:title\" content=\"COSEL PBA50F-24-N - OMANI VI\u1ec6T NAM\" \/>\n<meta property=\"og:description\" content=\"COSEL PBA50F-24-N Switching Power Supply PBA50F Model 50W Single Output Model with output power of 50\u00a0W. [Features] \u30fb Standard model of catalog general-purpose power supply. \u30fb With wide variations, it is possible to combine in the same series even when using multiple items. [Applications] \u30fb It is recommended for a&hellip;\" \/>\n<meta property=\"og:url\" content=\"https:\/\/sipin.com.vn\/index.php\/product\/cosel-pba50f-24-n\/\" \/>\n<meta property=\"og:site_name\" content=\"OMANI VI\u1ec6T NAM\" \/>\n<meta property=\"article:modified_time\" content=\"2024-07-28T13:10:28+00:00\" \/>\n<meta property=\"og:image\" content=\"https:\/\/sipin.com.vn\/wp-content\/uploads\/2024\/07\/PBA50F-24-N.png\" \/>\n\t<meta property=\"og:image:width\" content=\"568\" \/>\n\t<meta property=\"og:image:height\" content=\"470\" \/>\n\t<meta property=\"og:image:type\" content=\"image\/png\" \/>\n<meta name=\"twitter:card\" content=\"summary_large_image\" \/>\n<meta name=\"twitter:label1\" content=\"\u01af\u1edbc t\u00ednh th\u1eddi gian \u0111\u1ecdc\" \/>\n\t<meta name=\"twitter:data1\" content=\"3 ph\u00fat\" \/>\n<script type=\"application\/ld+json\" class=\"yoast-schema-graph\">{\"@context\":\"https:\/\/schema.org\",\"@graph\":[{\"@type\":\"WebPage\",\"@id\":\"https:\/\/sipin.com.vn\/index.php\/product\/cosel-pba50f-24-n\/\",\"url\":\"https:\/\/sipin.com.vn\/index.php\/product\/cosel-pba50f-24-n\/\",\"name\":\"COSEL PBA50F-24-N - OMANI VI\u1ec6T NAM\",\"isPartOf\":{\"@id\":\"https:\/\/sipin.com.vn\/#website\"},\"primaryImageOfPage\":{\"@id\":\"https:\/\/sipin.com.vn\/index.php\/product\/cosel-pba50f-24-n\/#primaryimage\"},\"image\":{\"@id\":\"https:\/\/sipin.com.vn\/index.php\/product\/cosel-pba50f-24-n\/#primaryimage\"},\"thumbnailUrl\":\"https:\/\/sipin.com.vn\/wp-content\/uploads\/2024\/07\/PBA50F-24-N.png\",\"datePublished\":\"2024-07-28T13:10:27+00:00\",\"dateModified\":\"2024-07-28T13:10:28+00:00\",\"breadcrumb\":{\"@id\":\"https:\/\/sipin.com.vn\/index.php\/product\/cosel-pba50f-24-n\/#breadcrumb\"},\"inLanguage\":\"vi\",\"potentialAction\":[{\"@type\":\"ReadAction\",\"target\":[\"https:\/\/sipin.com.vn\/index.php\/product\/cosel-pba50f-24-n\/\"]}]},{\"@type\":\"ImageObject\",\"inLanguage\":\"vi\",\"@id\":\"https:\/\/sipin.com.vn\/index.php\/product\/cosel-pba50f-24-n\/#primaryimage\",\"url\":\"https:\/\/sipin.com.vn\/wp-content\/uploads\/2024\/07\/PBA50F-24-N.png\",\"contentUrl\":\"https:\/\/sipin.com.vn\/wp-content\/uploads\/2024\/07\/PBA50F-24-N.png\",\"width\":568,\"height\":470},{\"@type\":\"BreadcrumbList\",\"@id\":\"https:\/\/sipin.com.vn\/index.php\/product\/cosel-pba50f-24-n\/#breadcrumb\",\"itemListElement\":[{\"@type\":\"ListItem\",\"position\":1,\"name\":\"Home\",\"item\":\"https:\/\/sipin.com.vn\/\"},{\"@type\":\"ListItem\",\"position\":2,\"name\":\"S\u1ea2N PH\u1ea8M\",\"item\":\"https:\/\/sipin.com.vn\/index.php\/cua-hang\/\"},{\"@type\":\"ListItem\",\"position\":3,\"name\":\"COSEL PBA50F-24-N\"}]},{\"@type\":\"WebSite\",\"@id\":\"https:\/\/sipin.com.vn\/#website\",\"url\":\"https:\/\/sipin.com.vn\/\",\"name\":\"OMANI VI\u1ec6T NAM\",\"description\":\"Nh\u00e0 ph\u00e2n ph\u1ed1i thi\u1ebft b\u1ecb kh\u00ed n\u00e9n v\u00e0 thi\u1ebft b\u1ecb t\u1ef1 \u0111\u1ed9ng h\u00f3a trong c\u00f4ng nghi\u1ec7p\",\"publisher\":{\"@id\":\"https:\/\/sipin.com.vn\/#\/schema\/person\/0ad398a980dc3fd696111c2c5c8fa897\"},\"potentialAction\":[{\"@type\":\"SearchAction\",\"target\":{\"@type\":\"EntryPoint\",\"urlTemplate\":\"https:\/\/sipin.com.vn\/?s={search_term_string}\"},\"query-input\":\"required name=search_term_string\"}],\"inLanguage\":\"vi\"},{\"@type\":[\"Person\",\"Organization\"],\"@id\":\"https:\/\/sipin.com.vn\/#\/schema\/person\/0ad398a980dc3fd696111c2c5c8fa897\",\"name\":\"Nguy\u1ec5n V\u0103n Kh\u00e1nh\",\"image\":{\"@type\":\"ImageObject\",\"inLanguage\":\"vi\",\"@id\":\"https:\/\/sipin.com.vn\/#\/schema\/person\/image\/\",\"url\":\"https:\/\/sipin.com.vn\/wp-content\/uploads\/2024\/06\/logo-1024x1024.png\",\"contentUrl\":\"https:\/\/sipin.com.vn\/wp-content\/uploads\/2024\/06\/logo-1024x1024.png\",\"width\":1024,\"height\":1024,\"caption\":\"Nguy\u1ec5n V\u0103n Kh\u00e1nh\"},\"logo\":{\"@id\":\"https:\/\/sipin.com.vn\/#\/schema\/person\/image\/\"},\"sameAs\":[\"https:\/\/sipin.com.vn\"]}]}<\/script>\n<!-- \/ Yoast SEO plugin. -->","yoast_head_json":{"title":"COSEL PBA50F-24-N - OMANI VI\u1ec6T NAM","robots":{"index":"index","follow":"follow","max-snippet":"max-snippet:-1","max-image-preview":"max-image-preview:large","max-video-preview":"max-video-preview:-1"},"canonical":"https:\/\/sipin.com.vn\/index.php\/product\/cosel-pba50f-24-n\/","og_locale":"vi_VN","og_type":"article","og_title":"COSEL PBA50F-24-N - OMANI VI\u1ec6T NAM","og_description":"COSEL PBA50F-24-N Switching Power Supply PBA50F Model 50W Single Output Model with output power of 50\u00a0W. [Features] \u30fb Standard model of catalog general-purpose power supply. \u30fb With wide variations, it is possible to combine in the same series even when using multiple items. [Applications] \u30fb It is recommended for a&hellip;","og_url":"https:\/\/sipin.com.vn\/index.php\/product\/cosel-pba50f-24-n\/","og_site_name":"OMANI VI\u1ec6T NAM","article_modified_time":"2024-07-28T13:10:28+00:00","og_image":[{"width":568,"height":470,"url":"https:\/\/sipin.com.vn\/wp-content\/uploads\/2024\/07\/PBA50F-24-N.png","type":"image\/png"}],"twitter_card":"summary_large_image","twitter_misc":{"\u01af\u1edbc t\u00ednh th\u1eddi gian \u0111\u1ecdc":"3 ph\u00fat"},"schema":{"@context":"https:\/\/schema.org","@graph":[{"@type":"WebPage","@id":"https:\/\/sipin.com.vn\/index.php\/product\/cosel-pba50f-24-n\/","url":"https:\/\/sipin.com.vn\/index.php\/product\/cosel-pba50f-24-n\/","name":"COSEL PBA50F-24-N - OMANI VI\u1ec6T NAM","isPartOf":{"@id":"https:\/\/sipin.com.vn\/#website"},"primaryImageOfPage":{"@id":"https:\/\/sipin.com.vn\/index.php\/product\/cosel-pba50f-24-n\/#primaryimage"},"image":{"@id":"https:\/\/sipin.com.vn\/index.php\/product\/cosel-pba50f-24-n\/#primaryimage"},"thumbnailUrl":"https:\/\/sipin.com.vn\/wp-content\/uploads\/2024\/07\/PBA50F-24-N.png","datePublished":"2024-07-28T13:10:27+00:00","dateModified":"2024-07-28T13:10:28+00:00","breadcrumb":{"@id":"https:\/\/sipin.com.vn\/index.php\/product\/cosel-pba50f-24-n\/#breadcrumb"},"inLanguage":"vi","potentialAction":[{"@type":"ReadAction","target":["https:\/\/sipin.com.vn\/index.php\/product\/cosel-pba50f-24-n\/"]}]},{"@type":"ImageObject","inLanguage":"vi","@id":"https:\/\/sipin.com.vn\/index.php\/product\/cosel-pba50f-24-n\/#primaryimage","url":"https:\/\/sipin.com.vn\/wp-content\/uploads\/2024\/07\/PBA50F-24-N.png","contentUrl":"https:\/\/sipin.com.vn\/wp-content\/uploads\/2024\/07\/PBA50F-24-N.png","width":568,"height":470},{"@type":"BreadcrumbList","@id":"https:\/\/sipin.com.vn\/index.php\/product\/cosel-pba50f-24-n\/#breadcrumb","itemListElement":[{"@type":"ListItem","position":1,"name":"Home","item":"https:\/\/sipin.com.vn\/"},{"@type":"ListItem","position":2,"name":"S\u1ea2N PH\u1ea8M","item":"https:\/\/sipin.com.vn\/index.php\/cua-hang\/"},{"@type":"ListItem","position":3,"name":"COSEL PBA50F-24-N"}]},{"@type":"WebSite","@id":"https:\/\/sipin.com.vn\/#website","url":"https:\/\/sipin.com.vn\/","name":"OMANI VI\u1ec6T NAM","description":"Nh\u00e0 ph\u00e2n ph\u1ed1i thi\u1ebft b\u1ecb kh\u00ed n\u00e9n v\u00e0 thi\u1ebft b\u1ecb t\u1ef1 \u0111\u1ed9ng h\u00f3a trong c\u00f4ng nghi\u1ec7p","publisher":{"@id":"https:\/\/sipin.com.vn\/#\/schema\/person\/0ad398a980dc3fd696111c2c5c8fa897"},"potentialAction":[{"@type":"SearchAction","target":{"@type":"EntryPoint","urlTemplate":"https:\/\/sipin.com.vn\/?s={search_term_string}"},"query-input":"required name=search_term_string"}],"inLanguage":"vi"},{"@type":["Person","Organization"],"@id":"https:\/\/sipin.com.vn\/#\/schema\/person\/0ad398a980dc3fd696111c2c5c8fa897","name":"Nguy\u1ec5n V\u0103n Kh\u00e1nh","image":{"@type":"ImageObject","inLanguage":"vi","@id":"https:\/\/sipin.com.vn\/#\/schema\/person\/image\/","url":"https:\/\/sipin.com.vn\/wp-content\/uploads\/2024\/06\/logo-1024x1024.png","contentUrl":"https:\/\/sipin.com.vn\/wp-content\/uploads\/2024\/06\/logo-1024x1024.png","width":1024,"height":1024,"caption":"Nguy\u1ec5n V\u0103n Kh\u00e1nh"},"logo":{"@id":"https:\/\/sipin.com.vn\/#\/schema\/person\/image\/"},"sameAs":["https:\/\/sipin.com.vn"]}]}},"_links":{"self":[{"href":"https:\/\/sipin.com.vn\/index.php\/wp-json\/wp\/v2\/product\/1266","targetHints":{"allow":["GET"]}}],"collection":[{"href":"https:\/\/sipin.com.vn\/index.php\/wp-json\/wp\/v2\/product"}],"about":[{"href":"https:\/\/sipin.com.vn\/index.php\/wp-json\/wp\/v2\/types\/product"}],"replies":[{"embeddable":true,"href":"https:\/\/sipin.com.vn\/index.php\/wp-json\/wp\/v2\/comments?post=1266"}],"wp:featuredmedia":[{"embeddable":true,"href":"https:\/\/sipin.com.vn\/index.php\/wp-json\/wp\/v2\/media\/1267"}],"wp:attachment":[{"href":"https:\/\/sipin.com.vn\/index.php\/wp-json\/wp\/v2\/media?parent=1266"}],"wp:term":[{"taxonomy":"product_cat","embeddable":true,"href":"https:\/\/sipin.com.vn\/index.php\/wp-json\/wp\/v2\/product_cat?post=1266"},{"taxonomy":"product_tag","embeddable":true,"href":"https:\/\/sipin.com.vn\/index.php\/wp-json\/wp\/v2\/product_tag?post=1266"}],"curies":[{"name":"wp","href":"https:\/\/api.w.org\/{rel}","templated":true}]}}