{"id":1246,"date":"2024-07-27T21:33:22","date_gmt":"2024-07-27T14:33:22","guid":{"rendered":"https:\/\/omanivietnam.com\/?post_type=product&#038;p=1246"},"modified":"2024-07-27T21:48:08","modified_gmt":"2024-07-27T14:48:08","slug":"jacob-ccr8astaz2js","status":"publish","type":"product","link":"https:\/\/sipin.com.vn\/index.php\/product\/jacob-ccr8astaz2js\/","title":{"rendered":"JACOB CCR8ASTAZ2JS"},"content":{"rendered":"<p>JACOB CCR8ASTAZ2JS<\/p>\n<p class=\"m-banner__header\">Two-way valves with inlet collar, symmetrical, fitted with pneumatic rotary actuator<\/p>\n<ul class=\"list list--quad\">\n<li>Press formed and fully seam welded, complete with lipped ends for pull ring connection, this valve is pneumatically operated by means of an Air Torque rotary actuator. It is ideally used within vertical bulk goods pipelines conveying free flowing non glutinous, granular product<\/li>\n<li>Control with 5\/2-way solenoid valve (2-coil) and 2 limit switches<\/li>\n<li>Completely wired in limit switch box<\/li>\n<li>Other rotary actuators are available. Prices on request<\/li>\n<li>Please also read and take into account the technical<\/li>\n<\/ul>\n<p><strong>Diameters available<\/strong><br \/>\n100, 120, 150, 175, 200, 250, 300, 350, 400 mm<\/p>\n<p><strong>Materials available<\/strong><br \/>\nPowder coated &amp; stainless steel<\/p>\n<p><strong>Thickness available<\/strong><br \/>\n2 mm &amp; 3 mm<\/p>\n<p>&nbsp;<\/p>\n<p><img fetchpriority=\"high\" decoding=\"async\" class=\"\" src=\"https:\/\/www.jacob-group.com\/fileadmin\/_processed_\/8\/a\/csm_2150_two-way_valves_inlet_collar_sym_pneumatic_53ac07b914.png\" alt=\"Two-way valves with inlet collar, symmetrical, fitted with pneumatic rotary actuator\" width=\"725\" height=\"483\" \/><\/p>\n<p>&nbsp;<\/p>\n<p>&nbsp;<\/p>\n<p><strong>JACOB two-way diverters:\u00a0<\/strong>JACOB has various types of two-way diverters available to meet your requirements: From bulk goods conveying by gravity to pneumatic low pressure conveying, JACOB has just the right solution in its portfolio for distributing your product.<\/p>\n<p>Spare part:<\/p>\n<p>JACOB 4166635\/10 D=200 P\/N 294651<\/p>\n<p>AIR TORQUE DR00100U AJA P\/N 19276885<\/p>\n<p>6542200145 D=200 2V2A P\/N 4166635-000010-1140202<\/p>\n<p>\u0110\u1ea1i l\u00fd JACOB vietnam, JACOB viet nam, JACOB vietnam distributor, Ph\u00e2n ph\u1ed1i JACOB t\u1ea1i vi\u1ec7t nam<\/p>\n<p>\u0110\u1ea1i l\u00fd JACOB vietnam, JACOB viet nam, JACOB vietnam distributor, Ph\u00e2n ph\u1ed1i JACOB t\u1ea1i vi\u1ec7t nam<\/p>\n<p>\u0110\u1ea1i l\u00fd JACOB vietnam, JACOB viet nam, JACOB vietnam distributor, Ph\u00e2n ph\u1ed1i JACOB t\u1ea1i vi\u1ec7t nam<\/p>\n<p>\u0110\u1ea1i l\u00fd JACOB vietnam, JACOB viet nam, JACOB vietnam distributor, Ph\u00e2n ph\u1ed1i JACOB t\u1ea1i vi\u1ec7t nam<\/p>\n<p>\u0110\u1ea1i l\u00fd JACOB vietnam, JACOB viet nam, JACOB vietnam distributor, Ph\u00e2n ph\u1ed1i JACOB t\u1ea1i vi\u1ec7t nam<\/p>\n","protected":false},"excerpt":{"rendered":"<p>JACOB CCR8ASTAZ2JS Two-way valves with inlet collar, symmetrical, fitted with pneumatic rotary actuator Press formed and fully seam welded, complete with lipped ends for pull ring connection, this valve is pneumatically operated by means of an Air Torque rotary actuator. It is ideally used within vertical bulk goods pipelines conveying&hellip; <\/p>\n","protected":false},"featured_media":1253,"comment_status":"open","ping_status":"closed","template":"","meta":{"om_disable_all_campaigns":false,"_monsterinsights_skip_tracking":false,"_monsterinsights_sitenote_active":false,"_monsterinsights_sitenote_note":"","_monsterinsights_sitenote_category":0},"product_cat":[15],"product_tag":[339,338,102],"class_list":{"0":"post-1246","1":"product","2":"type-product","3":"status-publish","4":"has-post-thumbnail","6":"product_cat-apex","7":"product_tag-dai-ly-jacob-viet-nam","8":"product_tag-jacob-viet-nam","9":"product_tag-van-khi-nen","11":"first","12":"instock","13":"shipping-taxable","14":"product-type-simple"},"aioseo_notices":[],"yoast_head":"<!-- This site is optimized with the Yoast SEO plugin v22.8 - https:\/\/yoast.com\/wordpress\/plugins\/seo\/ -->\n<title>JACOB CCR8ASTAZ2JS - OMANI VI\u1ec6T NAM<\/title>\n<meta name=\"robots\" content=\"index, follow, max-snippet:-1, max-image-preview:large, max-video-preview:-1\" \/>\n<link rel=\"canonical\" href=\"https:\/\/sipin.com.vn\/index.php\/product\/jacob-ccr8astaz2js\/\" \/>\n<meta property=\"og:locale\" content=\"vi_VN\" \/>\n<meta property=\"og:type\" content=\"article\" \/>\n<meta property=\"og:title\" content=\"JACOB CCR8ASTAZ2JS - OMANI VI\u1ec6T NAM\" \/>\n<meta property=\"og:description\" content=\"JACOB CCR8ASTAZ2JS Two-way valves with inlet collar, symmetrical, fitted with pneumatic rotary actuator Press formed and fully seam welded, complete with lipped ends for pull ring connection, this valve is pneumatically operated by means of an Air Torque rotary actuator. It is ideally used within vertical bulk goods pipelines conveying&hellip;\" \/>\n<meta property=\"og:url\" content=\"https:\/\/sipin.com.vn\/index.php\/product\/jacob-ccr8astaz2js\/\" \/>\n<meta property=\"og:site_name\" content=\"OMANI VI\u1ec6T NAM\" \/>\n<meta property=\"article:modified_time\" content=\"2024-07-27T14:48:08+00:00\" \/>\n<meta property=\"og:image\" content=\"https:\/\/sipin.com.vn\/wp-content\/uploads\/2024\/07\/CCR8ASTAZ2JS.png\" \/>\n\t<meta property=\"og:image:width\" content=\"742\" \/>\n\t<meta property=\"og:image:height\" content=\"901\" \/>\n\t<meta property=\"og:image:type\" content=\"image\/png\" \/>\n<meta name=\"twitter:card\" content=\"summary_large_image\" \/>\n<meta name=\"twitter:label1\" content=\"\u01af\u1edbc t\u00ednh th\u1eddi gian \u0111\u1ecdc\" \/>\n\t<meta name=\"twitter:data1\" content=\"2 ph\u00fat\" \/>\n<script type=\"application\/ld+json\" class=\"yoast-schema-graph\">{\"@context\":\"https:\/\/schema.org\",\"@graph\":[{\"@type\":\"WebPage\",\"@id\":\"https:\/\/sipin.com.vn\/index.php\/product\/jacob-ccr8astaz2js\/\",\"url\":\"https:\/\/sipin.com.vn\/index.php\/product\/jacob-ccr8astaz2js\/\",\"name\":\"JACOB CCR8ASTAZ2JS - OMANI VI\u1ec6T NAM\",\"isPartOf\":{\"@id\":\"https:\/\/sipin.com.vn\/#website\"},\"primaryImageOfPage\":{\"@id\":\"https:\/\/sipin.com.vn\/index.php\/product\/jacob-ccr8astaz2js\/#primaryimage\"},\"image\":{\"@id\":\"https:\/\/sipin.com.vn\/index.php\/product\/jacob-ccr8astaz2js\/#primaryimage\"},\"thumbnailUrl\":\"https:\/\/sipin.com.vn\/wp-content\/uploads\/2024\/07\/CCR8ASTAZ2JS.png\",\"datePublished\":\"2024-07-27T14:33:22+00:00\",\"dateModified\":\"2024-07-27T14:48:08+00:00\",\"breadcrumb\":{\"@id\":\"https:\/\/sipin.com.vn\/index.php\/product\/jacob-ccr8astaz2js\/#breadcrumb\"},\"inLanguage\":\"vi\",\"potentialAction\":[{\"@type\":\"ReadAction\",\"target\":[\"https:\/\/sipin.com.vn\/index.php\/product\/jacob-ccr8astaz2js\/\"]}]},{\"@type\":\"ImageObject\",\"inLanguage\":\"vi\",\"@id\":\"https:\/\/sipin.com.vn\/index.php\/product\/jacob-ccr8astaz2js\/#primaryimage\",\"url\":\"https:\/\/sipin.com.vn\/wp-content\/uploads\/2024\/07\/CCR8ASTAZ2JS.png\",\"contentUrl\":\"https:\/\/sipin.com.vn\/wp-content\/uploads\/2024\/07\/CCR8ASTAZ2JS.png\",\"width\":742,\"height\":901},{\"@type\":\"BreadcrumbList\",\"@id\":\"https:\/\/sipin.com.vn\/index.php\/product\/jacob-ccr8astaz2js\/#breadcrumb\",\"itemListElement\":[{\"@type\":\"ListItem\",\"position\":1,\"name\":\"Home\",\"item\":\"https:\/\/sipin.com.vn\/\"},{\"@type\":\"ListItem\",\"position\":2,\"name\":\"S\u1ea2N PH\u1ea8M\",\"item\":\"https:\/\/sipin.com.vn\/index.php\/cua-hang\/\"},{\"@type\":\"ListItem\",\"position\":3,\"name\":\"JACOB CCR8ASTAZ2JS\"}]},{\"@type\":\"WebSite\",\"@id\":\"https:\/\/sipin.com.vn\/#website\",\"url\":\"https:\/\/sipin.com.vn\/\",\"name\":\"OMANI VI\u1ec6T NAM\",\"description\":\"Nh\u00e0 ph\u00e2n ph\u1ed1i thi\u1ebft b\u1ecb kh\u00ed n\u00e9n v\u00e0 thi\u1ebft b\u1ecb t\u1ef1 \u0111\u1ed9ng h\u00f3a trong c\u00f4ng nghi\u1ec7p\",\"publisher\":{\"@id\":\"https:\/\/sipin.com.vn\/#\/schema\/person\/0ad398a980dc3fd696111c2c5c8fa897\"},\"potentialAction\":[{\"@type\":\"SearchAction\",\"target\":{\"@type\":\"EntryPoint\",\"urlTemplate\":\"https:\/\/sipin.com.vn\/?s={search_term_string}\"},\"query-input\":\"required name=search_term_string\"}],\"inLanguage\":\"vi\"},{\"@type\":[\"Person\",\"Organization\"],\"@id\":\"https:\/\/sipin.com.vn\/#\/schema\/person\/0ad398a980dc3fd696111c2c5c8fa897\",\"name\":\"Nguy\u1ec5n V\u0103n Kh\u00e1nh\",\"image\":{\"@type\":\"ImageObject\",\"inLanguage\":\"vi\",\"@id\":\"https:\/\/sipin.com.vn\/#\/schema\/person\/image\/\",\"url\":\"https:\/\/sipin.com.vn\/wp-content\/uploads\/2024\/06\/logo-1024x1024.png\",\"contentUrl\":\"https:\/\/sipin.com.vn\/wp-content\/uploads\/2024\/06\/logo-1024x1024.png\",\"width\":1024,\"height\":1024,\"caption\":\"Nguy\u1ec5n V\u0103n Kh\u00e1nh\"},\"logo\":{\"@id\":\"https:\/\/sipin.com.vn\/#\/schema\/person\/image\/\"},\"sameAs\":[\"https:\/\/sipin.com.vn\"]}]}<\/script>\n<!-- \/ Yoast SEO plugin. -->","yoast_head_json":{"title":"JACOB CCR8ASTAZ2JS - OMANI VI\u1ec6T NAM","robots":{"index":"index","follow":"follow","max-snippet":"max-snippet:-1","max-image-preview":"max-image-preview:large","max-video-preview":"max-video-preview:-1"},"canonical":"https:\/\/sipin.com.vn\/index.php\/product\/jacob-ccr8astaz2js\/","og_locale":"vi_VN","og_type":"article","og_title":"JACOB CCR8ASTAZ2JS - OMANI VI\u1ec6T NAM","og_description":"JACOB CCR8ASTAZ2JS Two-way valves with inlet collar, symmetrical, fitted with pneumatic rotary actuator Press formed and fully seam welded, complete with lipped ends for pull ring connection, this valve is pneumatically operated by means of an Air Torque rotary actuator. It is ideally used within vertical bulk goods pipelines conveying&hellip;","og_url":"https:\/\/sipin.com.vn\/index.php\/product\/jacob-ccr8astaz2js\/","og_site_name":"OMANI VI\u1ec6T NAM","article_modified_time":"2024-07-27T14:48:08+00:00","og_image":[{"width":742,"height":901,"url":"https:\/\/sipin.com.vn\/wp-content\/uploads\/2024\/07\/CCR8ASTAZ2JS.png","type":"image\/png"}],"twitter_card":"summary_large_image","twitter_misc":{"\u01af\u1edbc t\u00ednh th\u1eddi gian \u0111\u1ecdc":"2 ph\u00fat"},"schema":{"@context":"https:\/\/schema.org","@graph":[{"@type":"WebPage","@id":"https:\/\/sipin.com.vn\/index.php\/product\/jacob-ccr8astaz2js\/","url":"https:\/\/sipin.com.vn\/index.php\/product\/jacob-ccr8astaz2js\/","name":"JACOB CCR8ASTAZ2JS - OMANI VI\u1ec6T NAM","isPartOf":{"@id":"https:\/\/sipin.com.vn\/#website"},"primaryImageOfPage":{"@id":"https:\/\/sipin.com.vn\/index.php\/product\/jacob-ccr8astaz2js\/#primaryimage"},"image":{"@id":"https:\/\/sipin.com.vn\/index.php\/product\/jacob-ccr8astaz2js\/#primaryimage"},"thumbnailUrl":"https:\/\/sipin.com.vn\/wp-content\/uploads\/2024\/07\/CCR8ASTAZ2JS.png","datePublished":"2024-07-27T14:33:22+00:00","dateModified":"2024-07-27T14:48:08+00:00","breadcrumb":{"@id":"https:\/\/sipin.com.vn\/index.php\/product\/jacob-ccr8astaz2js\/#breadcrumb"},"inLanguage":"vi","potentialAction":[{"@type":"ReadAction","target":["https:\/\/sipin.com.vn\/index.php\/product\/jacob-ccr8astaz2js\/"]}]},{"@type":"ImageObject","inLanguage":"vi","@id":"https:\/\/sipin.com.vn\/index.php\/product\/jacob-ccr8astaz2js\/#primaryimage","url":"https:\/\/sipin.com.vn\/wp-content\/uploads\/2024\/07\/CCR8ASTAZ2JS.png","contentUrl":"https:\/\/sipin.com.vn\/wp-content\/uploads\/2024\/07\/CCR8ASTAZ2JS.png","width":742,"height":901},{"@type":"BreadcrumbList","@id":"https:\/\/sipin.com.vn\/index.php\/product\/jacob-ccr8astaz2js\/#breadcrumb","itemListElement":[{"@type":"ListItem","position":1,"name":"Home","item":"https:\/\/sipin.com.vn\/"},{"@type":"ListItem","position":2,"name":"S\u1ea2N PH\u1ea8M","item":"https:\/\/sipin.com.vn\/index.php\/cua-hang\/"},{"@type":"ListItem","position":3,"name":"JACOB CCR8ASTAZ2JS"}]},{"@type":"WebSite","@id":"https:\/\/sipin.com.vn\/#website","url":"https:\/\/sipin.com.vn\/","name":"OMANI VI\u1ec6T NAM","description":"Nh\u00e0 ph\u00e2n ph\u1ed1i thi\u1ebft b\u1ecb kh\u00ed n\u00e9n v\u00e0 thi\u1ebft b\u1ecb t\u1ef1 \u0111\u1ed9ng h\u00f3a trong c\u00f4ng nghi\u1ec7p","publisher":{"@id":"https:\/\/sipin.com.vn\/#\/schema\/person\/0ad398a980dc3fd696111c2c5c8fa897"},"potentialAction":[{"@type":"SearchAction","target":{"@type":"EntryPoint","urlTemplate":"https:\/\/sipin.com.vn\/?s={search_term_string}"},"query-input":"required name=search_term_string"}],"inLanguage":"vi"},{"@type":["Person","Organization"],"@id":"https:\/\/sipin.com.vn\/#\/schema\/person\/0ad398a980dc3fd696111c2c5c8fa897","name":"Nguy\u1ec5n V\u0103n Kh\u00e1nh","image":{"@type":"ImageObject","inLanguage":"vi","@id":"https:\/\/sipin.com.vn\/#\/schema\/person\/image\/","url":"https:\/\/sipin.com.vn\/wp-content\/uploads\/2024\/06\/logo-1024x1024.png","contentUrl":"https:\/\/sipin.com.vn\/wp-content\/uploads\/2024\/06\/logo-1024x1024.png","width":1024,"height":1024,"caption":"Nguy\u1ec5n V\u0103n Kh\u00e1nh"},"logo":{"@id":"https:\/\/sipin.com.vn\/#\/schema\/person\/image\/"},"sameAs":["https:\/\/sipin.com.vn"]}]}},"_links":{"self":[{"href":"https:\/\/sipin.com.vn\/index.php\/wp-json\/wp\/v2\/product\/1246","targetHints":{"allow":["GET"]}}],"collection":[{"href":"https:\/\/sipin.com.vn\/index.php\/wp-json\/wp\/v2\/product"}],"about":[{"href":"https:\/\/sipin.com.vn\/index.php\/wp-json\/wp\/v2\/types\/product"}],"replies":[{"embeddable":true,"href":"https:\/\/sipin.com.vn\/index.php\/wp-json\/wp\/v2\/comments?post=1246"}],"wp:featuredmedia":[{"embeddable":true,"href":"https:\/\/sipin.com.vn\/index.php\/wp-json\/wp\/v2\/media\/1253"}],"wp:attachment":[{"href":"https:\/\/sipin.com.vn\/index.php\/wp-json\/wp\/v2\/media?parent=1246"}],"wp:term":[{"taxonomy":"product_cat","embeddable":true,"href":"https:\/\/sipin.com.vn\/index.php\/wp-json\/wp\/v2\/product_cat?post=1246"},{"taxonomy":"product_tag","embeddable":true,"href":"https:\/\/sipin.com.vn\/index.php\/wp-json\/wp\/v2\/product_tag?post=1246"}],"curies":[{"name":"wp","href":"https:\/\/api.w.org\/{rel}","templated":true}]}}