{"id":1237,"date":"2024-07-27T05:25:12","date_gmt":"2024-07-26T22:25:12","guid":{"rendered":"https:\/\/omanivietnam.com\/?post_type=product&#038;p=1237"},"modified":"2025-04-21T20:19:13","modified_gmt":"2025-04-21T13:19:13","slug":"aventics-r162231420","status":"publish","type":"product","link":"https:\/\/sipin.com.vn\/index.php\/product\/aventics-r162231420\/","title":{"rendered":"AVENTICS R162231420"},"content":{"rendered":"<p>AVENTICS R162231420<\/p>\n<p class=\"product_title cc_product_title\">BALL RUNNER BLOCK CARBON STEEL KWD-035-SNS-C1-N-1<\/p>\n<div class=\"sku cc_sku\">\n<p class=\"value cc_value\">R162231420<\/p>\n<\/div>\n<div class=\"shortDesc cc_short_desc\">\n<p class=\"pblock cc_pblock\">Ball runner block, SNS, size 35, steel CS, accuracy standard, low preload, without ball chain<\/p>\n<p>The ball runner block is highly precise and characterized by the following product features:<br \/>\nSize 35<br \/>\nFormat SNS: Width = slimline, length = normal, height = standard<br \/>\nRunner block body made of unalloyed steel CS<br \/>\nPreload class C1: Low preload<br \/>\nAccuracy class N: Standard<br \/>\nWithout ball chain<br \/>\nWith initial lubrication and preservation<br \/>\nRoller bearing grease Dynalub 510<br \/>\nWithout attachment element, left (front reference edge)<br \/>\nWithout attachment element, right (front reference edge)<br \/>\nStraight lube connection loosely attached.<br \/>\nRunner block body in standard version<br \/>\nOverall length of the runner block = 110.5 mm<br \/>\nInterchangeability: The runner block and the guide rails can be combined with each other with every accuracy.<\/p>\n<ul>\n<li>Area of application: For restricted space in the transverse direction<\/li>\n<li>High torque load capacity<\/li>\n<li>The same high load ratings in all four main directions of loading<\/li>\n<li>Long-term lubrication is possible over several years<\/li>\n<li>Limitless interchangeability as all ball guide rail systems can be combined at will with all ball runner block versions within each accuracy class.<\/li>\n<li>Different preload classes<\/li>\n<li>Optimized entry-zone geometry and high number of balls minimize variation in elastic deflection<\/li>\n<li>Attachments on the ball runner block can be mounted from above<\/li>\n<li>Integrated all-round sealing<\/li>\n<li>Minimum quantity lubrication system with integrated reservoir for oil lubrication<\/li>\n<li>End-face fastening thread for all attachments<\/li>\n<li>Can be used on all SNS\/SNO ball guide rails<\/li>\n<li>Excellent dynamic characteristics<\/li>\n<li>Ball runner block pre-lubricated at the factory<\/li>\n<\/ul>\n<p><img decoding=\"async\" src=\"https:\/\/sc04.alicdn.com\/kf\/Hb1362ddcf8d241d7ba1ec61e402af7ebT\/250944882\/Hb1362ddcf8d241d7ba1ec61e402af7ebT.png\" alt=\"Rexroth Kh\u1ed1i D\u1eabn H\u01b0\u1edbng Tuy\u1ebfn T\u00ednh R162231420 R 162231420 B\u00f3ng V\u1eadn Chuy\u1ec3n\" \/><\/p>\n<\/div>\n<p><img decoding=\"async\" src=\"https:\/\/sc04.alicdn.com\/kf\/H256dfa10bdaf49c6a9871bce9cc3e79a9\/250944882\/H256dfa10bdaf49c6a9871bce9cc3e79a9.png\" alt=\"Rexroth Kh\u1ed1i D\u1eabn H\u01b0\u1edbng Tuy\u1ebfn T\u00ednh R162231420 R 162231420 B\u00f3ng V\u1eadn Chuy\u1ec3n\" \/><\/p>\n<div class=\"shortDesc cc_short_desc\">\n<table class=\"table table-hover sun-product-table\">\n<thead class=\"thead\">\n<tr>\n<th><strong class=\"midSize\">Product attributes<\/strong><\/th>\n<th><\/th>\n<\/tr>\n<\/thead>\n<tbody class=\"tbody midSize\">\n<tr>\n<td>Nominal size [mm]<\/td>\n<td class=\"highlight\">35<\/td>\n<\/tr>\n<tr>\n<td>Format<\/td>\n<td class=\"highlight\">SNS &#8211; slimline, normal, standard height<\/td>\n<\/tr>\n<tr>\n<td>Type of construction<\/td>\n<td class=\"highlight\">High-precision ball runner block<\/td>\n<\/tr>\n<tr>\n<td>Ball chain<\/td>\n<td class=\"highlight\">Without ball chain (standard)<\/td>\n<\/tr>\n<tr>\n<td>Material (profiled rail systems)<\/td>\n<td class=\"highlight\">Carbon steel<\/td>\n<\/tr>\n<tr>\n<td>Preload class<\/td>\n<td class=\"highlight\">C1 &#8211; Low preload<\/td>\n<\/tr>\n<tr>\n<td>Accuracy class<\/td>\n<td class=\"highlight\">N &#8211; Normal<\/td>\n<\/tr>\n<tr>\n<td>Seal<\/td>\n<td class=\"highlight\">SS &#8211; Standard seal<\/td>\n<\/tr>\n<tr>\n<td>Self-aligning for compensation of misalignments<\/td>\n<td class=\"highlight\">Without self-alignment<\/td>\n<\/tr>\n<tr>\n<td>Width of runner block [mm]<\/td>\n<td class=\"highlight\">70<\/td>\n<\/tr>\n<tr>\n<td>Length of runner block [mm]<\/td>\n<td class=\"highlight\">110.5<\/td>\n<\/tr>\n<tr>\n<td>Height of runner block [mm]<\/td>\n<td class=\"highlight\">40.4<\/td>\n<\/tr>\n<tr>\n<td>Height of runner block with guide rail [mm]<\/td>\n<td class=\"highlight\">48<\/td>\n<\/tr>\n<tr>\n<td>Lubrication<\/td>\n<td class=\"highlight\">With initial lubrication and preservation<\/td>\n<\/tr>\n<tr>\n<td>Dynamic load capacity C [N]<\/td>\n<td class=\"highlight\">51800<\/td>\n<\/tr>\n<tr>\n<td>Footnote dynamic load capacity C<\/td>\n<td class=\"highlight\">Determination of the dynamic load capacities and load moments is based on a 100 000 m travel as per DIN ISO 14728-1. Often only 50 000 m are actually stipulated. For comparison: Multiply values C, Mt and ML from the table by 1.26.<\/td>\n<\/tr>\n<tr>\n<td>Static longitudinal moment load capacity ML0 [Nm]<\/td>\n<td class=\"highlight\">1130<\/td>\n<\/tr>\n<tr>\n<td>Static torsional moment load capacity Mt0 [Nm]<\/td>\n<td class=\"highlight\">1740<\/td>\n<\/tr>\n<tr>\n<td>Max. acceleration amax [m\/s\u00b2]<\/td>\n<td class=\"highlight\">500<\/td>\n<\/tr>\n<tr>\n<td>Note: Max. acceleration amax<\/td>\n<td class=\"highlight\">If Fcomb\u25e1&gt; 2.8 \u2022 Fpr : amax = 50 m\/s2<\/td>\n<\/tr>\n<tr>\n<td>Maximum permissible linear speed vmax [m\/s]<\/td>\n<td class=\"highlight\">5<\/td>\n<\/tr>\n<tr>\n<td>Dynamic torsional moment load capacity Mt [Nm]<\/td>\n<td class=\"highlight\">1110<\/td>\n<\/tr>\n<tr>\n<td>Dynamic torsional moment load capacity Mt footnote<\/td>\n<td class=\"highlight\">Determination of the dynamic load capacities and load moments is based on a 100 000 m travel as per DIN ISO 14728-1. Often only 50 000 m are actually stipulated. For comparison: Multiply values C, Mt and ML from the table by 1.26.<\/td>\n<\/tr>\n<tr>\n<td>Dynamic longitudinal moment load capacity ML [Nm]<\/td>\n<td class=\"highlight\">720<\/td>\n<\/tr>\n<tr>\n<td>Dynamic longitudinal moment load capacity ML footnote<\/td>\n<td class=\"highlight\">Determination of the dynamic load capacities and load moments is based on a 100 000 m travel as per DIN ISO 14728-1. Often only 50 000 m are actually stipulated. For comparison: Multiply values C, Mt and ML from the table by 1.26.<\/td>\n<\/tr>\n<tr>\n<td>Static load rating C0 [N]<\/td>\n<td class=\"highlight\">80900<\/td>\n<\/tr>\n<tr>\n<td>Mass m [g]<\/td>\n<td class=\"highlight\">1.25<\/td>\n<\/tr>\n<tr>\n<td>Permissible ambient temperature<\/td>\n<td class=\"highlight\">-10 \u00b0C &#8230; +80 \u00b0C<\/td>\n<\/tr>\n<tr>\n<td>Footnote permissible ambient temperature (min &#8230; max)<\/td>\n<td class=\"highlight\">100 \u00b0C admissible for short time. For operation at negative temperatures, please consult us.<\/td>\n<\/tr>\n<tr>\n<td>Friction coefficient \u03bc<\/td>\n<td class=\"highlight\">0,002 &#8230; 0,003<\/td>\n<\/tr>\n<tr>\n<td>Footnote friction coefficient \u03bc<\/td>\n<td class=\"highlight\">Without friction of seal<\/td>\n<\/tr>\n<tr>\n<td>Pitch T guide rail [mm]<\/td>\n<td class=\"highlight\">80<\/td>\n<\/tr>\n<tr>\n<td>Version<\/td>\n<td class=\"highlight\">Ball rail system<\/td>\n<\/tr>\n<tr>\n<td>Weight [kg]<\/td>\n<td class=\"highlight\">1.37<\/td>\n<\/tr>\n<tr>\n<td>Dimension A (profiled rail systems) [mm]<\/td>\n<td class=\"highlight\">70<\/td>\n<\/tr>\n<tr>\n<td>Dimension A1 (profiled rail systems) [mm]<\/td>\n<td class=\"highlight\">35<\/td>\n<\/tr>\n<tr>\n<td>Dimension A2 (profiled rail systems) [mm]<\/td>\n<td class=\"highlight\">34<\/td>\n<\/tr>\n<tr>\n<td>Dimension A3 (profiled rail systems) [mm]<\/td>\n<td class=\"highlight\">18<\/td>\n<\/tr>\n<tr>\n<td>Dimension B (profiled rail systems) [mm]<\/td>\n<td class=\"highlight\">110.5<\/td>\n<\/tr>\n<tr>\n<td>Dimension B tolerance (profiled rail systems) [mm]<\/td>\n<td class=\"highlight\">+0.5<\/td>\n<\/tr>\n<tr>\n<td>Dimension B1 [mm]<\/td>\n<td class=\"highlight\">77<\/td>\n<\/tr>\n<tr>\n<td>Dimension E1 (profiled rail systems) [mm]<\/td>\n<td class=\"highlight\">50<\/td>\n<\/tr>\n<tr>\n<td>Dimension E2 (profiled rail systems) [mm]<\/td>\n<td class=\"highlight\">50<\/td>\n<\/tr>\n<tr>\n<td>Dimension E8 (profiled rail systems) [mm]<\/td>\n<td class=\"highlight\">58<\/td>\n<\/tr>\n<tr>\n<td>Dimension E9 (profiled rail systems) [mm]<\/td>\n<td class=\"highlight\">17.35<\/td>\n<\/tr>\n<tr>\n<td>Dimension H (profiled rail system) [mm]<\/td>\n<td class=\"highlight\">48<\/td>\n<\/tr>\n<tr>\n<td>Dimension H1 (profiled rail systems) [mm]<\/td>\n<td class=\"highlight\">40.4<\/td>\n<\/tr>\n<tr>\n<td>Dimension H2 with cover strip (profiled rail systems) [mm]<\/td>\n<td class=\"highlight\">32.15<\/td>\n<\/tr>\n<tr>\n<td>Dimension H2 without cover strip (profiled rail systems) [mm]<\/td>\n<td class=\"highlight\">31.85<\/td>\n<\/tr>\n<tr>\n<td>Dimension K1 (profiled rail systems) [mm]<\/td>\n<td class=\"highlight\">20.5<\/td>\n<\/tr>\n<tr>\n<td>Dimension K2 (profiled rail systems) [mm]<\/td>\n<td class=\"highlight\">22<\/td>\n<\/tr>\n<tr>\n<td>Dimension D lead [mm]<\/td>\n<td class=\"highlight\">5<\/td>\n<\/tr>\n<tr>\n<td>Dimension K3 (profiled rail systems) [mm]<\/td>\n<td class=\"highlight\">6.9<\/td>\n<\/tr>\n<tr>\n<td>Dimension K4 (profiled rail systems) [mm]<\/td>\n<td class=\"highlight\">6.9<\/td>\n<\/tr>\n<tr>\n<td>Dimension N3 (profiled rail systems) [mm]<\/td>\n<td class=\"highlight\">13<\/td>\n<\/tr>\n<tr>\n<td>Dimension N6 (profiled rail systems) [mm]<\/td>\n<td class=\"highlight\">20.5<\/td>\n<\/tr>\n<tr>\n<td>Dimension N6 tolerance (profiled rail systems) [mm]<\/td>\n<td class=\"highlight\">\u00b10.5<\/td>\n<\/tr>\n<tr>\n<td>Dimension S2 (profiled rail systems)<\/td>\n<td class=\"highlight\">M8<\/td>\n<\/tr>\n<tr>\n<td>Dimension S5 (profiled rail system) [mm]<\/td>\n<td class=\"highlight\">9<\/td>\n<\/tr>\n<tr>\n<td>Dimension S9 thread diameter (profiled rail systems)<\/td>\n<td class=\"highlight\">M3<\/td>\n<\/tr>\n<tr>\n<td>Dimension T1 min (profiled rail systems) [mm]<\/td>\n<td class=\"highlight\">16<\/td>\n<\/tr>\n<tr>\n<td>Dimension V1 [mm]<\/td>\n<td class=\"highlight\">8<\/td>\n<\/tr>\n<\/tbody>\n<\/table>\n<\/div>\n<p><strong data-spm-anchor-id=\"a2700.details.0.i47.7b7528c6YdTOrK\">C\u00e1c d\u00f2ng s\u1ea3n ph\u1ea9m:<\/strong><\/p>\n<p align=\"left\">R166681420 R162111220 R162112220 R162111320 R162119320<\/p>\n<p align=\"left\">R162113220 R162112320 R162111420 R162119420 R162112420<\/p>\n<p align=\"left\">R162121220 R162122220 R162123220 R162121320 R162129320<\/p>\n<p align=\"left\">R162122320 R162121420 R162129420 R162122420 R162171220<br \/>\nR162173220 R162171320 R162179320 R162172320 R162171420<br \/>\nR162179420 R162172420 R162131220 R162132220 R162133220<br \/>\nR162131320 R162139320 R162132320 R162131420 R162139420<br \/>\nR162132420 R162141220 R162142220 R162143220 R162141320<br \/>\nR162149320 R162142320 R162141420 R162149420 R162142420<br \/>\nR162211220 R162212220 R162213220 R162211320 R162219320<br \/>\nR162212320 R162211420 R162219420 R162212420 R162281220<br \/>\nR162282220 R162283220 R162281320 R162289320 R162282320<br \/>\nR162281420 R162289420 R162282420 R162221220 R162222220<br \/>\nR162223220 R162221320 R162229320 R162222320 R162221420<br \/>\nR162229420 R162222420 R162271220 R162272220 R162273220<br \/>\nR162271320 R162279320 R162272320 R162271420 R162279420<br \/>\nR162272420 R162231220 R162232220 R162233220 R162231320<br \/>\nR162239320 R162232320 R162231420 R162239420 R162232420<br \/>\nR162241220 R162242220 R162243220 R162241320 R162249320<br \/>\nR162242320 R162241420 R162249420 R162242420 R162311420<br \/>\nR162319420 R162381220 R162382220 R162383220 R162381320<br \/>\nR162389320 R162382320 R162381420 R162389420 R162382420<br \/>\nR162321220 R162322220 R162323220 R162321320 R162329320<br \/>\nR162322320 R162321420 R162329420 R162322420 R162371220<br \/>\nR162372220 R162373220 R162371320 R162379320 R162372320<br \/>\nR162371420 R162379420 R162372420 R162331220 R162332220<br \/>\nR162333220 R162331320 R162339320 R162332320 R162331420<br \/>\nR162339420 R162332420 R162341220 R162342220 R162343220<br \/>\nR162341320 R162349320 R162342320 R162341420 R162349420<br \/>\nR162342420 R162421220 R162422220 R162423220 R162421320<br \/>\nR162429320 R162422320 R162421420 R162429420 R162422420<br \/>\nR162471220 R162472220 R162473220 R162471320 R162479320<br \/>\nR162472320 R162471420 R162479420 R162472420 R162431220<br \/>\nR162432220 R162433220 R162431320 R162439320 R162432320<br \/>\nR162431420 R162439420 R162432420 R162441220 R162442220<br \/>\nR162443220 R162441320 R162449320 R162442320 R162441420<br \/>\nR162449420 R162442420 R163111320 R163119320 R163111420<br \/>\nR163119420 R163121320 R163129320 R163121420 R163129420<br \/>\nR163171320 R163179320 R163171420 R163179420 R163131320<br \/>\nR163139320 R163131420 R163139420 R163211320 R163219320<br \/>\nR163211420 R163219420 R163221320 R163229320 R163221420<br \/>\nR163229420 R163271320 R163279320 R163271420 R163279420<br \/>\nR163231320 R163239320 R163231420 R163239420 R165111920<br \/>\nR165112920 R165113920 R165111120 R165112120 R165113120<br \/>\nR165111220 R165112220 R165113220 R165111320 R165119320<br \/>\nR165112320 R165111420 R165119420 R165112420 R165181920<br \/>\nR165182920 R165183920 R165181920 R165182920 R165183920<br \/>\nR165181220 R165182220 R165183220 R165181320 R165189320<br \/>\nR165182320 R165181420 R165189420 R165182420 R165121920<br \/>\nR165122920 R165123920 R165121120 R165122120 R165123120<br \/>\nR165121220 R165122220 R165123220 R165121320 R165129320<br \/>\nR165122320 R165121420 R165129420 R165122420 R165171920<br \/>\nR165172920 R165173920 R165171120 R165172120 R165173120<br \/>\nR165171220 R165172220 R165173220 R165171320 R165179320<br \/>\nR165172320 R165171420 R165179420 R165172420 R165131920<br \/>\nR165132920 R165133920 R165131120 R165132120 R165133120<br \/>\nR165131220 R165132220 R165133220 R165131320 R165139320<br \/>\nR165132320 R165131420 R165139420 R165132420 R165141920<br \/>\nR165142920 R165143920 R165141120 R165142120 R165143120<br \/>\nR165141220 R165142220 R165143220 R165141320 R165149320<br \/>\nR165142320 R165141420 R165149420 R165142420 R165311420<br \/>\nR165319420 R165381920 R165382920 R165383920 R165381920<br \/>\nR165382920 R165383920 R165381220 R165382220 R165383220<br \/>\nR165381320 R165389320 R165382320 R165381420 R165389420<br \/>\nR165382420 R165321920 R165322920 R165323920 R165321120<br \/>\nR165322120 R165323120 R165321220 R165322220 R165323220<br \/>\nR165321320 R165329320 R165322320 R165321420 R165329420<br \/>\nR165322420 R165371920 R165372920 R165373920 R165371120<br \/>\nR165372120 R165373120 R165371220 R165372220 R165373220<br \/>\nR165371320 R165379320 R165372320 R165371420 R165379420<br \/>\nR165372420 R165331920 R165332920 R165333920 R165331120<br \/>\nR165332120 R165333120 R165331220 R165332220 R165333220<br \/>\nR165331320 R165339320 R165332320 R165331420 R165339420<br \/>\nR165332420 R165341920 R165342920 R165343920 R165341120<br \/>\nR165342120 R165343120 R165341220 R165342220 R165343220<br \/>\nR165341320 R165349320 R165342320 R165341420 R165349420<\/p>\n<p>\u0110\u1ea1i l\u00fd AVENTICS vietnam, AVENTICS viet nam, AVENTICS vietnam distributor, Ph\u00e2n ph\u1ed1i AVENTICS t\u1ea1i vi\u1ec7t nam<\/p>\n<p>\u0110\u1ea1i l\u00fd AVENTICS vietnam, AVENTICS viet nam, AVENTICS vietnam distributor, Ph\u00e2n ph\u1ed1i AVENTICS t\u1ea1i vi\u1ec7t nam<\/p>\n<p>\u0110\u1ea1i l\u00fd AVENTICS vietnam, AVENTICS viet nam, AVENTICS vietnam distributor, Ph\u00e2n ph\u1ed1i AVENTICS t\u1ea1i vi\u1ec7t nam<\/p>\n<p>\u0110\u1ea1i l\u00fd AVENTICS vietnam, AVENTICS viet nam, AVENTICS vietnam distributor, Ph\u00e2n ph\u1ed1i AVENTICS t\u1ea1i vi\u1ec7t nam<\/p>\n<p>\u0110\u1ea1i l\u00fd AVENTICS vietnam, AVENTICS viet nam, AVENTICS vietnam distributor, Ph\u00e2n ph\u1ed1i AVENTICS t\u1ea1i vi\u1ec7t nam<\/p>\n","protected":false},"excerpt":{"rendered":"<p>AVENTICS R162231420 BALL RUNNER BLOCK CARBON STEEL KWD-035-SNS-C1-N-1 R162231420 Ball runner block, SNS, size 35, steel CS, accuracy standard, low preload, without ball chain The ball runner block is highly precise and characterized by the following product features: Size 35 Format SNS: Width = slimline, length = normal, height =&hellip; <\/p>\n","protected":false},"featured_media":1238,"comment_status":"open","ping_status":"closed","template":"","meta":{"om_disable_all_campaigns":false,"_monsterinsights_skip_tracking":false,"_monsterinsights_sitenote_active":false,"_monsterinsights_sitenote_note":"","_monsterinsights_sitenote_category":0},"product_cat":[15],"product_tag":[264,164,265],"class_list":{"0":"post-1237","1":"product","2":"type-product","3":"status-publish","4":"has-post-thumbnail","6":"product_cat-apex","7":"product_tag-aventics-viet-nam","8":"product_tag-bac-dan","9":"product_tag-dai-ly-aventics-viet-nam","11":"first","12":"instock","13":"shipping-taxable","14":"product-type-simple"},"aioseo_notices":[],"yoast_head":"<!-- This site is optimized with the Yoast SEO plugin v22.8 - https:\/\/yoast.com\/wordpress\/plugins\/seo\/ -->\n<title>AVENTICS R162231420 - OMANI VI\u1ec6T NAM<\/title>\n<meta name=\"description\" content=\"AVENTICS R162231420 Block\" \/>\n<meta name=\"robots\" content=\"index, follow, max-snippet:-1, max-image-preview:large, max-video-preview:-1\" \/>\n<link rel=\"canonical\" href=\"https:\/\/sipin.com.vn\/index.php\/product\/aventics-r162231420\/\" \/>\n<meta property=\"og:locale\" content=\"vi_VN\" \/>\n<meta property=\"og:type\" content=\"article\" \/>\n<meta property=\"og:title\" content=\"AVENTICS R162231420 - OMANI VI\u1ec6T NAM\" \/>\n<meta property=\"og:description\" content=\"AVENTICS R162231420 Block\" \/>\n<meta property=\"og:url\" content=\"https:\/\/sipin.com.vn\/index.php\/product\/aventics-r162231420\/\" \/>\n<meta property=\"og:site_name\" content=\"OMANI VI\u1ec6T NAM\" \/>\n<meta property=\"article:modified_time\" content=\"2025-04-21T13:19:13+00:00\" \/>\n<meta property=\"og:image\" content=\"https:\/\/sipin.com.vn\/wp-content\/uploads\/2024\/07\/R162231420.png\" \/>\n\t<meta property=\"og:image:width\" content=\"581\" \/>\n\t<meta property=\"og:image:height\" content=\"442\" \/>\n\t<meta property=\"og:image:type\" content=\"image\/png\" \/>\n<meta name=\"twitter:card\" content=\"summary_large_image\" \/>\n<meta name=\"twitter:label1\" content=\"\u01af\u1edbc t\u00ednh th\u1eddi gian \u0111\u1ecdc\" \/>\n\t<meta name=\"twitter:data1\" content=\"8 ph\u00fat\" \/>\n<script type=\"application\/ld+json\" class=\"yoast-schema-graph\">{\"@context\":\"https:\/\/schema.org\",\"@graph\":[{\"@type\":\"WebPage\",\"@id\":\"https:\/\/sipin.com.vn\/index.php\/product\/aventics-r162231420\/\",\"url\":\"https:\/\/sipin.com.vn\/index.php\/product\/aventics-r162231420\/\",\"name\":\"AVENTICS R162231420 - OMANI VI\u1ec6T NAM\",\"isPartOf\":{\"@id\":\"https:\/\/sipin.com.vn\/#website\"},\"primaryImageOfPage\":{\"@id\":\"https:\/\/sipin.com.vn\/index.php\/product\/aventics-r162231420\/#primaryimage\"},\"image\":{\"@id\":\"https:\/\/sipin.com.vn\/index.php\/product\/aventics-r162231420\/#primaryimage\"},\"thumbnailUrl\":\"https:\/\/sipin.com.vn\/wp-content\/uploads\/2024\/07\/R162231420.png\",\"datePublished\":\"2024-07-26T22:25:12+00:00\",\"dateModified\":\"2025-04-21T13:19:13+00:00\",\"description\":\"AVENTICS R162231420 Block\",\"breadcrumb\":{\"@id\":\"https:\/\/sipin.com.vn\/index.php\/product\/aventics-r162231420\/#breadcrumb\"},\"inLanguage\":\"vi\",\"potentialAction\":[{\"@type\":\"ReadAction\",\"target\":[\"https:\/\/sipin.com.vn\/index.php\/product\/aventics-r162231420\/\"]}]},{\"@type\":\"ImageObject\",\"inLanguage\":\"vi\",\"@id\":\"https:\/\/sipin.com.vn\/index.php\/product\/aventics-r162231420\/#primaryimage\",\"url\":\"https:\/\/sipin.com.vn\/wp-content\/uploads\/2024\/07\/R162231420.png\",\"contentUrl\":\"https:\/\/sipin.com.vn\/wp-content\/uploads\/2024\/07\/R162231420.png\",\"width\":581,\"height\":442},{\"@type\":\"BreadcrumbList\",\"@id\":\"https:\/\/sipin.com.vn\/index.php\/product\/aventics-r162231420\/#breadcrumb\",\"itemListElement\":[{\"@type\":\"ListItem\",\"position\":1,\"name\":\"Home\",\"item\":\"https:\/\/sipin.com.vn\/\"},{\"@type\":\"ListItem\",\"position\":2,\"name\":\"S\u1ea2N PH\u1ea8M\",\"item\":\"https:\/\/sipin.com.vn\/index.php\/cua-hang\/\"},{\"@type\":\"ListItem\",\"position\":3,\"name\":\"AVENTICS R162231420\"}]},{\"@type\":\"WebSite\",\"@id\":\"https:\/\/sipin.com.vn\/#website\",\"url\":\"https:\/\/sipin.com.vn\/\",\"name\":\"OMANI VI\u1ec6T NAM\",\"description\":\"Nh\u00e0 ph\u00e2n ph\u1ed1i thi\u1ebft b\u1ecb kh\u00ed n\u00e9n v\u00e0 thi\u1ebft b\u1ecb t\u1ef1 \u0111\u1ed9ng h\u00f3a trong c\u00f4ng nghi\u1ec7p\",\"publisher\":{\"@id\":\"https:\/\/sipin.com.vn\/#\/schema\/person\/0ad398a980dc3fd696111c2c5c8fa897\"},\"potentialAction\":[{\"@type\":\"SearchAction\",\"target\":{\"@type\":\"EntryPoint\",\"urlTemplate\":\"https:\/\/sipin.com.vn\/?s={search_term_string}\"},\"query-input\":\"required name=search_term_string\"}],\"inLanguage\":\"vi\"},{\"@type\":[\"Person\",\"Organization\"],\"@id\":\"https:\/\/sipin.com.vn\/#\/schema\/person\/0ad398a980dc3fd696111c2c5c8fa897\",\"name\":\"Nguy\u1ec5n V\u0103n Kh\u00e1nh\",\"image\":{\"@type\":\"ImageObject\",\"inLanguage\":\"vi\",\"@id\":\"https:\/\/sipin.com.vn\/#\/schema\/person\/image\/\",\"url\":\"https:\/\/sipin.com.vn\/wp-content\/uploads\/2024\/06\/logo-1024x1024.png\",\"contentUrl\":\"https:\/\/sipin.com.vn\/wp-content\/uploads\/2024\/06\/logo-1024x1024.png\",\"width\":1024,\"height\":1024,\"caption\":\"Nguy\u1ec5n V\u0103n Kh\u00e1nh\"},\"logo\":{\"@id\":\"https:\/\/sipin.com.vn\/#\/schema\/person\/image\/\"},\"sameAs\":[\"https:\/\/sipin.com.vn\"]}]}<\/script>\n<!-- \/ Yoast SEO plugin. -->","yoast_head_json":{"title":"AVENTICS R162231420 - OMANI VI\u1ec6T NAM","description":"AVENTICS R162231420 Block","robots":{"index":"index","follow":"follow","max-snippet":"max-snippet:-1","max-image-preview":"max-image-preview:large","max-video-preview":"max-video-preview:-1"},"canonical":"https:\/\/sipin.com.vn\/index.php\/product\/aventics-r162231420\/","og_locale":"vi_VN","og_type":"article","og_title":"AVENTICS R162231420 - OMANI VI\u1ec6T NAM","og_description":"AVENTICS R162231420 Block","og_url":"https:\/\/sipin.com.vn\/index.php\/product\/aventics-r162231420\/","og_site_name":"OMANI VI\u1ec6T NAM","article_modified_time":"2025-04-21T13:19:13+00:00","og_image":[{"width":581,"height":442,"url":"https:\/\/sipin.com.vn\/wp-content\/uploads\/2024\/07\/R162231420.png","type":"image\/png"}],"twitter_card":"summary_large_image","twitter_misc":{"\u01af\u1edbc t\u00ednh th\u1eddi gian \u0111\u1ecdc":"8 ph\u00fat"},"schema":{"@context":"https:\/\/schema.org","@graph":[{"@type":"WebPage","@id":"https:\/\/sipin.com.vn\/index.php\/product\/aventics-r162231420\/","url":"https:\/\/sipin.com.vn\/index.php\/product\/aventics-r162231420\/","name":"AVENTICS R162231420 - OMANI VI\u1ec6T NAM","isPartOf":{"@id":"https:\/\/sipin.com.vn\/#website"},"primaryImageOfPage":{"@id":"https:\/\/sipin.com.vn\/index.php\/product\/aventics-r162231420\/#primaryimage"},"image":{"@id":"https:\/\/sipin.com.vn\/index.php\/product\/aventics-r162231420\/#primaryimage"},"thumbnailUrl":"https:\/\/sipin.com.vn\/wp-content\/uploads\/2024\/07\/R162231420.png","datePublished":"2024-07-26T22:25:12+00:00","dateModified":"2025-04-21T13:19:13+00:00","description":"AVENTICS R162231420 Block","breadcrumb":{"@id":"https:\/\/sipin.com.vn\/index.php\/product\/aventics-r162231420\/#breadcrumb"},"inLanguage":"vi","potentialAction":[{"@type":"ReadAction","target":["https:\/\/sipin.com.vn\/index.php\/product\/aventics-r162231420\/"]}]},{"@type":"ImageObject","inLanguage":"vi","@id":"https:\/\/sipin.com.vn\/index.php\/product\/aventics-r162231420\/#primaryimage","url":"https:\/\/sipin.com.vn\/wp-content\/uploads\/2024\/07\/R162231420.png","contentUrl":"https:\/\/sipin.com.vn\/wp-content\/uploads\/2024\/07\/R162231420.png","width":581,"height":442},{"@type":"BreadcrumbList","@id":"https:\/\/sipin.com.vn\/index.php\/product\/aventics-r162231420\/#breadcrumb","itemListElement":[{"@type":"ListItem","position":1,"name":"Home","item":"https:\/\/sipin.com.vn\/"},{"@type":"ListItem","position":2,"name":"S\u1ea2N PH\u1ea8M","item":"https:\/\/sipin.com.vn\/index.php\/cua-hang\/"},{"@type":"ListItem","position":3,"name":"AVENTICS R162231420"}]},{"@type":"WebSite","@id":"https:\/\/sipin.com.vn\/#website","url":"https:\/\/sipin.com.vn\/","name":"OMANI VI\u1ec6T NAM","description":"Nh\u00e0 ph\u00e2n ph\u1ed1i thi\u1ebft b\u1ecb kh\u00ed n\u00e9n v\u00e0 thi\u1ebft b\u1ecb t\u1ef1 \u0111\u1ed9ng h\u00f3a trong c\u00f4ng nghi\u1ec7p","publisher":{"@id":"https:\/\/sipin.com.vn\/#\/schema\/person\/0ad398a980dc3fd696111c2c5c8fa897"},"potentialAction":[{"@type":"SearchAction","target":{"@type":"EntryPoint","urlTemplate":"https:\/\/sipin.com.vn\/?s={search_term_string}"},"query-input":"required name=search_term_string"}],"inLanguage":"vi"},{"@type":["Person","Organization"],"@id":"https:\/\/sipin.com.vn\/#\/schema\/person\/0ad398a980dc3fd696111c2c5c8fa897","name":"Nguy\u1ec5n V\u0103n Kh\u00e1nh","image":{"@type":"ImageObject","inLanguage":"vi","@id":"https:\/\/sipin.com.vn\/#\/schema\/person\/image\/","url":"https:\/\/sipin.com.vn\/wp-content\/uploads\/2024\/06\/logo-1024x1024.png","contentUrl":"https:\/\/sipin.com.vn\/wp-content\/uploads\/2024\/06\/logo-1024x1024.png","width":1024,"height":1024,"caption":"Nguy\u1ec5n V\u0103n Kh\u00e1nh"},"logo":{"@id":"https:\/\/sipin.com.vn\/#\/schema\/person\/image\/"},"sameAs":["https:\/\/sipin.com.vn"]}]}},"_links":{"self":[{"href":"https:\/\/sipin.com.vn\/index.php\/wp-json\/wp\/v2\/product\/1237","targetHints":{"allow":["GET"]}}],"collection":[{"href":"https:\/\/sipin.com.vn\/index.php\/wp-json\/wp\/v2\/product"}],"about":[{"href":"https:\/\/sipin.com.vn\/index.php\/wp-json\/wp\/v2\/types\/product"}],"replies":[{"embeddable":true,"href":"https:\/\/sipin.com.vn\/index.php\/wp-json\/wp\/v2\/comments?post=1237"}],"wp:featuredmedia":[{"embeddable":true,"href":"https:\/\/sipin.com.vn\/index.php\/wp-json\/wp\/v2\/media\/1238"}],"wp:attachment":[{"href":"https:\/\/sipin.com.vn\/index.php\/wp-json\/wp\/v2\/media?parent=1237"}],"wp:term":[{"taxonomy":"product_cat","embeddable":true,"href":"https:\/\/sipin.com.vn\/index.php\/wp-json\/wp\/v2\/product_cat?post=1237"},{"taxonomy":"product_tag","embeddable":true,"href":"https:\/\/sipin.com.vn\/index.php\/wp-json\/wp\/v2\/product_tag?post=1237"}],"curies":[{"name":"wp","href":"https:\/\/api.w.org\/{rel}","templated":true}]}}