{"id":1207,"date":"2024-07-21T05:57:58","date_gmt":"2024-07-20T22:57:58","guid":{"rendered":"https:\/\/omanivietnam.com\/?post_type=product&#038;p=1207"},"modified":"2024-07-21T05:57:59","modified_gmt":"2024-07-20T22:57:59","slug":"ross-d2174b3917","status":"publish","type":"product","link":"https:\/\/sipin.com.vn\/index.php\/product\/ross-d2174b3917\/","title":{"rendered":"ROSS D2174B3917"},"content":{"rendered":"<p>ROSS D2174B3917<\/p>\n<p>D2174B3917\u00a0Solenoid Valve, 0,3-10 BAR 220VAC 50HZ D2771C6032 Solenoid Valve 12\u00a0ROSS, P=1-10 bar, Coil 24Vdc-11W<\/p>\n<p class=\"underline likeh4\">Information for spare part\u00a0<span class=\"uppercase\">D2174B3917<\/span><\/p>\n<table class=\"teileinfos\">\n<tbody>\n<tr>\n<td class=\"label\">Brand \/ Manufacturer<\/td>\n<td><b>Ross Europa<\/b><\/td>\n<\/tr>\n<tr>\n<td class=\"label\">Article number<\/td>\n<td><b>D2174B3917<\/b><\/td>\n<\/tr>\n<tr>\n<td class=\"label\">Description<\/td>\n<td><b>3\/2 valve n.o. nw13 ips<\/b><\/td>\n<\/tr>\n<tr>\n<td class=\"label\">KCCO Article number<\/td>\n<td><b>10063575<\/b><\/td>\n<\/tr>\n<\/tbody>\n<\/table>\n<p>C\u00e1c s\u1ea3n ph\u1ea9m Ross:<\/p>\n<p>1017K77, 837K77, RM2A-8MB, I4500AAXR, 7129-501, W6077B2401 (24VDC), D2771C6032, D2174B3917, W6476B3401, W6077B3407, W6476B2407, W6476B2401, W6077B2401, 2153B5901, C5X00B9030<\/p>\n<p>\u0110\u1ea1i l\u00fd ROSS vietnam, ROSS viet nam, ROSS vietnam distributor, Ph\u00e2n ph\u1ed1i ROSS t\u1ea1i vi\u1ec7t nam<\/p>\n<p>\u0110\u1ea1i l\u00fd ROSS vietnam, ROSS viet nam, ROSS vietnam distributor, Ph\u00e2n ph\u1ed1i ROSS t\u1ea1i vi\u1ec7t nam<\/p>\n<p>\u0110\u1ea1i l\u00fd ROSS vietnam, ROSS viet nam, ROSS vietnam distributor, Ph\u00e2n ph\u1ed1i ROSS t\u1ea1i vi\u1ec7t nam<\/p>\n<p>\u0110\u1ea1i l\u00fd ROSS vietnam, ROSS viet nam, ROSS vietnam distributor, Ph\u00e2n ph\u1ed1i ROSS t\u1ea1i vi\u1ec7t nam<\/p>\n<p>\u0110\u1ea1i l\u00fd ROSS vietnam, ROSS viet nam, ROSS vietnam distributor, Ph\u00e2n ph\u1ed1i ROSS t\u1ea1i vi\u1ec7t nam<\/p>\n","protected":false},"excerpt":{"rendered":"<p>ROSS D2174B3917 D2174B3917\u00a0Solenoid Valve, 0,3-10 BAR 220VAC 50HZ D2771C6032 Solenoid Valve 12\u00a0ROSS, P=1-10 bar, Coil 24Vdc-11W Information for spare part\u00a0D2174B3917 Brand \/ Manufacturer Ross Europa Article number D2174B3917 Description 3\/2 valve n.o. nw13 ips KCCO Article number 10063575 C\u00e1c s\u1ea3n ph\u1ea9m Ross: 1017K77, 837K77, RM2A-8MB, I4500AAXR, 7129-501, W6077B2401 (24VDC), D2771C6032,&hellip; <\/p>\n","protected":false},"featured_media":1208,"comment_status":"open","ping_status":"closed","template":"","meta":{"om_disable_all_campaigns":false,"_monsterinsights_skip_tracking":false,"_monsterinsights_sitenote_active":false,"_monsterinsights_sitenote_note":"","_monsterinsights_sitenote_category":0},"product_cat":[15],"product_tag":[316,315,102],"class_list":{"0":"post-1207","1":"product","2":"type-product","3":"status-publish","4":"has-post-thumbnail","6":"product_cat-apex","7":"product_tag-dai-ly-ross-viet-nam","8":"product_tag-ross-viet-nam","9":"product_tag-van-khi-nen","11":"first","12":"instock","13":"shipping-taxable","14":"product-type-simple"},"aioseo_notices":[],"yoast_head":"<!-- This site is optimized with the Yoast SEO plugin v22.8 - https:\/\/yoast.com\/wordpress\/plugins\/seo\/ -->\n<title>ROSS D2174B3917 - OMANI VI\u1ec6T NAM<\/title>\n<meta name=\"robots\" content=\"index, follow, max-snippet:-1, max-image-preview:large, max-video-preview:-1\" \/>\n<link rel=\"canonical\" href=\"https:\/\/sipin.com.vn\/index.php\/product\/ross-d2174b3917\/\" \/>\n<meta property=\"og:locale\" content=\"vi_VN\" \/>\n<meta property=\"og:type\" content=\"article\" \/>\n<meta property=\"og:title\" content=\"ROSS D2174B3917 - OMANI VI\u1ec6T NAM\" \/>\n<meta property=\"og:description\" content=\"ROSS D2174B3917 D2174B3917\u00a0Solenoid Valve, 0,3-10 BAR 220VAC 50HZ D2771C6032 Solenoid Valve 12\u00a0ROSS, P=1-10 bar, Coil 24Vdc-11W Information for spare part\u00a0D2174B3917 Brand \/ Manufacturer Ross Europa Article number D2174B3917 Description 3\/2 valve n.o. nw13 ips KCCO Article number 10063575 C\u00e1c s\u1ea3n ph\u1ea9m Ross: 1017K77, 837K77, RM2A-8MB, I4500AAXR, 7129-501, W6077B2401 (24VDC), D2771C6032,&hellip;\" \/>\n<meta property=\"og:url\" content=\"https:\/\/sipin.com.vn\/index.php\/product\/ross-d2174b3917\/\" \/>\n<meta property=\"og:site_name\" content=\"OMANI VI\u1ec6T NAM\" \/>\n<meta property=\"article:modified_time\" content=\"2024-07-20T22:57:59+00:00\" \/>\n<meta property=\"og:image\" content=\"https:\/\/sipin.com.vn\/wp-content\/uploads\/2024\/07\/D2174B3917.png\" \/>\n\t<meta property=\"og:image:width\" content=\"320\" \/>\n\t<meta property=\"og:image:height\" content=\"511\" \/>\n\t<meta property=\"og:image:type\" content=\"image\/png\" \/>\n<meta name=\"twitter:card\" content=\"summary_large_image\" \/>\n<meta name=\"twitter:label1\" content=\"\u01af\u1edbc t\u00ednh th\u1eddi gian \u0111\u1ecdc\" \/>\n\t<meta name=\"twitter:data1\" content=\"1 ph\u00fat\" \/>\n<script type=\"application\/ld+json\" class=\"yoast-schema-graph\">{\"@context\":\"https:\/\/schema.org\",\"@graph\":[{\"@type\":\"WebPage\",\"@id\":\"https:\/\/sipin.com.vn\/index.php\/product\/ross-d2174b3917\/\",\"url\":\"https:\/\/sipin.com.vn\/index.php\/product\/ross-d2174b3917\/\",\"name\":\"ROSS D2174B3917 - OMANI VI\u1ec6T NAM\",\"isPartOf\":{\"@id\":\"https:\/\/sipin.com.vn\/#website\"},\"primaryImageOfPage\":{\"@id\":\"https:\/\/sipin.com.vn\/index.php\/product\/ross-d2174b3917\/#primaryimage\"},\"image\":{\"@id\":\"https:\/\/sipin.com.vn\/index.php\/product\/ross-d2174b3917\/#primaryimage\"},\"thumbnailUrl\":\"https:\/\/sipin.com.vn\/wp-content\/uploads\/2024\/07\/D2174B3917.png\",\"datePublished\":\"2024-07-20T22:57:58+00:00\",\"dateModified\":\"2024-07-20T22:57:59+00:00\",\"breadcrumb\":{\"@id\":\"https:\/\/sipin.com.vn\/index.php\/product\/ross-d2174b3917\/#breadcrumb\"},\"inLanguage\":\"vi\",\"potentialAction\":[{\"@type\":\"ReadAction\",\"target\":[\"https:\/\/sipin.com.vn\/index.php\/product\/ross-d2174b3917\/\"]}]},{\"@type\":\"ImageObject\",\"inLanguage\":\"vi\",\"@id\":\"https:\/\/sipin.com.vn\/index.php\/product\/ross-d2174b3917\/#primaryimage\",\"url\":\"https:\/\/sipin.com.vn\/wp-content\/uploads\/2024\/07\/D2174B3917.png\",\"contentUrl\":\"https:\/\/sipin.com.vn\/wp-content\/uploads\/2024\/07\/D2174B3917.png\",\"width\":320,\"height\":511},{\"@type\":\"BreadcrumbList\",\"@id\":\"https:\/\/sipin.com.vn\/index.php\/product\/ross-d2174b3917\/#breadcrumb\",\"itemListElement\":[{\"@type\":\"ListItem\",\"position\":1,\"name\":\"Home\",\"item\":\"https:\/\/sipin.com.vn\/\"},{\"@type\":\"ListItem\",\"position\":2,\"name\":\"S\u1ea2N PH\u1ea8M\",\"item\":\"https:\/\/sipin.com.vn\/index.php\/cua-hang\/\"},{\"@type\":\"ListItem\",\"position\":3,\"name\":\"ROSS D2174B3917\"}]},{\"@type\":\"WebSite\",\"@id\":\"https:\/\/sipin.com.vn\/#website\",\"url\":\"https:\/\/sipin.com.vn\/\",\"name\":\"OMANI VI\u1ec6T NAM\",\"description\":\"Nh\u00e0 ph\u00e2n ph\u1ed1i thi\u1ebft b\u1ecb kh\u00ed n\u00e9n v\u00e0 thi\u1ebft b\u1ecb t\u1ef1 \u0111\u1ed9ng h\u00f3a trong c\u00f4ng nghi\u1ec7p\",\"publisher\":{\"@id\":\"https:\/\/sipin.com.vn\/#\/schema\/person\/0ad398a980dc3fd696111c2c5c8fa897\"},\"potentialAction\":[{\"@type\":\"SearchAction\",\"target\":{\"@type\":\"EntryPoint\",\"urlTemplate\":\"https:\/\/sipin.com.vn\/?s={search_term_string}\"},\"query-input\":\"required name=search_term_string\"}],\"inLanguage\":\"vi\"},{\"@type\":[\"Person\",\"Organization\"],\"@id\":\"https:\/\/sipin.com.vn\/#\/schema\/person\/0ad398a980dc3fd696111c2c5c8fa897\",\"name\":\"Nguy\u1ec5n V\u0103n Kh\u00e1nh\",\"image\":{\"@type\":\"ImageObject\",\"inLanguage\":\"vi\",\"@id\":\"https:\/\/sipin.com.vn\/#\/schema\/person\/image\/\",\"url\":\"https:\/\/sipin.com.vn\/wp-content\/uploads\/2024\/06\/logo-1024x1024.png\",\"contentUrl\":\"https:\/\/sipin.com.vn\/wp-content\/uploads\/2024\/06\/logo-1024x1024.png\",\"width\":1024,\"height\":1024,\"caption\":\"Nguy\u1ec5n V\u0103n Kh\u00e1nh\"},\"logo\":{\"@id\":\"https:\/\/sipin.com.vn\/#\/schema\/person\/image\/\"},\"sameAs\":[\"https:\/\/sipin.com.vn\"]}]}<\/script>\n<!-- \/ Yoast SEO plugin. -->","yoast_head_json":{"title":"ROSS D2174B3917 - OMANI VI\u1ec6T NAM","robots":{"index":"index","follow":"follow","max-snippet":"max-snippet:-1","max-image-preview":"max-image-preview:large","max-video-preview":"max-video-preview:-1"},"canonical":"https:\/\/sipin.com.vn\/index.php\/product\/ross-d2174b3917\/","og_locale":"vi_VN","og_type":"article","og_title":"ROSS D2174B3917 - OMANI VI\u1ec6T NAM","og_description":"ROSS D2174B3917 D2174B3917\u00a0Solenoid Valve, 0,3-10 BAR 220VAC 50HZ D2771C6032 Solenoid Valve 12\u00a0ROSS, P=1-10 bar, Coil 24Vdc-11W Information for spare part\u00a0D2174B3917 Brand \/ Manufacturer Ross Europa Article number D2174B3917 Description 3\/2 valve n.o. nw13 ips KCCO Article number 10063575 C\u00e1c s\u1ea3n ph\u1ea9m Ross: 1017K77, 837K77, RM2A-8MB, I4500AAXR, 7129-501, W6077B2401 (24VDC), D2771C6032,&hellip;","og_url":"https:\/\/sipin.com.vn\/index.php\/product\/ross-d2174b3917\/","og_site_name":"OMANI VI\u1ec6T NAM","article_modified_time":"2024-07-20T22:57:59+00:00","og_image":[{"width":320,"height":511,"url":"https:\/\/sipin.com.vn\/wp-content\/uploads\/2024\/07\/D2174B3917.png","type":"image\/png"}],"twitter_card":"summary_large_image","twitter_misc":{"\u01af\u1edbc t\u00ednh th\u1eddi gian \u0111\u1ecdc":"1 ph\u00fat"},"schema":{"@context":"https:\/\/schema.org","@graph":[{"@type":"WebPage","@id":"https:\/\/sipin.com.vn\/index.php\/product\/ross-d2174b3917\/","url":"https:\/\/sipin.com.vn\/index.php\/product\/ross-d2174b3917\/","name":"ROSS D2174B3917 - OMANI VI\u1ec6T NAM","isPartOf":{"@id":"https:\/\/sipin.com.vn\/#website"},"primaryImageOfPage":{"@id":"https:\/\/sipin.com.vn\/index.php\/product\/ross-d2174b3917\/#primaryimage"},"image":{"@id":"https:\/\/sipin.com.vn\/index.php\/product\/ross-d2174b3917\/#primaryimage"},"thumbnailUrl":"https:\/\/sipin.com.vn\/wp-content\/uploads\/2024\/07\/D2174B3917.png","datePublished":"2024-07-20T22:57:58+00:00","dateModified":"2024-07-20T22:57:59+00:00","breadcrumb":{"@id":"https:\/\/sipin.com.vn\/index.php\/product\/ross-d2174b3917\/#breadcrumb"},"inLanguage":"vi","potentialAction":[{"@type":"ReadAction","target":["https:\/\/sipin.com.vn\/index.php\/product\/ross-d2174b3917\/"]}]},{"@type":"ImageObject","inLanguage":"vi","@id":"https:\/\/sipin.com.vn\/index.php\/product\/ross-d2174b3917\/#primaryimage","url":"https:\/\/sipin.com.vn\/wp-content\/uploads\/2024\/07\/D2174B3917.png","contentUrl":"https:\/\/sipin.com.vn\/wp-content\/uploads\/2024\/07\/D2174B3917.png","width":320,"height":511},{"@type":"BreadcrumbList","@id":"https:\/\/sipin.com.vn\/index.php\/product\/ross-d2174b3917\/#breadcrumb","itemListElement":[{"@type":"ListItem","position":1,"name":"Home","item":"https:\/\/sipin.com.vn\/"},{"@type":"ListItem","position":2,"name":"S\u1ea2N PH\u1ea8M","item":"https:\/\/sipin.com.vn\/index.php\/cua-hang\/"},{"@type":"ListItem","position":3,"name":"ROSS D2174B3917"}]},{"@type":"WebSite","@id":"https:\/\/sipin.com.vn\/#website","url":"https:\/\/sipin.com.vn\/","name":"OMANI VI\u1ec6T NAM","description":"Nh\u00e0 ph\u00e2n ph\u1ed1i thi\u1ebft b\u1ecb kh\u00ed n\u00e9n v\u00e0 thi\u1ebft b\u1ecb t\u1ef1 \u0111\u1ed9ng h\u00f3a trong c\u00f4ng nghi\u1ec7p","publisher":{"@id":"https:\/\/sipin.com.vn\/#\/schema\/person\/0ad398a980dc3fd696111c2c5c8fa897"},"potentialAction":[{"@type":"SearchAction","target":{"@type":"EntryPoint","urlTemplate":"https:\/\/sipin.com.vn\/?s={search_term_string}"},"query-input":"required name=search_term_string"}],"inLanguage":"vi"},{"@type":["Person","Organization"],"@id":"https:\/\/sipin.com.vn\/#\/schema\/person\/0ad398a980dc3fd696111c2c5c8fa897","name":"Nguy\u1ec5n V\u0103n Kh\u00e1nh","image":{"@type":"ImageObject","inLanguage":"vi","@id":"https:\/\/sipin.com.vn\/#\/schema\/person\/image\/","url":"https:\/\/sipin.com.vn\/wp-content\/uploads\/2024\/06\/logo-1024x1024.png","contentUrl":"https:\/\/sipin.com.vn\/wp-content\/uploads\/2024\/06\/logo-1024x1024.png","width":1024,"height":1024,"caption":"Nguy\u1ec5n V\u0103n Kh\u00e1nh"},"logo":{"@id":"https:\/\/sipin.com.vn\/#\/schema\/person\/image\/"},"sameAs":["https:\/\/sipin.com.vn"]}]}},"_links":{"self":[{"href":"https:\/\/sipin.com.vn\/index.php\/wp-json\/wp\/v2\/product\/1207","targetHints":{"allow":["GET"]}}],"collection":[{"href":"https:\/\/sipin.com.vn\/index.php\/wp-json\/wp\/v2\/product"}],"about":[{"href":"https:\/\/sipin.com.vn\/index.php\/wp-json\/wp\/v2\/types\/product"}],"replies":[{"embeddable":true,"href":"https:\/\/sipin.com.vn\/index.php\/wp-json\/wp\/v2\/comments?post=1207"}],"wp:featuredmedia":[{"embeddable":true,"href":"https:\/\/sipin.com.vn\/index.php\/wp-json\/wp\/v2\/media\/1208"}],"wp:attachment":[{"href":"https:\/\/sipin.com.vn\/index.php\/wp-json\/wp\/v2\/media?parent=1207"}],"wp:term":[{"taxonomy":"product_cat","embeddable":true,"href":"https:\/\/sipin.com.vn\/index.php\/wp-json\/wp\/v2\/product_cat?post=1207"},{"taxonomy":"product_tag","embeddable":true,"href":"https:\/\/sipin.com.vn\/index.php\/wp-json\/wp\/v2\/product_tag?post=1207"}],"curies":[{"name":"wp","href":"https:\/\/api.w.org\/{rel}","templated":true}]}}