{"id":1195,"date":"2024-07-21T05:30:58","date_gmt":"2024-07-20T22:30:58","guid":{"rendered":"https:\/\/omanivietnam.com\/?post_type=product&#038;p=1195"},"modified":"2024-07-21T05:31:38","modified_gmt":"2024-07-20T22:31:38","slug":"ross-2153b5900","status":"publish","type":"product","link":"https:\/\/sipin.com.vn\/index.php\/product\/ross-2153b5900\/","title":{"rendered":"ROSS 2153B5900"},"content":{"rendered":"<p>ROSS 2153B5900<\/p>\n<p>ROSS 2153B5901<\/p>\n<p>ROSS 2153B5903<\/p>\n<p class=\"heading copy-color fz-25\">Vacuum, Low\/High Temperatures [Classic 21 Series ] <span class=\"block mt-hr copy\">2153B5903<\/span><\/p>\n<ul>\n<li>Poppet construction for high dirt tolerance<\/li>\n<li>ROSS vacuum valves have larger orifices, allowing greater flow and easing the transport of air even though there is a small differential between the vacuum within the valve and atmospheric pressure outside the valve<\/li>\n<li>Can be mounted close to actuator, reducing length of pipe to be pressurized\/exhausted on each cycle<\/li>\n<li>Internal\/external pilot supply<\/li>\n<li>Near zero leakage<\/li>\n<\/ul>\n<table class=\"fz-14\">\n<tbody>\n<tr>\n<td>Valve Type<\/td>\n<td>Directional Control<\/td>\n<\/tr>\n<tr>\n<td>Series<\/td>\n<td>21<\/td>\n<\/tr>\n<tr>\n<td>Application<\/td>\n<td>Vacuum<\/td>\n<\/tr>\n<tr>\n<td>Actuation<\/td>\n<td>Pneumatic<\/td>\n<\/tr>\n<tr>\n<td>Default Position<\/td>\n<td>Normally Closed<\/td>\n<\/tr>\n<tr>\n<td>Return<\/td>\n<td>Spring<\/td>\n<\/tr>\n<tr>\n<td>Thread Type<\/td>\n<td>NPT<\/td>\n<\/tr>\n<tr>\n<td>Construction<\/td>\n<td>Poppet<\/td>\n<\/tr>\n<tr>\n<td>Mounting<\/td>\n<td>Inline<\/td>\n<\/tr>\n<tr>\n<td>Pilot Type<\/td>\n<td>External<\/td>\n<\/tr>\n<tr>\n<td>Manual Override<\/td>\n<td>Not Included<\/td>\n<\/tr>\n<tr>\n<td>Ambient Temperature<\/td>\n<td>-40 to 175 F (-40 to 80 C)<\/td>\n<\/tr>\n<tr>\n<td>Media Temperature<\/td>\n<td>-40 to 175 F (-40 to 80 C)<\/td>\n<\/tr>\n<tr>\n<td>Fluid Media<\/td>\n<td>Filtered air<\/td>\n<\/tr>\n<tr>\n<td>Operating Pressure<\/td>\n<td>Vacuum to 150 psig (vacuum to 10 bar)<\/td>\n<\/tr>\n<tr>\n<td>Pilot Supply Minimum<\/td>\n<td>Equal to or greater than inlet pressure<\/td>\n<\/tr>\n<tr>\n<td>Valve Body Material<\/td>\n<td>Aluminum<\/td>\n<\/tr>\n<tr>\n<td>Poppet\/Spool Material<\/td>\n<td>Aluminum and Stainless Steel<\/td>\n<\/tr>\n<tr>\n<td>Seal Material<\/td>\n<td>Fluorocarbon<\/td>\n<\/tr>\n<tr>\n<td>Function<\/td>\n<td>3\/2 Single Pilot<\/td>\n<\/tr>\n<tr>\n<td>Exhaust Pipe Size<\/td>\n<td>1&#8243;<\/td>\n<\/tr>\n<tr>\n<td>Size<\/td>\n<td>3\/4<\/td>\n<\/tr>\n<tr>\n<td>Length<\/td>\n<td>4.45 in (113 mm)<\/td>\n<\/tr>\n<tr>\n<td>Inlet Pipe Size<\/td>\n<td>3\/4<\/td>\n<\/tr>\n<tr>\n<td>Outlet Pipe Size<\/td>\n<td>3\/4<\/td>\n<\/tr>\n<tr>\n<td>Width<\/td>\n<td>3.59 in (91 mm)<\/td>\n<\/tr>\n<tr>\n<td>Height<\/td>\n<td>4.73 in (120 mm)<\/td>\n<\/tr>\n<tr>\n<td>Weight<\/td>\n<td>4.5 lb (2.0 kg)<\/td>\n<\/tr>\n<tr>\n<td>Cv (2-3)<\/td>\n<td>13.0<\/td>\n<\/tr>\n<tr>\n<td>Cv (1-2)<\/td>\n<td>7.8<\/td>\n<\/tr>\n<\/tbody>\n<\/table>\n<p>&nbsp;<\/p>\n<p>C\u00e1c s\u1ea3n ph\u1ea9m Ross:<\/p>\n<p>1017K77, 837K77, RM2A-8MB, I4500AAXR, 7129-501, W6077B2401 (24VDC), D2771C6032, D2174B3917, W6476B3401, W6077B3407, W6476B2407, W6476B2401, W6077B2401, 2153B5901, C5X00B9030<\/p>\n<p>\u0110\u1ea1i l\u00fd ROSS vietnam, ROSS viet nam, ROSS vietnam distributor, Ph\u00e2n ph\u1ed1i ROSS t\u1ea1i vi\u1ec7t nam<\/p>\n<p>\u0110\u1ea1i l\u00fd ROSS vietnam, ROSS viet nam, ROSS vietnam distributor, Ph\u00e2n ph\u1ed1i ROSS t\u1ea1i vi\u1ec7t nam<\/p>\n<p>\u0110\u1ea1i l\u00fd ROSS vietnam, ROSS viet nam, ROSS vietnam distributor, Ph\u00e2n ph\u1ed1i ROSS t\u1ea1i vi\u1ec7t nam<\/p>\n<p>\u0110\u1ea1i l\u00fd ROSS vietnam, ROSS viet nam, ROSS vietnam distributor, Ph\u00e2n ph\u1ed1i ROSS t\u1ea1i vi\u1ec7t nam<\/p>\n<p>\u0110\u1ea1i l\u00fd ROSS vietnam, ROSS viet nam, ROSS vietnam distributor, Ph\u00e2n ph\u1ed1i ROSS t\u1ea1i vi\u1ec7t nam<\/p>\n","protected":false},"excerpt":{"rendered":"<p>ROSS 2153B5900 ROSS 2153B5901 ROSS 2153B5903 Vacuum, Low\/High Temperatures [Classic 21 Series ] 2153B5903 Poppet construction for high dirt tolerance ROSS vacuum valves have larger orifices, allowing greater flow and easing the transport of air even though there is a small differential between the vacuum within the valve and atmospheric&hellip; <\/p>\n","protected":false},"featured_media":1196,"comment_status":"open","ping_status":"closed","template":"","meta":{"om_disable_all_campaigns":false,"_monsterinsights_skip_tracking":false,"_monsterinsights_sitenote_active":false,"_monsterinsights_sitenote_note":"","_monsterinsights_sitenote_category":0},"product_cat":[15],"product_tag":[316,315,102],"class_list":{"0":"post-1195","1":"product","2":"type-product","3":"status-publish","4":"has-post-thumbnail","6":"product_cat-apex","7":"product_tag-dai-ly-ross-viet-nam","8":"product_tag-ross-viet-nam","9":"product_tag-van-khi-nen","11":"first","12":"instock","13":"shipping-taxable","14":"product-type-simple"},"aioseo_notices":[],"yoast_head":"<!-- This site is optimized with the Yoast SEO plugin v22.8 - https:\/\/yoast.com\/wordpress\/plugins\/seo\/ -->\n<title>ROSS 2153B5900 - OMANI VI\u1ec6T NAM<\/title>\n<meta name=\"robots\" content=\"index, follow, max-snippet:-1, max-image-preview:large, max-video-preview:-1\" \/>\n<link rel=\"canonical\" href=\"https:\/\/sipin.com.vn\/index.php\/product\/ross-2153b5900\/\" \/>\n<meta property=\"og:locale\" content=\"vi_VN\" \/>\n<meta property=\"og:type\" content=\"article\" \/>\n<meta property=\"og:title\" content=\"ROSS 2153B5900 - OMANI VI\u1ec6T NAM\" \/>\n<meta property=\"og:description\" content=\"ROSS 2153B5900 ROSS 2153B5901 ROSS 2153B5903 Vacuum, Low\/High Temperatures [Classic 21 Series ] 2153B5903 Poppet construction for high dirt tolerance ROSS vacuum valves have larger orifices, allowing greater flow and easing the transport of air even though there is a small differential between the vacuum within the valve and atmospheric&hellip;\" \/>\n<meta property=\"og:url\" content=\"https:\/\/sipin.com.vn\/index.php\/product\/ross-2153b5900\/\" \/>\n<meta property=\"og:site_name\" content=\"OMANI VI\u1ec6T NAM\" \/>\n<meta property=\"article:modified_time\" content=\"2024-07-20T22:31:38+00:00\" \/>\n<meta property=\"og:image\" content=\"https:\/\/sipin.com.vn\/wp-content\/uploads\/2024\/07\/2153B5900.png\" \/>\n\t<meta property=\"og:image:width\" content=\"341\" \/>\n\t<meta property=\"og:image:height\" content=\"408\" \/>\n\t<meta property=\"og:image:type\" content=\"image\/png\" \/>\n<meta name=\"twitter:card\" content=\"summary_large_image\" \/>\n<meta name=\"twitter:label1\" content=\"\u01af\u1edbc t\u00ednh th\u1eddi gian \u0111\u1ecdc\" \/>\n\t<meta name=\"twitter:data1\" content=\"2 ph\u00fat\" \/>\n<script type=\"application\/ld+json\" class=\"yoast-schema-graph\">{\"@context\":\"https:\/\/schema.org\",\"@graph\":[{\"@type\":\"WebPage\",\"@id\":\"https:\/\/sipin.com.vn\/index.php\/product\/ross-2153b5900\/\",\"url\":\"https:\/\/sipin.com.vn\/index.php\/product\/ross-2153b5900\/\",\"name\":\"ROSS 2153B5900 - OMANI VI\u1ec6T NAM\",\"isPartOf\":{\"@id\":\"https:\/\/sipin.com.vn\/#website\"},\"primaryImageOfPage\":{\"@id\":\"https:\/\/sipin.com.vn\/index.php\/product\/ross-2153b5900\/#primaryimage\"},\"image\":{\"@id\":\"https:\/\/sipin.com.vn\/index.php\/product\/ross-2153b5900\/#primaryimage\"},\"thumbnailUrl\":\"https:\/\/sipin.com.vn\/wp-content\/uploads\/2024\/07\/2153B5900.png\",\"datePublished\":\"2024-07-20T22:30:58+00:00\",\"dateModified\":\"2024-07-20T22:31:38+00:00\",\"breadcrumb\":{\"@id\":\"https:\/\/sipin.com.vn\/index.php\/product\/ross-2153b5900\/#breadcrumb\"},\"inLanguage\":\"vi\",\"potentialAction\":[{\"@type\":\"ReadAction\",\"target\":[\"https:\/\/sipin.com.vn\/index.php\/product\/ross-2153b5900\/\"]}]},{\"@type\":\"ImageObject\",\"inLanguage\":\"vi\",\"@id\":\"https:\/\/sipin.com.vn\/index.php\/product\/ross-2153b5900\/#primaryimage\",\"url\":\"https:\/\/sipin.com.vn\/wp-content\/uploads\/2024\/07\/2153B5900.png\",\"contentUrl\":\"https:\/\/sipin.com.vn\/wp-content\/uploads\/2024\/07\/2153B5900.png\",\"width\":341,\"height\":408},{\"@type\":\"BreadcrumbList\",\"@id\":\"https:\/\/sipin.com.vn\/index.php\/product\/ross-2153b5900\/#breadcrumb\",\"itemListElement\":[{\"@type\":\"ListItem\",\"position\":1,\"name\":\"Home\",\"item\":\"https:\/\/sipin.com.vn\/\"},{\"@type\":\"ListItem\",\"position\":2,\"name\":\"S\u1ea2N PH\u1ea8M\",\"item\":\"https:\/\/sipin.com.vn\/index.php\/cua-hang\/\"},{\"@type\":\"ListItem\",\"position\":3,\"name\":\"ROSS 2153B5900\"}]},{\"@type\":\"WebSite\",\"@id\":\"https:\/\/sipin.com.vn\/#website\",\"url\":\"https:\/\/sipin.com.vn\/\",\"name\":\"OMANI VI\u1ec6T NAM\",\"description\":\"Nh\u00e0 ph\u00e2n ph\u1ed1i thi\u1ebft b\u1ecb kh\u00ed n\u00e9n v\u00e0 thi\u1ebft b\u1ecb t\u1ef1 \u0111\u1ed9ng h\u00f3a trong c\u00f4ng nghi\u1ec7p\",\"publisher\":{\"@id\":\"https:\/\/sipin.com.vn\/#\/schema\/person\/0ad398a980dc3fd696111c2c5c8fa897\"},\"potentialAction\":[{\"@type\":\"SearchAction\",\"target\":{\"@type\":\"EntryPoint\",\"urlTemplate\":\"https:\/\/sipin.com.vn\/?s={search_term_string}\"},\"query-input\":\"required name=search_term_string\"}],\"inLanguage\":\"vi\"},{\"@type\":[\"Person\",\"Organization\"],\"@id\":\"https:\/\/sipin.com.vn\/#\/schema\/person\/0ad398a980dc3fd696111c2c5c8fa897\",\"name\":\"Nguy\u1ec5n V\u0103n Kh\u00e1nh\",\"image\":{\"@type\":\"ImageObject\",\"inLanguage\":\"vi\",\"@id\":\"https:\/\/sipin.com.vn\/#\/schema\/person\/image\/\",\"url\":\"https:\/\/sipin.com.vn\/wp-content\/uploads\/2024\/06\/logo-1024x1024.png\",\"contentUrl\":\"https:\/\/sipin.com.vn\/wp-content\/uploads\/2024\/06\/logo-1024x1024.png\",\"width\":1024,\"height\":1024,\"caption\":\"Nguy\u1ec5n V\u0103n Kh\u00e1nh\"},\"logo\":{\"@id\":\"https:\/\/sipin.com.vn\/#\/schema\/person\/image\/\"},\"sameAs\":[\"https:\/\/sipin.com.vn\"]}]}<\/script>\n<!-- \/ Yoast SEO plugin. -->","yoast_head_json":{"title":"ROSS 2153B5900 - OMANI VI\u1ec6T NAM","robots":{"index":"index","follow":"follow","max-snippet":"max-snippet:-1","max-image-preview":"max-image-preview:large","max-video-preview":"max-video-preview:-1"},"canonical":"https:\/\/sipin.com.vn\/index.php\/product\/ross-2153b5900\/","og_locale":"vi_VN","og_type":"article","og_title":"ROSS 2153B5900 - OMANI VI\u1ec6T NAM","og_description":"ROSS 2153B5900 ROSS 2153B5901 ROSS 2153B5903 Vacuum, Low\/High Temperatures [Classic 21 Series ] 2153B5903 Poppet construction for high dirt tolerance ROSS vacuum valves have larger orifices, allowing greater flow and easing the transport of air even though there is a small differential between the vacuum within the valve and atmospheric&hellip;","og_url":"https:\/\/sipin.com.vn\/index.php\/product\/ross-2153b5900\/","og_site_name":"OMANI VI\u1ec6T NAM","article_modified_time":"2024-07-20T22:31:38+00:00","og_image":[{"width":341,"height":408,"url":"https:\/\/sipin.com.vn\/wp-content\/uploads\/2024\/07\/2153B5900.png","type":"image\/png"}],"twitter_card":"summary_large_image","twitter_misc":{"\u01af\u1edbc t\u00ednh th\u1eddi gian \u0111\u1ecdc":"2 ph\u00fat"},"schema":{"@context":"https:\/\/schema.org","@graph":[{"@type":"WebPage","@id":"https:\/\/sipin.com.vn\/index.php\/product\/ross-2153b5900\/","url":"https:\/\/sipin.com.vn\/index.php\/product\/ross-2153b5900\/","name":"ROSS 2153B5900 - OMANI VI\u1ec6T NAM","isPartOf":{"@id":"https:\/\/sipin.com.vn\/#website"},"primaryImageOfPage":{"@id":"https:\/\/sipin.com.vn\/index.php\/product\/ross-2153b5900\/#primaryimage"},"image":{"@id":"https:\/\/sipin.com.vn\/index.php\/product\/ross-2153b5900\/#primaryimage"},"thumbnailUrl":"https:\/\/sipin.com.vn\/wp-content\/uploads\/2024\/07\/2153B5900.png","datePublished":"2024-07-20T22:30:58+00:00","dateModified":"2024-07-20T22:31:38+00:00","breadcrumb":{"@id":"https:\/\/sipin.com.vn\/index.php\/product\/ross-2153b5900\/#breadcrumb"},"inLanguage":"vi","potentialAction":[{"@type":"ReadAction","target":["https:\/\/sipin.com.vn\/index.php\/product\/ross-2153b5900\/"]}]},{"@type":"ImageObject","inLanguage":"vi","@id":"https:\/\/sipin.com.vn\/index.php\/product\/ross-2153b5900\/#primaryimage","url":"https:\/\/sipin.com.vn\/wp-content\/uploads\/2024\/07\/2153B5900.png","contentUrl":"https:\/\/sipin.com.vn\/wp-content\/uploads\/2024\/07\/2153B5900.png","width":341,"height":408},{"@type":"BreadcrumbList","@id":"https:\/\/sipin.com.vn\/index.php\/product\/ross-2153b5900\/#breadcrumb","itemListElement":[{"@type":"ListItem","position":1,"name":"Home","item":"https:\/\/sipin.com.vn\/"},{"@type":"ListItem","position":2,"name":"S\u1ea2N PH\u1ea8M","item":"https:\/\/sipin.com.vn\/index.php\/cua-hang\/"},{"@type":"ListItem","position":3,"name":"ROSS 2153B5900"}]},{"@type":"WebSite","@id":"https:\/\/sipin.com.vn\/#website","url":"https:\/\/sipin.com.vn\/","name":"OMANI VI\u1ec6T NAM","description":"Nh\u00e0 ph\u00e2n ph\u1ed1i thi\u1ebft b\u1ecb kh\u00ed n\u00e9n v\u00e0 thi\u1ebft b\u1ecb t\u1ef1 \u0111\u1ed9ng h\u00f3a trong c\u00f4ng nghi\u1ec7p","publisher":{"@id":"https:\/\/sipin.com.vn\/#\/schema\/person\/0ad398a980dc3fd696111c2c5c8fa897"},"potentialAction":[{"@type":"SearchAction","target":{"@type":"EntryPoint","urlTemplate":"https:\/\/sipin.com.vn\/?s={search_term_string}"},"query-input":"required name=search_term_string"}],"inLanguage":"vi"},{"@type":["Person","Organization"],"@id":"https:\/\/sipin.com.vn\/#\/schema\/person\/0ad398a980dc3fd696111c2c5c8fa897","name":"Nguy\u1ec5n V\u0103n Kh\u00e1nh","image":{"@type":"ImageObject","inLanguage":"vi","@id":"https:\/\/sipin.com.vn\/#\/schema\/person\/image\/","url":"https:\/\/sipin.com.vn\/wp-content\/uploads\/2024\/06\/logo-1024x1024.png","contentUrl":"https:\/\/sipin.com.vn\/wp-content\/uploads\/2024\/06\/logo-1024x1024.png","width":1024,"height":1024,"caption":"Nguy\u1ec5n V\u0103n Kh\u00e1nh"},"logo":{"@id":"https:\/\/sipin.com.vn\/#\/schema\/person\/image\/"},"sameAs":["https:\/\/sipin.com.vn"]}]}},"_links":{"self":[{"href":"https:\/\/sipin.com.vn\/index.php\/wp-json\/wp\/v2\/product\/1195","targetHints":{"allow":["GET"]}}],"collection":[{"href":"https:\/\/sipin.com.vn\/index.php\/wp-json\/wp\/v2\/product"}],"about":[{"href":"https:\/\/sipin.com.vn\/index.php\/wp-json\/wp\/v2\/types\/product"}],"replies":[{"embeddable":true,"href":"https:\/\/sipin.com.vn\/index.php\/wp-json\/wp\/v2\/comments?post=1195"}],"wp:featuredmedia":[{"embeddable":true,"href":"https:\/\/sipin.com.vn\/index.php\/wp-json\/wp\/v2\/media\/1196"}],"wp:attachment":[{"href":"https:\/\/sipin.com.vn\/index.php\/wp-json\/wp\/v2\/media?parent=1195"}],"wp:term":[{"taxonomy":"product_cat","embeddable":true,"href":"https:\/\/sipin.com.vn\/index.php\/wp-json\/wp\/v2\/product_cat?post=1195"},{"taxonomy":"product_tag","embeddable":true,"href":"https:\/\/sipin.com.vn\/index.php\/wp-json\/wp\/v2\/product_tag?post=1195"}],"curies":[{"name":"wp","href":"https:\/\/api.w.org\/{rel}","templated":true}]}}