{"id":1193,"date":"2024-07-21T05:22:40","date_gmt":"2024-07-20T22:22:40","guid":{"rendered":"https:\/\/omanivietnam.com\/?post_type=product&#038;p=1193"},"modified":"2024-07-21T05:22:40","modified_gmt":"2024-07-20T22:22:40","slug":"ross-c5x00b9030","status":"publish","type":"product","link":"https:\/\/sipin.com.vn\/index.php\/product\/ross-c5x00b9030\/","title":{"rendered":"ROSS C5X00B9030"},"content":{"rendered":"<p>ROSS C5X00B9030<\/p>\n<p class=\"heading copy-color fz-25\">Full-Size Series Remote Pilot Reg ROSS <span class=\"block mt-hr copy\">C5X00B2037<\/span><\/p>\n<ul>\n<li>Modular mounting<\/li>\n<li>Diaphragm construction<\/li>\n<li>Self-relieving<\/li>\n<\/ul>\n<p>PORT SIZE1\/4<\/p>\n<p>PORT THREAD BSPP<\/p>\n<p>PILOT Remote<\/p>\n<p>FLOW OPTION Standard<\/p>\n<p>ADJUSTMENT Knob<\/p>\n<p>GAUGE psig (bar)0 &#8211; 200 (0 13.8)<\/p>\n<p>PORT TYPE Threaded Ports<\/p>\n<p>CONSTRUCTION Diaphragm<\/p>\n<p>FLOW MEDI ACompressed Air<\/p>\n<p>INLET PRESSURE RANGE Up to 300 psig (20.7 bar)<\/p>\n<p>REGULATED PRESSURE RANGE psig (bar)0 &#8211; 200 (0 &#8211; 13.8)<\/p>\n<p>MEDIA TEMPERATURE RANGE40 to 175 F (4 to 79 C)<\/p>\n<p>AMBIENT TEMPERATURE RANGE40 to 175 F (4 to 79 C)<\/p>\n<p>RELIEVING Self-Relieving<\/p>\n<p>MOUNTING Modular<\/p>\n<p>MAXIMUM FLOW150 scfm<\/p>\n<p>&nbsp;<\/p>\n<p>C\u00e1c s\u1ea3n ph\u1ea9m Ross:<\/p>\n<p>1017K77, 837K77, RM2A-8MB, I4500AAXR, 7129-501, W6077B2401 (24VDC), D2771C6032, D2174B3917, W6476B3401, W6077B3407, W6476B2407, W6476B2401, W6077B2401, 2153B5901, C5X00B9030<\/p>\n<p>\u0110\u1ea1i l\u00fd ROSS vietnam, ROSS viet nam, ROSS vietnam distributor, Ph\u00e2n ph\u1ed1i ROSS t\u1ea1i vi\u1ec7t nam<\/p>\n<p>\u0110\u1ea1i l\u00fd ROSS vietnam, ROSS viet nam, ROSS vietnam distributor, Ph\u00e2n ph\u1ed1i ROSS t\u1ea1i vi\u1ec7t nam<\/p>\n<p>\u0110\u1ea1i l\u00fd ROSS vietnam, ROSS viet nam, ROSS vietnam distributor, Ph\u00e2n ph\u1ed1i ROSS t\u1ea1i vi\u1ec7t nam<\/p>\n<p>\u0110\u1ea1i l\u00fd ROSS vietnam, ROSS viet nam, ROSS vietnam distributor, Ph\u00e2n ph\u1ed1i ROSS t\u1ea1i vi\u1ec7t nam<\/p>\n<p>\u0110\u1ea1i l\u00fd ROSS vietnam, ROSS viet nam, ROSS vietnam distributor, Ph\u00e2n ph\u1ed1i ROSS t\u1ea1i vi\u1ec7t nam<\/p>\n","protected":false},"excerpt":{"rendered":"<p>ROSS C5X00B9030 Full-Size Series Remote Pilot Reg ROSS C5X00B2037 Modular mounting Diaphragm construction Self-relieving PORT SIZE1\/4 PORT THREAD BSPP PILOT Remote FLOW OPTION Standard ADJUSTMENT Knob GAUGE psig (bar)0 &#8211; 200 (0 13.8) PORT TYPE Threaded Ports CONSTRUCTION Diaphragm FLOW MEDI ACompressed Air INLET PRESSURE RANGE Up to 300 psig&hellip; <\/p>\n","protected":false},"featured_media":1194,"comment_status":"open","ping_status":"closed","template":"","meta":{"om_disable_all_campaigns":false,"_monsterinsights_skip_tracking":false,"_monsterinsights_sitenote_active":false,"_monsterinsights_sitenote_note":"","_monsterinsights_sitenote_category":0},"product_cat":[15],"product_tag":[316,315,198],"class_list":{"0":"post-1193","1":"product","2":"type-product","3":"status-publish","4":"has-post-thumbnail","6":"product_cat-apex","7":"product_tag-dai-ly-ross-viet-nam","8":"product_tag-ross-viet-nam","9":"product_tag-van-dieu-ap","11":"first","12":"instock","13":"shipping-taxable","14":"product-type-simple"},"aioseo_notices":[],"yoast_head":"<!-- This site is optimized with the Yoast SEO plugin v22.8 - https:\/\/yoast.com\/wordpress\/plugins\/seo\/ -->\n<title>ROSS C5X00B9030 - OMANI VI\u1ec6T NAM<\/title>\n<meta name=\"robots\" content=\"index, follow, max-snippet:-1, max-image-preview:large, max-video-preview:-1\" \/>\n<link rel=\"canonical\" href=\"https:\/\/sipin.com.vn\/index.php\/product\/ross-c5x00b9030\/\" \/>\n<meta property=\"og:locale\" content=\"vi_VN\" \/>\n<meta property=\"og:type\" content=\"article\" \/>\n<meta property=\"og:title\" content=\"ROSS C5X00B9030 - OMANI VI\u1ec6T NAM\" \/>\n<meta property=\"og:description\" content=\"ROSS C5X00B9030 Full-Size Series Remote Pilot Reg ROSS C5X00B2037 Modular mounting Diaphragm construction Self-relieving PORT SIZE1\/4 PORT THREAD BSPP PILOT Remote FLOW OPTION Standard ADJUSTMENT Knob GAUGE psig (bar)0 &#8211; 200 (0 13.8) PORT TYPE Threaded Ports CONSTRUCTION Diaphragm FLOW MEDI ACompressed Air INLET PRESSURE RANGE Up to 300 psig&hellip;\" \/>\n<meta property=\"og:url\" content=\"https:\/\/sipin.com.vn\/index.php\/product\/ross-c5x00b9030\/\" \/>\n<meta property=\"og:site_name\" content=\"OMANI VI\u1ec6T NAM\" \/>\n<meta property=\"og:image\" content=\"https:\/\/sipin.com.vn\/wp-content\/uploads\/2024\/07\/C5X00B9030.png\" \/>\n\t<meta property=\"og:image:width\" content=\"401\" \/>\n\t<meta property=\"og:image:height\" content=\"281\" \/>\n\t<meta property=\"og:image:type\" content=\"image\/png\" \/>\n<meta name=\"twitter:card\" content=\"summary_large_image\" \/>\n<meta name=\"twitter:label1\" content=\"\u01af\u1edbc t\u00ednh th\u1eddi gian \u0111\u1ecdc\" \/>\n\t<meta name=\"twitter:data1\" content=\"2 ph\u00fat\" \/>\n<script type=\"application\/ld+json\" class=\"yoast-schema-graph\">{\"@context\":\"https:\/\/schema.org\",\"@graph\":[{\"@type\":\"WebPage\",\"@id\":\"https:\/\/sipin.com.vn\/index.php\/product\/ross-c5x00b9030\/\",\"url\":\"https:\/\/sipin.com.vn\/index.php\/product\/ross-c5x00b9030\/\",\"name\":\"ROSS C5X00B9030 - OMANI VI\u1ec6T NAM\",\"isPartOf\":{\"@id\":\"https:\/\/sipin.com.vn\/#website\"},\"primaryImageOfPage\":{\"@id\":\"https:\/\/sipin.com.vn\/index.php\/product\/ross-c5x00b9030\/#primaryimage\"},\"image\":{\"@id\":\"https:\/\/sipin.com.vn\/index.php\/product\/ross-c5x00b9030\/#primaryimage\"},\"thumbnailUrl\":\"https:\/\/sipin.com.vn\/wp-content\/uploads\/2024\/07\/C5X00B9030.png\",\"datePublished\":\"2024-07-20T22:22:40+00:00\",\"dateModified\":\"2024-07-20T22:22:40+00:00\",\"breadcrumb\":{\"@id\":\"https:\/\/sipin.com.vn\/index.php\/product\/ross-c5x00b9030\/#breadcrumb\"},\"inLanguage\":\"vi\",\"potentialAction\":[{\"@type\":\"ReadAction\",\"target\":[\"https:\/\/sipin.com.vn\/index.php\/product\/ross-c5x00b9030\/\"]}]},{\"@type\":\"ImageObject\",\"inLanguage\":\"vi\",\"@id\":\"https:\/\/sipin.com.vn\/index.php\/product\/ross-c5x00b9030\/#primaryimage\",\"url\":\"https:\/\/sipin.com.vn\/wp-content\/uploads\/2024\/07\/C5X00B9030.png\",\"contentUrl\":\"https:\/\/sipin.com.vn\/wp-content\/uploads\/2024\/07\/C5X00B9030.png\",\"width\":401,\"height\":281},{\"@type\":\"BreadcrumbList\",\"@id\":\"https:\/\/sipin.com.vn\/index.php\/product\/ross-c5x00b9030\/#breadcrumb\",\"itemListElement\":[{\"@type\":\"ListItem\",\"position\":1,\"name\":\"Home\",\"item\":\"https:\/\/sipin.com.vn\/\"},{\"@type\":\"ListItem\",\"position\":2,\"name\":\"S\u1ea2N PH\u1ea8M\",\"item\":\"https:\/\/sipin.com.vn\/index.php\/cua-hang\/\"},{\"@type\":\"ListItem\",\"position\":3,\"name\":\"ROSS C5X00B9030\"}]},{\"@type\":\"WebSite\",\"@id\":\"https:\/\/sipin.com.vn\/#website\",\"url\":\"https:\/\/sipin.com.vn\/\",\"name\":\"OMANI VI\u1ec6T NAM\",\"description\":\"Nh\u00e0 ph\u00e2n ph\u1ed1i thi\u1ebft b\u1ecb kh\u00ed n\u00e9n v\u00e0 thi\u1ebft b\u1ecb t\u1ef1 \u0111\u1ed9ng h\u00f3a trong c\u00f4ng nghi\u1ec7p\",\"publisher\":{\"@id\":\"https:\/\/sipin.com.vn\/#\/schema\/person\/0ad398a980dc3fd696111c2c5c8fa897\"},\"potentialAction\":[{\"@type\":\"SearchAction\",\"target\":{\"@type\":\"EntryPoint\",\"urlTemplate\":\"https:\/\/sipin.com.vn\/?s={search_term_string}\"},\"query-input\":\"required name=search_term_string\"}],\"inLanguage\":\"vi\"},{\"@type\":[\"Person\",\"Organization\"],\"@id\":\"https:\/\/sipin.com.vn\/#\/schema\/person\/0ad398a980dc3fd696111c2c5c8fa897\",\"name\":\"Nguy\u1ec5n V\u0103n Kh\u00e1nh\",\"image\":{\"@type\":\"ImageObject\",\"inLanguage\":\"vi\",\"@id\":\"https:\/\/sipin.com.vn\/#\/schema\/person\/image\/\",\"url\":\"https:\/\/sipin.com.vn\/wp-content\/uploads\/2024\/06\/logo-1024x1024.png\",\"contentUrl\":\"https:\/\/sipin.com.vn\/wp-content\/uploads\/2024\/06\/logo-1024x1024.png\",\"width\":1024,\"height\":1024,\"caption\":\"Nguy\u1ec5n V\u0103n Kh\u00e1nh\"},\"logo\":{\"@id\":\"https:\/\/sipin.com.vn\/#\/schema\/person\/image\/\"},\"sameAs\":[\"https:\/\/sipin.com.vn\"]}]}<\/script>\n<!-- \/ Yoast SEO plugin. -->","yoast_head_json":{"title":"ROSS C5X00B9030 - OMANI VI\u1ec6T NAM","robots":{"index":"index","follow":"follow","max-snippet":"max-snippet:-1","max-image-preview":"max-image-preview:large","max-video-preview":"max-video-preview:-1"},"canonical":"https:\/\/sipin.com.vn\/index.php\/product\/ross-c5x00b9030\/","og_locale":"vi_VN","og_type":"article","og_title":"ROSS C5X00B9030 - OMANI VI\u1ec6T NAM","og_description":"ROSS C5X00B9030 Full-Size Series Remote Pilot Reg ROSS C5X00B2037 Modular mounting Diaphragm construction Self-relieving PORT SIZE1\/4 PORT THREAD BSPP PILOT Remote FLOW OPTION Standard ADJUSTMENT Knob GAUGE psig (bar)0 &#8211; 200 (0 13.8) PORT TYPE Threaded Ports CONSTRUCTION Diaphragm FLOW MEDI ACompressed Air INLET PRESSURE RANGE Up to 300 psig&hellip;","og_url":"https:\/\/sipin.com.vn\/index.php\/product\/ross-c5x00b9030\/","og_site_name":"OMANI VI\u1ec6T NAM","og_image":[{"width":401,"height":281,"url":"https:\/\/sipin.com.vn\/wp-content\/uploads\/2024\/07\/C5X00B9030.png","type":"image\/png"}],"twitter_card":"summary_large_image","twitter_misc":{"\u01af\u1edbc t\u00ednh th\u1eddi gian \u0111\u1ecdc":"2 ph\u00fat"},"schema":{"@context":"https:\/\/schema.org","@graph":[{"@type":"WebPage","@id":"https:\/\/sipin.com.vn\/index.php\/product\/ross-c5x00b9030\/","url":"https:\/\/sipin.com.vn\/index.php\/product\/ross-c5x00b9030\/","name":"ROSS C5X00B9030 - OMANI VI\u1ec6T NAM","isPartOf":{"@id":"https:\/\/sipin.com.vn\/#website"},"primaryImageOfPage":{"@id":"https:\/\/sipin.com.vn\/index.php\/product\/ross-c5x00b9030\/#primaryimage"},"image":{"@id":"https:\/\/sipin.com.vn\/index.php\/product\/ross-c5x00b9030\/#primaryimage"},"thumbnailUrl":"https:\/\/sipin.com.vn\/wp-content\/uploads\/2024\/07\/C5X00B9030.png","datePublished":"2024-07-20T22:22:40+00:00","dateModified":"2024-07-20T22:22:40+00:00","breadcrumb":{"@id":"https:\/\/sipin.com.vn\/index.php\/product\/ross-c5x00b9030\/#breadcrumb"},"inLanguage":"vi","potentialAction":[{"@type":"ReadAction","target":["https:\/\/sipin.com.vn\/index.php\/product\/ross-c5x00b9030\/"]}]},{"@type":"ImageObject","inLanguage":"vi","@id":"https:\/\/sipin.com.vn\/index.php\/product\/ross-c5x00b9030\/#primaryimage","url":"https:\/\/sipin.com.vn\/wp-content\/uploads\/2024\/07\/C5X00B9030.png","contentUrl":"https:\/\/sipin.com.vn\/wp-content\/uploads\/2024\/07\/C5X00B9030.png","width":401,"height":281},{"@type":"BreadcrumbList","@id":"https:\/\/sipin.com.vn\/index.php\/product\/ross-c5x00b9030\/#breadcrumb","itemListElement":[{"@type":"ListItem","position":1,"name":"Home","item":"https:\/\/sipin.com.vn\/"},{"@type":"ListItem","position":2,"name":"S\u1ea2N PH\u1ea8M","item":"https:\/\/sipin.com.vn\/index.php\/cua-hang\/"},{"@type":"ListItem","position":3,"name":"ROSS C5X00B9030"}]},{"@type":"WebSite","@id":"https:\/\/sipin.com.vn\/#website","url":"https:\/\/sipin.com.vn\/","name":"OMANI VI\u1ec6T NAM","description":"Nh\u00e0 ph\u00e2n ph\u1ed1i thi\u1ebft b\u1ecb kh\u00ed n\u00e9n v\u00e0 thi\u1ebft b\u1ecb t\u1ef1 \u0111\u1ed9ng h\u00f3a trong c\u00f4ng nghi\u1ec7p","publisher":{"@id":"https:\/\/sipin.com.vn\/#\/schema\/person\/0ad398a980dc3fd696111c2c5c8fa897"},"potentialAction":[{"@type":"SearchAction","target":{"@type":"EntryPoint","urlTemplate":"https:\/\/sipin.com.vn\/?s={search_term_string}"},"query-input":"required name=search_term_string"}],"inLanguage":"vi"},{"@type":["Person","Organization"],"@id":"https:\/\/sipin.com.vn\/#\/schema\/person\/0ad398a980dc3fd696111c2c5c8fa897","name":"Nguy\u1ec5n V\u0103n Kh\u00e1nh","image":{"@type":"ImageObject","inLanguage":"vi","@id":"https:\/\/sipin.com.vn\/#\/schema\/person\/image\/","url":"https:\/\/sipin.com.vn\/wp-content\/uploads\/2024\/06\/logo-1024x1024.png","contentUrl":"https:\/\/sipin.com.vn\/wp-content\/uploads\/2024\/06\/logo-1024x1024.png","width":1024,"height":1024,"caption":"Nguy\u1ec5n V\u0103n Kh\u00e1nh"},"logo":{"@id":"https:\/\/sipin.com.vn\/#\/schema\/person\/image\/"},"sameAs":["https:\/\/sipin.com.vn"]}]}},"_links":{"self":[{"href":"https:\/\/sipin.com.vn\/index.php\/wp-json\/wp\/v2\/product\/1193","targetHints":{"allow":["GET"]}}],"collection":[{"href":"https:\/\/sipin.com.vn\/index.php\/wp-json\/wp\/v2\/product"}],"about":[{"href":"https:\/\/sipin.com.vn\/index.php\/wp-json\/wp\/v2\/types\/product"}],"replies":[{"embeddable":true,"href":"https:\/\/sipin.com.vn\/index.php\/wp-json\/wp\/v2\/comments?post=1193"}],"wp:featuredmedia":[{"embeddable":true,"href":"https:\/\/sipin.com.vn\/index.php\/wp-json\/wp\/v2\/media\/1194"}],"wp:attachment":[{"href":"https:\/\/sipin.com.vn\/index.php\/wp-json\/wp\/v2\/media?parent=1193"}],"wp:term":[{"taxonomy":"product_cat","embeddable":true,"href":"https:\/\/sipin.com.vn\/index.php\/wp-json\/wp\/v2\/product_cat?post=1193"},{"taxonomy":"product_tag","embeddable":true,"href":"https:\/\/sipin.com.vn\/index.php\/wp-json\/wp\/v2\/product_tag?post=1193"}],"curies":[{"name":"wp","href":"https:\/\/api.w.org\/{rel}","templated":true}]}}