{"id":1145,"date":"2024-07-15T21:40:05","date_gmt":"2024-07-15T14:40:05","guid":{"rendered":"https:\/\/omanivietnam.com\/?post_type=product&#038;p=1145"},"modified":"2024-07-15T21:40:05","modified_gmt":"2024-07-15T14:40:05","slug":"takex-gr12wsn","status":"publish","type":"product","link":"https:\/\/sipin.com.vn\/index.php\/product\/takex-gr12wsn\/","title":{"rendered":"TAKEX GR12WSN"},"content":{"rendered":"<p>TAKEX GR12WSN<\/p>\n<p>Mark sensor\u00a0<em>GR12WSN<\/em>\u00a0Takex. &#8211; Ph\u01b0\u01a1ng ph\u00e1p ph\u00e1t hi\u1ec7n: Ph\u1ea3n x\u1ea1 gi\u1edbi h\u1ea1n &#8211; Ngu\u1ed3n c\u1ea5p: 12-24 VDC \u00b110% Ripple 10% max. &#8211; D\u00f2ng ti\u00eau th\u1ee5: 30 mA max.<\/p>\n<ul>\n<li>Generic type with LED<\/li>\n<li>IP67 rated housing filled with resin allows washing together with line equipment.<\/li>\n<li>Ultraviolet luminescence mark sensor Model: GR12UVS<\/li>\n<li>Ideal for detection of hidden or fluorescent marks<\/li>\n<\/ul>\n<table class=\"table table-series m-0\">\n<thead>\n<tr>\n<th>MODEL<\/th>\n<th>LIGHT SOURCE (WAVELENGTH)<\/th>\n<th>DETECTION DISTANCE<\/th>\n<th>OUTPUT MODE<\/th>\n<th>RESPONSE TIME<\/th>\n<th><\/th>\n<\/tr>\n<\/thead>\n<tbody>\n<tr id=\"GR12BSN\">\n<td>GR12BSN<\/td>\n<td>Blue LED<br \/>\n(470nm)<\/td>\n<td>12mm \u00b1 2mm<\/td>\n<td>NPN<\/td>\n<td>0.5 ms or less<\/td>\n<td><\/td>\n<\/tr>\n<tr id=\"GR12BSN-PN\">\n<td>GR12BSN-PN<\/td>\n<td>Blue LED<br \/>\n(470nm)<\/td>\n<td>12mm \u00b1 2mm<\/td>\n<td>PNP<\/td>\n<td>0.5 ms or less<\/td>\n<td><\/td>\n<\/tr>\n<tr id=\"GR12GN\">\n<td>GR12GN<\/td>\n<td>Green LED (525nm)<\/td>\n<td>12mm \u00b1 2mm<\/td>\n<td>NPN<\/td>\n<td>0.5 ms or less<\/td>\n<td>\n<div class=\"no-wrap\"><\/div>\n<\/td>\n<\/tr>\n<tr id=\"GR12GN-PN\">\n<td>GR12GN-PN<\/td>\n<td>Green LED (525nm)<\/td>\n<td>12mm \u00b1 2mm<\/td>\n<td>PNP<\/td>\n<td>0.5 ms or less<\/td>\n<td>\n<div class=\"no-wrap\"><\/div>\n<\/td>\n<\/tr>\n<tr id=\"GR12GSN\">\n<td>GR12GSN<\/td>\n<td>Green LED (525nm)<\/td>\n<td>12mm \u00b1 2mm<\/td>\n<td>NPN<\/td>\n<td>0.5 ms or less<\/td>\n<td><\/td>\n<\/tr>\n<tr id=\"GR12GSN-PN\">\n<td>GR12GSN-PN<\/td>\n<td>Green LED (525nm)<\/td>\n<td>12mm \u00b1 2mm<\/td>\n<td>PNP<\/td>\n<td>0.5 ms or less<\/td>\n<td>\n<div class=\"no-wrap\"><\/div>\n<\/td>\n<\/tr>\n<tr id=\"GR12RN\">\n<td>GR12RN<\/td>\n<td>Red LED (660nm)<\/td>\n<td>12mm \u00b1 2mm<\/td>\n<td>NPN<\/td>\n<td>0.5 ms or less<\/td>\n<td><\/td>\n<\/tr>\n<tr id=\"GR12RN-PN\">\n<td>GR12RN-PN<\/td>\n<td>Red LED (660nm)<\/td>\n<td>12mm \u00b1 2mm<\/td>\n<td>PNP<\/td>\n<td>0.5 ms or less<\/td>\n<td><\/td>\n<\/tr>\n<tr id=\"GR12RSN\">\n<td>GR12RSN<\/td>\n<td>Red LED (660nm)<\/td>\n<td>12mm \u00b1 2mm<\/td>\n<td>NPN<\/td>\n<td>0.5 ms or less<\/td>\n<td><\/td>\n<\/tr>\n<tr id=\"GR12RSN-PN\">\n<td>GR12RSN-PN<\/td>\n<td>Red LED (660nm)<\/td>\n<td>12mm \u00b1 2mm<\/td>\n<td>PNP<\/td>\n<td>0.5 ms or less<\/td>\n<td><\/td>\n<\/tr>\n<tr id=\"GR12UVS\">\n<td>GR12UVS<\/td>\n<td>Ultraviolet LED (375nm)<\/td>\n<td>12mm \u00b1 2mm<\/td>\n<td>NPN<\/td>\n<td>1ms<\/td>\n<td><\/td>\n<\/tr>\n<tr id=\"GR12UVSPN\">\n<td>GR12UVSPN<\/td>\n<td>Ultraviolet LED (375nm)<\/td>\n<td>12mm \u00b1 2mm<\/td>\n<td>PNP<\/td>\n<td>1ms<\/td>\n<td><\/td>\n<\/tr>\n<tr id=\"GR12WSN\">\n<td>GR12WSN<\/td>\n<td>White LED<\/td>\n<td>12mm \u00b1 2mm<\/td>\n<td>NPN<\/td>\n<td>0.5 ms or less<\/td>\n<td>\n<div class=\"no-wrap\"><\/div>\n<\/td>\n<\/tr>\n<tr id=\"GR40RN\">\n<td>GR40RN<\/td>\n<td>Red LED (660nm)<\/td>\n<td>20-70mm<\/td>\n<td>NPN<\/td>\n<td>0.5 ms or less<\/td>\n<td><\/td>\n<\/tr>\n<tr id=\"GR40RN-PN\">\n<td>GR40RN-PN<\/td>\n<td>Red LED (660nm)<\/td>\n<td>20-70mm<\/td>\n<td>PNP<\/td>\n<td>0.5 ms or less<\/td>\n<td><\/td>\n<\/tr>\n<tr id=\"GR60RN\">\n<td>GR60RN<\/td>\n<td>Red LED (660nm)<\/td>\n<td>30-90mm<\/td>\n<td>NPN<\/td>\n<td>0.5 ms or less<\/td>\n<td><\/td>\n<\/tr>\n<tr id=\"GR60RN-PN\">\n<td>GR60RN-PN<\/td>\n<td>Red LED (660nm)<\/td>\n<td>30-90mm<\/td>\n<td>PNP<\/td>\n<td>0.5 ms or less<\/td>\n<td><\/td>\n<\/tr>\n<\/tbody>\n<\/table>\n<p>&nbsp;<\/p>\n<p>\u0110\u1ea1i l\u00fd TAKEX vietnam, TAKEX viet nam, TAKEX vietnam distributor, Ph\u00e2n ph\u1ed1i TAKEX t\u1ea1i vi\u1ec7t nam<\/p>\n<p>\u0110\u1ea1i l\u00fd TAKEX vietnam, TAKEX viet nam,TAKEX vietnam distributor, Ph\u00e2n ph\u1ed1i TAKEX t\u1ea1i vi\u1ec7t nam<\/p>\n<p>\u0110\u1ea1i l\u00fd TAKEX vietnam, TAKEX viet nam, TAKEX vietnam distributor, Ph\u00e2n ph\u1ed1i TAKEX t\u1ea1i vi\u1ec7t nam<\/p>\n<p>\u0110\u1ea1i l\u00fd TAKEX vietnam, TAKEX viet nam, TAKEX vietnam distributor, Ph\u00e2n ph\u1ed1i TAKEX t\u1ea1i vi\u1ec7t nam<\/p>\n<p>\u0110\u1ea1i l\u00fd TAKEX vietnam, TAKEX viet nam, TAKEX vietnam distributor, Ph\u00e2n ph\u1ed1i TAKEX t\u1ea1i vi\u1ec7t nam<\/p>\n","protected":false},"excerpt":{"rendered":"<p>TAKEX GR12WSN Mark sensor\u00a0GR12WSN\u00a0Takex. &#8211; Ph\u01b0\u01a1ng ph\u00e1p ph\u00e1t hi\u1ec7n: Ph\u1ea3n x\u1ea1 gi\u1edbi h\u1ea1n &#8211; Ngu\u1ed3n c\u1ea5p: 12-24 VDC \u00b110% Ripple 10% max. &#8211; D\u00f2ng ti\u00eau th\u1ee5: 30 mA max. Generic type with LED IP67 rated housing filled with resin allows washing together with line equipment. Ultraviolet luminescence mark sensor Model:&hellip; <\/p>\n","protected":false},"featured_media":1146,"comment_status":"open","ping_status":"closed","template":"","meta":{"om_disable_all_campaigns":false,"_monsterinsights_skip_tracking":false,"_monsterinsights_sitenote_active":false,"_monsterinsights_sitenote_note":"","_monsterinsights_sitenote_category":0},"product_cat":[15],"product_tag":[88,192,191],"class_list":{"0":"post-1145","1":"product","2":"type-product","3":"status-publish","4":"has-post-thumbnail","6":"product_cat-apex","7":"product_tag-cam-bien","8":"product_tag-dai-ly-takex-viet-nam","9":"product_tag-takex-viet-nam","11":"first","12":"instock","13":"shipping-taxable","14":"product-type-simple"},"aioseo_notices":[],"yoast_head":"<!-- This site is optimized with the Yoast SEO plugin v22.8 - https:\/\/yoast.com\/wordpress\/plugins\/seo\/ -->\n<title>TAKEX GR12WSN - OMANI VI\u1ec6T NAM<\/title>\n<meta name=\"robots\" content=\"index, follow, max-snippet:-1, max-image-preview:large, max-video-preview:-1\" \/>\n<link rel=\"canonical\" href=\"https:\/\/sipin.com.vn\/index.php\/product\/takex-gr12wsn\/\" \/>\n<meta property=\"og:locale\" content=\"vi_VN\" \/>\n<meta property=\"og:type\" content=\"article\" \/>\n<meta property=\"og:title\" content=\"TAKEX GR12WSN - OMANI VI\u1ec6T NAM\" \/>\n<meta property=\"og:description\" content=\"TAKEX GR12WSN Mark sensor\u00a0GR12WSN\u00a0Takex. &#8211; Ph\u01b0\u01a1ng ph\u00e1p ph\u00e1t hi\u1ec7n: Ph\u1ea3n x\u1ea1 gi\u1edbi h\u1ea1n &#8211; Ngu\u1ed3n c\u1ea5p: 12-24 VDC \u00b110% Ripple 10% max. &#8211; D\u00f2ng ti\u00eau th\u1ee5: 30 mA max. Generic type with LED IP67 rated housing filled with resin allows washing together with line equipment. Ultraviolet luminescence mark sensor Model:&hellip;\" \/>\n<meta property=\"og:url\" content=\"https:\/\/sipin.com.vn\/index.php\/product\/takex-gr12wsn\/\" \/>\n<meta property=\"og:site_name\" content=\"OMANI VI\u1ec6T NAM\" \/>\n<meta property=\"og:image\" content=\"https:\/\/sipin.com.vn\/wp-content\/uploads\/2024\/07\/GR12WSN.png\" \/>\n\t<meta property=\"og:image:width\" content=\"448\" \/>\n\t<meta property=\"og:image:height\" content=\"604\" \/>\n\t<meta property=\"og:image:type\" content=\"image\/png\" \/>\n<meta name=\"twitter:card\" content=\"summary_large_image\" \/>\n<meta name=\"twitter:label1\" content=\"\u01af\u1edbc t\u00ednh th\u1eddi gian \u0111\u1ecdc\" \/>\n\t<meta name=\"twitter:data1\" content=\"3 ph\u00fat\" \/>\n<script type=\"application\/ld+json\" class=\"yoast-schema-graph\">{\"@context\":\"https:\/\/schema.org\",\"@graph\":[{\"@type\":\"WebPage\",\"@id\":\"https:\/\/sipin.com.vn\/index.php\/product\/takex-gr12wsn\/\",\"url\":\"https:\/\/sipin.com.vn\/index.php\/product\/takex-gr12wsn\/\",\"name\":\"TAKEX GR12WSN - OMANI VI\u1ec6T NAM\",\"isPartOf\":{\"@id\":\"https:\/\/sipin.com.vn\/#website\"},\"primaryImageOfPage\":{\"@id\":\"https:\/\/sipin.com.vn\/index.php\/product\/takex-gr12wsn\/#primaryimage\"},\"image\":{\"@id\":\"https:\/\/sipin.com.vn\/index.php\/product\/takex-gr12wsn\/#primaryimage\"},\"thumbnailUrl\":\"https:\/\/sipin.com.vn\/wp-content\/uploads\/2024\/07\/GR12WSN.png\",\"datePublished\":\"2024-07-15T14:40:05+00:00\",\"dateModified\":\"2024-07-15T14:40:05+00:00\",\"breadcrumb\":{\"@id\":\"https:\/\/sipin.com.vn\/index.php\/product\/takex-gr12wsn\/#breadcrumb\"},\"inLanguage\":\"vi\",\"potentialAction\":[{\"@type\":\"ReadAction\",\"target\":[\"https:\/\/sipin.com.vn\/index.php\/product\/takex-gr12wsn\/\"]}]},{\"@type\":\"ImageObject\",\"inLanguage\":\"vi\",\"@id\":\"https:\/\/sipin.com.vn\/index.php\/product\/takex-gr12wsn\/#primaryimage\",\"url\":\"https:\/\/sipin.com.vn\/wp-content\/uploads\/2024\/07\/GR12WSN.png\",\"contentUrl\":\"https:\/\/sipin.com.vn\/wp-content\/uploads\/2024\/07\/GR12WSN.png\",\"width\":448,\"height\":604},{\"@type\":\"BreadcrumbList\",\"@id\":\"https:\/\/sipin.com.vn\/index.php\/product\/takex-gr12wsn\/#breadcrumb\",\"itemListElement\":[{\"@type\":\"ListItem\",\"position\":1,\"name\":\"Home\",\"item\":\"https:\/\/sipin.com.vn\/\"},{\"@type\":\"ListItem\",\"position\":2,\"name\":\"S\u1ea2N PH\u1ea8M\",\"item\":\"https:\/\/sipin.com.vn\/index.php\/cua-hang\/\"},{\"@type\":\"ListItem\",\"position\":3,\"name\":\"TAKEX GR12WSN\"}]},{\"@type\":\"WebSite\",\"@id\":\"https:\/\/sipin.com.vn\/#website\",\"url\":\"https:\/\/sipin.com.vn\/\",\"name\":\"OMANI VI\u1ec6T NAM\",\"description\":\"Nh\u00e0 ph\u00e2n ph\u1ed1i thi\u1ebft b\u1ecb kh\u00ed n\u00e9n v\u00e0 thi\u1ebft b\u1ecb t\u1ef1 \u0111\u1ed9ng h\u00f3a trong c\u00f4ng nghi\u1ec7p\",\"publisher\":{\"@id\":\"https:\/\/sipin.com.vn\/#\/schema\/person\/0ad398a980dc3fd696111c2c5c8fa897\"},\"potentialAction\":[{\"@type\":\"SearchAction\",\"target\":{\"@type\":\"EntryPoint\",\"urlTemplate\":\"https:\/\/sipin.com.vn\/?s={search_term_string}\"},\"query-input\":\"required name=search_term_string\"}],\"inLanguage\":\"vi\"},{\"@type\":[\"Person\",\"Organization\"],\"@id\":\"https:\/\/sipin.com.vn\/#\/schema\/person\/0ad398a980dc3fd696111c2c5c8fa897\",\"name\":\"Nguy\u1ec5n V\u0103n Kh\u00e1nh\",\"image\":{\"@type\":\"ImageObject\",\"inLanguage\":\"vi\",\"@id\":\"https:\/\/sipin.com.vn\/#\/schema\/person\/image\/\",\"url\":\"https:\/\/sipin.com.vn\/wp-content\/uploads\/2024\/06\/logo-1024x1024.png\",\"contentUrl\":\"https:\/\/sipin.com.vn\/wp-content\/uploads\/2024\/06\/logo-1024x1024.png\",\"width\":1024,\"height\":1024,\"caption\":\"Nguy\u1ec5n V\u0103n Kh\u00e1nh\"},\"logo\":{\"@id\":\"https:\/\/sipin.com.vn\/#\/schema\/person\/image\/\"},\"sameAs\":[\"https:\/\/sipin.com.vn\"]}]}<\/script>\n<!-- \/ Yoast SEO plugin. -->","yoast_head_json":{"title":"TAKEX GR12WSN - OMANI VI\u1ec6T NAM","robots":{"index":"index","follow":"follow","max-snippet":"max-snippet:-1","max-image-preview":"max-image-preview:large","max-video-preview":"max-video-preview:-1"},"canonical":"https:\/\/sipin.com.vn\/index.php\/product\/takex-gr12wsn\/","og_locale":"vi_VN","og_type":"article","og_title":"TAKEX GR12WSN - OMANI VI\u1ec6T NAM","og_description":"TAKEX GR12WSN Mark sensor\u00a0GR12WSN\u00a0Takex. &#8211; Ph\u01b0\u01a1ng ph\u00e1p ph\u00e1t hi\u1ec7n: Ph\u1ea3n x\u1ea1 gi\u1edbi h\u1ea1n &#8211; Ngu\u1ed3n c\u1ea5p: 12-24 VDC \u00b110% Ripple 10% max. &#8211; D\u00f2ng ti\u00eau th\u1ee5: 30 mA max. Generic type with LED IP67 rated housing filled with resin allows washing together with line equipment. Ultraviolet luminescence mark sensor Model:&hellip;","og_url":"https:\/\/sipin.com.vn\/index.php\/product\/takex-gr12wsn\/","og_site_name":"OMANI VI\u1ec6T NAM","og_image":[{"width":448,"height":604,"url":"https:\/\/sipin.com.vn\/wp-content\/uploads\/2024\/07\/GR12WSN.png","type":"image\/png"}],"twitter_card":"summary_large_image","twitter_misc":{"\u01af\u1edbc t\u00ednh th\u1eddi gian \u0111\u1ecdc":"3 ph\u00fat"},"schema":{"@context":"https:\/\/schema.org","@graph":[{"@type":"WebPage","@id":"https:\/\/sipin.com.vn\/index.php\/product\/takex-gr12wsn\/","url":"https:\/\/sipin.com.vn\/index.php\/product\/takex-gr12wsn\/","name":"TAKEX GR12WSN - OMANI VI\u1ec6T NAM","isPartOf":{"@id":"https:\/\/sipin.com.vn\/#website"},"primaryImageOfPage":{"@id":"https:\/\/sipin.com.vn\/index.php\/product\/takex-gr12wsn\/#primaryimage"},"image":{"@id":"https:\/\/sipin.com.vn\/index.php\/product\/takex-gr12wsn\/#primaryimage"},"thumbnailUrl":"https:\/\/sipin.com.vn\/wp-content\/uploads\/2024\/07\/GR12WSN.png","datePublished":"2024-07-15T14:40:05+00:00","dateModified":"2024-07-15T14:40:05+00:00","breadcrumb":{"@id":"https:\/\/sipin.com.vn\/index.php\/product\/takex-gr12wsn\/#breadcrumb"},"inLanguage":"vi","potentialAction":[{"@type":"ReadAction","target":["https:\/\/sipin.com.vn\/index.php\/product\/takex-gr12wsn\/"]}]},{"@type":"ImageObject","inLanguage":"vi","@id":"https:\/\/sipin.com.vn\/index.php\/product\/takex-gr12wsn\/#primaryimage","url":"https:\/\/sipin.com.vn\/wp-content\/uploads\/2024\/07\/GR12WSN.png","contentUrl":"https:\/\/sipin.com.vn\/wp-content\/uploads\/2024\/07\/GR12WSN.png","width":448,"height":604},{"@type":"BreadcrumbList","@id":"https:\/\/sipin.com.vn\/index.php\/product\/takex-gr12wsn\/#breadcrumb","itemListElement":[{"@type":"ListItem","position":1,"name":"Home","item":"https:\/\/sipin.com.vn\/"},{"@type":"ListItem","position":2,"name":"S\u1ea2N PH\u1ea8M","item":"https:\/\/sipin.com.vn\/index.php\/cua-hang\/"},{"@type":"ListItem","position":3,"name":"TAKEX GR12WSN"}]},{"@type":"WebSite","@id":"https:\/\/sipin.com.vn\/#website","url":"https:\/\/sipin.com.vn\/","name":"OMANI VI\u1ec6T NAM","description":"Nh\u00e0 ph\u00e2n ph\u1ed1i thi\u1ebft b\u1ecb kh\u00ed n\u00e9n v\u00e0 thi\u1ebft b\u1ecb t\u1ef1 \u0111\u1ed9ng h\u00f3a trong c\u00f4ng nghi\u1ec7p","publisher":{"@id":"https:\/\/sipin.com.vn\/#\/schema\/person\/0ad398a980dc3fd696111c2c5c8fa897"},"potentialAction":[{"@type":"SearchAction","target":{"@type":"EntryPoint","urlTemplate":"https:\/\/sipin.com.vn\/?s={search_term_string}"},"query-input":"required name=search_term_string"}],"inLanguage":"vi"},{"@type":["Person","Organization"],"@id":"https:\/\/sipin.com.vn\/#\/schema\/person\/0ad398a980dc3fd696111c2c5c8fa897","name":"Nguy\u1ec5n V\u0103n Kh\u00e1nh","image":{"@type":"ImageObject","inLanguage":"vi","@id":"https:\/\/sipin.com.vn\/#\/schema\/person\/image\/","url":"https:\/\/sipin.com.vn\/wp-content\/uploads\/2024\/06\/logo-1024x1024.png","contentUrl":"https:\/\/sipin.com.vn\/wp-content\/uploads\/2024\/06\/logo-1024x1024.png","width":1024,"height":1024,"caption":"Nguy\u1ec5n V\u0103n Kh\u00e1nh"},"logo":{"@id":"https:\/\/sipin.com.vn\/#\/schema\/person\/image\/"},"sameAs":["https:\/\/sipin.com.vn"]}]}},"_links":{"self":[{"href":"https:\/\/sipin.com.vn\/index.php\/wp-json\/wp\/v2\/product\/1145","targetHints":{"allow":["GET"]}}],"collection":[{"href":"https:\/\/sipin.com.vn\/index.php\/wp-json\/wp\/v2\/product"}],"about":[{"href":"https:\/\/sipin.com.vn\/index.php\/wp-json\/wp\/v2\/types\/product"}],"replies":[{"embeddable":true,"href":"https:\/\/sipin.com.vn\/index.php\/wp-json\/wp\/v2\/comments?post=1145"}],"wp:featuredmedia":[{"embeddable":true,"href":"https:\/\/sipin.com.vn\/index.php\/wp-json\/wp\/v2\/media\/1146"}],"wp:attachment":[{"href":"https:\/\/sipin.com.vn\/index.php\/wp-json\/wp\/v2\/media?parent=1145"}],"wp:term":[{"taxonomy":"product_cat","embeddable":true,"href":"https:\/\/sipin.com.vn\/index.php\/wp-json\/wp\/v2\/product_cat?post=1145"},{"taxonomy":"product_tag","embeddable":true,"href":"https:\/\/sipin.com.vn\/index.php\/wp-json\/wp\/v2\/product_tag?post=1145"}],"curies":[{"name":"wp","href":"https:\/\/api.w.org\/{rel}","templated":true}]}}