{"id":1141,"date":"2024-07-15T21:21:02","date_gmt":"2024-07-15T14:21:02","guid":{"rendered":"https:\/\/omanivietnam.com\/?post_type=product&#038;p=1141"},"modified":"2024-07-15T21:21:02","modified_gmt":"2024-07-15T14:21:02","slug":"takex-us-t50","status":"publish","type":"product","link":"https:\/\/sipin.com.vn\/index.php\/product\/takex-us-t50\/","title":{"rendered":"TAKEX US-T50"},"content":{"rendered":"<p>TAKEX US-T50<\/p>\n<p>( US-T50 = US-TD50 + US-TE50 )<\/p>\n<p class=\"LC20lb MBeuO DKV0Md\">US-T50\/US-R25<\/p>\n<p>C\u1ea3m bi\u1ebfn si\u00eau \u00e2m\u00a0<em>US<\/em>&#8211;<em>T50<\/em>\u00a0Takex &#8230; &#8211; Ngu\u1ed3n c\u1ea5p: 24 VDC \u00b1 10% Ripple 10% max. &#8211; D\u00f2ng ti\u00eau th\u1ee5: Ph\u00e1t: 25 mA max., Thu: 15 mA max. &#8211; Kho\u1ea3ng c\u00e1ch ph\u00e1t hi\u1ec7n: 0.5<\/p>\n<ul>\n<li>Microminiature ultrasonic sensor embedded in a conventional sensor housing<\/li>\n<li>Reliably detecting transparent packaging PET bottle or container<\/li>\n<li>Adjustment POT equipped on all models<\/li>\n<\/ul>\n<table class=\"table table-series m-0\">\n<thead>\n<tr>\n<th>MODEL<\/th>\n<th>DETECTION METHOD<\/th>\n<th>DETECTING DISTANCE<\/th>\n<th>CONTROL OUTPUT<\/th>\n<th>CONNECTION<\/th>\n<th>PROTECTIVE STRUCTURE<\/th>\n<th><\/th>\n<\/tr>\n<\/thead>\n<tbody>\n<tr id=\"US-R25\">\n<td>US-R25<\/td>\n<td>Reflective<\/td>\n<td>60 &#8211; 250mm<\/td>\n<td>NPN<\/td>\n<td>Attached cord<\/td>\n<td>IP54<\/td>\n<td><\/td>\n<\/tr>\n<tr id=\"US-R25PN\">\n<td>US-R25PN<\/td>\n<td>Reflective<\/td>\n<td>60 &#8211; 250mm<\/td>\n<td>PNP<\/td>\n<td>Attached cord<\/td>\n<td>IP54<\/td>\n<td><\/td>\n<\/tr>\n<tr id=\"US-T50\">\n<td>US-T50<\/td>\n<td>Through Beam<\/td>\n<td>500mm<\/td>\n<td>NPN<\/td>\n<td>Attached cord<\/td>\n<td>IP54<\/td>\n<td>\n<div class=\"no-wrap\"><\/div>\n<\/td>\n<\/tr>\n<tr id=\"US-T50PN\">\n<td>US-T50PN<\/td>\n<td>Through Beam<\/td>\n<td>500mm<\/td>\n<td>PNP<\/td>\n<td>Attached cord<\/td>\n<td>IP54<\/td>\n<\/tr>\n<\/tbody>\n<\/table>\n<p>&nbsp;<\/p>\n<p>\u0110\u1ea1i l\u00fd TAKEX vietnam, TAKEX viet nam, TAKEX vietnam distributor, Ph\u00e2n ph\u1ed1i TAKEX t\u1ea1i vi\u1ec7t nam<\/p>\n<p>\u0110\u1ea1i l\u00fd TAKEX vietnam, TAKEX viet nam,TAKEX vietnam distributor, Ph\u00e2n ph\u1ed1i TAKEX t\u1ea1i vi\u1ec7t nam<\/p>\n<p>\u0110\u1ea1i l\u00fd TAKEX vietnam, TAKEX viet nam, TAKEX vietnam distributor, Ph\u00e2n ph\u1ed1i TAKEX t\u1ea1i vi\u1ec7t nam<\/p>\n<p>\u0110\u1ea1i l\u00fd TAKEX vietnam, TAKEX viet nam, TAKEX vietnam distributor, Ph\u00e2n ph\u1ed1i TAKEX t\u1ea1i vi\u1ec7t nam<\/p>\n<p>\u0110\u1ea1i l\u00fd TAKEX vietnam, TAKEX viet nam, TAKEX vietnam distributor, Ph\u00e2n ph\u1ed1i TAKEX t\u1ea1i vi\u1ec7t nam<\/p>\n","protected":false},"excerpt":{"rendered":"<p>TAKEX US-T50 ( US-T50 = US-TD50 + US-TE50 ) US-T50\/US-R25 C\u1ea3m bi\u1ebfn si\u00eau \u00e2m\u00a0US&#8211;T50\u00a0Takex &#8230; &#8211; Ngu\u1ed3n c\u1ea5p: 24 VDC \u00b1 10% Ripple 10% max. &#8211; D\u00f2ng ti\u00eau th\u1ee5: Ph\u00e1t: 25 mA max., Thu: 15 mA max. &#8211; Kho\u1ea3ng c\u00e1ch ph\u00e1t hi\u1ec7n: 0.5 Microminiature ultrasonic sensor embedded in a conventional&hellip; <\/p>\n","protected":false},"featured_media":1142,"comment_status":"open","ping_status":"closed","template":"","meta":{"om_disable_all_campaigns":false,"_monsterinsights_skip_tracking":false,"_monsterinsights_sitenote_active":false,"_monsterinsights_sitenote_note":"","_monsterinsights_sitenote_category":0},"product_cat":[15],"product_tag":[88,192,191],"class_list":{"0":"post-1141","1":"product","2":"type-product","3":"status-publish","4":"has-post-thumbnail","6":"product_cat-apex","7":"product_tag-cam-bien","8":"product_tag-dai-ly-takex-viet-nam","9":"product_tag-takex-viet-nam","11":"first","12":"instock","13":"shipping-taxable","14":"product-type-simple"},"aioseo_notices":[],"yoast_head":"<!-- This site is optimized with the Yoast SEO plugin v22.8 - https:\/\/yoast.com\/wordpress\/plugins\/seo\/ -->\n<title>TAKEX US-T50 - OMANI VI\u1ec6T NAM<\/title>\n<meta name=\"robots\" content=\"index, follow, max-snippet:-1, max-image-preview:large, max-video-preview:-1\" \/>\n<link rel=\"canonical\" href=\"https:\/\/sipin.com.vn\/index.php\/product\/takex-us-t50\/\" \/>\n<meta property=\"og:locale\" content=\"vi_VN\" \/>\n<meta property=\"og:type\" content=\"article\" \/>\n<meta property=\"og:title\" content=\"TAKEX US-T50 - OMANI VI\u1ec6T NAM\" \/>\n<meta property=\"og:description\" content=\"TAKEX US-T50 ( US-T50 = US-TD50 + US-TE50 ) US-T50\/US-R25 C\u1ea3m bi\u1ebfn si\u00eau \u00e2m\u00a0US&#8211;T50\u00a0Takex &#8230; &#8211; Ngu\u1ed3n c\u1ea5p: 24 VDC \u00b1 10% Ripple 10% max. &#8211; D\u00f2ng ti\u00eau th\u1ee5: Ph\u00e1t: 25 mA max., Thu: 15 mA max. &#8211; Kho\u1ea3ng c\u00e1ch ph\u00e1t hi\u1ec7n: 0.5 Microminiature ultrasonic sensor embedded in a conventional&hellip;\" \/>\n<meta property=\"og:url\" content=\"https:\/\/sipin.com.vn\/index.php\/product\/takex-us-t50\/\" \/>\n<meta property=\"og:site_name\" content=\"OMANI VI\u1ec6T NAM\" \/>\n<meta property=\"og:image\" content=\"https:\/\/sipin.com.vn\/wp-content\/uploads\/2024\/07\/US-T50.png\" \/>\n\t<meta property=\"og:image:width\" content=\"350\" \/>\n\t<meta property=\"og:image:height\" content=\"429\" \/>\n\t<meta property=\"og:image:type\" content=\"image\/png\" \/>\n<meta name=\"twitter:card\" content=\"summary_large_image\" \/>\n<meta name=\"twitter:label1\" content=\"\u01af\u1edbc t\u00ednh th\u1eddi gian \u0111\u1ecdc\" \/>\n\t<meta name=\"twitter:data1\" content=\"2 ph\u00fat\" \/>\n<script type=\"application\/ld+json\" class=\"yoast-schema-graph\">{\"@context\":\"https:\/\/schema.org\",\"@graph\":[{\"@type\":\"WebPage\",\"@id\":\"https:\/\/sipin.com.vn\/index.php\/product\/takex-us-t50\/\",\"url\":\"https:\/\/sipin.com.vn\/index.php\/product\/takex-us-t50\/\",\"name\":\"TAKEX US-T50 - OMANI VI\u1ec6T NAM\",\"isPartOf\":{\"@id\":\"https:\/\/sipin.com.vn\/#website\"},\"primaryImageOfPage\":{\"@id\":\"https:\/\/sipin.com.vn\/index.php\/product\/takex-us-t50\/#primaryimage\"},\"image\":{\"@id\":\"https:\/\/sipin.com.vn\/index.php\/product\/takex-us-t50\/#primaryimage\"},\"thumbnailUrl\":\"https:\/\/sipin.com.vn\/wp-content\/uploads\/2024\/07\/US-T50.png\",\"datePublished\":\"2024-07-15T14:21:02+00:00\",\"dateModified\":\"2024-07-15T14:21:02+00:00\",\"breadcrumb\":{\"@id\":\"https:\/\/sipin.com.vn\/index.php\/product\/takex-us-t50\/#breadcrumb\"},\"inLanguage\":\"vi\",\"potentialAction\":[{\"@type\":\"ReadAction\",\"target\":[\"https:\/\/sipin.com.vn\/index.php\/product\/takex-us-t50\/\"]}]},{\"@type\":\"ImageObject\",\"inLanguage\":\"vi\",\"@id\":\"https:\/\/sipin.com.vn\/index.php\/product\/takex-us-t50\/#primaryimage\",\"url\":\"https:\/\/sipin.com.vn\/wp-content\/uploads\/2024\/07\/US-T50.png\",\"contentUrl\":\"https:\/\/sipin.com.vn\/wp-content\/uploads\/2024\/07\/US-T50.png\",\"width\":350,\"height\":429},{\"@type\":\"BreadcrumbList\",\"@id\":\"https:\/\/sipin.com.vn\/index.php\/product\/takex-us-t50\/#breadcrumb\",\"itemListElement\":[{\"@type\":\"ListItem\",\"position\":1,\"name\":\"Home\",\"item\":\"https:\/\/sipin.com.vn\/\"},{\"@type\":\"ListItem\",\"position\":2,\"name\":\"S\u1ea2N PH\u1ea8M\",\"item\":\"https:\/\/sipin.com.vn\/index.php\/cua-hang\/\"},{\"@type\":\"ListItem\",\"position\":3,\"name\":\"TAKEX US-T50\"}]},{\"@type\":\"WebSite\",\"@id\":\"https:\/\/sipin.com.vn\/#website\",\"url\":\"https:\/\/sipin.com.vn\/\",\"name\":\"OMANI VI\u1ec6T NAM\",\"description\":\"Nh\u00e0 ph\u00e2n ph\u1ed1i thi\u1ebft b\u1ecb kh\u00ed n\u00e9n v\u00e0 thi\u1ebft b\u1ecb t\u1ef1 \u0111\u1ed9ng h\u00f3a trong c\u00f4ng nghi\u1ec7p\",\"publisher\":{\"@id\":\"https:\/\/sipin.com.vn\/#\/schema\/person\/0ad398a980dc3fd696111c2c5c8fa897\"},\"potentialAction\":[{\"@type\":\"SearchAction\",\"target\":{\"@type\":\"EntryPoint\",\"urlTemplate\":\"https:\/\/sipin.com.vn\/?s={search_term_string}\"},\"query-input\":\"required name=search_term_string\"}],\"inLanguage\":\"vi\"},{\"@type\":[\"Person\",\"Organization\"],\"@id\":\"https:\/\/sipin.com.vn\/#\/schema\/person\/0ad398a980dc3fd696111c2c5c8fa897\",\"name\":\"Nguy\u1ec5n V\u0103n Kh\u00e1nh\",\"image\":{\"@type\":\"ImageObject\",\"inLanguage\":\"vi\",\"@id\":\"https:\/\/sipin.com.vn\/#\/schema\/person\/image\/\",\"url\":\"https:\/\/sipin.com.vn\/wp-content\/uploads\/2024\/06\/logo-1024x1024.png\",\"contentUrl\":\"https:\/\/sipin.com.vn\/wp-content\/uploads\/2024\/06\/logo-1024x1024.png\",\"width\":1024,\"height\":1024,\"caption\":\"Nguy\u1ec5n V\u0103n Kh\u00e1nh\"},\"logo\":{\"@id\":\"https:\/\/sipin.com.vn\/#\/schema\/person\/image\/\"},\"sameAs\":[\"https:\/\/sipin.com.vn\"]}]}<\/script>\n<!-- \/ Yoast SEO plugin. -->","yoast_head_json":{"title":"TAKEX US-T50 - OMANI VI\u1ec6T NAM","robots":{"index":"index","follow":"follow","max-snippet":"max-snippet:-1","max-image-preview":"max-image-preview:large","max-video-preview":"max-video-preview:-1"},"canonical":"https:\/\/sipin.com.vn\/index.php\/product\/takex-us-t50\/","og_locale":"vi_VN","og_type":"article","og_title":"TAKEX US-T50 - OMANI VI\u1ec6T NAM","og_description":"TAKEX US-T50 ( US-T50 = US-TD50 + US-TE50 ) US-T50\/US-R25 C\u1ea3m bi\u1ebfn si\u00eau \u00e2m\u00a0US&#8211;T50\u00a0Takex &#8230; &#8211; Ngu\u1ed3n c\u1ea5p: 24 VDC \u00b1 10% Ripple 10% max. &#8211; D\u00f2ng ti\u00eau th\u1ee5: Ph\u00e1t: 25 mA max., Thu: 15 mA max. &#8211; Kho\u1ea3ng c\u00e1ch ph\u00e1t hi\u1ec7n: 0.5 Microminiature ultrasonic sensor embedded in a conventional&hellip;","og_url":"https:\/\/sipin.com.vn\/index.php\/product\/takex-us-t50\/","og_site_name":"OMANI VI\u1ec6T NAM","og_image":[{"width":350,"height":429,"url":"https:\/\/sipin.com.vn\/wp-content\/uploads\/2024\/07\/US-T50.png","type":"image\/png"}],"twitter_card":"summary_large_image","twitter_misc":{"\u01af\u1edbc t\u00ednh th\u1eddi gian \u0111\u1ecdc":"2 ph\u00fat"},"schema":{"@context":"https:\/\/schema.org","@graph":[{"@type":"WebPage","@id":"https:\/\/sipin.com.vn\/index.php\/product\/takex-us-t50\/","url":"https:\/\/sipin.com.vn\/index.php\/product\/takex-us-t50\/","name":"TAKEX US-T50 - OMANI VI\u1ec6T NAM","isPartOf":{"@id":"https:\/\/sipin.com.vn\/#website"},"primaryImageOfPage":{"@id":"https:\/\/sipin.com.vn\/index.php\/product\/takex-us-t50\/#primaryimage"},"image":{"@id":"https:\/\/sipin.com.vn\/index.php\/product\/takex-us-t50\/#primaryimage"},"thumbnailUrl":"https:\/\/sipin.com.vn\/wp-content\/uploads\/2024\/07\/US-T50.png","datePublished":"2024-07-15T14:21:02+00:00","dateModified":"2024-07-15T14:21:02+00:00","breadcrumb":{"@id":"https:\/\/sipin.com.vn\/index.php\/product\/takex-us-t50\/#breadcrumb"},"inLanguage":"vi","potentialAction":[{"@type":"ReadAction","target":["https:\/\/sipin.com.vn\/index.php\/product\/takex-us-t50\/"]}]},{"@type":"ImageObject","inLanguage":"vi","@id":"https:\/\/sipin.com.vn\/index.php\/product\/takex-us-t50\/#primaryimage","url":"https:\/\/sipin.com.vn\/wp-content\/uploads\/2024\/07\/US-T50.png","contentUrl":"https:\/\/sipin.com.vn\/wp-content\/uploads\/2024\/07\/US-T50.png","width":350,"height":429},{"@type":"BreadcrumbList","@id":"https:\/\/sipin.com.vn\/index.php\/product\/takex-us-t50\/#breadcrumb","itemListElement":[{"@type":"ListItem","position":1,"name":"Home","item":"https:\/\/sipin.com.vn\/"},{"@type":"ListItem","position":2,"name":"S\u1ea2N PH\u1ea8M","item":"https:\/\/sipin.com.vn\/index.php\/cua-hang\/"},{"@type":"ListItem","position":3,"name":"TAKEX US-T50"}]},{"@type":"WebSite","@id":"https:\/\/sipin.com.vn\/#website","url":"https:\/\/sipin.com.vn\/","name":"OMANI VI\u1ec6T NAM","description":"Nh\u00e0 ph\u00e2n ph\u1ed1i thi\u1ebft b\u1ecb kh\u00ed n\u00e9n v\u00e0 thi\u1ebft b\u1ecb t\u1ef1 \u0111\u1ed9ng h\u00f3a trong c\u00f4ng nghi\u1ec7p","publisher":{"@id":"https:\/\/sipin.com.vn\/#\/schema\/person\/0ad398a980dc3fd696111c2c5c8fa897"},"potentialAction":[{"@type":"SearchAction","target":{"@type":"EntryPoint","urlTemplate":"https:\/\/sipin.com.vn\/?s={search_term_string}"},"query-input":"required name=search_term_string"}],"inLanguage":"vi"},{"@type":["Person","Organization"],"@id":"https:\/\/sipin.com.vn\/#\/schema\/person\/0ad398a980dc3fd696111c2c5c8fa897","name":"Nguy\u1ec5n V\u0103n Kh\u00e1nh","image":{"@type":"ImageObject","inLanguage":"vi","@id":"https:\/\/sipin.com.vn\/#\/schema\/person\/image\/","url":"https:\/\/sipin.com.vn\/wp-content\/uploads\/2024\/06\/logo-1024x1024.png","contentUrl":"https:\/\/sipin.com.vn\/wp-content\/uploads\/2024\/06\/logo-1024x1024.png","width":1024,"height":1024,"caption":"Nguy\u1ec5n V\u0103n Kh\u00e1nh"},"logo":{"@id":"https:\/\/sipin.com.vn\/#\/schema\/person\/image\/"},"sameAs":["https:\/\/sipin.com.vn"]}]}},"_links":{"self":[{"href":"https:\/\/sipin.com.vn\/index.php\/wp-json\/wp\/v2\/product\/1141","targetHints":{"allow":["GET"]}}],"collection":[{"href":"https:\/\/sipin.com.vn\/index.php\/wp-json\/wp\/v2\/product"}],"about":[{"href":"https:\/\/sipin.com.vn\/index.php\/wp-json\/wp\/v2\/types\/product"}],"replies":[{"embeddable":true,"href":"https:\/\/sipin.com.vn\/index.php\/wp-json\/wp\/v2\/comments?post=1141"}],"wp:featuredmedia":[{"embeddable":true,"href":"https:\/\/sipin.com.vn\/index.php\/wp-json\/wp\/v2\/media\/1142"}],"wp:attachment":[{"href":"https:\/\/sipin.com.vn\/index.php\/wp-json\/wp\/v2\/media?parent=1141"}],"wp:term":[{"taxonomy":"product_cat","embeddable":true,"href":"https:\/\/sipin.com.vn\/index.php\/wp-json\/wp\/v2\/product_cat?post=1141"},{"taxonomy":"product_tag","embeddable":true,"href":"https:\/\/sipin.com.vn\/index.php\/wp-json\/wp\/v2\/product_tag?post=1141"}],"curies":[{"name":"wp","href":"https:\/\/api.w.org\/{rel}","templated":true}]}}