{"id":1054,"date":"2024-07-10T05:40:18","date_gmt":"2024-07-09T22:40:18","guid":{"rendered":"https:\/\/omanivietnam.com\/?post_type=product&#038;p=1054"},"modified":"2024-07-13T20:47:45","modified_gmt":"2024-07-13T13:47:45","slug":"aventics-0821300350","status":"publish","type":"product","link":"https:\/\/sipin.com.vn\/index.php\/product\/aventics-0821300350\/","title":{"rendered":"AVENTICS 0821300350"},"content":{"rendered":"<p>AVENTICS 0821300350<\/p>\n<div class=\"row\">\n<div class=\"col-xs-12 col-sm-4 col-md-3\">\n<p class=\"product-name\" role=\"heading\">Filter pressure regulator, Series NL4-FRE 0821300350<\/p>\n<p class=\"mb-3\">Additional information<\/p>\n<table class=\"woocommerce-product-attributes shop_attributes\">\n<tbody>\n<tr class=\"woocommerce-product-attributes-item woocommerce-product-attributes-item--weight\">\n<th class=\"woocommerce-product-attributes-item__label\">Weight<\/th>\n<td class=\"woocommerce-product-attributes-item__value\">1.025 kg<\/td>\n<\/tr>\n<tr class=\"woocommerce-product-attributes-item woocommerce-product-attributes-item--attribute_pneumatic-port\">\n<th class=\"woocommerce-product-attributes-item__label\">Pneumatic port<\/th>\n<td class=\"woocommerce-product-attributes-item__value\">G 1\/2<\/td>\n<\/tr>\n<tr class=\"woocommerce-product-attributes-item woocommerce-product-attributes-item--attribute_reservoir-for-filter\">\n<th class=\"woocommerce-product-attributes-item__label\">Reservoir for filter<\/th>\n<td class=\"woocommerce-product-attributes-item__value\">polycarbonate, reservoir, without protective guard<\/td>\n<\/tr>\n<tr class=\"woocommerce-product-attributes-item woocommerce-product-attributes-item--attribute_condensate-drain\">\n<th class=\"woocommerce-product-attributes-item__label\">Condensate Drain<\/th>\n<td class=\"woocommerce-product-attributes-item__value\">open without pressure, semi-automatic<\/td>\n<\/tr>\n<tr class=\"woocommerce-product-attributes-item woocommerce-product-attributes-item--attribute_flow-qn\">\n<th class=\"woocommerce-product-attributes-item__label\">Flow Qn<\/th>\n<td class=\"woocommerce-product-attributes-item__value\">6900l\/min<\/td>\n<\/tr>\n<tr class=\"woocommerce-product-attributes-item woocommerce-product-attributes-item--attribute_pa_ambient-temperature-max\">\n<th class=\"woocommerce-product-attributes-item__label\">Ambient Temperature Max<\/th>\n<td class=\"woocommerce-product-attributes-item__value\">60DegC<\/td>\n<\/tr>\n<tr class=\"woocommerce-product-attributes-item woocommerce-product-attributes-item--attribute_pa_ambient-temperature-min\">\n<th class=\"woocommerce-product-attributes-item__label\">Ambient Temperature Min<\/th>\n<td class=\"woocommerce-product-attributes-item__value\">-10DegC<\/td>\n<\/tr>\n<tr class=\"woocommerce-product-attributes-item woocommerce-product-attributes-item--attribute_pa_working-pressure-max\">\n<th class=\"woocommerce-product-attributes-item__label\">Working Pressure Max<\/th>\n<td class=\"woocommerce-product-attributes-item__value\">16 Bar<\/td>\n<\/tr>\n<tr class=\"woocommerce-product-attributes-item woocommerce-product-attributes-item--attribute_pa_working-pressure-min\">\n<th class=\"woocommerce-product-attributes-item__label\">Working Pressure Min<\/th>\n<td class=\"woocommerce-product-attributes-item__value\">1.5 Bar<\/td>\n<\/tr>\n<\/tbody>\n<\/table>\n<\/div>\n<\/div>\n<dl class=\"row generic-attr\">\n<dd class=\"col-xs-12 col-sm-8 col-md-9\">\u0110\u1ea1i l\u00fd AVENTICS vietnam, AVENTICS viet nam, AVENTICS vietnam distributor, Ph\u00e2n ph\u1ed1i AVENTICS t\u1ea1i vi\u1ec7t nam<\/p>\n<p>\u0110\u1ea1i l\u00fd AVENTICS vietnam, AVENTICS viet nam, AVENTICS vietnam distributor, Ph\u00e2n ph\u1ed1i AVENTICS t\u1ea1i vi\u1ec7t nam<\/p>\n<p>\u0110\u1ea1i l\u00fd AVENTICS vietnam, AVENTICS viet nam, AVENTICS vietnam distributor, Ph\u00e2n ph\u1ed1i AVENTICS t\u1ea1i vi\u1ec7t nam<\/p>\n<p>\u0110\u1ea1i l\u00fd AVENTICS vietnam, AVENTICS viet nam, AVENTICS vietnam distributor, Ph\u00e2n ph\u1ed1i AVENTICS t\u1ea1i vi\u1ec7t nam<\/p>\n<p>\u0110\u1ea1i l\u00fd AVENTICS vietnam, AVENTICS viet nam, AVENTICS vietnam distributor, Ph\u00e2n ph\u1ed1i AVENTICS t\u1ea1i vi\u1ec7t nam<\/dd>\n<\/dl>\n","protected":false},"excerpt":{"rendered":"<p>AVENTICS 0821300350 Filter pressure regulator, Series NL4-FRE 0821300350 Additional information Weight 1.025 kg Pneumatic port G 1\/2 Reservoir for filter polycarbonate, reservoir, without protective guard Condensate Drain open without pressure, semi-automatic Flow Qn 6900l\/min Ambient Temperature Max 60DegC Ambient Temperature Min -10DegC Working Pressure Max 16 Bar Working Pressure Min&hellip; <\/p>\n","protected":false},"featured_media":1055,"comment_status":"open","ping_status":"closed","template":"","meta":{"om_disable_all_campaigns":false,"_monsterinsights_skip_tracking":false,"_monsterinsights_sitenote_active":false,"_monsterinsights_sitenote_note":"","_monsterinsights_sitenote_category":0},"product_cat":[15],"product_tag":[264,238,265],"class_list":{"0":"post-1054","1":"product","2":"type-product","3":"status-publish","4":"has-post-thumbnail","6":"product_cat-apex","7":"product_tag-aventics-viet-nam","8":"product_tag-bo-loc","9":"product_tag-dai-ly-aventics-viet-nam","11":"first","12":"instock","13":"shipping-taxable","14":"product-type-simple"},"aioseo_notices":[],"yoast_head":"<!-- This site is optimized with the Yoast SEO plugin v22.8 - https:\/\/yoast.com\/wordpress\/plugins\/seo\/ -->\n<title>AVENTICS 0821300350 - OMANI VI\u1ec6T NAM<\/title>\n<meta name=\"robots\" content=\"index, follow, max-snippet:-1, max-image-preview:large, max-video-preview:-1\" \/>\n<link rel=\"canonical\" href=\"https:\/\/sipin.com.vn\/index.php\/product\/aventics-0821300350\/\" \/>\n<meta property=\"og:locale\" content=\"vi_VN\" \/>\n<meta property=\"og:type\" content=\"article\" \/>\n<meta property=\"og:title\" content=\"AVENTICS 0821300350 - OMANI VI\u1ec6T NAM\" \/>\n<meta property=\"og:description\" content=\"AVENTICS 0821300350 Filter pressure regulator, Series NL4-FRE 0821300350 Additional information Weight 1.025 kg Pneumatic port G 1\/2 Reservoir for filter polycarbonate, reservoir, without protective guard Condensate Drain open without pressure, semi-automatic Flow Qn 6900l\/min Ambient Temperature Max 60DegC Ambient Temperature Min -10DegC Working Pressure Max 16 Bar Working Pressure Min&hellip;\" \/>\n<meta property=\"og:url\" content=\"https:\/\/sipin.com.vn\/index.php\/product\/aventics-0821300350\/\" \/>\n<meta property=\"og:site_name\" content=\"OMANI VI\u1ec6T NAM\" \/>\n<meta property=\"article:modified_time\" content=\"2024-07-13T13:47:45+00:00\" \/>\n<meta property=\"og:image\" content=\"https:\/\/sipin.com.vn\/wp-content\/uploads\/2024\/07\/0821300350.png\" \/>\n\t<meta property=\"og:image:width\" content=\"522\" \/>\n\t<meta property=\"og:image:height\" content=\"473\" \/>\n\t<meta property=\"og:image:type\" content=\"image\/png\" \/>\n<meta name=\"twitter:card\" content=\"summary_large_image\" \/>\n<meta name=\"twitter:label1\" content=\"\u01af\u1edbc t\u00ednh th\u1eddi gian \u0111\u1ecdc\" \/>\n\t<meta name=\"twitter:data1\" content=\"1 ph\u00fat\" \/>\n<script type=\"application\/ld+json\" class=\"yoast-schema-graph\">{\"@context\":\"https:\/\/schema.org\",\"@graph\":[{\"@type\":\"WebPage\",\"@id\":\"https:\/\/sipin.com.vn\/index.php\/product\/aventics-0821300350\/\",\"url\":\"https:\/\/sipin.com.vn\/index.php\/product\/aventics-0821300350\/\",\"name\":\"AVENTICS 0821300350 - OMANI VI\u1ec6T NAM\",\"isPartOf\":{\"@id\":\"https:\/\/sipin.com.vn\/#website\"},\"primaryImageOfPage\":{\"@id\":\"https:\/\/sipin.com.vn\/index.php\/product\/aventics-0821300350\/#primaryimage\"},\"image\":{\"@id\":\"https:\/\/sipin.com.vn\/index.php\/product\/aventics-0821300350\/#primaryimage\"},\"thumbnailUrl\":\"https:\/\/sipin.com.vn\/wp-content\/uploads\/2024\/07\/0821300350.png\",\"datePublished\":\"2024-07-09T22:40:18+00:00\",\"dateModified\":\"2024-07-13T13:47:45+00:00\",\"breadcrumb\":{\"@id\":\"https:\/\/sipin.com.vn\/index.php\/product\/aventics-0821300350\/#breadcrumb\"},\"inLanguage\":\"vi\",\"potentialAction\":[{\"@type\":\"ReadAction\",\"target\":[\"https:\/\/sipin.com.vn\/index.php\/product\/aventics-0821300350\/\"]}]},{\"@type\":\"ImageObject\",\"inLanguage\":\"vi\",\"@id\":\"https:\/\/sipin.com.vn\/index.php\/product\/aventics-0821300350\/#primaryimage\",\"url\":\"https:\/\/sipin.com.vn\/wp-content\/uploads\/2024\/07\/0821300350.png\",\"contentUrl\":\"https:\/\/sipin.com.vn\/wp-content\/uploads\/2024\/07\/0821300350.png\",\"width\":522,\"height\":473},{\"@type\":\"BreadcrumbList\",\"@id\":\"https:\/\/sipin.com.vn\/index.php\/product\/aventics-0821300350\/#breadcrumb\",\"itemListElement\":[{\"@type\":\"ListItem\",\"position\":1,\"name\":\"Home\",\"item\":\"https:\/\/sipin.com.vn\/\"},{\"@type\":\"ListItem\",\"position\":2,\"name\":\"S\u1ea2N PH\u1ea8M\",\"item\":\"https:\/\/sipin.com.vn\/index.php\/cua-hang\/\"},{\"@type\":\"ListItem\",\"position\":3,\"name\":\"AVENTICS 0821300350\"}]},{\"@type\":\"WebSite\",\"@id\":\"https:\/\/sipin.com.vn\/#website\",\"url\":\"https:\/\/sipin.com.vn\/\",\"name\":\"OMANI VI\u1ec6T NAM\",\"description\":\"Nh\u00e0 ph\u00e2n ph\u1ed1i thi\u1ebft b\u1ecb kh\u00ed n\u00e9n v\u00e0 thi\u1ebft b\u1ecb t\u1ef1 \u0111\u1ed9ng h\u00f3a trong c\u00f4ng nghi\u1ec7p\",\"publisher\":{\"@id\":\"https:\/\/sipin.com.vn\/#\/schema\/person\/0ad398a980dc3fd696111c2c5c8fa897\"},\"potentialAction\":[{\"@type\":\"SearchAction\",\"target\":{\"@type\":\"EntryPoint\",\"urlTemplate\":\"https:\/\/sipin.com.vn\/?s={search_term_string}\"},\"query-input\":\"required name=search_term_string\"}],\"inLanguage\":\"vi\"},{\"@type\":[\"Person\",\"Organization\"],\"@id\":\"https:\/\/sipin.com.vn\/#\/schema\/person\/0ad398a980dc3fd696111c2c5c8fa897\",\"name\":\"Nguy\u1ec5n V\u0103n Kh\u00e1nh\",\"image\":{\"@type\":\"ImageObject\",\"inLanguage\":\"vi\",\"@id\":\"https:\/\/sipin.com.vn\/#\/schema\/person\/image\/\",\"url\":\"https:\/\/sipin.com.vn\/wp-content\/uploads\/2024\/06\/logo-1024x1024.png\",\"contentUrl\":\"https:\/\/sipin.com.vn\/wp-content\/uploads\/2024\/06\/logo-1024x1024.png\",\"width\":1024,\"height\":1024,\"caption\":\"Nguy\u1ec5n V\u0103n Kh\u00e1nh\"},\"logo\":{\"@id\":\"https:\/\/sipin.com.vn\/#\/schema\/person\/image\/\"},\"sameAs\":[\"https:\/\/sipin.com.vn\"]}]}<\/script>\n<!-- \/ Yoast SEO plugin. -->","yoast_head_json":{"title":"AVENTICS 0821300350 - OMANI VI\u1ec6T NAM","robots":{"index":"index","follow":"follow","max-snippet":"max-snippet:-1","max-image-preview":"max-image-preview:large","max-video-preview":"max-video-preview:-1"},"canonical":"https:\/\/sipin.com.vn\/index.php\/product\/aventics-0821300350\/","og_locale":"vi_VN","og_type":"article","og_title":"AVENTICS 0821300350 - OMANI VI\u1ec6T NAM","og_description":"AVENTICS 0821300350 Filter pressure regulator, Series NL4-FRE 0821300350 Additional information Weight 1.025 kg Pneumatic port G 1\/2 Reservoir for filter polycarbonate, reservoir, without protective guard Condensate Drain open without pressure, semi-automatic Flow Qn 6900l\/min Ambient Temperature Max 60DegC Ambient Temperature Min -10DegC Working Pressure Max 16 Bar Working Pressure Min&hellip;","og_url":"https:\/\/sipin.com.vn\/index.php\/product\/aventics-0821300350\/","og_site_name":"OMANI VI\u1ec6T NAM","article_modified_time":"2024-07-13T13:47:45+00:00","og_image":[{"width":522,"height":473,"url":"https:\/\/sipin.com.vn\/wp-content\/uploads\/2024\/07\/0821300350.png","type":"image\/png"}],"twitter_card":"summary_large_image","twitter_misc":{"\u01af\u1edbc t\u00ednh th\u1eddi gian \u0111\u1ecdc":"1 ph\u00fat"},"schema":{"@context":"https:\/\/schema.org","@graph":[{"@type":"WebPage","@id":"https:\/\/sipin.com.vn\/index.php\/product\/aventics-0821300350\/","url":"https:\/\/sipin.com.vn\/index.php\/product\/aventics-0821300350\/","name":"AVENTICS 0821300350 - OMANI VI\u1ec6T NAM","isPartOf":{"@id":"https:\/\/sipin.com.vn\/#website"},"primaryImageOfPage":{"@id":"https:\/\/sipin.com.vn\/index.php\/product\/aventics-0821300350\/#primaryimage"},"image":{"@id":"https:\/\/sipin.com.vn\/index.php\/product\/aventics-0821300350\/#primaryimage"},"thumbnailUrl":"https:\/\/sipin.com.vn\/wp-content\/uploads\/2024\/07\/0821300350.png","datePublished":"2024-07-09T22:40:18+00:00","dateModified":"2024-07-13T13:47:45+00:00","breadcrumb":{"@id":"https:\/\/sipin.com.vn\/index.php\/product\/aventics-0821300350\/#breadcrumb"},"inLanguage":"vi","potentialAction":[{"@type":"ReadAction","target":["https:\/\/sipin.com.vn\/index.php\/product\/aventics-0821300350\/"]}]},{"@type":"ImageObject","inLanguage":"vi","@id":"https:\/\/sipin.com.vn\/index.php\/product\/aventics-0821300350\/#primaryimage","url":"https:\/\/sipin.com.vn\/wp-content\/uploads\/2024\/07\/0821300350.png","contentUrl":"https:\/\/sipin.com.vn\/wp-content\/uploads\/2024\/07\/0821300350.png","width":522,"height":473},{"@type":"BreadcrumbList","@id":"https:\/\/sipin.com.vn\/index.php\/product\/aventics-0821300350\/#breadcrumb","itemListElement":[{"@type":"ListItem","position":1,"name":"Home","item":"https:\/\/sipin.com.vn\/"},{"@type":"ListItem","position":2,"name":"S\u1ea2N PH\u1ea8M","item":"https:\/\/sipin.com.vn\/index.php\/cua-hang\/"},{"@type":"ListItem","position":3,"name":"AVENTICS 0821300350"}]},{"@type":"WebSite","@id":"https:\/\/sipin.com.vn\/#website","url":"https:\/\/sipin.com.vn\/","name":"OMANI VI\u1ec6T NAM","description":"Nh\u00e0 ph\u00e2n ph\u1ed1i thi\u1ebft b\u1ecb kh\u00ed n\u00e9n v\u00e0 thi\u1ebft b\u1ecb t\u1ef1 \u0111\u1ed9ng h\u00f3a trong c\u00f4ng nghi\u1ec7p","publisher":{"@id":"https:\/\/sipin.com.vn\/#\/schema\/person\/0ad398a980dc3fd696111c2c5c8fa897"},"potentialAction":[{"@type":"SearchAction","target":{"@type":"EntryPoint","urlTemplate":"https:\/\/sipin.com.vn\/?s={search_term_string}"},"query-input":"required name=search_term_string"}],"inLanguage":"vi"},{"@type":["Person","Organization"],"@id":"https:\/\/sipin.com.vn\/#\/schema\/person\/0ad398a980dc3fd696111c2c5c8fa897","name":"Nguy\u1ec5n V\u0103n Kh\u00e1nh","image":{"@type":"ImageObject","inLanguage":"vi","@id":"https:\/\/sipin.com.vn\/#\/schema\/person\/image\/","url":"https:\/\/sipin.com.vn\/wp-content\/uploads\/2024\/06\/logo-1024x1024.png","contentUrl":"https:\/\/sipin.com.vn\/wp-content\/uploads\/2024\/06\/logo-1024x1024.png","width":1024,"height":1024,"caption":"Nguy\u1ec5n V\u0103n Kh\u00e1nh"},"logo":{"@id":"https:\/\/sipin.com.vn\/#\/schema\/person\/image\/"},"sameAs":["https:\/\/sipin.com.vn"]}]}},"_links":{"self":[{"href":"https:\/\/sipin.com.vn\/index.php\/wp-json\/wp\/v2\/product\/1054","targetHints":{"allow":["GET"]}}],"collection":[{"href":"https:\/\/sipin.com.vn\/index.php\/wp-json\/wp\/v2\/product"}],"about":[{"href":"https:\/\/sipin.com.vn\/index.php\/wp-json\/wp\/v2\/types\/product"}],"replies":[{"embeddable":true,"href":"https:\/\/sipin.com.vn\/index.php\/wp-json\/wp\/v2\/comments?post=1054"}],"wp:featuredmedia":[{"embeddable":true,"href":"https:\/\/sipin.com.vn\/index.php\/wp-json\/wp\/v2\/media\/1055"}],"wp:attachment":[{"href":"https:\/\/sipin.com.vn\/index.php\/wp-json\/wp\/v2\/media?parent=1054"}],"wp:term":[{"taxonomy":"product_cat","embeddable":true,"href":"https:\/\/sipin.com.vn\/index.php\/wp-json\/wp\/v2\/product_cat?post=1054"},{"taxonomy":"product_tag","embeddable":true,"href":"https:\/\/sipin.com.vn\/index.php\/wp-json\/wp\/v2\/product_tag?post=1054"}],"curies":[{"name":"wp","href":"https:\/\/api.w.org\/{rel}","templated":true}]}}