{"id":1048,"date":"2024-07-10T04:50:11","date_gmt":"2024-07-09T21:50:11","guid":{"rendered":"https:\/\/omanivietnam.com\/?post_type=product&#038;p=1048"},"modified":"2024-07-13T20:54:05","modified_gmt":"2024-07-13T13:54:05","slug":"mitsubishi-bn030b933h60","status":"publish","type":"product","link":"https:\/\/sipin.com.vn\/index.php\/product\/mitsubishi-bn030b933h60\/","title":{"rendered":"MITSUBISHI BN030B933H60"},"content":{"rendered":"<p>MITSUBISHI BN030B933H60<\/p>\n<p>MITSUBISHI OSA18-130<\/p>\n<p>Encoder\u00a0BN030B933H60 cho \u0111\u1ed9ng c\u01a1 HF-SP81MK-S12<\/p>\n<h3>1.Th\u00f4ng tin s\u1ea3n ph\u1ea9m (Mitsubishi BN030B933H60)<\/h3>\n<p>B\u1ed9 m\u00e3 h\u00f3a Mitsubishi OSA18-100 c\u00f3 kh\u1ea3 n\u0103ng \u0111\u1ebfm t\u1edbi 100.000 xung v\u00e0 \u0111\u01b0\u1ee3c s\u1eed d\u1ee5ng ph\u1ed5 bi\u1ebfn trong nhi\u1ec1u \u1ee9ng d\u1ee5ng kh\u00e1c nhau.<br \/>\nB\u1ed9 m\u00e3 h\u00f3a Mitsubishi OSA24R-C10 c\u0169ng c\u00f3 s\u1eb5n, \u0111\u00e1p \u1ee9ng c\u00e1c ti\u00eau chu\u1ea9n ch\u00ednh h\u00e3ng v\u00e0 ph\u00f9 h\u1ee3p v\u1edbi c\u00e1c nhu c\u1ea7u c\u00f4ng nghi\u1ec7p kh\u00e1c nhau.<br \/>\nB\u1ed9 m\u00e3 h\u00f3a c\u00e1p MR-J4 k\u1ebft n\u1ed1i b\u1ed9 khu\u1ebfch \u0111\u1ea1i tr\u00ecnh \u0111i\u1ec1u khi\u1ec3n servo Mitsubishi MR-J4 v\u1edbi \u0111\u1ed9ng c\u01a1 servo d\u00f2ng HG-KR v\u00e0 HG, \u0111\u1ea3m b\u1ea3o ho\u1ea1t \u0111\u1ed9ng li\u1ec1n m\u1ea1ch .<\/p>\n<h3>2. C\u00e1c m\u00e3 t\u01b0\u01a1ng t\u1ef1 Mitsubishi BN030B933H60<\/h3>\n<p>BN030B933H60<\/p>\n<p>BN030B786H60<\/p>\n<p>OSA676S5AS<\/p>\n<p>OSA18-130<\/p>\n<table border=\"0\" width=\"367\" cellspacing=\"0\" cellpadding=\"0\">\n<tbody>\n<tr>\n<td align=\"left\" height=\"46\">Danh s\u00e1ch B\u1ed9 M\u00e3 H\u00f3a Encoder Mitsubishi BN030C Series<\/td>\n<\/tr>\n<\/tbody>\n<\/table>\n<p>OSA17\/BN030B933H60 6 2<\/p>\n<div>BN030B933H60<\/div>\n<div>BN030B991<\/div>\n<div>\u00a0OSA18-100<\/div>\n<div>\u00a0BN030C884<\/div>\n<div>\u00a0OSA18-130<\/div>\n<div>\u00a0MR-JE-40A<\/div>\n<div>\u00a0HG-KN43J-S100<\/div>\n<div>\u00a0F-KN43J-S100<\/div>\n<div>\u00a0MR-JE-70A MR-JE-100B<\/div>\n<div>MR-JE-300A<\/div>\n<div>\u00a0HF-SN302BJ-S100<\/div>\n<div>\u00a0MR-JE-40A<\/div>\n<div>\u00a0HG-KN43BJ-S100<\/div>\n<div>MITSUBISHI OSA676S5AS<\/div>\n<div>OSA104<\/div>\n<div>OSA104S2<\/div>\n<div>OSA104S2A<\/div>\n<div>OSA105S2A<\/div>\n<div>OSA105S5A<\/div>\n<div>OSA14<\/div>\n<div>OSA14HCSF502<\/div>\n<div>OSA14HCSF702<\/div>\n<div>OSA166S5<\/div>\n<div>OSA166S5A<\/div>\n<div>OSA17-020<\/div>\n<div>OSA17021<\/div>\n<div>OSA17-071<\/div>\n<div>OSA18<\/div>\n<div>OSA18-130<\/div>\n<div>OSA181306FY74GU<\/div>\n<div>OSA18A30<\/div>\n<div>OSA18SET<\/div>\n<div>OSA24R<\/div>\n<div>OSA253S<\/div>\n<div>OSA676S5AS<\/div>\n<div>OAER25KV<\/div>\n<div><\/div>\n<div>\n<p>\u0110\u1ea1i l\u00fd MITSUBISHI vietnam, MITSUBISHI viet nam, MITSUBISHI vietnam distributor, Ph\u00e2n ph\u1ed1i MITSUBISHI t\u1ea1i vi\u1ec7t nam<\/p>\n<p>\u0110\u1ea1i l\u00fd MITSUBISHI vietnam, MITSUBISHI viet nam, MITSUBISHI vietnam distributor, Ph\u00e2n ph\u1ed1i MITSUBISHI t\u1ea1i vi\u1ec7t nam<\/p>\n<p>\u0110\u1ea1i l\u00fd MITSUBISHI vietnam, MITSUBISHI viet nam, MITSUBISHI vietnam distributor, Ph\u00e2n ph\u1ed1i MITSUBISHI t\u1ea1i vi\u1ec7t nam<\/p>\n<p>\u0110\u1ea1i l\u00fd MITSUBISHI vietnam, MITSUBISHI viet nam, MITSUBISHI vietnam distributor, Ph\u00e2n ph\u1ed1i MITSUBISHI t\u1ea1i vi\u1ec7t nam<\/p>\n<p>\u0110\u1ea1i l\u00fd MITSUBISHI vietnam, MITSUBISHI viet nam, MITSUBISHI vietnam distributor, Ph\u00e2n ph\u1ed1i MITSUBISHI t\u1ea1i vi\u1ec7t nam<\/p>\n<\/div>\n","protected":false},"excerpt":{"rendered":"<p>MITSUBISHI BN030B933H60 MITSUBISHI OSA18-130 Encoder\u00a0BN030B933H60 cho \u0111\u1ed9ng c\u01a1 HF-SP81MK-S12 1.Th\u00f4ng tin s\u1ea3n ph\u1ea9m (Mitsubishi BN030B933H60) B\u1ed9 m\u00e3 h\u00f3a Mitsubishi OSA18-100 c\u00f3 kh\u1ea3 n\u0103ng \u0111\u1ebfm t\u1edbi 100.000 xung v\u00e0 \u0111\u01b0\u1ee3c s\u1eed d\u1ee5ng ph\u1ed5 bi\u1ebfn trong nhi\u1ec1u \u1ee9ng d\u1ee5ng kh\u00e1c nhau. B\u1ed9 m\u00e3 h\u00f3a Mitsubishi OSA24R-C10 c\u0169ng c\u00f3 s\u1eb5n, \u0111\u00e1p \u1ee9ng c\u00e1c&hellip; <\/p>\n","protected":false},"featured_media":1049,"comment_status":"open","ping_status":"closed","template":"","meta":{"om_disable_all_campaigns":false,"_monsterinsights_skip_tracking":false,"_monsterinsights_sitenote_active":false,"_monsterinsights_sitenote_note":"","_monsterinsights_sitenote_category":0},"product_cat":[15],"product_tag":[174,158,157],"class_list":{"0":"post-1048","1":"product","2":"type-product","3":"status-publish","4":"has-post-thumbnail","6":"product_cat-apex","7":"product_tag-bo-ma-hoa","8":"product_tag-dai-ly-mitsubishi-viet-nam","9":"product_tag-mitsubishi-viet-nam","11":"first","12":"instock","13":"shipping-taxable","14":"product-type-simple"},"aioseo_notices":[],"yoast_head":"<!-- This site is optimized with the Yoast SEO plugin v22.8 - https:\/\/yoast.com\/wordpress\/plugins\/seo\/ -->\n<title>MITSUBISHI BN030B933H60 - OMANI VI\u1ec6T NAM<\/title>\n<meta name=\"robots\" content=\"index, follow, max-snippet:-1, max-image-preview:large, max-video-preview:-1\" \/>\n<link rel=\"canonical\" href=\"https:\/\/sipin.com.vn\/index.php\/product\/mitsubishi-bn030b933h60\/\" \/>\n<meta property=\"og:locale\" content=\"vi_VN\" \/>\n<meta property=\"og:type\" content=\"article\" \/>\n<meta property=\"og:title\" content=\"MITSUBISHI BN030B933H60 - OMANI VI\u1ec6T NAM\" \/>\n<meta property=\"og:description\" content=\"MITSUBISHI BN030B933H60 MITSUBISHI OSA18-130 Encoder\u00a0BN030B933H60 cho \u0111\u1ed9ng c\u01a1 HF-SP81MK-S12 1.Th\u00f4ng tin s\u1ea3n ph\u1ea9m (Mitsubishi BN030B933H60) B\u1ed9 m\u00e3 h\u00f3a Mitsubishi OSA18-100 c\u00f3 kh\u1ea3 n\u0103ng \u0111\u1ebfm t\u1edbi 100.000 xung v\u00e0 \u0111\u01b0\u1ee3c s\u1eed d\u1ee5ng ph\u1ed5 bi\u1ebfn trong nhi\u1ec1u \u1ee9ng d\u1ee5ng kh\u00e1c nhau. B\u1ed9 m\u00e3 h\u00f3a Mitsubishi OSA24R-C10 c\u0169ng c\u00f3 s\u1eb5n, \u0111\u00e1p \u1ee9ng c\u00e1c&hellip;\" \/>\n<meta property=\"og:url\" content=\"https:\/\/sipin.com.vn\/index.php\/product\/mitsubishi-bn030b933h60\/\" \/>\n<meta property=\"og:site_name\" content=\"OMANI VI\u1ec6T NAM\" \/>\n<meta property=\"article:modified_time\" content=\"2024-07-13T13:54:05+00:00\" \/>\n<meta property=\"og:image\" content=\"https:\/\/sipin.com.vn\/wp-content\/uploads\/2024\/07\/BN030B933H60.png\" \/>\n\t<meta property=\"og:image:width\" content=\"494\" \/>\n\t<meta property=\"og:image:height\" content=\"363\" \/>\n\t<meta property=\"og:image:type\" content=\"image\/png\" \/>\n<meta name=\"twitter:card\" content=\"summary_large_image\" \/>\n<meta name=\"twitter:label1\" content=\"\u01af\u1edbc t\u00ednh th\u1eddi gian \u0111\u1ecdc\" \/>\n\t<meta name=\"twitter:data1\" content=\"2 ph\u00fat\" \/>\n<script type=\"application\/ld+json\" class=\"yoast-schema-graph\">{\"@context\":\"https:\/\/schema.org\",\"@graph\":[{\"@type\":\"WebPage\",\"@id\":\"https:\/\/sipin.com.vn\/index.php\/product\/mitsubishi-bn030b933h60\/\",\"url\":\"https:\/\/sipin.com.vn\/index.php\/product\/mitsubishi-bn030b933h60\/\",\"name\":\"MITSUBISHI BN030B933H60 - OMANI VI\u1ec6T NAM\",\"isPartOf\":{\"@id\":\"https:\/\/sipin.com.vn\/#website\"},\"primaryImageOfPage\":{\"@id\":\"https:\/\/sipin.com.vn\/index.php\/product\/mitsubishi-bn030b933h60\/#primaryimage\"},\"image\":{\"@id\":\"https:\/\/sipin.com.vn\/index.php\/product\/mitsubishi-bn030b933h60\/#primaryimage\"},\"thumbnailUrl\":\"https:\/\/sipin.com.vn\/wp-content\/uploads\/2024\/07\/BN030B933H60.png\",\"datePublished\":\"2024-07-09T21:50:11+00:00\",\"dateModified\":\"2024-07-13T13:54:05+00:00\",\"breadcrumb\":{\"@id\":\"https:\/\/sipin.com.vn\/index.php\/product\/mitsubishi-bn030b933h60\/#breadcrumb\"},\"inLanguage\":\"vi\",\"potentialAction\":[{\"@type\":\"ReadAction\",\"target\":[\"https:\/\/sipin.com.vn\/index.php\/product\/mitsubishi-bn030b933h60\/\"]}]},{\"@type\":\"ImageObject\",\"inLanguage\":\"vi\",\"@id\":\"https:\/\/sipin.com.vn\/index.php\/product\/mitsubishi-bn030b933h60\/#primaryimage\",\"url\":\"https:\/\/sipin.com.vn\/wp-content\/uploads\/2024\/07\/BN030B933H60.png\",\"contentUrl\":\"https:\/\/sipin.com.vn\/wp-content\/uploads\/2024\/07\/BN030B933H60.png\",\"width\":494,\"height\":363},{\"@type\":\"BreadcrumbList\",\"@id\":\"https:\/\/sipin.com.vn\/index.php\/product\/mitsubishi-bn030b933h60\/#breadcrumb\",\"itemListElement\":[{\"@type\":\"ListItem\",\"position\":1,\"name\":\"Home\",\"item\":\"https:\/\/sipin.com.vn\/\"},{\"@type\":\"ListItem\",\"position\":2,\"name\":\"S\u1ea2N PH\u1ea8M\",\"item\":\"https:\/\/sipin.com.vn\/index.php\/cua-hang\/\"},{\"@type\":\"ListItem\",\"position\":3,\"name\":\"MITSUBISHI BN030B933H60\"}]},{\"@type\":\"WebSite\",\"@id\":\"https:\/\/sipin.com.vn\/#website\",\"url\":\"https:\/\/sipin.com.vn\/\",\"name\":\"OMANI VI\u1ec6T NAM\",\"description\":\"Nh\u00e0 ph\u00e2n ph\u1ed1i thi\u1ebft b\u1ecb kh\u00ed n\u00e9n v\u00e0 thi\u1ebft b\u1ecb t\u1ef1 \u0111\u1ed9ng h\u00f3a trong c\u00f4ng nghi\u1ec7p\",\"publisher\":{\"@id\":\"https:\/\/sipin.com.vn\/#\/schema\/person\/0ad398a980dc3fd696111c2c5c8fa897\"},\"potentialAction\":[{\"@type\":\"SearchAction\",\"target\":{\"@type\":\"EntryPoint\",\"urlTemplate\":\"https:\/\/sipin.com.vn\/?s={search_term_string}\"},\"query-input\":\"required name=search_term_string\"}],\"inLanguage\":\"vi\"},{\"@type\":[\"Person\",\"Organization\"],\"@id\":\"https:\/\/sipin.com.vn\/#\/schema\/person\/0ad398a980dc3fd696111c2c5c8fa897\",\"name\":\"Nguy\u1ec5n V\u0103n Kh\u00e1nh\",\"image\":{\"@type\":\"ImageObject\",\"inLanguage\":\"vi\",\"@id\":\"https:\/\/sipin.com.vn\/#\/schema\/person\/image\/\",\"url\":\"https:\/\/sipin.com.vn\/wp-content\/uploads\/2024\/06\/logo-1024x1024.png\",\"contentUrl\":\"https:\/\/sipin.com.vn\/wp-content\/uploads\/2024\/06\/logo-1024x1024.png\",\"width\":1024,\"height\":1024,\"caption\":\"Nguy\u1ec5n V\u0103n Kh\u00e1nh\"},\"logo\":{\"@id\":\"https:\/\/sipin.com.vn\/#\/schema\/person\/image\/\"},\"sameAs\":[\"https:\/\/sipin.com.vn\"]}]}<\/script>\n<!-- \/ Yoast SEO plugin. -->","yoast_head_json":{"title":"MITSUBISHI BN030B933H60 - OMANI VI\u1ec6T NAM","robots":{"index":"index","follow":"follow","max-snippet":"max-snippet:-1","max-image-preview":"max-image-preview:large","max-video-preview":"max-video-preview:-1"},"canonical":"https:\/\/sipin.com.vn\/index.php\/product\/mitsubishi-bn030b933h60\/","og_locale":"vi_VN","og_type":"article","og_title":"MITSUBISHI BN030B933H60 - OMANI VI\u1ec6T NAM","og_description":"MITSUBISHI BN030B933H60 MITSUBISHI OSA18-130 Encoder\u00a0BN030B933H60 cho \u0111\u1ed9ng c\u01a1 HF-SP81MK-S12 1.Th\u00f4ng tin s\u1ea3n ph\u1ea9m (Mitsubishi BN030B933H60) B\u1ed9 m\u00e3 h\u00f3a Mitsubishi OSA18-100 c\u00f3 kh\u1ea3 n\u0103ng \u0111\u1ebfm t\u1edbi 100.000 xung v\u00e0 \u0111\u01b0\u1ee3c s\u1eed d\u1ee5ng ph\u1ed5 bi\u1ebfn trong nhi\u1ec1u \u1ee9ng d\u1ee5ng kh\u00e1c nhau. B\u1ed9 m\u00e3 h\u00f3a Mitsubishi OSA24R-C10 c\u0169ng c\u00f3 s\u1eb5n, \u0111\u00e1p \u1ee9ng c\u00e1c&hellip;","og_url":"https:\/\/sipin.com.vn\/index.php\/product\/mitsubishi-bn030b933h60\/","og_site_name":"OMANI VI\u1ec6T NAM","article_modified_time":"2024-07-13T13:54:05+00:00","og_image":[{"width":494,"height":363,"url":"https:\/\/sipin.com.vn\/wp-content\/uploads\/2024\/07\/BN030B933H60.png","type":"image\/png"}],"twitter_card":"summary_large_image","twitter_misc":{"\u01af\u1edbc t\u00ednh th\u1eddi gian \u0111\u1ecdc":"2 ph\u00fat"},"schema":{"@context":"https:\/\/schema.org","@graph":[{"@type":"WebPage","@id":"https:\/\/sipin.com.vn\/index.php\/product\/mitsubishi-bn030b933h60\/","url":"https:\/\/sipin.com.vn\/index.php\/product\/mitsubishi-bn030b933h60\/","name":"MITSUBISHI BN030B933H60 - OMANI VI\u1ec6T NAM","isPartOf":{"@id":"https:\/\/sipin.com.vn\/#website"},"primaryImageOfPage":{"@id":"https:\/\/sipin.com.vn\/index.php\/product\/mitsubishi-bn030b933h60\/#primaryimage"},"image":{"@id":"https:\/\/sipin.com.vn\/index.php\/product\/mitsubishi-bn030b933h60\/#primaryimage"},"thumbnailUrl":"https:\/\/sipin.com.vn\/wp-content\/uploads\/2024\/07\/BN030B933H60.png","datePublished":"2024-07-09T21:50:11+00:00","dateModified":"2024-07-13T13:54:05+00:00","breadcrumb":{"@id":"https:\/\/sipin.com.vn\/index.php\/product\/mitsubishi-bn030b933h60\/#breadcrumb"},"inLanguage":"vi","potentialAction":[{"@type":"ReadAction","target":["https:\/\/sipin.com.vn\/index.php\/product\/mitsubishi-bn030b933h60\/"]}]},{"@type":"ImageObject","inLanguage":"vi","@id":"https:\/\/sipin.com.vn\/index.php\/product\/mitsubishi-bn030b933h60\/#primaryimage","url":"https:\/\/sipin.com.vn\/wp-content\/uploads\/2024\/07\/BN030B933H60.png","contentUrl":"https:\/\/sipin.com.vn\/wp-content\/uploads\/2024\/07\/BN030B933H60.png","width":494,"height":363},{"@type":"BreadcrumbList","@id":"https:\/\/sipin.com.vn\/index.php\/product\/mitsubishi-bn030b933h60\/#breadcrumb","itemListElement":[{"@type":"ListItem","position":1,"name":"Home","item":"https:\/\/sipin.com.vn\/"},{"@type":"ListItem","position":2,"name":"S\u1ea2N PH\u1ea8M","item":"https:\/\/sipin.com.vn\/index.php\/cua-hang\/"},{"@type":"ListItem","position":3,"name":"MITSUBISHI BN030B933H60"}]},{"@type":"WebSite","@id":"https:\/\/sipin.com.vn\/#website","url":"https:\/\/sipin.com.vn\/","name":"OMANI VI\u1ec6T NAM","description":"Nh\u00e0 ph\u00e2n ph\u1ed1i thi\u1ebft b\u1ecb kh\u00ed n\u00e9n v\u00e0 thi\u1ebft b\u1ecb t\u1ef1 \u0111\u1ed9ng h\u00f3a trong c\u00f4ng nghi\u1ec7p","publisher":{"@id":"https:\/\/sipin.com.vn\/#\/schema\/person\/0ad398a980dc3fd696111c2c5c8fa897"},"potentialAction":[{"@type":"SearchAction","target":{"@type":"EntryPoint","urlTemplate":"https:\/\/sipin.com.vn\/?s={search_term_string}"},"query-input":"required name=search_term_string"}],"inLanguage":"vi"},{"@type":["Person","Organization"],"@id":"https:\/\/sipin.com.vn\/#\/schema\/person\/0ad398a980dc3fd696111c2c5c8fa897","name":"Nguy\u1ec5n V\u0103n Kh\u00e1nh","image":{"@type":"ImageObject","inLanguage":"vi","@id":"https:\/\/sipin.com.vn\/#\/schema\/person\/image\/","url":"https:\/\/sipin.com.vn\/wp-content\/uploads\/2024\/06\/logo-1024x1024.png","contentUrl":"https:\/\/sipin.com.vn\/wp-content\/uploads\/2024\/06\/logo-1024x1024.png","width":1024,"height":1024,"caption":"Nguy\u1ec5n V\u0103n Kh\u00e1nh"},"logo":{"@id":"https:\/\/sipin.com.vn\/#\/schema\/person\/image\/"},"sameAs":["https:\/\/sipin.com.vn"]}]}},"_links":{"self":[{"href":"https:\/\/sipin.com.vn\/index.php\/wp-json\/wp\/v2\/product\/1048","targetHints":{"allow":["GET"]}}],"collection":[{"href":"https:\/\/sipin.com.vn\/index.php\/wp-json\/wp\/v2\/product"}],"about":[{"href":"https:\/\/sipin.com.vn\/index.php\/wp-json\/wp\/v2\/types\/product"}],"replies":[{"embeddable":true,"href":"https:\/\/sipin.com.vn\/index.php\/wp-json\/wp\/v2\/comments?post=1048"}],"wp:featuredmedia":[{"embeddable":true,"href":"https:\/\/sipin.com.vn\/index.php\/wp-json\/wp\/v2\/media\/1049"}],"wp:attachment":[{"href":"https:\/\/sipin.com.vn\/index.php\/wp-json\/wp\/v2\/media?parent=1048"}],"wp:term":[{"taxonomy":"product_cat","embeddable":true,"href":"https:\/\/sipin.com.vn\/index.php\/wp-json\/wp\/v2\/product_cat?post=1048"},{"taxonomy":"product_tag","embeddable":true,"href":"https:\/\/sipin.com.vn\/index.php\/wp-json\/wp\/v2\/product_tag?post=1048"}],"curies":[{"name":"wp","href":"https:\/\/api.w.org\/{rel}","templated":true}]}}