{"id":1042,"date":"2024-07-09T05:44:02","date_gmt":"2024-07-08T22:44:02","guid":{"rendered":"https:\/\/omanivietnam.com\/?post_type=product&#038;p=1042"},"modified":"2024-07-13T20:41:28","modified_gmt":"2024-07-13T13:41:28","slug":"sick-dbs36e-s3ak02500","status":"publish","type":"product","link":"https:\/\/sipin.com.vn\/index.php\/product\/sick-dbs36e-s3ak02500\/","title":{"rendered":"SICK DBS36E-S3AK02500"},"content":{"rendered":"<p>SICK DBS36E-S3AK02500<\/p>\n<p>Encoder 2500 xung Sick DBS36E-S3AK02500<\/p>\n<p>1. Th\u00f4ng tin s\u1ea3n ph\u1ea9m (Sick DBS36E-S3AK02500)<\/p>\n<p>B\u1ed9 m\u00e3 h\u00f3a t\u01b0\u01a1ng \u0111\u1ed1i DBS36E Core c\u00f3 t\u00ednh linh ho\u1ea1t c\u01a1 h\u1ecdc cao \u1ea5n t\u01b0\u1ee3ng, \u0111\u1eb7c t\u00ednh k\u1ef9 thu\u1eadt tuy\u1ec7t v\u1eddi v\u00e0 m\u1ed9t s\u1ed1 bi\u1ebfn th\u1ec3.<\/p>\n<ul>\n<li>K\u1ebft n\u1ed1i v\u1edbi jack c\u1eafm c\u00e1p \u0111a n\u0103ng<\/li>\n<li>M\u1eb7t b\u00edch g\u1eafn m\u1eb7t v\u1edbi tr\u1ee5c \u0111\u1eb7c 8 mm<\/li>\n<li>M\u1eb7t b\u00edch g\u1eafn m\u1eb7t v\u1edbi 2 m\u1eabu l\u1ed7 l\u1eafp v\u00e0 r\u00e3nh servo<\/li>\n<li>\u0110\u01b0\u1eddng k\u00ednh v\u1ecf nh\u1ecf g\u1ecdn 37 mm v\u1edbi \u0111\u1ed9 s\u00e2u x\u00e2y d\u1ef1ng nh\u1ecf g\u1ecdn, \u0111\u01b0\u1eddng k\u00ednh m\u1eb7t b\u00edch 50 mm<\/li>\n<li>C\u00e1c giao ti\u1ebfp \u0111i\u1ec7n kh\u00e1c nhau: TTL\/RS-422, HTL\/Push Pull v\u00e0 NPN Collector NO<\/li>\n<li>S\u1ed1 xung c\u00f3 th\u1ec3 t\u1eeb 10 \u0111\u1ebfn 2.500<\/li>\n<li>Ph\u1ea1m vi nhi\u1ec7t \u0111\u1ed9: \u201320 \u00b0C\u2026 +85 \u00b0C<\/li>\n<li>C\u1ea5p \u0111\u1ed9 b\u1ea3o v\u1ec7: IP 65<\/li>\n<\/ul>\n<p>2 . C\u00e1c thi\u1ebft b\u1ecb t\u01b0\u01a1ng t\u1ef1 (Sick DBS36E-S3AK02500)<\/p>\n<p>DBS50E-S5AK02048<\/p>\n<p>DBS36E-S3AK02500<\/p>\n<p>DBS36E-S8EK00200<\/p>\n<p>DBS36E-S8EK00200<\/p>\n<p>DBS50E-S5EK01024<\/p>\n<p>DBS36E-BBAK02500<\/p>\n<div class=\"s-item__title\"><span role=\"heading\">DBS50E-S5EK02500<\/span><\/div>\n<table>\n<tbody>\n<tr>\n<td>Mechanical design<\/td>\n<td>Solid shaft, face mount flange<\/td>\n<\/tr>\n<tr>\n<td>Shaft diameter<\/td>\n<td>6\u00a0mm<\/td>\n<\/tr>\n<tr>\n<td>Shaft length<\/td>\n<td>12\u00a0mm<\/td>\n<\/tr>\n<tr>\n<td>Weight<\/td>\n<td>+\u00a0150\u00a0g (with connecting cable)<\/td>\n<\/tr>\n<tr>\n<td>Shaft\u00a0material<\/td>\n<td>Stainless steel<\/td>\n<\/tr>\n<tr>\n<td>Flange material<\/td>\n<td>Aluminum<\/td>\n<\/tr>\n<tr>\n<td>Housing material<\/td>\n<td>Aluminum<\/td>\n<\/tr>\n<tr>\n<td>Material, cable<\/td>\n<td>PVC<\/td>\n<\/tr>\n<tr>\n<td>Start up torque<\/td>\n<td>+\u00a00.5\u00a0Ncm (+20\u00a0\u00b0C)<\/td>\n<\/tr>\n<tr>\n<td>Operating torque<\/td>\n<td>0.4\u00a0Ncm (+20\u00a0\u00b0C)<\/td>\n<\/tr>\n<tr>\n<td>Permissible shaft loading<\/td>\n<td>40\u00a0N (radial)\u00a0<sup>1)<\/sup><\/p>\n<p>20\u00a0N (axial)<\/td>\n<\/tr>\n<tr>\n<td>Operating speed<\/td>\n<td>6,000\u00a0min\u207b\u00b9\u00a0<sup>2)<\/sup><\/td>\n<\/tr>\n<tr>\n<td>Maximum operating speed<\/td>\n<td>\u2264\u00a08,000\u00a0min\u207b\u00b9\u00a0<sup>3)<\/sup><\/td>\n<\/tr>\n<tr>\n<td>Moment of inertia of the rotor<\/td>\n<td>0.6\u00a0gcm\u00b2<\/td>\n<\/tr>\n<tr>\n<td>Bearing lifetime<\/td>\n<td>2\u00a0x 10^9\u00a0revolutions<\/td>\n<\/tr>\n<tr>\n<td>Angular acceleration<\/td>\n<td>\u2264\u00a0500,000\u00a0rad\/s\u00b2<\/td>\n<\/tr>\n<\/tbody>\n<\/table>\n<div class=\"footnote\">\n<p><sup>1)<\/sup>\u00a0Higher values are possible using limited bearing life.<\/p>\n<p><sup>2)<\/sup>\u00a0Allow for self-heating of 3.3\u00a0K per 1,000\u00a0rpm when designing the operating temperature range.<\/p>\n<p><sup>3)<\/sup>\u00a0No permanent operation. Decreasing signal quality.<\/p>\n<\/div>\n<table>\n<tbody>\n<tr>\n<td>Connection type<\/td>\n<td>Cable, 8-wire, universal, 1.5\u00a0m<\/td>\n<\/tr>\n<tr>\n<td>Supply voltage<\/td>\n<td>4.5\u00a0&#8230; 5.5\u00a0V<\/td>\n<\/tr>\n<tr>\n<td>Reference signal, number<\/td>\n<td>1<\/td>\n<\/tr>\n<tr>\n<td>Reference signal, position<\/td>\n<td>90\u00b0, electric, logically gated with A and B<\/td>\n<\/tr>\n<tr>\n<td>Short-circuit protection of the outputs<\/td>\n<td>\u2714\u00a0<sup>1)<\/sup><\/td>\n<\/tr>\n<tr>\n<td>MTTFd: mean time to dangerous failure<\/td>\n<td>600\u00a0years (EN\u00a0ISO\u00a013849-1)\u00a0<sup>2)<\/sup><\/td>\n<\/tr>\n<\/tbody>\n<\/table>\n<p>&nbsp;<\/p>\n<p>\u0110\u1ea1i l\u00fd SICK vietnam, SICK viet nam, SICK vietnam distributor, Ph\u00e2n ph\u1ed1i SICK t\u1ea1i vi\u1ec7t nam<\/p>\n<p>\u0110\u1ea1i l\u00fd SICK vietnam, SICK viet nam, SICK vietnam distributor, Ph\u00e2n ph\u1ed1i SICK t\u1ea1i vi\u1ec7t nam<\/p>\n<p>\u0110\u1ea1i l\u00fd SICK vietnam, SICK viet nam, SICK vietnam distributor, Ph\u00e2n ph\u1ed1i SICK t\u1ea1i vi\u1ec7t nam<\/p>\n<p>\u0110\u1ea1i l\u00fd SICK vietnam, SICK viet nam, SICK vietnam distributor, Ph\u00e2n ph\u1ed1i SICK t\u1ea1i vi\u1ec7t nam<\/p>\n<p>\u0110\u1ea1i l\u00fd SICK vietnam, SICK viet nam, SICK vietnam distributor, Ph\u00e2n ph\u1ed1i SICK t\u1ea1i vi\u1ec7t nam<\/p>\n","protected":false},"excerpt":{"rendered":"<p>SICK DBS36E-S3AK02500 Encoder 2500 xung Sick DBS36E-S3AK02500 1. Th\u00f4ng tin s\u1ea3n ph\u1ea9m (Sick DBS36E-S3AK02500) B\u1ed9 m\u00e3 h\u00f3a t\u01b0\u01a1ng \u0111\u1ed1i DBS36E Core c\u00f3 t\u00ednh linh ho\u1ea1t c\u01a1 h\u1ecdc cao \u1ea5n t\u01b0\u1ee3ng, \u0111\u1eb7c t\u00ednh k\u1ef9 thu\u1eadt tuy\u1ec7t v\u1eddi v\u00e0 m\u1ed9t s\u1ed1 bi\u1ebfn th\u1ec3. K\u1ebft n\u1ed1i v\u1edbi jack c\u1eafm c\u00e1p \u0111a n\u0103ng M\u1eb7t&hellip; <\/p>\n","protected":false},"featured_media":1043,"comment_status":"open","ping_status":"closed","template":"","meta":{"om_disable_all_campaigns":false,"_monsterinsights_skip_tracking":false,"_monsterinsights_sitenote_active":false,"_monsterinsights_sitenote_note":"","_monsterinsights_sitenote_category":0},"product_cat":[15],"product_tag":[88,89,90],"class_list":{"0":"post-1042","1":"product","2":"type-product","3":"status-publish","4":"has-post-thumbnail","6":"product_cat-apex","7":"product_tag-cam-bien","8":"product_tag-dai-ly-sick-viet-nam","9":"product_tag-sick-viet-nam","11":"first","12":"instock","13":"shipping-taxable","14":"product-type-simple"},"aioseo_notices":[],"yoast_head":"<!-- This site is optimized with the Yoast SEO plugin v22.8 - https:\/\/yoast.com\/wordpress\/plugins\/seo\/ -->\n<title>SICK DBS36E-S3AK02500 - OMANI VI\u1ec6T NAM<\/title>\n<meta name=\"robots\" content=\"index, follow, max-snippet:-1, max-image-preview:large, max-video-preview:-1\" \/>\n<link rel=\"canonical\" href=\"https:\/\/sipin.com.vn\/index.php\/product\/sick-dbs36e-s3ak02500\/\" \/>\n<meta property=\"og:locale\" content=\"vi_VN\" \/>\n<meta property=\"og:type\" content=\"article\" \/>\n<meta property=\"og:title\" content=\"SICK DBS36E-S3AK02500 - OMANI VI\u1ec6T NAM\" \/>\n<meta property=\"og:description\" content=\"SICK DBS36E-S3AK02500 Encoder 2500 xung Sick DBS36E-S3AK02500 1. Th\u00f4ng tin s\u1ea3n ph\u1ea9m (Sick DBS36E-S3AK02500) B\u1ed9 m\u00e3 h\u00f3a t\u01b0\u01a1ng \u0111\u1ed1i DBS36E Core c\u00f3 t\u00ednh linh ho\u1ea1t c\u01a1 h\u1ecdc cao \u1ea5n t\u01b0\u1ee3ng, \u0111\u1eb7c t\u00ednh k\u1ef9 thu\u1eadt tuy\u1ec7t v\u1eddi v\u00e0 m\u1ed9t s\u1ed1 bi\u1ebfn th\u1ec3. K\u1ebft n\u1ed1i v\u1edbi jack c\u1eafm c\u00e1p \u0111a n\u0103ng M\u1eb7t&hellip;\" \/>\n<meta property=\"og:url\" content=\"https:\/\/sipin.com.vn\/index.php\/product\/sick-dbs36e-s3ak02500\/\" \/>\n<meta property=\"og:site_name\" content=\"OMANI VI\u1ec6T NAM\" \/>\n<meta property=\"article:modified_time\" content=\"2024-07-13T13:41:28+00:00\" \/>\n<meta property=\"og:image\" content=\"https:\/\/sipin.com.vn\/wp-content\/uploads\/2024\/07\/DBS36E-S3AK02500.png\" \/>\n\t<meta property=\"og:image:width\" content=\"1258\" \/>\n\t<meta property=\"og:image:height\" content=\"924\" \/>\n\t<meta property=\"og:image:type\" content=\"image\/png\" \/>\n<meta name=\"twitter:card\" content=\"summary_large_image\" \/>\n<meta name=\"twitter:label1\" content=\"\u01af\u1edbc t\u00ednh th\u1eddi gian \u0111\u1ecdc\" \/>\n\t<meta name=\"twitter:data1\" content=\"3 ph\u00fat\" \/>\n<script type=\"application\/ld+json\" class=\"yoast-schema-graph\">{\"@context\":\"https:\/\/schema.org\",\"@graph\":[{\"@type\":\"WebPage\",\"@id\":\"https:\/\/sipin.com.vn\/index.php\/product\/sick-dbs36e-s3ak02500\/\",\"url\":\"https:\/\/sipin.com.vn\/index.php\/product\/sick-dbs36e-s3ak02500\/\",\"name\":\"SICK DBS36E-S3AK02500 - OMANI VI\u1ec6T NAM\",\"isPartOf\":{\"@id\":\"https:\/\/sipin.com.vn\/#website\"},\"primaryImageOfPage\":{\"@id\":\"https:\/\/sipin.com.vn\/index.php\/product\/sick-dbs36e-s3ak02500\/#primaryimage\"},\"image\":{\"@id\":\"https:\/\/sipin.com.vn\/index.php\/product\/sick-dbs36e-s3ak02500\/#primaryimage\"},\"thumbnailUrl\":\"https:\/\/sipin.com.vn\/wp-content\/uploads\/2024\/07\/DBS36E-S3AK02500.png\",\"datePublished\":\"2024-07-08T22:44:02+00:00\",\"dateModified\":\"2024-07-13T13:41:28+00:00\",\"breadcrumb\":{\"@id\":\"https:\/\/sipin.com.vn\/index.php\/product\/sick-dbs36e-s3ak02500\/#breadcrumb\"},\"inLanguage\":\"vi\",\"potentialAction\":[{\"@type\":\"ReadAction\",\"target\":[\"https:\/\/sipin.com.vn\/index.php\/product\/sick-dbs36e-s3ak02500\/\"]}]},{\"@type\":\"ImageObject\",\"inLanguage\":\"vi\",\"@id\":\"https:\/\/sipin.com.vn\/index.php\/product\/sick-dbs36e-s3ak02500\/#primaryimage\",\"url\":\"https:\/\/sipin.com.vn\/wp-content\/uploads\/2024\/07\/DBS36E-S3AK02500.png\",\"contentUrl\":\"https:\/\/sipin.com.vn\/wp-content\/uploads\/2024\/07\/DBS36E-S3AK02500.png\",\"width\":1258,\"height\":924},{\"@type\":\"BreadcrumbList\",\"@id\":\"https:\/\/sipin.com.vn\/index.php\/product\/sick-dbs36e-s3ak02500\/#breadcrumb\",\"itemListElement\":[{\"@type\":\"ListItem\",\"position\":1,\"name\":\"Home\",\"item\":\"https:\/\/sipin.com.vn\/\"},{\"@type\":\"ListItem\",\"position\":2,\"name\":\"S\u1ea2N PH\u1ea8M\",\"item\":\"https:\/\/sipin.com.vn\/index.php\/cua-hang\/\"},{\"@type\":\"ListItem\",\"position\":3,\"name\":\"SICK DBS36E-S3AK02500\"}]},{\"@type\":\"WebSite\",\"@id\":\"https:\/\/sipin.com.vn\/#website\",\"url\":\"https:\/\/sipin.com.vn\/\",\"name\":\"OMANI VI\u1ec6T NAM\",\"description\":\"Nh\u00e0 ph\u00e2n ph\u1ed1i thi\u1ebft b\u1ecb kh\u00ed n\u00e9n v\u00e0 thi\u1ebft b\u1ecb t\u1ef1 \u0111\u1ed9ng h\u00f3a trong c\u00f4ng nghi\u1ec7p\",\"publisher\":{\"@id\":\"https:\/\/sipin.com.vn\/#\/schema\/person\/0ad398a980dc3fd696111c2c5c8fa897\"},\"potentialAction\":[{\"@type\":\"SearchAction\",\"target\":{\"@type\":\"EntryPoint\",\"urlTemplate\":\"https:\/\/sipin.com.vn\/?s={search_term_string}\"},\"query-input\":\"required name=search_term_string\"}],\"inLanguage\":\"vi\"},{\"@type\":[\"Person\",\"Organization\"],\"@id\":\"https:\/\/sipin.com.vn\/#\/schema\/person\/0ad398a980dc3fd696111c2c5c8fa897\",\"name\":\"Nguy\u1ec5n V\u0103n Kh\u00e1nh\",\"image\":{\"@type\":\"ImageObject\",\"inLanguage\":\"vi\",\"@id\":\"https:\/\/sipin.com.vn\/#\/schema\/person\/image\/\",\"url\":\"https:\/\/sipin.com.vn\/wp-content\/uploads\/2024\/06\/logo-1024x1024.png\",\"contentUrl\":\"https:\/\/sipin.com.vn\/wp-content\/uploads\/2024\/06\/logo-1024x1024.png\",\"width\":1024,\"height\":1024,\"caption\":\"Nguy\u1ec5n V\u0103n Kh\u00e1nh\"},\"logo\":{\"@id\":\"https:\/\/sipin.com.vn\/#\/schema\/person\/image\/\"},\"sameAs\":[\"https:\/\/sipin.com.vn\"]}]}<\/script>\n<!-- \/ Yoast SEO plugin. -->","yoast_head_json":{"title":"SICK DBS36E-S3AK02500 - OMANI VI\u1ec6T NAM","robots":{"index":"index","follow":"follow","max-snippet":"max-snippet:-1","max-image-preview":"max-image-preview:large","max-video-preview":"max-video-preview:-1"},"canonical":"https:\/\/sipin.com.vn\/index.php\/product\/sick-dbs36e-s3ak02500\/","og_locale":"vi_VN","og_type":"article","og_title":"SICK DBS36E-S3AK02500 - OMANI VI\u1ec6T NAM","og_description":"SICK DBS36E-S3AK02500 Encoder 2500 xung Sick DBS36E-S3AK02500 1. Th\u00f4ng tin s\u1ea3n ph\u1ea9m (Sick DBS36E-S3AK02500) B\u1ed9 m\u00e3 h\u00f3a t\u01b0\u01a1ng \u0111\u1ed1i DBS36E Core c\u00f3 t\u00ednh linh ho\u1ea1t c\u01a1 h\u1ecdc cao \u1ea5n t\u01b0\u1ee3ng, \u0111\u1eb7c t\u00ednh k\u1ef9 thu\u1eadt tuy\u1ec7t v\u1eddi v\u00e0 m\u1ed9t s\u1ed1 bi\u1ebfn th\u1ec3. K\u1ebft n\u1ed1i v\u1edbi jack c\u1eafm c\u00e1p \u0111a n\u0103ng M\u1eb7t&hellip;","og_url":"https:\/\/sipin.com.vn\/index.php\/product\/sick-dbs36e-s3ak02500\/","og_site_name":"OMANI VI\u1ec6T NAM","article_modified_time":"2024-07-13T13:41:28+00:00","og_image":[{"width":1258,"height":924,"url":"https:\/\/sipin.com.vn\/wp-content\/uploads\/2024\/07\/DBS36E-S3AK02500.png","type":"image\/png"}],"twitter_card":"summary_large_image","twitter_misc":{"\u01af\u1edbc t\u00ednh th\u1eddi gian \u0111\u1ecdc":"3 ph\u00fat"},"schema":{"@context":"https:\/\/schema.org","@graph":[{"@type":"WebPage","@id":"https:\/\/sipin.com.vn\/index.php\/product\/sick-dbs36e-s3ak02500\/","url":"https:\/\/sipin.com.vn\/index.php\/product\/sick-dbs36e-s3ak02500\/","name":"SICK DBS36E-S3AK02500 - OMANI VI\u1ec6T NAM","isPartOf":{"@id":"https:\/\/sipin.com.vn\/#website"},"primaryImageOfPage":{"@id":"https:\/\/sipin.com.vn\/index.php\/product\/sick-dbs36e-s3ak02500\/#primaryimage"},"image":{"@id":"https:\/\/sipin.com.vn\/index.php\/product\/sick-dbs36e-s3ak02500\/#primaryimage"},"thumbnailUrl":"https:\/\/sipin.com.vn\/wp-content\/uploads\/2024\/07\/DBS36E-S3AK02500.png","datePublished":"2024-07-08T22:44:02+00:00","dateModified":"2024-07-13T13:41:28+00:00","breadcrumb":{"@id":"https:\/\/sipin.com.vn\/index.php\/product\/sick-dbs36e-s3ak02500\/#breadcrumb"},"inLanguage":"vi","potentialAction":[{"@type":"ReadAction","target":["https:\/\/sipin.com.vn\/index.php\/product\/sick-dbs36e-s3ak02500\/"]}]},{"@type":"ImageObject","inLanguage":"vi","@id":"https:\/\/sipin.com.vn\/index.php\/product\/sick-dbs36e-s3ak02500\/#primaryimage","url":"https:\/\/sipin.com.vn\/wp-content\/uploads\/2024\/07\/DBS36E-S3AK02500.png","contentUrl":"https:\/\/sipin.com.vn\/wp-content\/uploads\/2024\/07\/DBS36E-S3AK02500.png","width":1258,"height":924},{"@type":"BreadcrumbList","@id":"https:\/\/sipin.com.vn\/index.php\/product\/sick-dbs36e-s3ak02500\/#breadcrumb","itemListElement":[{"@type":"ListItem","position":1,"name":"Home","item":"https:\/\/sipin.com.vn\/"},{"@type":"ListItem","position":2,"name":"S\u1ea2N PH\u1ea8M","item":"https:\/\/sipin.com.vn\/index.php\/cua-hang\/"},{"@type":"ListItem","position":3,"name":"SICK DBS36E-S3AK02500"}]},{"@type":"WebSite","@id":"https:\/\/sipin.com.vn\/#website","url":"https:\/\/sipin.com.vn\/","name":"OMANI VI\u1ec6T NAM","description":"Nh\u00e0 ph\u00e2n ph\u1ed1i thi\u1ebft b\u1ecb kh\u00ed n\u00e9n v\u00e0 thi\u1ebft b\u1ecb t\u1ef1 \u0111\u1ed9ng h\u00f3a trong c\u00f4ng nghi\u1ec7p","publisher":{"@id":"https:\/\/sipin.com.vn\/#\/schema\/person\/0ad398a980dc3fd696111c2c5c8fa897"},"potentialAction":[{"@type":"SearchAction","target":{"@type":"EntryPoint","urlTemplate":"https:\/\/sipin.com.vn\/?s={search_term_string}"},"query-input":"required name=search_term_string"}],"inLanguage":"vi"},{"@type":["Person","Organization"],"@id":"https:\/\/sipin.com.vn\/#\/schema\/person\/0ad398a980dc3fd696111c2c5c8fa897","name":"Nguy\u1ec5n V\u0103n Kh\u00e1nh","image":{"@type":"ImageObject","inLanguage":"vi","@id":"https:\/\/sipin.com.vn\/#\/schema\/person\/image\/","url":"https:\/\/sipin.com.vn\/wp-content\/uploads\/2024\/06\/logo-1024x1024.png","contentUrl":"https:\/\/sipin.com.vn\/wp-content\/uploads\/2024\/06\/logo-1024x1024.png","width":1024,"height":1024,"caption":"Nguy\u1ec5n V\u0103n Kh\u00e1nh"},"logo":{"@id":"https:\/\/sipin.com.vn\/#\/schema\/person\/image\/"},"sameAs":["https:\/\/sipin.com.vn"]}]}},"_links":{"self":[{"href":"https:\/\/sipin.com.vn\/index.php\/wp-json\/wp\/v2\/product\/1042","targetHints":{"allow":["GET"]}}],"collection":[{"href":"https:\/\/sipin.com.vn\/index.php\/wp-json\/wp\/v2\/product"}],"about":[{"href":"https:\/\/sipin.com.vn\/index.php\/wp-json\/wp\/v2\/types\/product"}],"replies":[{"embeddable":true,"href":"https:\/\/sipin.com.vn\/index.php\/wp-json\/wp\/v2\/comments?post=1042"}],"wp:featuredmedia":[{"embeddable":true,"href":"https:\/\/sipin.com.vn\/index.php\/wp-json\/wp\/v2\/media\/1043"}],"wp:attachment":[{"href":"https:\/\/sipin.com.vn\/index.php\/wp-json\/wp\/v2\/media?parent=1042"}],"wp:term":[{"taxonomy":"product_cat","embeddable":true,"href":"https:\/\/sipin.com.vn\/index.php\/wp-json\/wp\/v2\/product_cat?post=1042"},{"taxonomy":"product_tag","embeddable":true,"href":"https:\/\/sipin.com.vn\/index.php\/wp-json\/wp\/v2\/product_tag?post=1042"}],"curies":[{"name":"wp","href":"https:\/\/api.w.org\/{rel}","templated":true}]}}