{"id":1040,"date":"2024-07-09T05:38:40","date_gmt":"2024-07-08T22:38:40","guid":{"rendered":"https:\/\/omanivietnam.com\/?post_type=product&#038;p=1040"},"modified":"2024-07-13T16:44:28","modified_gmt":"2024-07-13T09:44:28","slug":"keyence-pz-m51","status":"publish","type":"product","link":"https:\/\/sipin.com.vn\/index.php\/product\/keyence-pz-m51\/","title":{"rendered":"KEYENCE PZ-M51"},"content":{"rendered":"<p>KEYENCE PZ-M51<\/p>\n<p>Lo\u1ea1i \u0111\u1ea7u c\u00e1p truy\u1ec1n ph\u00e1t \u0111\u1ed9c l\u1eadp d\u1ea1ng h\u00ecnh ch\u1eef nh\u1eadt NPN<\/p>\n<h2 class=\"prd-utility-heading-3 prd-utility-marginBottom-7\">Th\u00f4ng s\u1ed1 k\u1ef9 thu\u1eadt<\/h2>\n<div class=\"prd-specsTable prd-utility-focusRing\" style=\"padding: 0px;margin: 0px;color: #484b4c;font-family: myriad-pro, helvetica, Arial, meiryo, sans-serif;font-size: 17px;font-style: normal;font-weight: 400;letter-spacing: normal;text-align: left;text-indent: 0px;text-transform: none;background-color: #fafafa\" data-controller=\"horizontal-scroll-state scroll-to-coord\" data-action=\"resize@window-&gt;horizontal-scroll-state#setOverflowing scroll-&gt;horizontal-scroll-state#setScrolled\" data-horizontal-scroll-state-target=\"container\" data-horizontal-scroll-state-overflowing-class=\"is-overflowing\" data-horizontal-scroll-state-has-scrolled-class=\"is-hasScrolled\" data-scroll-to-coord-target=\"container\">\n<div class=\"prd-utility-body-small\">\n<div class=\"specTable-block\">\n<table class=\"specTable-stibo-3282397\">\n<tbody>\n<tr class=\"specTable-row\">\n<td class=\"specTable-clm-0\" colspan=\"4\">M\u1eabu<\/td>\n<td class=\"specTable-clm-4\">PZ-M51<\/td>\n<\/tr>\n<tr class=\"specTable-row\">\n<td class=\"specTable-clm-0\" colspan=\"4\">Lo\u1ea1i<\/td>\n<td class=\"specTable-clm-4\">Thu ph\u00e1t \u0111\u1ed9c l\u1eadp<\/td>\n<\/tr>\n<tr class=\"specTable-row\">\n<td class=\"specTable-clm-0\" colspan=\"4\">Lo\u1ea1i ng\u00f5 ra<\/td>\n<td class=\"specTable-clm-4\">NPN<\/td>\n<\/tr>\n<tr class=\"specTable-row\">\n<td class=\"specTable-clm-0\" colspan=\"4\">Kho\u1ea3ng c\u00e1ch ph\u00e1t hi\u1ec7n<\/td>\n<td class=\"specTable-clm-4\">10 m<sup>*1<\/sup><\/td>\n<\/tr>\n<tr class=\"specTable-row\">\n<td class=\"specTable-clm-0\" colspan=\"4\">C\u00e0i \u0111\u1eb7t kho\u1ea3ng c\u00e1ch<\/td>\n<td class=\"specTable-clm-4\">\u2015<\/td>\n<\/tr>\n<tr class=\"specTable-row\">\n<td class=\"specTable-clm-0\" colspan=\"4\">Ngu\u1ed3n s\u00e1ng<\/td>\n<td class=\"specTable-clm-4\">\u0110\u00e8n LED m\u00e0u \u0111\u1ecf<\/td>\n<\/tr>\n<tr class=\"specTable-row\">\n<td class=\"specTable-clm-0\" colspan=\"4\">\u0110i\u1ec1u ch\u1ec9nh \u0111\u1ed9 nh\u1ea1y<\/td>\n<td class=\"specTable-clm-4\">T\u1ee5 tinh ch\u1ec9nh 1 v\u00f2ng (230\u00b0)<\/td>\n<\/tr>\n<tr class=\"specTable-row\">\n<td class=\"specTable-clm-0\" colspan=\"4\">Th\u1eddi gian \u0111\u00e1p \u1ee9ng<\/td>\n<td class=\"specTable-clm-4\">T\u1ed1i \u0111a 1,5 ms<\/td>\n<\/tr>\n<tr class=\"specTable-row\">\n<td class=\"specTable-clm-0\" colspan=\"4\">Ch\u1ebf \u0111\u1ed9 v\u1eadn h\u00e0nh<\/td>\n<td class=\"specTable-clm-4\">B\u1eacT-S\u00c1NG\/B\u1eacT-T\u1ed0I (c\u00f4ng t\u1eafc c\u00f3 th\u1ec3 l\u1ef1a ch\u1ecdn)<\/td>\n<\/tr>\n<tr class=\"specTable-row\">\n<td class=\"specTable-clm-0\" colspan=\"4\">\u0110\u00e8n b\u00e1o<\/td>\n<td class=\"specTable-clm-4\">Ng\u00f5 ra v\u00e0 ngu\u1ed3n: \u0110\u00e8n LED m\u00e0u cam, V\u1eadn h\u00e0nh \u1ed5n \u0111\u1ecbnh: \u0110\u00e8n LED m\u00e0u xanh l\u00e1 c\u00e2y<sup>*2<\/sup><\/td>\n<\/tr>\n<tr class=\"specTable-row\">\n<td class=\"specTable-clm-0\" colspan=\"4\">Ng\u00f5 ra \u0111i\u1ec1u khi\u1ec3n<\/td>\n<td class=\"specTable-clm-4\">NPN: C\u1ef1c \u0111\u1ea1i 100 mA (24 V)\/PNP: C\u1ef1c \u0111\u1ea1i 100 mA (24 V), \u0110i\u1ec7n \u00e1p d\u01b0: T\u1ed1i \u0111a 1 V<\/td>\n<\/tr>\n<tr class=\"specTable-row\">\n<td class=\"specTable-clm-0\" colspan=\"4\">M\u00e0n h\u00ecnh k\u1ef9 thu\u1eadt s\u1ed1<\/td>\n<td class=\"specTable-clm-4\">\u2015<\/td>\n<\/tr>\n<tr class=\"specTable-row\">\n<td class=\"specTable-clm-0\" colspan=\"4\">M\u1ea1ch b\u1ea3o v\u1ec7<\/td>\n<td class=\"specTable-clm-4\">C\u1ef1c t\u00ednh ng\u01b0\u1ee3c, b\u1ea3o v\u1ec7 qu\u00e1 d\u00f2ng, b\u1ed9 ch\u1ed1ng s\u00e9t h\u1ea5p th\u1ee5<\/td>\n<\/tr>\n<tr class=\"specTable-row\">\n<td class=\"specTable-clm-0\" rowspan=\"2\">\u0110\u1ecbnh m\u1ee9c<\/td>\n<td class=\"specTable-clm-1\" colspan=\"3\">\u0110i\u1ec7n \u00e1p ngu\u1ed3n<\/td>\n<td class=\"specTable-clm-4\">12 \u0111\u1ebfn 24 VDC \u00b110 %, \u0111\u1ed9 g\u1ee3n (P-P) t\u1eeb 10 % tr\u1edf xu\u1ed1ng<\/td>\n<\/tr>\n<tr class=\"specTable-row\">\n<td class=\"specTable-clm-1\" colspan=\"3\">D\u00f2ng \u0111i\u1ec7n ti\u00eau th\u1ee5 cho B\u1ed9<br \/>\nkhu\u1ebfch \u0111\u1ea1i<\/td>\n<td class=\"specTable-clm-4\">T: C\u1ef1c \u0111\u1ea1i 24 mA , R: C\u1ef1c \u0111\u1ea1i 27 mA<\/td>\n<\/tr>\n<tr class=\"specTable-row\">\n<td class=\"specTable-clm-0\" rowspan=\"6\">Kh\u1ea3 n\u0103ng ch\u1ed1ng ch\u1ecbu v\u1edbi m\u00f4i tr\u01b0\u1eddng<\/td>\n<td class=\"specTable-clm-1\" colspan=\"3\">Ch\u1ec9 s\u1ed1 ch\u1ed1ng ch\u1ecbu th\u1eddi ti\u1ebft cho v\u1ecf b\u1ecdc<\/td>\n<td class=\"specTable-clm-4\">IP67<\/td>\n<\/tr>\n<tr class=\"specTable-row\">\n<td class=\"specTable-clm-1\" colspan=\"3\">\u00c1nh s\u00e1ng m\u00f4i tr\u01b0\u1eddng xung quanh<\/td>\n<td class=\"specTable-clm-4\">\u0110\u00e8n b\u00f3ng tr\u00f2n t\u1ed1i \u0111a 5,000 lux, \u00c1nh s\u00e1ng m\u1eb7t tr\u1eddi: T\u1ed1i \u0111a 20,000 lux<\/td>\n<\/tr>\n<tr class=\"specTable-row\">\n<td class=\"specTable-clm-1\" colspan=\"3\">Nhi\u1ec7t \u0111\u1ed9 m\u00f4i tr\u01b0\u1eddng xung quanh<\/td>\n<td class=\"specTable-clm-4\">-20 \u0111\u1ebfn +55 \u00b0C (Kh\u00f4ng \u0111\u00f3ng b\u0103ng)<\/td>\n<\/tr>\n<tr class=\"specTable-row\">\n<td class=\"specTable-clm-1\" colspan=\"3\">\u0110\u1ed9 \u1ea9m m\u00f4i tr\u01b0\u1eddng xung quanh<\/td>\n<td class=\"specTable-clm-4\">35 \u0111\u1ebfn 85 % RH (Kh\u00f4ng ng\u01b0ng t\u1ee5)<\/td>\n<\/tr>\n<tr class=\"specTable-row\">\n<td class=\"specTable-clm-1\" colspan=\"3\">Ch\u1ed1ng ch\u1ecbu rung<\/td>\n<td class=\"specTable-clm-4\">10 \u0111\u1ebfn 55 Hz, 1,5 mm Bi\u00ean \u0111\u1ed9 k\u00e9p theo c\u00e1c h\u01b0\u1edbng X, Y, Z t\u01b0\u01a1ng \u1ee9ng, 2 gi\u1edd<\/td>\n<\/tr>\n<tr class=\"specTable-row\">\n<td class=\"specTable-clm-1\" colspan=\"3\">Ch\u1ed1ng ch\u1ecbu va \u0111\u1eadp<\/td>\n<td class=\"specTable-clm-4\">1,000 m\/s<sup>2<\/sup>, 6 l\u1ea7n theo c\u00e1c h\u01b0\u1edbng X, Y, v\u00e0 Z<\/td>\n<\/tr>\n<tr class=\"specTable-row\">\n<td class=\"specTable-clm-0\" colspan=\"4\">V\u1ecf b\u1ecdc<\/td>\n<td class=\"specTable-clm-4\">Ch\u1ea5t d\u1ebbo gia c\u01b0\u1eddng s\u1ee3i th\u1ee7y tinh<\/td>\n<\/tr>\n<tr class=\"specTable-row\">\n<td class=\"specTable-clm-0\" colspan=\"4\">Ph\u1ee5 ki\u1ec7n<\/td>\n<td class=\"specTable-clm-4\">\u2015<\/td>\n<\/tr>\n<tr class=\"specTable-row\">\n<td class=\"specTable-clm-0\" colspan=\"4\">Kh\u1ed1i l\u01b0\u1ee3ng<\/td>\n<td class=\"specTable-clm-4\">T: X\u1ea5p x\u1ec9 50 g, R: X\u1ea5p x\u1ec9 50 g (G\u1ed3m d\u00e2y c\u00e1p 2 m)<\/td>\n<\/tr>\n<tr class=\"specTable-foot\">\n<td class=\"specTable-clm-0\" colspan=\"5\"><sup>*1<\/sup>\u00a0Kho\u1ea3ng c\u00e1ch ph\u00e1t hi\u1ec7n \u0111\u1ea1t \u0111\u01b0\u1ee3c v\u1edbi \u0111\u1ed9 nh\u1ea1y t\u1ed1i \u0111a.<br \/>\n<sup>*2<\/sup>\u00a0\u0110\u1ea7u ph\u00e1t c\u1ee7a PZ-M51 ch\u1ec9 trang b\u1ecb m\u1ed9t \u0111\u00e8n b\u00e1o ngu\u1ed3n.<\/td>\n<\/tr>\n<\/tbody>\n<\/table>\n<\/div>\n<p>\u0110\u1ea1i l\u00fd Keyence vietnam, Keyence viet nam, Keyence vietnam distributor, Ph\u00e2n ph\u1ed1i Keyence t\u1ea1i vi\u1ec7t nam<\/p>\n<p>\u0110\u1ea1i l\u00fd Keyence vietnam, Keyence viet nam, Keyence vietnam distributor, Ph\u00e2n ph\u1ed1i Keyence t\u1ea1i vi\u1ec7t nam<\/p>\n<p>\u0110\u1ea1i l\u00fd Keyence vietnam, Keyence viet nam, Keyence vietnam distributor, Ph\u00e2n ph\u1ed1i Keyence t\u1ea1i vi\u1ec7t nam<\/p>\n<p>\u0110\u1ea1i l\u00fd Keyence vietnam, Keyence viet nam, Keyence vietnam distributor, Ph\u00e2n ph\u1ed1i Keyence t\u1ea1i vi\u1ec7t nam<\/p>\n<p>\u0110\u1ea1i l\u00fd Keyence vietnam, Keyence viet nam, Keyence vietnam distributor, Ph\u00e2n ph\u1ed1i Keyence t\u1ea1i vi\u1ec7t nam<\/p>\n<\/div>\n<\/div>\n","protected":false},"excerpt":{"rendered":"<p>KEYENCE PZ-M51 Lo\u1ea1i \u0111\u1ea7u c\u00e1p truy\u1ec1n ph\u00e1t \u0111\u1ed9c l\u1eadp d\u1ea1ng h\u00ecnh ch\u1eef nh\u1eadt NPN Th\u00f4ng s\u1ed1 k\u1ef9 thu\u1eadt M\u1eabu PZ-M51 Lo\u1ea1i Thu ph\u00e1t \u0111\u1ed9c l\u1eadp Lo\u1ea1i ng\u00f5 ra NPN Kho\u1ea3ng c\u00e1ch ph\u00e1t hi\u1ec7n 10 m*1 C\u00e0i \u0111\u1eb7t kho\u1ea3ng c\u00e1ch \u2015 Ngu\u1ed3n s\u00e1ng \u0110\u00e8n LED m\u00e0u \u0111\u1ecf \u0110i\u1ec1u ch\u1ec9nh \u0111\u1ed9 nh\u1ea1y&hellip; <\/p>\n","protected":false},"featured_media":1041,"comment_status":"open","ping_status":"closed","template":"","meta":{"om_disable_all_campaigns":false,"_monsterinsights_skip_tracking":false,"_monsterinsights_sitenote_active":false,"_monsterinsights_sitenote_note":"","_monsterinsights_sitenote_category":0},"product_cat":[15],"product_tag":[88,114,113],"class_list":{"0":"post-1040","1":"product","2":"type-product","3":"status-publish","4":"has-post-thumbnail","6":"product_cat-apex","7":"product_tag-cam-bien","8":"product_tag-dai-ly-keyence-viet-nam","9":"product_tag-keyence-viet-nam","11":"first","12":"instock","13":"shipping-taxable","14":"product-type-simple"},"aioseo_notices":[],"yoast_head":"<!-- This site is optimized with the Yoast SEO plugin v22.8 - https:\/\/yoast.com\/wordpress\/plugins\/seo\/ -->\n<title>KEYENCE PZ-M51 - OMANI VI\u1ec6T NAM<\/title>\n<meta name=\"robots\" content=\"index, follow, max-snippet:-1, max-image-preview:large, max-video-preview:-1\" \/>\n<link rel=\"canonical\" href=\"https:\/\/sipin.com.vn\/index.php\/product\/keyence-pz-m51\/\" \/>\n<meta property=\"og:locale\" content=\"vi_VN\" \/>\n<meta property=\"og:type\" content=\"article\" \/>\n<meta property=\"og:title\" content=\"KEYENCE PZ-M51 - OMANI VI\u1ec6T NAM\" \/>\n<meta property=\"og:description\" content=\"KEYENCE PZ-M51 Lo\u1ea1i \u0111\u1ea7u c\u00e1p truy\u1ec1n ph\u00e1t \u0111\u1ed9c l\u1eadp d\u1ea1ng h\u00ecnh ch\u1eef nh\u1eadt NPN Th\u00f4ng s\u1ed1 k\u1ef9 thu\u1eadt M\u1eabu PZ-M51 Lo\u1ea1i Thu ph\u00e1t \u0111\u1ed9c l\u1eadp Lo\u1ea1i ng\u00f5 ra NPN Kho\u1ea3ng c\u00e1ch ph\u00e1t hi\u1ec7n 10 m*1 C\u00e0i \u0111\u1eb7t kho\u1ea3ng c\u00e1ch \u2015 Ngu\u1ed3n s\u00e1ng \u0110\u00e8n LED m\u00e0u \u0111\u1ecf \u0110i\u1ec1u ch\u1ec9nh \u0111\u1ed9 nh\u1ea1y&hellip;\" \/>\n<meta property=\"og:url\" content=\"https:\/\/sipin.com.vn\/index.php\/product\/keyence-pz-m51\/\" \/>\n<meta property=\"og:site_name\" content=\"OMANI VI\u1ec6T NAM\" \/>\n<meta property=\"article:modified_time\" content=\"2024-07-13T09:44:28+00:00\" \/>\n<meta property=\"og:image\" content=\"https:\/\/sipin.com.vn\/wp-content\/uploads\/2024\/07\/PZ-M51.png\" \/>\n\t<meta property=\"og:image:width\" content=\"644\" \/>\n\t<meta property=\"og:image:height\" content=\"382\" \/>\n\t<meta property=\"og:image:type\" content=\"image\/png\" \/>\n<meta name=\"twitter:card\" content=\"summary_large_image\" \/>\n<meta name=\"twitter:label1\" content=\"\u01af\u1edbc t\u00ednh th\u1eddi gian \u0111\u1ecdc\" \/>\n\t<meta name=\"twitter:data1\" content=\"3 ph\u00fat\" \/>\n<script type=\"application\/ld+json\" class=\"yoast-schema-graph\">{\"@context\":\"https:\/\/schema.org\",\"@graph\":[{\"@type\":\"WebPage\",\"@id\":\"https:\/\/sipin.com.vn\/index.php\/product\/keyence-pz-m51\/\",\"url\":\"https:\/\/sipin.com.vn\/index.php\/product\/keyence-pz-m51\/\",\"name\":\"KEYENCE PZ-M51 - OMANI VI\u1ec6T NAM\",\"isPartOf\":{\"@id\":\"https:\/\/sipin.com.vn\/#website\"},\"primaryImageOfPage\":{\"@id\":\"https:\/\/sipin.com.vn\/index.php\/product\/keyence-pz-m51\/#primaryimage\"},\"image\":{\"@id\":\"https:\/\/sipin.com.vn\/index.php\/product\/keyence-pz-m51\/#primaryimage\"},\"thumbnailUrl\":\"https:\/\/sipin.com.vn\/wp-content\/uploads\/2024\/07\/PZ-M51.png\",\"datePublished\":\"2024-07-08T22:38:40+00:00\",\"dateModified\":\"2024-07-13T09:44:28+00:00\",\"breadcrumb\":{\"@id\":\"https:\/\/sipin.com.vn\/index.php\/product\/keyence-pz-m51\/#breadcrumb\"},\"inLanguage\":\"vi\",\"potentialAction\":[{\"@type\":\"ReadAction\",\"target\":[\"https:\/\/sipin.com.vn\/index.php\/product\/keyence-pz-m51\/\"]}]},{\"@type\":\"ImageObject\",\"inLanguage\":\"vi\",\"@id\":\"https:\/\/sipin.com.vn\/index.php\/product\/keyence-pz-m51\/#primaryimage\",\"url\":\"https:\/\/sipin.com.vn\/wp-content\/uploads\/2024\/07\/PZ-M51.png\",\"contentUrl\":\"https:\/\/sipin.com.vn\/wp-content\/uploads\/2024\/07\/PZ-M51.png\",\"width\":644,\"height\":382},{\"@type\":\"BreadcrumbList\",\"@id\":\"https:\/\/sipin.com.vn\/index.php\/product\/keyence-pz-m51\/#breadcrumb\",\"itemListElement\":[{\"@type\":\"ListItem\",\"position\":1,\"name\":\"Home\",\"item\":\"https:\/\/sipin.com.vn\/\"},{\"@type\":\"ListItem\",\"position\":2,\"name\":\"S\u1ea2N PH\u1ea8M\",\"item\":\"https:\/\/sipin.com.vn\/index.php\/cua-hang\/\"},{\"@type\":\"ListItem\",\"position\":3,\"name\":\"KEYENCE PZ-M51\"}]},{\"@type\":\"WebSite\",\"@id\":\"https:\/\/sipin.com.vn\/#website\",\"url\":\"https:\/\/sipin.com.vn\/\",\"name\":\"OMANI VI\u1ec6T NAM\",\"description\":\"Nh\u00e0 ph\u00e2n ph\u1ed1i thi\u1ebft b\u1ecb kh\u00ed n\u00e9n v\u00e0 thi\u1ebft b\u1ecb t\u1ef1 \u0111\u1ed9ng h\u00f3a trong c\u00f4ng nghi\u1ec7p\",\"publisher\":{\"@id\":\"https:\/\/sipin.com.vn\/#\/schema\/person\/0ad398a980dc3fd696111c2c5c8fa897\"},\"potentialAction\":[{\"@type\":\"SearchAction\",\"target\":{\"@type\":\"EntryPoint\",\"urlTemplate\":\"https:\/\/sipin.com.vn\/?s={search_term_string}\"},\"query-input\":\"required name=search_term_string\"}],\"inLanguage\":\"vi\"},{\"@type\":[\"Person\",\"Organization\"],\"@id\":\"https:\/\/sipin.com.vn\/#\/schema\/person\/0ad398a980dc3fd696111c2c5c8fa897\",\"name\":\"Nguy\u1ec5n V\u0103n Kh\u00e1nh\",\"image\":{\"@type\":\"ImageObject\",\"inLanguage\":\"vi\",\"@id\":\"https:\/\/sipin.com.vn\/#\/schema\/person\/image\/\",\"url\":\"https:\/\/sipin.com.vn\/wp-content\/uploads\/2024\/06\/logo-1024x1024.png\",\"contentUrl\":\"https:\/\/sipin.com.vn\/wp-content\/uploads\/2024\/06\/logo-1024x1024.png\",\"width\":1024,\"height\":1024,\"caption\":\"Nguy\u1ec5n V\u0103n Kh\u00e1nh\"},\"logo\":{\"@id\":\"https:\/\/sipin.com.vn\/#\/schema\/person\/image\/\"},\"sameAs\":[\"https:\/\/sipin.com.vn\"]}]}<\/script>\n<!-- \/ Yoast SEO plugin. -->","yoast_head_json":{"title":"KEYENCE PZ-M51 - OMANI VI\u1ec6T NAM","robots":{"index":"index","follow":"follow","max-snippet":"max-snippet:-1","max-image-preview":"max-image-preview:large","max-video-preview":"max-video-preview:-1"},"canonical":"https:\/\/sipin.com.vn\/index.php\/product\/keyence-pz-m51\/","og_locale":"vi_VN","og_type":"article","og_title":"KEYENCE PZ-M51 - OMANI VI\u1ec6T NAM","og_description":"KEYENCE PZ-M51 Lo\u1ea1i \u0111\u1ea7u c\u00e1p truy\u1ec1n ph\u00e1t \u0111\u1ed9c l\u1eadp d\u1ea1ng h\u00ecnh ch\u1eef nh\u1eadt NPN Th\u00f4ng s\u1ed1 k\u1ef9 thu\u1eadt M\u1eabu PZ-M51 Lo\u1ea1i Thu ph\u00e1t \u0111\u1ed9c l\u1eadp Lo\u1ea1i ng\u00f5 ra NPN Kho\u1ea3ng c\u00e1ch ph\u00e1t hi\u1ec7n 10 m*1 C\u00e0i \u0111\u1eb7t kho\u1ea3ng c\u00e1ch \u2015 Ngu\u1ed3n s\u00e1ng \u0110\u00e8n LED m\u00e0u \u0111\u1ecf \u0110i\u1ec1u ch\u1ec9nh \u0111\u1ed9 nh\u1ea1y&hellip;","og_url":"https:\/\/sipin.com.vn\/index.php\/product\/keyence-pz-m51\/","og_site_name":"OMANI VI\u1ec6T NAM","article_modified_time":"2024-07-13T09:44:28+00:00","og_image":[{"width":644,"height":382,"url":"https:\/\/sipin.com.vn\/wp-content\/uploads\/2024\/07\/PZ-M51.png","type":"image\/png"}],"twitter_card":"summary_large_image","twitter_misc":{"\u01af\u1edbc t\u00ednh th\u1eddi gian \u0111\u1ecdc":"3 ph\u00fat"},"schema":{"@context":"https:\/\/schema.org","@graph":[{"@type":"WebPage","@id":"https:\/\/sipin.com.vn\/index.php\/product\/keyence-pz-m51\/","url":"https:\/\/sipin.com.vn\/index.php\/product\/keyence-pz-m51\/","name":"KEYENCE PZ-M51 - OMANI VI\u1ec6T NAM","isPartOf":{"@id":"https:\/\/sipin.com.vn\/#website"},"primaryImageOfPage":{"@id":"https:\/\/sipin.com.vn\/index.php\/product\/keyence-pz-m51\/#primaryimage"},"image":{"@id":"https:\/\/sipin.com.vn\/index.php\/product\/keyence-pz-m51\/#primaryimage"},"thumbnailUrl":"https:\/\/sipin.com.vn\/wp-content\/uploads\/2024\/07\/PZ-M51.png","datePublished":"2024-07-08T22:38:40+00:00","dateModified":"2024-07-13T09:44:28+00:00","breadcrumb":{"@id":"https:\/\/sipin.com.vn\/index.php\/product\/keyence-pz-m51\/#breadcrumb"},"inLanguage":"vi","potentialAction":[{"@type":"ReadAction","target":["https:\/\/sipin.com.vn\/index.php\/product\/keyence-pz-m51\/"]}]},{"@type":"ImageObject","inLanguage":"vi","@id":"https:\/\/sipin.com.vn\/index.php\/product\/keyence-pz-m51\/#primaryimage","url":"https:\/\/sipin.com.vn\/wp-content\/uploads\/2024\/07\/PZ-M51.png","contentUrl":"https:\/\/sipin.com.vn\/wp-content\/uploads\/2024\/07\/PZ-M51.png","width":644,"height":382},{"@type":"BreadcrumbList","@id":"https:\/\/sipin.com.vn\/index.php\/product\/keyence-pz-m51\/#breadcrumb","itemListElement":[{"@type":"ListItem","position":1,"name":"Home","item":"https:\/\/sipin.com.vn\/"},{"@type":"ListItem","position":2,"name":"S\u1ea2N PH\u1ea8M","item":"https:\/\/sipin.com.vn\/index.php\/cua-hang\/"},{"@type":"ListItem","position":3,"name":"KEYENCE PZ-M51"}]},{"@type":"WebSite","@id":"https:\/\/sipin.com.vn\/#website","url":"https:\/\/sipin.com.vn\/","name":"OMANI VI\u1ec6T NAM","description":"Nh\u00e0 ph\u00e2n ph\u1ed1i thi\u1ebft b\u1ecb kh\u00ed n\u00e9n v\u00e0 thi\u1ebft b\u1ecb t\u1ef1 \u0111\u1ed9ng h\u00f3a trong c\u00f4ng nghi\u1ec7p","publisher":{"@id":"https:\/\/sipin.com.vn\/#\/schema\/person\/0ad398a980dc3fd696111c2c5c8fa897"},"potentialAction":[{"@type":"SearchAction","target":{"@type":"EntryPoint","urlTemplate":"https:\/\/sipin.com.vn\/?s={search_term_string}"},"query-input":"required name=search_term_string"}],"inLanguage":"vi"},{"@type":["Person","Organization"],"@id":"https:\/\/sipin.com.vn\/#\/schema\/person\/0ad398a980dc3fd696111c2c5c8fa897","name":"Nguy\u1ec5n V\u0103n Kh\u00e1nh","image":{"@type":"ImageObject","inLanguage":"vi","@id":"https:\/\/sipin.com.vn\/#\/schema\/person\/image\/","url":"https:\/\/sipin.com.vn\/wp-content\/uploads\/2024\/06\/logo-1024x1024.png","contentUrl":"https:\/\/sipin.com.vn\/wp-content\/uploads\/2024\/06\/logo-1024x1024.png","width":1024,"height":1024,"caption":"Nguy\u1ec5n V\u0103n Kh\u00e1nh"},"logo":{"@id":"https:\/\/sipin.com.vn\/#\/schema\/person\/image\/"},"sameAs":["https:\/\/sipin.com.vn"]}]}},"_links":{"self":[{"href":"https:\/\/sipin.com.vn\/index.php\/wp-json\/wp\/v2\/product\/1040","targetHints":{"allow":["GET"]}}],"collection":[{"href":"https:\/\/sipin.com.vn\/index.php\/wp-json\/wp\/v2\/product"}],"about":[{"href":"https:\/\/sipin.com.vn\/index.php\/wp-json\/wp\/v2\/types\/product"}],"replies":[{"embeddable":true,"href":"https:\/\/sipin.com.vn\/index.php\/wp-json\/wp\/v2\/comments?post=1040"}],"wp:featuredmedia":[{"embeddable":true,"href":"https:\/\/sipin.com.vn\/index.php\/wp-json\/wp\/v2\/media\/1041"}],"wp:attachment":[{"href":"https:\/\/sipin.com.vn\/index.php\/wp-json\/wp\/v2\/media?parent=1040"}],"wp:term":[{"taxonomy":"product_cat","embeddable":true,"href":"https:\/\/sipin.com.vn\/index.php\/wp-json\/wp\/v2\/product_cat?post=1040"},{"taxonomy":"product_tag","embeddable":true,"href":"https:\/\/sipin.com.vn\/index.php\/wp-json\/wp\/v2\/product_tag?post=1040"}],"curies":[{"name":"wp","href":"https:\/\/api.w.org\/{rel}","templated":true}]}}