{"id":1031,"date":"2024-07-07T05:22:44","date_gmt":"2024-07-06T22:22:44","guid":{"rendered":"https:\/\/omanivietnam.com\/?post_type=product&#038;p=1031"},"modified":"2024-07-15T05:09:18","modified_gmt":"2024-07-14T22:09:18","slug":"keyence-pr-g42n","status":"publish","type":"product","link":"https:\/\/sipin.com.vn\/index.php\/product\/keyence-pr-g42n\/","title":{"rendered":"KEYENCE PR-G42N"},"content":{"rendered":"<p>KEYENCE PR-G42N<\/p>\n<p class=\"title-product item_name\">C\u1ea3m bi\u1ebfn quang Keyence PZ-G42N<\/p>\n<p>1. C\u1ea3m bi\u1ebfn quang Keyence PZ-G42N:<\/p>\n<table class=\"specTable-stibo-3282397\">\n<tbody>\n<tr class=\"specTable-row\">\n<td class=\"specTable-clm-0\" colspan=\"4\">\n<div>M\u1eabu<\/div>\n<\/td>\n<td class=\"specTable-clm-4\">\n<div>PZ-G42N<\/div>\n<\/td>\n<\/tr>\n<tr class=\"specTable-row\">\n<td class=\"specTable-clm-0\" colspan=\"4\">\n<div>Lo\u1ea1i<\/div>\n<\/td>\n<td class=\"specTable-clm-4\">\n<div>S\u1ef1 ph\u1ea3n x\u1ea1 khu\u1ebfch t\u00e1n<br \/>\nPh\u1ea1m vi ng\u1eafn<sup>*1<\/sup><\/div>\n<\/td>\n<\/tr>\n<tr class=\"specTable-row\">\n<td class=\"specTable-clm-0\" colspan=\"4\">\n<div>H\u00ecnh d\u1ea1ng<\/div>\n<\/td>\n<td class=\"specTable-clm-4\">\n<div>D\u1ea1ng h\u00ecnh<br \/>\nch\u1eef nh\u1eadt<\/div>\n<\/td>\n<\/tr>\n<tr class=\"specTable-row\">\n<td class=\"specTable-clm-0\" colspan=\"4\">\n<div>Ng\u00f5 ra<\/div>\n<\/td>\n<td class=\"specTable-clm-4\">\n<div>NPN<\/div>\n<\/td>\n<\/tr>\n<tr class=\"specTable-row\">\n<td class=\"specTable-clm-0\" colspan=\"4\">\n<div>K\u1ebft n\u1ed1i d\u00e2y c\u00e1p<\/div>\n<\/td>\n<td class=\"specTable-clm-4\">\n<div>C\u00e1p (2 m)<sup>*1<\/sup><\/div>\n<\/td>\n<\/tr>\n<tr class=\"specTable-row\">\n<td class=\"specTable-clm-0\" colspan=\"4\">\n<div>Kho\u1ea3ng c\u00e1ch ph\u00e1t hi\u1ec7n<\/div>\n<\/td>\n<td class=\"specTable-clm-4\">\n<div>300 mm<br \/>\n(Khi ph\u00e1t hi\u1ec7n<br \/>\ngi\u1ea5y m\u00e0u tr\u1eafng<br \/>\n10 x 10 cm)<\/div>\n<\/td>\n<\/tr>\n<tr class=\"specTable-row\">\n<td class=\"specTable-clm-0\" colspan=\"4\">\n<div>\u0110\u01b0\u1eddng k\u00ednh v\u1ec7t<\/div>\n<\/td>\n<td class=\"specTable-clm-4\">\n<div>\u2015<\/div>\n<\/td>\n<\/tr>\n<tr class=\"specTable-row\">\n<td class=\"specTable-clm-0\" colspan=\"4\">\n<div>Ngu\u1ed3n s\u00e1ng<\/div>\n<\/td>\n<td class=\"specTable-clm-4\">\n<div>\u0110\u00e8n LED m\u00e0u \u0111\u1ecf<\/div>\n<\/td>\n<\/tr>\n<tr class=\"specTable-row\">\n<td class=\"specTable-clm-0\" colspan=\"4\">\n<div>\u0110i\u1ec1u ch\u1ec9nh \u0111\u1ed9 nh\u1ea1y<\/div>\n<\/td>\n<td class=\"specTable-clm-4\">\n<div>T\u1ee5 tinh ch\u1ec9nh 1 v\u00f2ng (230\u00b0)<\/div>\n<\/td>\n<\/tr>\n<tr class=\"specTable-row\">\n<td class=\"specTable-clm-0\" colspan=\"4\">\n<div>Th\u1eddi gian \u0111\u00e1p \u1ee9ng<\/div>\n<\/td>\n<td class=\"specTable-clm-4\">\n<div>500 \u00b5s<\/div>\n<\/td>\n<\/tr>\n<tr class=\"specTable-row\">\n<td class=\"specTable-clm-0\" colspan=\"4\">\n<div>Ch\u1ebf \u0111\u1ed9 v\u1eadn h\u00e0nh<\/div>\n<\/td>\n<td class=\"specTable-clm-4\">\n<div>B\u1eacT-S\u00c1NG\/B\u1eacT-T\u1ed0I (c\u00f4ng t\u1eafc c\u00f3 th\u1ec3 l\u1ef1a ch\u1ecdn)<\/div>\n<\/td>\n<\/tr>\n<tr class=\"specTable-row\">\n<td class=\"specTable-clm-0\" colspan=\"4\">\n<div>\u0110\u00e8n b\u00e1o (LED)<\/div>\n<\/td>\n<td class=\"specTable-clm-4\">\n<div>Ng\u00f5 ra: \u0110\u00e8n LED m\u00e0u cam<br \/>\nV\u1eadn h\u00e0nh \u1ed5n \u0111\u1ecbnh: \u0110\u00e8n LED m\u00e0u xanh l\u00e1 c\u00e2y<\/div>\n<\/td>\n<\/tr>\n<tr class=\"specTable-row\">\n<td class=\"specTable-clm-0\" colspan=\"4\">\n<div>Ng\u00f5 ra \u0111i\u1ec1u khi\u1ec3n<\/div>\n<\/td>\n<td class=\"specTable-clm-4\">\n<div>Ng\u00f5 ra c\u1ef1c thu \u0111\u1ec3 h\u1edf t\u1ed1i \u0111a 30 V, c\u1ef1c \u0111\u1ea1i 100 mA, \u0110i\u1ec7n \u00e1p d\u01b0: T\u1ed1i \u0111a 1 V<\/div>\n<\/td>\n<\/tr>\n<tr class=\"specTable-row\">\n<td class=\"specTable-clm-0\" colspan=\"4\">\n<div>M\u1ea1ch b\u1ea3o v\u1ec7<\/div>\n<\/td>\n<td class=\"specTable-clm-4\">\n<div>C\u1ef1c t\u00ednh ng\u01b0\u1ee3c, b\u1ea3o v\u1ec7 qu\u00e1 d\u00f2ng, b\u1ed9 ch\u1ed1ng s\u00e9t h\u1ea5p th\u1ee5<\/div>\n<\/td>\n<\/tr>\n<tr class=\"specTable-row\">\n<td class=\"specTable-clm-0\" colspan=\"4\">\n<div>Tri\u1ec7t nhi\u1ec5u<\/div>\n<\/td>\n<td class=\"specTable-clm-4\">\n<div>L\u00ean \u0111\u1ebfn 2 kh\u1ed1i<br \/>\n(v\u1edbi ch\u1ee9c n\u0103ng t\u1ea7n s\u1ed1 t\u1ef1 \u0111\u1ed9ng kh\u00e1c nhau)<\/div>\n<\/td>\n<\/tr>\n<tr class=\"specTable-row\">\n<td class=\"specTable-clm-0\" colspan=\"4\">\n<div>M\u00f4 men xo\u1eafn si\u1ebft ch\u1eb7t<\/div>\n<\/td>\n<td class=\"specTable-clm-4\">\n<div>M\u1eabu h\u00ecnh ch\u1eef nh\u1eadt (B\u1ed9 ph\u1eadn l\u1ed7 l\u1eafp \u0111\u1eb7t): T\u1ed1i \u0111a 0,5 N\u00b7m<\/div>\n<\/td>\n<\/tr>\n<tr class=\"specTable-row\">\n<td class=\"specTable-clm-0\" rowspan=\"2\">\n<div>\u0110\u1ecbnh m\u1ee9c<\/div>\n<\/td>\n<td class=\"specTable-clm-1\" colspan=\"3\">\n<div>\u0110i\u1ec7n \u00e1p ngu\u1ed3n<\/div>\n<\/td>\n<td class=\"specTable-clm-4\">\n<div>10 \u0111\u1ebfn 30 VDC, bao g\u1ed3m \u0110\u1ed9 g\u1ee3n (P-P) \u00b110 %<\/div>\n<\/td>\n<\/tr>\n<tr class=\"specTable-row\">\n<td class=\"specTable-clm-1\" colspan=\"3\">\n<div>D\u00f2ng \u0111i\u1ec7n ti\u00eau th\u1ee5<\/div>\n<\/td>\n<td class=\"specTable-clm-4\">\n<div>34 mA tr\u1edf xu\u1ed1ng<\/div>\n<\/td>\n<\/tr>\n<\/tbody>\n<\/table>\n<p>2. C\u00e1c m\u00e3 h\u00e0ng t\u01b0\u01a1ng \u0111\u01b0\u01a1ng C\u1ea3m bi\u1ebfn quang Keyence PZ-G42N:<\/p>\n<table border=\"0\" cellspacing=\"0\" cellpadding=\"0\">\n<tbody>\n<tr>\n<td class=\"xl434\" align=\"left\" width=\"109\" height=\"19\">PG-602<\/td>\n<\/tr>\n<tr>\n<td class=\"xl434\" align=\"left\" height=\"19\">PG-610<\/td>\n<\/tr>\n<tr>\n<td class=\"xl434\" align=\"left\" height=\"19\">PJ-F22<\/td>\n<\/tr>\n<tr>\n<td class=\"xl434\" align=\"left\" height=\"19\">PQ-01<\/td>\n<\/tr>\n<tr>\n<td class=\"xl434\" align=\"left\" height=\"19\">PR-MB30N3<\/td>\n<\/tr>\n<tr>\n<td class=\"xl434\" align=\"left\" height=\"19\">PS-25<\/td>\n<\/tr>\n<tr>\n<td class=\"xl434\" align=\"left\" height=\"19\">PS-45<\/td>\n<\/tr>\n<tr>\n<td class=\"xl434\" align=\"left\" height=\"19\">PS-52<\/td>\n<\/tr>\n<tr>\n<td class=\"xl434\" align=\"left\" height=\"19\">PS-52C<\/td>\n<\/tr>\n<tr>\n<td class=\"xl434\" align=\"left\" height=\"19\">PS-N11N<\/td>\n<\/tr>\n<tr>\n<td class=\"xl434\" align=\"left\" height=\"19\">PS2-61P<\/td>\n<\/tr>\n<tr>\n<td class=\"xl434\" align=\"left\" height=\"19\">PW-41<\/td>\n<\/tr>\n<tr>\n<td class=\"xl434\" align=\"left\" height=\"19\">PW-51<\/td>\n<\/tr>\n<tr>\n<td class=\"xl434\" align=\"left\" height=\"19\">PW-51H<\/td>\n<\/tr>\n<tr>\n<td class=\"xl434\" align=\"left\" height=\"19\">PW-51J<\/td>\n<\/tr>\n<tr>\n<td class=\"xl434\" align=\"left\" height=\"19\">PW-51JR<\/td>\n<\/tr>\n<tr>\n<td class=\"xl434\" align=\"left\" height=\"19\">PW-51JT<\/td>\n<\/tr>\n<tr>\n<td class=\"xl434\" align=\"left\" height=\"19\">PW-51R<\/td>\n<\/tr>\n<tr>\n<td class=\"xl434\" align=\"left\" height=\"19\">PZ2-42<\/td>\n<\/tr>\n<tr>\n<td class=\"xl434\" align=\"left\" height=\"19\">PZ2-42P<\/td>\n<\/tr>\n<tr>\n<td class=\"xl434\" align=\"left\" height=\"19\">PZ2-61<\/td>\n<\/tr>\n<tr>\n<td class=\"xl434\" align=\"left\" height=\"19\">PZ-G102N<\/td>\n<\/tr>\n<tr>\n<td class=\"xl434\" align=\"left\" height=\"19\">PZ-G41P<\/td>\n<\/tr>\n<tr>\n<td class=\"xl434\" align=\"left\" height=\"19\">PZ-G42CN<\/td>\n<\/tr>\n<tr>\n<td class=\"xl434\" align=\"left\" height=\"19\">PZ-G51N<\/td>\n<\/tr>\n<tr>\n<td class=\"xl434\" align=\"left\" height=\"19\">PZ-G51P<\/td>\n<\/tr>\n<tr>\n<td class=\"xl434\" align=\"left\" height=\"19\">PZ-G52EP<\/td>\n<\/tr>\n<tr>\n<td class=\"xl434\" align=\"left\" height=\"19\">PZ-G61N<\/td>\n<\/tr>\n<tr>\n<td class=\"xl434\" align=\"left\" height=\"19\">PZ-M31<\/td>\n<\/tr>\n<tr>\n<td class=\"xl434\" align=\"left\" height=\"19\">PZ-M31P<\/td>\n<\/tr>\n<tr>\n<td class=\"xl434\" align=\"left\" height=\"19\">PZ-M35<\/td>\n<\/tr>\n<tr>\n<td class=\"xl434\" align=\"left\" height=\"19\">PZ-V31<\/td>\n<\/tr>\n<tr>\n<td class=\"xl434\" align=\"left\" height=\"19\">PZ-V31P<\/td>\n<\/tr>\n<tr>\n<td class=\"xl434\" align=\"left\" height=\"19\">PZ-V32P<\/td>\n<\/tr>\n<tr>\n<td class=\"xl434\" align=\"left\" height=\"19\">PZ-V71<\/td>\n<\/tr>\n<\/tbody>\n<\/table>\n<p>Rectangular Diffuse Reflective Type Cable Type 120mm<\/p>\n<h2 class=\"prd-utility-heading-3 prd-utility-marginBottom-7\">Specifications<\/h2>\n<div class=\"prd-specsTable prd-utility-focusRing\" style=\"padding: 0px;margin: 0px;color: #484b4c;font-family: myriad-pro, helvetica, Arial, meiryo, sans-serif;font-size: 17px;font-style: normal;font-weight: 400;letter-spacing: normal;text-align: left;text-indent: 0px;text-transform: none;background-color: #fafafa\" data-controller=\"horizontal-scroll-state scroll-to-coord\" data-action=\"resize@window-&gt;horizontal-scroll-state#setOverflowing scroll-&gt;horizontal-scroll-state#setScrolled\" data-horizontal-scroll-state-target=\"container\" data-horizontal-scroll-state-overflowing-class=\"is-overflowing\" data-horizontal-scroll-state-has-scrolled-class=\"is-hasScrolled\" data-scroll-to-coord-target=\"container\">\n<div class=\"prd-utility-body-small\">\n<div class=\"specTable-block\">\n<table class=\"specTable-stibo-3282397\">\n<tbody>\n<tr class=\"specTable-row\">\n<td class=\"specTable-clm-0\" colspan=\"4\">Model<\/td>\n<td class=\"specTable-clm-4\">PR-G42N<\/td>\n<\/tr>\n<tr class=\"specTable-row\">\n<td class=\"specTable-clm-0\" colspan=\"4\">Type<\/td>\n<td class=\"specTable-clm-4\">Diffuse reflective (Short distance)<\/td>\n<\/tr>\n<tr class=\"specTable-row\">\n<td class=\"specTable-clm-0\" colspan=\"4\">Shape<\/td>\n<td class=\"specTable-clm-4\">Rectangular type<\/td>\n<\/tr>\n<tr class=\"specTable-row\">\n<td class=\"specTable-clm-0\" colspan=\"4\">Output<\/td>\n<td class=\"specTable-clm-4\">NPN<\/td>\n<\/tr>\n<tr class=\"specTable-row\">\n<td class=\"specTable-clm-0\" colspan=\"4\">Cable connection<\/td>\n<td class=\"specTable-clm-4\">2 m cable<\/td>\n<\/tr>\n<tr class=\"specTable-row\">\n<td class=\"specTable-clm-0\" colspan=\"4\">Detecting distance<\/td>\n<td class=\"specTable-clm-4\">120 mm<\/td>\n<\/tr>\n<tr class=\"specTable-row\">\n<td class=\"specTable-clm-0\" colspan=\"4\">Number of control outputs<\/td>\n<td class=\"specTable-clm-4\">2 (Dark-ON +Light ON)<\/td>\n<\/tr>\n<tr class=\"specTable-row\">\n<td class=\"specTable-clm-0\" rowspan=\"2\">Output operation<\/td>\n<td class=\"specTable-clm-1\" colspan=\"3\">Output 1<\/td>\n<td class=\"specTable-clm-4\">Light-ON<\/td>\n<\/tr>\n<tr class=\"specTable-row\">\n<td class=\"specTable-clm-1\" colspan=\"3\">Output 2<\/td>\n<td class=\"specTable-clm-4\">Dark-ON<\/td>\n<\/tr>\n<tr class=\"specTable-row\">\n<td class=\"specTable-clm-0\" colspan=\"4\">Response time<\/td>\n<td class=\"specTable-clm-4\">0.5 ms<\/td>\n<\/tr>\n<tr class=\"specTable-row\">\n<td class=\"specTable-clm-0\" colspan=\"4\">Sensitivity adjustment<\/td>\n<td class=\"specTable-clm-4\">5-rotation trimmer<\/td>\n<\/tr>\n<tr class=\"specTable-row\">\n<td class=\"specTable-clm-0\" colspan=\"4\">Spot diameter<\/td>\n<td class=\"specTable-clm-4\">Approx. \u03c63 mm (at 100 mm)<\/td>\n<\/tr>\n<tr class=\"specTable-row\">\n<td class=\"specTable-clm-0\" colspan=\"4\">Light source<\/td>\n<td class=\"specTable-clm-4\">4 element, point light source, red LED (650 nm)<\/td>\n<\/tr>\n<tr class=\"specTable-row\">\n<td class=\"specTable-clm-0\" colspan=\"4\">Light interference prevention function<\/td>\n<td class=\"specTable-clm-4\">2 sensors<\/td>\n<\/tr>\n<tr class=\"specTable-row\">\n<td class=\"specTable-clm-0\" colspan=\"4\">Indicator lamp<\/td>\n<td class=\"specTable-clm-4\">7 segment display (0 to 999), output indicator (yellow)<\/td>\n<\/tr>\n<tr class=\"specTable-row\">\n<td class=\"specTable-clm-0\" colspan=\"4\">Control output<\/td>\n<td class=\"specTable-clm-4\">Open collector<br \/>\n30 V DC or less, 100 mA or less<br \/>\nResidual voltage: 1.2 V or less at 10 mA or less, 2 V or less at 10 to 100 mA<\/td>\n<\/tr>\n<tr class=\"specTable-row\">\n<td class=\"specTable-clm-0\" colspan=\"4\">Stop emission input<\/td>\n<td class=\"specTable-clm-4\">\u2013<\/td>\n<\/tr>\n<tr class=\"specTable-row\">\n<td class=\"specTable-clm-0\" colspan=\"4\">Protection circuit<\/td>\n<td class=\"specTable-clm-4\">Power supply reverse connection protection, power supply surge protection, output overcurrent protection, output surge protection, output reverse connection protection<\/td>\n<\/tr>\n<tr class=\"specTable-row\">\n<td class=\"specTable-clm-0\" rowspan=\"2\">Rating<\/td>\n<td class=\"specTable-clm-1\" colspan=\"3\">Power voltage<\/td>\n<td class=\"specTable-clm-4\">10 to 30 V DC including 10% ripple (P-P)<\/td>\n<\/tr>\n<tr class=\"specTable-row\">\n<td class=\"specTable-clm-1\" colspan=\"3\">Power consumption<\/td>\n<td class=\"specTable-clm-4\">450 mW or less (15 mA or less at 24 V, 21 mA or less at 12 V)<\/td>\n<\/tr>\n<tr class=\"specTable-row\">\n<td class=\"specTable-clm-0\" rowspan=\"9\">Environmental resistance<\/td>\n<td class=\"specTable-clm-1\" colspan=\"3\">Enclosure rating<\/td>\n<td class=\"specTable-clm-4\">IP68 (IEC60529), IP69K (DIN40050-9), 4X, 6P, 13 (NEMA250)<\/td>\n<\/tr>\n<tr class=\"specTable-row\">\n<td class=\"specTable-clm-1\" colspan=\"3\">Insulation resistance<\/td>\n<td class=\"specTable-clm-4\">20 M\u03a9 or more (500 V DC)<\/td>\n<\/tr>\n<tr class=\"specTable-row\">\n<td class=\"specTable-clm-1\" colspan=\"3\">Ambient light<\/td>\n<td class=\"specTable-clm-4\">Incandescent lamp 5,000 lx or less, sunlight: 20,000 lx or less<\/td>\n<\/tr>\n<tr class=\"specTable-row\">\n<td class=\"specTable-clm-1\" colspan=\"3\">Ambient temperature<\/td>\n<td class=\"specTable-clm-4\">-20 to +70\u00b0C (No freezing)<sup>*1<\/sup><\/td>\n<\/tr>\n<tr class=\"specTable-row\">\n<td class=\"specTable-clm-1\" colspan=\"3\">Storage temperature<\/td>\n<td class=\"specTable-clm-4\">-20 to +70\u00b0C<\/td>\n<\/tr>\n<tr class=\"specTable-row\">\n<td class=\"specTable-clm-1\" colspan=\"3\">Relative humidity<\/td>\n<td class=\"specTable-clm-4\">35 to 85% RH (No condensation)<\/td>\n<\/tr>\n<tr class=\"specTable-row\">\n<td class=\"specTable-clm-1\" colspan=\"3\">Withstand voltage<\/td>\n<td class=\"specTable-clm-4\">1,000 V AC 50\/60Hz 1 min<\/td>\n<\/tr>\n<tr class=\"specTable-row\">\n<td class=\"specTable-clm-1\" colspan=\"3\">Vibration resistance<\/td>\n<td class=\"specTable-clm-4\">10 to 55 Hz, double amplitude 1.5 mm, X, Y, Z each direction 2 hours<\/td>\n<\/tr>\n<tr class=\"specTable-row\">\n<td class=\"specTable-clm-1\" colspan=\"3\">Shock resistance<\/td>\n<td class=\"specTable-clm-4\">1,000 m\/s<sup>2<\/sup>, X, Y, Z each direction 6 times<\/td>\n<\/tr>\n<tr class=\"specTable-row\">\n<td class=\"specTable-clm-0\" colspan=\"4\">Material<\/td>\n<td class=\"specTable-clm-4\">Case: SUS 316L, Indicator cover: PES, 7 segment display\/lens cover: PMMA (Scratch-resistant coating)<\/td>\n<\/tr>\n<tr class=\"specTable-row\">\n<td class=\"specTable-clm-0\" colspan=\"4\">Accessories<\/td>\n<td class=\"specTable-clm-4\">Instruction Manual<\/td>\n<\/tr>\n<tr class=\"specTable-row\">\n<td class=\"specTable-clm-0\" colspan=\"4\">Weight<\/td>\n<td class=\"specTable-clm-4\">Approx. 75g<\/td>\n<\/tr>\n<tr class=\"specTable-foot\">\n<td class=\"specTable-clm-0\" colspan=\"5\"><sup>*1<\/sup>\u00a0When the ambient temperature is 60\u00b0C or higher, the device should be powered with no more than 24 VDC and 50 mA.<\/td>\n<\/tr>\n<\/tbody>\n<\/table>\n<\/div>\n<\/div>\n<\/div>\n<p>\u0110\u1ea1i l\u00fd Keyence vietnam, Keyence viet nam, Keyence vietnam distributor, Ph\u00e2n ph\u1ed1i Keyence t\u1ea1i vi\u1ec7t nam<\/p>\n<p>\u0110\u1ea1i l\u00fd Keyence vietnam, Keyence viet nam, Keyence vietnam distributor, Ph\u00e2n ph\u1ed1i Keyence t\u1ea1i vi\u1ec7t nam<\/p>\n<p>\u0110\u1ea1i l\u00fd Keyence vietnam, Keyence viet nam, Keyence vietnam distributor, Ph\u00e2n ph\u1ed1i Keyence t\u1ea1i vi\u1ec7t nam<\/p>\n<p>\u0110\u1ea1i l\u00fd Keyence vietnam, Keyence viet nam, Keyence vietnam distributor, Ph\u00e2n ph\u1ed1i Keyence t\u1ea1i vi\u1ec7t nam<\/p>\n<p>\u0110\u1ea1i l\u00fd Keyence vietnam, Keyence viet nam, Keyence vietnam distributor, Ph\u00e2n ph\u1ed1i Keyence t\u1ea1i vi\u1ec7t nam<\/p>\n<p>&nbsp;<\/p>\n","protected":false},"excerpt":{"rendered":"<p>KEYENCE PR-G42N C\u1ea3m bi\u1ebfn quang Keyence PZ-G42N 1. C\u1ea3m bi\u1ebfn quang Keyence PZ-G42N: M\u1eabu PZ-G42N Lo\u1ea1i S\u1ef1 ph\u1ea3n x\u1ea1 khu\u1ebfch t\u00e1n Ph\u1ea1m vi ng\u1eafn*1 H\u00ecnh d\u1ea1ng D\u1ea1ng h\u00ecnh ch\u1eef nh\u1eadt Ng\u00f5 ra NPN K\u1ebft n\u1ed1i d\u00e2y c\u00e1p C\u00e1p (2 m)*1 Kho\u1ea3ng c\u00e1ch ph\u00e1t hi\u1ec7n 300 mm (Khi ph\u00e1t hi\u1ec7n gi\u1ea5y&hellip; <\/p>\n","protected":false},"featured_media":1032,"comment_status":"open","ping_status":"closed","template":"","meta":{"om_disable_all_campaigns":false,"_monsterinsights_skip_tracking":false,"_monsterinsights_sitenote_active":false,"_monsterinsights_sitenote_note":"","_monsterinsights_sitenote_category":0},"product_cat":[15],"product_tag":[88,114,113],"class_list":{"0":"post-1031","1":"product","2":"type-product","3":"status-publish","4":"has-post-thumbnail","6":"product_cat-apex","7":"product_tag-cam-bien","8":"product_tag-dai-ly-keyence-viet-nam","9":"product_tag-keyence-viet-nam","11":"first","12":"instock","13":"shipping-taxable","14":"product-type-simple"},"aioseo_notices":[],"yoast_head":"<!-- This site is optimized with the Yoast SEO plugin v22.8 - https:\/\/yoast.com\/wordpress\/plugins\/seo\/ -->\n<title>KEYENCE PR-G42N - OMANI VI\u1ec6T NAM<\/title>\n<meta name=\"description\" content=\"C\u1ea3m bi\u1ebfn quang Keyence PZ-G42N\" \/>\n<meta name=\"robots\" content=\"index, follow, max-snippet:-1, max-image-preview:large, max-video-preview:-1\" \/>\n<link rel=\"canonical\" href=\"https:\/\/sipin.com.vn\/index.php\/product\/keyence-pr-g42n\/\" \/>\n<meta property=\"og:locale\" content=\"vi_VN\" \/>\n<meta property=\"og:type\" content=\"article\" \/>\n<meta property=\"og:title\" content=\"KEYENCE PR-G42N - OMANI VI\u1ec6T NAM\" \/>\n<meta property=\"og:description\" content=\"C\u1ea3m bi\u1ebfn quang Keyence PZ-G42N\" \/>\n<meta property=\"og:url\" content=\"https:\/\/sipin.com.vn\/index.php\/product\/keyence-pr-g42n\/\" \/>\n<meta property=\"og:site_name\" content=\"OMANI VI\u1ec6T NAM\" \/>\n<meta property=\"article:modified_time\" content=\"2024-07-14T22:09:18+00:00\" \/>\n<meta property=\"og:image\" content=\"https:\/\/sipin.com.vn\/wp-content\/uploads\/2024\/07\/PR-G42N.png\" \/>\n\t<meta property=\"og:image:width\" content=\"500\" \/>\n\t<meta property=\"og:image:height\" content=\"329\" \/>\n\t<meta property=\"og:image:type\" content=\"image\/png\" \/>\n<meta name=\"twitter:card\" content=\"summary_large_image\" \/>\n<meta name=\"twitter:label1\" content=\"\u01af\u1edbc t\u00ednh th\u1eddi gian \u0111\u1ecdc\" \/>\n\t<meta name=\"twitter:data1\" content=\"4 ph\u00fat\" \/>\n<script type=\"application\/ld+json\" class=\"yoast-schema-graph\">{\"@context\":\"https:\/\/schema.org\",\"@graph\":[{\"@type\":\"WebPage\",\"@id\":\"https:\/\/sipin.com.vn\/index.php\/product\/keyence-pr-g42n\/\",\"url\":\"https:\/\/sipin.com.vn\/index.php\/product\/keyence-pr-g42n\/\",\"name\":\"KEYENCE PR-G42N - OMANI VI\u1ec6T NAM\",\"isPartOf\":{\"@id\":\"https:\/\/sipin.com.vn\/#website\"},\"primaryImageOfPage\":{\"@id\":\"https:\/\/sipin.com.vn\/index.php\/product\/keyence-pr-g42n\/#primaryimage\"},\"image\":{\"@id\":\"https:\/\/sipin.com.vn\/index.php\/product\/keyence-pr-g42n\/#primaryimage\"},\"thumbnailUrl\":\"https:\/\/sipin.com.vn\/wp-content\/uploads\/2024\/07\/PR-G42N.png\",\"datePublished\":\"2024-07-06T22:22:44+00:00\",\"dateModified\":\"2024-07-14T22:09:18+00:00\",\"description\":\"C\u1ea3m bi\u1ebfn quang Keyence PZ-G42N\",\"breadcrumb\":{\"@id\":\"https:\/\/sipin.com.vn\/index.php\/product\/keyence-pr-g42n\/#breadcrumb\"},\"inLanguage\":\"vi\",\"potentialAction\":[{\"@type\":\"ReadAction\",\"target\":[\"https:\/\/sipin.com.vn\/index.php\/product\/keyence-pr-g42n\/\"]}]},{\"@type\":\"ImageObject\",\"inLanguage\":\"vi\",\"@id\":\"https:\/\/sipin.com.vn\/index.php\/product\/keyence-pr-g42n\/#primaryimage\",\"url\":\"https:\/\/sipin.com.vn\/wp-content\/uploads\/2024\/07\/PR-G42N.png\",\"contentUrl\":\"https:\/\/sipin.com.vn\/wp-content\/uploads\/2024\/07\/PR-G42N.png\",\"width\":500,\"height\":329},{\"@type\":\"BreadcrumbList\",\"@id\":\"https:\/\/sipin.com.vn\/index.php\/product\/keyence-pr-g42n\/#breadcrumb\",\"itemListElement\":[{\"@type\":\"ListItem\",\"position\":1,\"name\":\"Home\",\"item\":\"https:\/\/sipin.com.vn\/\"},{\"@type\":\"ListItem\",\"position\":2,\"name\":\"S\u1ea2N PH\u1ea8M\",\"item\":\"https:\/\/sipin.com.vn\/index.php\/cua-hang\/\"},{\"@type\":\"ListItem\",\"position\":3,\"name\":\"KEYENCE PR-G42N\"}]},{\"@type\":\"WebSite\",\"@id\":\"https:\/\/sipin.com.vn\/#website\",\"url\":\"https:\/\/sipin.com.vn\/\",\"name\":\"OMANI VI\u1ec6T NAM\",\"description\":\"Nh\u00e0 ph\u00e2n ph\u1ed1i thi\u1ebft b\u1ecb kh\u00ed n\u00e9n v\u00e0 thi\u1ebft b\u1ecb t\u1ef1 \u0111\u1ed9ng h\u00f3a trong c\u00f4ng nghi\u1ec7p\",\"publisher\":{\"@id\":\"https:\/\/sipin.com.vn\/#\/schema\/person\/0ad398a980dc3fd696111c2c5c8fa897\"},\"potentialAction\":[{\"@type\":\"SearchAction\",\"target\":{\"@type\":\"EntryPoint\",\"urlTemplate\":\"https:\/\/sipin.com.vn\/?s={search_term_string}\"},\"query-input\":\"required name=search_term_string\"}],\"inLanguage\":\"vi\"},{\"@type\":[\"Person\",\"Organization\"],\"@id\":\"https:\/\/sipin.com.vn\/#\/schema\/person\/0ad398a980dc3fd696111c2c5c8fa897\",\"name\":\"Nguy\u1ec5n V\u0103n Kh\u00e1nh\",\"image\":{\"@type\":\"ImageObject\",\"inLanguage\":\"vi\",\"@id\":\"https:\/\/sipin.com.vn\/#\/schema\/person\/image\/\",\"url\":\"https:\/\/sipin.com.vn\/wp-content\/uploads\/2024\/06\/logo-1024x1024.png\",\"contentUrl\":\"https:\/\/sipin.com.vn\/wp-content\/uploads\/2024\/06\/logo-1024x1024.png\",\"width\":1024,\"height\":1024,\"caption\":\"Nguy\u1ec5n V\u0103n Kh\u00e1nh\"},\"logo\":{\"@id\":\"https:\/\/sipin.com.vn\/#\/schema\/person\/image\/\"},\"sameAs\":[\"https:\/\/sipin.com.vn\"]}]}<\/script>\n<!-- \/ Yoast SEO plugin. -->","yoast_head_json":{"title":"KEYENCE PR-G42N - OMANI VI\u1ec6T NAM","description":"C\u1ea3m bi\u1ebfn quang Keyence PZ-G42N","robots":{"index":"index","follow":"follow","max-snippet":"max-snippet:-1","max-image-preview":"max-image-preview:large","max-video-preview":"max-video-preview:-1"},"canonical":"https:\/\/sipin.com.vn\/index.php\/product\/keyence-pr-g42n\/","og_locale":"vi_VN","og_type":"article","og_title":"KEYENCE PR-G42N - OMANI VI\u1ec6T NAM","og_description":"C\u1ea3m bi\u1ebfn quang Keyence PZ-G42N","og_url":"https:\/\/sipin.com.vn\/index.php\/product\/keyence-pr-g42n\/","og_site_name":"OMANI VI\u1ec6T NAM","article_modified_time":"2024-07-14T22:09:18+00:00","og_image":[{"width":500,"height":329,"url":"https:\/\/sipin.com.vn\/wp-content\/uploads\/2024\/07\/PR-G42N.png","type":"image\/png"}],"twitter_card":"summary_large_image","twitter_misc":{"\u01af\u1edbc t\u00ednh th\u1eddi gian \u0111\u1ecdc":"4 ph\u00fat"},"schema":{"@context":"https:\/\/schema.org","@graph":[{"@type":"WebPage","@id":"https:\/\/sipin.com.vn\/index.php\/product\/keyence-pr-g42n\/","url":"https:\/\/sipin.com.vn\/index.php\/product\/keyence-pr-g42n\/","name":"KEYENCE PR-G42N - OMANI VI\u1ec6T NAM","isPartOf":{"@id":"https:\/\/sipin.com.vn\/#website"},"primaryImageOfPage":{"@id":"https:\/\/sipin.com.vn\/index.php\/product\/keyence-pr-g42n\/#primaryimage"},"image":{"@id":"https:\/\/sipin.com.vn\/index.php\/product\/keyence-pr-g42n\/#primaryimage"},"thumbnailUrl":"https:\/\/sipin.com.vn\/wp-content\/uploads\/2024\/07\/PR-G42N.png","datePublished":"2024-07-06T22:22:44+00:00","dateModified":"2024-07-14T22:09:18+00:00","description":"C\u1ea3m bi\u1ebfn quang Keyence PZ-G42N","breadcrumb":{"@id":"https:\/\/sipin.com.vn\/index.php\/product\/keyence-pr-g42n\/#breadcrumb"},"inLanguage":"vi","potentialAction":[{"@type":"ReadAction","target":["https:\/\/sipin.com.vn\/index.php\/product\/keyence-pr-g42n\/"]}]},{"@type":"ImageObject","inLanguage":"vi","@id":"https:\/\/sipin.com.vn\/index.php\/product\/keyence-pr-g42n\/#primaryimage","url":"https:\/\/sipin.com.vn\/wp-content\/uploads\/2024\/07\/PR-G42N.png","contentUrl":"https:\/\/sipin.com.vn\/wp-content\/uploads\/2024\/07\/PR-G42N.png","width":500,"height":329},{"@type":"BreadcrumbList","@id":"https:\/\/sipin.com.vn\/index.php\/product\/keyence-pr-g42n\/#breadcrumb","itemListElement":[{"@type":"ListItem","position":1,"name":"Home","item":"https:\/\/sipin.com.vn\/"},{"@type":"ListItem","position":2,"name":"S\u1ea2N PH\u1ea8M","item":"https:\/\/sipin.com.vn\/index.php\/cua-hang\/"},{"@type":"ListItem","position":3,"name":"KEYENCE PR-G42N"}]},{"@type":"WebSite","@id":"https:\/\/sipin.com.vn\/#website","url":"https:\/\/sipin.com.vn\/","name":"OMANI VI\u1ec6T NAM","description":"Nh\u00e0 ph\u00e2n ph\u1ed1i thi\u1ebft b\u1ecb kh\u00ed n\u00e9n v\u00e0 thi\u1ebft b\u1ecb t\u1ef1 \u0111\u1ed9ng h\u00f3a trong c\u00f4ng nghi\u1ec7p","publisher":{"@id":"https:\/\/sipin.com.vn\/#\/schema\/person\/0ad398a980dc3fd696111c2c5c8fa897"},"potentialAction":[{"@type":"SearchAction","target":{"@type":"EntryPoint","urlTemplate":"https:\/\/sipin.com.vn\/?s={search_term_string}"},"query-input":"required name=search_term_string"}],"inLanguage":"vi"},{"@type":["Person","Organization"],"@id":"https:\/\/sipin.com.vn\/#\/schema\/person\/0ad398a980dc3fd696111c2c5c8fa897","name":"Nguy\u1ec5n V\u0103n Kh\u00e1nh","image":{"@type":"ImageObject","inLanguage":"vi","@id":"https:\/\/sipin.com.vn\/#\/schema\/person\/image\/","url":"https:\/\/sipin.com.vn\/wp-content\/uploads\/2024\/06\/logo-1024x1024.png","contentUrl":"https:\/\/sipin.com.vn\/wp-content\/uploads\/2024\/06\/logo-1024x1024.png","width":1024,"height":1024,"caption":"Nguy\u1ec5n V\u0103n Kh\u00e1nh"},"logo":{"@id":"https:\/\/sipin.com.vn\/#\/schema\/person\/image\/"},"sameAs":["https:\/\/sipin.com.vn"]}]}},"_links":{"self":[{"href":"https:\/\/sipin.com.vn\/index.php\/wp-json\/wp\/v2\/product\/1031","targetHints":{"allow":["GET"]}}],"collection":[{"href":"https:\/\/sipin.com.vn\/index.php\/wp-json\/wp\/v2\/product"}],"about":[{"href":"https:\/\/sipin.com.vn\/index.php\/wp-json\/wp\/v2\/types\/product"}],"replies":[{"embeddable":true,"href":"https:\/\/sipin.com.vn\/index.php\/wp-json\/wp\/v2\/comments?post=1031"}],"wp:featuredmedia":[{"embeddable":true,"href":"https:\/\/sipin.com.vn\/index.php\/wp-json\/wp\/v2\/media\/1032"}],"wp:attachment":[{"href":"https:\/\/sipin.com.vn\/index.php\/wp-json\/wp\/v2\/media?parent=1031"}],"wp:term":[{"taxonomy":"product_cat","embeddable":true,"href":"https:\/\/sipin.com.vn\/index.php\/wp-json\/wp\/v2\/product_cat?post=1031"},{"taxonomy":"product_tag","embeddable":true,"href":"https:\/\/sipin.com.vn\/index.php\/wp-json\/wp\/v2\/product_tag?post=1031"}],"curies":[{"name":"wp","href":"https:\/\/api.w.org\/{rel}","templated":true}]}}