{"id":1025,"date":"2024-07-07T05:01:03","date_gmt":"2024-07-06T22:01:03","guid":{"rendered":"https:\/\/omanivietnam.com\/?post_type=product&#038;p=1025"},"modified":"2024-07-15T05:35:42","modified_gmt":"2024-07-14T22:35:42","slug":"keyence-gt2-71n","status":"publish","type":"product","link":"https:\/\/sipin.com.vn\/index.php\/product\/keyence-gt2-71n\/","title":{"rendered":"KEYENCE GT2-71N"},"content":{"rendered":"<p>KEYENCE GT2-71N<\/p>\n<p class=\"title-product item_name\">C\u1ea3m bi\u1ebfn Keyence GT2-71N<\/p>\n<p>1. B\u1ed9 khu\u1ebfch \u0111\u1ea1i\u00a0GT2-71N:<\/p>\n<div>M\u1eabu: GT2-71N<br \/>\nLo\u1ea1i l\u1eafp \u0111\u1eb7t: L\u1eafp tr\u00ean thanh ngang (DIN-rail)<br \/>\nLo\u1ea1i ng\u00f5 ra: Ng\u00f5 ra NPN<br \/>\nThi\u1ebft b\u1ecb ch\u00ednh\/Kh\u1ed1i m\u1edf r\u1ed9ng: Thi\u1ebft b\u1ecb ch\u00ednh<br \/>\n\u0110i\u1ec7n \u00e1p ngu\u1ed3n cung c\u1ea5p: 10 \u0111\u1ebfn 30 VDC, bao g\u1ed3m 10 % \u0111\u1ed9 g\u1ee3n (p-p)<br \/>\nC\u00f4ng su\u1ea5t ti\u00eau th\u1ee5<br \/>\nB\u00ecnh th\u01b0\u1eddng: T\u1ed1i \u0111a 2,200 mW (30 V, c\u1ef1c \u0111\u1ea1i 73,3 mA)<br \/>\nTi\u1ebft ki\u1ec7m \u0111i\u1ec7n (Eco): T\u1ed1i \u0111a 1,700 mW (30 V, c\u1ef1c \u0111\u1ea1i 56,7 mA)<br \/>\nNgu\u1ed3n \u0111i\u1ec7n m\u00e0nh\u00ecnh hi\u1ec3n th\u1ecb<br \/>\nM\u00e0n h\u00ecnh hi\u1ec3n th\u1ecb gi\u00e1 tr\u1ecb\u0111\u01b0\u1ee3c \u0111o: 6 + \u0110\u00e8n LED 1\/2-ch\u1eef s\u1ed1 7-\u0111o\u1ea1n (m\u00e0u \u0111\u1ecf)<br \/>\nC\u00e1c m\u00e0n h\u00ecnh hi\u1ec3n th\u1ecbkh\u00e1c<br \/>\nM\u00e0n h\u00ecnh hi\u1ec3n th\u1ecb thanh \u0111\u00e8n LED 2 m\u00e0u 13 m\u1ee9c (m\u00e0u \u0111\u1ecf, m\u00e0u xanh l\u00e1 c\u00e2y), \u0111\u00e8n b\u00e1o (m\u00e0u \u0111\u1ecf, m\u00e0u xanh l\u00e1 c\u00e2y)<br \/>\nPh\u1ea1m vi hi\u1ec3n th\u1ecb: -199,9999 \u0111\u1ebfn 199,9999<br \/>\n\u0110\u1ed9 ph\u00e2n gi\u1ea3i m\u00e0n h\u00ecnh: 0,1 \u03bcm<\/div>\n<p>2. C\u00e1c m\u00e3 h\u00e0ng t\u01b0\u01a1ng \u0111\u01b0\u01a1ng B\u1ed9 khu\u1ebfch \u0111\u1ea1i\u00a0GT2-71N:<\/p>\n<div>\n<div>GT2-100P<br \/>\nGT2-71CN<br \/>\nGT2-71CP<br \/>\nGT2-71D<br \/>\nGT2-71MCN<br \/>\nGT2-71MCP<br \/>\nGT2-71N<br \/>\nGT2-71P<br \/>\nGT2-72CN<br \/>\nGT2-72CP<br \/>\nGT2-72N<br \/>\nGT2-72P<br \/>\nGT2-75N<br \/>\nGT2-75P<br \/>\nGT2-76N<br \/>\nGT2-76P<\/div>\n<\/div>\n<p>Kh\u1ed1i khu\u1ebfch \u0111\u1ea1i, lo\u1ea1i thanh ngang (DIN-rail), NPN<\/p>\n<h2 class=\"prd-utility-heading-3 prd-utility-marginBottom-7\">Th\u00f4ng s\u1ed1 k\u1ef9 thu\u1eadt<\/h2>\n<div class=\"prd-specsTable prd-utility-focusRing\" style=\"padding: 0px;margin: 0px;color: #484b4c;font-family: myriad-pro, helvetica, Arial, meiryo, sans-serif;font-size: 17px;font-style: normal;font-weight: 400;letter-spacing: normal;text-align: left;text-indent: 0px;text-transform: none;background-color: #fafafa\" data-controller=\"horizontal-scroll-state scroll-to-coord\" data-action=\"resize@window-&gt;horizontal-scroll-state#setOverflowing scroll-&gt;horizontal-scroll-state#setScrolled\" data-horizontal-scroll-state-target=\"container\" data-horizontal-scroll-state-overflowing-class=\"is-overflowing\" data-horizontal-scroll-state-has-scrolled-class=\"is-hasScrolled\" data-scroll-to-coord-target=\"container\">\n<div class=\"prd-utility-body-small\">\n<div class=\"specTable-block\">\n<table class=\"specTable-stibo-3282397\">\n<tbody>\n<tr class=\"specTable-row\">\n<td class=\"specTable-clm-0\" colspan=\"4\">M\u1eabu<\/td>\n<td class=\"specTable-clm-4\">GT2-71N<\/td>\n<\/tr>\n<tr class=\"specTable-row\">\n<td class=\"specTable-clm-0\" colspan=\"4\">Lo\u1ea1i l\u1eafp \u0111\u1eb7t<\/td>\n<td class=\"specTable-clm-4\">L\u1eafp tr\u00ean thanh ngang (DIN-rail)<\/td>\n<\/tr>\n<tr class=\"specTable-row\">\n<td class=\"specTable-clm-0\" colspan=\"4\">Lo\u1ea1i ng\u00f5 ra<\/td>\n<td class=\"specTable-clm-4\">Ng\u00f5 ra NPN<\/td>\n<\/tr>\n<tr class=\"specTable-row\">\n<td class=\"specTable-clm-0\" colspan=\"4\">Thi\u1ebft b\u1ecb ch\u00ednh\/Kh\u1ed1i m\u1edf r\u1ed9ng<\/td>\n<td class=\"specTable-clm-4\">Thi\u1ebft b\u1ecb ch\u00ednh<\/td>\n<\/tr>\n<tr class=\"specTable-row\">\n<td class=\"specTable-clm-0\" colspan=\"4\">\u0110i\u1ec7n \u00e1p ngu\u1ed3n cung c\u1ea5p<\/td>\n<td class=\"specTable-clm-4\">10 \u0111\u1ebfn 30 VDC, bao g\u1ed3m 10 % \u0111\u1ed9 g\u1ee3n (p-p)<\/td>\n<\/tr>\n<tr class=\"specTable-row\">\n<td class=\"specTable-clm-0\" rowspan=\"2\">C\u00f4ng su\u1ea5t ti\u00eau th\u1ee5<\/td>\n<td class=\"specTable-clm-1\" colspan=\"3\">B\u00ecnh th\u01b0\u1eddng<\/td>\n<td class=\"specTable-clm-4\">T\u1ed1i \u0111a 2,200 mW (30 V, c\u1ef1c \u0111\u1ea1i 73,3 mA)<\/td>\n<\/tr>\n<tr class=\"specTable-row\">\n<td class=\"specTable-clm-1\" colspan=\"3\">Ti\u1ebft ki\u1ec7m \u0111i\u1ec7n (Eco)<\/td>\n<td class=\"specTable-clm-4\">T\u1ed1i \u0111a 1,700 mW (30 V, c\u1ef1c \u0111\u1ea1i 56,7 mA)<\/td>\n<\/tr>\n<tr class=\"specTable-row\">\n<td class=\"specTable-clm-0\" rowspan=\"2\">Ngu\u1ed3n \u0111i\u1ec7n m\u00e0nh\u00ecnh hi\u1ec3n th\u1ecb<\/td>\n<td class=\"specTable-clm-1\" colspan=\"3\">M\u00e0n h\u00ecnh hi\u1ec3n th\u1ecb gi\u00e1 tr\u1ecb\u0111\u01b0\u1ee3c \u0111o<\/td>\n<td class=\"specTable-clm-4\">6 + \u0110\u00e8n LED 1\/2-ch\u1eef s\u1ed1 7-\u0111o\u1ea1n (m\u00e0u \u0111\u1ecf)<\/td>\n<\/tr>\n<tr class=\"specTable-row\">\n<td class=\"specTable-clm-1\" colspan=\"3\">C\u00e1c m\u00e0n h\u00ecnh hi\u1ec3n th\u1ecbkh\u00e1c<\/td>\n<td class=\"specTable-clm-4\">M\u00e0n h\u00ecnh hi\u1ec3n th\u1ecb thanh \u0111\u00e8n LED 2 m\u00e0u 13 m\u1ee9c (m\u00e0u \u0111\u1ecf, m\u00e0u xanh l\u00e1 c\u00e2y), \u0111\u00e8n b\u00e1o (m\u00e0u \u0111\u1ecf, m\u00e0u xanh l\u00e1 c\u00e2y)<\/td>\n<\/tr>\n<tr class=\"specTable-row\">\n<td class=\"specTable-clm-0\" colspan=\"4\">Ph\u1ea1m vi hi\u1ec3n th\u1ecb<\/td>\n<td class=\"specTable-clm-4\">-199,9999 \u0111\u1ebfn 199,9999<\/td>\n<\/tr>\n<tr class=\"specTable-row\">\n<td class=\"specTable-clm-0\" colspan=\"4\">\u0110\u1ed9 ph\u00e2n gi\u1ea3i m\u00e0n h\u00ecnh<\/td>\n<td class=\"specTable-clm-4\">0,1 \u03bcm<\/td>\n<\/tr>\n<tr class=\"specTable-row\">\n<td class=\"specTable-clm-0\">Ng\u00f5 v\u00e0o<br \/>\n\u0111i\u1ec1u khi\u1ec3n<\/td>\n<td class=\"specTable-clm-1\" colspan=\"3\">Ng\u00f5 v\u00e0o h\u1eb9n gi\u1edd\/thi\u1ebft l\u1eadp tr\u01b0\u1edbc\/t\u1ee5 \u0111i\u1ec7n<\/td>\n<td class=\"specTable-clm-4\">Th\u1eddi gian ng\u00f5 v\u00e0o<br \/>\nNg\u00f5 v\u00e0o h\u1eb9n gi\u1edd: T\u1ed1i thi\u1ec3u 2 ms<br \/>\nNg\u00f5 v\u00e0o thi\u1ebft l\u1eadp tr\u01b0\u1edbc\/thi\u1ebft l\u1eadp tr\u01b0\u1edbc\/t\u1ee5 \u0111i\u1ec7n: T\u1ed1i thi\u1ec3u 20 ms<\/td>\n<\/tr>\n<tr class=\"specTable-row\">\n<td class=\"specTable-clm-0\">Ng\u00f5 ra \u0111i\u1ec1u khi\u1ec3n<\/td>\n<td class=\"specTable-clm-1\" colspan=\"3\">HH \/ High \/ Go \/<br \/>\nLow \/ LL<\/td>\n<td class=\"specTable-clm-4\">NPN c\u1ef1c thu \u0111\u1ec3 h\u1edf, kh\u00f4ng c\u00f3 \u0111i\u1ec7n \u00e1p ng\u00f5 ra, D\u00f2ng \u0111i\u1ec7n c\u00f3 th\u1ec3 \u00e1p d\u1ee5ng: 50 mA,<br \/>\n\u0110i\u1ec7n \u00e1p c\u00f3 th\u1ec3 \u00e1p d\u1ee5ng t\u1ed1i \u0111a: 40 V<br \/>\n\u0110i\u1ec7n \u00e1p d\u01b0 khi B\u1eacT: T\u1ed1i \u0111a 1 V* C\u00f4ng t\u1eafc ch\u1ecdn Th\u01b0\u1eddng m\u1edf\/Th\u01b0\u1eddng \u0111\u00f3ng<br \/>\n(GT2-71MCN\/71MCP: HH v\u00e0 LL kh\u00f4ng c\u00f3 s\u1eb5n.)<\/td>\n<\/tr>\n<tr class=\"specTable-row\">\n<td class=\"specTable-clm-0\" colspan=\"4\">Ng\u00f5 ra Analog<\/td>\n<td class=\"specTable-clm-4\">&#8211;<\/td>\n<\/tr>\n<tr class=\"specTable-row\">\n<td class=\"specTable-clm-0\" colspan=\"4\">Th\u1eddi gian \u0111\u00e1p \u1ee9ng<\/td>\n<td class=\"specTable-clm-4\">hsp (3)\/5\/10\/100\/500\/1000 ms<br \/>\n(Khi s\u1eed d\u1ee5ng GT2-Pxxx, hsp (12)\/20\/40\/400\/2000\/4000 ms)<\/td>\n<\/tr>\n<tr class=\"specTable-row\">\n<td class=\"specTable-clm-0\" rowspan=\"3\">Kh\u1ea3 n\u0103ng ch\u1ed1ng ch\u1ecbu v\u1edbi m\u00f4i tr\u01b0\u1eddng<\/td>\n<td class=\"specTable-clm-1\" colspan=\"3\">Nhi\u1ec7t \u0111\u1ed9 m\u00f4i tr\u01b0\u1eddng xung quanh<\/td>\n<td class=\"specTable-clm-4\">-10 \u0111\u1ebfn +50 \u00b0C (GT2-71MCN\/71MCP: -10 \u0111\u1ebfn +45 \u00b0C khi kh\u1ed1i m\u1edf r\u1ed9ng \u0111\u01b0\u1ee3c k\u1ebft n\u1ed1i)<\/td>\n<\/tr>\n<tr class=\"specTable-row\">\n<td class=\"specTable-clm-1\" colspan=\"3\">\u0110\u1ed9 \u1ea9m m\u00f4i tr\u01b0\u1eddng xung quanh<\/td>\n<td class=\"specTable-clm-4\">35 \u0111\u1ebfn 85 % RH (Kh\u00f4ng ng\u01b0ng t\u1ee5)<\/td>\n<\/tr>\n<tr class=\"specTable-row\">\n<td class=\"specTable-clm-1\" colspan=\"3\">Ch\u1ed1ng ch\u1ecbu rung<\/td>\n<td class=\"specTable-clm-4\">10 \u0111\u1ebfn 55 Hz, 1,5 mm Bi\u00ean \u0111\u1ed9 k\u00e9p theo c\u00e1c h\u01b0\u1edbng X, Y, Z t\u01b0\u01a1ng \u1ee9ng, 2 gi\u1edd<\/td>\n<\/tr>\n<tr class=\"specTable-row\">\n<td class=\"specTable-clm-0\" colspan=\"4\">V\u1eadt li\u1ec7u<\/td>\n<td class=\"specTable-clm-4\">V\u1ecf th\u00e2n m\u00e1y ch\u00ednh: Polycarbonate, Ch\u00f3p kh\u00f3a: Polyacetal, T\u1ea5m m\u1eb7t tr\u01b0\u1edbc: PET, C\u00e1p: PVC<\/td>\n<\/tr>\n<tr class=\"specTable-row\">\n<td class=\"specTable-clm-0\" colspan=\"4\">Kh\u1ed1i l\u01b0\u1ee3ng<\/td>\n<td class=\"specTable-clm-4\">X\u1ea5p x\u1ec9 140 g (bao g\u1ed3m c\u00e1p ngu\u1ed3n \u0111i\u1ec7n)<\/td>\n<\/tr>\n<\/tbody>\n<\/table>\n<\/div>\n<\/div>\n<p>\u0110\u1ea1i l\u00fd Keyence vietnam, Keyence viet nam, Keyence vietnam distributor, Ph\u00e2n ph\u1ed1i Keyence t\u1ea1i vi\u1ec7t nam<\/p>\n<p>\u0110\u1ea1i l\u00fd Keyence vietnam, Keyence viet nam, Keyence vietnam distributor, Ph\u00e2n ph\u1ed1i Keyence t\u1ea1i vi\u1ec7t nam<\/p>\n<p>\u0110\u1ea1i l\u00fd Keyence vietnam, Keyence viet nam, Keyence vietnam distributor, Ph\u00e2n ph\u1ed1i Keyence t\u1ea1i vi\u1ec7t nam<\/p>\n<p>\u0110\u1ea1i l\u00fd Keyence vietnam, Keyence viet nam, Keyence vietnam distributor, Ph\u00e2n ph\u1ed1i Keyence t\u1ea1i vi\u1ec7t nam<\/p>\n<p>\u0110\u1ea1i l\u00fd Keyence vietnam, Keyence viet nam, Keyence vietnam distributor, Ph\u00e2n ph\u1ed1i Keyence t\u1ea1i vi\u1ec7t nam<\/p>\n<\/div>\n","protected":false},"excerpt":{"rendered":"<p>KEYENCE GT2-71N C\u1ea3m bi\u1ebfn Keyence GT2-71N 1. B\u1ed9 khu\u1ebfch \u0111\u1ea1i\u00a0GT2-71N: M\u1eabu: GT2-71N Lo\u1ea1i l\u1eafp \u0111\u1eb7t: L\u1eafp tr\u00ean thanh ngang (DIN-rail) Lo\u1ea1i ng\u00f5 ra: Ng\u00f5 ra NPN Thi\u1ebft b\u1ecb ch\u00ednh\/Kh\u1ed1i m\u1edf r\u1ed9ng: Thi\u1ebft b\u1ecb ch\u00ednh \u0110i\u1ec7n \u00e1p ngu\u1ed3n cung c\u1ea5p: 10 \u0111\u1ebfn 30 VDC, bao g\u1ed3m 10 % \u0111\u1ed9 g\u1ee3n (p-p)&hellip; <\/p>\n","protected":false},"featured_media":1026,"comment_status":"open","ping_status":"closed","template":"","meta":{"om_disable_all_campaigns":false,"_monsterinsights_skip_tracking":false,"_monsterinsights_sitenote_active":false,"_monsterinsights_sitenote_note":"","_monsterinsights_sitenote_category":0},"product_cat":[15],"product_tag":[88,114,113],"class_list":{"0":"post-1025","1":"product","2":"type-product","3":"status-publish","4":"has-post-thumbnail","6":"product_cat-apex","7":"product_tag-cam-bien","8":"product_tag-dai-ly-keyence-viet-nam","9":"product_tag-keyence-viet-nam","11":"first","12":"instock","13":"shipping-taxable","14":"product-type-simple"},"aioseo_notices":[],"yoast_head":"<!-- This site is optimized with the Yoast SEO plugin v22.8 - https:\/\/yoast.com\/wordpress\/plugins\/seo\/ -->\n<title>KEYENCE GT2-71N - OMANI VI\u1ec6T NAM<\/title>\n<meta name=\"description\" content=\"GT2-71N - c\u1ea3m bi\u1ebfn, lo\u1ea1i thanh ngang (DIN-rail)\" \/>\n<meta name=\"robots\" content=\"index, follow, max-snippet:-1, max-image-preview:large, max-video-preview:-1\" \/>\n<link rel=\"canonical\" href=\"https:\/\/sipin.com.vn\/index.php\/product\/keyence-gt2-71n\/\" \/>\n<meta property=\"og:locale\" content=\"vi_VN\" \/>\n<meta property=\"og:type\" content=\"article\" \/>\n<meta property=\"og:title\" content=\"KEYENCE GT2-71N - OMANI VI\u1ec6T NAM\" \/>\n<meta property=\"og:description\" content=\"GT2-71N - c\u1ea3m bi\u1ebfn, lo\u1ea1i thanh ngang (DIN-rail)\" \/>\n<meta property=\"og:url\" content=\"https:\/\/sipin.com.vn\/index.php\/product\/keyence-gt2-71n\/\" \/>\n<meta property=\"og:site_name\" content=\"OMANI VI\u1ec6T NAM\" \/>\n<meta property=\"article:modified_time\" content=\"2024-07-14T22:35:42+00:00\" \/>\n<meta property=\"og:image\" content=\"https:\/\/sipin.com.vn\/wp-content\/uploads\/2024\/07\/GT2-71N.png\" \/>\n\t<meta property=\"og:image:width\" content=\"476\" \/>\n\t<meta property=\"og:image:height\" content=\"561\" \/>\n\t<meta property=\"og:image:type\" content=\"image\/png\" \/>\n<meta name=\"twitter:card\" content=\"summary_large_image\" \/>\n<meta name=\"twitter:label1\" content=\"\u01af\u1edbc t\u00ednh th\u1eddi gian \u0111\u1ecdc\" \/>\n\t<meta name=\"twitter:data1\" content=\"4 ph\u00fat\" \/>\n<script type=\"application\/ld+json\" class=\"yoast-schema-graph\">{\"@context\":\"https:\/\/schema.org\",\"@graph\":[{\"@type\":\"WebPage\",\"@id\":\"https:\/\/sipin.com.vn\/index.php\/product\/keyence-gt2-71n\/\",\"url\":\"https:\/\/sipin.com.vn\/index.php\/product\/keyence-gt2-71n\/\",\"name\":\"KEYENCE GT2-71N - OMANI VI\u1ec6T NAM\",\"isPartOf\":{\"@id\":\"https:\/\/sipin.com.vn\/#website\"},\"primaryImageOfPage\":{\"@id\":\"https:\/\/sipin.com.vn\/index.php\/product\/keyence-gt2-71n\/#primaryimage\"},\"image\":{\"@id\":\"https:\/\/sipin.com.vn\/index.php\/product\/keyence-gt2-71n\/#primaryimage\"},\"thumbnailUrl\":\"https:\/\/sipin.com.vn\/wp-content\/uploads\/2024\/07\/GT2-71N.png\",\"datePublished\":\"2024-07-06T22:01:03+00:00\",\"dateModified\":\"2024-07-14T22:35:42+00:00\",\"description\":\"GT2-71N - c\u1ea3m bi\u1ebfn, lo\u1ea1i thanh ngang (DIN-rail)\",\"breadcrumb\":{\"@id\":\"https:\/\/sipin.com.vn\/index.php\/product\/keyence-gt2-71n\/#breadcrumb\"},\"inLanguage\":\"vi\",\"potentialAction\":[{\"@type\":\"ReadAction\",\"target\":[\"https:\/\/sipin.com.vn\/index.php\/product\/keyence-gt2-71n\/\"]}]},{\"@type\":\"ImageObject\",\"inLanguage\":\"vi\",\"@id\":\"https:\/\/sipin.com.vn\/index.php\/product\/keyence-gt2-71n\/#primaryimage\",\"url\":\"https:\/\/sipin.com.vn\/wp-content\/uploads\/2024\/07\/GT2-71N.png\",\"contentUrl\":\"https:\/\/sipin.com.vn\/wp-content\/uploads\/2024\/07\/GT2-71N.png\",\"width\":476,\"height\":561},{\"@type\":\"BreadcrumbList\",\"@id\":\"https:\/\/sipin.com.vn\/index.php\/product\/keyence-gt2-71n\/#breadcrumb\",\"itemListElement\":[{\"@type\":\"ListItem\",\"position\":1,\"name\":\"Home\",\"item\":\"https:\/\/sipin.com.vn\/\"},{\"@type\":\"ListItem\",\"position\":2,\"name\":\"S\u1ea2N PH\u1ea8M\",\"item\":\"https:\/\/sipin.com.vn\/index.php\/cua-hang\/\"},{\"@type\":\"ListItem\",\"position\":3,\"name\":\"KEYENCE GT2-71N\"}]},{\"@type\":\"WebSite\",\"@id\":\"https:\/\/sipin.com.vn\/#website\",\"url\":\"https:\/\/sipin.com.vn\/\",\"name\":\"OMANI VI\u1ec6T NAM\",\"description\":\"Nh\u00e0 ph\u00e2n ph\u1ed1i thi\u1ebft b\u1ecb kh\u00ed n\u00e9n v\u00e0 thi\u1ebft b\u1ecb t\u1ef1 \u0111\u1ed9ng h\u00f3a trong c\u00f4ng nghi\u1ec7p\",\"publisher\":{\"@id\":\"https:\/\/sipin.com.vn\/#\/schema\/person\/0ad398a980dc3fd696111c2c5c8fa897\"},\"potentialAction\":[{\"@type\":\"SearchAction\",\"target\":{\"@type\":\"EntryPoint\",\"urlTemplate\":\"https:\/\/sipin.com.vn\/?s={search_term_string}\"},\"query-input\":\"required name=search_term_string\"}],\"inLanguage\":\"vi\"},{\"@type\":[\"Person\",\"Organization\"],\"@id\":\"https:\/\/sipin.com.vn\/#\/schema\/person\/0ad398a980dc3fd696111c2c5c8fa897\",\"name\":\"Nguy\u1ec5n V\u0103n Kh\u00e1nh\",\"image\":{\"@type\":\"ImageObject\",\"inLanguage\":\"vi\",\"@id\":\"https:\/\/sipin.com.vn\/#\/schema\/person\/image\/\",\"url\":\"https:\/\/sipin.com.vn\/wp-content\/uploads\/2024\/06\/logo-1024x1024.png\",\"contentUrl\":\"https:\/\/sipin.com.vn\/wp-content\/uploads\/2024\/06\/logo-1024x1024.png\",\"width\":1024,\"height\":1024,\"caption\":\"Nguy\u1ec5n V\u0103n Kh\u00e1nh\"},\"logo\":{\"@id\":\"https:\/\/sipin.com.vn\/#\/schema\/person\/image\/\"},\"sameAs\":[\"https:\/\/sipin.com.vn\"]}]}<\/script>\n<!-- \/ Yoast SEO plugin. -->","yoast_head_json":{"title":"KEYENCE GT2-71N - OMANI VI\u1ec6T NAM","description":"GT2-71N - c\u1ea3m bi\u1ebfn, lo\u1ea1i thanh ngang (DIN-rail)","robots":{"index":"index","follow":"follow","max-snippet":"max-snippet:-1","max-image-preview":"max-image-preview:large","max-video-preview":"max-video-preview:-1"},"canonical":"https:\/\/sipin.com.vn\/index.php\/product\/keyence-gt2-71n\/","og_locale":"vi_VN","og_type":"article","og_title":"KEYENCE GT2-71N - OMANI VI\u1ec6T NAM","og_description":"GT2-71N - c\u1ea3m bi\u1ebfn, lo\u1ea1i thanh ngang (DIN-rail)","og_url":"https:\/\/sipin.com.vn\/index.php\/product\/keyence-gt2-71n\/","og_site_name":"OMANI VI\u1ec6T NAM","article_modified_time":"2024-07-14T22:35:42+00:00","og_image":[{"width":476,"height":561,"url":"https:\/\/sipin.com.vn\/wp-content\/uploads\/2024\/07\/GT2-71N.png","type":"image\/png"}],"twitter_card":"summary_large_image","twitter_misc":{"\u01af\u1edbc t\u00ednh th\u1eddi gian \u0111\u1ecdc":"4 ph\u00fat"},"schema":{"@context":"https:\/\/schema.org","@graph":[{"@type":"WebPage","@id":"https:\/\/sipin.com.vn\/index.php\/product\/keyence-gt2-71n\/","url":"https:\/\/sipin.com.vn\/index.php\/product\/keyence-gt2-71n\/","name":"KEYENCE GT2-71N - OMANI VI\u1ec6T NAM","isPartOf":{"@id":"https:\/\/sipin.com.vn\/#website"},"primaryImageOfPage":{"@id":"https:\/\/sipin.com.vn\/index.php\/product\/keyence-gt2-71n\/#primaryimage"},"image":{"@id":"https:\/\/sipin.com.vn\/index.php\/product\/keyence-gt2-71n\/#primaryimage"},"thumbnailUrl":"https:\/\/sipin.com.vn\/wp-content\/uploads\/2024\/07\/GT2-71N.png","datePublished":"2024-07-06T22:01:03+00:00","dateModified":"2024-07-14T22:35:42+00:00","description":"GT2-71N - c\u1ea3m bi\u1ebfn, lo\u1ea1i thanh ngang (DIN-rail)","breadcrumb":{"@id":"https:\/\/sipin.com.vn\/index.php\/product\/keyence-gt2-71n\/#breadcrumb"},"inLanguage":"vi","potentialAction":[{"@type":"ReadAction","target":["https:\/\/sipin.com.vn\/index.php\/product\/keyence-gt2-71n\/"]}]},{"@type":"ImageObject","inLanguage":"vi","@id":"https:\/\/sipin.com.vn\/index.php\/product\/keyence-gt2-71n\/#primaryimage","url":"https:\/\/sipin.com.vn\/wp-content\/uploads\/2024\/07\/GT2-71N.png","contentUrl":"https:\/\/sipin.com.vn\/wp-content\/uploads\/2024\/07\/GT2-71N.png","width":476,"height":561},{"@type":"BreadcrumbList","@id":"https:\/\/sipin.com.vn\/index.php\/product\/keyence-gt2-71n\/#breadcrumb","itemListElement":[{"@type":"ListItem","position":1,"name":"Home","item":"https:\/\/sipin.com.vn\/"},{"@type":"ListItem","position":2,"name":"S\u1ea2N PH\u1ea8M","item":"https:\/\/sipin.com.vn\/index.php\/cua-hang\/"},{"@type":"ListItem","position":3,"name":"KEYENCE GT2-71N"}]},{"@type":"WebSite","@id":"https:\/\/sipin.com.vn\/#website","url":"https:\/\/sipin.com.vn\/","name":"OMANI VI\u1ec6T NAM","description":"Nh\u00e0 ph\u00e2n ph\u1ed1i thi\u1ebft b\u1ecb kh\u00ed n\u00e9n v\u00e0 thi\u1ebft b\u1ecb t\u1ef1 \u0111\u1ed9ng h\u00f3a trong c\u00f4ng nghi\u1ec7p","publisher":{"@id":"https:\/\/sipin.com.vn\/#\/schema\/person\/0ad398a980dc3fd696111c2c5c8fa897"},"potentialAction":[{"@type":"SearchAction","target":{"@type":"EntryPoint","urlTemplate":"https:\/\/sipin.com.vn\/?s={search_term_string}"},"query-input":"required name=search_term_string"}],"inLanguage":"vi"},{"@type":["Person","Organization"],"@id":"https:\/\/sipin.com.vn\/#\/schema\/person\/0ad398a980dc3fd696111c2c5c8fa897","name":"Nguy\u1ec5n V\u0103n Kh\u00e1nh","image":{"@type":"ImageObject","inLanguage":"vi","@id":"https:\/\/sipin.com.vn\/#\/schema\/person\/image\/","url":"https:\/\/sipin.com.vn\/wp-content\/uploads\/2024\/06\/logo-1024x1024.png","contentUrl":"https:\/\/sipin.com.vn\/wp-content\/uploads\/2024\/06\/logo-1024x1024.png","width":1024,"height":1024,"caption":"Nguy\u1ec5n V\u0103n Kh\u00e1nh"},"logo":{"@id":"https:\/\/sipin.com.vn\/#\/schema\/person\/image\/"},"sameAs":["https:\/\/sipin.com.vn"]}]}},"_links":{"self":[{"href":"https:\/\/sipin.com.vn\/index.php\/wp-json\/wp\/v2\/product\/1025","targetHints":{"allow":["GET"]}}],"collection":[{"href":"https:\/\/sipin.com.vn\/index.php\/wp-json\/wp\/v2\/product"}],"about":[{"href":"https:\/\/sipin.com.vn\/index.php\/wp-json\/wp\/v2\/types\/product"}],"replies":[{"embeddable":true,"href":"https:\/\/sipin.com.vn\/index.php\/wp-json\/wp\/v2\/comments?post=1025"}],"wp:featuredmedia":[{"embeddable":true,"href":"https:\/\/sipin.com.vn\/index.php\/wp-json\/wp\/v2\/media\/1026"}],"wp:attachment":[{"href":"https:\/\/sipin.com.vn\/index.php\/wp-json\/wp\/v2\/media?parent=1025"}],"wp:term":[{"taxonomy":"product_cat","embeddable":true,"href":"https:\/\/sipin.com.vn\/index.php\/wp-json\/wp\/v2\/product_cat?post=1025"},{"taxonomy":"product_tag","embeddable":true,"href":"https:\/\/sipin.com.vn\/index.php\/wp-json\/wp\/v2\/product_tag?post=1025"}],"curies":[{"name":"wp","href":"https:\/\/api.w.org\/{rel}","templated":true}]}}