{"id":1017,"date":"2024-07-06T05:35:44","date_gmt":"2024-07-05T22:35:44","guid":{"rendered":"https:\/\/omanivietnam.com\/?post_type=product&#038;p=1017"},"modified":"2024-07-15T05:49:08","modified_gmt":"2024-07-14T22:49:08","slug":"keyence-lr-wa1","status":"publish","type":"product","link":"https:\/\/sipin.com.vn\/index.php\/product\/keyence-lr-wa1\/","title":{"rendered":"KEYENCE LR-WA1"},"content":{"rendered":"<p>KEYENCE LR-WA1<\/p>\n<p>KEYENCE LR-WA2<\/p>\n<p class=\"title-product item_name\">C\u1ea3m bi\u1ebfn Keyence LR-WA1<\/p>\n<p>1. C\u1ea3m bi\u1ebfn\u00a0LR-WA1:<\/p>\n<div class=\"product-summary product_description\">\n<div class=\"rte description\">\n<table class=\"specTable-stibo-3282397\" width=\"654\">\n<tbody>\n<tr class=\"specTable-row\">\n<td class=\"specTable-clm-0\" colspan=\"4\">\n<div>M\u00f4 h\u00ecnh<\/div>\n<\/td>\n<td class=\"specTable-clm-4\">\n<div>LR-WA1\u00a0<sup>* 1\u00a0<\/sup><sup>* 2<\/sup><\/div>\n<\/td>\n<\/tr>\n<tr class=\"specTable-row\">\n<td class=\"specTable-clm-0\" colspan=\"4\">\n<div>Ki\u1ec3u<\/div>\n<\/td>\n<td class=\"specTable-clm-4\">\n<div>T\u1ecfa s\u00e1ng t\u1eadp tin \u0111\u00ednh k\u00e8m<\/div>\n<\/td>\n<\/tr>\n<tr class=\"specTable-row\">\n<td class=\"specTable-clm-0\" colspan=\"4\">\n<div>v\u1eadt ch\u1ea5t<\/div>\n<\/td>\n<td class=\"specTable-clm-4\">\n<div>SUS304, PMMA, v.v.<\/div>\n<\/td>\n<\/tr>\n<tr class=\"specTable-row\">\n<td class=\"specTable-clm-0\" colspan=\"4\">\n<div>C\u00e2n n\u1eb7ng<\/div>\n<\/td>\n<td class=\"specTable-clm-4\">\n<div>Kho\u1ea3ng 5 g<\/div>\n<\/td>\n<\/tr>\n<\/tbody>\n<\/table>\n<p><sup>*1<\/sup>\u00a0Khi s\u1eed d\u1ee5ng LR-WA1 ho\u1eb7c LR-WA2, ph\u1ea1m vi ph\u00e1t hi\u1ec7n c\u00f3 th\u1ec3 b\u1ecb gi\u1ea3m \u0111i t\u00f9y theo m\u1ee5c ti\u00eau c\u00f3 \u0111\u1ed9 ph\u1ea3n x\u1ea1 th\u1ea5p. Th\u1ef1c hi\u1ec7n ki\u1ec3m tra \u0111\u1ea7y \u0111\u1ee7 trong m\u00f4i tr\u01b0\u1eddng l\u1eafp \u0111\u1eb7t th\u1ef1c t\u1ebf.<br \/>\n<sup>*2<\/sup>\u00a0Khi s\u1eed d\u1ee5ng LR-WA1 ho\u1eb7c LR-WA2, kh\u00f4ng \u0111\u00e1p \u1ee9ng \u0111\u01b0\u1ee3c ch\u1ec9 s\u1ed1 ch\u1ed1ng ch\u1ecbu th\u1eddi ti\u1ebft cho v\u1ecf b\u1ecdc (IP65\/IP67).<\/p>\n<\/div>\n<\/div>\n<p>2. C\u00e1c m\u00e3 h\u00e0ng t\u01b0\u01a1ng \u0111\u01b0\u01a1ng C\u1ea3m bi\u1ebfn LR-WA1:<\/p>\n<p>LK-G30<\/p>\n<p>LK-G30<\/p>\n<p>LK-G3000<\/p>\n<p>LK-G3000P<\/p>\n<p>LK-G3000PV<\/p>\n<p>LK-G3000V<\/p>\n<p>LK-G3001<\/p>\n<p>LK-G3001P<\/p>\n<p>LK-G3001PV<\/p>\n<p>LK-G3001V<\/p>\n<p>LK-G30H<\/p>\n<p>LK-G32<\/p>\n<p>LK-G35<\/p>\n<p>LK-G35H<\/p>\n<p>LK-G37<\/p>\n<p>LK-G400<\/p>\n<p>LK-G402<\/p>\n<p>LK-G405<\/p>\n<p>LK-G407<\/p>\n<p>&nbsp;<\/p>\n<p>&nbsp;<\/p>\n","protected":false},"excerpt":{"rendered":"<p>KEYENCE LR-WA1 KEYENCE LR-WA2 C\u1ea3m bi\u1ebfn Keyence LR-WA1 1. C\u1ea3m bi\u1ebfn\u00a0LR-WA1: M\u00f4 h\u00ecnh LR-WA1\u00a0* 1\u00a0* 2 Ki\u1ec3u T\u1ecfa s\u00e1ng t\u1eadp tin \u0111\u00ednh k\u00e8m v\u1eadt ch\u1ea5t SUS304, PMMA, v.v. C\u00e2n n\u1eb7ng Kho\u1ea3ng 5 g *1\u00a0Khi s\u1eed d\u1ee5ng LR-WA1 ho\u1eb7c LR-WA2, ph\u1ea1m vi ph\u00e1t hi\u1ec7n c\u00f3 th\u1ec3 b\u1ecb gi\u1ea3m \u0111i t\u00f9y theo&hellip; <\/p>\n","protected":false},"featured_media":1018,"comment_status":"open","ping_status":"closed","template":"","meta":{"om_disable_all_campaigns":false,"_monsterinsights_skip_tracking":false,"_monsterinsights_sitenote_active":false,"_monsterinsights_sitenote_note":"","_monsterinsights_sitenote_category":0},"product_cat":[15],"product_tag":[114,115,113],"class_list":{"0":"post-1017","1":"product","2":"type-product","3":"status-publish","4":"has-post-thumbnail","6":"product_cat-apex","7":"product_tag-dai-ly-keyence-viet-nam","8":"product_tag-ga","9":"product_tag-keyence-viet-nam","11":"first","12":"instock","13":"shipping-taxable","14":"product-type-simple"},"aioseo_notices":[],"yoast_head":"<!-- This site is optimized with the Yoast SEO plugin v22.8 - https:\/\/yoast.com\/wordpress\/plugins\/seo\/ -->\n<title>KEYENCE LR-WA1 - OMANI VI\u1ec6T NAM<\/title>\n<meta name=\"description\" content=\"V\u1ecf b\u1ea3o v\u1ec7 c\u1ea3m bi\u1ebfn Keyence LR-WA1\" \/>\n<meta name=\"robots\" content=\"index, follow, max-snippet:-1, max-image-preview:large, max-video-preview:-1\" \/>\n<link rel=\"canonical\" href=\"https:\/\/sipin.com.vn\/index.php\/product\/keyence-lr-wa1\/\" \/>\n<meta property=\"og:locale\" content=\"vi_VN\" \/>\n<meta property=\"og:type\" content=\"article\" \/>\n<meta property=\"og:title\" content=\"KEYENCE LR-WA1 - OMANI VI\u1ec6T NAM\" \/>\n<meta property=\"og:description\" content=\"V\u1ecf b\u1ea3o v\u1ec7 c\u1ea3m bi\u1ebfn Keyence LR-WA1\" \/>\n<meta property=\"og:url\" content=\"https:\/\/sipin.com.vn\/index.php\/product\/keyence-lr-wa1\/\" \/>\n<meta property=\"og:site_name\" content=\"OMANI VI\u1ec6T NAM\" \/>\n<meta property=\"article:modified_time\" content=\"2024-07-14T22:49:08+00:00\" \/>\n<meta property=\"og:image\" content=\"https:\/\/sipin.com.vn\/wp-content\/uploads\/2024\/07\/LR-WA1.png\" \/>\n\t<meta property=\"og:image:width\" content=\"616\" \/>\n\t<meta property=\"og:image:height\" content=\"485\" \/>\n\t<meta property=\"og:image:type\" content=\"image\/png\" \/>\n<meta name=\"twitter:card\" content=\"summary_large_image\" \/>\n<meta name=\"twitter:label1\" content=\"\u01af\u1edbc t\u00ednh th\u1eddi gian \u0111\u1ecdc\" \/>\n\t<meta name=\"twitter:data1\" content=\"1 ph\u00fat\" \/>\n<script type=\"application\/ld+json\" class=\"yoast-schema-graph\">{\"@context\":\"https:\/\/schema.org\",\"@graph\":[{\"@type\":\"WebPage\",\"@id\":\"https:\/\/sipin.com.vn\/index.php\/product\/keyence-lr-wa1\/\",\"url\":\"https:\/\/sipin.com.vn\/index.php\/product\/keyence-lr-wa1\/\",\"name\":\"KEYENCE LR-WA1 - OMANI VI\u1ec6T NAM\",\"isPartOf\":{\"@id\":\"https:\/\/sipin.com.vn\/#website\"},\"primaryImageOfPage\":{\"@id\":\"https:\/\/sipin.com.vn\/index.php\/product\/keyence-lr-wa1\/#primaryimage\"},\"image\":{\"@id\":\"https:\/\/sipin.com.vn\/index.php\/product\/keyence-lr-wa1\/#primaryimage\"},\"thumbnailUrl\":\"https:\/\/sipin.com.vn\/wp-content\/uploads\/2024\/07\/LR-WA1.png\",\"datePublished\":\"2024-07-05T22:35:44+00:00\",\"dateModified\":\"2024-07-14T22:49:08+00:00\",\"description\":\"V\u1ecf b\u1ea3o v\u1ec7 c\u1ea3m bi\u1ebfn Keyence LR-WA1\",\"breadcrumb\":{\"@id\":\"https:\/\/sipin.com.vn\/index.php\/product\/keyence-lr-wa1\/#breadcrumb\"},\"inLanguage\":\"vi\",\"potentialAction\":[{\"@type\":\"ReadAction\",\"target\":[\"https:\/\/sipin.com.vn\/index.php\/product\/keyence-lr-wa1\/\"]}]},{\"@type\":\"ImageObject\",\"inLanguage\":\"vi\",\"@id\":\"https:\/\/sipin.com.vn\/index.php\/product\/keyence-lr-wa1\/#primaryimage\",\"url\":\"https:\/\/sipin.com.vn\/wp-content\/uploads\/2024\/07\/LR-WA1.png\",\"contentUrl\":\"https:\/\/sipin.com.vn\/wp-content\/uploads\/2024\/07\/LR-WA1.png\",\"width\":616,\"height\":485},{\"@type\":\"BreadcrumbList\",\"@id\":\"https:\/\/sipin.com.vn\/index.php\/product\/keyence-lr-wa1\/#breadcrumb\",\"itemListElement\":[{\"@type\":\"ListItem\",\"position\":1,\"name\":\"Home\",\"item\":\"https:\/\/sipin.com.vn\/\"},{\"@type\":\"ListItem\",\"position\":2,\"name\":\"S\u1ea2N PH\u1ea8M\",\"item\":\"https:\/\/sipin.com.vn\/index.php\/cua-hang\/\"},{\"@type\":\"ListItem\",\"position\":3,\"name\":\"KEYENCE LR-WA1\"}]},{\"@type\":\"WebSite\",\"@id\":\"https:\/\/sipin.com.vn\/#website\",\"url\":\"https:\/\/sipin.com.vn\/\",\"name\":\"OMANI VI\u1ec6T NAM\",\"description\":\"Nh\u00e0 ph\u00e2n ph\u1ed1i thi\u1ebft b\u1ecb kh\u00ed n\u00e9n v\u00e0 thi\u1ebft b\u1ecb t\u1ef1 \u0111\u1ed9ng h\u00f3a trong c\u00f4ng nghi\u1ec7p\",\"publisher\":{\"@id\":\"https:\/\/sipin.com.vn\/#\/schema\/person\/0ad398a980dc3fd696111c2c5c8fa897\"},\"potentialAction\":[{\"@type\":\"SearchAction\",\"target\":{\"@type\":\"EntryPoint\",\"urlTemplate\":\"https:\/\/sipin.com.vn\/?s={search_term_string}\"},\"query-input\":\"required name=search_term_string\"}],\"inLanguage\":\"vi\"},{\"@type\":[\"Person\",\"Organization\"],\"@id\":\"https:\/\/sipin.com.vn\/#\/schema\/person\/0ad398a980dc3fd696111c2c5c8fa897\",\"name\":\"Nguy\u1ec5n V\u0103n Kh\u00e1nh\",\"image\":{\"@type\":\"ImageObject\",\"inLanguage\":\"vi\",\"@id\":\"https:\/\/sipin.com.vn\/#\/schema\/person\/image\/\",\"url\":\"https:\/\/sipin.com.vn\/wp-content\/uploads\/2024\/06\/logo-1024x1024.png\",\"contentUrl\":\"https:\/\/sipin.com.vn\/wp-content\/uploads\/2024\/06\/logo-1024x1024.png\",\"width\":1024,\"height\":1024,\"caption\":\"Nguy\u1ec5n V\u0103n Kh\u00e1nh\"},\"logo\":{\"@id\":\"https:\/\/sipin.com.vn\/#\/schema\/person\/image\/\"},\"sameAs\":[\"https:\/\/sipin.com.vn\"]}]}<\/script>\n<!-- \/ Yoast SEO plugin. -->","yoast_head_json":{"title":"KEYENCE LR-WA1 - OMANI VI\u1ec6T NAM","description":"V\u1ecf b\u1ea3o v\u1ec7 c\u1ea3m bi\u1ebfn Keyence LR-WA1","robots":{"index":"index","follow":"follow","max-snippet":"max-snippet:-1","max-image-preview":"max-image-preview:large","max-video-preview":"max-video-preview:-1"},"canonical":"https:\/\/sipin.com.vn\/index.php\/product\/keyence-lr-wa1\/","og_locale":"vi_VN","og_type":"article","og_title":"KEYENCE LR-WA1 - OMANI VI\u1ec6T NAM","og_description":"V\u1ecf b\u1ea3o v\u1ec7 c\u1ea3m bi\u1ebfn Keyence LR-WA1","og_url":"https:\/\/sipin.com.vn\/index.php\/product\/keyence-lr-wa1\/","og_site_name":"OMANI VI\u1ec6T NAM","article_modified_time":"2024-07-14T22:49:08+00:00","og_image":[{"width":616,"height":485,"url":"https:\/\/sipin.com.vn\/wp-content\/uploads\/2024\/07\/LR-WA1.png","type":"image\/png"}],"twitter_card":"summary_large_image","twitter_misc":{"\u01af\u1edbc t\u00ednh th\u1eddi gian \u0111\u1ecdc":"1 ph\u00fat"},"schema":{"@context":"https:\/\/schema.org","@graph":[{"@type":"WebPage","@id":"https:\/\/sipin.com.vn\/index.php\/product\/keyence-lr-wa1\/","url":"https:\/\/sipin.com.vn\/index.php\/product\/keyence-lr-wa1\/","name":"KEYENCE LR-WA1 - OMANI VI\u1ec6T NAM","isPartOf":{"@id":"https:\/\/sipin.com.vn\/#website"},"primaryImageOfPage":{"@id":"https:\/\/sipin.com.vn\/index.php\/product\/keyence-lr-wa1\/#primaryimage"},"image":{"@id":"https:\/\/sipin.com.vn\/index.php\/product\/keyence-lr-wa1\/#primaryimage"},"thumbnailUrl":"https:\/\/sipin.com.vn\/wp-content\/uploads\/2024\/07\/LR-WA1.png","datePublished":"2024-07-05T22:35:44+00:00","dateModified":"2024-07-14T22:49:08+00:00","description":"V\u1ecf b\u1ea3o v\u1ec7 c\u1ea3m bi\u1ebfn Keyence LR-WA1","breadcrumb":{"@id":"https:\/\/sipin.com.vn\/index.php\/product\/keyence-lr-wa1\/#breadcrumb"},"inLanguage":"vi","potentialAction":[{"@type":"ReadAction","target":["https:\/\/sipin.com.vn\/index.php\/product\/keyence-lr-wa1\/"]}]},{"@type":"ImageObject","inLanguage":"vi","@id":"https:\/\/sipin.com.vn\/index.php\/product\/keyence-lr-wa1\/#primaryimage","url":"https:\/\/sipin.com.vn\/wp-content\/uploads\/2024\/07\/LR-WA1.png","contentUrl":"https:\/\/sipin.com.vn\/wp-content\/uploads\/2024\/07\/LR-WA1.png","width":616,"height":485},{"@type":"BreadcrumbList","@id":"https:\/\/sipin.com.vn\/index.php\/product\/keyence-lr-wa1\/#breadcrumb","itemListElement":[{"@type":"ListItem","position":1,"name":"Home","item":"https:\/\/sipin.com.vn\/"},{"@type":"ListItem","position":2,"name":"S\u1ea2N PH\u1ea8M","item":"https:\/\/sipin.com.vn\/index.php\/cua-hang\/"},{"@type":"ListItem","position":3,"name":"KEYENCE LR-WA1"}]},{"@type":"WebSite","@id":"https:\/\/sipin.com.vn\/#website","url":"https:\/\/sipin.com.vn\/","name":"OMANI VI\u1ec6T NAM","description":"Nh\u00e0 ph\u00e2n ph\u1ed1i thi\u1ebft b\u1ecb kh\u00ed n\u00e9n v\u00e0 thi\u1ebft b\u1ecb t\u1ef1 \u0111\u1ed9ng h\u00f3a trong c\u00f4ng nghi\u1ec7p","publisher":{"@id":"https:\/\/sipin.com.vn\/#\/schema\/person\/0ad398a980dc3fd696111c2c5c8fa897"},"potentialAction":[{"@type":"SearchAction","target":{"@type":"EntryPoint","urlTemplate":"https:\/\/sipin.com.vn\/?s={search_term_string}"},"query-input":"required name=search_term_string"}],"inLanguage":"vi"},{"@type":["Person","Organization"],"@id":"https:\/\/sipin.com.vn\/#\/schema\/person\/0ad398a980dc3fd696111c2c5c8fa897","name":"Nguy\u1ec5n V\u0103n Kh\u00e1nh","image":{"@type":"ImageObject","inLanguage":"vi","@id":"https:\/\/sipin.com.vn\/#\/schema\/person\/image\/","url":"https:\/\/sipin.com.vn\/wp-content\/uploads\/2024\/06\/logo-1024x1024.png","contentUrl":"https:\/\/sipin.com.vn\/wp-content\/uploads\/2024\/06\/logo-1024x1024.png","width":1024,"height":1024,"caption":"Nguy\u1ec5n V\u0103n Kh\u00e1nh"},"logo":{"@id":"https:\/\/sipin.com.vn\/#\/schema\/person\/image\/"},"sameAs":["https:\/\/sipin.com.vn"]}]}},"_links":{"self":[{"href":"https:\/\/sipin.com.vn\/index.php\/wp-json\/wp\/v2\/product\/1017","targetHints":{"allow":["GET"]}}],"collection":[{"href":"https:\/\/sipin.com.vn\/index.php\/wp-json\/wp\/v2\/product"}],"about":[{"href":"https:\/\/sipin.com.vn\/index.php\/wp-json\/wp\/v2\/types\/product"}],"replies":[{"embeddable":true,"href":"https:\/\/sipin.com.vn\/index.php\/wp-json\/wp\/v2\/comments?post=1017"}],"wp:featuredmedia":[{"embeddable":true,"href":"https:\/\/sipin.com.vn\/index.php\/wp-json\/wp\/v2\/media\/1018"}],"wp:attachment":[{"href":"https:\/\/sipin.com.vn\/index.php\/wp-json\/wp\/v2\/media?parent=1017"}],"wp:term":[{"taxonomy":"product_cat","embeddable":true,"href":"https:\/\/sipin.com.vn\/index.php\/wp-json\/wp\/v2\/product_cat?post=1017"},{"taxonomy":"product_tag","embeddable":true,"href":"https:\/\/sipin.com.vn\/index.php\/wp-json\/wp\/v2\/product_tag?post=1017"}],"curies":[{"name":"wp","href":"https:\/\/api.w.org\/{rel}","templated":true}]}}