{"id":1015,"date":"2024-07-06T05:20:55","date_gmt":"2024-07-05T22:20:55","guid":{"rendered":"https:\/\/omanivietnam.com\/?post_type=product&#038;p=1015"},"modified":"2025-04-22T21:27:36","modified_gmt":"2025-04-22T14:27:36","slug":"fonray-fprc506","status":"publish","type":"product","link":"https:\/\/sipin.com.vn\/index.php\/product\/fonray-fprc506\/","title":{"rendered":"FONRAY FPRC506"},"content":{"rendered":"<p>FONRAY FPRC506<\/p>\n<p>FONRAY FPRC110<\/p>\n<p>FONRAY FPRC506<\/p>\n<p>Specifications<\/p>\n<div class=\"autoflow\">\n<table class=\"product-space\" border=\"0\" cellspacing=\"0\" cellpadding=\"0\">\n<tbody>\n<tr>\n<th rowspan=\"2\">MODEL<\/th>\n<th colspan=\"2\">PRESSURE RANGE<br \/>\n( BAR \uff09<\/th>\n<th colspan=\"2\">DIFFERENTIAL<br \/>\n( BAR \uff09<\/th>\n<th colspan=\"2\">FACTORY SETTING<br \/>\n( BAR \uff09<\/th>\n<th rowspan=\"2\">MAX. BELLOWS<br \/>\nPRESS.<br \/>\n(BAR)<\/th>\n<\/tr>\n<tr>\n<th>MIN.<\/th>\n<th>MAX.<\/th>\n<th>MIN.<\/th>\n<th>MAX.<\/th>\n<th>OFF<\/th>\n<th>ON<\/th>\n<\/tr>\n<tr>\n<td>FPRC506<\/td>\n<td>-0.7kg<\/td>\n<td>6kg<\/td>\n<td>0.6kg<\/td>\n<td>4Kg<\/td>\n<td>3\u00b1-0.01kg<\/td>\n<td>2\u00b10.01kg<\/td>\n<td rowspan=\"3\">16.5kg<\/td>\n<\/tr>\n<tr>\n<td>FPRC506M<\/td>\n<td>-0.7kg<\/td>\n<td>6kg<\/td>\n<td colspan=\"2\">Duplicate Voltage Disparity \u2264 4kg<\/td>\n<td>3\u00b10.01kg<\/td>\n<td>Maunal Reset<\/td>\n<\/tr>\n<tr>\n<td>FPRC110<\/td>\n<td>1kg<\/td>\n<td>10kg<\/td>\n<td>1kg<\/td>\n<td>3kg<\/td>\n<td>6\u00b10.01kg<\/td>\n<td>5\u00b10.01kg<\/td>\n<\/tr>\n<\/tbody>\n<\/table>\n<p>Xy lanh<br \/>\nModel: ASC40x200<br \/>\nBrand: Fonray<\/p>\n<p>Cylinder Model: FA16-M25 Brand: Fonray<\/p>\n<p>Cylinder<br \/>\nModel: FA16-M100<br \/>\nBrand: Fonray<\/p>\n<p>Cylinder<br \/>\nModel: ASC-100M125<\/p>\n<p>Xi lanh<br \/>\nModel: ASC-100M125<br \/>\nBrand: Fonray<\/p>\n<\/div>\n<p>\u0110\u1ea1i l\u00fd FONRAY vietnam, FONRAY viet nam, FONRAY vietnam distributor, Ph\u00e2n ph\u1ed1i FONRAY t\u1ea1i vi\u1ec7t nam<\/p>\n<p>\u0110\u1ea1i l\u00fd FONRAY vietnam, FONRAY viet nam, FONRAY vietnam distributor, Ph\u00e2n ph\u1ed1i FONRAY t\u1ea1i vi\u1ec7t nam<\/p>\n<p>\u0110\u1ea1i l\u00fd FONRAY vietnam, FONRAY viet nam, FONRAY vietnam distributor, Ph\u00e2n ph\u1ed1i FONRAY t\u1ea1i vi\u1ec7t nam<\/p>\n<p>\u0110\u1ea1i l\u00fd FONRAY vietnam, FONRAY viet nam, FONRAY vietnam distributor, Ph\u00e2n ph\u1ed1i FONRAY t\u1ea1i vi\u1ec7t nam<\/p>\n<p>\u0110\u1ea1i l\u00fd FONRAY vietnam, FONRAY viet nam, FONRAY vietnam distributor, Ph\u00e2n ph\u1ed1i FONRAY t\u1ea1i vi\u1ec7t nam<\/p>\n","protected":false},"excerpt":{"rendered":"<p>FONRAY FPRC506 FONRAY FPRC110 FONRAY FPRC506 Specifications MODEL PRESSURE RANGE ( BAR \uff09 DIFFERENTIAL ( BAR \uff09 FACTORY SETTING ( BAR \uff09 MAX. BELLOWS PRESS. (BAR) MIN. MAX. MIN. MAX. OFF ON FPRC506 -0.7kg 6kg 0.6kg 4Kg 3\u00b1-0.01kg 2\u00b10.01kg 16.5kg FPRC506M -0.7kg 6kg Duplicate Voltage Disparity \u2264 4kg 3\u00b10.01kg Maunal&hellip; <\/p>\n","protected":false},"featured_media":1016,"comment_status":"open","ping_status":"closed","template":"","meta":{"om_disable_all_campaigns":false,"_monsterinsights_skip_tracking":false,"_monsterinsights_sitenote_active":false,"_monsterinsights_sitenote_note":"","_monsterinsights_sitenote_category":0},"product_cat":[15],"product_tag":[88,273,272],"class_list":{"0":"post-1015","1":"product","2":"type-product","3":"status-publish","4":"has-post-thumbnail","6":"product_cat-apex","7":"product_tag-cam-bien","8":"product_tag-dai-ly-fonray-viet-nam","9":"product_tag-fonray-viet-nam","11":"first","12":"instock","13":"shipping-taxable","14":"product-type-simple"},"aioseo_notices":[],"yoast_head":"<!-- This site is optimized with the Yoast SEO plugin v22.8 - https:\/\/yoast.com\/wordpress\/plugins\/seo\/ -->\n<title>FONRAY FPRC506 - OMANI VI\u1ec6T NAM<\/title>\n<meta name=\"description\" content=\"FONRAY FPRC506 Pressure Switch\" \/>\n<meta name=\"robots\" content=\"index, follow, max-snippet:-1, max-image-preview:large, max-video-preview:-1\" \/>\n<link rel=\"canonical\" href=\"https:\/\/sipin.com.vn\/index.php\/product\/fonray-fprc506\/\" \/>\n<meta property=\"og:locale\" content=\"vi_VN\" \/>\n<meta property=\"og:type\" content=\"article\" \/>\n<meta property=\"og:title\" content=\"FONRAY FPRC506 - OMANI VI\u1ec6T NAM\" \/>\n<meta property=\"og:description\" content=\"FONRAY FPRC506 Pressure Switch\" \/>\n<meta property=\"og:url\" content=\"https:\/\/sipin.com.vn\/index.php\/product\/fonray-fprc506\/\" \/>\n<meta property=\"og:site_name\" content=\"OMANI VI\u1ec6T NAM\" \/>\n<meta property=\"article:modified_time\" content=\"2025-04-22T14:27:36+00:00\" \/>\n<meta property=\"og:image\" content=\"https:\/\/sipin.com.vn\/wp-content\/uploads\/2024\/07\/FPRC506.png\" \/>\n\t<meta property=\"og:image:width\" content=\"673\" \/>\n\t<meta property=\"og:image:height\" content=\"309\" \/>\n\t<meta property=\"og:image:type\" content=\"image\/png\" \/>\n<meta name=\"twitter:card\" content=\"summary_large_image\" \/>\n<meta name=\"twitter:label1\" content=\"\u01af\u1edbc t\u00ednh th\u1eddi gian \u0111\u1ecdc\" \/>\n\t<meta name=\"twitter:data1\" content=\"2 ph\u00fat\" \/>\n<script type=\"application\/ld+json\" class=\"yoast-schema-graph\">{\"@context\":\"https:\/\/schema.org\",\"@graph\":[{\"@type\":\"WebPage\",\"@id\":\"https:\/\/sipin.com.vn\/index.php\/product\/fonray-fprc506\/\",\"url\":\"https:\/\/sipin.com.vn\/index.php\/product\/fonray-fprc506\/\",\"name\":\"FONRAY FPRC506 - OMANI VI\u1ec6T NAM\",\"isPartOf\":{\"@id\":\"https:\/\/sipin.com.vn\/#website\"},\"primaryImageOfPage\":{\"@id\":\"https:\/\/sipin.com.vn\/index.php\/product\/fonray-fprc506\/#primaryimage\"},\"image\":{\"@id\":\"https:\/\/sipin.com.vn\/index.php\/product\/fonray-fprc506\/#primaryimage\"},\"thumbnailUrl\":\"https:\/\/sipin.com.vn\/wp-content\/uploads\/2024\/07\/FPRC506.png\",\"datePublished\":\"2024-07-05T22:20:55+00:00\",\"dateModified\":\"2025-04-22T14:27:36+00:00\",\"description\":\"FONRAY FPRC506 Pressure Switch\",\"breadcrumb\":{\"@id\":\"https:\/\/sipin.com.vn\/index.php\/product\/fonray-fprc506\/#breadcrumb\"},\"inLanguage\":\"vi\",\"potentialAction\":[{\"@type\":\"ReadAction\",\"target\":[\"https:\/\/sipin.com.vn\/index.php\/product\/fonray-fprc506\/\"]}]},{\"@type\":\"ImageObject\",\"inLanguage\":\"vi\",\"@id\":\"https:\/\/sipin.com.vn\/index.php\/product\/fonray-fprc506\/#primaryimage\",\"url\":\"https:\/\/sipin.com.vn\/wp-content\/uploads\/2024\/07\/FPRC506.png\",\"contentUrl\":\"https:\/\/sipin.com.vn\/wp-content\/uploads\/2024\/07\/FPRC506.png\",\"width\":673,\"height\":309},{\"@type\":\"BreadcrumbList\",\"@id\":\"https:\/\/sipin.com.vn\/index.php\/product\/fonray-fprc506\/#breadcrumb\",\"itemListElement\":[{\"@type\":\"ListItem\",\"position\":1,\"name\":\"Home\",\"item\":\"https:\/\/sipin.com.vn\/\"},{\"@type\":\"ListItem\",\"position\":2,\"name\":\"S\u1ea2N PH\u1ea8M\",\"item\":\"https:\/\/sipin.com.vn\/index.php\/cua-hang\/\"},{\"@type\":\"ListItem\",\"position\":3,\"name\":\"FONRAY FPRC506\"}]},{\"@type\":\"WebSite\",\"@id\":\"https:\/\/sipin.com.vn\/#website\",\"url\":\"https:\/\/sipin.com.vn\/\",\"name\":\"OMANI VI\u1ec6T NAM\",\"description\":\"Nh\u00e0 ph\u00e2n ph\u1ed1i thi\u1ebft b\u1ecb kh\u00ed n\u00e9n v\u00e0 thi\u1ebft b\u1ecb t\u1ef1 \u0111\u1ed9ng h\u00f3a trong c\u00f4ng nghi\u1ec7p\",\"publisher\":{\"@id\":\"https:\/\/sipin.com.vn\/#\/schema\/person\/0ad398a980dc3fd696111c2c5c8fa897\"},\"potentialAction\":[{\"@type\":\"SearchAction\",\"target\":{\"@type\":\"EntryPoint\",\"urlTemplate\":\"https:\/\/sipin.com.vn\/?s={search_term_string}\"},\"query-input\":\"required name=search_term_string\"}],\"inLanguage\":\"vi\"},{\"@type\":[\"Person\",\"Organization\"],\"@id\":\"https:\/\/sipin.com.vn\/#\/schema\/person\/0ad398a980dc3fd696111c2c5c8fa897\",\"name\":\"Nguy\u1ec5n V\u0103n Kh\u00e1nh\",\"image\":{\"@type\":\"ImageObject\",\"inLanguage\":\"vi\",\"@id\":\"https:\/\/sipin.com.vn\/#\/schema\/person\/image\/\",\"url\":\"https:\/\/sipin.com.vn\/wp-content\/uploads\/2024\/06\/logo-1024x1024.png\",\"contentUrl\":\"https:\/\/sipin.com.vn\/wp-content\/uploads\/2024\/06\/logo-1024x1024.png\",\"width\":1024,\"height\":1024,\"caption\":\"Nguy\u1ec5n V\u0103n Kh\u00e1nh\"},\"logo\":{\"@id\":\"https:\/\/sipin.com.vn\/#\/schema\/person\/image\/\"},\"sameAs\":[\"https:\/\/sipin.com.vn\"]}]}<\/script>\n<!-- \/ Yoast SEO plugin. -->","yoast_head_json":{"title":"FONRAY FPRC506 - OMANI VI\u1ec6T NAM","description":"FONRAY FPRC506 Pressure Switch","robots":{"index":"index","follow":"follow","max-snippet":"max-snippet:-1","max-image-preview":"max-image-preview:large","max-video-preview":"max-video-preview:-1"},"canonical":"https:\/\/sipin.com.vn\/index.php\/product\/fonray-fprc506\/","og_locale":"vi_VN","og_type":"article","og_title":"FONRAY FPRC506 - OMANI VI\u1ec6T NAM","og_description":"FONRAY FPRC506 Pressure Switch","og_url":"https:\/\/sipin.com.vn\/index.php\/product\/fonray-fprc506\/","og_site_name":"OMANI VI\u1ec6T NAM","article_modified_time":"2025-04-22T14:27:36+00:00","og_image":[{"width":673,"height":309,"url":"https:\/\/sipin.com.vn\/wp-content\/uploads\/2024\/07\/FPRC506.png","type":"image\/png"}],"twitter_card":"summary_large_image","twitter_misc":{"\u01af\u1edbc t\u00ednh th\u1eddi gian \u0111\u1ecdc":"2 ph\u00fat"},"schema":{"@context":"https:\/\/schema.org","@graph":[{"@type":"WebPage","@id":"https:\/\/sipin.com.vn\/index.php\/product\/fonray-fprc506\/","url":"https:\/\/sipin.com.vn\/index.php\/product\/fonray-fprc506\/","name":"FONRAY FPRC506 - OMANI VI\u1ec6T NAM","isPartOf":{"@id":"https:\/\/sipin.com.vn\/#website"},"primaryImageOfPage":{"@id":"https:\/\/sipin.com.vn\/index.php\/product\/fonray-fprc506\/#primaryimage"},"image":{"@id":"https:\/\/sipin.com.vn\/index.php\/product\/fonray-fprc506\/#primaryimage"},"thumbnailUrl":"https:\/\/sipin.com.vn\/wp-content\/uploads\/2024\/07\/FPRC506.png","datePublished":"2024-07-05T22:20:55+00:00","dateModified":"2025-04-22T14:27:36+00:00","description":"FONRAY FPRC506 Pressure Switch","breadcrumb":{"@id":"https:\/\/sipin.com.vn\/index.php\/product\/fonray-fprc506\/#breadcrumb"},"inLanguage":"vi","potentialAction":[{"@type":"ReadAction","target":["https:\/\/sipin.com.vn\/index.php\/product\/fonray-fprc506\/"]}]},{"@type":"ImageObject","inLanguage":"vi","@id":"https:\/\/sipin.com.vn\/index.php\/product\/fonray-fprc506\/#primaryimage","url":"https:\/\/sipin.com.vn\/wp-content\/uploads\/2024\/07\/FPRC506.png","contentUrl":"https:\/\/sipin.com.vn\/wp-content\/uploads\/2024\/07\/FPRC506.png","width":673,"height":309},{"@type":"BreadcrumbList","@id":"https:\/\/sipin.com.vn\/index.php\/product\/fonray-fprc506\/#breadcrumb","itemListElement":[{"@type":"ListItem","position":1,"name":"Home","item":"https:\/\/sipin.com.vn\/"},{"@type":"ListItem","position":2,"name":"S\u1ea2N PH\u1ea8M","item":"https:\/\/sipin.com.vn\/index.php\/cua-hang\/"},{"@type":"ListItem","position":3,"name":"FONRAY FPRC506"}]},{"@type":"WebSite","@id":"https:\/\/sipin.com.vn\/#website","url":"https:\/\/sipin.com.vn\/","name":"OMANI VI\u1ec6T NAM","description":"Nh\u00e0 ph\u00e2n ph\u1ed1i thi\u1ebft b\u1ecb kh\u00ed n\u00e9n v\u00e0 thi\u1ebft b\u1ecb t\u1ef1 \u0111\u1ed9ng h\u00f3a trong c\u00f4ng nghi\u1ec7p","publisher":{"@id":"https:\/\/sipin.com.vn\/#\/schema\/person\/0ad398a980dc3fd696111c2c5c8fa897"},"potentialAction":[{"@type":"SearchAction","target":{"@type":"EntryPoint","urlTemplate":"https:\/\/sipin.com.vn\/?s={search_term_string}"},"query-input":"required name=search_term_string"}],"inLanguage":"vi"},{"@type":["Person","Organization"],"@id":"https:\/\/sipin.com.vn\/#\/schema\/person\/0ad398a980dc3fd696111c2c5c8fa897","name":"Nguy\u1ec5n V\u0103n Kh\u00e1nh","image":{"@type":"ImageObject","inLanguage":"vi","@id":"https:\/\/sipin.com.vn\/#\/schema\/person\/image\/","url":"https:\/\/sipin.com.vn\/wp-content\/uploads\/2024\/06\/logo-1024x1024.png","contentUrl":"https:\/\/sipin.com.vn\/wp-content\/uploads\/2024\/06\/logo-1024x1024.png","width":1024,"height":1024,"caption":"Nguy\u1ec5n V\u0103n Kh\u00e1nh"},"logo":{"@id":"https:\/\/sipin.com.vn\/#\/schema\/person\/image\/"},"sameAs":["https:\/\/sipin.com.vn"]}]}},"_links":{"self":[{"href":"https:\/\/sipin.com.vn\/index.php\/wp-json\/wp\/v2\/product\/1015","targetHints":{"allow":["GET"]}}],"collection":[{"href":"https:\/\/sipin.com.vn\/index.php\/wp-json\/wp\/v2\/product"}],"about":[{"href":"https:\/\/sipin.com.vn\/index.php\/wp-json\/wp\/v2\/types\/product"}],"replies":[{"embeddable":true,"href":"https:\/\/sipin.com.vn\/index.php\/wp-json\/wp\/v2\/comments?post=1015"}],"wp:featuredmedia":[{"embeddable":true,"href":"https:\/\/sipin.com.vn\/index.php\/wp-json\/wp\/v2\/media\/1016"}],"wp:attachment":[{"href":"https:\/\/sipin.com.vn\/index.php\/wp-json\/wp\/v2\/media?parent=1015"}],"wp:term":[{"taxonomy":"product_cat","embeddable":true,"href":"https:\/\/sipin.com.vn\/index.php\/wp-json\/wp\/v2\/product_cat?post=1015"},{"taxonomy":"product_tag","embeddable":true,"href":"https:\/\/sipin.com.vn\/index.php\/wp-json\/wp\/v2\/product_tag?post=1015"}],"curies":[{"name":"wp","href":"https:\/\/api.w.org\/{rel}","templated":true}]}}