{"id":235,"date":"2019-03-19T06:44:04","date_gmt":"2019-03-19T06:44:04","guid":{"rendered":"https:\/\/demo.themefreesia.com\/shoppingcart\/?page_id=6"},"modified":"2024-06-14T12:07:56","modified_gmt":"2024-06-14T05:07:56","slug":"home","status":"publish","type":"page","link":"https:\/\/sipin.com.vn\/","title":{"rendered":"TRANG CH\u1ee6"},"content":{"rendered":"","protected":false},"excerpt":{"rendered":"","protected":false},"author":1,"featured_media":0,"parent":0,"menu_order":0,"comment_status":"closed","ping_status":"closed","template":"page-templates\/shoppingcart-template.php","meta":{"om_disable_all_campaigns":false,"_monsterinsights_skip_tracking":false,"_monsterinsights_sitenote_active":false,"_monsterinsights_sitenote_note":"","_monsterinsights_sitenote_category":0,"footnotes":""},"class_list":["post-235","page","type-page","status-publish","hentry"],"aioseo_notices":[],"yoast_head":"<!-- This site is optimized with the Yoast SEO plugin v22.8 - https:\/\/yoast.com\/wordpress\/plugins\/seo\/ -->\n<title>TRANG CH\u1ee6 - OMANI VI\u1ec6T NAM<\/title>\n<meta name=\"description\" content=\"C\u00f4ng ty OMANI Vi\u1ec7t Nam ( Omani Viet Nam Co., Ltd ) chuy\u00ean cung c\u1ea5p thi\u1ebft b\u1ecb xy lanh kh\u00ed n\u00e9n, t\u1ef1 \u0111\u1ed9ng h\u00f3a nh\u1eadp kh\u1ea9u t\u1eeb Trung Qu\u1ed1c , \u0110\u00e0i Loan, Nh\u1eadt B\u1ea3n...\" \/>\n<meta name=\"robots\" content=\"index, follow, max-snippet:-1, max-image-preview:large, max-video-preview:-1\" \/>\n<link rel=\"canonical\" href=\"https:\/\/sipin.com.vn\/\" \/>\n<meta property=\"og:locale\" content=\"vi_VN\" \/>\n<meta property=\"og:type\" content=\"article\" \/>\n<meta property=\"og:title\" content=\"TRANG CH\u1ee6 - OMANI VI\u1ec6T NAM\" \/>\n<meta property=\"og:description\" content=\"C\u00f4ng ty OMANI Vi\u1ec7t Nam ( Omani Viet Nam Co., Ltd ) chuy\u00ean cung c\u1ea5p thi\u1ebft b\u1ecb xy lanh kh\u00ed n\u00e9n, t\u1ef1 \u0111\u1ed9ng h\u00f3a nh\u1eadp kh\u1ea9u t\u1eeb Trung Qu\u1ed1c , \u0110\u00e0i Loan, Nh\u1eadt B\u1ea3n...\" \/>\n<meta property=\"og:url\" content=\"https:\/\/sipin.com.vn\/\" \/>\n<meta property=\"og:site_name\" content=\"OMANI VI\u1ec6T NAM\" \/>\n<meta property=\"article:modified_time\" content=\"2024-06-14T05:07:56+00:00\" \/>\n<meta name=\"twitter:card\" content=\"summary_large_image\" \/>\n<script type=\"application\/ld+json\" class=\"yoast-schema-graph\">{\"@context\":\"https:\/\/schema.org\",\"@graph\":[{\"@type\":\"WebPage\",\"@id\":\"https:\/\/sipin.com.vn\/\",\"url\":\"https:\/\/sipin.com.vn\/\",\"name\":\"TRANG CH\u1ee6 - OMANI VI\u1ec6T NAM\",\"isPartOf\":{\"@id\":\"https:\/\/sipin.com.vn\/#website\"},\"datePublished\":\"2019-03-19T06:44:04+00:00\",\"dateModified\":\"2024-06-14T05:07:56+00:00\",\"description\":\"C\u00f4ng ty OMANI Vi\u1ec7t Nam ( Omani Viet Nam Co., Ltd ) chuy\u00ean cung c\u1ea5p thi\u1ebft b\u1ecb xy lanh kh\u00ed n\u00e9n, t\u1ef1 \u0111\u1ed9ng h\u00f3a nh\u1eadp kh\u1ea9u t\u1eeb Trung Qu\u1ed1c , \u0110\u00e0i Loan, Nh\u1eadt B\u1ea3n...\",\"breadcrumb\":{\"@id\":\"https:\/\/sipin.com.vn\/#breadcrumb\"},\"inLanguage\":\"vi\",\"potentialAction\":[{\"@type\":\"ReadAction\",\"target\":[\"https:\/\/sipin.com.vn\/\"]}]},{\"@type\":\"BreadcrumbList\",\"@id\":\"https:\/\/sipin.com.vn\/#breadcrumb\",\"itemListElement\":[{\"@type\":\"ListItem\",\"position\":1,\"name\":\"Home\",\"item\":\"https:\/\/sipin.com.vn\/\"},{\"@type\":\"ListItem\",\"position\":2,\"name\":\"TRANG CH\u1ee6\"}]},{\"@type\":\"WebSite\",\"@id\":\"https:\/\/sipin.com.vn\/#website\",\"url\":\"https:\/\/sipin.com.vn\/\",\"name\":\"OMANI VI\u1ec6T NAM\",\"description\":\"Nh\u00e0 ph\u00e2n ph\u1ed1i thi\u1ebft b\u1ecb kh\u00ed n\u00e9n v\u00e0 thi\u1ebft b\u1ecb t\u1ef1 \u0111\u1ed9ng h\u00f3a trong c\u00f4ng nghi\u1ec7p\",\"publisher\":{\"@id\":\"https:\/\/sipin.com.vn\/#\/schema\/person\/0ad398a980dc3fd696111c2c5c8fa897\"},\"potentialAction\":[{\"@type\":\"SearchAction\",\"target\":{\"@type\":\"EntryPoint\",\"urlTemplate\":\"https:\/\/sipin.com.vn\/?s={search_term_string}\"},\"query-input\":\"required name=search_term_string\"}],\"inLanguage\":\"vi\"},{\"@type\":[\"Person\",\"Organization\"],\"@id\":\"https:\/\/sipin.com.vn\/#\/schema\/person\/0ad398a980dc3fd696111c2c5c8fa897\",\"name\":\"Nguy\u1ec5n V\u0103n Kh\u00e1nh\",\"image\":{\"@type\":\"ImageObject\",\"inLanguage\":\"vi\",\"@id\":\"https:\/\/sipin.com.vn\/#\/schema\/person\/image\/\",\"url\":\"https:\/\/sipin.com.vn\/wp-content\/uploads\/2024\/06\/logo-1024x1024.png\",\"contentUrl\":\"https:\/\/sipin.com.vn\/wp-content\/uploads\/2024\/06\/logo-1024x1024.png\",\"width\":1024,\"height\":1024,\"caption\":\"Nguy\u1ec5n V\u0103n Kh\u00e1nh\"},\"logo\":{\"@id\":\"https:\/\/sipin.com.vn\/#\/schema\/person\/image\/\"},\"sameAs\":[\"https:\/\/sipin.com.vn\"]}]}<\/script>\n<!-- \/ Yoast SEO plugin. -->","yoast_head_json":{"title":"TRANG CH\u1ee6 - OMANI VI\u1ec6T NAM","description":"C\u00f4ng ty OMANI Vi\u1ec7t Nam ( Omani Viet Nam Co., Ltd ) chuy\u00ean cung c\u1ea5p thi\u1ebft b\u1ecb xy lanh kh\u00ed n\u00e9n, t\u1ef1 \u0111\u1ed9ng h\u00f3a nh\u1eadp kh\u1ea9u t\u1eeb Trung Qu\u1ed1c , \u0110\u00e0i Loan, Nh\u1eadt B\u1ea3n...","robots":{"index":"index","follow":"follow","max-snippet":"max-snippet:-1","max-image-preview":"max-image-preview:large","max-video-preview":"max-video-preview:-1"},"canonical":"https:\/\/sipin.com.vn\/","og_locale":"vi_VN","og_type":"article","og_title":"TRANG CH\u1ee6 - OMANI VI\u1ec6T NAM","og_description":"C\u00f4ng ty OMANI Vi\u1ec7t Nam ( Omani Viet Nam Co., Ltd ) chuy\u00ean cung c\u1ea5p thi\u1ebft b\u1ecb xy lanh kh\u00ed n\u00e9n, t\u1ef1 \u0111\u1ed9ng h\u00f3a nh\u1eadp kh\u1ea9u t\u1eeb Trung Qu\u1ed1c , \u0110\u00e0i Loan, Nh\u1eadt B\u1ea3n...","og_url":"https:\/\/sipin.com.vn\/","og_site_name":"OMANI VI\u1ec6T NAM","article_modified_time":"2024-06-14T05:07:56+00:00","twitter_card":"summary_large_image","schema":{"@context":"https:\/\/schema.org","@graph":[{"@type":"WebPage","@id":"https:\/\/sipin.com.vn\/","url":"https:\/\/sipin.com.vn\/","name":"TRANG CH\u1ee6 - OMANI VI\u1ec6T NAM","isPartOf":{"@id":"https:\/\/sipin.com.vn\/#website"},"datePublished":"2019-03-19T06:44:04+00:00","dateModified":"2024-06-14T05:07:56+00:00","description":"C\u00f4ng ty OMANI Vi\u1ec7t Nam ( Omani Viet Nam Co., Ltd ) chuy\u00ean cung c\u1ea5p thi\u1ebft b\u1ecb xy lanh kh\u00ed n\u00e9n, t\u1ef1 \u0111\u1ed9ng h\u00f3a nh\u1eadp kh\u1ea9u t\u1eeb Trung Qu\u1ed1c , \u0110\u00e0i Loan, Nh\u1eadt B\u1ea3n...","breadcrumb":{"@id":"https:\/\/sipin.com.vn\/#breadcrumb"},"inLanguage":"vi","potentialAction":[{"@type":"ReadAction","target":["https:\/\/sipin.com.vn\/"]}]},{"@type":"BreadcrumbList","@id":"https:\/\/sipin.com.vn\/#breadcrumb","itemListElement":[{"@type":"ListItem","position":1,"name":"Home","item":"https:\/\/sipin.com.vn\/"},{"@type":"ListItem","position":2,"name":"TRANG CH\u1ee6"}]},{"@type":"WebSite","@id":"https:\/\/sipin.com.vn\/#website","url":"https:\/\/sipin.com.vn\/","name":"OMANI VI\u1ec6T NAM","description":"Nh\u00e0 ph\u00e2n ph\u1ed1i thi\u1ebft b\u1ecb kh\u00ed n\u00e9n v\u00e0 thi\u1ebft b\u1ecb t\u1ef1 \u0111\u1ed9ng h\u00f3a trong c\u00f4ng nghi\u1ec7p","publisher":{"@id":"https:\/\/sipin.com.vn\/#\/schema\/person\/0ad398a980dc3fd696111c2c5c8fa897"},"potentialAction":[{"@type":"SearchAction","target":{"@type":"EntryPoint","urlTemplate":"https:\/\/sipin.com.vn\/?s={search_term_string}"},"query-input":"required name=search_term_string"}],"inLanguage":"vi"},{"@type":["Person","Organization"],"@id":"https:\/\/sipin.com.vn\/#\/schema\/person\/0ad398a980dc3fd696111c2c5c8fa897","name":"Nguy\u1ec5n V\u0103n Kh\u00e1nh","image":{"@type":"ImageObject","inLanguage":"vi","@id":"https:\/\/sipin.com.vn\/#\/schema\/person\/image\/","url":"https:\/\/sipin.com.vn\/wp-content\/uploads\/2024\/06\/logo-1024x1024.png","contentUrl":"https:\/\/sipin.com.vn\/wp-content\/uploads\/2024\/06\/logo-1024x1024.png","width":1024,"height":1024,"caption":"Nguy\u1ec5n V\u0103n Kh\u00e1nh"},"logo":{"@id":"https:\/\/sipin.com.vn\/#\/schema\/person\/image\/"},"sameAs":["https:\/\/sipin.com.vn"]}]}},"_links":{"self":[{"href":"https:\/\/sipin.com.vn\/index.php\/wp-json\/wp\/v2\/pages\/235","targetHints":{"allow":["GET"]}}],"collection":[{"href":"https:\/\/sipin.com.vn\/index.php\/wp-json\/wp\/v2\/pages"}],"about":[{"href":"https:\/\/sipin.com.vn\/index.php\/wp-json\/wp\/v2\/types\/page"}],"author":[{"embeddable":true,"href":"https:\/\/sipin.com.vn\/index.php\/wp-json\/wp\/v2\/users\/1"}],"replies":[{"embeddable":true,"href":"https:\/\/sipin.com.vn\/index.php\/wp-json\/wp\/v2\/comments?post=235"}],"version-history":[{"count":1,"href":"https:\/\/sipin.com.vn\/index.php\/wp-json\/wp\/v2\/pages\/235\/revisions"}],"predecessor-version":[{"id":266,"href":"https:\/\/sipin.com.vn\/index.php\/wp-json\/wp\/v2\/pages\/235\/revisions\/266"}],"wp:attachment":[{"href":"https:\/\/sipin.com.vn\/index.php\/wp-json\/wp\/v2\/media?parent=235"}],"curies":[{"name":"wp","href":"https:\/\/api.w.org\/{rel}","templated":true}]}}